{"id":129491,"date":"2018-10-25T17:52:38","date_gmt":"2018-10-25T17:52:38","guid":{"rendered":"https:\/\/www.trustedtranslations.com\/?page_id=129491"},"modified":"2024-09-17T18:33:29","modified_gmt":"2024-09-17T21:33:29","slug":"englisch","status":"publish","type":"page","link":"https:\/\/www.trustedtranslations.com\/de\/sprache\/englisch","title":{"rendered":"Englisch"},"content":{"rendered":"","protected":false},"excerpt":{"rendered":"","protected":false},"author":1,"featured_media":139628,"parent":129506,"menu_order":0,"comment_status":"closed","ping_status":"closed","template":"","meta":{"site-sidebar-layout":"default","site-content-layout":"default","ast-site-content-layout":"default","site-content-style":"default","site-sidebar-style":"default","ast-global-header-display":"","ast-banner-title-visibility":"","ast-main-header-display":"","ast-hfb-above-header-display":"","ast-hfb-below-header-display":"","ast-hfb-mobile-header-display":"","site-post-title":"disabled","ast-breadcrumbs-content":"","ast-featured-img":"","footer-sml-layout":"","ast-disable-related-posts":"","theme-transparent-header-meta":"default","adv-header-id-meta":"","stick-header-meta":"","header-above-stick-meta":"","header-main-stick-meta":"","header-below-stick-meta":"","astra-migrate-meta-layouts":"set","ast-page-background-enabled":"default","ast-page-background-meta":{"desktop":{"background-color":"var(--ast-global-color-4)","background-image":"","background-repeat":"repeat","background-position":"center center","background-size":"auto","background-attachment":"scroll","background-type":"","background-media":"","overlay-type":"","overlay-color":"","overlay-opacity":"","overlay-gradient":""},"tablet":{"background-color":"","background-image":"","background-repeat":"repeat","background-position":"center center","background-size":"auto","background-attachment":"scroll","background-type":"","background-media":"","overlay-type":"","overlay-color":"","overlay-opacity":"","overlay-gradient":""},"mobile":{"background-color":"","background-image":"","background-repeat":"repeat","background-position":"center center","background-size":"auto","background-attachment":"scroll","background-type":"","background-media":"","overlay-type":"","overlay-color":"","overlay-opacity":"","overlay-gradient":""}},"ast-content-background-meta":{"desktop":{"background-color":"var(--ast-global-color-5)","background-image":"","background-repeat":"repeat","background-position":"center center","background-size":"auto","background-attachment":"scroll","background-type":"","background-media":"","overlay-type":"","overlay-color":"","overlay-opacity":"","overlay-gradient":""},"tablet":{"background-color":"var(--ast-global-color-5)","background-image":"","background-repeat":"repeat","background-position":"center center","background-size":"auto","background-attachment":"scroll","background-type":"","background-media":"","overlay-type":"","overlay-color":"","overlay-opacity":"","overlay-gradient":""},"mobile":{"background-color":"var(--ast-global-color-5)","background-image":"","background-repeat":"repeat","background-position":"center center","background-size":"auto","background-attachment":"scroll","background-type":"","background-media":"","overlay-type":"","overlay-color":"","overlay-opacity":"","overlay-gradient":""}},"footnotes":""},"class_list":["post-129491","page","type-page","status-publish","has-post-thumbnail","hentry"],"yoast_head":"<!-- This site is optimized with the Yoast SEO plugin v27.3 - https:\/\/yoast.com\/product\/yoast-seo-wordpress\/ -->\n<title>\u00dcbersetzungsdienstleistungen f\u00fcr die englische Sprache - Trusted Translations, Inc.<\/title>\n<meta name=\"description\" content=\"Professionelle \u00dcbersetzungsdienstleistungen in die englische und aus der englischen Sprache von erfahrenen \u00dcbersetzerteams f\u00fcr Englisch zu den besten Preisen. Fordern Sie ein kostenloses Angebot an oder beraten Sie sich mit einem unserer Experten.\" \/>\n<meta name=\"robots\" content=\"index, follow, max-snippet:-1, max-image-preview:large, max-video-preview:-1\" \/>\n<link rel=\"canonical\" href=\"https:\/\/www.trustedtranslations.com\/de\/sprache\/englisch\" \/>\n<meta property=\"og:locale\" content=\"de_DE\" \/>\n<meta property=\"og:type\" content=\"article\" \/>\n<meta property=\"og:title\" content=\"\u00dcbersetzungsdienstleistungen f\u00fcr die englische Sprache - Trusted Translations, Inc.\" \/>\n<meta property=\"og:description\" content=\"Professionelle \u00dcbersetzungsdienstleistungen in die englische und aus der englischen Sprache von erfahrenen \u00dcbersetzerteams f\u00fcr Englisch zu den besten Preisen. Fordern Sie ein kostenloses Angebot an oder beraten Sie sich mit einem unserer Experten.\" \/>\n<meta property=\"og:url\" content=\"https:\/\/www.trustedtranslations.com\/de\/sprache\/englisch\" \/>\n<meta property=\"og:site_name\" content=\"Trusted Translations, Inc.\" \/>\n<meta property=\"article:publisher\" content=\"https:\/\/www.facebook.com\/Trusted.Translations\" \/>\n<meta property=\"article:modified_time\" content=\"2024-09-17T21:33:29+00:00\" \/>\n<meta property=\"og:image\" content=\"https:\/\/static.trustedtranslations.com\/wp-content\/uploads\/2022\/03\/TT_NEW_FB-1.png\" \/>\n\t<meta property=\"og:image:width\" content=\"1038\" \/>\n\t<meta property=\"og:image:height\" content=\"1038\" \/>\n\t<meta property=\"og:image:type\" content=\"image\/png\" \/>\n<meta name=\"twitter:card\" content=\"summary_large_image\" \/>\n<meta name=\"twitter:site\" content=\"@TrustedT9ns\" \/>\n<script type=\"application\/ld+json\" class=\"yoast-schema-graph\">{\"@context\":\"https:\\\/\\\/schema.org\",\"@graph\":[{\"@type\":\"WebPage\",\"@id\":\"https:\\\/\\\/www.trustedtranslations.com\\\/de\\\/sprache\\\/englisch\",\"url\":\"https:\\\/\\\/www.trustedtranslations.com\\\/de\\\/sprache\\\/englisch\",\"name\":\"\u00dcbersetzungsdienstleistungen f\u00fcr die englische Sprache - Trusted Translations, Inc.\",\"isPartOf\":{\"@id\":\"https:\\\/\\\/www.trustedtranslations.com\\\/de\\\/#website\"},\"primaryImageOfPage\":{\"@id\":\"https:\\\/\\\/www.trustedtranslations.com\\\/de\\\/sprache\\\/englisch#primaryimage\"},\"image\":{\"@id\":\"https:\\\/\\\/www.trustedtranslations.com\\\/de\\\/sprache\\\/englisch#primaryimage\"},\"thumbnailUrl\":\"https:\\\/\\\/www.trustedtranslations.com\\\/wp-content\\\/uploads\\\/2022\\\/03\\\/TT_NEW_FB-1.png\",\"description\":\"Professionelle \u00dcbersetzungsdienstleistungen in die englische und aus der englischen Sprache von erfahrenen \u00dcbersetzerteams f\u00fcr Englisch zu den besten Preisen. Fordern Sie ein kostenloses Angebot an oder beraten Sie sich mit einem unserer Experten.\",\"breadcrumb\":{\"@id\":\"https:\\\/\\\/www.trustedtranslations.com\\\/de\\\/sprache\\\/englisch#breadcrumb\"},\"inLanguage\":\"de\",\"potentialAction\":[{\"@type\":\"ReadAction\",\"target\":[\"https:\\\/\\\/www.trustedtranslations.com\\\/de\\\/sprache\\\/englisch\"]}]},{\"@type\":\"ImageObject\",\"inLanguage\":\"de\",\"@id\":\"https:\\\/\\\/www.trustedtranslations.com\\\/de\\\/sprache\\\/englisch#primaryimage\",\"url\":\"https:\\\/\\\/www.trustedtranslations.com\\\/wp-content\\\/uploads\\\/2022\\\/03\\\/TT_NEW_FB-1.png\",\"contentUrl\":\"https:\\\/\\\/www.trustedtranslations.com\\\/wp-content\\\/uploads\\\/2022\\\/03\\\/TT_NEW_FB-1.png\",\"width\":1038,\"height\":1038,\"caption\":\"TT NEW FB 1\"},{\"@type\":\"BreadcrumbList\",\"@id\":\"https:\\\/\\\/www.trustedtranslations.com\\\/de\\\/sprache\\\/englisch#breadcrumb\",\"itemListElement\":[{\"@type\":\"ListItem\",\"position\":1,\"name\":\"Home\",\"item\":\"https:\\\/\\\/www.trustedtranslations.com\\\/de\"},{\"@type\":\"ListItem\",\"position\":2,\"name\":\"Sprachen\",\"item\":\"https:\\\/\\\/www.trustedtranslations.com\\\/de\\\/sprache\"},{\"@type\":\"ListItem\",\"position\":3,\"name\":\"Englisch\"}]},{\"@type\":\"WebSite\",\"@id\":\"https:\\\/\\\/www.trustedtranslations.com\\\/de\\\/#website\",\"url\":\"https:\\\/\\\/www.trustedtranslations.com\\\/de\\\/\",\"name\":\"Trusted Translations, Inc.\",\"description\":\"Leader in translation and interpretation services.\",\"publisher\":{\"@id\":\"https:\\\/\\\/www.trustedtranslations.com\\\/de\\\/#organization\"},\"alternateName\":\"Trusted Translations\",\"potentialAction\":[{\"@type\":\"SearchAction\",\"target\":{\"@type\":\"EntryPoint\",\"urlTemplate\":\"https:\\\/\\\/www.trustedtranslations.com\\\/de\\\/?s={search_term_string}\"},\"query-input\":{\"@type\":\"PropertyValueSpecification\",\"valueRequired\":true,\"valueName\":\"search_term_string\"}}],\"inLanguage\":\"de\"},{\"@type\":\"Organization\",\"@id\":\"https:\\\/\\\/www.trustedtranslations.com\\\/de\\\/#organization\",\"name\":\"Trusted Translations\",\"alternateName\":\"Trusted Translations, Inc.\",\"url\":\"https:\\\/\\\/www.trustedtranslations.com\\\/de\\\/\",\"logo\":{\"@type\":\"ImageObject\",\"inLanguage\":\"de\",\"@id\":\"https:\\\/\\\/www.trustedtranslations.com\\\/de\\\/#\\\/schema\\\/logo\\\/image\\\/\",\"url\":\"https:\\\/\\\/static.trustedtranslations.com\\\/wp-content\\\/uploads\\\/2022\\\/01\\\/TT_logo_WSIColors-2.png\",\"contentUrl\":\"https:\\\/\\\/static.trustedtranslations.com\\\/wp-content\\\/uploads\\\/2022\\\/01\\\/TT_logo_WSIColors-2.png\",\"width\":500,\"height\":196,\"caption\":\"Trusted Translations\"},\"image\":{\"@id\":\"https:\\\/\\\/www.trustedtranslations.com\\\/de\\\/#\\\/schema\\\/logo\\\/image\\\/\"},\"sameAs\":[\"https:\\\/\\\/www.facebook.com\\\/Trusted.Translations\",\"https:\\\/\\\/x.com\\\/TrustedT9ns\",\"https:\\\/\\\/www.linkedin.com\\\/company\\\/trusted-translations\"]}]}<\/script>\n<!-- \/ Yoast SEO plugin. -->","yoast_head_json":{"title":"\u00dcbersetzungsdienstleistungen f\u00fcr die englische Sprache - Trusted Translations, Inc.","description":"Professionelle \u00dcbersetzungsdienstleistungen in die englische und aus der englischen Sprache von erfahrenen \u00dcbersetzerteams f\u00fcr Englisch zu den besten Preisen. Fordern Sie ein kostenloses Angebot an oder beraten Sie sich mit einem unserer Experten.","robots":{"index":"index","follow":"follow","max-snippet":"max-snippet:-1","max-image-preview":"max-image-preview:large","max-video-preview":"max-video-preview:-1"},"canonical":"https:\/\/www.trustedtranslations.com\/de\/sprache\/englisch","og_locale":"de_DE","og_type":"article","og_title":"\u00dcbersetzungsdienstleistungen f\u00fcr die englische Sprache - Trusted Translations, Inc.","og_description":"Professionelle \u00dcbersetzungsdienstleistungen in die englische und aus der englischen Sprache von erfahrenen \u00dcbersetzerteams f\u00fcr Englisch zu den besten Preisen. Fordern Sie ein kostenloses Angebot an oder beraten Sie sich mit einem unserer Experten.","og_url":"https:\/\/www.trustedtranslations.com\/de\/sprache\/englisch","og_site_name":"Trusted Translations, Inc.","article_publisher":"https:\/\/www.facebook.com\/Trusted.Translations","article_modified_time":"2024-09-17T21:33:29+00:00","og_image":[{"width":1038,"height":1038,"url":"https:\/\/static.trustedtranslations.com\/wp-content\/uploads\/2022\/03\/TT_NEW_FB-1.png","type":"image\/png"}],"twitter_card":"summary_large_image","twitter_site":"@TrustedT9ns","schema":{"@context":"https:\/\/schema.org","@graph":[{"@type":"WebPage","@id":"https:\/\/www.trustedtranslations.com\/de\/sprache\/englisch","url":"https:\/\/www.trustedtranslations.com\/de\/sprache\/englisch","name":"\u00dcbersetzungsdienstleistungen f\u00fcr die englische Sprache - Trusted Translations, Inc.","isPartOf":{"@id":"https:\/\/www.trustedtranslations.com\/de\/#website"},"primaryImageOfPage":{"@id":"https:\/\/www.trustedtranslations.com\/de\/sprache\/englisch#primaryimage"},"image":{"@id":"https:\/\/www.trustedtranslations.com\/de\/sprache\/englisch#primaryimage"},"thumbnailUrl":"https:\/\/www.trustedtranslations.com\/wp-content\/uploads\/2022\/03\/TT_NEW_FB-1.png","description":"Professionelle \u00dcbersetzungsdienstleistungen in die englische und aus der englischen Sprache von erfahrenen \u00dcbersetzerteams f\u00fcr Englisch zu den besten Preisen. Fordern Sie ein kostenloses Angebot an oder beraten Sie sich mit einem unserer Experten.","breadcrumb":{"@id":"https:\/\/www.trustedtranslations.com\/de\/sprache\/englisch#breadcrumb"},"inLanguage":"de","potentialAction":[{"@type":"ReadAction","target":["https:\/\/www.trustedtranslations.com\/de\/sprache\/englisch"]}]},{"@type":"ImageObject","inLanguage":"de","@id":"https:\/\/www.trustedtranslations.com\/de\/sprache\/englisch#primaryimage","url":"https:\/\/www.trustedtranslations.com\/wp-content\/uploads\/2022\/03\/TT_NEW_FB-1.png","contentUrl":"https:\/\/www.trustedtranslations.com\/wp-content\/uploads\/2022\/03\/TT_NEW_FB-1.png","width":1038,"height":1038,"caption":"TT NEW FB 1"},{"@type":"BreadcrumbList","@id":"https:\/\/www.trustedtranslations.com\/de\/sprache\/englisch#breadcrumb","itemListElement":[{"@type":"ListItem","position":1,"name":"Home","item":"https:\/\/www.trustedtranslations.com\/de"},{"@type":"ListItem","position":2,"name":"Sprachen","item":"https:\/\/www.trustedtranslations.com\/de\/sprache"},{"@type":"ListItem","position":3,"name":"Englisch"}]},{"@type":"WebSite","@id":"https:\/\/www.trustedtranslations.com\/de\/#website","url":"https:\/\/www.trustedtranslations.com\/de\/","name":"Trusted Translations, Inc.","description":"Leader in translation and interpretation services.","publisher":{"@id":"https:\/\/www.trustedtranslations.com\/de\/#organization"},"alternateName":"Trusted Translations","potentialAction":[{"@type":"SearchAction","target":{"@type":"EntryPoint","urlTemplate":"https:\/\/www.trustedtranslations.com\/de\/?s={search_term_string}"},"query-input":{"@type":"PropertyValueSpecification","valueRequired":true,"valueName":"search_term_string"}}],"inLanguage":"de"},{"@type":"Organization","@id":"https:\/\/www.trustedtranslations.com\/de\/#organization","name":"Trusted Translations","alternateName":"Trusted Translations, Inc.","url":"https:\/\/www.trustedtranslations.com\/de\/","logo":{"@type":"ImageObject","inLanguage":"de","@id":"https:\/\/www.trustedtranslations.com\/de\/#\/schema\/logo\/image\/","url":"https:\/\/static.trustedtranslations.com\/wp-content\/uploads\/2022\/01\/TT_logo_WSIColors-2.png","contentUrl":"https:\/\/static.trustedtranslations.com\/wp-content\/uploads\/2022\/01\/TT_logo_WSIColors-2.png","width":500,"height":196,"caption":"Trusted Translations"},"image":{"@id":"https:\/\/www.trustedtranslations.com\/de\/#\/schema\/logo\/image\/"},"sameAs":["https:\/\/www.facebook.com\/Trusted.Translations","https:\/\/x.com\/TrustedT9ns","https:\/\/www.linkedin.com\/company\/trusted-translations"]}]}},"toolset-meta":{"dyk":{"mensaje-1":{"type":"textfield","raw":"Wir bieten Fortune-500-Unternehmen \u00dcbersetzungen von Spanisch auf Englisch unter dem Marktpreis an."},"mensaje-2":{"type":"textfield","raw":"Wir sind stolz darauf, qualitativ hochwertige \u00dcbersetzungen von Spanisch auf Englisch f\u00fcr die Vereinten Nationen zu leisten."},"mensaje-3":{"type":"textfield","raw":"Wir lokalisieren auch Englisch f\u00fcr das Vereinigte K\u00f6nigreich, Australien, Neuseeland und Irland."},"mensaje-4":{"type":"textfield","raw":""},"mensaje-5":{"type":"textfield","raw":""},"mensaje-6":{"type":"textfield","raw":""}},"single-page-template-fields":{"imgs-temp":{"type":"image","raw":["https:\/\/static.trustedtranslations.com\/wp-content\/uploads\/2024\/05\/english-final-1.webp"],"repeatable":[{"raw":"https:\/\/static.trustedtranslations.com\/wp-content\/uploads\/2024\/05\/english-final-1.webp"}]},"imgs-temp-cel":{"type":"image","raw":[""],"repeatable":[{"raw":""}]},"img-temp-one-cel":{"type":"image","raw":"https:\/\/static.trustedtranslations.com\/wp-content\/uploads\/2024\/05\/AdobeStock_57468239-1-1.webp","attachment_id":null},"quotes":{"type":"textarea","raw":"<h1 style=\"margin-bottom: 12px;\">\u00dcbersetzungsdienste f\u00fcr die englische Sprache<\/h1>\r\n\u00dcber 1,5 Milliarden Menschen weltweit sprechen Englisch; es ist die weltweit am weitesten verbreitete Sprache sowie die am h\u00e4ufigsten verwendete Sprache im Web. Da immer mehr multinationale Unternehmen Englisch als Unternehmenssprache \u00fcbernehmen, ist Englisch f\u00fcr den Erfolg im globalen Gesch\u00e4ft von entscheidender Bedeutung. Als f\u00fchrender englischer \u00dcbersetzungsdienstleister ist <em>Trusted Translations<\/em> spezialisiert auf komplexe, hochvolumige \u00dcbersetzungsprojekte ins und aus dem Amerikanischen (US) Englische, UK-Englische, Englisch, kanadisches Englisch und mehr.\r\n<div style=\"margin-top: 2.5vw;\"><a class=\"tt-btn-main-cta\" href=\"https:\/\/www.trustedtranslations.com\/de\/angebot\">Kostenlosen Kostenvoranschlag anfordern<\/a><\/div>"},"text-1":{"type":"textarea","raw":"<h2>Expertenteams f\u00fcr englische \u00dcbersetzungen<\/h2>\r\nWir bieten professionelle \u00dcbersetzungsl\u00f6sungen f\u00fcr einige der weltweit f\u00fchrenden Unternehmen und Organisationen. Trusted Translations ist sehr stolz darauf, unseren Kunden hochwertige, professionelle \u00dcbersetzungen in die und aus der englischen Sprache zu den wettbewerbsf\u00e4higsten Preisen auf dem Markt anzubieten.\r\n\r\nWir sind in einer einzigartigen Position, um jeder Art von professionellem \u00dcbersetzungsprojekt in die und aus der englischen Sprache, das Sie haben, gerecht zu werden. Von kleinen Start-ups bis hin zu gro\u00dfen multinationalen Konzernen bringt <em>Trusted Translations<\/em> umfassende Erfahrung in Fach\u00fcbersetzungen der englischen Sprache in Ihre Organisation ein.\r\n<h2 style=\"margin-bottom:20px\">\u00dcbersetzung in die und aus der englischen Sprache<\/h2>\r\nFlie\u00dfende, muttersprachliche Kommunikation in Englisch ist eine Grundvoraussetzung f\u00fcr jede Organisation, die auf globaler Ebene erfolgreich sein m\u00f6chte, wo Englisch zur Lingua Franca geworden ist. Die Qualit\u00e4t Ihrer \u00dcbersetzungen in das und aus dem Englischen spiegelt Sie und Ihr Unternehmen direkt wider. Als f\u00fchrender Anbieter von professionellen \u00dcbersetzungen in die und aus der englischen Sprache werden wir uns auf das konzentrieren, was wir am besten k\u00f6nnen, damit Sie das tun k\u00f6nnen, was Sie am besten k\u00f6nnen.\r\n\r\nUnabh\u00e4ngig von der Art des Inhalts Ihrer \u00dcbersetzungen in die und aus der englischen Sprache verf\u00fcgen wir \u00fcber Teams aus professionellen \u00dcbersetzern, die auf verschiedene Fachgebiete spezialisiert sind. Dazu geh\u00f6ren Fachkenntnisse in den folgenden Bereichen: Finanzwesen, IT, Vertrieb, Marketing, Medien, Recht, Reisen, Software, Verbraucherkommunikation, Wirtschaft, Telekommunikation, Unternehmen, Technik, PR, Medizin und Gesundheitsdienste, Beh\u00f6rden, Versicherungen und Literatur."},"shortcode-map":{"type":"textfield","raw":""},"dyk-shortcode":{"type":"textfield","raw":"[elementor-template id=\"146647\"]"},"text-2":{"type":"textarea","raw":"<h2 style=\"margin-bottom:20px\">\u00dcbersetzung aus der spanischen in die englische Sprache<\/h2>\r\nW\u00e4hrend wir auf \u00dcbersetzungen von Spanisch in Englisch und von Portugiesisch in Englisch spezialisiert sind, \u00fcbersetzen wir h\u00e4ufig englische Dokumente von und in Franz\u00f6sisch, Deutsch, Italienisch, Koreanisch, Chinesisch und Japanisch mit erfahrenen, muttersprachlichen, branchenspezifischen \u00dcbersetzern f\u00fcr die englische Sprache.\r\n<h2 style=\"margin-bottom:20px\">Amerikanische, britische, kanadische englische \u00dcbersetzung<\/h2>\r\nIn unseren Teams aus professionellen Linguisten haben wir muttersprachliche Englisch\u00fcbersetzer in den USA, Gro\u00dfbritannien, Kanada und anderen englischsprachigen L\u00e4ndern, um sicherzustellen, dass Ihre \u00dcbersetzung genau auf die spezifische englische Variante abzielt, nach der Sie suchen.\r\n<h2 style=\"margin-bottom:20px\">Expertenteams f\u00fcr englische \u00dcbersetzungen<\/h2>\r\nDie Leistung unserer professionellen \u00dcbersetzerteams f\u00fcr die englische Sprache umfasst das Lektorat und das Korrekturlesen durch unabh\u00e4ngige Experten ohne zus\u00e4tzliche Kosten. Unsere Expertenteams bieten auch englisches Lektorat und Korrekturlesen f\u00fcr \u00dcbersetzungen an, die von anderen Anbietern angefertigt wurden.\r\n<h2 style=\"margin-bottom:20px\">Sprachvariationen der englischen Sprache<\/h2>\r\nDie englische Sprache umfasst viele verschiedene Dialekte. Die Art des Englischen, die unter anderem in den Vereinigten Staaten, Gro\u00dfbritannien, Kanada, Australien, S\u00fcdafrika oder Hongkong zu finden ist, kann je nach sprachlicher Ausrichtung jedes Landes in Bezug auf Rechtschreibung, Vokabular, Grammatik, Ton und Ma\u00dfsystem usw. stark variieren. Unsere englischen \u00dcbersetzungsteams k\u00f6nnen Ihre Dokumente sprachlich an den vorgesehenen Empf\u00e4nger oder Markt anpassen."},"state":{"type":"textfield","raw":""},"city":{"type":"textarea","raw":[]}}},"_links":{"self":[{"href":"https:\/\/www.trustedtranslations.com\/de\/wp-json\/wp\/v2\/pages\/129491","targetHints":{"allow":["GET"]}}],"collection":[{"href":"https:\/\/www.trustedtranslations.com\/de\/wp-json\/wp\/v2\/pages"}],"about":[{"href":"https:\/\/www.trustedtranslations.com\/de\/wp-json\/wp\/v2\/types\/page"}],"author":[{"embeddable":true,"href":"https:\/\/www.trustedtranslations.com\/de\/wp-json\/wp\/v2\/users\/1"}],"replies":[{"embeddable":true,"href":"https:\/\/www.trustedtranslations.com\/de\/wp-json\/wp\/v2\/comments?post=129491"}],"version-history":[{"count":0,"href":"https:\/\/www.trustedtranslations.com\/de\/wp-json\/wp\/v2\/pages\/129491\/revisions"}],"up":[{"embeddable":true,"href":"https:\/\/www.trustedtranslations.com\/de\/wp-json\/wp\/v2\/pages\/129506"}],"wp:featuredmedia":[{"embeddable":true,"href":"https:\/\/www.trustedtranslations.com\/de\/wp-json\/wp\/v2\/media\/139628"}],"wp:attachment":[{"href":"https:\/\/www.trustedtranslations.com\/de\/wp-json\/wp\/v2\/media?parent=129491"}],"curies":[{"name":"wp","href":"https:\/\/api.w.org\/{rel}","templated":true}]}}