{"id":129494,"date":"2018-10-25T17:41:40","date_gmt":"2018-10-25T17:41:40","guid":{"rendered":"https:\/\/www.trustedtranslations.com\/?page_id=129494"},"modified":"2024-09-02T15:11:34","modified_gmt":"2024-09-02T18:11:34","slug":"niederlaendisch","status":"publish","type":"page","link":"https:\/\/www.trustedtranslations.com\/de\/sprache\/niederlaendisch","title":{"rendered":"Niederl\u00e4ndisch"},"content":{"rendered":"","protected":false},"excerpt":{"rendered":"","protected":false},"author":1,"featured_media":139628,"parent":129506,"menu_order":0,"comment_status":"closed","ping_status":"closed","template":"","meta":{"site-sidebar-layout":"default","site-content-layout":"default","ast-site-content-layout":"default","site-content-style":"default","site-sidebar-style":"default","ast-global-header-display":"","ast-banner-title-visibility":"","ast-main-header-display":"","ast-hfb-above-header-display":"","ast-hfb-below-header-display":"","ast-hfb-mobile-header-display":"","site-post-title":"disabled","ast-breadcrumbs-content":"","ast-featured-img":"","footer-sml-layout":"","ast-disable-related-posts":"","theme-transparent-header-meta":"default","adv-header-id-meta":"","stick-header-meta":"","header-above-stick-meta":"","header-main-stick-meta":"","header-below-stick-meta":"","astra-migrate-meta-layouts":"set","ast-page-background-enabled":"default","ast-page-background-meta":{"desktop":{"background-color":"var(--ast-global-color-4)","background-image":"","background-repeat":"repeat","background-position":"center center","background-size":"auto","background-attachment":"scroll","background-type":"","background-media":"","overlay-type":"","overlay-color":"","overlay-opacity":"","overlay-gradient":""},"tablet":{"background-color":"","background-image":"","background-repeat":"repeat","background-position":"center center","background-size":"auto","background-attachment":"scroll","background-type":"","background-media":"","overlay-type":"","overlay-color":"","overlay-opacity":"","overlay-gradient":""},"mobile":{"background-color":"","background-image":"","background-repeat":"repeat","background-position":"center center","background-size":"auto","background-attachment":"scroll","background-type":"","background-media":"","overlay-type":"","overlay-color":"","overlay-opacity":"","overlay-gradient":""}},"ast-content-background-meta":{"desktop":{"background-color":"var(--ast-global-color-5)","background-image":"","background-repeat":"repeat","background-position":"center center","background-size":"auto","background-attachment":"scroll","background-type":"","background-media":"","overlay-type":"","overlay-color":"","overlay-opacity":"","overlay-gradient":""},"tablet":{"background-color":"var(--ast-global-color-5)","background-image":"","background-repeat":"repeat","background-position":"center center","background-size":"auto","background-attachment":"scroll","background-type":"","background-media":"","overlay-type":"","overlay-color":"","overlay-opacity":"","overlay-gradient":""},"mobile":{"background-color":"var(--ast-global-color-5)","background-image":"","background-repeat":"repeat","background-position":"center center","background-size":"auto","background-attachment":"scroll","background-type":"","background-media":"","overlay-type":"","overlay-color":"","overlay-opacity":"","overlay-gradient":""}},"footnotes":""},"class_list":["post-129494","page","type-page","status-publish","has-post-thumbnail","hentry"],"yoast_head":"<!-- This site is optimized with the Yoast SEO plugin v27.3 - https:\/\/yoast.com\/product\/yoast-seo-wordpress\/ -->\n<title>\u00dcbersetzungsdienstleistungen f\u00fcr die niederl\u00e4ndische Sprache - Trusted Translations, Inc.<\/title>\n<meta name=\"description\" content=\"Trusted Translations Inc. \u2013 Fachkundige Niederl\u00e4ndisch-\u00dcbersetzungsdienstleistungen. Unsere \u00dcbersetzer sorgen f\u00fcr pr\u00e4zise und fl\u00fcssige \u00dcbersetzungen, die auf Ihre Bed\u00fcrfnisse abgestimmt sind. Holen Sie sich jetzt ein kostenloses Angebot.\" \/>\n<meta name=\"robots\" content=\"index, follow, max-snippet:-1, max-image-preview:large, max-video-preview:-1\" \/>\n<link rel=\"canonical\" href=\"https:\/\/www.trustedtranslations.com\/de\/sprache\/niederlaendisch\" \/>\n<meta property=\"og:locale\" content=\"de_DE\" \/>\n<meta property=\"og:type\" content=\"article\" \/>\n<meta property=\"og:title\" content=\"\u00dcbersetzungsdienstleistungen f\u00fcr die niederl\u00e4ndische Sprache - Trusted Translations, Inc.\" \/>\n<meta property=\"og:description\" content=\"Trusted Translations Inc. \u2013 Fachkundige Niederl\u00e4ndisch-\u00dcbersetzungsdienstleistungen. Unsere \u00dcbersetzer sorgen f\u00fcr pr\u00e4zise und fl\u00fcssige \u00dcbersetzungen, die auf Ihre Bed\u00fcrfnisse abgestimmt sind. Holen Sie sich jetzt ein kostenloses Angebot.\" \/>\n<meta property=\"og:url\" content=\"https:\/\/www.trustedtranslations.com\/de\/sprache\/niederlaendisch\" \/>\n<meta property=\"og:site_name\" content=\"Trusted Translations, Inc.\" \/>\n<meta property=\"article:publisher\" content=\"https:\/\/www.facebook.com\/Trusted.Translations\" \/>\n<meta property=\"article:modified_time\" content=\"2024-09-02T18:11:34+00:00\" \/>\n<meta property=\"og:image\" content=\"https:\/\/static.trustedtranslations.com\/wp-content\/uploads\/2022\/03\/TT_NEW_FB-1.png\" \/>\n\t<meta property=\"og:image:width\" content=\"1038\" \/>\n\t<meta property=\"og:image:height\" content=\"1038\" \/>\n\t<meta property=\"og:image:type\" content=\"image\/png\" \/>\n<meta name=\"twitter:card\" content=\"summary_large_image\" \/>\n<meta name=\"twitter:site\" content=\"@TrustedT9ns\" \/>\n<script type=\"application\/ld+json\" class=\"yoast-schema-graph\">{\"@context\":\"https:\\\/\\\/schema.org\",\"@graph\":[{\"@type\":\"WebPage\",\"@id\":\"https:\\\/\\\/www.trustedtranslations.com\\\/de\\\/sprache\\\/niederlaendisch\",\"url\":\"https:\\\/\\\/www.trustedtranslations.com\\\/de\\\/sprache\\\/niederlaendisch\",\"name\":\"\u00dcbersetzungsdienstleistungen f\u00fcr die niederl\u00e4ndische Sprache - Trusted Translations, Inc.\",\"isPartOf\":{\"@id\":\"https:\\\/\\\/www.trustedtranslations.com\\\/de\\\/#website\"},\"primaryImageOfPage\":{\"@id\":\"https:\\\/\\\/www.trustedtranslations.com\\\/de\\\/sprache\\\/niederlaendisch#primaryimage\"},\"image\":{\"@id\":\"https:\\\/\\\/www.trustedtranslations.com\\\/de\\\/sprache\\\/niederlaendisch#primaryimage\"},\"thumbnailUrl\":\"https:\\\/\\\/www.trustedtranslations.com\\\/wp-content\\\/uploads\\\/2022\\\/03\\\/TT_NEW_FB-1.png\",\"description\":\"Trusted Translations Inc. \u2013 Fachkundige Niederl\u00e4ndisch-\u00dcbersetzungsdienstleistungen. Unsere \u00dcbersetzer sorgen f\u00fcr pr\u00e4zise und fl\u00fcssige \u00dcbersetzungen, die auf Ihre Bed\u00fcrfnisse abgestimmt sind. Holen Sie sich jetzt ein kostenloses Angebot.\",\"breadcrumb\":{\"@id\":\"https:\\\/\\\/www.trustedtranslations.com\\\/de\\\/sprache\\\/niederlaendisch#breadcrumb\"},\"inLanguage\":\"de\",\"potentialAction\":[{\"@type\":\"ReadAction\",\"target\":[\"https:\\\/\\\/www.trustedtranslations.com\\\/de\\\/sprache\\\/niederlaendisch\"]}]},{\"@type\":\"ImageObject\",\"inLanguage\":\"de\",\"@id\":\"https:\\\/\\\/www.trustedtranslations.com\\\/de\\\/sprache\\\/niederlaendisch#primaryimage\",\"url\":\"https:\\\/\\\/www.trustedtranslations.com\\\/wp-content\\\/uploads\\\/2022\\\/03\\\/TT_NEW_FB-1.png\",\"contentUrl\":\"https:\\\/\\\/www.trustedtranslations.com\\\/wp-content\\\/uploads\\\/2022\\\/03\\\/TT_NEW_FB-1.png\",\"width\":1038,\"height\":1038,\"caption\":\"TT NEW FB 1\"},{\"@type\":\"BreadcrumbList\",\"@id\":\"https:\\\/\\\/www.trustedtranslations.com\\\/de\\\/sprache\\\/niederlaendisch#breadcrumb\",\"itemListElement\":[{\"@type\":\"ListItem\",\"position\":1,\"name\":\"Home\",\"item\":\"https:\\\/\\\/www.trustedtranslations.com\\\/de\"},{\"@type\":\"ListItem\",\"position\":2,\"name\":\"Sprachen\",\"item\":\"https:\\\/\\\/www.trustedtranslations.com\\\/de\\\/sprache\"},{\"@type\":\"ListItem\",\"position\":3,\"name\":\"Niederl\u00e4ndisch\"}]},{\"@type\":\"WebSite\",\"@id\":\"https:\\\/\\\/www.trustedtranslations.com\\\/de\\\/#website\",\"url\":\"https:\\\/\\\/www.trustedtranslations.com\\\/de\\\/\",\"name\":\"Trusted Translations, Inc.\",\"description\":\"Leader in translation and interpretation services.\",\"publisher\":{\"@id\":\"https:\\\/\\\/www.trustedtranslations.com\\\/de\\\/#organization\"},\"alternateName\":\"Trusted Translations\",\"potentialAction\":[{\"@type\":\"SearchAction\",\"target\":{\"@type\":\"EntryPoint\",\"urlTemplate\":\"https:\\\/\\\/www.trustedtranslations.com\\\/de\\\/?s={search_term_string}\"},\"query-input\":{\"@type\":\"PropertyValueSpecification\",\"valueRequired\":true,\"valueName\":\"search_term_string\"}}],\"inLanguage\":\"de\"},{\"@type\":\"Organization\",\"@id\":\"https:\\\/\\\/www.trustedtranslations.com\\\/de\\\/#organization\",\"name\":\"Trusted Translations\",\"alternateName\":\"Trusted Translations, Inc.\",\"url\":\"https:\\\/\\\/www.trustedtranslations.com\\\/de\\\/\",\"logo\":{\"@type\":\"ImageObject\",\"inLanguage\":\"de\",\"@id\":\"https:\\\/\\\/www.trustedtranslations.com\\\/de\\\/#\\\/schema\\\/logo\\\/image\\\/\",\"url\":\"https:\\\/\\\/static.trustedtranslations.com\\\/wp-content\\\/uploads\\\/2022\\\/01\\\/TT_logo_WSIColors-2.png\",\"contentUrl\":\"https:\\\/\\\/static.trustedtranslations.com\\\/wp-content\\\/uploads\\\/2022\\\/01\\\/TT_logo_WSIColors-2.png\",\"width\":500,\"height\":196,\"caption\":\"Trusted Translations\"},\"image\":{\"@id\":\"https:\\\/\\\/www.trustedtranslations.com\\\/de\\\/#\\\/schema\\\/logo\\\/image\\\/\"},\"sameAs\":[\"https:\\\/\\\/www.facebook.com\\\/Trusted.Translations\",\"https:\\\/\\\/x.com\\\/TrustedT9ns\",\"https:\\\/\\\/www.linkedin.com\\\/company\\\/trusted-translations\"]}]}<\/script>\n<!-- \/ Yoast SEO plugin. -->","yoast_head_json":{"title":"\u00dcbersetzungsdienstleistungen f\u00fcr die niederl\u00e4ndische Sprache - Trusted Translations, Inc.","description":"Trusted Translations Inc. \u2013 Fachkundige Niederl\u00e4ndisch-\u00dcbersetzungsdienstleistungen. Unsere \u00dcbersetzer sorgen f\u00fcr pr\u00e4zise und fl\u00fcssige \u00dcbersetzungen, die auf Ihre Bed\u00fcrfnisse abgestimmt sind. Holen Sie sich jetzt ein kostenloses Angebot.","robots":{"index":"index","follow":"follow","max-snippet":"max-snippet:-1","max-image-preview":"max-image-preview:large","max-video-preview":"max-video-preview:-1"},"canonical":"https:\/\/www.trustedtranslations.com\/de\/sprache\/niederlaendisch","og_locale":"de_DE","og_type":"article","og_title":"\u00dcbersetzungsdienstleistungen f\u00fcr die niederl\u00e4ndische Sprache - Trusted Translations, Inc.","og_description":"Trusted Translations Inc. \u2013 Fachkundige Niederl\u00e4ndisch-\u00dcbersetzungsdienstleistungen. Unsere \u00dcbersetzer sorgen f\u00fcr pr\u00e4zise und fl\u00fcssige \u00dcbersetzungen, die auf Ihre Bed\u00fcrfnisse abgestimmt sind. Holen Sie sich jetzt ein kostenloses Angebot.","og_url":"https:\/\/www.trustedtranslations.com\/de\/sprache\/niederlaendisch","og_site_name":"Trusted Translations, Inc.","article_publisher":"https:\/\/www.facebook.com\/Trusted.Translations","article_modified_time":"2024-09-02T18:11:34+00:00","og_image":[{"width":1038,"height":1038,"url":"https:\/\/static.trustedtranslations.com\/wp-content\/uploads\/2022\/03\/TT_NEW_FB-1.png","type":"image\/png"}],"twitter_card":"summary_large_image","twitter_site":"@TrustedT9ns","schema":{"@context":"https:\/\/schema.org","@graph":[{"@type":"WebPage","@id":"https:\/\/www.trustedtranslations.com\/de\/sprache\/niederlaendisch","url":"https:\/\/www.trustedtranslations.com\/de\/sprache\/niederlaendisch","name":"\u00dcbersetzungsdienstleistungen f\u00fcr die niederl\u00e4ndische Sprache - Trusted Translations, Inc.","isPartOf":{"@id":"https:\/\/www.trustedtranslations.com\/de\/#website"},"primaryImageOfPage":{"@id":"https:\/\/www.trustedtranslations.com\/de\/sprache\/niederlaendisch#primaryimage"},"image":{"@id":"https:\/\/www.trustedtranslations.com\/de\/sprache\/niederlaendisch#primaryimage"},"thumbnailUrl":"https:\/\/www.trustedtranslations.com\/wp-content\/uploads\/2022\/03\/TT_NEW_FB-1.png","description":"Trusted Translations Inc. \u2013 Fachkundige Niederl\u00e4ndisch-\u00dcbersetzungsdienstleistungen. Unsere \u00dcbersetzer sorgen f\u00fcr pr\u00e4zise und fl\u00fcssige \u00dcbersetzungen, die auf Ihre Bed\u00fcrfnisse abgestimmt sind. Holen Sie sich jetzt ein kostenloses Angebot.","breadcrumb":{"@id":"https:\/\/www.trustedtranslations.com\/de\/sprache\/niederlaendisch#breadcrumb"},"inLanguage":"de","potentialAction":[{"@type":"ReadAction","target":["https:\/\/www.trustedtranslations.com\/de\/sprache\/niederlaendisch"]}]},{"@type":"ImageObject","inLanguage":"de","@id":"https:\/\/www.trustedtranslations.com\/de\/sprache\/niederlaendisch#primaryimage","url":"https:\/\/www.trustedtranslations.com\/wp-content\/uploads\/2022\/03\/TT_NEW_FB-1.png","contentUrl":"https:\/\/www.trustedtranslations.com\/wp-content\/uploads\/2022\/03\/TT_NEW_FB-1.png","width":1038,"height":1038,"caption":"TT NEW FB 1"},{"@type":"BreadcrumbList","@id":"https:\/\/www.trustedtranslations.com\/de\/sprache\/niederlaendisch#breadcrumb","itemListElement":[{"@type":"ListItem","position":1,"name":"Home","item":"https:\/\/www.trustedtranslations.com\/de"},{"@type":"ListItem","position":2,"name":"Sprachen","item":"https:\/\/www.trustedtranslations.com\/de\/sprache"},{"@type":"ListItem","position":3,"name":"Niederl\u00e4ndisch"}]},{"@type":"WebSite","@id":"https:\/\/www.trustedtranslations.com\/de\/#website","url":"https:\/\/www.trustedtranslations.com\/de\/","name":"Trusted Translations, Inc.","description":"Leader in translation and interpretation services.","publisher":{"@id":"https:\/\/www.trustedtranslations.com\/de\/#organization"},"alternateName":"Trusted Translations","potentialAction":[{"@type":"SearchAction","target":{"@type":"EntryPoint","urlTemplate":"https:\/\/www.trustedtranslations.com\/de\/?s={search_term_string}"},"query-input":{"@type":"PropertyValueSpecification","valueRequired":true,"valueName":"search_term_string"}}],"inLanguage":"de"},{"@type":"Organization","@id":"https:\/\/www.trustedtranslations.com\/de\/#organization","name":"Trusted Translations","alternateName":"Trusted Translations, Inc.","url":"https:\/\/www.trustedtranslations.com\/de\/","logo":{"@type":"ImageObject","inLanguage":"de","@id":"https:\/\/www.trustedtranslations.com\/de\/#\/schema\/logo\/image\/","url":"https:\/\/static.trustedtranslations.com\/wp-content\/uploads\/2022\/01\/TT_logo_WSIColors-2.png","contentUrl":"https:\/\/static.trustedtranslations.com\/wp-content\/uploads\/2022\/01\/TT_logo_WSIColors-2.png","width":500,"height":196,"caption":"Trusted Translations"},"image":{"@id":"https:\/\/www.trustedtranslations.com\/de\/#\/schema\/logo\/image\/"},"sameAs":["https:\/\/www.facebook.com\/Trusted.Translations","https:\/\/x.com\/TrustedT9ns","https:\/\/www.linkedin.com\/company\/trusted-translations"]}]}},"toolset-meta":{"dyk":{"mensaje-1":{"type":"textfield","raw":"Wir sind eines der wenigen \u00dcbersetzungsunternehmen mit muttersprachlichen \u00dcbersetzern f\u00fcr Niederl\u00e4ndisch in unserem Team."},"mensaje-2":{"type":"textfield","raw":""},"mensaje-3":{"type":"textfield","raw":"Obwohl sie als gleiche Sprache betrachtet werden, weisen Fl\u00e4misch und Niederl\u00e4ndisch subtile Unterschiede auf."},"mensaje-4":{"type":"textfield","raw":"<em>Trusted Translations<\/em> bietet qualitativ hochwertige professionelle \u00dcbersetzungen in die und aus der niederl\u00e4ndischen Sprache, zu den wettbewerbsf\u00e4higsten Preisen."},"mensaje-5":{"type":"textfield","raw":""},"mensaje-6":{"type":"textfield","raw":""}},"single-page-template-fields":{"imgs-temp":{"type":"image","raw":["https:\/\/static.trustedtranslations.com\/wp-content\/uploads\/2024\/05\/dutch-1-1.webp","https:\/\/static.trustedtranslations.com\/wp-content\/uploads\/2024\/05\/dutch-2-1.webp"],"repeatable":[{"raw":"https:\/\/static.trustedtranslations.com\/wp-content\/uploads\/2024\/05\/dutch-1-1.webp"},{"raw":"https:\/\/static.trustedtranslations.com\/wp-content\/uploads\/2024\/05\/dutch-2-1.webp"}]},"imgs-temp-cel":{"type":"image","raw":[""],"repeatable":[{"raw":""}]},"img-temp-one-cel":{"type":"image","raw":"https:\/\/static.trustedtranslations.com\/wp-content\/uploads\/2024\/05\/image-9-1.webp","attachment_id":null},"quotes":{"type":"textarea","raw":"<h1 style=\"margin-bottom: 12px;\">\u00dcbersetzungsdienstleistungen f\u00fcr die niederl\u00e4ndische Sprache<\/h1>\r\nNiederl\u00e4ndisch hat weltweit sch\u00e4tzungsweise 23 Millionen Muttersprachler, die in den Niederlanden, Belgien und Suriname konzentriert sind. Niederl\u00e4ndisch ist der Schl\u00fcssel zum Eintritt in diese neuen M\u00e4rkte, insbesondere die Niederlande, eines der f\u00fchrenden L\u00e4nder der EU in Bezug auf digitale Konnektivit\u00e4t und Innovation. <em>Trusted Translations<\/em> stellt professionelle Niederl\u00e4ndisch-\u00dcbersetzer zur Verf\u00fcgung, die sich mit der niederl\u00e4ndischen Sprache sowie mit den entscheidenden Unterschieden zwischen allgemeinem Niederl\u00e4ndisch und Fl\u00e4misch auskennen.\r\n<div style=\"margin-top: 2.5vw;\"><a class=\"tt-btn-main-cta\" href=\"https:\/\/www.trustedtranslations.com\/de\/angebot\">Kostenlosen Kostenvoranschlag anfordern<\/a><\/div>"},"text-1":{"type":"textarea","raw":"<h2>Hochwertige, professionelle \u00dcbersetzungen in und aus dem Niederl\u00e4ndischen<\/h2>\r\n<em>Trusted Translations<\/em> ist sehr stolz darauf, professionelle \u00dcbersetzungen in die und aus der niederl\u00e4ndischen Sprache von hoher Qualit\u00e4t zu wettbewerbsf\u00e4higen Preisen anzubieten.\r\n\r\nViele unserer Kunden geh\u00f6ren zu den f\u00fchrenden Unternehmen und Organisationen der Welt; daher sind wir in einer einzigartigen Position, um jede Art von professionellem Niederl\u00e4ndisch-\u00dcbersetzungsprojekt zu bew\u00e4ltigen, das Sie m\u00f6glicherweise haben. Von kleinen Start-ups bis hin zu gro\u00dfen multinationalen Konzernen bringt <em>Trusted Translations<\/em> umfassende Erfahrung mit professionellen \u00dcbersetzungen ins Niederl\u00e4ndische in Ihr Unternehmen ein.\r\n<h2 style=\"margin-bottom:20px\">\u00dcbersetzungen in die und aus der niederl\u00e4ndischen und fl\u00e4mischen Sprache<\/h2>\r\nDie niederl\u00e4ndische und fl\u00e4mische Sprachgruppe umfasst \u00fcber 25 Millionen Muttersprachler, die Teil einer wirtschaftlich starken Region sind, die Belgien und die Niederlande umfasst. Dar\u00fcber hinaus haben Belgien und die Niederlande sowohl historisch als auch geografisch immer eine zentrale Rolle in der Europ\u00e4ischen Union gespielt. Die Region Flandern in Belgien und die Randstad-Region (bestehend aus Amsterdam und Rotterdam, neben anderen St\u00e4dten) in den Niederlanden sind boomende industrielle und logistische Knotenpunkte mit einigen der gr\u00f6\u00dften H\u00e4fen der Welt und einem ausgedehnten Netz von Autobahnen und Landstra\u00dfen.\r\n\r\nObwohl es sich technisch gesehen um dieselbe Sprache handelt, gibt es deutliche Unterschiede zwischen Niederl\u00e4ndisch (in den Niederlanden gesprochen) und Fl\u00e4misch (im n\u00f6rdlichen Teil Belgiens - bekannt als Flandern - gesprochen). Aus der Sichtweise eines \u201eLehrbuchs\u201c sind Fl\u00e4misch und Niederl\u00e4ndisch gleich. Aus kultureller Sicht haben Niederl\u00e4ndisch und Fl\u00e4misch jedoch ihre Unterschiede, die denen zwischen US- Englisch und UK-Englisch \u00e4hneln.\r\n\r\nIm Fall von Niederl\u00e4ndisch und Fl\u00e4misch liegt der Unterschied in der Verwendung von W\u00f6rtern und der Bedeutung. Tats\u00e4chlich gibt es keine Unterschiede in der Rechtschreibung oder Grammatik zwischen den beiden Sprachvarianten. W\u00e4hrend in den Niederlanden und in Flandern eine relativ einheitliche niederl\u00e4ndische Sprache gesprochen wird, gibt es doch Unterschiede. Bei <em>Trusted Translations<\/em> verstehen wir diese subtilen, aber wichtigen Unterschiede und stellen sicher, dass Ihre \u00dcbersetzungen in das oder aus dem Niederl\u00e4ndischen oder Fl\u00e4mischen genau auf Ihre Zielgruppe zugeschnitten sind."},"shortcode-map":{"type":"textfield","raw":""},"dyk-shortcode":{"type":"textfield","raw":"[elementor-template id=\"146647\"]"},"text-2":{"type":"textarea","raw":"<h2 style=\"margin-bottom:20px\">\u00dcbersetzungen aus dem Englischen in das Niederl\u00e4ndische und aus dem Spanischen in das Niederl\u00e4ndische<\/h2>\r\nFlie\u00dfende Kommunikation in der niederl\u00e4ndischen Sprache ist eine Kernkompetenz f\u00fcr jedes Unternehmen, das im 21. Jahrhundert erfolgreich sein will. Die Qualit\u00e4t Ihrer \u00dcbersetzungen in das und aus dem Niederl\u00e4ndischen spiegelt Sie und Ihr Unternehmen direkt wider. Als f\u00fchrender Anbieter von professionellen \u00dcbersetzungen in die und aus der niederl\u00e4ndischen Sprache werden wir uns auf das konzentrieren, was wir am besten k\u00f6nnen, damit Sie das tun k\u00f6nnen, was Sie am besten k\u00f6nnen.\r\n\r\nUnabh\u00e4ngig von der Art des Inhalts Ihrer \u00dcbersetzungen in die und aus der niederl\u00e4ndischen Sprache verf\u00fcgen wir \u00fcber Teams aus professionellen \u00dcbersetzern, die auf verschiedene Fachgebiete spezialisiert sind. Dazu geh\u00f6ren Fachkenntnisse in den folgenden Bereichen: Finanzwesen, IT, Vertrieb, Marketing, Medien, Recht, Reisen, Software, Verbraucherkommunikation, Wirtschaft, Telekommunikation, Unternehmen, Technik, PR, Medizin und Gesundheitsdienste, Beh\u00f6rden, Versicherungen und Literatur.\r\n\r\nW\u00e4hrend wir auf \u00dcbersetzungen von Englisch in Niederl\u00e4ndisch und von Spanisch in Niederl\u00e4ndisch spezialisiert sind, \u00fcbersetzen wir h\u00e4ufig niederl\u00e4ndische Dokumente von und in Franz\u00f6sisch, Deutsch, Italienisch, Koreanisch, Chinesisch und Japanisch mit erfahrenen, muttersprachlichen, branchenspezifischen \u00dcbersetzern f\u00fcr die niederl\u00e4ndische Sprache.\r\n<h2 style=\"margin-bottom:20px\">Kompetente \u00dcbersetzungsteams f\u00fcr die niederl\u00e4ndische Sprache<\/h2>\r\nDie Leistung unserer professionellen \u00dcbersetzer f\u00fcr die niederl\u00e4ndische und fl\u00e4mische Sprache umfasst das Lektorat und das Korrekturlesen durch unabh\u00e4ngige Experten ohne zus\u00e4tzliche Kosten. Unsere Expertenteams bieten auch niederl\u00e4ndisches Lektorat und niederl\u00e4ndisches Korrekturlesen f\u00fcr \u00dcbersetzungen an, die von anderen Anbietern angefertigt wurden."},"state":{"type":"textfield","raw":""},"city":{"type":"textarea","raw":[]}}},"_links":{"self":[{"href":"https:\/\/www.trustedtranslations.com\/de\/wp-json\/wp\/v2\/pages\/129494","targetHints":{"allow":["GET"]}}],"collection":[{"href":"https:\/\/www.trustedtranslations.com\/de\/wp-json\/wp\/v2\/pages"}],"about":[{"href":"https:\/\/www.trustedtranslations.com\/de\/wp-json\/wp\/v2\/types\/page"}],"author":[{"embeddable":true,"href":"https:\/\/www.trustedtranslations.com\/de\/wp-json\/wp\/v2\/users\/1"}],"replies":[{"embeddable":true,"href":"https:\/\/www.trustedtranslations.com\/de\/wp-json\/wp\/v2\/comments?post=129494"}],"version-history":[{"count":0,"href":"https:\/\/www.trustedtranslations.com\/de\/wp-json\/wp\/v2\/pages\/129494\/revisions"}],"up":[{"embeddable":true,"href":"https:\/\/www.trustedtranslations.com\/de\/wp-json\/wp\/v2\/pages\/129506"}],"wp:featuredmedia":[{"embeddable":true,"href":"https:\/\/www.trustedtranslations.com\/de\/wp-json\/wp\/v2\/media\/139628"}],"wp:attachment":[{"href":"https:\/\/www.trustedtranslations.com\/de\/wp-json\/wp\/v2\/media?parent=129494"}],"curies":[{"name":"wp","href":"https:\/\/api.w.org\/{rel}","templated":true}]}}