{"id":129495,"date":"2018-10-25T16:38:18","date_gmt":"2018-10-25T16:38:18","guid":{"rendered":"https:\/\/www.trustedtranslations.com\/?page_id=129495"},"modified":"2024-09-02T15:02:32","modified_gmt":"2024-09-02T18:02:32","slug":"chinesisch","status":"publish","type":"page","link":"https:\/\/www.trustedtranslations.com\/de\/sprache\/chinesisch","title":{"rendered":"Chinesisch"},"content":{"rendered":"","protected":false},"excerpt":{"rendered":"","protected":false},"author":1,"featured_media":139628,"parent":129506,"menu_order":0,"comment_status":"closed","ping_status":"closed","template":"","meta":{"site-sidebar-layout":"default","site-content-layout":"default","ast-site-content-layout":"default","site-content-style":"default","site-sidebar-style":"default","ast-global-header-display":"","ast-banner-title-visibility":"","ast-main-header-display":"","ast-hfb-above-header-display":"","ast-hfb-below-header-display":"","ast-hfb-mobile-header-display":"","site-post-title":"disabled","ast-breadcrumbs-content":"","ast-featured-img":"","footer-sml-layout":"","ast-disable-related-posts":"","theme-transparent-header-meta":"default","adv-header-id-meta":"","stick-header-meta":"","header-above-stick-meta":"","header-main-stick-meta":"","header-below-stick-meta":"","astra-migrate-meta-layouts":"set","ast-page-background-enabled":"default","ast-page-background-meta":{"desktop":{"background-color":"var(--ast-global-color-4)","background-image":"","background-repeat":"repeat","background-position":"center center","background-size":"auto","background-attachment":"scroll","background-type":"","background-media":"","overlay-type":"","overlay-color":"","overlay-opacity":"","overlay-gradient":""},"tablet":{"background-color":"","background-image":"","background-repeat":"repeat","background-position":"center center","background-size":"auto","background-attachment":"scroll","background-type":"","background-media":"","overlay-type":"","overlay-color":"","overlay-opacity":"","overlay-gradient":""},"mobile":{"background-color":"","background-image":"","background-repeat":"repeat","background-position":"center center","background-size":"auto","background-attachment":"scroll","background-type":"","background-media":"","overlay-type":"","overlay-color":"","overlay-opacity":"","overlay-gradient":""}},"ast-content-background-meta":{"desktop":{"background-color":"var(--ast-global-color-5)","background-image":"","background-repeat":"repeat","background-position":"center center","background-size":"auto","background-attachment":"scroll","background-type":"","background-media":"","overlay-type":"","overlay-color":"","overlay-opacity":"","overlay-gradient":""},"tablet":{"background-color":"var(--ast-global-color-5)","background-image":"","background-repeat":"repeat","background-position":"center center","background-size":"auto","background-attachment":"scroll","background-type":"","background-media":"","overlay-type":"","overlay-color":"","overlay-opacity":"","overlay-gradient":""},"mobile":{"background-color":"var(--ast-global-color-5)","background-image":"","background-repeat":"repeat","background-position":"center center","background-size":"auto","background-attachment":"scroll","background-type":"","background-media":"","overlay-type":"","overlay-color":"","overlay-opacity":"","overlay-gradient":""}},"footnotes":""},"class_list":["post-129495","page","type-page","status-publish","has-post-thumbnail","hentry"],"yoast_head":"<!-- This site is optimized with the Yoast SEO plugin v27.3 - https:\/\/yoast.com\/product\/yoast-seo-wordpress\/ -->\n<title>\u00dcbersetzungsdienstleistungen in die und aus der chinesischen Sprache - Trusted Translations, Inc.<\/title>\n<meta name=\"description\" content=\"Trusted Translations, Inc. \u00dcbersetzungsdienstleistungen f\u00fcr die chinesische Sprache Unsere muttersprachlichen \u00dcbersetzer liefern pr\u00e4zise und rechtzeitige \u00dcbersetzungen. Kontaktieren Sie uns f\u00fcr ein kostenloses Angebot.\" \/>\n<meta name=\"robots\" content=\"index, follow, max-snippet:-1, max-image-preview:large, max-video-preview:-1\" \/>\n<link rel=\"canonical\" href=\"https:\/\/www.trustedtranslations.com\/de\/sprache\/chinesisch\" \/>\n<meta property=\"og:locale\" content=\"de_DE\" \/>\n<meta property=\"og:type\" content=\"article\" \/>\n<meta property=\"og:title\" content=\"\u00dcbersetzungsdienstleistungen in die und aus der chinesischen Sprache - Trusted Translations, Inc.\" \/>\n<meta property=\"og:description\" content=\"Trusted Translations, Inc. \u00dcbersetzungsdienstleistungen f\u00fcr die chinesische Sprache Unsere muttersprachlichen \u00dcbersetzer liefern pr\u00e4zise und rechtzeitige \u00dcbersetzungen. Kontaktieren Sie uns f\u00fcr ein kostenloses Angebot.\" \/>\n<meta property=\"og:url\" content=\"https:\/\/www.trustedtranslations.com\/de\/sprache\/chinesisch\" \/>\n<meta property=\"og:site_name\" content=\"Trusted Translations, Inc.\" \/>\n<meta property=\"article:publisher\" content=\"https:\/\/www.facebook.com\/Trusted.Translations\" \/>\n<meta property=\"article:modified_time\" content=\"2024-09-02T18:02:32+00:00\" \/>\n<meta property=\"og:image\" content=\"https:\/\/static.trustedtranslations.com\/wp-content\/uploads\/2022\/03\/TT_NEW_FB-1.png\" \/>\n\t<meta property=\"og:image:width\" content=\"1038\" \/>\n\t<meta property=\"og:image:height\" content=\"1038\" \/>\n\t<meta property=\"og:image:type\" content=\"image\/png\" \/>\n<meta name=\"twitter:card\" content=\"summary_large_image\" \/>\n<meta name=\"twitter:site\" content=\"@TrustedT9ns\" \/>\n<script type=\"application\/ld+json\" class=\"yoast-schema-graph\">{\"@context\":\"https:\\\/\\\/schema.org\",\"@graph\":[{\"@type\":\"WebPage\",\"@id\":\"https:\\\/\\\/www.trustedtranslations.com\\\/de\\\/sprache\\\/chinesisch\",\"url\":\"https:\\\/\\\/www.trustedtranslations.com\\\/de\\\/sprache\\\/chinesisch\",\"name\":\"\u00dcbersetzungsdienstleistungen in die und aus der chinesischen Sprache - Trusted Translations, Inc.\",\"isPartOf\":{\"@id\":\"https:\\\/\\\/www.trustedtranslations.com\\\/de\\\/#website\"},\"primaryImageOfPage\":{\"@id\":\"https:\\\/\\\/www.trustedtranslations.com\\\/de\\\/sprache\\\/chinesisch#primaryimage\"},\"image\":{\"@id\":\"https:\\\/\\\/www.trustedtranslations.com\\\/de\\\/sprache\\\/chinesisch#primaryimage\"},\"thumbnailUrl\":\"https:\\\/\\\/www.trustedtranslations.com\\\/wp-content\\\/uploads\\\/2022\\\/03\\\/TT_NEW_FB-1.png\",\"description\":\"Trusted Translations, Inc. \u00dcbersetzungsdienstleistungen f\u00fcr die chinesische Sprache Unsere muttersprachlichen \u00dcbersetzer liefern pr\u00e4zise und rechtzeitige \u00dcbersetzungen. Kontaktieren Sie uns f\u00fcr ein kostenloses Angebot.\",\"breadcrumb\":{\"@id\":\"https:\\\/\\\/www.trustedtranslations.com\\\/de\\\/sprache\\\/chinesisch#breadcrumb\"},\"inLanguage\":\"de\",\"potentialAction\":[{\"@type\":\"ReadAction\",\"target\":[\"https:\\\/\\\/www.trustedtranslations.com\\\/de\\\/sprache\\\/chinesisch\"]}]},{\"@type\":\"ImageObject\",\"inLanguage\":\"de\",\"@id\":\"https:\\\/\\\/www.trustedtranslations.com\\\/de\\\/sprache\\\/chinesisch#primaryimage\",\"url\":\"https:\\\/\\\/www.trustedtranslations.com\\\/wp-content\\\/uploads\\\/2022\\\/03\\\/TT_NEW_FB-1.png\",\"contentUrl\":\"https:\\\/\\\/www.trustedtranslations.com\\\/wp-content\\\/uploads\\\/2022\\\/03\\\/TT_NEW_FB-1.png\",\"width\":1038,\"height\":1038,\"caption\":\"TT NEW FB 1\"},{\"@type\":\"BreadcrumbList\",\"@id\":\"https:\\\/\\\/www.trustedtranslations.com\\\/de\\\/sprache\\\/chinesisch#breadcrumb\",\"itemListElement\":[{\"@type\":\"ListItem\",\"position\":1,\"name\":\"Home\",\"item\":\"https:\\\/\\\/www.trustedtranslations.com\\\/de\"},{\"@type\":\"ListItem\",\"position\":2,\"name\":\"Sprachen\",\"item\":\"https:\\\/\\\/www.trustedtranslations.com\\\/de\\\/sprache\"},{\"@type\":\"ListItem\",\"position\":3,\"name\":\"Chinesisch\"}]},{\"@type\":\"WebSite\",\"@id\":\"https:\\\/\\\/www.trustedtranslations.com\\\/de\\\/#website\",\"url\":\"https:\\\/\\\/www.trustedtranslations.com\\\/de\\\/\",\"name\":\"Trusted Translations, Inc.\",\"description\":\"Leader in translation and interpretation services.\",\"publisher\":{\"@id\":\"https:\\\/\\\/www.trustedtranslations.com\\\/de\\\/#organization\"},\"alternateName\":\"Trusted Translations\",\"potentialAction\":[{\"@type\":\"SearchAction\",\"target\":{\"@type\":\"EntryPoint\",\"urlTemplate\":\"https:\\\/\\\/www.trustedtranslations.com\\\/de\\\/?s={search_term_string}\"},\"query-input\":{\"@type\":\"PropertyValueSpecification\",\"valueRequired\":true,\"valueName\":\"search_term_string\"}}],\"inLanguage\":\"de\"},{\"@type\":\"Organization\",\"@id\":\"https:\\\/\\\/www.trustedtranslations.com\\\/de\\\/#organization\",\"name\":\"Trusted Translations\",\"alternateName\":\"Trusted Translations, Inc.\",\"url\":\"https:\\\/\\\/www.trustedtranslations.com\\\/de\\\/\",\"logo\":{\"@type\":\"ImageObject\",\"inLanguage\":\"de\",\"@id\":\"https:\\\/\\\/www.trustedtranslations.com\\\/de\\\/#\\\/schema\\\/logo\\\/image\\\/\",\"url\":\"https:\\\/\\\/static.trustedtranslations.com\\\/wp-content\\\/uploads\\\/2022\\\/01\\\/TT_logo_WSIColors-2.png\",\"contentUrl\":\"https:\\\/\\\/static.trustedtranslations.com\\\/wp-content\\\/uploads\\\/2022\\\/01\\\/TT_logo_WSIColors-2.png\",\"width\":500,\"height\":196,\"caption\":\"Trusted Translations\"},\"image\":{\"@id\":\"https:\\\/\\\/www.trustedtranslations.com\\\/de\\\/#\\\/schema\\\/logo\\\/image\\\/\"},\"sameAs\":[\"https:\\\/\\\/www.facebook.com\\\/Trusted.Translations\",\"https:\\\/\\\/x.com\\\/TrustedT9ns\",\"https:\\\/\\\/www.linkedin.com\\\/company\\\/trusted-translations\"]}]}<\/script>\n<!-- \/ Yoast SEO plugin. -->","yoast_head_json":{"title":"\u00dcbersetzungsdienstleistungen in die und aus der chinesischen Sprache - Trusted Translations, Inc.","description":"Trusted Translations, Inc. \u00dcbersetzungsdienstleistungen f\u00fcr die chinesische Sprache Unsere muttersprachlichen \u00dcbersetzer liefern pr\u00e4zise und rechtzeitige \u00dcbersetzungen. Kontaktieren Sie uns f\u00fcr ein kostenloses Angebot.","robots":{"index":"index","follow":"follow","max-snippet":"max-snippet:-1","max-image-preview":"max-image-preview:large","max-video-preview":"max-video-preview:-1"},"canonical":"https:\/\/www.trustedtranslations.com\/de\/sprache\/chinesisch","og_locale":"de_DE","og_type":"article","og_title":"\u00dcbersetzungsdienstleistungen in die und aus der chinesischen Sprache - Trusted Translations, Inc.","og_description":"Trusted Translations, Inc. \u00dcbersetzungsdienstleistungen f\u00fcr die chinesische Sprache Unsere muttersprachlichen \u00dcbersetzer liefern pr\u00e4zise und rechtzeitige \u00dcbersetzungen. Kontaktieren Sie uns f\u00fcr ein kostenloses Angebot.","og_url":"https:\/\/www.trustedtranslations.com\/de\/sprache\/chinesisch","og_site_name":"Trusted Translations, Inc.","article_publisher":"https:\/\/www.facebook.com\/Trusted.Translations","article_modified_time":"2024-09-02T18:02:32+00:00","og_image":[{"width":1038,"height":1038,"url":"https:\/\/static.trustedtranslations.com\/wp-content\/uploads\/2022\/03\/TT_NEW_FB-1.png","type":"image\/png"}],"twitter_card":"summary_large_image","twitter_site":"@TrustedT9ns","schema":{"@context":"https:\/\/schema.org","@graph":[{"@type":"WebPage","@id":"https:\/\/www.trustedtranslations.com\/de\/sprache\/chinesisch","url":"https:\/\/www.trustedtranslations.com\/de\/sprache\/chinesisch","name":"\u00dcbersetzungsdienstleistungen in die und aus der chinesischen Sprache - Trusted Translations, Inc.","isPartOf":{"@id":"https:\/\/www.trustedtranslations.com\/de\/#website"},"primaryImageOfPage":{"@id":"https:\/\/www.trustedtranslations.com\/de\/sprache\/chinesisch#primaryimage"},"image":{"@id":"https:\/\/www.trustedtranslations.com\/de\/sprache\/chinesisch#primaryimage"},"thumbnailUrl":"https:\/\/www.trustedtranslations.com\/wp-content\/uploads\/2022\/03\/TT_NEW_FB-1.png","description":"Trusted Translations, Inc. \u00dcbersetzungsdienstleistungen f\u00fcr die chinesische Sprache Unsere muttersprachlichen \u00dcbersetzer liefern pr\u00e4zise und rechtzeitige \u00dcbersetzungen. Kontaktieren Sie uns f\u00fcr ein kostenloses Angebot.","breadcrumb":{"@id":"https:\/\/www.trustedtranslations.com\/de\/sprache\/chinesisch#breadcrumb"},"inLanguage":"de","potentialAction":[{"@type":"ReadAction","target":["https:\/\/www.trustedtranslations.com\/de\/sprache\/chinesisch"]}]},{"@type":"ImageObject","inLanguage":"de","@id":"https:\/\/www.trustedtranslations.com\/de\/sprache\/chinesisch#primaryimage","url":"https:\/\/www.trustedtranslations.com\/wp-content\/uploads\/2022\/03\/TT_NEW_FB-1.png","contentUrl":"https:\/\/www.trustedtranslations.com\/wp-content\/uploads\/2022\/03\/TT_NEW_FB-1.png","width":1038,"height":1038,"caption":"TT NEW FB 1"},{"@type":"BreadcrumbList","@id":"https:\/\/www.trustedtranslations.com\/de\/sprache\/chinesisch#breadcrumb","itemListElement":[{"@type":"ListItem","position":1,"name":"Home","item":"https:\/\/www.trustedtranslations.com\/de"},{"@type":"ListItem","position":2,"name":"Sprachen","item":"https:\/\/www.trustedtranslations.com\/de\/sprache"},{"@type":"ListItem","position":3,"name":"Chinesisch"}]},{"@type":"WebSite","@id":"https:\/\/www.trustedtranslations.com\/de\/#website","url":"https:\/\/www.trustedtranslations.com\/de\/","name":"Trusted Translations, Inc.","description":"Leader in translation and interpretation services.","publisher":{"@id":"https:\/\/www.trustedtranslations.com\/de\/#organization"},"alternateName":"Trusted Translations","potentialAction":[{"@type":"SearchAction","target":{"@type":"EntryPoint","urlTemplate":"https:\/\/www.trustedtranslations.com\/de\/?s={search_term_string}"},"query-input":{"@type":"PropertyValueSpecification","valueRequired":true,"valueName":"search_term_string"}}],"inLanguage":"de"},{"@type":"Organization","@id":"https:\/\/www.trustedtranslations.com\/de\/#organization","name":"Trusted Translations","alternateName":"Trusted Translations, Inc.","url":"https:\/\/www.trustedtranslations.com\/de\/","logo":{"@type":"ImageObject","inLanguage":"de","@id":"https:\/\/www.trustedtranslations.com\/de\/#\/schema\/logo\/image\/","url":"https:\/\/static.trustedtranslations.com\/wp-content\/uploads\/2022\/01\/TT_logo_WSIColors-2.png","contentUrl":"https:\/\/static.trustedtranslations.com\/wp-content\/uploads\/2022\/01\/TT_logo_WSIColors-2.png","width":500,"height":196,"caption":"Trusted Translations"},"image":{"@id":"https:\/\/www.trustedtranslations.com\/de\/#\/schema\/logo\/image\/"},"sameAs":["https:\/\/www.facebook.com\/Trusted.Translations","https:\/\/x.com\/TrustedT9ns","https:\/\/www.linkedin.com\/company\/trusted-translations"]}]}},"toolset-meta":{"dyk":{"mensaje-1":{"type":"textfield","raw":""},"mensaje-2":{"type":"textfield","raw":"Chinesisch ist mit \u00fcber 1 Milliarde Sprechern die am weitesten verbreitete Sprache der Welt."},"mensaje-3":{"type":"textfield","raw":"Mandarin-Chinesisch ist die am h\u00e4ufigsten verwendete Sprache der Welt, gefolgt von Englisch und Spanisch."},"mensaje-4":{"type":"textfield","raw":""},"mensaje-5":{"type":"textfield","raw":""},"mensaje-6":{"type":"textfield","raw":""}},"single-page-template-fields":{"imgs-temp":{"type":"image","raw":["https:\/\/static.trustedtranslations.com\/wp-content\/uploads\/2024\/05\/chinese-final-1.webp"],"repeatable":[{"raw":"https:\/\/static.trustedtranslations.com\/wp-content\/uploads\/2024\/05\/chinese-final-1.webp"}]},"imgs-temp-cel":{"type":"image","raw":[""],"repeatable":[{"raw":""}]},"img-temp-one-cel":{"type":"image","raw":"https:\/\/static.trustedtranslations.com\/wp-content\/uploads\/2024\/05\/AdobeStock_178794431-1-1.webp","attachment_id":null},"quotes":{"type":"textarea","raw":"<h1 style=\"margin-bottom: 12px;\">\u00dcbersetzungsdienstleistungen in die und aus der chinesischen Sprache<\/h1>Mit \u00fcber 1,3 Milliarden Sprechern weltweit ist Chinesisch eine der beliebtesten Sprachen der Welt, ganz zu schweigen von der am zweith\u00e4ufigsten verwendeten Sprache im Internet. Ob im Gesch\u00e4ft oder bei Software, eLearning oder Unterhaltung, chinesische \u00dcbersetzungen sind eine absolute Notwendigkeit f\u00fcr jedes globales Unternehmen, in jeder Branche. Trusted Translations bietet qualitativ hochwertige Chinesisch-\u00dcbersetzungsdienste zu wettbewerbsf\u00e4higen Preisen in traditionellem Chinesisch und vereinfachtem Chinesisch.<div style=\"margin-top: 2.5vw;\"><a class=\"tt-btn-main-cta\" href=\"\/de\/angebot\">KOSTENLOSEN KOSTENVORANSCHLAG ANFORDERN<\/a><\/div>"},"text-1":{"type":"textarea","raw":"<h2 style=\"margin-bottom:20px\">Chinesische gesprochene Dialekte und \u201eklassische\u201c schriftliche chinesische Sprache<\/h2>\r\nDer Ursprung der chinesischen Schriftzeichen l\u00e4sst sich bis ins sp\u00e4te 2. Jahrtausend v. Chr. zur\u00fcckverfolgen, als Schriften in Orakelknochen eingraviert wurden. Der Legende nach wurden diese Charaktere vom legend\u00e4ren C\u0101ngji\u00e9 erschaffen. Inspiriert von den Fu\u00dfabdr\u00fccken von V\u00f6geln und Tieren versuchte er, die Natur schriftlich nachzuahmen. Diese primitiven Hieroglyphen stellten jeweils ein Konzept dar und waren das erste Erscheinen der Sprache. Mit der Zeit entwickelte sie sich zu einfacheren Zeichen, die durch eine Reihe von Pinselstrichen gebildet wurden. Infolgedessen ist die chinesische Kalligraphie nicht nur ein Schriftsystem; sie gilt auch als komplexe und raffinierte Kunstform.\r\n\r\nDerzeit ist sie mit \u00fcber 1 Milliarde Menschen, die irgendeine Form von Chinesisch sprechen, die am weitesten verbreitete Sprache der Welt, wobei nur Muttersprachler gez\u00e4hlt werden. Dennoch haben sich innerhalb dieser weit verbreiteten Sprache viele verschiedene Dialekte entwickelt, die sich aufgrund regionaler Unterschiede vor allem in ihrer Phonologie und nur in geringerem Ma\u00dfe in Wortschatz und Syntax unterscheiden. Bei der Schriftform des Chinesischen handelt es sich um eine \u201eklassische\u201c Form der Sprache, die keinem regionalen Dialekt eigen war. Heutzutage gibt es zwei Hauptschriftformen des Chinesischen, das traditionelle Chinesisch und das vereinfachte Chinesisch.\r\n<h2 style=\"margin-bottom:20px\">Vereinfachtes Chinesisch und traditionelles Chinesisch<\/h2>\r\nAb den 1950er Jahren wurde die klassische (\u201etraditionelle\u201c) geschriebene Sprache durch eine \u201evereinfachte\u201c ersetzt, um die Alphabetisierungsrate in China zu erh\u00f6hen. Die Sprache wurde vereinfacht, indem Stiftstriche in vielen Zeichen reduziert wurden. Die Verwendung von vereinfachten Schriftzeichen hat sich inzwischen in Festlandchina verbreitet, w\u00e4hrend die im Ausland lebenden Personen weiterhin die traditionellen, nicht vereinfachten Schriftzeichen verwenden (Taiwan, Hongkong und Macao). Der grundlegende Unterschied zwischen den beiden Zeichenarten besteht darin, dass die traditionelle Form immer noch auf fr\u00fcheren Zeichen basiert und mehr Striche verwendet, w\u00e4hrend die moderneren, vereinfachten Zeichen viel einfacher sind.\r\n\r\nWir bieten einigen der weltweit f\u00fchrenden Unternehmen und Organisationen professionelle \u00dcbersetzungsl\u00f6sungen f\u00fcr vereinfachtes Chinesisch (haupts\u00e4chlich in Festlandchina verwendet) und traditionelles Chinesisch (haupts\u00e4chlich in Taiwan, Hongkong und Macao verwendet).\u00a0<em>Trusted Translations<\/em> ist stolz darauf, unseren Kunden qualitativ hochwertige professionelle \u00dcbersetzungen in die und aus der vereinfachten chinesischen und der traditionellen chinesischen Sprache zu wettbewerbsf\u00e4higen Preisen bieten zu k\u00f6nnen."},"shortcode-map":{"type":"textfield","raw":""},"dyk-shortcode":{"type":"textfield","raw":"[elementor-template id=\"146647\"]"},"text-2":{"type":"textarea","raw":"<h2 style=\"margin-bottom:20px\">Mandarin und Kantonesisch<\/h2>\r\nEs sollte auch angemerkt werden, dass Mandarin nicht vereinfachtes Chinesisch und Kantonesisch kein traditionelles Chinesisch ist. Mandarin und Kantonesisch sind gesprochene Sprachen. Mandarin ist die standardm\u00e4\u00dfig gesprochene und offizielle Sprache f\u00fcr Festlandchina und Taiwan. Kantonesisch ist eine in bestimmten Gebieten Chinas (Provinz Guangdong) und auch in Hongkong und Macao gesprochene Sprache. Kantonesisch ist ein Dialekt, der in Guangdong (geh\u00f6rt zu Festlandchina) verwendet wird. Kantonesisch ist ebenso eine der offiziellen Sprachen, die in Hong Kong und Macao verwendet werden. Mit anderen Worten, vereinfachtes Chinesisch ist die offizielle Schriftsprache, die in Festlandchina verwendet wird, und traditionelles Chinesisch ist die offizielle Schriftsprache, die in Hongkong, Macao und Taiwan verwendet wird.\r\n<h2 style=\"margin-bottom:20px\">Lokalisierung der chinesischen Sprache entsprechend Ihrem Zielmarkt<\/h2>\r\nVereinfachte chinesische Schriftzeichen werden in fast ganz China, Singapur und Malaysia verwendet, w\u00e4hrend traditionelle chinesische Schriftzeichen in Taiwan, Hongkong und Macao verwendet werden. Dies muss ber\u00fccksichtigt werden, denn wenn jemand zum Beispiel eine \u00dcbersetzung f\u00fcr Taipei ben\u00f6tigt, muss er sein Material in traditionelles Chinesisch \u00fcbersetzen. \u00c4hnlich, wenn jemand eine \u00dcbersetzung nach Peking senden muss, muss diese in vereinfachtem Chinesisch angefertigt werden. Dar\u00fcber hinaus unterscheidet sich die Verwendung von traditionellem Chinesisch in Taiwan und Hongkong etwas von traditionellem Chinesisch, das in anderen Regionen verwendet wird. Bei all diesen Unterschieden ist es wichtig, die chinesische Sprache entsprechend Ihrem Zielmarkt zu lokalisieren. Egal, ob Sie Ihr Gesch\u00e4ft nach Osten ausdehnen oder lokale chinesische Gemeinschaften ansprechen m\u00f6chten, wir k\u00f6nnen Ihnen mit unserem hochqualifizierten \u00dcbersetzerteam helfen.\r\n<h2 style=\"margin-bottom:20px\">Expertenteams f\u00fcr \u00dcbersetzungen in das Chinesische und aus dem Chinesischen<\/h2>\r\nWir haben Teams f\u00fcr vereinfachtes und traditionelles Chinesisch zusammengestellt, die alle an verschiedenen Standorten leben, so dass wir Ihre \u00dcbersetzung in die chinesische Sprache f\u00fcr Ihre spezifische Zielgruppe lokalisieren k\u00f6nnen, sei es auf dem chinesischen Festland, in Macao, Hongkong oder Taiwan. Alle unsere \u00dcbersetzer verf\u00fcgen \u00fcber eine Reihe von F\u00e4higkeiten und Fachgebieten und sind mit der Komplexit\u00e4t der chinesischen Sprache wohl vertraut. Wir passen das Wissen und die St\u00e4rken unserer \u00dcbersetzerteams f\u00fcr die chinesische Sprache individuell an Ihr spezifisches Projekt und Ihre spezifischen Bed\u00fcrfnisse f\u00fcr den chinesischen Markt an.\r\n\r\nOb Sie vereinfachtes oder traditionelles Chinesisch ben\u00f6tigen, <em>Trusted Translations<\/em> bietet die L\u00f6sung aus einer Hand f\u00fcr Ihre \u00dcbersetzungsbed\u00fcrfnisse in die chinesische Sprache."},"state":{"type":"textfield","raw":""},"city":{"type":"textarea","raw":[]}}},"_links":{"self":[{"href":"https:\/\/www.trustedtranslations.com\/de\/wp-json\/wp\/v2\/pages\/129495","targetHints":{"allow":["GET"]}}],"collection":[{"href":"https:\/\/www.trustedtranslations.com\/de\/wp-json\/wp\/v2\/pages"}],"about":[{"href":"https:\/\/www.trustedtranslations.com\/de\/wp-json\/wp\/v2\/types\/page"}],"author":[{"embeddable":true,"href":"https:\/\/www.trustedtranslations.com\/de\/wp-json\/wp\/v2\/users\/1"}],"replies":[{"embeddable":true,"href":"https:\/\/www.trustedtranslations.com\/de\/wp-json\/wp\/v2\/comments?post=129495"}],"version-history":[{"count":0,"href":"https:\/\/www.trustedtranslations.com\/de\/wp-json\/wp\/v2\/pages\/129495\/revisions"}],"up":[{"embeddable":true,"href":"https:\/\/www.trustedtranslations.com\/de\/wp-json\/wp\/v2\/pages\/129506"}],"wp:featuredmedia":[{"embeddable":true,"href":"https:\/\/www.trustedtranslations.com\/de\/wp-json\/wp\/v2\/media\/139628"}],"wp:attachment":[{"href":"https:\/\/www.trustedtranslations.com\/de\/wp-json\/wp\/v2\/media?parent=129495"}],"curies":[{"name":"wp","href":"https:\/\/api.w.org\/{rel}","templated":true}]}}