{"id":129499,"date":"2018-08-03T20:15:44","date_gmt":"2018-08-03T20:15:44","guid":{"rendered":"https:\/\/www.trustedtranslations.com\/?page_id=129499"},"modified":"2024-09-03T15:55:32","modified_gmt":"2024-09-03T18:55:32","slug":"ueber-uns","status":"publish","type":"page","link":"https:\/\/www.trustedtranslations.com\/de\/ueber-uns","title":{"rendered":"\u00dcber uns"},"content":{"rendered":"","protected":false},"excerpt":{"rendered":"","protected":false},"author":1,"featured_media":139628,"parent":0,"menu_order":40,"comment_status":"closed","ping_status":"closed","template":"","meta":{"site-sidebar-layout":"default","site-content-layout":"default","ast-site-content-layout":"default","site-content-style":"default","site-sidebar-style":"default","ast-global-header-display":"","ast-banner-title-visibility":"","ast-main-header-display":"","ast-hfb-above-header-display":"","ast-hfb-below-header-display":"","ast-hfb-mobile-header-display":"","site-post-title":"disabled","ast-breadcrumbs-content":"","ast-featured-img":"","footer-sml-layout":"","ast-disable-related-posts":"","theme-transparent-header-meta":"default","adv-header-id-meta":"","stick-header-meta":"","header-above-stick-meta":"","header-main-stick-meta":"","header-below-stick-meta":"","astra-migrate-meta-layouts":"set","ast-page-background-enabled":"default","ast-page-background-meta":{"desktop":{"background-color":"var(--ast-global-color-4)","background-image":"","background-repeat":"repeat","background-position":"center center","background-size":"auto","background-attachment":"scroll","background-type":"","background-media":"","overlay-type":"","overlay-color":"","overlay-opacity":"","overlay-gradient":""},"tablet":{"background-color":"","background-image":"","background-repeat":"repeat","background-position":"center center","background-size":"auto","background-attachment":"scroll","background-type":"","background-media":"","overlay-type":"","overlay-color":"","overlay-opacity":"","overlay-gradient":""},"mobile":{"background-color":"","background-image":"","background-repeat":"repeat","background-position":"center center","background-size":"auto","background-attachment":"scroll","background-type":"","background-media":"","overlay-type":"","overlay-color":"","overlay-opacity":"","overlay-gradient":""}},"ast-content-background-meta":{"desktop":{"background-color":"var(--ast-global-color-5)","background-image":"","background-repeat":"repeat","background-position":"center center","background-size":"auto","background-attachment":"scroll","background-type":"","background-media":"","overlay-type":"","overlay-color":"","overlay-opacity":"","overlay-gradient":""},"tablet":{"background-color":"var(--ast-global-color-5)","background-image":"","background-repeat":"repeat","background-position":"center center","background-size":"auto","background-attachment":"scroll","background-type":"","background-media":"","overlay-type":"","overlay-color":"","overlay-opacity":"","overlay-gradient":""},"mobile":{"background-color":"var(--ast-global-color-5)","background-image":"","background-repeat":"repeat","background-position":"center center","background-size":"auto","background-attachment":"scroll","background-type":"","background-media":"","overlay-type":"","overlay-color":"","overlay-opacity":"","overlay-gradient":""}},"footnotes":""},"class_list":["post-129499","page","type-page","status-publish","has-post-thumbnail","hentry"],"yoast_head":"<!-- This site is optimized with the Yoast SEO plugin v27.3 - https:\/\/yoast.com\/product\/yoast-seo-wordpress\/ -->\n<title>F\u00fchrendes \u00dcbersetzungsunternehmen \u2013 Trusted Translations, Inc.<\/title>\n<meta name=\"description\" content=\"Trusted Translations, Inc. ist ein erfahrenes \u00dcbersetzungsunternehmen. Unser \u00dcbersetzungsb\u00fcro ist auf komplexe und umfangreiche \u00dcbersetzungen spezialisiert. Fordern Sie jetzt ein kostenloses Angebot an.\" \/>\n<meta name=\"robots\" content=\"index, follow, max-snippet:-1, max-image-preview:large, max-video-preview:-1\" \/>\n<link rel=\"canonical\" href=\"https:\/\/www.trustedtranslations.com\/de\/ueber-uns\" \/>\n<meta property=\"og:locale\" content=\"de_DE\" \/>\n<meta property=\"og:type\" content=\"article\" \/>\n<meta property=\"og:title\" content=\"F\u00fchrendes \u00dcbersetzungsunternehmen \u2013 Trusted Translations, Inc.\" \/>\n<meta property=\"og:description\" content=\"Trusted Translations, Inc. ist ein erfahrenes \u00dcbersetzungsunternehmen. Unser \u00dcbersetzungsb\u00fcro ist auf komplexe und umfangreiche \u00dcbersetzungen spezialisiert. Fordern Sie jetzt ein kostenloses Angebot an.\" \/>\n<meta property=\"og:url\" content=\"https:\/\/www.trustedtranslations.com\/de\/ueber-uns\" \/>\n<meta property=\"og:site_name\" content=\"Trusted Translations, Inc.\" \/>\n<meta property=\"article:publisher\" content=\"https:\/\/www.facebook.com\/Trusted.Translations\" \/>\n<meta property=\"article:modified_time\" content=\"2024-09-03T18:55:32+00:00\" \/>\n<meta property=\"og:image\" content=\"https:\/\/static.trustedtranslations.com\/wp-content\/uploads\/2022\/03\/TT_NEW_FB-1.png\" \/>\n\t<meta property=\"og:image:width\" content=\"1038\" \/>\n\t<meta property=\"og:image:height\" content=\"1038\" \/>\n\t<meta property=\"og:image:type\" content=\"image\/png\" \/>\n<meta name=\"twitter:card\" content=\"summary_large_image\" \/>\n<meta name=\"twitter:site\" content=\"@TrustedT9ns\" \/>\n<script type=\"application\/ld+json\" class=\"yoast-schema-graph\">{\"@context\":\"https:\\\/\\\/schema.org\",\"@graph\":[{\"@type\":\"WebPage\",\"@id\":\"https:\\\/\\\/www.trustedtranslations.com\\\/de\\\/ueber-uns\",\"url\":\"https:\\\/\\\/www.trustedtranslations.com\\\/de\\\/ueber-uns\",\"name\":\"F\u00fchrendes \u00dcbersetzungsunternehmen \u2013 Trusted Translations, Inc.\",\"isPartOf\":{\"@id\":\"https:\\\/\\\/www.trustedtranslations.com\\\/de\\\/#website\"},\"primaryImageOfPage\":{\"@id\":\"https:\\\/\\\/www.trustedtranslations.com\\\/de\\\/ueber-uns#primaryimage\"},\"image\":{\"@id\":\"https:\\\/\\\/www.trustedtranslations.com\\\/de\\\/ueber-uns#primaryimage\"},\"thumbnailUrl\":\"https:\\\/\\\/www.trustedtranslations.com\\\/wp-content\\\/uploads\\\/2022\\\/03\\\/TT_NEW_FB-1.png\",\"description\":\"Trusted Translations, Inc. ist ein erfahrenes \u00dcbersetzungsunternehmen. Unser \u00dcbersetzungsb\u00fcro ist auf komplexe und umfangreiche \u00dcbersetzungen spezialisiert. Fordern Sie jetzt ein kostenloses Angebot an.\",\"breadcrumb\":{\"@id\":\"https:\\\/\\\/www.trustedtranslations.com\\\/de\\\/ueber-uns#breadcrumb\"},\"inLanguage\":\"de\",\"potentialAction\":[{\"@type\":\"ReadAction\",\"target\":[\"https:\\\/\\\/www.trustedtranslations.com\\\/de\\\/ueber-uns\"]}]},{\"@type\":\"ImageObject\",\"inLanguage\":\"de\",\"@id\":\"https:\\\/\\\/www.trustedtranslations.com\\\/de\\\/ueber-uns#primaryimage\",\"url\":\"https:\\\/\\\/www.trustedtranslations.com\\\/wp-content\\\/uploads\\\/2022\\\/03\\\/TT_NEW_FB-1.png\",\"contentUrl\":\"https:\\\/\\\/www.trustedtranslations.com\\\/wp-content\\\/uploads\\\/2022\\\/03\\\/TT_NEW_FB-1.png\",\"width\":1038,\"height\":1038,\"caption\":\"TT NEW FB 1\"},{\"@type\":\"BreadcrumbList\",\"@id\":\"https:\\\/\\\/www.trustedtranslations.com\\\/de\\\/ueber-uns#breadcrumb\",\"itemListElement\":[{\"@type\":\"ListItem\",\"position\":1,\"name\":\"Home\",\"item\":\"https:\\\/\\\/www.trustedtranslations.com\\\/de\"},{\"@type\":\"ListItem\",\"position\":2,\"name\":\"\u00dcber uns\"}]},{\"@type\":\"WebSite\",\"@id\":\"https:\\\/\\\/www.trustedtranslations.com\\\/de\\\/#website\",\"url\":\"https:\\\/\\\/www.trustedtranslations.com\\\/de\\\/\",\"name\":\"Trusted Translations, Inc.\",\"description\":\"Leader in translation and interpretation services.\",\"publisher\":{\"@id\":\"https:\\\/\\\/www.trustedtranslations.com\\\/de\\\/#organization\"},\"alternateName\":\"Trusted Translations\",\"potentialAction\":[{\"@type\":\"SearchAction\",\"target\":{\"@type\":\"EntryPoint\",\"urlTemplate\":\"https:\\\/\\\/www.trustedtranslations.com\\\/de\\\/?s={search_term_string}\"},\"query-input\":{\"@type\":\"PropertyValueSpecification\",\"valueRequired\":true,\"valueName\":\"search_term_string\"}}],\"inLanguage\":\"de\"},{\"@type\":\"Organization\",\"@id\":\"https:\\\/\\\/www.trustedtranslations.com\\\/de\\\/#organization\",\"name\":\"Trusted Translations\",\"alternateName\":\"Trusted Translations, Inc.\",\"url\":\"https:\\\/\\\/www.trustedtranslations.com\\\/de\\\/\",\"logo\":{\"@type\":\"ImageObject\",\"inLanguage\":\"de\",\"@id\":\"https:\\\/\\\/www.trustedtranslations.com\\\/de\\\/#\\\/schema\\\/logo\\\/image\\\/\",\"url\":\"https:\\\/\\\/static.trustedtranslations.com\\\/wp-content\\\/uploads\\\/2022\\\/01\\\/TT_logo_WSIColors-2.png\",\"contentUrl\":\"https:\\\/\\\/static.trustedtranslations.com\\\/wp-content\\\/uploads\\\/2022\\\/01\\\/TT_logo_WSIColors-2.png\",\"width\":500,\"height\":196,\"caption\":\"Trusted Translations\"},\"image\":{\"@id\":\"https:\\\/\\\/www.trustedtranslations.com\\\/de\\\/#\\\/schema\\\/logo\\\/image\\\/\"},\"sameAs\":[\"https:\\\/\\\/www.facebook.com\\\/Trusted.Translations\",\"https:\\\/\\\/x.com\\\/TrustedT9ns\",\"https:\\\/\\\/www.linkedin.com\\\/company\\\/trusted-translations\"]}]}<\/script>\n<!-- \/ Yoast SEO plugin. -->","yoast_head_json":{"title":"F\u00fchrendes \u00dcbersetzungsunternehmen \u2013 Trusted Translations, Inc.","description":"Trusted Translations, Inc. ist ein erfahrenes \u00dcbersetzungsunternehmen. Unser \u00dcbersetzungsb\u00fcro ist auf komplexe und umfangreiche \u00dcbersetzungen spezialisiert. Fordern Sie jetzt ein kostenloses Angebot an.","robots":{"index":"index","follow":"follow","max-snippet":"max-snippet:-1","max-image-preview":"max-image-preview:large","max-video-preview":"max-video-preview:-1"},"canonical":"https:\/\/www.trustedtranslations.com\/de\/ueber-uns","og_locale":"de_DE","og_type":"article","og_title":"F\u00fchrendes \u00dcbersetzungsunternehmen \u2013 Trusted Translations, Inc.","og_description":"Trusted Translations, Inc. ist ein erfahrenes \u00dcbersetzungsunternehmen. Unser \u00dcbersetzungsb\u00fcro ist auf komplexe und umfangreiche \u00dcbersetzungen spezialisiert. Fordern Sie jetzt ein kostenloses Angebot an.","og_url":"https:\/\/www.trustedtranslations.com\/de\/ueber-uns","og_site_name":"Trusted Translations, Inc.","article_publisher":"https:\/\/www.facebook.com\/Trusted.Translations","article_modified_time":"2024-09-03T18:55:32+00:00","og_image":[{"width":1038,"height":1038,"url":"https:\/\/static.trustedtranslations.com\/wp-content\/uploads\/2022\/03\/TT_NEW_FB-1.png","type":"image\/png"}],"twitter_card":"summary_large_image","twitter_site":"@TrustedT9ns","schema":{"@context":"https:\/\/schema.org","@graph":[{"@type":"WebPage","@id":"https:\/\/www.trustedtranslations.com\/de\/ueber-uns","url":"https:\/\/www.trustedtranslations.com\/de\/ueber-uns","name":"F\u00fchrendes \u00dcbersetzungsunternehmen \u2013 Trusted Translations, Inc.","isPartOf":{"@id":"https:\/\/www.trustedtranslations.com\/de\/#website"},"primaryImageOfPage":{"@id":"https:\/\/www.trustedtranslations.com\/de\/ueber-uns#primaryimage"},"image":{"@id":"https:\/\/www.trustedtranslations.com\/de\/ueber-uns#primaryimage"},"thumbnailUrl":"https:\/\/www.trustedtranslations.com\/wp-content\/uploads\/2022\/03\/TT_NEW_FB-1.png","description":"Trusted Translations, Inc. ist ein erfahrenes \u00dcbersetzungsunternehmen. Unser \u00dcbersetzungsb\u00fcro ist auf komplexe und umfangreiche \u00dcbersetzungen spezialisiert. Fordern Sie jetzt ein kostenloses Angebot an.","breadcrumb":{"@id":"https:\/\/www.trustedtranslations.com\/de\/ueber-uns#breadcrumb"},"inLanguage":"de","potentialAction":[{"@type":"ReadAction","target":["https:\/\/www.trustedtranslations.com\/de\/ueber-uns"]}]},{"@type":"ImageObject","inLanguage":"de","@id":"https:\/\/www.trustedtranslations.com\/de\/ueber-uns#primaryimage","url":"https:\/\/www.trustedtranslations.com\/wp-content\/uploads\/2022\/03\/TT_NEW_FB-1.png","contentUrl":"https:\/\/www.trustedtranslations.com\/wp-content\/uploads\/2022\/03\/TT_NEW_FB-1.png","width":1038,"height":1038,"caption":"TT NEW FB 1"},{"@type":"BreadcrumbList","@id":"https:\/\/www.trustedtranslations.com\/de\/ueber-uns#breadcrumb","itemListElement":[{"@type":"ListItem","position":1,"name":"Home","item":"https:\/\/www.trustedtranslations.com\/de"},{"@type":"ListItem","position":2,"name":"\u00dcber uns"}]},{"@type":"WebSite","@id":"https:\/\/www.trustedtranslations.com\/de\/#website","url":"https:\/\/www.trustedtranslations.com\/de\/","name":"Trusted Translations, Inc.","description":"Leader in translation and interpretation services.","publisher":{"@id":"https:\/\/www.trustedtranslations.com\/de\/#organization"},"alternateName":"Trusted Translations","potentialAction":[{"@type":"SearchAction","target":{"@type":"EntryPoint","urlTemplate":"https:\/\/www.trustedtranslations.com\/de\/?s={search_term_string}"},"query-input":{"@type":"PropertyValueSpecification","valueRequired":true,"valueName":"search_term_string"}}],"inLanguage":"de"},{"@type":"Organization","@id":"https:\/\/www.trustedtranslations.com\/de\/#organization","name":"Trusted Translations","alternateName":"Trusted Translations, Inc.","url":"https:\/\/www.trustedtranslations.com\/de\/","logo":{"@type":"ImageObject","inLanguage":"de","@id":"https:\/\/www.trustedtranslations.com\/de\/#\/schema\/logo\/image\/","url":"https:\/\/static.trustedtranslations.com\/wp-content\/uploads\/2022\/01\/TT_logo_WSIColors-2.png","contentUrl":"https:\/\/static.trustedtranslations.com\/wp-content\/uploads\/2022\/01\/TT_logo_WSIColors-2.png","width":500,"height":196,"caption":"Trusted Translations"},"image":{"@id":"https:\/\/www.trustedtranslations.com\/de\/#\/schema\/logo\/image\/"},"sameAs":["https:\/\/www.facebook.com\/Trusted.Translations","https:\/\/x.com\/TrustedT9ns","https:\/\/www.linkedin.com\/company\/trusted-translations"]}]}},"toolset-meta":{"dyk":{"mensaje-1":{"type":"textfield","raw":""},"mensaje-2":{"type":"textfield","raw":""},"mensaje-3":{"type":"textfield","raw":""},"mensaje-4":{"type":"textfield","raw":""},"mensaje-5":{"type":"textfield","raw":""},"mensaje-6":{"type":"textfield","raw":""}},"single-page-template-fields":{"imgs-temp":{"type":"image","raw":["https:\/\/static.trustedtranslations.com\/wp-content\/uploads\/2024\/04\/about-final-8-1.webp","https:\/\/static.trustedtranslations.com\/wp-content\/uploads\/2024\/04\/about-final-6-1-2.webp","https:\/\/static.trustedtranslations.com\/wp-content\/uploads\/2024\/04\/about-final-4-1-3.webp","https:\/\/static.trustedtranslations.com\/wp-content\/uploads\/2024\/04\/about-final-2-1-4.webp"],"repeatable":[{"raw":"https:\/\/static.trustedtranslations.com\/wp-content\/uploads\/2024\/04\/about-final-8-1.webp"},{"raw":"https:\/\/static.trustedtranslations.com\/wp-content\/uploads\/2024\/04\/about-final-6-1-2.webp"},{"raw":"https:\/\/static.trustedtranslations.com\/wp-content\/uploads\/2024\/04\/about-final-4-1-3.webp"},{"raw":"https:\/\/static.trustedtranslations.com\/wp-content\/uploads\/2024\/04\/about-final-2-1-4.webp"}]},"imgs-temp-cel":{"type":"image","raw":[""],"repeatable":[{"raw":""}]},"img-temp-one-cel":{"type":"image","raw":"https:\/\/static.trustedtranslations.com\/wp-content\/uploads\/2024\/04\/about-final-5-1.webp","attachment_id":null},"quotes":{"type":"textarea","raw":"<h1 style=\"margin-bottom: 12px;\">F\u00fchrendes \u00dcbersetzungsunternehmen<\/h1>Trusted Translations ist eine global t\u00e4tige \u00dcbersetzungsagentur, die sich auf eine breite Palette von Sprachprojekten spezialisiert hat, darunter auch solche, die komplexe Themen und ein hohes Volumen erfordern. Mit \u00fcber 10.000 gepr\u00fcften muttersprachlichen Linguisten aus fast allen Regionen der Welt verf\u00fcgt unser \u00dcbersetzungsunternehmen \u00fcber mehr als 20 Jahre bew\u00e4hrte \u00dcbersetzungserfahrung f\u00fcr Ihr Unternehmen.<div style=\"margin-top: 2.5vw;\"><a class=\"tt-btn-main-cta\" href=\"\/de\/angebot\">KOSTENLOSEN KOSTENVORANSCHLAG ANFORDERN<\/a><\/div>"},"text-1":{"type":"textarea","raw":"<h2 style=\"margin-top: -10px;\">Sprachkompetenz, der Sie vertrauen k\u00f6nnen<\/h2>Mit Niederlassungen in den USA, Europa und Lateinamerika sind wir darauf spezialisiert, qualitativ hochwertige \u00dcbersetzungen zu liefern, die von sorgf\u00e4ltig gepr\u00fcften und bew\u00e4hrten \u00dcbersetzerteams angefertigt werden. Unsere Sprachexpertenteams \u00fcbersetzen jeden Monat Millionen von W\u00f6rtern und liefern erfolgreich Projekte f\u00fcr Tausende von Kunden auf der ganzen Welt, darunter Fortune-500-Unternehmen, Regierungsbeh\u00f6rden und gemeinn\u00fctzige Organisationen in fast allen wichtigen Branchen.\r\n\r\nTrusted Translations wird immer wieder als bevorzugter Sprachdienstleister gew\u00e4hlt, da das Unternehmen in der Lage ist, p\u00fcnktlich \u00fcberragende Genauigkeit zu liefern und Angebote zu wettbewerbsf\u00e4higeren Preisen zu unterbreiten. Trusted Translations ist weltweit eines der wenigen \u00dcbersetzungsunternehmen, das erfolgreich \u00dcbersetzungsdienstleistungen f\u00fcr \u00fcber 10.000 Kunden erbracht hat.\r\n<div class=\"imgs-flex-template flex-text-2\">\r\n    <img src=\"https:\/\/static.trustedtranslations.com\/wp-content\/uploads\/2024\/01\/man-holding-smartphone-translate.webp\">\r\n    <div>\r\n        <h2>F\u00fchrende \u00dcbersetzungsagentur<\/h2>\r\n        <p>Seit unserer Gr\u00fcndung liefern wir hochwertige Ergebnisse f\u00fcr komplexe Projekte in einer Zeit, die andere \u00dcbersetzungsagenturen f\u00fcr unm\u00f6glich halten.\r\nEines unserer Hauptziele als Ihre \u00dcbersetzungsagentur ist es, eine langfristige Beziehung aufzubauen und ein integraler Bestandteil Ihrer kultur\u00fcbergreifenden Expansion zu werden. Wir arbeiten mit Ihnen zusammen, um Ihnen zu helfen, Ihre Ziele auf lokalen, nationalen und internationalen M\u00e4rkten zu erreichen, indem wir professionelle \u00dcbersetzungen von h\u00f6chster Qualit\u00e4t f\u00fcr alle Ihre Kommunikationsbed\u00fcrfnisse liefern.\r\nTrusted Translations wird Ihnen helfen, die Sprachbarriere zu \u00fcberwinden, Ihre Botschaft zu \u00fcbermitteln und die Kommunikation zu erleichtern.<\/p>\r\n    <\/div>\r\n<\/div>"},"shortcode-map":{"type":"textfield","raw":""},"dyk-shortcode":{"type":"textfield","raw":"[elementor-template id=\"146647\"]"},"text-2":{"type":"textarea","raw":"<div class=\"imgs-flex-template\">\r\n    <div>\r\n        <h2>\u00dcbersetzungsagentur mit umfassendem Service<\/h2>\r\n        <p>Als \u00dcbersetzungsagentur mit umfassendem Service umfasst unser Angebot die \u00dcbersetzung, das Lektorat und das Korrekturlesen, die von verschiedenen \u00dcbersetzern ohne zus\u00e4tzliche Kosten durchgef\u00fchrt werden. Unsere Desktop-Publishing- und IT-Experten haben mit fast jeder verf\u00fcgbaren Design-Software und Programmiersprache gearbeitet, um die nahtlose und m\u00fchelose Umsetzung selbst der komplexesten Projekte zu gew\u00e4hrleisten.<\/p>\r\n\r\n        <h2>Unsere Mission<\/h2>\r\n        <p>Wir bei Trusted Translations haben es zu unserer Mission gemacht, ein Unternehmen mit einem soliden Fundament aus gro\u00dfartigen Mitarbeitern, Anreizen und Kommunikation aufzubauen, mit dem klaren Ziel, einen au\u00dfergew\u00f6hnlichen Kundenservice und professionelle, qualitativ hochwertige Sprachl\u00f6sungen anzubieten, die unsere Kunden mit der Welt verbinden.<\/p>\r\n    <\/div>\r\n    <img src=\"https:\/\/static.trustedtranslations.com\/wp-content\/uploads\/elementor\/thumbs\/about-1-qn72n93vz1nygvnsezdsirx7snqxk8yxhxjpgih0qo.jpg\">\r\n<\/div>"},"state":{"type":"textfield","raw":""},"city":{"type":"textarea","raw":[]}}},"_links":{"self":[{"href":"https:\/\/www.trustedtranslations.com\/de\/wp-json\/wp\/v2\/pages\/129499","targetHints":{"allow":["GET"]}}],"collection":[{"href":"https:\/\/www.trustedtranslations.com\/de\/wp-json\/wp\/v2\/pages"}],"about":[{"href":"https:\/\/www.trustedtranslations.com\/de\/wp-json\/wp\/v2\/types\/page"}],"author":[{"embeddable":true,"href":"https:\/\/www.trustedtranslations.com\/de\/wp-json\/wp\/v2\/users\/1"}],"replies":[{"embeddable":true,"href":"https:\/\/www.trustedtranslations.com\/de\/wp-json\/wp\/v2\/comments?post=129499"}],"version-history":[{"count":0,"href":"https:\/\/www.trustedtranslations.com\/de\/wp-json\/wp\/v2\/pages\/129499\/revisions"}],"wp:featuredmedia":[{"embeddable":true,"href":"https:\/\/www.trustedtranslations.com\/de\/wp-json\/wp\/v2\/media\/139628"}],"wp:attachment":[{"href":"https:\/\/www.trustedtranslations.com\/de\/wp-json\/wp\/v2\/media?parent=129499"}],"curies":[{"name":"wp","href":"https:\/\/api.w.org\/{rel}","templated":true}]}}