{"id":129502,"date":"2018-08-03T20:15:41","date_gmt":"2018-08-03T20:15:41","guid":{"rendered":"https:\/\/www.trustedtranslations.com\/?page_id=129502"},"modified":"2024-09-03T15:46:57","modified_gmt":"2024-09-03T18:46:57","slug":"branchen","status":"publish","type":"page","link":"https:\/\/www.trustedtranslations.com\/de\/branchen","title":{"rendered":"Branchenexpertise"},"content":{"rendered":"","protected":false},"excerpt":{"rendered":"","protected":false},"author":1,"featured_media":0,"parent":0,"menu_order":20,"comment_status":"closed","ping_status":"closed","template":"","meta":{"site-sidebar-layout":"default","site-content-layout":"default","ast-site-content-layout":"default","site-content-style":"default","site-sidebar-style":"default","ast-global-header-display":"","ast-banner-title-visibility":"","ast-main-header-display":"","ast-hfb-above-header-display":"","ast-hfb-below-header-display":"","ast-hfb-mobile-header-display":"","site-post-title":"disabled","ast-breadcrumbs-content":"","ast-featured-img":"","footer-sml-layout":"","ast-disable-related-posts":"","theme-transparent-header-meta":"default","adv-header-id-meta":"","stick-header-meta":"","header-above-stick-meta":"","header-main-stick-meta":"","header-below-stick-meta":"","astra-migrate-meta-layouts":"set","ast-page-background-enabled":"default","ast-page-background-meta":{"desktop":{"background-color":"var(--ast-global-color-4)","background-image":"","background-repeat":"repeat","background-position":"center center","background-size":"auto","background-attachment":"scroll","background-type":"","background-media":"","overlay-type":"","overlay-color":"","overlay-opacity":"","overlay-gradient":""},"tablet":{"background-color":"","background-image":"","background-repeat":"repeat","background-position":"center center","background-size":"auto","background-attachment":"scroll","background-type":"","background-media":"","overlay-type":"","overlay-color":"","overlay-opacity":"","overlay-gradient":""},"mobile":{"background-color":"","background-image":"","background-repeat":"repeat","background-position":"center center","background-size":"auto","background-attachment":"scroll","background-type":"","background-media":"","overlay-type":"","overlay-color":"","overlay-opacity":"","overlay-gradient":""}},"ast-content-background-meta":{"desktop":{"background-color":"var(--ast-global-color-5)","background-image":"","background-repeat":"repeat","background-position":"center center","background-size":"auto","background-attachment":"scroll","background-type":"","background-media":"","overlay-type":"","overlay-color":"","overlay-opacity":"","overlay-gradient":""},"tablet":{"background-color":"var(--ast-global-color-5)","background-image":"","background-repeat":"repeat","background-position":"center center","background-size":"auto","background-attachment":"scroll","background-type":"","background-media":"","overlay-type":"","overlay-color":"","overlay-opacity":"","overlay-gradient":""},"mobile":{"background-color":"var(--ast-global-color-5)","background-image":"","background-repeat":"repeat","background-position":"center center","background-size":"auto","background-attachment":"scroll","background-type":"","background-media":"","overlay-type":"","overlay-color":"","overlay-opacity":"","overlay-gradient":""}},"footnotes":""},"class_list":["post-129502","page","type-page","status-publish","hentry"],"yoast_head":"<!-- This site is optimized with the Yoast SEO plugin v27.3 - https:\/\/yoast.com\/product\/yoast-seo-wordpress\/ -->\n<title>Professionelle \u00dcbersetzungen nach Branchenspezialisierungen<\/title>\n<meta name=\"description\" content=\"Obwohl wir uns auf hochvolumige und komplexe \u00dcbersetzungsprojekte spezialisiert haben, \u00fcbersetzen wir auch jedes Dokument in und aus allen Sprachen. Erhalten Sie ein kostenloses Angebot in weniger als 30 Minuten.\" \/>\n<meta name=\"robots\" content=\"index, follow, max-snippet:-1, max-image-preview:large, max-video-preview:-1\" \/>\n<link rel=\"canonical\" href=\"https:\/\/www.trustedtranslations.com\/de\/branchen\" \/>\n<meta property=\"og:locale\" content=\"de_DE\" \/>\n<meta property=\"og:type\" content=\"article\" \/>\n<meta property=\"og:title\" content=\"Professionelle \u00dcbersetzungen nach Branchenspezialisierungen\" \/>\n<meta property=\"og:description\" content=\"Obwohl wir uns auf hochvolumige und komplexe \u00dcbersetzungsprojekte spezialisiert haben, \u00fcbersetzen wir auch jedes Dokument in und aus allen Sprachen. Erhalten Sie ein kostenloses Angebot in weniger als 30 Minuten.\" \/>\n<meta property=\"og:url\" content=\"https:\/\/www.trustedtranslations.com\/de\/branchen\" \/>\n<meta property=\"og:site_name\" content=\"Trusted Translations, Inc.\" \/>\n<meta property=\"article:publisher\" content=\"https:\/\/www.facebook.com\/Trusted.Translations\" \/>\n<meta property=\"article:modified_time\" content=\"2024-09-03T18:46:57+00:00\" \/>\n<meta property=\"og:image\" content=\"https:\/\/www.trustedtranslations.com\/wp-content\/uploads\/2022\/06\/tt-logo-2-1.webp\" \/>\n\t<meta property=\"og:image:width\" content=\"216\" \/>\n\t<meta property=\"og:image:height\" content=\"94\" \/>\n\t<meta property=\"og:image:type\" content=\"image\/webp\" \/>\n<meta name=\"twitter:card\" content=\"summary_large_image\" \/>\n<meta name=\"twitter:site\" content=\"@TrustedT9ns\" \/>\n<script type=\"application\/ld+json\" class=\"yoast-schema-graph\">{\"@context\":\"https:\\\/\\\/schema.org\",\"@graph\":[{\"@type\":\"WebPage\",\"@id\":\"https:\\\/\\\/www.trustedtranslations.com\\\/de\\\/branchen\",\"url\":\"https:\\\/\\\/www.trustedtranslations.com\\\/de\\\/branchen\",\"name\":\"Professionelle \u00dcbersetzungen nach Branchenspezialisierungen\",\"isPartOf\":{\"@id\":\"https:\\\/\\\/www.trustedtranslations.com\\\/de\\\/#website\"},\"description\":\"Obwohl wir uns auf hochvolumige und komplexe \u00dcbersetzungsprojekte spezialisiert haben, \u00fcbersetzen wir auch jedes Dokument in und aus allen Sprachen. Erhalten Sie ein kostenloses Angebot in weniger als 30 Minuten.\",\"breadcrumb\":{\"@id\":\"https:\\\/\\\/www.trustedtranslations.com\\\/de\\\/branchen#breadcrumb\"},\"inLanguage\":\"de\",\"potentialAction\":[{\"@type\":\"ReadAction\",\"target\":[\"https:\\\/\\\/www.trustedtranslations.com\\\/de\\\/branchen\"]}]},{\"@type\":\"BreadcrumbList\",\"@id\":\"https:\\\/\\\/www.trustedtranslations.com\\\/de\\\/branchen#breadcrumb\",\"itemListElement\":[{\"@type\":\"ListItem\",\"position\":1,\"name\":\"Home\",\"item\":\"https:\\\/\\\/www.trustedtranslations.com\\\/de\"},{\"@type\":\"ListItem\",\"position\":2,\"name\":\"Branchenexpertise\"}]},{\"@type\":\"WebSite\",\"@id\":\"https:\\\/\\\/www.trustedtranslations.com\\\/de\\\/#website\",\"url\":\"https:\\\/\\\/www.trustedtranslations.com\\\/de\\\/\",\"name\":\"Trusted Translations, Inc.\",\"description\":\"Leader in translation and interpretation services.\",\"publisher\":{\"@id\":\"https:\\\/\\\/www.trustedtranslations.com\\\/de\\\/#organization\"},\"alternateName\":\"Trusted Translations\",\"potentialAction\":[{\"@type\":\"SearchAction\",\"target\":{\"@type\":\"EntryPoint\",\"urlTemplate\":\"https:\\\/\\\/www.trustedtranslations.com\\\/de\\\/?s={search_term_string}\"},\"query-input\":{\"@type\":\"PropertyValueSpecification\",\"valueRequired\":true,\"valueName\":\"search_term_string\"}}],\"inLanguage\":\"de\"},{\"@type\":\"Organization\",\"@id\":\"https:\\\/\\\/www.trustedtranslations.com\\\/de\\\/#organization\",\"name\":\"Trusted Translations\",\"alternateName\":\"Trusted Translations, Inc.\",\"url\":\"https:\\\/\\\/www.trustedtranslations.com\\\/de\\\/\",\"logo\":{\"@type\":\"ImageObject\",\"inLanguage\":\"de\",\"@id\":\"https:\\\/\\\/www.trustedtranslations.com\\\/de\\\/#\\\/schema\\\/logo\\\/image\\\/\",\"url\":\"https:\\\/\\\/static.trustedtranslations.com\\\/wp-content\\\/uploads\\\/2022\\\/01\\\/TT_logo_WSIColors-2.png\",\"contentUrl\":\"https:\\\/\\\/static.trustedtranslations.com\\\/wp-content\\\/uploads\\\/2022\\\/01\\\/TT_logo_WSIColors-2.png\",\"width\":500,\"height\":196,\"caption\":\"Trusted Translations\"},\"image\":{\"@id\":\"https:\\\/\\\/www.trustedtranslations.com\\\/de\\\/#\\\/schema\\\/logo\\\/image\\\/\"},\"sameAs\":[\"https:\\\/\\\/www.facebook.com\\\/Trusted.Translations\",\"https:\\\/\\\/x.com\\\/TrustedT9ns\",\"https:\\\/\\\/www.linkedin.com\\\/company\\\/trusted-translations\"]}]}<\/script>\n<!-- \/ Yoast SEO plugin. -->","yoast_head_json":{"title":"Professionelle \u00dcbersetzungen nach Branchenspezialisierungen","description":"Obwohl wir uns auf hochvolumige und komplexe \u00dcbersetzungsprojekte spezialisiert haben, \u00fcbersetzen wir auch jedes Dokument in und aus allen Sprachen. Erhalten Sie ein kostenloses Angebot in weniger als 30 Minuten.","robots":{"index":"index","follow":"follow","max-snippet":"max-snippet:-1","max-image-preview":"max-image-preview:large","max-video-preview":"max-video-preview:-1"},"canonical":"https:\/\/www.trustedtranslations.com\/de\/branchen","og_locale":"de_DE","og_type":"article","og_title":"Professionelle \u00dcbersetzungen nach Branchenspezialisierungen","og_description":"Obwohl wir uns auf hochvolumige und komplexe \u00dcbersetzungsprojekte spezialisiert haben, \u00fcbersetzen wir auch jedes Dokument in und aus allen Sprachen. Erhalten Sie ein kostenloses Angebot in weniger als 30 Minuten.","og_url":"https:\/\/www.trustedtranslations.com\/de\/branchen","og_site_name":"Trusted Translations, Inc.","article_publisher":"https:\/\/www.facebook.com\/Trusted.Translations","article_modified_time":"2024-09-03T18:46:57+00:00","og_image":[{"width":216,"height":94,"url":"https:\/\/www.trustedtranslations.com\/wp-content\/uploads\/2022\/06\/tt-logo-2-1.webp","type":"image\/webp"}],"twitter_card":"summary_large_image","twitter_site":"@TrustedT9ns","schema":{"@context":"https:\/\/schema.org","@graph":[{"@type":"WebPage","@id":"https:\/\/www.trustedtranslations.com\/de\/branchen","url":"https:\/\/www.trustedtranslations.com\/de\/branchen","name":"Professionelle \u00dcbersetzungen nach Branchenspezialisierungen","isPartOf":{"@id":"https:\/\/www.trustedtranslations.com\/de\/#website"},"description":"Obwohl wir uns auf hochvolumige und komplexe \u00dcbersetzungsprojekte spezialisiert haben, \u00fcbersetzen wir auch jedes Dokument in und aus allen Sprachen. Erhalten Sie ein kostenloses Angebot in weniger als 30 Minuten.","breadcrumb":{"@id":"https:\/\/www.trustedtranslations.com\/de\/branchen#breadcrumb"},"inLanguage":"de","potentialAction":[{"@type":"ReadAction","target":["https:\/\/www.trustedtranslations.com\/de\/branchen"]}]},{"@type":"BreadcrumbList","@id":"https:\/\/www.trustedtranslations.com\/de\/branchen#breadcrumb","itemListElement":[{"@type":"ListItem","position":1,"name":"Home","item":"https:\/\/www.trustedtranslations.com\/de"},{"@type":"ListItem","position":2,"name":"Branchenexpertise"}]},{"@type":"WebSite","@id":"https:\/\/www.trustedtranslations.com\/de\/#website","url":"https:\/\/www.trustedtranslations.com\/de\/","name":"Trusted Translations, Inc.","description":"Leader in translation and interpretation services.","publisher":{"@id":"https:\/\/www.trustedtranslations.com\/de\/#organization"},"alternateName":"Trusted Translations","potentialAction":[{"@type":"SearchAction","target":{"@type":"EntryPoint","urlTemplate":"https:\/\/www.trustedtranslations.com\/de\/?s={search_term_string}"},"query-input":{"@type":"PropertyValueSpecification","valueRequired":true,"valueName":"search_term_string"}}],"inLanguage":"de"},{"@type":"Organization","@id":"https:\/\/www.trustedtranslations.com\/de\/#organization","name":"Trusted Translations","alternateName":"Trusted Translations, Inc.","url":"https:\/\/www.trustedtranslations.com\/de\/","logo":{"@type":"ImageObject","inLanguage":"de","@id":"https:\/\/www.trustedtranslations.com\/de\/#\/schema\/logo\/image\/","url":"https:\/\/static.trustedtranslations.com\/wp-content\/uploads\/2022\/01\/TT_logo_WSIColors-2.png","contentUrl":"https:\/\/static.trustedtranslations.com\/wp-content\/uploads\/2022\/01\/TT_logo_WSIColors-2.png","width":500,"height":196,"caption":"Trusted Translations"},"image":{"@id":"https:\/\/www.trustedtranslations.com\/de\/#\/schema\/logo\/image\/"},"sameAs":["https:\/\/www.facebook.com\/Trusted.Translations","https:\/\/x.com\/TrustedT9ns","https:\/\/www.linkedin.com\/company\/trusted-translations"]}]}},"toolset-meta":{"dyk":{"mensaje-1":{"type":"textfield","raw":""},"mensaje-2":{"type":"textfield","raw":""},"mensaje-3":{"type":"textfield","raw":""},"mensaje-4":{"type":"textfield","raw":"Unsere \u00dcbersetzer verwenden aktuelle, branchenspezifische Glossare, W\u00f6rterb\u00fccher und \u00dcbersetzungsspeicher."},"mensaje-5":{"type":"textfield","raw":""},"mensaje-6":{"type":"textfield","raw":""}},"single-page-template-fields":{"imgs-temp":{"type":"image","raw":["https:\/\/static.trustedtranslations.com\/wp-content\/uploads\/2024\/01\/bitcoin-2-1-1.webp","https:\/\/static.trustedtranslations.com\/wp-content\/uploads\/2024\/01\/industry-52-1-2.webp","https:\/\/static.trustedtranslations.com\/wp-content\/uploads\/2024\/01\/industry-56-1-3.webp","https:\/\/static.trustedtranslations.com\/wp-content\/uploads\/2024\/01\/industry-54-1-4-1.webp"],"repeatable":[{"raw":"https:\/\/static.trustedtranslations.com\/wp-content\/uploads\/2024\/01\/bitcoin-2-1-1.webp"},{"raw":"https:\/\/static.trustedtranslations.com\/wp-content\/uploads\/2024\/01\/industry-52-1-2.webp"},{"raw":"https:\/\/static.trustedtranslations.com\/wp-content\/uploads\/2024\/01\/industry-56-1-3.webp"},{"raw":"https:\/\/static.trustedtranslations.com\/wp-content\/uploads\/2024\/01\/industry-54-1-4-1.webp"}]},"imgs-temp-cel":{"type":"image","raw":["https:\/\/static.trustedtranslations.com\/wp-content\/uploads\/2024\/01\/AdobeStock_443956484-2-1.webp","https:\/\/static.trustedtranslations.com\/wp-content\/uploads\/2024\/01\/pile-bitcoin-coins-cryptocurrenc.webp","https:\/\/static.trustedtranslations.com\/wp-content\/uploads\/2024\/01\/AdobeStock_401955693-1-1-1.webp"],"repeatable":[{"raw":"https:\/\/static.trustedtranslations.com\/wp-content\/uploads\/2024\/01\/AdobeStock_443956484-2-1.webp"},{"raw":"https:\/\/static.trustedtranslations.com\/wp-content\/uploads\/2024\/01\/pile-bitcoin-coins-cryptocurrenc.webp"},{"raw":"https:\/\/static.trustedtranslations.com\/wp-content\/uploads\/2024\/01\/AdobeStock_401955693-1-1-1.webp"}]},"img-temp-one-cel":{"type":"image","raw":"https:\/\/static.trustedtranslations.com\/wp-content\/uploads\/2024\/01\/AdobeStock_443956484-2-1.webp","attachment_id":null},"quotes":{"type":"textarea","raw":"<h1 style=\"margin: 10px 0px 12px 0px;\">Branchenexpertise<\/h1>Das Privileg, mit Tausenden von Kunden aus einer Vielzahl von Branchen auf der ganzen Welt zusammenzuarbeiten, hat es uns erm\u00f6glicht, branchenspezifische Sprachkenntnisse in fast allen Bereichen zu entwickeln. Dazu geh\u00f6rt auch das Verst\u00e4ndnis des Fachgebiets in den einzelnen Branchen, eine nuancierte Nomenklatur und spezifische Protokolle. All dies tr\u00e4gt dazu bei, dass wir \u00dcbersetzungen liefern, die nicht nur genau sind, sondern auch auf die Bed\u00fcrfnisse Ihrer Branche zugeschnitten sind.<div style=\"margin-top: 2.5vw;\" class=\"quote-wrapper\"><a class=\"tt-btn-main-cta\" href=\"\/de\/angebot\">KOSTENLOSEN KOSTENVORANSCHLAG ANFORDERN<\/a><\/div>"},"text-1":{"type":"textarea","raw":"<h2 style=\"margin-top: -10px;\">Fachexperten<\/h2>Jede Branche hat ihre eigenen Fachbegriffe. Diese Fachterminologie hat ihren Ursprung und ihre Verankerung in Themen, die sehr pr\u00e4zise und spezifisch f\u00fcr einen bestimmten Bereich oder eine bestimmte T\u00e4tigkeit sind. Wir w\u00e4hlen unsere \u00dcbersetzer f\u00fcr jedes Projekt sorgf\u00e4ltig aus und ber\u00fccksichtigen das spezifische Fachgebiet, das \u00fcbersetzt wird. In vielen F\u00e4llen verf\u00fcgen unsere \u00dcbersetzer \u00fcber einen akademischen Abschluss in dem Fachgebiet, aus dem die Ausgangstexte stammen, und sind in der Lage, ausf\u00fchrliche Diskussionen mit Ihrem Team zu f\u00fchren, um sicherzustellen, dass die Bedeutung des Textes m\u00f6glichst genau wiedergegeben wird.<div class=\"imgs-flex-template\">\r\n    <div>\r\n        <h2>Professionelle \u00dcbersetzungsdienstleistungen: Verst\u00e4ndnis der Schl\u00fcsselkomponenten<\/h2>\r\n        <p>Sehen Sie sich die Schl\u00fcsselkomponenten eines professionellen \u00dcbersetzungsdienstleistungsangebots genauer an. Trusted Translations steht Ihnen f\u00fcr ein kostenloses Angebot rund um die Uhr zur Verf\u00fcgung: https:\/\/www.trustedtranslations.com\/about-us\/quote. Dieses Video f\u00fchrt Sie durch die entscheidenden Elemente eines professionellen \u00dcbersetzungsdienstleistungsangebots, einschlie\u00dflich der Verwendung von \u00dcbersetzungsspeicher-Tools, fortschrittlichen Qualit\u00e4tskontrollen, Fachexperten und garantierten Genauigkeitsniveaus. Jeder Wirtschaftsbereich verwendet eine spezifische Terminologie und Nomenklatur, die f\u00fcr die Durchf\u00fchrung seiner t\u00e4glichen Aktivit\u00e4ten von entscheidender Bedeutung ist. Ganz gleich, ob es sich um juristische, finanzielle oder softwarebezogene Inhalte handelt, die Verwendung der korrekten branchenspezifischen Terminologie ist f\u00fcr die Vermittlung der richtigen Bedeutung in jeder \u00dcbersetzung von entscheidender Bedeutung. Jeder unserer professionellen \u00dcbersetzer ist auf ein bestimmtes Gebiet der Sprach\u00fcbersetzungsdienste spezialisiert. Das bedeutet, dass \u00dcbersetzungen jeder Art und jedes Stils bei Trusted Translations erh\u00e4ltlich sind.<\/p>\r\n    <\/div>\r\n    <img src=\"https:\/\/static.trustedtranslations.com\/wp-content\/uploads\/elementor\/thumbs\/crypto-currency-bitcoin-businessman-trading-investment-1-1-qn72n787ldkczsisx0y40zw9wysmu97c5ecmumsw74.jpg\">\r\n<\/div>"},"shortcode-map":{"type":"textfield","raw":""},"dyk-shortcode":{"type":"textfield","raw":"[elementor-template id=\"146647\"]"},"text-2":{"type":"textarea","raw":"<div class=\"imgs-flex-template flex-text-2\">\r\n    <img src=\"https:\/\/static.trustedtranslations.com\/wp-content\/uploads\/elementor\/thumbs\/industry-qn72n93vz1mjbeb2kson70c6u1mfdj0z07t4e45n28.jpg\">\r\n    <div>\r\n        <h2>Fachkompetenz in der \u00dcbersetzungsbranche<\/h2>\r\n        <p>Durch jahrelange Erfahrung in der Bereitstellung professioneller \u00dcbersetzungen haben wir eine Reihe von Fachgebieten entwickelt, darunter: Werbung, Luft- und Raumfahrt, Automobil, Wirtschaft, Chemie, Vertr\u00e4ge, Verteidigung, e-Learning, Bildung, Energie, Unterhaltung, Finanzen, Globalisierung, regierungsbezogene Inhalte, Einwanderung, Recht, Rechtsstreitigkeiten, Lokalisierung, Herstellung, Marketing, Medien, Medizin, Patente, Religion, Einzelhandel, Software, Technik, Telekommunikation, Benutzerhandb\u00fccher, Websites und viele mehr. Obwohl wir uns auf umfangreiche und komplexe Englisch-Spanisch-\u00dcbersetzungen spezialisiert haben, die von ausgew\u00e4hlten Teams aus Fach\u00fcbersetzern mit der erforderlichen Branchenkenntnis angefertigt werden, \u00fcbersetzen wir auch Dokumente in und aus allen anderen Sprachen, einschlie\u00dflich Englisch, Spanisch, Franz\u00f6sisch, Deutsch, Italienisch, Portugiesisch, Koreanisch, Chinesisch und Japanisch.<\/p>\r\n    <\/div>\r\n<\/div>\r\n<h2 style=\"margin-top: -10px;\">Professionelle \u00dcbersetzer<\/h2>Trusted Translations setzt nicht nur Muttersprachler und flie\u00dfend sprechende professionelle \u00dcbersetzer und Lektoren ein, sondern weist dar\u00fcber hinaus jedes Projekt branchenspezifischen Experten zu, um Genauigkeit zu gew\u00e4hrleisten. Dar\u00fcber hinaus wird jede \u00dcbersetzung von einem branchenspezifischen Experten Korrektur gelesen, um die Qualit\u00e4t jeder \u00dcbersetzung zu gew\u00e4hrleisten. Ihre Sprach\u00fcbersetzungen werden nur von muttersprachlichen, erfahrenen, zertifizierten, branchenspezifischen Fach\u00fcbersetzern und Lektoren angefertigt und von einem Branchenexperten Korrektur gelesen. Alle unsere \u00dcbersetzer haben Zugriff auf \u00dcbersetzungsspeicher, W\u00f6rterb\u00fccher und Terminologiedatenbanken, um sicherzustellen, dass die \u00dcbersetzung auch bei umfangreichen Projekten korrekt und konsistent ist.\r\n<div class=\"imgs-flex-template\">\r\n    <div>\r\n        <h2>Expertenteams von \u00dcbersetzern<\/h2>\r\n        <p>Bei den meisten \u00dcbersetzungsprojekten kommen mehrere professionelle \u00dcbersetzer zum Einsatz, und es m\u00fcssen \u00dcbersetzerteams gebildet werden. Das richtige Team kann entscheidend sein, um die Konsistenz und ein hohes Qualit\u00e4tsniveau \u00fcber das gesamte Projekt hinweg aufrechtzuerhalten. Jeder \u00dcbersetzer muss \u00fcber das erforderliche Fachwissen und eine spezielle Ausbildung in den richtigen Softwaretools verf\u00fcgen. Trusted Translations verf\u00fcgt \u00fcber strenge Schulungs- und Testprogramme, um sicherzustellen, dass wir nur die besten Ressourcen verwenden.\r\nIhre Sprach\u00fcbersetzungen werden nur von muttersprachlichen, erfahrenen, zertifizierten, branchenspezifischen Fach\u00fcbersetzern und Lektoren angefertigt und von einem Branchenexperten Korrektur gelesen.\r\nAlle unsere \u00dcbersetzer haben Zugriff auf \u00dcbersetzungsspeicher, W\u00f6rterb\u00fccher und Terminologiedatenbanken, um sicherzustellen, dass die \u00dcbersetzung auch bei umfangreichen Projekten korrekt und konsistent ist.<\/p>\r\n    <\/div>\r\n    <img src=\"https:\/\/static.trustedtranslations.com\/wp-content\/uploads\/elementor\/thumbs\/industry-2-qn72n93vz1mri18sb85mluo6zl03vvtg1m097armdc.jpg\">\r\n<\/div>"},"state":{"type":"textfield","raw":""},"city":{"type":"textarea","raw":[]}}},"_links":{"self":[{"href":"https:\/\/www.trustedtranslations.com\/de\/wp-json\/wp\/v2\/pages\/129502","targetHints":{"allow":["GET"]}}],"collection":[{"href":"https:\/\/www.trustedtranslations.com\/de\/wp-json\/wp\/v2\/pages"}],"about":[{"href":"https:\/\/www.trustedtranslations.com\/de\/wp-json\/wp\/v2\/types\/page"}],"author":[{"embeddable":true,"href":"https:\/\/www.trustedtranslations.com\/de\/wp-json\/wp\/v2\/users\/1"}],"replies":[{"embeddable":true,"href":"https:\/\/www.trustedtranslations.com\/de\/wp-json\/wp\/v2\/comments?post=129502"}],"version-history":[{"count":0,"href":"https:\/\/www.trustedtranslations.com\/de\/wp-json\/wp\/v2\/pages\/129502\/revisions"}],"wp:attachment":[{"href":"https:\/\/www.trustedtranslations.com\/de\/wp-json\/wp\/v2\/media?parent=129502"}],"curies":[{"name":"wp","href":"https:\/\/api.w.org\/{rel}","templated":true}]}}