{"id":129503,"date":"2018-08-03T20:15:38","date_gmt":"2018-08-03T20:15:38","guid":{"rendered":"https:\/\/www.trustedtranslations.com\/?page_id=129503"},"modified":"2025-10-21T14:05:18","modified_gmt":"2025-10-21T17:05:18","slug":"dienstleistungen","status":"publish","type":"page","link":"https:\/\/www.trustedtranslations.com\/de\/dienstleistungen","title":{"rendered":"Dienstleistungen"},"content":{"rendered":"","protected":false},"excerpt":{"rendered":"","protected":false},"author":1,"featured_media":183076,"parent":0,"menu_order":10,"comment_status":"closed","ping_status":"closed","template":"","meta":{"site-sidebar-layout":"default","site-content-layout":"default","ast-site-content-layout":"default","site-content-style":"default","site-sidebar-style":"default","ast-global-header-display":"","ast-banner-title-visibility":"","ast-main-header-display":"","ast-hfb-above-header-display":"","ast-hfb-below-header-display":"","ast-hfb-mobile-header-display":"","site-post-title":"disabled","ast-breadcrumbs-content":"","ast-featured-img":"","footer-sml-layout":"","ast-disable-related-posts":"","theme-transparent-header-meta":"default","adv-header-id-meta":"","stick-header-meta":"","header-above-stick-meta":"","header-main-stick-meta":"","header-below-stick-meta":"","astra-migrate-meta-layouts":"set","ast-page-background-enabled":"default","ast-page-background-meta":{"desktop":{"background-color":"var(--ast-global-color-4)","background-image":"","background-repeat":"repeat","background-position":"center center","background-size":"auto","background-attachment":"scroll","background-type":"","background-media":"","overlay-type":"","overlay-color":"","overlay-opacity":"","overlay-gradient":""},"tablet":{"background-color":"","background-image":"","background-repeat":"repeat","background-position":"center center","background-size":"auto","background-attachment":"scroll","background-type":"","background-media":"","overlay-type":"","overlay-color":"","overlay-opacity":"","overlay-gradient":""},"mobile":{"background-color":"","background-image":"","background-repeat":"repeat","background-position":"center center","background-size":"auto","background-attachment":"scroll","background-type":"","background-media":"","overlay-type":"","overlay-color":"","overlay-opacity":"","overlay-gradient":""}},"ast-content-background-meta":{"desktop":{"background-color":"var(--ast-global-color-5)","background-image":"","background-repeat":"repeat","background-position":"center center","background-size":"auto","background-attachment":"scroll","background-type":"","background-media":"","overlay-type":"","overlay-color":"","overlay-opacity":"","overlay-gradient":""},"tablet":{"background-color":"var(--ast-global-color-5)","background-image":"","background-repeat":"repeat","background-position":"center center","background-size":"auto","background-attachment":"scroll","background-type":"","background-media":"","overlay-type":"","overlay-color":"","overlay-opacity":"","overlay-gradient":""},"mobile":{"background-color":"var(--ast-global-color-5)","background-image":"","background-repeat":"repeat","background-position":"center center","background-size":"auto","background-attachment":"scroll","background-type":"","background-media":"","overlay-type":"","overlay-color":"","overlay-opacity":"","overlay-gradient":""}},"footnotes":""},"class_list":["post-129503","page","type-page","status-publish","has-post-thumbnail","hentry"],"yoast_head":"<!-- This site is optimized with the Yoast SEO plugin v27.3 - https:\/\/yoast.com\/product\/yoast-seo-wordpress\/ -->\n<title>Dienstleistungen | Trusted Translations, Inc.<\/title>\n<meta name=\"description\" content=\"Trusted Translations bietet schnelle, genaue und zuverl\u00e4ssige professionelle menschliche \u00dcbersetzungsdienstleistungen in \u00fcber 200 Sprachen. Alle Arten von Dokumenten, in allen Formaten, L\u00e4ngen und Sprachen. Fordern Sie jetzt ein kostenloses Angebot an.\" \/>\n<meta name=\"robots\" content=\"index, follow, max-snippet:-1, max-image-preview:large, max-video-preview:-1\" \/>\n<link rel=\"canonical\" href=\"https:\/\/www.trustedtranslations.com\/de\/dienstleistungen\" \/>\n<meta property=\"og:locale\" content=\"de_DE\" \/>\n<meta property=\"og:type\" content=\"article\" \/>\n<meta property=\"og:title\" content=\"Dienstleistungen | Trusted Translations, Inc.\" \/>\n<meta property=\"og:description\" content=\"Trusted Translations bietet schnelle, genaue und zuverl\u00e4ssige professionelle menschliche \u00dcbersetzungsdienstleistungen in \u00fcber 200 Sprachen. Alle Arten von Dokumenten, in allen Formaten, L\u00e4ngen und Sprachen. Fordern Sie jetzt ein kostenloses Angebot an.\" \/>\n<meta property=\"og:url\" content=\"https:\/\/www.trustedtranslations.com\/de\/dienstleistungen\" \/>\n<meta property=\"og:site_name\" content=\"Trusted Translations, Inc.\" \/>\n<meta property=\"article:publisher\" content=\"https:\/\/www.facebook.com\/Trusted.Translations\" \/>\n<meta property=\"article:modified_time\" content=\"2025-10-21T17:05:18+00:00\" \/>\n<meta property=\"og:image\" content=\"https:\/\/www.trustedtranslations.com\/wp-content\/uploads\/2022\/06\/tt-logo-2-1.webp\" \/>\n\t<meta property=\"og:image:width\" content=\"216\" \/>\n\t<meta property=\"og:image:height\" content=\"94\" \/>\n\t<meta property=\"og:image:type\" content=\"image\/webp\" \/>\n<meta name=\"twitter:card\" content=\"summary_large_image\" \/>\n<meta name=\"twitter:site\" content=\"@TrustedT9ns\" \/>\n<script type=\"application\/ld+json\" class=\"yoast-schema-graph\">{\"@context\":\"https:\\\/\\\/schema.org\",\"@graph\":[{\"@type\":\"WebPage\",\"@id\":\"https:\\\/\\\/www.trustedtranslations.com\\\/de\\\/dienstleistungen\",\"url\":\"https:\\\/\\\/www.trustedtranslations.com\\\/de\\\/dienstleistungen\",\"name\":\"Dienstleistungen | Trusted Translations, Inc.\",\"isPartOf\":{\"@id\":\"https:\\\/\\\/www.trustedtranslations.com\\\/de\\\/#website\"},\"primaryImageOfPage\":{\"@id\":\"https:\\\/\\\/www.trustedtranslations.com\\\/de\\\/dienstleistungen#primaryimage\"},\"image\":{\"@id\":\"https:\\\/\\\/www.trustedtranslations.com\\\/de\\\/dienstleistungen#primaryimage\"},\"thumbnailUrl\":\"\",\"description\":\"Trusted Translations bietet schnelle, genaue und zuverl\u00e4ssige professionelle menschliche \u00dcbersetzungsdienstleistungen in \u00fcber 200 Sprachen. Alle Arten von Dokumenten, in allen Formaten, L\u00e4ngen und Sprachen. Fordern Sie jetzt ein kostenloses Angebot an.\",\"breadcrumb\":{\"@id\":\"https:\\\/\\\/www.trustedtranslations.com\\\/de\\\/dienstleistungen#breadcrumb\"},\"inLanguage\":\"de\",\"potentialAction\":[{\"@type\":\"ReadAction\",\"target\":[\"https:\\\/\\\/www.trustedtranslations.com\\\/de\\\/dienstleistungen\"]}]},{\"@type\":\"ImageObject\",\"inLanguage\":\"de\",\"@id\":\"https:\\\/\\\/www.trustedtranslations.com\\\/de\\\/dienstleistungen#primaryimage\",\"url\":\"\",\"contentUrl\":\"\"},{\"@type\":\"BreadcrumbList\",\"@id\":\"https:\\\/\\\/www.trustedtranslations.com\\\/de\\\/dienstleistungen#breadcrumb\",\"itemListElement\":[{\"@type\":\"ListItem\",\"position\":1,\"name\":\"Home\",\"item\":\"https:\\\/\\\/www.trustedtranslations.com\\\/de\"},{\"@type\":\"ListItem\",\"position\":2,\"name\":\"Dienstleistungen\"}]},{\"@type\":\"WebSite\",\"@id\":\"https:\\\/\\\/www.trustedtranslations.com\\\/de\\\/#website\",\"url\":\"https:\\\/\\\/www.trustedtranslations.com\\\/de\\\/\",\"name\":\"Trusted Translations, Inc.\",\"description\":\"Leader in translation and interpretation services.\",\"publisher\":{\"@id\":\"https:\\\/\\\/www.trustedtranslations.com\\\/de\\\/#organization\"},\"alternateName\":\"Trusted Translations\",\"potentialAction\":[{\"@type\":\"SearchAction\",\"target\":{\"@type\":\"EntryPoint\",\"urlTemplate\":\"https:\\\/\\\/www.trustedtranslations.com\\\/de\\\/?s={search_term_string}\"},\"query-input\":{\"@type\":\"PropertyValueSpecification\",\"valueRequired\":true,\"valueName\":\"search_term_string\"}}],\"inLanguage\":\"de\"},{\"@type\":\"Organization\",\"@id\":\"https:\\\/\\\/www.trustedtranslations.com\\\/de\\\/#organization\",\"name\":\"Trusted Translations\",\"alternateName\":\"Trusted Translations, Inc.\",\"url\":\"https:\\\/\\\/www.trustedtranslations.com\\\/de\\\/\",\"logo\":{\"@type\":\"ImageObject\",\"inLanguage\":\"de\",\"@id\":\"https:\\\/\\\/www.trustedtranslations.com\\\/de\\\/#\\\/schema\\\/logo\\\/image\\\/\",\"url\":\"https:\\\/\\\/static.trustedtranslations.com\\\/wp-content\\\/uploads\\\/2022\\\/01\\\/TT_logo_WSIColors-2.png\",\"contentUrl\":\"https:\\\/\\\/static.trustedtranslations.com\\\/wp-content\\\/uploads\\\/2022\\\/01\\\/TT_logo_WSIColors-2.png\",\"width\":500,\"height\":196,\"caption\":\"Trusted Translations\"},\"image\":{\"@id\":\"https:\\\/\\\/www.trustedtranslations.com\\\/de\\\/#\\\/schema\\\/logo\\\/image\\\/\"},\"sameAs\":[\"https:\\\/\\\/www.facebook.com\\\/Trusted.Translations\",\"https:\\\/\\\/x.com\\\/TrustedT9ns\",\"https:\\\/\\\/www.linkedin.com\\\/company\\\/trusted-translations\"]}]}<\/script>\n<!-- \/ Yoast SEO plugin. -->","yoast_head_json":{"title":"Dienstleistungen | Trusted Translations, Inc.","description":"Trusted Translations bietet schnelle, genaue und zuverl\u00e4ssige professionelle menschliche \u00dcbersetzungsdienstleistungen in \u00fcber 200 Sprachen. Alle Arten von Dokumenten, in allen Formaten, L\u00e4ngen und Sprachen. Fordern Sie jetzt ein kostenloses Angebot an.","robots":{"index":"index","follow":"follow","max-snippet":"max-snippet:-1","max-image-preview":"max-image-preview:large","max-video-preview":"max-video-preview:-1"},"canonical":"https:\/\/www.trustedtranslations.com\/de\/dienstleistungen","og_locale":"de_DE","og_type":"article","og_title":"Dienstleistungen | Trusted Translations, Inc.","og_description":"Trusted Translations bietet schnelle, genaue und zuverl\u00e4ssige professionelle menschliche \u00dcbersetzungsdienstleistungen in \u00fcber 200 Sprachen. Alle Arten von Dokumenten, in allen Formaten, L\u00e4ngen und Sprachen. Fordern Sie jetzt ein kostenloses Angebot an.","og_url":"https:\/\/www.trustedtranslations.com\/de\/dienstleistungen","og_site_name":"Trusted Translations, Inc.","article_publisher":"https:\/\/www.facebook.com\/Trusted.Translations","article_modified_time":"2025-10-21T17:05:18+00:00","og_image":[{"width":216,"height":94,"url":"https:\/\/www.trustedtranslations.com\/wp-content\/uploads\/2022\/06\/tt-logo-2-1.webp","type":"image\/webp"}],"twitter_card":"summary_large_image","twitter_site":"@TrustedT9ns","schema":{"@context":"https:\/\/schema.org","@graph":[{"@type":"WebPage","@id":"https:\/\/www.trustedtranslations.com\/de\/dienstleistungen","url":"https:\/\/www.trustedtranslations.com\/de\/dienstleistungen","name":"Dienstleistungen | Trusted Translations, Inc.","isPartOf":{"@id":"https:\/\/www.trustedtranslations.com\/de\/#website"},"primaryImageOfPage":{"@id":"https:\/\/www.trustedtranslations.com\/de\/dienstleistungen#primaryimage"},"image":{"@id":"https:\/\/www.trustedtranslations.com\/de\/dienstleistungen#primaryimage"},"thumbnailUrl":"","description":"Trusted Translations bietet schnelle, genaue und zuverl\u00e4ssige professionelle menschliche \u00dcbersetzungsdienstleistungen in \u00fcber 200 Sprachen. Alle Arten von Dokumenten, in allen Formaten, L\u00e4ngen und Sprachen. Fordern Sie jetzt ein kostenloses Angebot an.","breadcrumb":{"@id":"https:\/\/www.trustedtranslations.com\/de\/dienstleistungen#breadcrumb"},"inLanguage":"de","potentialAction":[{"@type":"ReadAction","target":["https:\/\/www.trustedtranslations.com\/de\/dienstleistungen"]}]},{"@type":"ImageObject","inLanguage":"de","@id":"https:\/\/www.trustedtranslations.com\/de\/dienstleistungen#primaryimage","url":"","contentUrl":""},{"@type":"BreadcrumbList","@id":"https:\/\/www.trustedtranslations.com\/de\/dienstleistungen#breadcrumb","itemListElement":[{"@type":"ListItem","position":1,"name":"Home","item":"https:\/\/www.trustedtranslations.com\/de"},{"@type":"ListItem","position":2,"name":"Dienstleistungen"}]},{"@type":"WebSite","@id":"https:\/\/www.trustedtranslations.com\/de\/#website","url":"https:\/\/www.trustedtranslations.com\/de\/","name":"Trusted Translations, Inc.","description":"Leader in translation and interpretation services.","publisher":{"@id":"https:\/\/www.trustedtranslations.com\/de\/#organization"},"alternateName":"Trusted Translations","potentialAction":[{"@type":"SearchAction","target":{"@type":"EntryPoint","urlTemplate":"https:\/\/www.trustedtranslations.com\/de\/?s={search_term_string}"},"query-input":{"@type":"PropertyValueSpecification","valueRequired":true,"valueName":"search_term_string"}}],"inLanguage":"de"},{"@type":"Organization","@id":"https:\/\/www.trustedtranslations.com\/de\/#organization","name":"Trusted Translations","alternateName":"Trusted Translations, Inc.","url":"https:\/\/www.trustedtranslations.com\/de\/","logo":{"@type":"ImageObject","inLanguage":"de","@id":"https:\/\/www.trustedtranslations.com\/de\/#\/schema\/logo\/image\/","url":"https:\/\/static.trustedtranslations.com\/wp-content\/uploads\/2022\/01\/TT_logo_WSIColors-2.png","contentUrl":"https:\/\/static.trustedtranslations.com\/wp-content\/uploads\/2022\/01\/TT_logo_WSIColors-2.png","width":500,"height":196,"caption":"Trusted Translations"},"image":{"@id":"https:\/\/www.trustedtranslations.com\/de\/#\/schema\/logo\/image\/"},"sameAs":["https:\/\/www.facebook.com\/Trusted.Translations","https:\/\/x.com\/TrustedT9ns","https:\/\/www.linkedin.com\/company\/trusted-translations"]}]}},"toolset-meta":{"dyk":{"mensaje-1":{"type":"textfield","raw":"Trusted Translations ist der Partner der Regierungen der Bundesstaaten New York, Florida, Kalifornien und Nebraska."},"mensaje-2":{"type":"textfield","raw":""},"mensaje-3":{"type":"textfield","raw":""},"mensaje-4":{"type":"textfield","raw":"Trusted Translations kann gro\u00dfvolumige Projekte und Projekte in nahezu jedem Dateiformat unterst\u00fctzen."},"mensaje-5":{"type":"textfield","raw":""},"mensaje-6":{"type":"textfield","raw":""}},"single-page-template-fields":{"imgs-temp":{"type":"image","raw":["https:\/\/static.trustedtranslations.com\/wp-content\/uploads\/2024\/01\/Group-80-2.webp","https:\/\/static.trustedtranslations.com\/wp-content\/uploads\/2024\/01\/Group-79-3-2.webp","https:\/\/static.trustedtranslations.com\/wp-content\/uploads\/2024\/01\/Group-81-2-1.webp"],"repeatable":[{"raw":"https:\/\/static.trustedtranslations.com\/wp-content\/uploads\/2024\/01\/Group-80-2.webp"},{"raw":"https:\/\/static.trustedtranslations.com\/wp-content\/uploads\/2024\/01\/Group-79-3-2.webp"},{"raw":"https:\/\/static.trustedtranslations.com\/wp-content\/uploads\/2024\/01\/Group-81-2-1.webp"}]},"imgs-temp-cel":{"type":"image","raw":["https:\/\/static.trustedtranslations.com\/wp-content\/uploads\/2024\/01\/AdobeStock_303497515-1-1-1.webp","https:\/\/static.trustedtranslations.com\/wp-content\/uploads\/2024\/01\/AdobeStock_168056328-1-1-1.webp","https:\/\/static.trustedtranslations.com\/wp-content\/uploads\/2024\/01\/AdobeStock_408659909-1-1.webp"],"repeatable":[{"raw":"https:\/\/static.trustedtranslations.com\/wp-content\/uploads\/2024\/01\/AdobeStock_303497515-1-1-1.webp"},{"raw":"https:\/\/static.trustedtranslations.com\/wp-content\/uploads\/2024\/01\/AdobeStock_168056328-1-1-1.webp"},{"raw":"https:\/\/static.trustedtranslations.com\/wp-content\/uploads\/2024\/01\/AdobeStock_408659909-1-1.webp"}]},"img-temp-one-cel":{"type":"image","raw":"https:\/\/static.trustedtranslations.com\/wp-content\/uploads\/2024\/01\/AdobeStock_303497515-1-1-1.webp","attachment_id":null},"quotes":{"type":"textarea","raw":"<h1 style=\"margin-bottom: 12px;\">Professionelle \u00dcbersetzungsdienstleistungen<\/h1>Unsere professionellen \u00dcbersetzungsdienstleistungen umfassen Sprach\u00fcbersetzungen aller Arten von Dokumenten, in allen Formaten, L\u00e4ngen und Sprachen. Trusted Translations bietet schnelle, genaue und zuverl\u00e4ssige professionelle \u00dcbersetzungsdienstleistungen.<div style=\"margin-top: 2.5vw;\"><a class=\"tt-btn-main-cta\" href=\"\/de\/angebot\" class=\"quote-wrapper\">KOSTENLOSEN KOSTENVORANSCHLAG ANFORDERN<\/a><\/div>"},"text-1":{"type":"textarea","raw":"<div class=\"imgs-flex-template\">\r\n    <div>\r\n        <h2>Fachkompetenz<\/h2>\r\n        <p>\u00dcbersetzungsprojekte variieren in Gr\u00f6\u00dfe, Umfang und Thema. Unabh\u00e4ngig davon, ob Sie die \u00dcbersetzung einer technischen medizinischen Abhandlung oder eines komplexen Rechtsvertrags ben\u00f6tigen, Trusted Translations verf\u00fcgt \u00fcber die Erfahrung, um pr\u00e4zise \u00dcbersetzungen zu sehr g\u00fcnstigen Preisen anzubieten. Wir sind uns von Anfang an dar\u00fcber im Klaren, dass Ihre \u00dcbersetzung m\u00f6glicherweise eine spezifische Terminologie enth\u00e4lt, die einen Linguisten erfordert, der auf das zugrunde liegende Fachgebiet spezialisiert ist. Zu diesem Zweck arbeiten wir mit \u00fcber 10.000 gepr\u00fcften und erfahrenen \u00dcbersetzern zusammen, die in der Lage sind, nahezu alle Fachgebiete zu bearbeiten. Von Nukleartechnik bis hin zu allt\u00e4glichen Gesundheitsrichtlinien, unsere Experten stehen Ihnen bei Ihrem Projekt zur Seite.<\/p>\r\n    <\/div>\r\n    <img src=\"https:\/\/static.trustedtranslations.com\/wp-content\/uploads\/2024\/01\/man-holding-smartphone-translate.webp\">\r\n<\/div>\r\n<h2 style=\"margin-top: -10px;\">Professionelle \u00dcbersetzungsdienstleistungen\u200b\u200b<\/h2>Professionelle \u00dcbersetzungsdienstleistungen erfordern ein h\u00f6heres Ma\u00df an Aufmerksamkeit f\u00fcr die Details, die erforderlich sind, um die spezifischen sprachlichen Ziele unserer Kunden zu erreichen. Dies ist von Projekt zu Projekt unterschiedlich, aber der Prozess erfordert normalerweise ein professionelles Projektmanagement, um sicherzustellen, dass hohe Qualit\u00e4tsstandards eingehalten werden und dass Projekte p\u00fcnktlich und in dem vom Kunden gew\u00fcnschten Format geliefert werden. Unsere Erfahrung hat uns gezeigt, dass einige Dienstleistungen eine L\u00f6sungsentwicklung erfordern, um Arbeitsabl\u00e4ufe zu erstellen, die eine nahtlose Integration von \u00dcbersetzungen in den Betrieb einer Organisation erm\u00f6glichen. F\u00fcr gr\u00f6\u00dfere Projekte verf\u00fcgen wir \u00fcber eigene L\u00f6sungsarchitekten, die nicht nur f\u00fcr eine qualitativ hochwertige \u00dcbersetzung sorgen, sondern auch Content-Management-L\u00f6sungen bereitstellen, die einen praktisch nahtlosen Fluss von Inhalten in beide Richtungen bei minimaler Beeintr\u00e4chtigung der bestehenden Arbeitsabl\u00e4ufe des Kunden erm\u00f6glichen.\r\n\r\nDie \u00fcberwiegende Mehrheit unseres Gesch\u00e4fts stammt von langj\u00e4hrigen Kunden, die mit unseren wettbewerbsf\u00e4higen Preisen und unserer effizienten kundenorientierten Dienstleistung zufrieden sind. Wir erreichen dies, indem wir die Arbeitsabl\u00e4ufe an die internen Prozesse unserer Kunden anpassen und so konsistentere \u00dcbersetzungen, eine schnellere Lieferung und einen langfristig kosteng\u00fcnstigeren Output gew\u00e4hrleisten."},"shortcode-map":{"type":"textfield","raw":""},"dyk-shortcode":{"type":"textfield","raw":"[elementor-template id=\"146647\"]"},"text-2":{"type":"textarea","raw":"<div class=\"imgs-flex-template flex-text-2\">\r\n    <img src=\"https:\/\/static.trustedtranslations.com\/wp-content\/uploads\/2024\/01\/service-1.webp\">\r\n    <div>\r\n        <h2>Aufbau Ihrer \u00dcbersetzungsressourcen\u200b<\/h2>\r\n        <p>Als Teil unserer professionellen \u00dcbersetzungsdienstleistungen k\u00f6nnen wir Ihnen helfen, ein wichtiges Unterscheidungsmerkmal in Ihrer mehrsprachigen Strategie aufzubauen: \u00dcbersetzungsressourcen. \u00dcbersetzungsressourcen erm\u00f6glichen es Ihnen und Ihrem Unternehmen, fr\u00fchere \u00dcbersetzungen und Glossare zu nutzen, um die Konsistenz Ihrer \u00dcbersetzungen zu verbessern und letztendlich die Kosten f\u00fcr die \u00dcbersetzung \u00e4hnlicher Texte zu senken.\r\n\r\nDar\u00fcber hinaus sind diese Ressourcen urheberrechtlich gesch\u00fctzt und k\u00f6nnen f\u00fcr die meisten verwandten \u00dcbersetzungsprojekte verwendet werden. Unsere professionellen Dienstleistungen stellen sicher, dass Ihre \u00dcbersetzungsressourcen mit der neuesten Technologie verwaltet und nach jedem Projekt aktualisiert werden. F\u00fcr Kunden mit bestehenden \u00dcbersetzungsspeichern und Glossaren k\u00f6nnen wir diese \u00fcberpr\u00fcfen, um sicherzustellen, dass sie aktualisiert und f\u00fcr die zuk\u00fcnftige Verwendung optimiert sind. Trusted Translations verwendet eine dynamische Plattform, die nahezu jedes \u00dcbersetzungsspeicherformat unterst\u00fctzt. Unser Ziel ist es, mit unseren Kunden zu wachsen und ihnen bei der Entwicklung von Tools zu helfen, die ihre mehrsprachigen Inhalte verbessern und die Kosten f\u00fcr die \u00dcbersetzung neuer Inhalte senken.<\/p>\r\n    <\/div>\r\n<\/div>"},"state":{"type":"textfield","raw":""},"city":{"type":"textarea","raw":[""]}}},"_links":{"self":[{"href":"https:\/\/www.trustedtranslations.com\/de\/wp-json\/wp\/v2\/pages\/129503","targetHints":{"allow":["GET"]}}],"collection":[{"href":"https:\/\/www.trustedtranslations.com\/de\/wp-json\/wp\/v2\/pages"}],"about":[{"href":"https:\/\/www.trustedtranslations.com\/de\/wp-json\/wp\/v2\/types\/page"}],"author":[{"embeddable":true,"href":"https:\/\/www.trustedtranslations.com\/de\/wp-json\/wp\/v2\/users\/1"}],"replies":[{"embeddable":true,"href":"https:\/\/www.trustedtranslations.com\/de\/wp-json\/wp\/v2\/comments?post=129503"}],"version-history":[{"count":0,"href":"https:\/\/www.trustedtranslations.com\/de\/wp-json\/wp\/v2\/pages\/129503\/revisions"}],"wp:featuredmedia":[{"embeddable":true,"href":"https:\/\/www.trustedtranslations.com\/de\/wp-json\/"}],"wp:attachment":[{"href":"https:\/\/www.trustedtranslations.com\/de\/wp-json\/wp\/v2\/media?parent=129503"}],"curies":[{"name":"wp","href":"https:\/\/api.w.org\/{rel}","templated":true}]}}