{"id":153891,"date":"2022-06-22T15:32:56","date_gmt":"2022-06-22T15:32:56","guid":{"rendered":"https:\/\/www.trustedtranslations.com\/dienstleistungen\/dolmetschen\/interpretation-2"},"modified":"2025-12-09T11:47:59","modified_gmt":"2025-12-09T14:47:59","slug":"simultan","status":"publish","type":"page","link":"https:\/\/www.trustedtranslations.com\/de\/dienstleistungen\/dolmetschen-vor-ort\/simultan","title":{"rendered":"Simultan"},"content":{"rendered":"","protected":false},"excerpt":{"rendered":"","protected":false},"author":1,"featured_media":222729,"parent":129453,"menu_order":0,"comment_status":"closed","ping_status":"closed","template":"","meta":{"site-sidebar-layout":"default","site-content-layout":"default","ast-site-content-layout":"default","site-content-style":"default","site-sidebar-style":"default","ast-global-header-display":"","ast-banner-title-visibility":"","ast-main-header-display":"","ast-hfb-above-header-display":"","ast-hfb-below-header-display":"","ast-hfb-mobile-header-display":"","site-post-title":"disabled","ast-breadcrumbs-content":"","ast-featured-img":"","footer-sml-layout":"","ast-disable-related-posts":"","theme-transparent-header-meta":"default","adv-header-id-meta":"","stick-header-meta":"","header-above-stick-meta":"","header-main-stick-meta":"","header-below-stick-meta":"","astra-migrate-meta-layouts":"set","ast-page-background-enabled":"default","ast-page-background-meta":{"desktop":{"background-color":"var(--ast-global-color-4)","background-image":"","background-repeat":"repeat","background-position":"center center","background-size":"auto","background-attachment":"scroll","background-type":"","background-media":"","overlay-type":"","overlay-color":"","overlay-opacity":"","overlay-gradient":""},"tablet":{"background-color":"","background-image":"","background-repeat":"repeat","background-position":"center center","background-size":"auto","background-attachment":"scroll","background-type":"","background-media":"","overlay-type":"","overlay-color":"","overlay-opacity":"","overlay-gradient":""},"mobile":{"background-color":"","background-image":"","background-repeat":"repeat","background-position":"center center","background-size":"auto","background-attachment":"scroll","background-type":"","background-media":"","overlay-type":"","overlay-color":"","overlay-opacity":"","overlay-gradient":""}},"ast-content-background-meta":{"desktop":{"background-color":"var(--ast-global-color-5)","background-image":"","background-repeat":"repeat","background-position":"center center","background-size":"auto","background-attachment":"scroll","background-type":"","background-media":"","overlay-type":"","overlay-color":"","overlay-opacity":"","overlay-gradient":""},"tablet":{"background-color":"var(--ast-global-color-5)","background-image":"","background-repeat":"repeat","background-position":"center center","background-size":"auto","background-attachment":"scroll","background-type":"","background-media":"","overlay-type":"","overlay-color":"","overlay-opacity":"","overlay-gradient":""},"mobile":{"background-color":"var(--ast-global-color-5)","background-image":"","background-repeat":"repeat","background-position":"center center","background-size":"auto","background-attachment":"scroll","background-type":"","background-media":"","overlay-type":"","overlay-color":"","overlay-opacity":"","overlay-gradient":""}},"footnotes":""},"class_list":["post-153891","page","type-page","status-publish","has-post-thumbnail","hentry"],"yoast_head":"<!-- This site is optimized with the Yoast SEO plugin v27.3 - https:\/\/yoast.com\/product\/yoast-seo-wordpress\/ -->\n<title>Simultandolmetschdienstleistungen \u2013 Trusted Translations, Inc.<\/title>\n<meta name=\"description\" content=\"Trusted Translations bietet hochwertiges Simultandolmetschen vor Ort f\u00fcr Konferenzen und gro\u00dfe Veranstaltungen. Klare, unmittelbare Kommunikation durch Fachdolmetscher.\" \/>\n<meta name=\"robots\" content=\"index, follow, max-snippet:-1, max-image-preview:large, max-video-preview:-1\" \/>\n<link rel=\"canonical\" href=\"https:\/\/www.trustedtranslations.com\/de\/dienstleistungen\/dolmetschen-vor-ort\/simultan\" \/>\n<meta property=\"og:locale\" content=\"de_DE\" \/>\n<meta property=\"og:type\" content=\"article\" \/>\n<meta property=\"og:title\" content=\"Simultandolmetschdienstleistungen \u2013 Trusted Translations, Inc.\" \/>\n<meta property=\"og:description\" content=\"Trusted Translations bietet hochwertiges Simultandolmetschen vor Ort f\u00fcr Konferenzen und gro\u00dfe Veranstaltungen. Klare, unmittelbare Kommunikation durch Fachdolmetscher.\" \/>\n<meta property=\"og:url\" content=\"https:\/\/www.trustedtranslations.com\/de\/dienstleistungen\/dolmetschen-vor-ort\/simultan\" \/>\n<meta property=\"og:site_name\" content=\"Trusted Translations, Inc.\" \/>\n<meta property=\"article:publisher\" content=\"https:\/\/www.facebook.com\/Trusted.Translations\" \/>\n<meta property=\"article:modified_time\" content=\"2025-12-09T14:47:59+00:00\" \/>\n<meta property=\"og:image\" content=\"https:\/\/www.trustedtranslations.com\/wp-content\/uploads\/2022\/06\/tt-logo-2-1.webp\" \/>\n\t<meta property=\"og:image:width\" content=\"216\" \/>\n\t<meta property=\"og:image:height\" content=\"94\" \/>\n\t<meta property=\"og:image:type\" content=\"image\/webp\" \/>\n<meta name=\"twitter:card\" content=\"summary_large_image\" \/>\n<meta name=\"twitter:site\" content=\"@TrustedT9ns\" \/>\n<script type=\"application\/ld+json\" class=\"yoast-schema-graph\">{\"@context\":\"https:\\\/\\\/schema.org\",\"@graph\":[{\"@type\":\"WebPage\",\"@id\":\"https:\\\/\\\/www.trustedtranslations.com\\\/de\\\/dienstleistungen\\\/dolmetschen-vor-ort\\\/simultan\",\"url\":\"https:\\\/\\\/www.trustedtranslations.com\\\/de\\\/dienstleistungen\\\/dolmetschen-vor-ort\\\/simultan\",\"name\":\"Simultandolmetschdienstleistungen \u2013 Trusted Translations, Inc.\",\"isPartOf\":{\"@id\":\"https:\\\/\\\/www.trustedtranslations.com\\\/de\\\/#website\"},\"primaryImageOfPage\":{\"@id\":\"https:\\\/\\\/www.trustedtranslations.com\\\/de\\\/dienstleistungen\\\/dolmetschen-vor-ort\\\/simultan#primaryimage\"},\"image\":{\"@id\":\"https:\\\/\\\/www.trustedtranslations.com\\\/de\\\/dienstleistungen\\\/dolmetschen-vor-ort\\\/simultan#primaryimage\"},\"thumbnailUrl\":\"\",\"description\":\"Trusted Translations bietet hochwertiges Simultandolmetschen vor Ort f\u00fcr Konferenzen und gro\u00dfe Veranstaltungen. Klare, unmittelbare Kommunikation durch Fachdolmetscher.\",\"breadcrumb\":{\"@id\":\"https:\\\/\\\/www.trustedtranslations.com\\\/de\\\/dienstleistungen\\\/dolmetschen-vor-ort\\\/simultan#breadcrumb\"},\"inLanguage\":\"de\",\"potentialAction\":[{\"@type\":\"ReadAction\",\"target\":[\"https:\\\/\\\/www.trustedtranslations.com\\\/de\\\/dienstleistungen\\\/dolmetschen-vor-ort\\\/simultan\"]}]},{\"@type\":\"ImageObject\",\"inLanguage\":\"de\",\"@id\":\"https:\\\/\\\/www.trustedtranslations.com\\\/de\\\/dienstleistungen\\\/dolmetschen-vor-ort\\\/simultan#primaryimage\",\"url\":\"\",\"contentUrl\":\"\"},{\"@type\":\"BreadcrumbList\",\"@id\":\"https:\\\/\\\/www.trustedtranslations.com\\\/de\\\/dienstleistungen\\\/dolmetschen-vor-ort\\\/simultan#breadcrumb\",\"itemListElement\":[{\"@type\":\"ListItem\",\"position\":1,\"name\":\"Home\",\"item\":\"https:\\\/\\\/www.trustedtranslations.com\\\/de\"},{\"@type\":\"ListItem\",\"position\":2,\"name\":\"Dienstleistungen\",\"item\":\"https:\\\/\\\/www.trustedtranslations.com\\\/de\\\/dienstleistungen\"},{\"@type\":\"ListItem\",\"position\":3,\"name\":\"Dolmetschen vor Ort\",\"item\":\"https:\\\/\\\/www.trustedtranslations.com\\\/de\\\/dienstleistungen\\\/dolmetschen-vor-ort\"},{\"@type\":\"ListItem\",\"position\":4,\"name\":\"Simultan\"}]},{\"@type\":\"WebSite\",\"@id\":\"https:\\\/\\\/www.trustedtranslations.com\\\/de\\\/#website\",\"url\":\"https:\\\/\\\/www.trustedtranslations.com\\\/de\\\/\",\"name\":\"Trusted Translations, Inc.\",\"description\":\"Leader in translation and interpretation services.\",\"publisher\":{\"@id\":\"https:\\\/\\\/www.trustedtranslations.com\\\/de\\\/#organization\"},\"alternateName\":\"Trusted Translations\",\"potentialAction\":[{\"@type\":\"SearchAction\",\"target\":{\"@type\":\"EntryPoint\",\"urlTemplate\":\"https:\\\/\\\/www.trustedtranslations.com\\\/de\\\/?s={search_term_string}\"},\"query-input\":{\"@type\":\"PropertyValueSpecification\",\"valueRequired\":true,\"valueName\":\"search_term_string\"}}],\"inLanguage\":\"de\"},{\"@type\":\"Organization\",\"@id\":\"https:\\\/\\\/www.trustedtranslations.com\\\/de\\\/#organization\",\"name\":\"Trusted Translations\",\"alternateName\":\"Trusted Translations, Inc.\",\"url\":\"https:\\\/\\\/www.trustedtranslations.com\\\/de\\\/\",\"logo\":{\"@type\":\"ImageObject\",\"inLanguage\":\"de\",\"@id\":\"https:\\\/\\\/www.trustedtranslations.com\\\/de\\\/#\\\/schema\\\/logo\\\/image\\\/\",\"url\":\"https:\\\/\\\/static.trustedtranslations.com\\\/wp-content\\\/uploads\\\/2022\\\/01\\\/TT_logo_WSIColors-2.png\",\"contentUrl\":\"https:\\\/\\\/static.trustedtranslations.com\\\/wp-content\\\/uploads\\\/2022\\\/01\\\/TT_logo_WSIColors-2.png\",\"width\":500,\"height\":196,\"caption\":\"Trusted Translations\"},\"image\":{\"@id\":\"https:\\\/\\\/www.trustedtranslations.com\\\/de\\\/#\\\/schema\\\/logo\\\/image\\\/\"},\"sameAs\":[\"https:\\\/\\\/www.facebook.com\\\/Trusted.Translations\",\"https:\\\/\\\/x.com\\\/TrustedT9ns\",\"https:\\\/\\\/www.linkedin.com\\\/company\\\/trusted-translations\"]}]}<\/script>\n<!-- \/ Yoast SEO plugin. -->","yoast_head_json":{"title":"Simultandolmetschdienstleistungen \u2013 Trusted Translations, Inc.","description":"Trusted Translations bietet hochwertiges Simultandolmetschen vor Ort f\u00fcr Konferenzen und gro\u00dfe Veranstaltungen. Klare, unmittelbare Kommunikation durch Fachdolmetscher.","robots":{"index":"index","follow":"follow","max-snippet":"max-snippet:-1","max-image-preview":"max-image-preview:large","max-video-preview":"max-video-preview:-1"},"canonical":"https:\/\/www.trustedtranslations.com\/de\/dienstleistungen\/dolmetschen-vor-ort\/simultan","og_locale":"de_DE","og_type":"article","og_title":"Simultandolmetschdienstleistungen \u2013 Trusted Translations, Inc.","og_description":"Trusted Translations bietet hochwertiges Simultandolmetschen vor Ort f\u00fcr Konferenzen und gro\u00dfe Veranstaltungen. Klare, unmittelbare Kommunikation durch Fachdolmetscher.","og_url":"https:\/\/www.trustedtranslations.com\/de\/dienstleistungen\/dolmetschen-vor-ort\/simultan","og_site_name":"Trusted Translations, Inc.","article_publisher":"https:\/\/www.facebook.com\/Trusted.Translations","article_modified_time":"2025-12-09T14:47:59+00:00","og_image":[{"width":216,"height":94,"url":"https:\/\/www.trustedtranslations.com\/wp-content\/uploads\/2022\/06\/tt-logo-2-1.webp","type":"image\/webp"}],"twitter_card":"summary_large_image","twitter_site":"@TrustedT9ns","schema":{"@context":"https:\/\/schema.org","@graph":[{"@type":"WebPage","@id":"https:\/\/www.trustedtranslations.com\/de\/dienstleistungen\/dolmetschen-vor-ort\/simultan","url":"https:\/\/www.trustedtranslations.com\/de\/dienstleistungen\/dolmetschen-vor-ort\/simultan","name":"Simultandolmetschdienstleistungen \u2013 Trusted Translations, Inc.","isPartOf":{"@id":"https:\/\/www.trustedtranslations.com\/de\/#website"},"primaryImageOfPage":{"@id":"https:\/\/www.trustedtranslations.com\/de\/dienstleistungen\/dolmetschen-vor-ort\/simultan#primaryimage"},"image":{"@id":"https:\/\/www.trustedtranslations.com\/de\/dienstleistungen\/dolmetschen-vor-ort\/simultan#primaryimage"},"thumbnailUrl":"","description":"Trusted Translations bietet hochwertiges Simultandolmetschen vor Ort f\u00fcr Konferenzen und gro\u00dfe Veranstaltungen. Klare, unmittelbare Kommunikation durch Fachdolmetscher.","breadcrumb":{"@id":"https:\/\/www.trustedtranslations.com\/de\/dienstleistungen\/dolmetschen-vor-ort\/simultan#breadcrumb"},"inLanguage":"de","potentialAction":[{"@type":"ReadAction","target":["https:\/\/www.trustedtranslations.com\/de\/dienstleistungen\/dolmetschen-vor-ort\/simultan"]}]},{"@type":"ImageObject","inLanguage":"de","@id":"https:\/\/www.trustedtranslations.com\/de\/dienstleistungen\/dolmetschen-vor-ort\/simultan#primaryimage","url":"","contentUrl":""},{"@type":"BreadcrumbList","@id":"https:\/\/www.trustedtranslations.com\/de\/dienstleistungen\/dolmetschen-vor-ort\/simultan#breadcrumb","itemListElement":[{"@type":"ListItem","position":1,"name":"Home","item":"https:\/\/www.trustedtranslations.com\/de"},{"@type":"ListItem","position":2,"name":"Dienstleistungen","item":"https:\/\/www.trustedtranslations.com\/de\/dienstleistungen"},{"@type":"ListItem","position":3,"name":"Dolmetschen vor Ort","item":"https:\/\/www.trustedtranslations.com\/de\/dienstleistungen\/dolmetschen-vor-ort"},{"@type":"ListItem","position":4,"name":"Simultan"}]},{"@type":"WebSite","@id":"https:\/\/www.trustedtranslations.com\/de\/#website","url":"https:\/\/www.trustedtranslations.com\/de\/","name":"Trusted Translations, Inc.","description":"Leader in translation and interpretation services.","publisher":{"@id":"https:\/\/www.trustedtranslations.com\/de\/#organization"},"alternateName":"Trusted Translations","potentialAction":[{"@type":"SearchAction","target":{"@type":"EntryPoint","urlTemplate":"https:\/\/www.trustedtranslations.com\/de\/?s={search_term_string}"},"query-input":{"@type":"PropertyValueSpecification","valueRequired":true,"valueName":"search_term_string"}}],"inLanguage":"de"},{"@type":"Organization","@id":"https:\/\/www.trustedtranslations.com\/de\/#organization","name":"Trusted Translations","alternateName":"Trusted Translations, Inc.","url":"https:\/\/www.trustedtranslations.com\/de\/","logo":{"@type":"ImageObject","inLanguage":"de","@id":"https:\/\/www.trustedtranslations.com\/de\/#\/schema\/logo\/image\/","url":"https:\/\/static.trustedtranslations.com\/wp-content\/uploads\/2022\/01\/TT_logo_WSIColors-2.png","contentUrl":"https:\/\/static.trustedtranslations.com\/wp-content\/uploads\/2022\/01\/TT_logo_WSIColors-2.png","width":500,"height":196,"caption":"Trusted Translations"},"image":{"@id":"https:\/\/www.trustedtranslations.com\/de\/#\/schema\/logo\/image\/"},"sameAs":["https:\/\/www.facebook.com\/Trusted.Translations","https:\/\/x.com\/TrustedT9ns","https:\/\/www.linkedin.com\/company\/trusted-translations"]}]}},"toolset-meta":{"dyk":{"mensaje-1":{"type":"textfield","raw":"Das US-Bundesgesetz fordert Dolmetscher sowohl in Straf- als auch in Zivilgerichten."},"mensaje-2":{"type":"textfield","raw":"Professionelle Dolmetscher arbeiten oft zu zweit, da dies mental sehr anstrengend ist."},"mensaje-3":{"type":"textfield","raw":"Geschulte Dolmetscher k\u00f6nnen medizinische Fehlkommunikationen um bis zu 75 % reduzieren."},"mensaje-4":{"type":"textfield","raw":"Das US-Gesetz verlangt von Krankenh\u00e4usern, qualifizierte Dolmetscher f\u00fcr Patienten bereitzustellen."},"mensaje-5":{"type":"textfield","raw":""},"mensaje-6":{"type":"textfield","raw":""}},"single-page-template-fields":{"imgs-temp":{"type":"image","raw":["https:\/\/static.trustedtranslations.com\/wp-content\/uploads\/2024\/07\/onsite-1-1.webp"],"repeatable":[{"raw":"https:\/\/static.trustedtranslations.com\/wp-content\/uploads\/2024\/07\/onsite-1-1.webp"}]},"imgs-temp-cel":{"type":"image","raw":[""],"repeatable":[{"raw":""}]},"img-temp-one-cel":{"type":"image","raw":"https:\/\/static.trustedtranslations.com\/wp-content\/uploads\/2024\/07\/speaker-business-conference-2-1.webp","attachment_id":null},"quotes":{"type":"textarea","raw":"<h1 style=\"margin-bottom: 12px;\">Simultanes Dolmetschen vor Ort<\/h1><p>Eine der bekanntesten Formen des Vor-Ort-Dolmetschens ist das Simultan- oder Echtzeit-Dolmetschen. Von internationalen Gesch\u00e4ftskongressen bis hin zu Gerichtss\u00e4len bietet <em>Trusted Translations<\/em> die besten Simultandolmetscher der Welt und liefert die zuverl\u00e4ssigste Verdolmetschung f\u00fcr kritische Kommunikation.<\/p><div style=\"margin-top: 2.5vw;\"><a class=\"tt-btn-main-cta\" href=\"https:\/\/www.trustedtranslations.com\/de\/angebot\">Kostenlosen Kostenvoranschlag anfordern<\/a><\/div>"},"text-1":{"type":"textarea","raw":"<h2>Dolmetschen f\u00fcr ein gr\u00f6\u00dferes Publikum<\/h2>\r\nBeim Simultandolmetschen dolmetscht der Dolmetscher (oder oft auch ein Team von zwei oder mehr Dolmetschern) von einem nahe gelegenen Ort oder aus einer geschlossenen Kabine, w\u00e4hrend der Redner spricht, so dass die Kommunikation praktisch in Echtzeit erfolgt. Diese Art des Live-Dolmetschens eignet sich ideal f\u00fcr gro\u00dfe mehrsprachige Veranstaltungen wie Konferenzen und ist Ihnen vielleicht von Sitzungen der Vereinten Nationen, Ansprachen des Pr\u00e4sidenten, die weltweit \u00fcbertragen werden, oder internationalen Sportveranstaltungen wie den Olympischen Spielen vertraut.\r\n<h2>Sprache in Echtzeit dolmetschen<\/h2>\r\nSimultandolmetscheins\u00e4tze sind komplexer als Konsekutivdolmetscheins\u00e4tze; die Dolmetscher m\u00fcssen die Ausgangssprache blitzschnell aufnehmen und dolmetschen, bevor sie die m\u00fcndliche \u00dcbersetzung reibungslos in der Zielsprache weitergeben k\u00f6nnen. Da Simultandolmetscher das Geh\u00f6rte im Kontext dolmetschen m\u00fcssen und nicht einfach Wort f\u00fcr Wort wiedergeben k\u00f6nnen, gibt es keine Technik oder Software, die auch nur halbwegs an die Zuverl\u00e4ssigkeit eines echten Dolmetschers vor Ort heranreicht.\r\n\r\nDie hohe Geschwindigkeit und Sprachgewandtheit des Simultandolmetschens erfordert, dass Dolmetscher \u00fcber umfangreiche Erfahrung und tadellose Referenzen verf\u00fcgen. Zu unserem Team von Trusted Translations geh\u00f6ren Simultandolmetscher, die mit den renommiertesten Organisationen der internationalen Gemeinschaft, einschlie\u00dflich der UN, zusammengearbeitet haben. Als solche sind sie bereits vertraut mit strengen Standards f\u00fcr die Dolmetschqualit\u00e4t sowie mit anspruchsvollen Themen.\r\n\r\nDas Simultandolmetschen vor Ort ist auch auf bestimmte Spezialger\u00e4te angewiesen, die sowohl dem Dolmetscher als auch dem Publikum eine klare, hochwertige Audioqualit\u00e4t bieten. Beispielsweise verwenden Simultan\u00fcbersetzer oft speziell entworfene schalldichte Kabinen, drahtlose Kopfh\u00f6rer, Fernsehmonitore und Spitzenmikrofone. Um die besten Ergebnisse zu erzielen, ist es wichtig, mit einem Team zusammenzuarbeiten, das Sie mit der geeigneten Ausr\u00fcstung namhafter Hersteller verbinden kann."},"shortcode-map":{"type":"textfield","raw":""},"dyk-shortcode":{"type":"textfield","raw":"[elementor-template id=\"146647\"]"},"text-2":{"type":"textarea","raw":"<h2>Warum Simultandolmetschen w\u00e4hlen<\/h2>\r\nDa Simultandolmetschen in Echtzeit erfolgt, spart es auch Zeit und ist somit ideal f\u00fcr gro\u00dfe Konferenzen und Meetings oder Vortr\u00e4ge, die erhebliche Mengen an Informationen beinhalten. Bei Veranstaltungen mit vielen Teilnehmern und mehreren Sprachen ist Simultandolmetschen die effizienteste Option \u2013 Sie m\u00fcssen nicht warten, bis die Rede jedes Redners nachtr\u00e4glich in Dutzende oder Hunderte verschiedener Sprachen \u00fcbersetzt wird.\r\n\r\nBei sensibleren mehrsprachigen Besprechungen, z. B. im juristischen, diplomatischen oder gesch\u00e4ftlichen Umfeld, spielt das Simultandolmetschen eine Schl\u00fcsselrolle, da es die genaue \u2013 oft heikle und nuancierte \u2013 Kommunikation zwischen allen Gespr\u00e4chspartnern erleichtert. Da durch die Zunahme virtueller oder hybrider Veranstaltungen w\u00e4hrend der Pandemie das Publikum auf neue Sprachen und Orte ausgedehnt wurde, ist eine genaue Verdolmetschung f\u00fcr zuk\u00fcnftige Veranstaltungen wichtiger denn je.\r\n\r\n<em>Trusted Translations<\/em> verf\u00fcgt sowohl \u00fcber die Technologie als auch \u00fcber die besten Dolmetscher, um Ihre Simultandolmetscherbed\u00fcrfnisse zu erf\u00fcllen. Unsere Dolmetscher sind hochqualifiziert und speziell im Simultandolmetschen ausgebildet. Bitte kontaktieren Sie uns, um mehr dar\u00fcber zu erfahren, wie wir kosteng\u00fcnstige L\u00f6sungen f\u00fcr Ihr Simultandolmetschen vor Ort anbieten k\u00f6nnen."},"state":{"type":"textfield","raw":""},"city":{"type":"textarea","raw":[""]}}},"_links":{"self":[{"href":"https:\/\/www.trustedtranslations.com\/de\/wp-json\/wp\/v2\/pages\/153891","targetHints":{"allow":["GET"]}}],"collection":[{"href":"https:\/\/www.trustedtranslations.com\/de\/wp-json\/wp\/v2\/pages"}],"about":[{"href":"https:\/\/www.trustedtranslations.com\/de\/wp-json\/wp\/v2\/types\/page"}],"author":[{"embeddable":true,"href":"https:\/\/www.trustedtranslations.com\/de\/wp-json\/wp\/v2\/users\/1"}],"replies":[{"embeddable":true,"href":"https:\/\/www.trustedtranslations.com\/de\/wp-json\/wp\/v2\/comments?post=153891"}],"version-history":[{"count":0,"href":"https:\/\/www.trustedtranslations.com\/de\/wp-json\/wp\/v2\/pages\/153891\/revisions"}],"up":[{"embeddable":true,"href":"https:\/\/www.trustedtranslations.com\/de\/wp-json\/wp\/v2\/pages\/129453"}],"wp:featuredmedia":[{"embeddable":true,"href":"https:\/\/www.trustedtranslations.com\/de\/wp-json\/"}],"wp:attachment":[{"href":"https:\/\/www.trustedtranslations.com\/de\/wp-json\/wp\/v2\/media?parent=153891"}],"curies":[{"name":"wp","href":"https:\/\/api.w.org\/{rel}","templated":true}]}}