{"id":154043,"date":"2022-06-22T15:40:41","date_gmt":"2022-06-22T15:40:41","guid":{"rendered":"https:\/\/www.trustedtranslations.com\/dienstleistungen\/dolmetschen\/equipment"},"modified":"2024-09-06T16:10:12","modified_gmt":"2024-09-06T19:10:12","slug":"ausruestung","status":"publish","type":"page","link":"https:\/\/www.trustedtranslations.com\/de\/dienstleistungen\/dolmetschen-vor-ort\/ausruestung","title":{"rendered":"Ausr\u00fcstung"},"content":{"rendered":"","protected":false},"excerpt":{"rendered":"","protected":false},"author":1,"featured_media":222729,"parent":129453,"menu_order":0,"comment_status":"closed","ping_status":"closed","template":"","meta":{"site-sidebar-layout":"default","site-content-layout":"default","ast-site-content-layout":"default","site-content-style":"default","site-sidebar-style":"default","ast-global-header-display":"","ast-banner-title-visibility":"","ast-main-header-display":"","ast-hfb-above-header-display":"","ast-hfb-below-header-display":"","ast-hfb-mobile-header-display":"","site-post-title":"disabled","ast-breadcrumbs-content":"","ast-featured-img":"","footer-sml-layout":"","ast-disable-related-posts":"","theme-transparent-header-meta":"default","adv-header-id-meta":"","stick-header-meta":"","header-above-stick-meta":"","header-main-stick-meta":"","header-below-stick-meta":"","astra-migrate-meta-layouts":"set","ast-page-background-enabled":"default","ast-page-background-meta":{"desktop":{"background-color":"var(--ast-global-color-4)","background-image":"","background-repeat":"repeat","background-position":"center center","background-size":"auto","background-attachment":"scroll","background-type":"","background-media":"","overlay-type":"","overlay-color":"","overlay-opacity":"","overlay-gradient":""},"tablet":{"background-color":"","background-image":"","background-repeat":"repeat","background-position":"center center","background-size":"auto","background-attachment":"scroll","background-type":"","background-media":"","overlay-type":"","overlay-color":"","overlay-opacity":"","overlay-gradient":""},"mobile":{"background-color":"","background-image":"","background-repeat":"repeat","background-position":"center center","background-size":"auto","background-attachment":"scroll","background-type":"","background-media":"","overlay-type":"","overlay-color":"","overlay-opacity":"","overlay-gradient":""}},"ast-content-background-meta":{"desktop":{"background-color":"var(--ast-global-color-5)","background-image":"","background-repeat":"repeat","background-position":"center center","background-size":"auto","background-attachment":"scroll","background-type":"","background-media":"","overlay-type":"","overlay-color":"","overlay-opacity":"","overlay-gradient":""},"tablet":{"background-color":"var(--ast-global-color-5)","background-image":"","background-repeat":"repeat","background-position":"center center","background-size":"auto","background-attachment":"scroll","background-type":"","background-media":"","overlay-type":"","overlay-color":"","overlay-opacity":"","overlay-gradient":""},"mobile":{"background-color":"var(--ast-global-color-5)","background-image":"","background-repeat":"repeat","background-position":"center center","background-size":"auto","background-attachment":"scroll","background-type":"","background-media":"","overlay-type":"","overlay-color":"","overlay-opacity":"","overlay-gradient":""}},"footnotes":""},"class_list":["post-154043","page","type-page","status-publish","has-post-thumbnail","hentry"],"yoast_head":"<!-- This site is optimized with the Yoast SEO plugin v27.6 - https:\/\/yoast.com\/product\/yoast-seo-wordpress\/ -->\n<title>Dolmetscherausr\u00fcstung \u2013 Trusted Translations, Inc.<\/title>\n<meta name=\"description\" content=\"Trusted Translations, Inc. ist ein f\u00fchrender Anbieter von Konsekutiv- und Simultandolmetscherdienstleistungen vor Ort. Rufen Sie an, um ein kostenloses Angebot oder eine kostenlose Beratung anzufordern\" \/>\n<meta name=\"robots\" content=\"index, follow, max-snippet:-1, max-image-preview:large, max-video-preview:-1\" \/>\n<link rel=\"canonical\" href=\"https:\/\/www.trustedtranslations.com\/de\/dienstleistungen\/dolmetschen-vor-ort\/ausruestung\" \/>\n<meta property=\"og:locale\" content=\"de_DE\" \/>\n<meta property=\"og:type\" content=\"article\" \/>\n<meta property=\"og:title\" content=\"Dolmetscherausr\u00fcstung \u2013 Trusted Translations, Inc.\" \/>\n<meta property=\"og:description\" content=\"Trusted Translations, Inc. ist ein f\u00fchrender Anbieter von Konsekutiv- und Simultandolmetscherdienstleistungen vor Ort. Rufen Sie an, um ein kostenloses Angebot oder eine kostenlose Beratung anzufordern\" \/>\n<meta property=\"og:url\" content=\"https:\/\/www.trustedtranslations.com\/de\/dienstleistungen\/dolmetschen-vor-ort\/ausruestung\" \/>\n<meta property=\"og:site_name\" content=\"Trusted Translations, Inc.\" \/>\n<meta property=\"article:publisher\" content=\"https:\/\/www.facebook.com\/Trusted.Translations\" \/>\n<meta property=\"article:modified_time\" content=\"2024-09-06T19:10:12+00:00\" \/>\n<meta property=\"og:image\" content=\"https:\/\/www.trustedtranslations.com\/wp-content\/uploads\/2022\/06\/tt-logo-2-1.webp\" \/>\n\t<meta property=\"og:image:width\" content=\"216\" \/>\n\t<meta property=\"og:image:height\" content=\"94\" \/>\n\t<meta property=\"og:image:type\" content=\"image\/webp\" \/>\n<meta name=\"twitter:card\" content=\"summary_large_image\" \/>\n<meta name=\"twitter:site\" content=\"@TrustedT9ns\" \/>\n<script type=\"application\/ld+json\" class=\"yoast-schema-graph\">{\"@context\":\"https:\\\/\\\/schema.org\",\"@graph\":[{\"@type\":\"WebPage\",\"@id\":\"https:\\\/\\\/www.trustedtranslations.com\\\/de\\\/dienstleistungen\\\/dolmetschen-vor-ort\\\/ausruestung\",\"url\":\"https:\\\/\\\/www.trustedtranslations.com\\\/de\\\/dienstleistungen\\\/dolmetschen-vor-ort\\\/ausruestung\",\"name\":\"Dolmetscherausr\u00fcstung \u2013 Trusted Translations, Inc.\",\"isPartOf\":{\"@id\":\"https:\\\/\\\/www.trustedtranslations.com\\\/de\\\/#website\"},\"primaryImageOfPage\":{\"@id\":\"https:\\\/\\\/www.trustedtranslations.com\\\/de\\\/dienstleistungen\\\/dolmetschen-vor-ort\\\/ausruestung#primaryimage\"},\"image\":{\"@id\":\"https:\\\/\\\/www.trustedtranslations.com\\\/de\\\/dienstleistungen\\\/dolmetschen-vor-ort\\\/ausruestung#primaryimage\"},\"thumbnailUrl\":\"\",\"description\":\"Trusted Translations, Inc. ist ein f\u00fchrender Anbieter von Konsekutiv- und Simultandolmetscherdienstleistungen vor Ort. Rufen Sie an, um ein kostenloses Angebot oder eine kostenlose Beratung anzufordern\",\"breadcrumb\":{\"@id\":\"https:\\\/\\\/www.trustedtranslations.com\\\/de\\\/dienstleistungen\\\/dolmetschen-vor-ort\\\/ausruestung#breadcrumb\"},\"inLanguage\":\"de\",\"potentialAction\":[{\"@type\":\"ReadAction\",\"target\":[\"https:\\\/\\\/www.trustedtranslations.com\\\/de\\\/dienstleistungen\\\/dolmetschen-vor-ort\\\/ausruestung\"]}]},{\"@type\":\"ImageObject\",\"inLanguage\":\"de\",\"@id\":\"https:\\\/\\\/www.trustedtranslations.com\\\/de\\\/dienstleistungen\\\/dolmetschen-vor-ort\\\/ausruestung#primaryimage\",\"url\":\"\",\"contentUrl\":\"\"},{\"@type\":\"BreadcrumbList\",\"@id\":\"https:\\\/\\\/www.trustedtranslations.com\\\/de\\\/dienstleistungen\\\/dolmetschen-vor-ort\\\/ausruestung#breadcrumb\",\"itemListElement\":[{\"@type\":\"ListItem\",\"position\":1,\"name\":\"Home\",\"item\":\"https:\\\/\\\/www.trustedtranslations.com\\\/de\"},{\"@type\":\"ListItem\",\"position\":2,\"name\":\"Dienstleistungen\",\"item\":\"https:\\\/\\\/www.trustedtranslations.com\\\/de\\\/dienstleistungen\"},{\"@type\":\"ListItem\",\"position\":3,\"name\":\"Dolmetschen vor Ort\",\"item\":\"https:\\\/\\\/www.trustedtranslations.com\\\/de\\\/dienstleistungen\\\/dolmetschen-vor-ort\"},{\"@type\":\"ListItem\",\"position\":4,\"name\":\"Ausr\u00fcstung\"}]},{\"@type\":\"WebSite\",\"@id\":\"https:\\\/\\\/www.trustedtranslations.com\\\/de\\\/#website\",\"url\":\"https:\\\/\\\/www.trustedtranslations.com\\\/de\\\/\",\"name\":\"Trusted Translations, Inc.\",\"description\":\"Leader in translation and interpretation services.\",\"publisher\":{\"@id\":\"https:\\\/\\\/www.trustedtranslations.com\\\/de\\\/#organization\"},\"alternateName\":\"Trusted Translations\",\"potentialAction\":[{\"@type\":\"SearchAction\",\"target\":{\"@type\":\"EntryPoint\",\"urlTemplate\":\"https:\\\/\\\/www.trustedtranslations.com\\\/de\\\/?s={search_term_string}\"},\"query-input\":{\"@type\":\"PropertyValueSpecification\",\"valueRequired\":true,\"valueName\":\"search_term_string\"}}],\"inLanguage\":\"de\"},{\"@type\":\"Organization\",\"@id\":\"https:\\\/\\\/www.trustedtranslations.com\\\/de\\\/#organization\",\"name\":\"Trusted Translations\",\"alternateName\":\"Trusted Translations, Inc.\",\"url\":\"https:\\\/\\\/www.trustedtranslations.com\\\/de\\\/\",\"logo\":{\"@type\":\"ImageObject\",\"inLanguage\":\"de\",\"@id\":\"https:\\\/\\\/www.trustedtranslations.com\\\/de\\\/#\\\/schema\\\/logo\\\/image\\\/\",\"url\":\"https:\\\/\\\/static.trustedtranslations.com\\\/wp-content\\\/uploads\\\/2022\\\/01\\\/TT_logo_WSIColors-2.png\",\"contentUrl\":\"https:\\\/\\\/static.trustedtranslations.com\\\/wp-content\\\/uploads\\\/2022\\\/01\\\/TT_logo_WSIColors-2.png\",\"width\":500,\"height\":196,\"caption\":\"Trusted Translations\"},\"image\":{\"@id\":\"https:\\\/\\\/www.trustedtranslations.com\\\/de\\\/#\\\/schema\\\/logo\\\/image\\\/\"},\"sameAs\":[\"https:\\\/\\\/www.facebook.com\\\/Trusted.Translations\",\"https:\\\/\\\/x.com\\\/TrustedT9ns\",\"https:\\\/\\\/www.linkedin.com\\\/company\\\/trusted-translations\"]}]}<\/script>\n<!-- \/ Yoast SEO plugin. -->","yoast_head_json":{"title":"Dolmetscherausr\u00fcstung \u2013 Trusted Translations, Inc.","description":"Trusted Translations, Inc. ist ein f\u00fchrender Anbieter von Konsekutiv- und Simultandolmetscherdienstleistungen vor Ort. Rufen Sie an, um ein kostenloses Angebot oder eine kostenlose Beratung anzufordern","robots":{"index":"index","follow":"follow","max-snippet":"max-snippet:-1","max-image-preview":"max-image-preview:large","max-video-preview":"max-video-preview:-1"},"canonical":"https:\/\/www.trustedtranslations.com\/de\/dienstleistungen\/dolmetschen-vor-ort\/ausruestung","og_locale":"de_DE","og_type":"article","og_title":"Dolmetscherausr\u00fcstung \u2013 Trusted Translations, Inc.","og_description":"Trusted Translations, Inc. ist ein f\u00fchrender Anbieter von Konsekutiv- und Simultandolmetscherdienstleistungen vor Ort. Rufen Sie an, um ein kostenloses Angebot oder eine kostenlose Beratung anzufordern","og_url":"https:\/\/www.trustedtranslations.com\/de\/dienstleistungen\/dolmetschen-vor-ort\/ausruestung","og_site_name":"Trusted Translations, Inc.","article_publisher":"https:\/\/www.facebook.com\/Trusted.Translations","article_modified_time":"2024-09-06T19:10:12+00:00","og_image":[{"width":216,"height":94,"url":"https:\/\/www.trustedtranslations.com\/wp-content\/uploads\/2022\/06\/tt-logo-2-1.webp","type":"image\/webp"}],"twitter_card":"summary_large_image","twitter_site":"@TrustedT9ns","schema":{"@context":"https:\/\/schema.org","@graph":[{"@type":"WebPage","@id":"https:\/\/www.trustedtranslations.com\/de\/dienstleistungen\/dolmetschen-vor-ort\/ausruestung","url":"https:\/\/www.trustedtranslations.com\/de\/dienstleistungen\/dolmetschen-vor-ort\/ausruestung","name":"Dolmetscherausr\u00fcstung \u2013 Trusted Translations, Inc.","isPartOf":{"@id":"https:\/\/www.trustedtranslations.com\/de\/#website"},"primaryImageOfPage":{"@id":"https:\/\/www.trustedtranslations.com\/de\/dienstleistungen\/dolmetschen-vor-ort\/ausruestung#primaryimage"},"image":{"@id":"https:\/\/www.trustedtranslations.com\/de\/dienstleistungen\/dolmetschen-vor-ort\/ausruestung#primaryimage"},"thumbnailUrl":"","description":"Trusted Translations, Inc. ist ein f\u00fchrender Anbieter von Konsekutiv- und Simultandolmetscherdienstleistungen vor Ort. Rufen Sie an, um ein kostenloses Angebot oder eine kostenlose Beratung anzufordern","breadcrumb":{"@id":"https:\/\/www.trustedtranslations.com\/de\/dienstleistungen\/dolmetschen-vor-ort\/ausruestung#breadcrumb"},"inLanguage":"de","potentialAction":[{"@type":"ReadAction","target":["https:\/\/www.trustedtranslations.com\/de\/dienstleistungen\/dolmetschen-vor-ort\/ausruestung"]}]},{"@type":"ImageObject","inLanguage":"de","@id":"https:\/\/www.trustedtranslations.com\/de\/dienstleistungen\/dolmetschen-vor-ort\/ausruestung#primaryimage","url":"","contentUrl":""},{"@type":"BreadcrumbList","@id":"https:\/\/www.trustedtranslations.com\/de\/dienstleistungen\/dolmetschen-vor-ort\/ausruestung#breadcrumb","itemListElement":[{"@type":"ListItem","position":1,"name":"Home","item":"https:\/\/www.trustedtranslations.com\/de"},{"@type":"ListItem","position":2,"name":"Dienstleistungen","item":"https:\/\/www.trustedtranslations.com\/de\/dienstleistungen"},{"@type":"ListItem","position":3,"name":"Dolmetschen vor Ort","item":"https:\/\/www.trustedtranslations.com\/de\/dienstleistungen\/dolmetschen-vor-ort"},{"@type":"ListItem","position":4,"name":"Ausr\u00fcstung"}]},{"@type":"WebSite","@id":"https:\/\/www.trustedtranslations.com\/de\/#website","url":"https:\/\/www.trustedtranslations.com\/de\/","name":"Trusted Translations, Inc.","description":"Leader in translation and interpretation services.","publisher":{"@id":"https:\/\/www.trustedtranslations.com\/de\/#organization"},"alternateName":"Trusted Translations","potentialAction":[{"@type":"SearchAction","target":{"@type":"EntryPoint","urlTemplate":"https:\/\/www.trustedtranslations.com\/de\/?s={search_term_string}"},"query-input":{"@type":"PropertyValueSpecification","valueRequired":true,"valueName":"search_term_string"}}],"inLanguage":"de"},{"@type":"Organization","@id":"https:\/\/www.trustedtranslations.com\/de\/#organization","name":"Trusted Translations","alternateName":"Trusted Translations, Inc.","url":"https:\/\/www.trustedtranslations.com\/de\/","logo":{"@type":"ImageObject","inLanguage":"de","@id":"https:\/\/www.trustedtranslations.com\/de\/#\/schema\/logo\/image\/","url":"https:\/\/static.trustedtranslations.com\/wp-content\/uploads\/2022\/01\/TT_logo_WSIColors-2.png","contentUrl":"https:\/\/static.trustedtranslations.com\/wp-content\/uploads\/2022\/01\/TT_logo_WSIColors-2.png","width":500,"height":196,"caption":"Trusted Translations"},"image":{"@id":"https:\/\/www.trustedtranslations.com\/de\/#\/schema\/logo\/image\/"},"sameAs":["https:\/\/www.facebook.com\/Trusted.Translations","https:\/\/x.com\/TrustedT9ns","https:\/\/www.linkedin.com\/company\/trusted-translations"]}]}},"toolset-meta":{"dyk":{"mensaje-1":{"type":"textfield","raw":"Ausr\u00fcstungsstandards werden von der ISO geregelt, mit Beitr\u00e4gen aus \u00fcber 160 L\u00e4ndern."},"mensaje-2":{"type":"textfield","raw":"Allein die UN organisiert jedes Jahr \u00fcber 5.000 dolmetscherunterst\u00fctzte Treffen und Veranstaltungen."},"mensaje-3":{"type":"textfield","raw":"Infrarot (IR)-\u00dcbertragungsger\u00e4te sind immun gegen Funkst\u00f6rungen."},"mensaje-4":{"type":"textfield","raw":"UKW-Funkger\u00e4te mit gro\u00dfer Reichweite k\u00f6nnen eine Entfernung von \u00fcber 1.000 Fu\u00df erreichen."},"mensaje-5":{"type":"textfield","raw":""},"mensaje-6":{"type":"textfield","raw":""}},"single-page-template-fields":{"imgs-temp":{"type":"image","raw":["https:\/\/static.trustedtranslations.com\/wp-content\/uploads\/2024\/07\/onsite-2-1.webp"],"repeatable":[{"raw":"https:\/\/static.trustedtranslations.com\/wp-content\/uploads\/2024\/07\/onsite-2-1.webp"}]},"imgs-temp-cel":{"type":"image","raw":[""],"repeatable":[{"raw":""}]},"img-temp-one-cel":{"type":"image","raw":"https:\/\/static.trustedtranslations.com\/wp-content\/uploads\/2024\/07\/close-up-microphone-stand-confer.webp","attachment_id":null},"quotes":{"type":"textarea","raw":"<h1 style=\"margin-bottom: 12px;\">Ausstattung f\u00fcr das Simultandolmetschen<\/h1>\r\nSimultandolmetschen erfordert oft den Einsatz spezialisierter Technologie, um ein Kommunikationserlebnis in \u201eEchtzeit\u201c zu schaffen. Dies wird durch Verwendung eines geschlossenen drahtlosen Kommunikationssystems mit speziellen Mikrofonen, Kopfh\u00f6rern und Sendeausr\u00fcstung erreicht.\r\n<div style=\"margin-top: 2.5vw;\"><a class=\"tt-btn-main-cta\" href=\"https:\/\/www.trustedtranslations.com\/de\/angebot\">KOSTENLOSEN KOSTENVORANSCHLAG ANFORDERN<\/a><\/div>"},"text-1":{"type":"textarea","raw":"<img class=\"alignright wp-image-144863\" src=\"https:\/\/static.trustedtranslations.com\/wp-content\/uploads\/2022\/03\/customer-support-agent-greeting-his-clients-via-video-call-300x294.jpg\" alt=\"\" width=\"400\" height=\"393\" \/>\r\n\r\nAls komplexe Form des Vor-Ort-Dolmetschens erfordert das Simultandolmetschen eine sehr spezifische Technologie, abh\u00e4ngig von der physischen Umgebung und der Vertraulichkeit der Informationen. Wie bei den UN-Kongressen oder multinationalen Gesch\u00e4ftstreffen zu sehen ist, verwenden die meisten Simultandolmetscher schalldichte Kabinen, spezialisierte Sender, drahtlose Kopfh\u00f6rer und hochwertige Mikrofone.\r\n\r\nBei Simultan\u00fcbersetzungen gibt es zwei Haupttechnologien - FM\/RF und IR. FM, manchmal auch als RF-Ger\u00e4t (f\u00fcr \u201eRadiofrequenz\u201c) bezeichnet, ist eine Technologie, die der von Radiosendern verwendeten \u00e4hnelt. FM-Sender k\u00f6nnen einen \u00dcbersetzungs-Feed \u00fcber weite Entfernungen aussenden \u2013 Hunderte oder sogar Tausende von Fu\u00df, je nach Reichweite \u2013 und W\u00e4nde durchdringen. Die leistungsst\u00e4rksten FM-\u00dcbersetzungsger\u00e4te k\u00f6nnen auch Funkst\u00f6rungen ausl\u00f6schen und eine sehr hohe Klangqualit\u00e4t liefern. FM-Systeme bieten verschiedene Ebenen der Tragbarkeit und Mobilit\u00e4t, um Ihren Veranstaltungsanforderungen gerecht zu werden.\r\n\r\nDie andere Art von Technologie f\u00fcr das Simultandolmetschen ist als IR- oder Infrarot-Ausr\u00fcstung bekannt. IR-Technologie wird normalerweise in kleineren Innenr\u00e4umen verwendet, um eine sicherere und vertraulichere Kommunikation zu erm\u00f6glichen, die weniger anf\u00e4llig f\u00fcr St\u00f6rungen ist. Im Gegensatz zu FM ist f\u00fcr IR normalerweise eine Sichtverbindung erforderlich, d. h. eine ungehinderte Verbindung zwischen dem Sender und dem Empfangsger\u00e4t (\u00e4hnlich wie bei der Technologie von Fernsehfernbedienungen). IR-Ger\u00e4te sind besonders f\u00fcr ihre reiche, klare Klangqualit\u00e4t bekannt."},"shortcode-map":{"type":"textfield","raw":""},"dyk-shortcode":{"type":"textfield","raw":"[elementor-template id=\"146647\"]"},"text-2":{"type":"textarea","raw":"<h2>Auswahl der richtigen Dolmetscherausr\u00fcstung<\/h2>\r\nBei der Entscheidung, ob FM oder IR die beste Ausstattung f\u00fcr das Simultandolmetschen f\u00fcr Ihre Veranstaltung ist, m\u00fcssen Sie Faktoren wie die Anzahl der Teilnehmer, die Gestaltung des Veranstaltungsortes und die ben\u00f6tigte Abdeckung, die Anzahl der Sprachen, die Tragbarkeit und das Veranstaltungsbudget ber\u00fccksichtigen.\r\n\r\nIR-Ger\u00e4te sind zum Beispiel anf\u00e4lliger f\u00fcr Lichtinterferenzen, was FM zu einer zuverl\u00e4ssigeren Wahl f\u00fcr Veranstaltungen im Freien oder f\u00fcr Veranstaltungen macht, die zwischen verschiedenen R\u00e4umen stattfinden, wie z. B. F\u00fchrungen durch Einrichtungen. Andererseits gelten IR-Sender als optimaler f\u00fcr Veranstaltungen mit mehr als 6-8 Sprachen im selben Raum sowie f\u00fcr vertraulichere Besprechungen. Sie sollten auch beurteilen, ob vollst\u00e4ndig gekapselte Tonkabinen oder eher tragbare Tischkabinen f\u00fcr Ihre Dolmetscher geeignet sind.\r\n\r\nF\u00fcr welches Ger\u00e4t Sie sich auch entscheiden, es ist wichtig, dass Sie Ihre Dolmetschertechnik von einem qualifizierten Hersteller beziehen. Die Anforderungen an Ausstattung f\u00fcr das Simultandolmetschen werden von der Internationalen Organisation f\u00fcr Normung (ISO) streng kontrolliert. Unter Mitwirkung von Normungsgremien aus \u00fcber 160 L\u00e4ndern regelt die ISO sorgf\u00e4ltig die Anforderungen an die Zug\u00e4nglichkeit, die Ausstattung und den Betrieb von Dolmetscherkabinen und Ton\u00fcbertragung.\r\n\r\nBei so vielen \u00dcberlegungen bei der Auswahl der geeigneten Ausr\u00fcstung f\u00fcr die Anforderungen Ihres Unternehmens oder Ihrer Organisation ist es am einfachsten und kosteng\u00fcnstigsten, sich auf etablierte Experten zu verlassen.\r\n\r\n<em>Trusted Translations<\/em> st\u00fctzt sich auf jahrelange Erfahrung im Bereich des Dolmetschens, Fachkenntnisse in zahlreichen Branchen und die professionellen Erkenntnisse von Top-Dolmetschern und arbeitet mit Ihrem Team zusammen, um die beste Technologie f\u00fcr Ihre Dolmetschanforderungen zu ermitteln. Wenden Sie sich gerne an uns, wenn Sie Fragen zur richtigen Technik und Dolmetscherausr\u00fcstung haben."},"state":{"type":"textfield","raw":""},"city":{"type":"textarea","raw":[]}}},"_links":{"self":[{"href":"https:\/\/www.trustedtranslations.com\/de\/wp-json\/wp\/v2\/pages\/154043","targetHints":{"allow":["GET"]}}],"collection":[{"href":"https:\/\/www.trustedtranslations.com\/de\/wp-json\/wp\/v2\/pages"}],"about":[{"href":"https:\/\/www.trustedtranslations.com\/de\/wp-json\/wp\/v2\/types\/page"}],"author":[{"embeddable":true,"href":"https:\/\/www.trustedtranslations.com\/de\/wp-json\/wp\/v2\/users\/1"}],"replies":[{"embeddable":true,"href":"https:\/\/www.trustedtranslations.com\/de\/wp-json\/wp\/v2\/comments?post=154043"}],"version-history":[{"count":0,"href":"https:\/\/www.trustedtranslations.com\/de\/wp-json\/wp\/v2\/pages\/154043\/revisions"}],"up":[{"embeddable":true,"href":"https:\/\/www.trustedtranslations.com\/de\/wp-json\/wp\/v2\/pages\/129453"}],"wp:featuredmedia":[{"embeddable":true,"href":"https:\/\/www.trustedtranslations.com\/de\/wp-json\/"}],"wp:attachment":[{"href":"https:\/\/www.trustedtranslations.com\/de\/wp-json\/wp\/v2\/media?parent=154043"}],"curies":[{"name":"wp","href":"https:\/\/api.w.org\/{rel}","templated":true}]}}