{"id":160295,"date":"2022-10-05T14:54:55","date_gmt":"2022-10-05T14:54:55","guid":{"rendered":"https:\/\/www.trustedtranslations.com\/?page_id=160295"},"modified":"2024-09-09T14:55:33","modified_gmt":"2024-09-09T17:55:33","slug":"kreatives-schreiben","status":"publish","type":"page","link":"https:\/\/www.trustedtranslations.com\/de\/dienstleistungen\/multilingual-content\/kreatives-schreiben","title":{"rendered":"Kreatives Schreiben"},"content":{"rendered":"","protected":false},"excerpt":{"rendered":"","protected":false},"author":1,"featured_media":222774,"parent":160302,"menu_order":0,"comment_status":"closed","ping_status":"closed","template":"","meta":{"site-sidebar-layout":"default","site-content-layout":"default","ast-site-content-layout":"default","site-content-style":"default","site-sidebar-style":"default","ast-global-header-display":"","ast-banner-title-visibility":"","ast-main-header-display":"","ast-hfb-above-header-display":"","ast-hfb-below-header-display":"","ast-hfb-mobile-header-display":"","site-post-title":"disabled","ast-breadcrumbs-content":"","ast-featured-img":"","footer-sml-layout":"","ast-disable-related-posts":"","theme-transparent-header-meta":"default","adv-header-id-meta":"","stick-header-meta":"","header-above-stick-meta":"","header-main-stick-meta":"","header-below-stick-meta":"","astra-migrate-meta-layouts":"set","ast-page-background-enabled":"default","ast-page-background-meta":{"desktop":{"background-color":"var(--ast-global-color-4)","background-image":"","background-repeat":"repeat","background-position":"center center","background-size":"auto","background-attachment":"scroll","background-type":"","background-media":"","overlay-type":"","overlay-color":"","overlay-opacity":"","overlay-gradient":""},"tablet":{"background-color":"","background-image":"","background-repeat":"repeat","background-position":"center center","background-size":"auto","background-attachment":"scroll","background-type":"","background-media":"","overlay-type":"","overlay-color":"","overlay-opacity":"","overlay-gradient":""},"mobile":{"background-color":"","background-image":"","background-repeat":"repeat","background-position":"center center","background-size":"auto","background-attachment":"scroll","background-type":"","background-media":"","overlay-type":"","overlay-color":"","overlay-opacity":"","overlay-gradient":""}},"ast-content-background-meta":{"desktop":{"background-color":"var(--ast-global-color-5)","background-image":"","background-repeat":"repeat","background-position":"center center","background-size":"auto","background-attachment":"scroll","background-type":"","background-media":"","overlay-type":"","overlay-color":"","overlay-opacity":"","overlay-gradient":""},"tablet":{"background-color":"var(--ast-global-color-5)","background-image":"","background-repeat":"repeat","background-position":"center center","background-size":"auto","background-attachment":"scroll","background-type":"","background-media":"","overlay-type":"","overlay-color":"","overlay-opacity":"","overlay-gradient":""},"mobile":{"background-color":"var(--ast-global-color-5)","background-image":"","background-repeat":"repeat","background-position":"center center","background-size":"auto","background-attachment":"scroll","background-type":"","background-media":"","overlay-type":"","overlay-color":"","overlay-opacity":"","overlay-gradient":""}},"footnotes":""},"class_list":["post-160295","page","type-page","status-publish","has-post-thumbnail","hentry"],"yoast_head":"<!-- This site is optimized with the Yoast SEO plugin v27.5 - https:\/\/yoast.com\/product\/yoast-seo-wordpress\/ -->\n<title>Mehrsprachiges kreatives Schreiben \u2013 Trusted Translations, Inc.<\/title>\n<meta name=\"description\" content=\"Bei Trusted Translations bieten unsere erfahrenen Autoren kreatives Schreiben in verschiedenen Genres und Sprachen.\" \/>\n<meta name=\"robots\" content=\"index, follow, max-snippet:-1, max-image-preview:large, max-video-preview:-1\" \/>\n<link rel=\"canonical\" href=\"https:\/\/www.trustedtranslations.com\/de\/dienstleistungen\/multilingual-content\/kreatives-schreiben\" \/>\n<meta property=\"og:locale\" content=\"de_DE\" \/>\n<meta property=\"og:type\" content=\"article\" \/>\n<meta property=\"og:title\" content=\"Mehrsprachiges kreatives Schreiben \u2013 Trusted Translations, Inc.\" \/>\n<meta property=\"og:description\" content=\"Bei Trusted Translations bieten unsere erfahrenen Autoren kreatives Schreiben in verschiedenen Genres und Sprachen.\" \/>\n<meta property=\"og:url\" content=\"https:\/\/www.trustedtranslations.com\/de\/dienstleistungen\/multilingual-content\/kreatives-schreiben\" \/>\n<meta property=\"og:site_name\" content=\"Trusted Translations, Inc.\" \/>\n<meta property=\"article:publisher\" content=\"https:\/\/www.facebook.com\/Trusted.Translations\" \/>\n<meta property=\"article:modified_time\" content=\"2024-09-09T17:55:33+00:00\" \/>\n<meta property=\"og:image\" content=\"https:\/\/www.trustedtranslations.com\/wp-content\/uploads\/2022\/06\/tt-logo-2-1.webp\" \/>\n\t<meta property=\"og:image:width\" content=\"216\" \/>\n\t<meta property=\"og:image:height\" content=\"94\" \/>\n\t<meta property=\"og:image:type\" content=\"image\/webp\" \/>\n<meta name=\"twitter:card\" content=\"summary_large_image\" \/>\n<meta name=\"twitter:site\" content=\"@TrustedT9ns\" \/>\n<script type=\"application\/ld+json\" class=\"yoast-schema-graph\">{\"@context\":\"https:\\\/\\\/schema.org\",\"@graph\":[{\"@type\":\"WebPage\",\"@id\":\"https:\\\/\\\/www.trustedtranslations.com\\\/de\\\/dienstleistungen\\\/multilingual-content\\\/kreatives-schreiben\",\"url\":\"https:\\\/\\\/www.trustedtranslations.com\\\/de\\\/dienstleistungen\\\/multilingual-content\\\/kreatives-schreiben\",\"name\":\"Mehrsprachiges kreatives Schreiben \u2013 Trusted Translations, Inc.\",\"isPartOf\":{\"@id\":\"https:\\\/\\\/www.trustedtranslations.com\\\/de\\\/#website\"},\"primaryImageOfPage\":{\"@id\":\"https:\\\/\\\/www.trustedtranslations.com\\\/de\\\/dienstleistungen\\\/multilingual-content\\\/kreatives-schreiben#primaryimage\"},\"image\":{\"@id\":\"https:\\\/\\\/www.trustedtranslations.com\\\/de\\\/dienstleistungen\\\/multilingual-content\\\/kreatives-schreiben#primaryimage\"},\"thumbnailUrl\":\"\",\"description\":\"Bei Trusted Translations bieten unsere erfahrenen Autoren kreatives Schreiben in verschiedenen Genres und Sprachen.\",\"breadcrumb\":{\"@id\":\"https:\\\/\\\/www.trustedtranslations.com\\\/de\\\/dienstleistungen\\\/multilingual-content\\\/kreatives-schreiben#breadcrumb\"},\"inLanguage\":\"de\",\"potentialAction\":[{\"@type\":\"ReadAction\",\"target\":[\"https:\\\/\\\/www.trustedtranslations.com\\\/de\\\/dienstleistungen\\\/multilingual-content\\\/kreatives-schreiben\"]}]},{\"@type\":\"ImageObject\",\"inLanguage\":\"de\",\"@id\":\"https:\\\/\\\/www.trustedtranslations.com\\\/de\\\/dienstleistungen\\\/multilingual-content\\\/kreatives-schreiben#primaryimage\",\"url\":\"\",\"contentUrl\":\"\"},{\"@type\":\"BreadcrumbList\",\"@id\":\"https:\\\/\\\/www.trustedtranslations.com\\\/de\\\/dienstleistungen\\\/multilingual-content\\\/kreatives-schreiben#breadcrumb\",\"itemListElement\":[{\"@type\":\"ListItem\",\"position\":1,\"name\":\"Home\",\"item\":\"https:\\\/\\\/www.trustedtranslations.com\\\/de\"},{\"@type\":\"ListItem\",\"position\":2,\"name\":\"Dienstleistungen\",\"item\":\"https:\\\/\\\/www.trustedtranslations.com\\\/de\\\/dienstleistungen\"},{\"@type\":\"ListItem\",\"position\":3,\"name\":\"Mehrsprachiger Inhalt\",\"item\":\"https:\\\/\\\/www.trustedtranslations.com\\\/de\\\/dienstleistungen\\\/multilingual-content\"},{\"@type\":\"ListItem\",\"position\":4,\"name\":\"Kreatives Schreiben\"}]},{\"@type\":\"WebSite\",\"@id\":\"https:\\\/\\\/www.trustedtranslations.com\\\/de\\\/#website\",\"url\":\"https:\\\/\\\/www.trustedtranslations.com\\\/de\\\/\",\"name\":\"Trusted Translations, Inc.\",\"description\":\"Leader in translation and interpretation services.\",\"publisher\":{\"@id\":\"https:\\\/\\\/www.trustedtranslations.com\\\/de\\\/#organization\"},\"alternateName\":\"Trusted Translations\",\"potentialAction\":[{\"@type\":\"SearchAction\",\"target\":{\"@type\":\"EntryPoint\",\"urlTemplate\":\"https:\\\/\\\/www.trustedtranslations.com\\\/de\\\/?s={search_term_string}\"},\"query-input\":{\"@type\":\"PropertyValueSpecification\",\"valueRequired\":true,\"valueName\":\"search_term_string\"}}],\"inLanguage\":\"de\"},{\"@type\":\"Organization\",\"@id\":\"https:\\\/\\\/www.trustedtranslations.com\\\/de\\\/#organization\",\"name\":\"Trusted Translations\",\"alternateName\":\"Trusted Translations, Inc.\",\"url\":\"https:\\\/\\\/www.trustedtranslations.com\\\/de\\\/\",\"logo\":{\"@type\":\"ImageObject\",\"inLanguage\":\"de\",\"@id\":\"https:\\\/\\\/www.trustedtranslations.com\\\/de\\\/#\\\/schema\\\/logo\\\/image\\\/\",\"url\":\"https:\\\/\\\/static.trustedtranslations.com\\\/wp-content\\\/uploads\\\/2022\\\/01\\\/TT_logo_WSIColors-2.png\",\"contentUrl\":\"https:\\\/\\\/static.trustedtranslations.com\\\/wp-content\\\/uploads\\\/2022\\\/01\\\/TT_logo_WSIColors-2.png\",\"width\":500,\"height\":196,\"caption\":\"Trusted Translations\"},\"image\":{\"@id\":\"https:\\\/\\\/www.trustedtranslations.com\\\/de\\\/#\\\/schema\\\/logo\\\/image\\\/\"},\"sameAs\":[\"https:\\\/\\\/www.facebook.com\\\/Trusted.Translations\",\"https:\\\/\\\/x.com\\\/TrustedT9ns\",\"https:\\\/\\\/www.linkedin.com\\\/company\\\/trusted-translations\"]}]}<\/script>\n<!-- \/ Yoast SEO plugin. -->","yoast_head_json":{"title":"Mehrsprachiges kreatives Schreiben \u2013 Trusted Translations, Inc.","description":"Bei Trusted Translations bieten unsere erfahrenen Autoren kreatives Schreiben in verschiedenen Genres und Sprachen.","robots":{"index":"index","follow":"follow","max-snippet":"max-snippet:-1","max-image-preview":"max-image-preview:large","max-video-preview":"max-video-preview:-1"},"canonical":"https:\/\/www.trustedtranslations.com\/de\/dienstleistungen\/multilingual-content\/kreatives-schreiben","og_locale":"de_DE","og_type":"article","og_title":"Mehrsprachiges kreatives Schreiben \u2013 Trusted Translations, Inc.","og_description":"Bei Trusted Translations bieten unsere erfahrenen Autoren kreatives Schreiben in verschiedenen Genres und Sprachen.","og_url":"https:\/\/www.trustedtranslations.com\/de\/dienstleistungen\/multilingual-content\/kreatives-schreiben","og_site_name":"Trusted Translations, Inc.","article_publisher":"https:\/\/www.facebook.com\/Trusted.Translations","article_modified_time":"2024-09-09T17:55:33+00:00","og_image":[{"width":216,"height":94,"url":"https:\/\/www.trustedtranslations.com\/wp-content\/uploads\/2022\/06\/tt-logo-2-1.webp","type":"image\/webp"}],"twitter_card":"summary_large_image","twitter_site":"@TrustedT9ns","schema":{"@context":"https:\/\/schema.org","@graph":[{"@type":"WebPage","@id":"https:\/\/www.trustedtranslations.com\/de\/dienstleistungen\/multilingual-content\/kreatives-schreiben","url":"https:\/\/www.trustedtranslations.com\/de\/dienstleistungen\/multilingual-content\/kreatives-schreiben","name":"Mehrsprachiges kreatives Schreiben \u2013 Trusted Translations, Inc.","isPartOf":{"@id":"https:\/\/www.trustedtranslations.com\/de\/#website"},"primaryImageOfPage":{"@id":"https:\/\/www.trustedtranslations.com\/de\/dienstleistungen\/multilingual-content\/kreatives-schreiben#primaryimage"},"image":{"@id":"https:\/\/www.trustedtranslations.com\/de\/dienstleistungen\/multilingual-content\/kreatives-schreiben#primaryimage"},"thumbnailUrl":"","description":"Bei Trusted Translations bieten unsere erfahrenen Autoren kreatives Schreiben in verschiedenen Genres und Sprachen.","breadcrumb":{"@id":"https:\/\/www.trustedtranslations.com\/de\/dienstleistungen\/multilingual-content\/kreatives-schreiben#breadcrumb"},"inLanguage":"de","potentialAction":[{"@type":"ReadAction","target":["https:\/\/www.trustedtranslations.com\/de\/dienstleistungen\/multilingual-content\/kreatives-schreiben"]}]},{"@type":"ImageObject","inLanguage":"de","@id":"https:\/\/www.trustedtranslations.com\/de\/dienstleistungen\/multilingual-content\/kreatives-schreiben#primaryimage","url":"","contentUrl":""},{"@type":"BreadcrumbList","@id":"https:\/\/www.trustedtranslations.com\/de\/dienstleistungen\/multilingual-content\/kreatives-schreiben#breadcrumb","itemListElement":[{"@type":"ListItem","position":1,"name":"Home","item":"https:\/\/www.trustedtranslations.com\/de"},{"@type":"ListItem","position":2,"name":"Dienstleistungen","item":"https:\/\/www.trustedtranslations.com\/de\/dienstleistungen"},{"@type":"ListItem","position":3,"name":"Mehrsprachiger Inhalt","item":"https:\/\/www.trustedtranslations.com\/de\/dienstleistungen\/multilingual-content"},{"@type":"ListItem","position":4,"name":"Kreatives Schreiben"}]},{"@type":"WebSite","@id":"https:\/\/www.trustedtranslations.com\/de\/#website","url":"https:\/\/www.trustedtranslations.com\/de\/","name":"Trusted Translations, Inc.","description":"Leader in translation and interpretation services.","publisher":{"@id":"https:\/\/www.trustedtranslations.com\/de\/#organization"},"alternateName":"Trusted Translations","potentialAction":[{"@type":"SearchAction","target":{"@type":"EntryPoint","urlTemplate":"https:\/\/www.trustedtranslations.com\/de\/?s={search_term_string}"},"query-input":{"@type":"PropertyValueSpecification","valueRequired":true,"valueName":"search_term_string"}}],"inLanguage":"de"},{"@type":"Organization","@id":"https:\/\/www.trustedtranslations.com\/de\/#organization","name":"Trusted Translations","alternateName":"Trusted Translations, Inc.","url":"https:\/\/www.trustedtranslations.com\/de\/","logo":{"@type":"ImageObject","inLanguage":"de","@id":"https:\/\/www.trustedtranslations.com\/de\/#\/schema\/logo\/image\/","url":"https:\/\/static.trustedtranslations.com\/wp-content\/uploads\/2022\/01\/TT_logo_WSIColors-2.png","contentUrl":"https:\/\/static.trustedtranslations.com\/wp-content\/uploads\/2022\/01\/TT_logo_WSIColors-2.png","width":500,"height":196,"caption":"Trusted Translations"},"image":{"@id":"https:\/\/www.trustedtranslations.com\/de\/#\/schema\/logo\/image\/"},"sameAs":["https:\/\/www.facebook.com\/Trusted.Translations","https:\/\/x.com\/TrustedT9ns","https:\/\/www.linkedin.com\/company\/trusted-translations"]}]}},"toolset-meta":{"dyk":{"mensaje-1":{"type":"textfield","raw":"Drehbuchkenntnisse sind der Schl\u00fcssel zu erfolgreichem Videomarketing."},"mensaje-2":{"type":"textfield","raw":"\u00dcber die H\u00e4lfte der Kunden kaufen eher Produkte mit starkem Storytelling."},"mensaje-3":{"type":"textfield","raw":"Eine gute Markengeschichte kann die Konversionsrate der Kunden um 30\u00a0% steigern."},"mensaje-4":{"type":"textfield","raw":"Menschen erinnern sich etwa 22-mal h\u00e4ufiger an auf Geschichten basierende Fakten."},"mensaje-5":{"type":"textfield","raw":""},"mensaje-6":{"type":"textfield","raw":""}},"single-page-template-fields":{"imgs-temp":{"type":"image","raw":["https:\/\/static.trustedtranslations.com\/wp-content\/uploads\/2024\/07\/creative-writing-1.webp"],"repeatable":[{"raw":"https:\/\/static.trustedtranslations.com\/wp-content\/uploads\/2024\/07\/creative-writing-1.webp"}]},"imgs-temp-cel":{"type":"image","raw":[""],"repeatable":[{"raw":""}]},"img-temp-one-cel":{"type":"image","raw":"https:\/\/static.trustedtranslations.com\/wp-content\/uploads\/2024\/07\/contemplating-businesswoman-sitt.webp","attachment_id":null},"quotes":{"type":"textarea","raw":"<h1 style=\"margin-bottom: 12px;\">Mehrsprachiges kreatives Schreiben<\/h1>\r\nKreatives Schreiben wird oft als der H\u00f6hepunkt des Schreibens angesehen, sowohl in seiner Komplexit\u00e4t als auch in seiner F\u00e4higkeit, das Publikum zu fesseln. Bei <em>Trusted Translations<\/em> bieten unsere erfahrenen Autoren kreatives Schreiben in verschiedenen Genres und Sprachen.\r\n<div style=\"margin-top: 2.5vw;\"><a class=\"tt-btn-main-cta\" href=\"https:\/\/www.trustedtranslations.com\/de\/angebot\">Kostenlosen Kostenvoranschlag anfordern<\/a><\/div>"},"text-1":{"type":"textarea","raw":"<h2>Schreiben, das inspiriert und bewegt<\/h2>\r\nRomane, \u00fcberzeugende Aufs\u00e4tze, Theaterst\u00fccke, Songtexte - es gibt fast keine Grenzen f\u00fcr die Art und Weise, wie kreatives Schreiben in der ganzen Welt erscheint. Obwohl kreative Werke im Allgemeinen nicht direkt darauf abzielen, ein Produkt zu verkaufen, unterhalten und fesseln sie die Leser mit ihrer einzigartigen Stimme, unvergesslichen Figuren und faszinierenden Perspektiven.\r\n<h2>Wie wertvoll ist kreatives Schreiben f\u00fcr ein Unternehmen?<\/h2>\r\nBelletristik, Sachliteratur, Poesie und Theaterst\u00fccke sind in der Regel die unmittelbarsten Genres, die einem in Bezug auf kreatives Schreiben in den Sinn kommen. In diesem Zusammenhang ist es leicht anzunehmen, dass es einen Unterschied zwischen dieser Art des kreativen Schreibens und der Welt des professionellen Schreibens gibt, wo Genres wie Inhalt und Werbetexte bekannter sind.\r\n\r\nKreatives Schreiben umfasst aber auch Drehb\u00fccher f\u00fcr Film und Fernsehen, Radio und Podcasts, Journalismus, Kochb\u00fccher, Reisef\u00fchrer und vieles mehr. Abh\u00e4ngig von den Dienstleistungen und Zielen Ihrer Organisation werden Sie m\u00f6glicherweise an unerwarteten Stellen auf die Notwendigkeit von kreativem Schreiben sto\u00dfen.\u00a0Gleichzeitig kann der Einsatz von kreativen Autoren als Teil Ihrer Inhaltsstrategie Ihnen dabei helfen, sich von anderen Unternehmen abzuheben.\r\n\r\nEs ist auch wichtig, die vielf\u00e4ltigen Wechselwirkungen zwischen dem kreativen Schreiben und allen anderen Bereichen der Berufswelt nicht zu \u00fcbersehen. Von Regierungsorganisationen und Non-Profit-Organisationen bis hin zu weltweit renommierten Zeitungen und Medien - oder auch nur eine einzigartige E-Mail-Kampagne, die sich um w\u00f6chentliche Gedichte dreht, - kreative Autoren engagieren sich regelm\u00e4\u00dfig in allen m\u00f6glichen Branchen, Diskursen und M\u00e4rkten auf der ganzen Welt und gestalten diese mit."},"shortcode-map":{"type":"textfield","raw":""},"dyk-shortcode":{"type":"textfield","raw":"[elementor-template id=\"146647\"]"},"text-2":{"type":"textarea","raw":"<h2>Warum in mehrsprachiges kreatives Schreiben investieren?<\/h2>\r\nKreatives Schreiben ist eine Kunstform, die lyrische Wendungen, lebendige Bilder, bezauberndes Geschichtenerz\u00e4hlen und zum Nachdenken anregende Themen verbindet. Unabh\u00e4ngig davon, ob sie sich auf die Produktion von Literatur, Film, Audio oder einem anderen Genre konzentrieren, m\u00fcssen Kreativautoren gr\u00fcndlich in die Feinheiten des von ihnen gew\u00e4hlten Bereichs eintauchen. Um die Komplexit\u00e4t kreativer Arbeit zu bew\u00e4ltigen, haben viele Schriftsteller ihre speziellen F\u00e4higkeiten durch Masterabschl\u00fcsse (MFAs), k\u00fcnstlerische Aufenthalte, fortlaufende professionelle Workshops und zahlreiche Ver\u00f6ffentlichungen sowie durch die Arbeit in einer Reihe von kreativen Branchen verfeinert.\r\n\r\nWenn es um eine mehrsprachige Inhaltsstrategie geht, sind kreative Autoren aufgrund ihrer notwendigen F\u00e4higkeit, mit Sprache, Kontext und Kultur umzugehen, nat\u00fcrliche Mitarbeiter, die auch sprach\u00fcbergreifend arbeiten k\u00f6nnen. Die besten \u00dcbersetzer der Welt tragen oft zu den hochwertigen Ergebnissen von Spitzenunternehmen bei, und zwar mit denselben F\u00e4higkeiten, die sie auch beim \u00dcbersetzen von mit dem Nobelpreis ausgezeichneten Werken der Literatur einsetzen. Wenn es Ihr Ziel ist, neue internationale M\u00e4rkte auf eine Art und Weise anzusprechen, die sich nat\u00fcrlich und unvergesslich anf\u00fchlt, und dabei auch auf Nuancen und Zusammenh\u00e4nge zu achten, bietet kreatives Schreiben eine gute M\u00f6glichkeit, die Aufmerksamkeit neuer Leser zu gewinnen.\r\n\r\nDa kreatives Schreiben ein so hohes Ma\u00df an schriftstellerischem K\u00f6nnen, Originalit\u00e4t und Vertrautheit mit dem Genre erfordert, ist die Beauftragung von Fachleuten die einzige M\u00f6glichkeit, vor allem, wenn Sie beabsichtigen, in mehrere Sprachen zu expandieren. Setzen Sie sich noch heute mit <em>Trusted Translations<\/em> in Verbindung, um zu besprechen, wie unser Team Ihren Bedarf an kreativem Schreiben unterst\u00fctzen kann."},"state":{"type":"textfield","raw":""},"city":{"type":"textarea","raw":[]}}},"_links":{"self":[{"href":"https:\/\/www.trustedtranslations.com\/de\/wp-json\/wp\/v2\/pages\/160295","targetHints":{"allow":["GET"]}}],"collection":[{"href":"https:\/\/www.trustedtranslations.com\/de\/wp-json\/wp\/v2\/pages"}],"about":[{"href":"https:\/\/www.trustedtranslations.com\/de\/wp-json\/wp\/v2\/types\/page"}],"author":[{"embeddable":true,"href":"https:\/\/www.trustedtranslations.com\/de\/wp-json\/wp\/v2\/users\/1"}],"replies":[{"embeddable":true,"href":"https:\/\/www.trustedtranslations.com\/de\/wp-json\/wp\/v2\/comments?post=160295"}],"version-history":[{"count":0,"href":"https:\/\/www.trustedtranslations.com\/de\/wp-json\/wp\/v2\/pages\/160295\/revisions"}],"up":[{"embeddable":true,"href":"https:\/\/www.trustedtranslations.com\/de\/wp-json\/wp\/v2\/pages\/160302"}],"wp:featuredmedia":[{"embeddable":true,"href":"https:\/\/www.trustedtranslations.com\/de\/wp-json\/"}],"wp:attachment":[{"href":"https:\/\/www.trustedtranslations.com\/de\/wp-json\/wp\/v2\/media?parent=160295"}],"curies":[{"name":"wp","href":"https:\/\/api.w.org\/{rel}","templated":true}]}}