{"id":160296,"date":"2022-10-05T14:54:53","date_gmt":"2022-10-05T14:54:53","guid":{"rendered":"https:\/\/www.trustedtranslations.com\/?page_id=160296"},"modified":"2024-09-09T13:07:09","modified_gmt":"2024-09-09T16:07:09","slug":"schreiben-von-werbetexten","status":"publish","type":"page","link":"https:\/\/www.trustedtranslations.com\/de\/dienstleistungen\/multilingual-content\/schreiben-von-werbetexten","title":{"rendered":"Schreiben von Werbetexten"},"content":{"rendered":"","protected":false},"excerpt":{"rendered":"","protected":false},"author":1,"featured_media":222767,"parent":160302,"menu_order":0,"comment_status":"closed","ping_status":"closed","template":"","meta":{"site-sidebar-layout":"default","site-content-layout":"default","ast-site-content-layout":"default","site-content-style":"default","site-sidebar-style":"default","ast-global-header-display":"","ast-banner-title-visibility":"","ast-main-header-display":"","ast-hfb-above-header-display":"","ast-hfb-below-header-display":"","ast-hfb-mobile-header-display":"","site-post-title":"disabled","ast-breadcrumbs-content":"","ast-featured-img":"","footer-sml-layout":"","ast-disable-related-posts":"","theme-transparent-header-meta":"default","adv-header-id-meta":"","stick-header-meta":"","header-above-stick-meta":"","header-main-stick-meta":"","header-below-stick-meta":"","astra-migrate-meta-layouts":"set","ast-page-background-enabled":"default","ast-page-background-meta":{"desktop":{"background-color":"var(--ast-global-color-4)","background-image":"","background-repeat":"repeat","background-position":"center center","background-size":"auto","background-attachment":"scroll","background-type":"","background-media":"","overlay-type":"","overlay-color":"","overlay-opacity":"","overlay-gradient":""},"tablet":{"background-color":"","background-image":"","background-repeat":"repeat","background-position":"center center","background-size":"auto","background-attachment":"scroll","background-type":"","background-media":"","overlay-type":"","overlay-color":"","overlay-opacity":"","overlay-gradient":""},"mobile":{"background-color":"","background-image":"","background-repeat":"repeat","background-position":"center center","background-size":"auto","background-attachment":"scroll","background-type":"","background-media":"","overlay-type":"","overlay-color":"","overlay-opacity":"","overlay-gradient":""}},"ast-content-background-meta":{"desktop":{"background-color":"var(--ast-global-color-5)","background-image":"","background-repeat":"repeat","background-position":"center center","background-size":"auto","background-attachment":"scroll","background-type":"","background-media":"","overlay-type":"","overlay-color":"","overlay-opacity":"","overlay-gradient":""},"tablet":{"background-color":"var(--ast-global-color-5)","background-image":"","background-repeat":"repeat","background-position":"center center","background-size":"auto","background-attachment":"scroll","background-type":"","background-media":"","overlay-type":"","overlay-color":"","overlay-opacity":"","overlay-gradient":""},"mobile":{"background-color":"var(--ast-global-color-5)","background-image":"","background-repeat":"repeat","background-position":"center center","background-size":"auto","background-attachment":"scroll","background-type":"","background-media":"","overlay-type":"","overlay-color":"","overlay-opacity":"","overlay-gradient":""}},"footnotes":""},"class_list":["post-160296","page","type-page","status-publish","has-post-thumbnail","hentry"],"yoast_head":"<!-- This site is optimized with the Yoast SEO plugin v27.3 - https:\/\/yoast.com\/product\/yoast-seo-wordpress\/ -->\n<title>Mehrsprachiges Copywriting \u2013 Trusted Translations, Inc.<\/title>\n<meta name=\"description\" content=\"Unser Team bei Trusted Translations hilft Ihnen bei der Entwicklung mehrsprachiger Texte, die Besucher in K\u00e4ufer und Klicks in Verk\u00e4ufe umwandeln.\" \/>\n<meta name=\"robots\" content=\"index, follow, max-snippet:-1, max-image-preview:large, max-video-preview:-1\" \/>\n<link rel=\"canonical\" href=\"https:\/\/www.trustedtranslations.com\/de\/dienstleistungen\/multilingual-content\/schreiben-von-werbetexten\" \/>\n<meta property=\"og:locale\" content=\"de_DE\" \/>\n<meta property=\"og:type\" content=\"article\" \/>\n<meta property=\"og:title\" content=\"Mehrsprachiges Copywriting \u2013 Trusted Translations, Inc.\" \/>\n<meta property=\"og:description\" content=\"Unser Team bei Trusted Translations hilft Ihnen bei der Entwicklung mehrsprachiger Texte, die Besucher in K\u00e4ufer und Klicks in Verk\u00e4ufe umwandeln.\" \/>\n<meta property=\"og:url\" content=\"https:\/\/www.trustedtranslations.com\/de\/dienstleistungen\/multilingual-content\/schreiben-von-werbetexten\" \/>\n<meta property=\"og:site_name\" content=\"Trusted Translations, Inc.\" \/>\n<meta property=\"article:publisher\" content=\"https:\/\/www.facebook.com\/Trusted.Translations\" \/>\n<meta property=\"article:modified_time\" content=\"2024-09-09T16:07:09+00:00\" \/>\n<meta property=\"og:image\" content=\"https:\/\/www.trustedtranslations.com\/wp-content\/uploads\/2022\/06\/tt-logo-2-1.webp\" \/>\n\t<meta property=\"og:image:width\" content=\"216\" \/>\n\t<meta property=\"og:image:height\" content=\"94\" \/>\n\t<meta property=\"og:image:type\" content=\"image\/webp\" \/>\n<meta name=\"twitter:card\" content=\"summary_large_image\" \/>\n<meta name=\"twitter:site\" content=\"@TrustedT9ns\" \/>\n<script type=\"application\/ld+json\" class=\"yoast-schema-graph\">{\"@context\":\"https:\\\/\\\/schema.org\",\"@graph\":[{\"@type\":\"WebPage\",\"@id\":\"https:\\\/\\\/www.trustedtranslations.com\\\/de\\\/dienstleistungen\\\/multilingual-content\\\/schreiben-von-werbetexten\",\"url\":\"https:\\\/\\\/www.trustedtranslations.com\\\/de\\\/dienstleistungen\\\/multilingual-content\\\/schreiben-von-werbetexten\",\"name\":\"Mehrsprachiges Copywriting \u2013 Trusted Translations, Inc.\",\"isPartOf\":{\"@id\":\"https:\\\/\\\/www.trustedtranslations.com\\\/de\\\/#website\"},\"primaryImageOfPage\":{\"@id\":\"https:\\\/\\\/www.trustedtranslations.com\\\/de\\\/dienstleistungen\\\/multilingual-content\\\/schreiben-von-werbetexten#primaryimage\"},\"image\":{\"@id\":\"https:\\\/\\\/www.trustedtranslations.com\\\/de\\\/dienstleistungen\\\/multilingual-content\\\/schreiben-von-werbetexten#primaryimage\"},\"thumbnailUrl\":\"\",\"description\":\"Unser Team bei Trusted Translations hilft Ihnen bei der Entwicklung mehrsprachiger Texte, die Besucher in K\u00e4ufer und Klicks in Verk\u00e4ufe umwandeln.\",\"breadcrumb\":{\"@id\":\"https:\\\/\\\/www.trustedtranslations.com\\\/de\\\/dienstleistungen\\\/multilingual-content\\\/schreiben-von-werbetexten#breadcrumb\"},\"inLanguage\":\"de\",\"potentialAction\":[{\"@type\":\"ReadAction\",\"target\":[\"https:\\\/\\\/www.trustedtranslations.com\\\/de\\\/dienstleistungen\\\/multilingual-content\\\/schreiben-von-werbetexten\"]}]},{\"@type\":\"ImageObject\",\"inLanguage\":\"de\",\"@id\":\"https:\\\/\\\/www.trustedtranslations.com\\\/de\\\/dienstleistungen\\\/multilingual-content\\\/schreiben-von-werbetexten#primaryimage\",\"url\":\"\",\"contentUrl\":\"\"},{\"@type\":\"BreadcrumbList\",\"@id\":\"https:\\\/\\\/www.trustedtranslations.com\\\/de\\\/dienstleistungen\\\/multilingual-content\\\/schreiben-von-werbetexten#breadcrumb\",\"itemListElement\":[{\"@type\":\"ListItem\",\"position\":1,\"name\":\"Home\",\"item\":\"https:\\\/\\\/www.trustedtranslations.com\\\/de\"},{\"@type\":\"ListItem\",\"position\":2,\"name\":\"Dienstleistungen\",\"item\":\"https:\\\/\\\/www.trustedtranslations.com\\\/de\\\/dienstleistungen\"},{\"@type\":\"ListItem\",\"position\":3,\"name\":\"Mehrsprachiger Inhalt\",\"item\":\"https:\\\/\\\/www.trustedtranslations.com\\\/de\\\/dienstleistungen\\\/multilingual-content\"},{\"@type\":\"ListItem\",\"position\":4,\"name\":\"Schreiben von Werbetexten\"}]},{\"@type\":\"WebSite\",\"@id\":\"https:\\\/\\\/www.trustedtranslations.com\\\/de\\\/#website\",\"url\":\"https:\\\/\\\/www.trustedtranslations.com\\\/de\\\/\",\"name\":\"Trusted Translations, Inc.\",\"description\":\"Leader in translation and interpretation services.\",\"publisher\":{\"@id\":\"https:\\\/\\\/www.trustedtranslations.com\\\/de\\\/#organization\"},\"alternateName\":\"Trusted Translations\",\"potentialAction\":[{\"@type\":\"SearchAction\",\"target\":{\"@type\":\"EntryPoint\",\"urlTemplate\":\"https:\\\/\\\/www.trustedtranslations.com\\\/de\\\/?s={search_term_string}\"},\"query-input\":{\"@type\":\"PropertyValueSpecification\",\"valueRequired\":true,\"valueName\":\"search_term_string\"}}],\"inLanguage\":\"de\"},{\"@type\":\"Organization\",\"@id\":\"https:\\\/\\\/www.trustedtranslations.com\\\/de\\\/#organization\",\"name\":\"Trusted Translations\",\"alternateName\":\"Trusted Translations, Inc.\",\"url\":\"https:\\\/\\\/www.trustedtranslations.com\\\/de\\\/\",\"logo\":{\"@type\":\"ImageObject\",\"inLanguage\":\"de\",\"@id\":\"https:\\\/\\\/www.trustedtranslations.com\\\/de\\\/#\\\/schema\\\/logo\\\/image\\\/\",\"url\":\"https:\\\/\\\/static.trustedtranslations.com\\\/wp-content\\\/uploads\\\/2022\\\/01\\\/TT_logo_WSIColors-2.png\",\"contentUrl\":\"https:\\\/\\\/static.trustedtranslations.com\\\/wp-content\\\/uploads\\\/2022\\\/01\\\/TT_logo_WSIColors-2.png\",\"width\":500,\"height\":196,\"caption\":\"Trusted Translations\"},\"image\":{\"@id\":\"https:\\\/\\\/www.trustedtranslations.com\\\/de\\\/#\\\/schema\\\/logo\\\/image\\\/\"},\"sameAs\":[\"https:\\\/\\\/www.facebook.com\\\/Trusted.Translations\",\"https:\\\/\\\/x.com\\\/TrustedT9ns\",\"https:\\\/\\\/www.linkedin.com\\\/company\\\/trusted-translations\"]}]}<\/script>\n<!-- \/ Yoast SEO plugin. -->","yoast_head_json":{"title":"Mehrsprachiges Copywriting \u2013 Trusted Translations, Inc.","description":"Unser Team bei Trusted Translations hilft Ihnen bei der Entwicklung mehrsprachiger Texte, die Besucher in K\u00e4ufer und Klicks in Verk\u00e4ufe umwandeln.","robots":{"index":"index","follow":"follow","max-snippet":"max-snippet:-1","max-image-preview":"max-image-preview:large","max-video-preview":"max-video-preview:-1"},"canonical":"https:\/\/www.trustedtranslations.com\/de\/dienstleistungen\/multilingual-content\/schreiben-von-werbetexten","og_locale":"de_DE","og_type":"article","og_title":"Mehrsprachiges Copywriting \u2013 Trusted Translations, Inc.","og_description":"Unser Team bei Trusted Translations hilft Ihnen bei der Entwicklung mehrsprachiger Texte, die Besucher in K\u00e4ufer und Klicks in Verk\u00e4ufe umwandeln.","og_url":"https:\/\/www.trustedtranslations.com\/de\/dienstleistungen\/multilingual-content\/schreiben-von-werbetexten","og_site_name":"Trusted Translations, Inc.","article_publisher":"https:\/\/www.facebook.com\/Trusted.Translations","article_modified_time":"2024-09-09T16:07:09+00:00","og_image":[{"width":216,"height":94,"url":"https:\/\/www.trustedtranslations.com\/wp-content\/uploads\/2022\/06\/tt-logo-2-1.webp","type":"image\/webp"}],"twitter_card":"summary_large_image","twitter_site":"@TrustedT9ns","schema":{"@context":"https:\/\/schema.org","@graph":[{"@type":"WebPage","@id":"https:\/\/www.trustedtranslations.com\/de\/dienstleistungen\/multilingual-content\/schreiben-von-werbetexten","url":"https:\/\/www.trustedtranslations.com\/de\/dienstleistungen\/multilingual-content\/schreiben-von-werbetexten","name":"Mehrsprachiges Copywriting \u2013 Trusted Translations, Inc.","isPartOf":{"@id":"https:\/\/www.trustedtranslations.com\/de\/#website"},"primaryImageOfPage":{"@id":"https:\/\/www.trustedtranslations.com\/de\/dienstleistungen\/multilingual-content\/schreiben-von-werbetexten#primaryimage"},"image":{"@id":"https:\/\/www.trustedtranslations.com\/de\/dienstleistungen\/multilingual-content\/schreiben-von-werbetexten#primaryimage"},"thumbnailUrl":"","description":"Unser Team bei Trusted Translations hilft Ihnen bei der Entwicklung mehrsprachiger Texte, die Besucher in K\u00e4ufer und Klicks in Verk\u00e4ufe umwandeln.","breadcrumb":{"@id":"https:\/\/www.trustedtranslations.com\/de\/dienstleistungen\/multilingual-content\/schreiben-von-werbetexten#breadcrumb"},"inLanguage":"de","potentialAction":[{"@type":"ReadAction","target":["https:\/\/www.trustedtranslations.com\/de\/dienstleistungen\/multilingual-content\/schreiben-von-werbetexten"]}]},{"@type":"ImageObject","inLanguage":"de","@id":"https:\/\/www.trustedtranslations.com\/de\/dienstleistungen\/multilingual-content\/schreiben-von-werbetexten#primaryimage","url":"","contentUrl":""},{"@type":"BreadcrumbList","@id":"https:\/\/www.trustedtranslations.com\/de\/dienstleistungen\/multilingual-content\/schreiben-von-werbetexten#breadcrumb","itemListElement":[{"@type":"ListItem","position":1,"name":"Home","item":"https:\/\/www.trustedtranslations.com\/de"},{"@type":"ListItem","position":2,"name":"Dienstleistungen","item":"https:\/\/www.trustedtranslations.com\/de\/dienstleistungen"},{"@type":"ListItem","position":3,"name":"Mehrsprachiger Inhalt","item":"https:\/\/www.trustedtranslations.com\/de\/dienstleistungen\/multilingual-content"},{"@type":"ListItem","position":4,"name":"Schreiben von Werbetexten"}]},{"@type":"WebSite","@id":"https:\/\/www.trustedtranslations.com\/de\/#website","url":"https:\/\/www.trustedtranslations.com\/de\/","name":"Trusted Translations, Inc.","description":"Leader in translation and interpretation services.","publisher":{"@id":"https:\/\/www.trustedtranslations.com\/de\/#organization"},"alternateName":"Trusted Translations","potentialAction":[{"@type":"SearchAction","target":{"@type":"EntryPoint","urlTemplate":"https:\/\/www.trustedtranslations.com\/de\/?s={search_term_string}"},"query-input":{"@type":"PropertyValueSpecification","valueRequired":true,"valueName":"search_term_string"}}],"inLanguage":"de"},{"@type":"Organization","@id":"https:\/\/www.trustedtranslations.com\/de\/#organization","name":"Trusted Translations","alternateName":"Trusted Translations, Inc.","url":"https:\/\/www.trustedtranslations.com\/de\/","logo":{"@type":"ImageObject","inLanguage":"de","@id":"https:\/\/www.trustedtranslations.com\/de\/#\/schema\/logo\/image\/","url":"https:\/\/static.trustedtranslations.com\/wp-content\/uploads\/2022\/01\/TT_logo_WSIColors-2.png","contentUrl":"https:\/\/static.trustedtranslations.com\/wp-content\/uploads\/2022\/01\/TT_logo_WSIColors-2.png","width":500,"height":196,"caption":"Trusted Translations"},"image":{"@id":"https:\/\/www.trustedtranslations.com\/de\/#\/schema\/logo\/image\/"},"sameAs":["https:\/\/www.facebook.com\/Trusted.Translations","https:\/\/x.com\/TrustedT9ns","https:\/\/www.linkedin.com\/company\/trusted-translations"]}]}},"toolset-meta":{"dyk":{"mensaje-1":{"type":"textfield","raw":"74 % der Web-Benutzer achten auf die Rechtschreibung und Grammatik von Texten."},"mensaje-2":{"type":"textfield","raw":"Fast drei Viertel der Internetnutzer ziehen es vor, lange Inhalte zu \u00fcberfliegen."},"mensaje-3":{"type":"textfield","raw":"Im Durchschnitt verbringen Leser nur 54 Sekunden mit dem Betrachten einer Webseite."},"mensaje-4":{"type":"textfield","raw":"Aussagekr\u00e4ftige Aufrufe k\u00f6nnen die Kundengewinnungen um \u00fcber 200\u00a0% steigern."},"mensaje-5":{"type":"textfield","raw":""},"mensaje-6":{"type":"textfield","raw":""}},"single-page-template-fields":{"imgs-temp":{"type":"image","raw":["https:\/\/static.trustedtranslations.com\/wp-content\/uploads\/2024\/07\/content-writing-2-1.webp"],"repeatable":[{"raw":"https:\/\/static.trustedtranslations.com\/wp-content\/uploads\/2024\/07\/content-writing-2-1.webp"}]},"imgs-temp-cel":{"type":"image","raw":[""],"repeatable":[{"raw":""}]},"img-temp-one-cel":{"type":"image","raw":"https:\/\/static.trustedtranslations.com\/wp-content\/uploads\/2024\/07\/woman-using-computer-laptop-2-1.webp","attachment_id":null},"quotes":{"type":"textarea","raw":"<h1 style=\"margin-bottom: 12px;\">Mehrsprachiges Schreiben von Werbetexten<\/h1><p>Werbetexte sind eine Form von Inhalten, die darauf abzielen, zu \u00fcberzeugen, zu verkaufen und zu f\u00f6rdern. Unser Team bei <em>Trusted Translations<\/em> hilft Ihnen bei der Entwicklung mehrsprachiger Texte, die Besucher in K\u00e4ufer und Klicks in Verk\u00e4ufe umwandeln.<\/p><div style=\"margin-top: 2.5vw;\"><a class=\"tt-btn-main-cta\" href=\"https:\/\/www.trustedtranslations.com\/de\/angebot\">Kostenlosen Kostenvoranschlag anfordern<\/a><\/div>"},"text-1":{"type":"textarea","raw":"<h2>Schreiben, das verkauft<\/h2>\r\nWenn Sie jemals etwas aufgrund einer Anzeige gekauft oder eine E-Mail Ihrer Lieblingsmarke ge\u00f6ffnet haben, sind Sie dem m\u00e4chtigen Einfluss von Werbetexten begegnet. Ob digital oder gedruckt, die vielen Formen des Textens umfassen Produktbeschreibungen, E-Mail-Marketingkampagnen, Bildunterschriften und Slogans, Werbespots, Pressemitteilungen, Social-Media-Anzeigen, Landing Pages und vieles mehr.\r\n<h2>Wie unterscheidet sich das Verfassen von Werbetexten vom Verfassen von Inhalten?<\/h2>\r\nObwohl Werbetexte als eine Untergruppe von Inhalten betrachtet werden k\u00f6nnen, unterscheiden sich ihr Zweck und ihr Stil stark von dem, was man \u00fcblicherweise als Schreiben von Inhalten bezeichnet. Das Schreiben von Inhalten dauert in der Regel l\u00e4nger, da es darauf abzielt, die Leser mit einer langfristigen Strategie zu informieren, aufzukl\u00e4ren und zu unterhalten und auf subtile Weise und im Laufe der Zeit eine Leserschaft aufzubauen. Tats\u00e4chlich wird manchmal in einem Blogbeitrag oder Artikel nicht einmal ein bestimmtes Produkt erw\u00e4hnt oder ein ausdr\u00fccklicher Verkaufslink angegeben.\r\n\r\nWerbetexte hingegen sind kurz, bissig und verkaufsstark. Ziel des Textens ist es, die Aufmerksamkeit des Lesers zu wecken und ihn zu ermutigen, sofort zu handeln, was direkt zu einer Steigerung der Verk\u00e4ufe, der Klickraten und der Konversionen f\u00fchrt.\r\n\r\nUnabh\u00e4ngig vom Format ist der beste Werbetext ein geschickter Schachzug, um auf kleinem Raum gro\u00dfe Wirkung zu erzielen. Erfahrene Texter ben\u00f6tigen nur eine Handvoll W\u00f6rter \u2013 oft weniger als hundert \u2013 um auff\u00e4llige Slogans, eine effektive Wortauswahl und \u00fcberzeugende Calls-to-Action (CTAs) zu erstellen."},"shortcode-map":{"type":"textfield","raw":""},"dyk-shortcode":{"type":"textfield","raw":"[elementor-template id=\"146647\"]"},"text-2":{"type":"textarea","raw":"<h2>Wie k\u00f6nnen mehrsprachige Werbetexte Ihrem Unternehmen helfen?<\/h2>\r\nDas Ziel von Werbetexten ist es, im Ged\u00e4chtnis zu bleiben, und die besten Werbetexte hinterlassen einen Eindruck, der jahrelang anhalten kann. Denn wie viele Menschen k\u00f6nnen die eing\u00e4ngigsten Werbejingles aus ihrer Kindheit noch perfekt aufsagen?\r\n\r\nEine starke Strategie beim Werbetexten ist auch kosteng\u00fcnstig. In Zeiten, in denen Werbepl\u00e4tze pro zus\u00e4tzlicher Sekunde oder zus\u00e4tzlicher Seite Millionen kosten k\u00f6nnen, ist die Investition in Texter, die mit Pr\u00e4gnanz Ergebnisse erzielen k\u00f6nnen, f\u00fcr jedes Unternehmen eine wertvolle Investition. Gleichzeitig sind Texter auch in der Suchmaschinenoptimierung (SEO) bewandert, bei der Schl\u00fcsselw\u00f6rter strategisch eingesetzt werden, um Ihr Unternehmen in den Suchmaschinenergebnissen weiter oben erscheinen zu lassen.\r\n\r\nAuch wenn die Werbetexte in der Regel kurz sind, ist das Verfassen von Werbetexten ein strenger Prozess, der durch qualifiziertes Schreiben und Recherchen sorgf\u00e4ltig untermauert wird. Die besten Texter haben nicht nur ein ausgepr\u00e4gtes Verst\u00e4ndnis f\u00fcr die Besonderheiten des erfolgreichen Schreibens, sondern auch f\u00fcr Verbraucherpsychologie, Marktforschung und Branchenkenntnisse. Sie arbeiten mit Ihrem Unternehmen zusammen, um die emotionalen Reaktionen potenzieller K\u00e4ufer, ihre Bed\u00fcrfnisse und die so genannten \u201eSchmerzpunkte\u201c zu verstehen - Nischenprobleme, f\u00fcr die Ihr Unternehmen eine L\u00f6sung anbieten kann.\r\n\r\nBei der Expansion in mehrsprachige M\u00e4rkte sind diese Elemente des Werbetextens der Schl\u00fcssel, um neue Kunden zu gewinnen. Da beim Verfassen von Texten jedes Wort z\u00e4hlt, ist es auch wichtig, mit Textern zusammenzuarbeiten, die ein au\u00dfergew\u00f6hnliches Verst\u00e4ndnis f\u00fcr die Sprache und Kultur Ihres Zielmarktes haben. Unsere Texter bei <em>Trusted Translations<\/em> sind in der Lage, alle Arten von Texten mit einem hohen Standard an Schreib- und Sprachgenauigkeit zu liefern. Wenden Sie sich noch heute an <em>Trusted Translations, <\/em>um zu erfahren, wie wir Ihren Bedarf an mehrsprachigen Werbetexten decken k\u00f6nnen."},"state":{"type":"textfield","raw":""},"city":{"type":"textarea","raw":[]}}},"_links":{"self":[{"href":"https:\/\/www.trustedtranslations.com\/de\/wp-json\/wp\/v2\/pages\/160296","targetHints":{"allow":["GET"]}}],"collection":[{"href":"https:\/\/www.trustedtranslations.com\/de\/wp-json\/wp\/v2\/pages"}],"about":[{"href":"https:\/\/www.trustedtranslations.com\/de\/wp-json\/wp\/v2\/types\/page"}],"author":[{"embeddable":true,"href":"https:\/\/www.trustedtranslations.com\/de\/wp-json\/wp\/v2\/users\/1"}],"replies":[{"embeddable":true,"href":"https:\/\/www.trustedtranslations.com\/de\/wp-json\/wp\/v2\/comments?post=160296"}],"version-history":[{"count":0,"href":"https:\/\/www.trustedtranslations.com\/de\/wp-json\/wp\/v2\/pages\/160296\/revisions"}],"up":[{"embeddable":true,"href":"https:\/\/www.trustedtranslations.com\/de\/wp-json\/wp\/v2\/pages\/160302"}],"wp:featuredmedia":[{"embeddable":true,"href":"https:\/\/www.trustedtranslations.com\/de\/wp-json\/"}],"wp:attachment":[{"href":"https:\/\/www.trustedtranslations.com\/de\/wp-json\/wp\/v2\/media?parent=160296"}],"curies":[{"name":"wp","href":"https:\/\/api.w.org\/{rel}","templated":true}]}}