{"id":160302,"date":"2022-10-05T14:54:44","date_gmt":"2022-10-05T14:54:44","guid":{"rendered":"https:\/\/www.trustedtranslations.com\/?page_id=160302"},"modified":"2024-09-03T17:00:22","modified_gmt":"2024-09-03T20:00:22","slug":"multilingual-content","status":"publish","type":"page","link":"https:\/\/www.trustedtranslations.com\/de\/dienstleistungen\/multilingual-content","title":{"rendered":"Mehrsprachiger Inhalt"},"content":{"rendered":"","protected":false},"excerpt":{"rendered":"","protected":false},"author":1,"featured_media":223055,"parent":129503,"menu_order":0,"comment_status":"closed","ping_status":"closed","template":"","meta":{"site-sidebar-layout":"default","site-content-layout":"default","ast-site-content-layout":"default","site-content-style":"default","site-sidebar-style":"default","ast-global-header-display":"","ast-banner-title-visibility":"","ast-main-header-display":"","ast-hfb-above-header-display":"","ast-hfb-below-header-display":"","ast-hfb-mobile-header-display":"","site-post-title":"disabled","ast-breadcrumbs-content":"","ast-featured-img":"","footer-sml-layout":"","ast-disable-related-posts":"","theme-transparent-header-meta":"default","adv-header-id-meta":"","stick-header-meta":"","header-above-stick-meta":"","header-main-stick-meta":"","header-below-stick-meta":"","astra-migrate-meta-layouts":"set","ast-page-background-enabled":"default","ast-page-background-meta":{"desktop":{"background-color":"var(--ast-global-color-4)","background-image":"","background-repeat":"repeat","background-position":"center center","background-size":"auto","background-attachment":"scroll","background-type":"","background-media":"","overlay-type":"","overlay-color":"","overlay-opacity":"","overlay-gradient":""},"tablet":{"background-color":"","background-image":"","background-repeat":"repeat","background-position":"center center","background-size":"auto","background-attachment":"scroll","background-type":"","background-media":"","overlay-type":"","overlay-color":"","overlay-opacity":"","overlay-gradient":""},"mobile":{"background-color":"","background-image":"","background-repeat":"repeat","background-position":"center center","background-size":"auto","background-attachment":"scroll","background-type":"","background-media":"","overlay-type":"","overlay-color":"","overlay-opacity":"","overlay-gradient":""}},"ast-content-background-meta":{"desktop":{"background-color":"var(--ast-global-color-5)","background-image":"","background-repeat":"repeat","background-position":"center center","background-size":"auto","background-attachment":"scroll","background-type":"","background-media":"","overlay-type":"","overlay-color":"","overlay-opacity":"","overlay-gradient":""},"tablet":{"background-color":"var(--ast-global-color-5)","background-image":"","background-repeat":"repeat","background-position":"center center","background-size":"auto","background-attachment":"scroll","background-type":"","background-media":"","overlay-type":"","overlay-color":"","overlay-opacity":"","overlay-gradient":""},"mobile":{"background-color":"var(--ast-global-color-5)","background-image":"","background-repeat":"repeat","background-position":"center center","background-size":"auto","background-attachment":"scroll","background-type":"","background-media":"","overlay-type":"","overlay-color":"","overlay-opacity":"","overlay-gradient":""}},"footnotes":""},"class_list":["post-160302","page","type-page","status-publish","has-post-thumbnail","hentry"],"yoast_head":"<!-- This site is optimized with the Yoast SEO plugin v27.3 - https:\/\/yoast.com\/product\/yoast-seo-wordpress\/ -->\n<title>\u00dcbersetzungsdienstleistungen f\u00fcr mehrsprachige Inhalte \u2013 Trusted Translations, Inc.<\/title>\n<meta name=\"description\" content=\"Mehrsprachige Inhalte sind der Schl\u00fcssel f\u00fcr Unternehmen, die in internationale M\u00e4rkte expandieren wollen. Trusted Translations ist auf die Erstellung hochwertiger Inhalte spezialisiert, die Leser in einer Vielzahl von Sprachen informieren und ansprechen.\" \/>\n<meta name=\"robots\" content=\"index, follow, max-snippet:-1, max-image-preview:large, max-video-preview:-1\" \/>\n<link rel=\"canonical\" href=\"https:\/\/www.trustedtranslations.com\/de\/dienstleistungen\/multilingual-content\" \/>\n<meta property=\"og:locale\" content=\"de_DE\" \/>\n<meta property=\"og:type\" content=\"article\" \/>\n<meta property=\"og:title\" content=\"\u00dcbersetzungsdienstleistungen f\u00fcr mehrsprachige Inhalte \u2013 Trusted Translations, Inc.\" \/>\n<meta property=\"og:description\" content=\"Mehrsprachige Inhalte sind der Schl\u00fcssel f\u00fcr Unternehmen, die in internationale M\u00e4rkte expandieren wollen. Trusted Translations ist auf die Erstellung hochwertiger Inhalte spezialisiert, die Leser in einer Vielzahl von Sprachen informieren und ansprechen.\" \/>\n<meta property=\"og:url\" content=\"https:\/\/www.trustedtranslations.com\/de\/dienstleistungen\/multilingual-content\" \/>\n<meta property=\"og:site_name\" content=\"Trusted Translations, Inc.\" \/>\n<meta property=\"article:publisher\" content=\"https:\/\/www.facebook.com\/Trusted.Translations\" \/>\n<meta property=\"article:modified_time\" content=\"2024-09-03T20:00:22+00:00\" \/>\n<meta property=\"og:image\" content=\"https:\/\/static.trustedtranslations.com\/wp-content\/uploads\/2022\/08\/TT_NEW_FB-1.png\" \/>\n\t<meta property=\"og:image:width\" content=\"1\" \/>\n\t<meta property=\"og:image:height\" content=\"1\" \/>\n\t<meta property=\"og:image:type\" content=\"image\/jpeg\" \/>\n<meta name=\"twitter:card\" content=\"summary_large_image\" \/>\n<meta name=\"twitter:site\" content=\"@TrustedT9ns\" \/>\n<script type=\"application\/ld+json\" class=\"yoast-schema-graph\">{\"@context\":\"https:\\\/\\\/schema.org\",\"@graph\":[{\"@type\":\"WebPage\",\"@id\":\"https:\\\/\\\/www.trustedtranslations.com\\\/de\\\/dienstleistungen\\\/multilingual-content\",\"url\":\"https:\\\/\\\/www.trustedtranslations.com\\\/de\\\/dienstleistungen\\\/multilingual-content\",\"name\":\"\u00dcbersetzungsdienstleistungen f\u00fcr mehrsprachige Inhalte \u2013 Trusted Translations, Inc.\",\"isPartOf\":{\"@id\":\"https:\\\/\\\/www.trustedtranslations.com\\\/de\\\/#website\"},\"primaryImageOfPage\":{\"@id\":\"https:\\\/\\\/www.trustedtranslations.com\\\/de\\\/dienstleistungen\\\/multilingual-content#primaryimage\"},\"image\":{\"@id\":\"https:\\\/\\\/www.trustedtranslations.com\\\/de\\\/dienstleistungen\\\/multilingual-content#primaryimage\"},\"thumbnailUrl\":\"https:\\\/\\\/www.trustedtranslations.com\\\/wp-content\\\/uploads\\\/2022\\\/08\\\/TT_NEW_FB-1.png\",\"description\":\"Mehrsprachige Inhalte sind der Schl\u00fcssel f\u00fcr Unternehmen, die in internationale M\u00e4rkte expandieren wollen. Trusted Translations ist auf die Erstellung hochwertiger Inhalte spezialisiert, die Leser in einer Vielzahl von Sprachen informieren und ansprechen.\",\"breadcrumb\":{\"@id\":\"https:\\\/\\\/www.trustedtranslations.com\\\/de\\\/dienstleistungen\\\/multilingual-content#breadcrumb\"},\"inLanguage\":\"de\",\"potentialAction\":[{\"@type\":\"ReadAction\",\"target\":[\"https:\\\/\\\/www.trustedtranslations.com\\\/de\\\/dienstleistungen\\\/multilingual-content\"]}]},{\"@type\":\"ImageObject\",\"inLanguage\":\"de\",\"@id\":\"https:\\\/\\\/www.trustedtranslations.com\\\/de\\\/dienstleistungen\\\/multilingual-content#primaryimage\",\"url\":\"https:\\\/\\\/www.trustedtranslations.com\\\/wp-content\\\/uploads\\\/2022\\\/08\\\/TT_NEW_FB-1.png\",\"contentUrl\":\"https:\\\/\\\/www.trustedtranslations.com\\\/wp-content\\\/uploads\\\/2022\\\/08\\\/TT_NEW_FB-1.png\",\"caption\":\"TT NEW FB 1\"},{\"@type\":\"BreadcrumbList\",\"@id\":\"https:\\\/\\\/www.trustedtranslations.com\\\/de\\\/dienstleistungen\\\/multilingual-content#breadcrumb\",\"itemListElement\":[{\"@type\":\"ListItem\",\"position\":1,\"name\":\"Home\",\"item\":\"https:\\\/\\\/www.trustedtranslations.com\\\/de\"},{\"@type\":\"ListItem\",\"position\":2,\"name\":\"Dienstleistungen\",\"item\":\"https:\\\/\\\/www.trustedtranslations.com\\\/de\\\/dienstleistungen\"},{\"@type\":\"ListItem\",\"position\":3,\"name\":\"Mehrsprachiger Inhalt\"}]},{\"@type\":\"WebSite\",\"@id\":\"https:\\\/\\\/www.trustedtranslations.com\\\/de\\\/#website\",\"url\":\"https:\\\/\\\/www.trustedtranslations.com\\\/de\\\/\",\"name\":\"Trusted Translations, Inc.\",\"description\":\"Leader in translation and interpretation services.\",\"publisher\":{\"@id\":\"https:\\\/\\\/www.trustedtranslations.com\\\/de\\\/#organization\"},\"alternateName\":\"Trusted Translations\",\"potentialAction\":[{\"@type\":\"SearchAction\",\"target\":{\"@type\":\"EntryPoint\",\"urlTemplate\":\"https:\\\/\\\/www.trustedtranslations.com\\\/de\\\/?s={search_term_string}\"},\"query-input\":{\"@type\":\"PropertyValueSpecification\",\"valueRequired\":true,\"valueName\":\"search_term_string\"}}],\"inLanguage\":\"de\"},{\"@type\":\"Organization\",\"@id\":\"https:\\\/\\\/www.trustedtranslations.com\\\/de\\\/#organization\",\"name\":\"Trusted Translations\",\"alternateName\":\"Trusted Translations, Inc.\",\"url\":\"https:\\\/\\\/www.trustedtranslations.com\\\/de\\\/\",\"logo\":{\"@type\":\"ImageObject\",\"inLanguage\":\"de\",\"@id\":\"https:\\\/\\\/www.trustedtranslations.com\\\/de\\\/#\\\/schema\\\/logo\\\/image\\\/\",\"url\":\"https:\\\/\\\/static.trustedtranslations.com\\\/wp-content\\\/uploads\\\/2022\\\/01\\\/TT_logo_WSIColors-2.png\",\"contentUrl\":\"https:\\\/\\\/static.trustedtranslations.com\\\/wp-content\\\/uploads\\\/2022\\\/01\\\/TT_logo_WSIColors-2.png\",\"width\":500,\"height\":196,\"caption\":\"Trusted Translations\"},\"image\":{\"@id\":\"https:\\\/\\\/www.trustedtranslations.com\\\/de\\\/#\\\/schema\\\/logo\\\/image\\\/\"},\"sameAs\":[\"https:\\\/\\\/www.facebook.com\\\/Trusted.Translations\",\"https:\\\/\\\/x.com\\\/TrustedT9ns\",\"https:\\\/\\\/www.linkedin.com\\\/company\\\/trusted-translations\"]}]}<\/script>\n<!-- \/ Yoast SEO plugin. -->","yoast_head_json":{"title":"\u00dcbersetzungsdienstleistungen f\u00fcr mehrsprachige Inhalte \u2013 Trusted Translations, Inc.","description":"Mehrsprachige Inhalte sind der Schl\u00fcssel f\u00fcr Unternehmen, die in internationale M\u00e4rkte expandieren wollen. Trusted Translations ist auf die Erstellung hochwertiger Inhalte spezialisiert, die Leser in einer Vielzahl von Sprachen informieren und ansprechen.","robots":{"index":"index","follow":"follow","max-snippet":"max-snippet:-1","max-image-preview":"max-image-preview:large","max-video-preview":"max-video-preview:-1"},"canonical":"https:\/\/www.trustedtranslations.com\/de\/dienstleistungen\/multilingual-content","og_locale":"de_DE","og_type":"article","og_title":"\u00dcbersetzungsdienstleistungen f\u00fcr mehrsprachige Inhalte \u2013 Trusted Translations, Inc.","og_description":"Mehrsprachige Inhalte sind der Schl\u00fcssel f\u00fcr Unternehmen, die in internationale M\u00e4rkte expandieren wollen. Trusted Translations ist auf die Erstellung hochwertiger Inhalte spezialisiert, die Leser in einer Vielzahl von Sprachen informieren und ansprechen.","og_url":"https:\/\/www.trustedtranslations.com\/de\/dienstleistungen\/multilingual-content","og_site_name":"Trusted Translations, Inc.","article_publisher":"https:\/\/www.facebook.com\/Trusted.Translations","article_modified_time":"2024-09-03T20:00:22+00:00","og_image":[{"url":"https:\/\/static.trustedtranslations.com\/wp-content\/uploads\/2022\/08\/TT_NEW_FB-1.png","width":1,"height":1,"type":"image\/jpeg"}],"twitter_card":"summary_large_image","twitter_site":"@TrustedT9ns","schema":{"@context":"https:\/\/schema.org","@graph":[{"@type":"WebPage","@id":"https:\/\/www.trustedtranslations.com\/de\/dienstleistungen\/multilingual-content","url":"https:\/\/www.trustedtranslations.com\/de\/dienstleistungen\/multilingual-content","name":"\u00dcbersetzungsdienstleistungen f\u00fcr mehrsprachige Inhalte \u2013 Trusted Translations, Inc.","isPartOf":{"@id":"https:\/\/www.trustedtranslations.com\/de\/#website"},"primaryImageOfPage":{"@id":"https:\/\/www.trustedtranslations.com\/de\/dienstleistungen\/multilingual-content#primaryimage"},"image":{"@id":"https:\/\/www.trustedtranslations.com\/de\/dienstleistungen\/multilingual-content#primaryimage"},"thumbnailUrl":"https:\/\/www.trustedtranslations.com\/wp-content\/uploads\/2022\/08\/TT_NEW_FB-1.png","description":"Mehrsprachige Inhalte sind der Schl\u00fcssel f\u00fcr Unternehmen, die in internationale M\u00e4rkte expandieren wollen. Trusted Translations ist auf die Erstellung hochwertiger Inhalte spezialisiert, die Leser in einer Vielzahl von Sprachen informieren und ansprechen.","breadcrumb":{"@id":"https:\/\/www.trustedtranslations.com\/de\/dienstleistungen\/multilingual-content#breadcrumb"},"inLanguage":"de","potentialAction":[{"@type":"ReadAction","target":["https:\/\/www.trustedtranslations.com\/de\/dienstleistungen\/multilingual-content"]}]},{"@type":"ImageObject","inLanguage":"de","@id":"https:\/\/www.trustedtranslations.com\/de\/dienstleistungen\/multilingual-content#primaryimage","url":"https:\/\/www.trustedtranslations.com\/wp-content\/uploads\/2022\/08\/TT_NEW_FB-1.png","contentUrl":"https:\/\/www.trustedtranslations.com\/wp-content\/uploads\/2022\/08\/TT_NEW_FB-1.png","caption":"TT NEW FB 1"},{"@type":"BreadcrumbList","@id":"https:\/\/www.trustedtranslations.com\/de\/dienstleistungen\/multilingual-content#breadcrumb","itemListElement":[{"@type":"ListItem","position":1,"name":"Home","item":"https:\/\/www.trustedtranslations.com\/de"},{"@type":"ListItem","position":2,"name":"Dienstleistungen","item":"https:\/\/www.trustedtranslations.com\/de\/dienstleistungen"},{"@type":"ListItem","position":3,"name":"Mehrsprachiger Inhalt"}]},{"@type":"WebSite","@id":"https:\/\/www.trustedtranslations.com\/de\/#website","url":"https:\/\/www.trustedtranslations.com\/de\/","name":"Trusted Translations, Inc.","description":"Leader in translation and interpretation services.","publisher":{"@id":"https:\/\/www.trustedtranslations.com\/de\/#organization"},"alternateName":"Trusted Translations","potentialAction":[{"@type":"SearchAction","target":{"@type":"EntryPoint","urlTemplate":"https:\/\/www.trustedtranslations.com\/de\/?s={search_term_string}"},"query-input":{"@type":"PropertyValueSpecification","valueRequired":true,"valueName":"search_term_string"}}],"inLanguage":"de"},{"@type":"Organization","@id":"https:\/\/www.trustedtranslations.com\/de\/#organization","name":"Trusted Translations","alternateName":"Trusted Translations, Inc.","url":"https:\/\/www.trustedtranslations.com\/de\/","logo":{"@type":"ImageObject","inLanguage":"de","@id":"https:\/\/www.trustedtranslations.com\/de\/#\/schema\/logo\/image\/","url":"https:\/\/static.trustedtranslations.com\/wp-content\/uploads\/2022\/01\/TT_logo_WSIColors-2.png","contentUrl":"https:\/\/static.trustedtranslations.com\/wp-content\/uploads\/2022\/01\/TT_logo_WSIColors-2.png","width":500,"height":196,"caption":"Trusted Translations"},"image":{"@id":"https:\/\/www.trustedtranslations.com\/de\/#\/schema\/logo\/image\/"},"sameAs":["https:\/\/www.facebook.com\/Trusted.Translations","https:\/\/x.com\/TrustedT9ns","https:\/\/www.linkedin.com\/company\/trusted-translations"]}]}},"toolset-meta":{"dyk":{"mensaje-1":{"type":"textfield","raw":"76% of online shoppers look for products in their own language."},"mensaje-2":{"type":"textfield","raw":"Most consumers prefer to connect with brands in their native language ."},"mensaje-3":{"type":"textfield","raw":"More than half of all Google queries are in languages other than English."},"mensaje-4":{"type":"textfield","raw":"Multilingual SEO can help bring more traffic to your site."},"mensaje-5":{"type":"textfield","raw":""},"mensaje-6":{"type":"textfield","raw":""}},"single-page-template-fields":{"imgs-temp":{"type":"image","raw":["https:\/\/static.trustedtranslations.com\/wp-content\/uploads\/2024\/05\/Group-141.webp"],"repeatable":[{"raw":"https:\/\/static.trustedtranslations.com\/wp-content\/uploads\/2024\/05\/Group-141.webp"}]},"imgs-temp-cel":{"type":"image","raw":[""],"repeatable":[{"raw":""}]},"img-temp-one-cel":{"type":"image","raw":"https:\/\/static.trustedtranslations.com\/wp-content\/uploads\/2024\/05\/Group-1-2-1.webp","attachment_id":null},"quotes":{"type":"textarea","raw":"<h1 style=\"margin-bottom: 12px>Mehrsprachiger Inhalt<\/h1>Mehrsprachige Inhalte sind der Schl\u00fcssel f\u00fcr Unternehmen, die in internationale M\u00e4rkte expandieren wollen. Durch die Erstellung von Inhalten, die f\u00fcr Sprecher verschiedener Sprachen ma\u00dfgeschneidert sind, kann Ihr Unternehmen seine Reichweite erh\u00f6hen, weltweit ein engagiertes Publikum aufbauen und den Onlineverkehr und die Rankings steigern. Unabh\u00e4ngig von der Komplexit\u00e4t arbeitet Trusted Translations mit Ihnen zusammen, um \u00fcberzeugende, qualitativ hochwertige Inhalte zu erstellen, welche die Leser in einer Vielzahl von Sprachen informieren und ansprechen.<div style=\"margin-top: 2.5vw;\"><a class=\"tt-btn-main-cta\" href=\"\/de\/angebot\">KOSTENLOSEN KOSTENVORANSCHLAG ANFORDERN<\/a><\/div>"},"text-1":{"type":"textarea","raw":"<h2 style=\"padding-bottom: 20px\">\u00a0Mehrsprachige Inhalts\u00fcbersetzungsdienstleistungen<\/h2>Die meisten Sprecher verschiedener Sprachen werden ausschlie\u00dflich in ihrer Muttersprache im Internet surfen, Eink\u00e4ufe t\u00e4tigen und nach Informationen suchen. Wenn Sie in mehrsprachige Inhalte investieren, die diese Kunden direkt ansprechen, hat Ihr Unternehmen die Nase vorn, wenn es darum geht, neue M\u00e4rkte voller potenzieller Kunden zu erreichen.\r\n\r\nEine Strategie f\u00fcr mehrsprachige Inhalte versetzt Sie in die Lage, \u00fcber die Lokalisierung Ihres Materials in andere Sprachen hinauszugehen und tats\u00e4chlich Originalinhalte in mehreren Sprachen zu erstellen. Im Vergleich zur \u00dcbersetzung bereits vorhandener Inhalte priorisiert die mehrsprachige Inhaltserstellung von Anfang an Ihre Zielgruppe. Trusted Translations hilft Ihnen, Zeit, Energie und Kosten des Lokalisierungsprozesses zu sparen und stellt gleichzeitig sicher, dass Ihre Inhalte eine Botschaft vermitteln, die das richtige Publikum auf die richtige Weise und von Anfang an anspricht. \r\n<h2 style=\"padding-bottom: 20px\">Vorteile mehrsprachiger Inhalte <\/h2>In der heutigen schnelllebigen Online-Umgebung verarbeiten Verbraucher Tausende von Informationen mit nur wenigen Klicks im Internet. Vor diesem Hintergrund ist es wichtig, Inhalte zu haben, die sich von der Flut von Pauschalaussagen und generischer Werbung abheben. \r\n\r\nEinzigartige, authentische Inhalte in mehreren Sprachen sind entscheidend f\u00fcr den Aufbau von Vertrauen und Kundenbindung bei Muttersprachlern. Je einfacher es f\u00fcr Kunden ist, einen Inhalt zu verstehen, sich mit ihm zu verbinden und ihn zu teilen, desto organischer wird der Ruf Ihrer Marke in diesem Markt wachsen. \r\n\r\nMehrsprachige Inhalte tragen auch dazu bei, dass sich Ihr Material in Webrankings abhebt. Erstklassige Inhalte werden sorgf\u00e4ltig auf h\u00e4ufig gesuchte Ausdr\u00fccke und Schl\u00fcsselw\u00f6rter in der jeweiligen Sprache abgestimmt, anstatt sie einfach aus einem Werk zu \u00fcbersetzen, das urspr\u00fcnglich nicht f\u00fcr diese Sprache erstellt wurde. Daher kann ein ausgefeilter mehrsprachiger Inhalt den Verkehr auf Ihrer Webseite schnell erh\u00f6hen und zu einem h\u00f6heren Ranking in den Suchmaschinen f\u00fchren."},"shortcode-map":{"type":"textfield","raw":""},"dyk-shortcode":{"type":"textfield","raw":"[elementor-template id=\"146647\"]"},"text-2":{"type":"textarea","raw":"<h2 style=\"padding-bottom: 20px\">Arten von mehrsprachigen Inhalten <\/h2>Mehrsprachige Inhalte k\u00f6nnen mehrere Formen annehmen, darunter das Verfassen von Inhalten, das Verfassen von Texten, das kreative Schreiben und die Transkreation. Oft stellen Unternehmen fest, dass eine Kombination dieser Modi der beste Ansatz ist, um ein m\u00f6glichst breites Publikum zu erreichen. Daher ist es beim Aufbau einer robusten Inhaltsstrategie wichtig, mit einem gut abgerundeten Team zusammenzuarbeiten, das die Flexibilit\u00e4t hat, problemlos zwischen diesen Formen zu wechseln. \r\n<h2 style=\"padding-bottom: 20px\">Unsere Dienstleistungen<\/h2>Trusted Translations bietet ein Team aus bew\u00e4hrten mehrsprachigen Inhaltsautoren. Unsere Autoren sind mit all den verschiedenen Schreibweisen vertraut, die f\u00fcr die Erstellung erstklassiger mehrsprachiger Inhalte erforderlich sind, vom Schreiben von Inhalten bis hin zu Texten und kreativem Schreiben. Sie kombinieren professionelle Schreibf\u00e4higkeiten mit einem muttersprachlichen Sprachverst\u00e4ndnis und produzieren nat\u00fcrliche und effektive Inhalte, die durch Branchenexpertise unterst\u00fctzt werden. \r\n\r\nAlle Arbeiten unserer Autoren durchlaufen au\u00dferdem eine strenge Endbearbeitungsphase, um qualitativ hochwertige Ergebnisse zu gew\u00e4hrleisten. Wir priorisieren Genauigkeit, Vertraulichkeit und Authentizit\u00e4t bei unseren Inhaltsdienstleistungen. Als vertrauensw\u00fcrdiger Partner von mehr als 5.000 Kunden weltweit, darunter Regierungsorganisationen, Fortune-500-Unternehmen, Anwaltskanzleien und gemeinn\u00fctzige Organisationen, ist Trusted Translations die zuverl\u00e4ssige und kosteng\u00fcnstige L\u00f6sung f\u00fcr alle Ihre Anforderungen in Verbindung mit mehrsprachigen Inhalten."},"state":{"type":"textfield","raw":""},"city":{"type":"textarea","raw":[]}}},"_links":{"self":[{"href":"https:\/\/www.trustedtranslations.com\/de\/wp-json\/wp\/v2\/pages\/160302","targetHints":{"allow":["GET"]}}],"collection":[{"href":"https:\/\/www.trustedtranslations.com\/de\/wp-json\/wp\/v2\/pages"}],"about":[{"href":"https:\/\/www.trustedtranslations.com\/de\/wp-json\/wp\/v2\/types\/page"}],"author":[{"embeddable":true,"href":"https:\/\/www.trustedtranslations.com\/de\/wp-json\/wp\/v2\/users\/1"}],"replies":[{"embeddable":true,"href":"https:\/\/www.trustedtranslations.com\/de\/wp-json\/wp\/v2\/comments?post=160302"}],"version-history":[{"count":0,"href":"https:\/\/www.trustedtranslations.com\/de\/wp-json\/wp\/v2\/pages\/160302\/revisions"}],"up":[{"embeddable":true,"href":"https:\/\/www.trustedtranslations.com\/de\/wp-json\/wp\/v2\/pages\/129503"}],"wp:featuredmedia":[{"embeddable":true,"href":"https:\/\/www.trustedtranslations.com\/de\/wp-json\/wp\/v2\/media\/223055"}],"wp:attachment":[{"href":"https:\/\/www.trustedtranslations.com\/de\/wp-json\/wp\/v2\/media?parent=160302"}],"curies":[{"name":"wp","href":"https:\/\/api.w.org\/{rel}","templated":true}]}}