{"id":160951,"date":"2022-07-15T16:30:03","date_gmt":"2022-07-15T16:30:03","guid":{"rendered":"https:\/\/www.trustedtranslations.com\/dienstleistungen\/app-lokalisierung-fuer-entwickler\/android"},"modified":"2024-09-09T12:57:04","modified_gmt":"2024-09-09T15:57:04","slug":"android","status":"publish","type":"page","link":"https:\/\/www.trustedtranslations.com\/de\/dienstleistungen\/lokalisierung-von-apps\/android","title":{"rendered":"Android"},"content":{"rendered":"","protected":false},"excerpt":{"rendered":"","protected":false},"author":1,"featured_media":222760,"parent":129471,"menu_order":0,"comment_status":"closed","ping_status":"closed","template":"","meta":{"site-sidebar-layout":"default","site-content-layout":"default","ast-site-content-layout":"default","site-content-style":"default","site-sidebar-style":"default","ast-global-header-display":"","ast-banner-title-visibility":"","ast-main-header-display":"","ast-hfb-above-header-display":"","ast-hfb-below-header-display":"","ast-hfb-mobile-header-display":"","site-post-title":"disabled","ast-breadcrumbs-content":"","ast-featured-img":"","footer-sml-layout":"","theme-transparent-header-meta":"default","adv-header-id-meta":"","stick-header-meta":"","header-above-stick-meta":"","header-main-stick-meta":"","header-below-stick-meta":"","astra-migrate-meta-layouts":"set","ast-page-background-enabled":"default","ast-page-background-meta":{"desktop":{"background-color":"var(--ast-global-color-4)","background-image":"","background-repeat":"repeat","background-position":"center center","background-size":"auto","background-attachment":"scroll","background-type":"","background-media":"","overlay-type":"","overlay-color":"","overlay-opacity":"","overlay-gradient":""},"tablet":{"background-color":"","background-image":"","background-repeat":"repeat","background-position":"center center","background-size":"auto","background-attachment":"scroll","background-type":"","background-media":"","overlay-type":"","overlay-color":"","overlay-opacity":"","overlay-gradient":""},"mobile":{"background-color":"","background-image":"","background-repeat":"repeat","background-position":"center center","background-size":"auto","background-attachment":"scroll","background-type":"","background-media":"","overlay-type":"","overlay-color":"","overlay-opacity":"","overlay-gradient":""}},"ast-content-background-meta":{"desktop":{"background-color":"var(--ast-global-color-5)","background-image":"","background-repeat":"repeat","background-position":"center center","background-size":"auto","background-attachment":"scroll","background-type":"","background-media":"","overlay-type":"","overlay-color":"","overlay-opacity":"","overlay-gradient":""},"tablet":{"background-color":"var(--ast-global-color-5)","background-image":"","background-repeat":"repeat","background-position":"center center","background-size":"auto","background-attachment":"scroll","background-type":"","background-media":"","overlay-type":"","overlay-color":"","overlay-opacity":"","overlay-gradient":""},"mobile":{"background-color":"var(--ast-global-color-5)","background-image":"","background-repeat":"repeat","background-position":"center center","background-size":"auto","background-attachment":"scroll","background-type":"","background-media":"","overlay-type":"","overlay-color":"","overlay-opacity":"","overlay-gradient":""}},"footnotes":""},"class_list":["post-160951","page","type-page","status-publish","has-post-thumbnail","hentry"],"yoast_head":"<!-- This site is optimized with the Yoast SEO plugin v27.5 - https:\/\/yoast.com\/product\/yoast-seo-wordpress\/ -->\n<title>Lokalisierung von Android-Apps \u2013 Trusted Translations, Inc.<\/title>\n<meta name=\"description\" content=\"Trusted Translations ist ein f\u00fchrender Anbieter von Lokalisierungsdiensten f\u00fcr Android-Apps. Wir lokalisieren und \u00fcbersetzen jede mobile Anwendung f\u00fcr nahezu jeden Markt und jedes Ger\u00e4t.\" \/>\n<meta name=\"robots\" content=\"index, follow, max-snippet:-1, max-image-preview:large, max-video-preview:-1\" \/>\n<link rel=\"canonical\" href=\"https:\/\/www.trustedtranslations.com\/de\/dienstleistungen\/lokalisierung-von-apps\/android\" \/>\n<meta property=\"og:locale\" content=\"de_DE\" \/>\n<meta property=\"og:type\" content=\"article\" \/>\n<meta property=\"og:title\" content=\"Lokalisierung von Android-Apps \u2013 Trusted Translations, Inc.\" \/>\n<meta property=\"og:description\" content=\"Trusted Translations ist ein f\u00fchrender Anbieter von Lokalisierungsdiensten f\u00fcr Android-Apps. Wir lokalisieren und \u00fcbersetzen jede mobile Anwendung f\u00fcr nahezu jeden Markt und jedes Ger\u00e4t.\" \/>\n<meta property=\"og:url\" content=\"https:\/\/www.trustedtranslations.com\/de\/dienstleistungen\/lokalisierung-von-apps\/android\" \/>\n<meta property=\"og:site_name\" content=\"Trusted Translations, Inc.\" \/>\n<meta property=\"article:publisher\" content=\"https:\/\/www.facebook.com\/Trusted.Translations\" \/>\n<meta property=\"article:modified_time\" content=\"2024-09-09T15:57:04+00:00\" \/>\n<meta property=\"og:image\" content=\"https:\/\/www.trustedtranslations.com\/wp-content\/uploads\/2022\/06\/tt-logo-2-1.webp\" \/>\n\t<meta property=\"og:image:width\" content=\"216\" \/>\n\t<meta property=\"og:image:height\" content=\"94\" \/>\n\t<meta property=\"og:image:type\" content=\"image\/webp\" \/>\n<meta name=\"twitter:card\" content=\"summary_large_image\" \/>\n<meta name=\"twitter:site\" content=\"@TrustedT9ns\" \/>\n<script type=\"application\/ld+json\" class=\"yoast-schema-graph\">{\"@context\":\"https:\\\/\\\/schema.org\",\"@graph\":[{\"@type\":\"WebPage\",\"@id\":\"https:\\\/\\\/www.trustedtranslations.com\\\/de\\\/dienstleistungen\\\/lokalisierung-von-apps\\\/android\",\"url\":\"https:\\\/\\\/www.trustedtranslations.com\\\/de\\\/dienstleistungen\\\/lokalisierung-von-apps\\\/android\",\"name\":\"Lokalisierung von Android-Apps \u2013 Trusted Translations, Inc.\",\"isPartOf\":{\"@id\":\"https:\\\/\\\/www.trustedtranslations.com\\\/de\\\/#website\"},\"primaryImageOfPage\":{\"@id\":\"https:\\\/\\\/www.trustedtranslations.com\\\/de\\\/dienstleistungen\\\/lokalisierung-von-apps\\\/android#primaryimage\"},\"image\":{\"@id\":\"https:\\\/\\\/www.trustedtranslations.com\\\/de\\\/dienstleistungen\\\/lokalisierung-von-apps\\\/android#primaryimage\"},\"thumbnailUrl\":\"\",\"description\":\"Trusted Translations ist ein f\u00fchrender Anbieter von Lokalisierungsdiensten f\u00fcr Android-Apps. Wir lokalisieren und \u00fcbersetzen jede mobile Anwendung f\u00fcr nahezu jeden Markt und jedes Ger\u00e4t.\",\"breadcrumb\":{\"@id\":\"https:\\\/\\\/www.trustedtranslations.com\\\/de\\\/dienstleistungen\\\/lokalisierung-von-apps\\\/android#breadcrumb\"},\"inLanguage\":\"de\",\"potentialAction\":[{\"@type\":\"ReadAction\",\"target\":[\"https:\\\/\\\/www.trustedtranslations.com\\\/de\\\/dienstleistungen\\\/lokalisierung-von-apps\\\/android\"]}]},{\"@type\":\"ImageObject\",\"inLanguage\":\"de\",\"@id\":\"https:\\\/\\\/www.trustedtranslations.com\\\/de\\\/dienstleistungen\\\/lokalisierung-von-apps\\\/android#primaryimage\",\"url\":\"\",\"contentUrl\":\"\"},{\"@type\":\"BreadcrumbList\",\"@id\":\"https:\\\/\\\/www.trustedtranslations.com\\\/de\\\/dienstleistungen\\\/lokalisierung-von-apps\\\/android#breadcrumb\",\"itemListElement\":[{\"@type\":\"ListItem\",\"position\":1,\"name\":\"Home\",\"item\":\"https:\\\/\\\/www.trustedtranslations.com\\\/de\"},{\"@type\":\"ListItem\",\"position\":2,\"name\":\"Dienstleistungen\",\"item\":\"https:\\\/\\\/www.trustedtranslations.com\\\/de\\\/dienstleistungen\"},{\"@type\":\"ListItem\",\"position\":3,\"name\":\"Lokalisierung von Apps\",\"item\":\"https:\\\/\\\/www.trustedtranslations.com\\\/de\\\/dienstleistungen\\\/lokalisierung-von-apps\"},{\"@type\":\"ListItem\",\"position\":4,\"name\":\"Android\"}]},{\"@type\":\"WebSite\",\"@id\":\"https:\\\/\\\/www.trustedtranslations.com\\\/de\\\/#website\",\"url\":\"https:\\\/\\\/www.trustedtranslations.com\\\/de\\\/\",\"name\":\"Trusted Translations, Inc.\",\"description\":\"Leader in translation and interpretation services.\",\"publisher\":{\"@id\":\"https:\\\/\\\/www.trustedtranslations.com\\\/de\\\/#organization\"},\"alternateName\":\"Trusted Translations\",\"potentialAction\":[{\"@type\":\"SearchAction\",\"target\":{\"@type\":\"EntryPoint\",\"urlTemplate\":\"https:\\\/\\\/www.trustedtranslations.com\\\/de\\\/?s={search_term_string}\"},\"query-input\":{\"@type\":\"PropertyValueSpecification\",\"valueRequired\":true,\"valueName\":\"search_term_string\"}}],\"inLanguage\":\"de\"},{\"@type\":\"Organization\",\"@id\":\"https:\\\/\\\/www.trustedtranslations.com\\\/de\\\/#organization\",\"name\":\"Trusted Translations\",\"alternateName\":\"Trusted Translations, Inc.\",\"url\":\"https:\\\/\\\/www.trustedtranslations.com\\\/de\\\/\",\"logo\":{\"@type\":\"ImageObject\",\"inLanguage\":\"de\",\"@id\":\"https:\\\/\\\/www.trustedtranslations.com\\\/de\\\/#\\\/schema\\\/logo\\\/image\\\/\",\"url\":\"https:\\\/\\\/static.trustedtranslations.com\\\/wp-content\\\/uploads\\\/2022\\\/01\\\/TT_logo_WSIColors-2.png\",\"contentUrl\":\"https:\\\/\\\/static.trustedtranslations.com\\\/wp-content\\\/uploads\\\/2022\\\/01\\\/TT_logo_WSIColors-2.png\",\"width\":500,\"height\":196,\"caption\":\"Trusted Translations\"},\"image\":{\"@id\":\"https:\\\/\\\/www.trustedtranslations.com\\\/de\\\/#\\\/schema\\\/logo\\\/image\\\/\"},\"sameAs\":[\"https:\\\/\\\/www.facebook.com\\\/Trusted.Translations\",\"https:\\\/\\\/x.com\\\/TrustedT9ns\",\"https:\\\/\\\/www.linkedin.com\\\/company\\\/trusted-translations\"]}]}<\/script>\n<!-- \/ Yoast SEO plugin. -->","yoast_head_json":{"title":"Lokalisierung von Android-Apps \u2013 Trusted Translations, Inc.","description":"Trusted Translations ist ein f\u00fchrender Anbieter von Lokalisierungsdiensten f\u00fcr Android-Apps. Wir lokalisieren und \u00fcbersetzen jede mobile Anwendung f\u00fcr nahezu jeden Markt und jedes Ger\u00e4t.","robots":{"index":"index","follow":"follow","max-snippet":"max-snippet:-1","max-image-preview":"max-image-preview:large","max-video-preview":"max-video-preview:-1"},"canonical":"https:\/\/www.trustedtranslations.com\/de\/dienstleistungen\/lokalisierung-von-apps\/android","og_locale":"de_DE","og_type":"article","og_title":"Lokalisierung von Android-Apps \u2013 Trusted Translations, Inc.","og_description":"Trusted Translations ist ein f\u00fchrender Anbieter von Lokalisierungsdiensten f\u00fcr Android-Apps. Wir lokalisieren und \u00fcbersetzen jede mobile Anwendung f\u00fcr nahezu jeden Markt und jedes Ger\u00e4t.","og_url":"https:\/\/www.trustedtranslations.com\/de\/dienstleistungen\/lokalisierung-von-apps\/android","og_site_name":"Trusted Translations, Inc.","article_publisher":"https:\/\/www.facebook.com\/Trusted.Translations","article_modified_time":"2024-09-09T15:57:04+00:00","og_image":[{"width":216,"height":94,"url":"https:\/\/www.trustedtranslations.com\/wp-content\/uploads\/2022\/06\/tt-logo-2-1.webp","type":"image\/webp"}],"twitter_card":"summary_large_image","twitter_site":"@TrustedT9ns","schema":{"@context":"https:\/\/schema.org","@graph":[{"@type":"WebPage","@id":"https:\/\/www.trustedtranslations.com\/de\/dienstleistungen\/lokalisierung-von-apps\/android","url":"https:\/\/www.trustedtranslations.com\/de\/dienstleistungen\/lokalisierung-von-apps\/android","name":"Lokalisierung von Android-Apps \u2013 Trusted Translations, Inc.","isPartOf":{"@id":"https:\/\/www.trustedtranslations.com\/de\/#website"},"primaryImageOfPage":{"@id":"https:\/\/www.trustedtranslations.com\/de\/dienstleistungen\/lokalisierung-von-apps\/android#primaryimage"},"image":{"@id":"https:\/\/www.trustedtranslations.com\/de\/dienstleistungen\/lokalisierung-von-apps\/android#primaryimage"},"thumbnailUrl":"","description":"Trusted Translations ist ein f\u00fchrender Anbieter von Lokalisierungsdiensten f\u00fcr Android-Apps. Wir lokalisieren und \u00fcbersetzen jede mobile Anwendung f\u00fcr nahezu jeden Markt und jedes Ger\u00e4t.","breadcrumb":{"@id":"https:\/\/www.trustedtranslations.com\/de\/dienstleistungen\/lokalisierung-von-apps\/android#breadcrumb"},"inLanguage":"de","potentialAction":[{"@type":"ReadAction","target":["https:\/\/www.trustedtranslations.com\/de\/dienstleistungen\/lokalisierung-von-apps\/android"]}]},{"@type":"ImageObject","inLanguage":"de","@id":"https:\/\/www.trustedtranslations.com\/de\/dienstleistungen\/lokalisierung-von-apps\/android#primaryimage","url":"","contentUrl":""},{"@type":"BreadcrumbList","@id":"https:\/\/www.trustedtranslations.com\/de\/dienstleistungen\/lokalisierung-von-apps\/android#breadcrumb","itemListElement":[{"@type":"ListItem","position":1,"name":"Home","item":"https:\/\/www.trustedtranslations.com\/de"},{"@type":"ListItem","position":2,"name":"Dienstleistungen","item":"https:\/\/www.trustedtranslations.com\/de\/dienstleistungen"},{"@type":"ListItem","position":3,"name":"Lokalisierung von Apps","item":"https:\/\/www.trustedtranslations.com\/de\/dienstleistungen\/lokalisierung-von-apps"},{"@type":"ListItem","position":4,"name":"Android"}]},{"@type":"WebSite","@id":"https:\/\/www.trustedtranslations.com\/de\/#website","url":"https:\/\/www.trustedtranslations.com\/de\/","name":"Trusted Translations, Inc.","description":"Leader in translation and interpretation services.","publisher":{"@id":"https:\/\/www.trustedtranslations.com\/de\/#organization"},"alternateName":"Trusted Translations","potentialAction":[{"@type":"SearchAction","target":{"@type":"EntryPoint","urlTemplate":"https:\/\/www.trustedtranslations.com\/de\/?s={search_term_string}"},"query-input":{"@type":"PropertyValueSpecification","valueRequired":true,"valueName":"search_term_string"}}],"inLanguage":"de"},{"@type":"Organization","@id":"https:\/\/www.trustedtranslations.com\/de\/#organization","name":"Trusted Translations","alternateName":"Trusted Translations, Inc.","url":"https:\/\/www.trustedtranslations.com\/de\/","logo":{"@type":"ImageObject","inLanguage":"de","@id":"https:\/\/www.trustedtranslations.com\/de\/#\/schema\/logo\/image\/","url":"https:\/\/static.trustedtranslations.com\/wp-content\/uploads\/2022\/01\/TT_logo_WSIColors-2.png","contentUrl":"https:\/\/static.trustedtranslations.com\/wp-content\/uploads\/2022\/01\/TT_logo_WSIColors-2.png","width":500,"height":196,"caption":"Trusted Translations"},"image":{"@id":"https:\/\/www.trustedtranslations.com\/de\/#\/schema\/logo\/image\/"},"sameAs":["https:\/\/www.facebook.com\/Trusted.Translations","https:\/\/x.com\/TrustedT9ns","https:\/\/www.linkedin.com\/company\/trusted-translations"]}]}},"toolset-meta":{"dyk":{"mensaje-1":{"type":"textfield","raw":"Der lateinamerikanische Spielemarkt wird von mobilen Spielen dominiert."},"mensaje-2":{"type":"textfield","raw":"Android ist das beliebteste Smartphone-System der Welt."},"mensaje-3":{"type":"textfield","raw":"Verbrauhttps:\/\/static.trustedtranslations.com\/wp-content\/uploads\/2024\/05\/android-apps-3-1.webpcher in \u00fcber einem Dutzend weltweiter M\u00e4rkte verbringen 4-5 Stunden am Tag mit mobilen Apps."},"mensaje-4":{"type":"textfield","raw":"Es wird erwartet, dass Nutzer bis 2023 60 Milliarden US-Dollar im Google Play Store ausgeben."},"mensaje-5":{"type":"textfield","raw":""},"mensaje-6":{"type":"textfield","raw":""}},"single-page-template-fields":{"imgs-temp":{"type":"image","raw":["https:\/\/static.trustedtranslations.com\/wp-content\/uploads\/2024\/05\/android-apps-3-1.webp","https:\/\/static.trustedtranslations.com\/wp-content\/uploads\/2024\/07\/ios-localizatioon-2-1.webp"],"repeatable":[{"raw":"https:\/\/static.trustedtranslations.com\/wp-content\/uploads\/2024\/05\/android-apps-3-1.webp"},{"raw":"https:\/\/static.trustedtranslations.com\/wp-content\/uploads\/2024\/07\/ios-localizatioon-2-1.webp"}]},"imgs-temp-cel":{"type":"image","raw":[""],"repeatable":[{"raw":""}]},"img-temp-one-cel":{"type":"image","raw":"https:\/\/static.trustedtranslations.com\/wp-content\/uploads\/2024\/05\/shutterstock_1391584058-2-1.webp","attachment_id":null},"quotes":{"type":"textarea","raw":"<h1 style=\"margin-bottom: 12px;\">Lokalisierung von Android-Apps<\/h1>\r\nSind Sie bereit, Ihre Android-App auf die n\u00e4chste Stufe zu bringen? Lassen Sie sich von <em>Trusted Translations<\/em> bei der Lokalisierung Ihrer App unterst\u00fctzen, um ein breiteres und vielf\u00e4ltigeres Nutzerpublikum auf der ganzen Welt zu erreichen.\r\n<div style=\"margin-top: 2.5vw;\"><a class=\"tt-btn-main-cta\" href=\"https:\/\/www.trustedtranslations.com\/de\/angebot\">Kostenlosen Kostenvoranschlag anfordern<\/a><\/div>"},"text-1":{"type":"textarea","raw":"<h2>Trusted Translations: Einer von drei Sprachdienstleistern f\u00fcr professionelle App-\u00dcbersetzung \u00fcber die Google Play Console<\/h2><em>Trusted Translations<\/em> ist einer von nur drei Lokalisierungsdienstleistern (Localization Service Providers, LSPs), die fachkundige App-\u00dcbersetzungen \u00fcber die Google Play Developer Console anbieten. Egal, ob Ihnen die Idee der Lokalisierung von Android-Apps v\u00f6llig neu ist oder Sie ein alter Hase auf der Suche nach frischen Ideen sind, wir haben alles f\u00fcr Sie.\r\n<h2>Warum die Lokalisierung von Android-Apps wichtig ist<\/h2>\r\nVergessen Sie einen Bissen vom \u201e<a href=\"https:\/\/www.trustedtranslations.com\/de\/dienstleistungen\/lokalisierung-von-apps\/ios\" target=\"_blank\" rel=\"noopener\">Apfel<\/a>\u201c \u2013 Android hat fast den ganzen Kuchen. Mit einem mobilen Open-Source-Betriebssystem, das auf verschiedenen Ger\u00e4ten und in vielen Regionen l\u00e4uft, ist Android das beliebteste Smartphone-System der Welt mit einem Marktanteil von \u00fcber 70 Prozent f\u00fcr mobile Betriebssysteme. Es wird auch vom gr\u00f6\u00dften App Store der Welt unterst\u00fctzt, dem Google Play Store, der \u00fcber 3,4 Millionen Apps anbietet.\r\n\r\nWie kann ein Unternehmen seine Apps auf einem so gro\u00dfen Spielfeld von der Konkurrenz abheben? Die Antwort: <a href=\"https:\/\/www.trustedtranslations.com\/de\/dienstleistungen\/lokalisierung-von-apps\" target=\"_blank\" rel=\"noopener\">App-Lokalisierung<\/a>.\r\n\r\nUm von der sprunghaft ansteigenden weltweiten Beliebtheit von Android zu profitieren, m\u00fcssen Ihre Apps f\u00fcr bestimmte Regionen lokalisiert werden. Beispielsweise ist Lateinamerika ein \u201eMobile-First\u201c-Spielemarkt mit einem Umsatz von 3,5 Milliarden Dollar \u2013 ein Markt, auf dem die Mehrheit der Benutzer \u00fcber ihre Telefone auf Spiele zugreift.\r\n\r\nTats\u00e4chlich haben Untersuchungen gezeigt, dass die meisten Verbraucher es vorziehen, in ihrer eigenen Sprache einzukaufen, insbesondere wenn Unternehmen sich bem\u00fchen, lokalisierte Funktionen wie W\u00e4hrung und l\u00e4nderspezifische Unterst\u00fctzung hinzuzuf\u00fcgen. F\u00fcr sorgf\u00e4ltig lokalisierte Apps bieten M\u00e4rkte wie diese eine unglaubliche Chance.\r\n<h2>So funktioniert die App-Lokalisierung<\/h2>\r\nWie unterscheidet sich die Lokalisierung von der regul\u00e4ren \u00dcbersetzung? Es ist der Schritt, der die Extrameile (oder den Kilometer, je nach Land) bedeutet.\r\n\r\nLokalisierung ist der Prozess der Anpassung Ihrer App an die Sprache, Kultur und Benutzerfreundlichkeit f\u00fcr eine bestimmte Region. Dies ist entscheidend, um Fehler bei der Benutzererfahrung zu vermeiden und einen treuen Kundenstamm zu gewinnen. Wenn Sie beispielsweise Daten im Format \u201eMonat-Tag\u201c gewohnt sind, werden Sie wahrscheinlich keine Airline-App kaufen, die nur \u201eTag-Monat\u201c verwendet.\r\n\r\n<img class=\"alignleft wp-image-157687\" src=\"https:\/\/static.trustedtranslations.com\/wp-content\/uploads\/2022\/08\/android-operating-system-logo-with-3d-smartphone-1-1-1.jpg\" alt=\"\" width=\"550\" height=\"430\" \/>Android bietet eine Lokalisierungs-Checkliste, mit der Sie das Verbreitungspotenzial Ihrer App maximieren k\u00f6nnen. Wie Sie sehen, umfasst die Lokalisierung Textinhalte, Audio- und Videodateien, Messsysteme, Datums-\/Uhrzeitformate, W\u00e4hrungen, Grafiken, Standard-App-Ressourcen, Textzeichenfolgen und mehr. Ziel ist es, jede Funktion Ihrer App, vom Inhalt \u00fcber die Benutzeroberfl\u00e4che bis hin zur Benutzerunterst\u00fctzung, perfekt auf den neuen Markt abzustimmen.\r\n\r\nDie Lokalisierung ist ebenfalls ein mehrstufiges Unterfangen, von der Recherche Ihrer Zielsprachen und Sprachumgebungen \u00fcber das Design und die Verwaltung von UI-Strings bis hin zu \u00dcbersetzung, Test und Einf\u00fchrung. Es ist besonders wichtig, eine Sprachstrategie zu entwickeln, die auf der Marktstrategie basiert; <em>Trusted Translations<\/em> kann beurteilen, welche Sprachen f\u00fcr Ihre Zielregion wichtig sind und wie Markttrends Ihren Lokalisierungsprozess beeinflussen sollten.\r\n\r\nDa die Lokalisierung komplex ist, sollte sie kontinuierlich erfolgen, d. h. w\u00e4hrend des gesamten Design-, Entwicklungs-, Bereitstellungs- und Testzyklus stattfinden. Mit <em>Trusted Translations<\/em> m\u00fcssen Sie kein Webentwickler oder Weltklasse-Linguist sein, um hervorragende Apps zu erstellen. Unsere Experten sind bereit, Sie durch jede Phase dieses vielschichtigen Prozesses zu f\u00fchren."},"shortcode-map":{"type":"textfield","raw":""},"dyk-shortcode":{"type":"textfield","raw":"[elementor-template id=\"146647\"]"},"text-2":{"type":"textarea","raw":"<h2>Menschliche \u00dcbersetzung und App-Lokalisierung<\/h2>\r\nW\u00e4hrend maschinelle \u00dcbersetzungstools wie Google Translate mit einigen Arten von Material gut funktionieren, ist der Text der Benutzeroberfl\u00e4che (UI) stark kontextabh\u00e4ngig. Ohne einen echten menschlichen Sprecher, der die Zielsprache und -kultur flie\u00dfend beherrscht, ist es schwer, Genauigkeit zu erreichen; ohne Genauigkeit gibt es keine Benutzerfreundlichkeit der Anwendung.\r\n\r\nDie Lokalisierung f\u00fcgt die menschliche Note hinzu, die der Schl\u00fcssel zum Erfolg ist. Wird ein Wort im Deutschen zu f\u00fcnf W\u00f6rtern im Englischen und pl\u00f6tzlich wird der Platz auf dem Bildschirm knapp? Wird ein Witz, der in Spanien gut ankommt, versehentlich in Mexiko Ansto\u00df erregen? Ein menschliches Team, das Sprachkompetenz mit Branchen- und Kulturexpertise kombiniert, ist notwendig, insbesondere f\u00fcr Regionen mit einer gro\u00dfen Vielfalt an Dialekten wie Lateinamerika.\r\n<h2>Lokalisierungsdienste von <em>Trusted Translations<\/em><\/h2>\r\n<em><a href=\"https:\/\/trustedtranslations.com\" target=\"_blank\" rel=\"noopener\">Trusted Translations<\/a><\/em> kann Sie bei jedem Schritt unterst\u00fctzen, von Zeichenfolgen \u00fcber Store-Eintr\u00e4ge bis hin zu In-App-Kaufprodukten. Unabh\u00e4ngig von der Gr\u00f6\u00dfe Ihres Unternehmens verf\u00fcgen wir \u00fcber das bew\u00e4hrte sprachliche und technische Know-how, um Ihre App in Hunderte von Sprachen zu lokalisieren.\r\n\r\n<em>Trusted Translations<\/em> zeichnet sich durch spezialisierte Dienstleistungen aus, die \u00fcber die einfache Lokalisierung hinausgehen, und zwar von Anfang bis Ende einer erfolgreichen App-Einf\u00fchrung.\r\n\r\nWenn Sie beispielsweise Ihre Produkt- und Lokalisierungsstrategie entwickeln, teilen wir zun\u00e4chst unser umfassendes Fachwissen in den Bereichen App-Entwicklung und Marktforschung. Dann bereiten wir Sie auf den Erfolg vor, indem wir Usability-Tests in Ihrem Zielland sowie eine App-Validierung durchf\u00fchren. Durch das Testen Ihrer lokalisierten Anwendung f\u00fcr verschiedene M\u00e4rkte k\u00f6nnen Sie alle Probleme vor der offiziellen Einf\u00fchrung beheben und so Zeit und Geld sparen.\r\n\r\n<img class=\"wp-image-157702 alignright\" src=\"https:\/\/static.trustedtranslations.com\/wp-content\/uploads\/2022\/08\/business-hand-with-mobile-phone-1-1-300x200.jpg\" alt=\"\" width=\"500\" height=\"334\" \/>Au\u00dferdem streben wir einen kontinuierlichen Lokalisierungsprozess an, der nicht am Tag der Markteinf\u00fchrung endet. Als Teil davon k\u00f6nnen wir Fehlerverfolgung und Unterst\u00fctzung f\u00fcr gleichzeitige Versand-Versionen (Simship) bereitstellen. Mit einem \u201eSimship\u201c-Release ver\u00f6ffentlichen Sie Ihr Produkt auf einmal in allen Zielm\u00e4rkten im In- und Ausland in den entsprechenden Sprachen. <em>Trusted Translations<\/em> kann sicherstellen, dass Ihre Ver\u00f6ffentlichungen auf allen M\u00e4rkten und Plattformen konsistent sind und mehr globale Einnahmen erzielen.\r\n\r\nSchlie\u00dflich k\u00f6nnen wir Ihnen bei der Lokalisierung von Inhalten helfen, die nicht f\u00fcr die Google-Konsole geeignet sind, wie z. B. zus\u00e4tzliche Dokumente oder Marketing-Kommunikationsmittel. Was auch immer Ihr Projekt beinhaltet, <em>Trusted Translations<\/em> ist bereit, auf unsere Expertise in zahlreichen Bereichen zur\u00fcckzugreifen, wie z. B. Webinhalte, Untertitelung und Synchronisation sowie andere Multimedia-Inhalte.\r\n\r\nUnser vielseitiges Full-Service-Team erstellt hochwertige L\u00f6sungen f\u00fcr alle Ihre Anforderungen an die <a href=\"https:\/\/www.trustedtranslations.com\/de\/dienstleistungen\/lokalisierung-von-apps\" target=\"_blank\" rel=\"noopener\">Lokalisierung<\/a> von Android-Apps. Wenden Sie sich noch heute an <em>Trusted Translations<\/em>, um mehr zu erfahren."},"state":{"type":"textfield","raw":""},"city":{"type":"textarea","raw":[]}}},"_links":{"self":[{"href":"https:\/\/www.trustedtranslations.com\/de\/wp-json\/wp\/v2\/pages\/160951","targetHints":{"allow":["GET"]}}],"collection":[{"href":"https:\/\/www.trustedtranslations.com\/de\/wp-json\/wp\/v2\/pages"}],"about":[{"href":"https:\/\/www.trustedtranslations.com\/de\/wp-json\/wp\/v2\/types\/page"}],"author":[{"embeddable":true,"href":"https:\/\/www.trustedtranslations.com\/de\/wp-json\/wp\/v2\/users\/1"}],"replies":[{"embeddable":true,"href":"https:\/\/www.trustedtranslations.com\/de\/wp-json\/wp\/v2\/comments?post=160951"}],"version-history":[{"count":0,"href":"https:\/\/www.trustedtranslations.com\/de\/wp-json\/wp\/v2\/pages\/160951\/revisions"}],"up":[{"embeddable":true,"href":"https:\/\/www.trustedtranslations.com\/de\/wp-json\/wp\/v2\/pages\/129471"}],"wp:featuredmedia":[{"embeddable":true,"href":"https:\/\/www.trustedtranslations.com\/de\/wp-json\/"}],"wp:attachment":[{"href":"https:\/\/www.trustedtranslations.com\/de\/wp-json\/wp\/v2\/media?parent=160951"}],"curies":[{"name":"wp","href":"https:\/\/api.w.org\/{rel}","templated":true}]}}