{"id":181274,"date":"2023-02-01T19:10:10","date_gmt":"2023-02-01T22:10:10","guid":{"rendered":"https:\/\/www.trustedtranslations.com\/?page_id=181274"},"modified":"2024-09-06T14:39:14","modified_gmt":"2024-09-06T17:39:14","slug":"europaeisches-spanisch","status":"publish","type":"page","link":"https:\/\/www.trustedtranslations.com\/de\/sprache\/spanisch\/merkmale\/europaeisches-spanisch","title":{"rendered":"Kastilisches Spanisch"},"content":{"rendered":"","protected":false},"excerpt":{"rendered":"","protected":false},"author":1,"featured_media":160117,"parent":181386,"menu_order":0,"comment_status":"closed","ping_status":"closed","template":"","meta":{"site-sidebar-layout":"default","site-content-layout":"default","ast-site-content-layout":"default","site-content-style":"default","site-sidebar-style":"default","ast-global-header-display":"","ast-banner-title-visibility":"","ast-main-header-display":"","ast-hfb-above-header-display":"","ast-hfb-below-header-display":"","ast-hfb-mobile-header-display":"","site-post-title":"disabled","ast-breadcrumbs-content":"","ast-featured-img":"","footer-sml-layout":"","ast-disable-related-posts":"","theme-transparent-header-meta":"default","adv-header-id-meta":"","stick-header-meta":"","header-above-stick-meta":"","header-main-stick-meta":"","header-below-stick-meta":"","astra-migrate-meta-layouts":"set","ast-page-background-enabled":"default","ast-page-background-meta":{"desktop":{"background-color":"var(--ast-global-color-4)","background-image":"","background-repeat":"repeat","background-position":"center center","background-size":"auto","background-attachment":"scroll","background-type":"","background-media":"","overlay-type":"","overlay-color":"","overlay-opacity":"","overlay-gradient":""},"tablet":{"background-color":"","background-image":"","background-repeat":"repeat","background-position":"center center","background-size":"auto","background-attachment":"scroll","background-type":"","background-media":"","overlay-type":"","overlay-color":"","overlay-opacity":"","overlay-gradient":""},"mobile":{"background-color":"","background-image":"","background-repeat":"repeat","background-position":"center center","background-size":"auto","background-attachment":"scroll","background-type":"","background-media":"","overlay-type":"","overlay-color":"","overlay-opacity":"","overlay-gradient":""}},"ast-content-background-meta":{"desktop":{"background-color":"var(--ast-global-color-5)","background-image":"","background-repeat":"repeat","background-position":"center center","background-size":"auto","background-attachment":"scroll","background-type":"","background-media":"","overlay-type":"","overlay-color":"","overlay-opacity":"","overlay-gradient":""},"tablet":{"background-color":"var(--ast-global-color-5)","background-image":"","background-repeat":"repeat","background-position":"center center","background-size":"auto","background-attachment":"scroll","background-type":"","background-media":"","overlay-type":"","overlay-color":"","overlay-opacity":"","overlay-gradient":""},"mobile":{"background-color":"var(--ast-global-color-5)","background-image":"","background-repeat":"repeat","background-position":"center center","background-size":"auto","background-attachment":"scroll","background-type":"","background-media":"","overlay-type":"","overlay-color":"","overlay-opacity":"","overlay-gradient":""}},"footnotes":""},"class_list":["post-181274","page","type-page","status-publish","has-post-thumbnail","hentry"],"yoast_head":"<!-- This site is optimized with the Yoast SEO plugin v27.5 - https:\/\/yoast.com\/product\/yoast-seo-wordpress\/ -->\n<title>Kastilische spanische Sprache: \u00dcbersetzung ins europ\u00e4ische Spanisch<\/title>\n<meta name=\"description\" content=\"Trusted Translations bietet auf Ihre Bed\u00fcrfnisse zugeschnittene \u00dcbersetzungsdienste f\u00fcr europ\u00e4isches Spanisch. Fordern Sie noch heute ein kostenloses Angebot an.\" \/>\n<meta name=\"robots\" content=\"index, follow, max-snippet:-1, max-image-preview:large, max-video-preview:-1\" \/>\n<link rel=\"canonical\" href=\"https:\/\/www.trustedtranslations.com\/de\/sprache\/spanisch\/merkmale\/europaeisches-spanisch\" \/>\n<meta property=\"og:locale\" content=\"de_DE\" \/>\n<meta property=\"og:type\" content=\"article\" \/>\n<meta property=\"og:title\" content=\"Kastilische spanische Sprache: \u00dcbersetzung ins europ\u00e4ische Spanisch\" \/>\n<meta property=\"og:description\" content=\"Trusted Translations bietet auf Ihre Bed\u00fcrfnisse zugeschnittene \u00dcbersetzungsdienste f\u00fcr europ\u00e4isches Spanisch. Fordern Sie noch heute ein kostenloses Angebot an.\" \/>\n<meta property=\"og:url\" content=\"https:\/\/www.trustedtranslations.com\/de\/sprache\/spanisch\/merkmale\/europaeisches-spanisch\" \/>\n<meta property=\"og:site_name\" content=\"Trusted Translations, Inc.\" \/>\n<meta property=\"article:publisher\" content=\"https:\/\/www.facebook.com\/Trusted.Translations\" \/>\n<meta property=\"article:modified_time\" content=\"2024-09-06T17:39:14+00:00\" \/>\n<meta property=\"og:image\" content=\"https:\/\/static.trustedtranslations.com\/wp-content\/uploads\/2022\/08\/TT_NEW_FB-1.png\" \/>\n\t<meta property=\"og:image:width\" content=\"1\" \/>\n\t<meta property=\"og:image:height\" content=\"1\" \/>\n\t<meta property=\"og:image:type\" content=\"image\/jpeg\" \/>\n<meta name=\"twitter:card\" content=\"summary_large_image\" \/>\n<meta name=\"twitter:site\" content=\"@TrustedT9ns\" \/>\n<script type=\"application\/ld+json\" class=\"yoast-schema-graph\">{\"@context\":\"https:\\\/\\\/schema.org\",\"@graph\":[{\"@type\":\"WebPage\",\"@id\":\"https:\\\/\\\/www.trustedtranslations.com\\\/de\\\/sprache\\\/spanisch\\\/merkmale\\\/europaeisches-spanisch\",\"url\":\"https:\\\/\\\/www.trustedtranslations.com\\\/de\\\/sprache\\\/spanisch\\\/merkmale\\\/europaeisches-spanisch\",\"name\":\"Kastilische spanische Sprache: \u00dcbersetzung ins europ\u00e4ische Spanisch\",\"isPartOf\":{\"@id\":\"https:\\\/\\\/www.trustedtranslations.com\\\/de\\\/#website\"},\"primaryImageOfPage\":{\"@id\":\"https:\\\/\\\/www.trustedtranslations.com\\\/de\\\/sprache\\\/spanisch\\\/merkmale\\\/europaeisches-spanisch#primaryimage\"},\"image\":{\"@id\":\"https:\\\/\\\/www.trustedtranslations.com\\\/de\\\/sprache\\\/spanisch\\\/merkmale\\\/europaeisches-spanisch#primaryimage\"},\"thumbnailUrl\":\"https:\\\/\\\/www.trustedtranslations.com\\\/wp-content\\\/uploads\\\/2022\\\/08\\\/TT_NEW_FB-1.png\",\"description\":\"Trusted Translations bietet auf Ihre Bed\u00fcrfnisse zugeschnittene \u00dcbersetzungsdienste f\u00fcr europ\u00e4isches Spanisch. Fordern Sie noch heute ein kostenloses Angebot an.\",\"breadcrumb\":{\"@id\":\"https:\\\/\\\/www.trustedtranslations.com\\\/de\\\/sprache\\\/spanisch\\\/merkmale\\\/europaeisches-spanisch#breadcrumb\"},\"inLanguage\":\"de\",\"potentialAction\":[{\"@type\":\"ReadAction\",\"target\":[\"https:\\\/\\\/www.trustedtranslations.com\\\/de\\\/sprache\\\/spanisch\\\/merkmale\\\/europaeisches-spanisch\"]}]},{\"@type\":\"ImageObject\",\"inLanguage\":\"de\",\"@id\":\"https:\\\/\\\/www.trustedtranslations.com\\\/de\\\/sprache\\\/spanisch\\\/merkmale\\\/europaeisches-spanisch#primaryimage\",\"url\":\"https:\\\/\\\/www.trustedtranslations.com\\\/wp-content\\\/uploads\\\/2022\\\/08\\\/TT_NEW_FB-1.png\",\"contentUrl\":\"https:\\\/\\\/www.trustedtranslations.com\\\/wp-content\\\/uploads\\\/2022\\\/08\\\/TT_NEW_FB-1.png\",\"caption\":\"TT NEW FB 1\"},{\"@type\":\"BreadcrumbList\",\"@id\":\"https:\\\/\\\/www.trustedtranslations.com\\\/de\\\/sprache\\\/spanisch\\\/merkmale\\\/europaeisches-spanisch#breadcrumb\",\"itemListElement\":[{\"@type\":\"ListItem\",\"position\":1,\"name\":\"Home\",\"item\":\"https:\\\/\\\/www.trustedtranslations.com\\\/de\"},{\"@type\":\"ListItem\",\"position\":2,\"name\":\"Sprachen\",\"item\":\"https:\\\/\\\/www.trustedtranslations.com\\\/de\\\/sprache\"},{\"@type\":\"ListItem\",\"position\":3,\"name\":\"Spanisch\",\"item\":\"https:\\\/\\\/www.trustedtranslations.com\\\/de\\\/sprache\\\/spanisch\"},{\"@type\":\"ListItem\",\"position\":4,\"name\":\"Merkmale des Spanischen\",\"item\":\"https:\\\/\\\/www.trustedtranslations.com\\\/de\\\/sprache\\\/spanisch\\\/merkmale\"},{\"@type\":\"ListItem\",\"position\":5,\"name\":\"Kastilisches Spanisch\"}]},{\"@type\":\"WebSite\",\"@id\":\"https:\\\/\\\/www.trustedtranslations.com\\\/de\\\/#website\",\"url\":\"https:\\\/\\\/www.trustedtranslations.com\\\/de\\\/\",\"name\":\"Trusted Translations, Inc.\",\"description\":\"Leader in translation and interpretation services.\",\"publisher\":{\"@id\":\"https:\\\/\\\/www.trustedtranslations.com\\\/de\\\/#organization\"},\"alternateName\":\"Trusted Translations\",\"potentialAction\":[{\"@type\":\"SearchAction\",\"target\":{\"@type\":\"EntryPoint\",\"urlTemplate\":\"https:\\\/\\\/www.trustedtranslations.com\\\/de\\\/?s={search_term_string}\"},\"query-input\":{\"@type\":\"PropertyValueSpecification\",\"valueRequired\":true,\"valueName\":\"search_term_string\"}}],\"inLanguage\":\"de\"},{\"@type\":\"Organization\",\"@id\":\"https:\\\/\\\/www.trustedtranslations.com\\\/de\\\/#organization\",\"name\":\"Trusted Translations\",\"alternateName\":\"Trusted Translations, Inc.\",\"url\":\"https:\\\/\\\/www.trustedtranslations.com\\\/de\\\/\",\"logo\":{\"@type\":\"ImageObject\",\"inLanguage\":\"de\",\"@id\":\"https:\\\/\\\/www.trustedtranslations.com\\\/de\\\/#\\\/schema\\\/logo\\\/image\\\/\",\"url\":\"https:\\\/\\\/static.trustedtranslations.com\\\/wp-content\\\/uploads\\\/2022\\\/01\\\/TT_logo_WSIColors-2.png\",\"contentUrl\":\"https:\\\/\\\/static.trustedtranslations.com\\\/wp-content\\\/uploads\\\/2022\\\/01\\\/TT_logo_WSIColors-2.png\",\"width\":500,\"height\":196,\"caption\":\"Trusted Translations\"},\"image\":{\"@id\":\"https:\\\/\\\/www.trustedtranslations.com\\\/de\\\/#\\\/schema\\\/logo\\\/image\\\/\"},\"sameAs\":[\"https:\\\/\\\/www.facebook.com\\\/Trusted.Translations\",\"https:\\\/\\\/x.com\\\/TrustedT9ns\",\"https:\\\/\\\/www.linkedin.com\\\/company\\\/trusted-translations\"]}]}<\/script>\n<!-- \/ Yoast SEO plugin. -->","yoast_head_json":{"title":"Kastilische spanische Sprache: \u00dcbersetzung ins europ\u00e4ische Spanisch","description":"Trusted Translations bietet auf Ihre Bed\u00fcrfnisse zugeschnittene \u00dcbersetzungsdienste f\u00fcr europ\u00e4isches Spanisch. Fordern Sie noch heute ein kostenloses Angebot an.","robots":{"index":"index","follow":"follow","max-snippet":"max-snippet:-1","max-image-preview":"max-image-preview:large","max-video-preview":"max-video-preview:-1"},"canonical":"https:\/\/www.trustedtranslations.com\/de\/sprache\/spanisch\/merkmale\/europaeisches-spanisch","og_locale":"de_DE","og_type":"article","og_title":"Kastilische spanische Sprache: \u00dcbersetzung ins europ\u00e4ische Spanisch","og_description":"Trusted Translations bietet auf Ihre Bed\u00fcrfnisse zugeschnittene \u00dcbersetzungsdienste f\u00fcr europ\u00e4isches Spanisch. Fordern Sie noch heute ein kostenloses Angebot an.","og_url":"https:\/\/www.trustedtranslations.com\/de\/sprache\/spanisch\/merkmale\/europaeisches-spanisch","og_site_name":"Trusted Translations, Inc.","article_publisher":"https:\/\/www.facebook.com\/Trusted.Translations","article_modified_time":"2024-09-06T17:39:14+00:00","og_image":[{"url":"https:\/\/static.trustedtranslations.com\/wp-content\/uploads\/2022\/08\/TT_NEW_FB-1.png","width":1,"height":1,"type":"image\/jpeg"}],"twitter_card":"summary_large_image","twitter_site":"@TrustedT9ns","schema":{"@context":"https:\/\/schema.org","@graph":[{"@type":"WebPage","@id":"https:\/\/www.trustedtranslations.com\/de\/sprache\/spanisch\/merkmale\/europaeisches-spanisch","url":"https:\/\/www.trustedtranslations.com\/de\/sprache\/spanisch\/merkmale\/europaeisches-spanisch","name":"Kastilische spanische Sprache: \u00dcbersetzung ins europ\u00e4ische Spanisch","isPartOf":{"@id":"https:\/\/www.trustedtranslations.com\/de\/#website"},"primaryImageOfPage":{"@id":"https:\/\/www.trustedtranslations.com\/de\/sprache\/spanisch\/merkmale\/europaeisches-spanisch#primaryimage"},"image":{"@id":"https:\/\/www.trustedtranslations.com\/de\/sprache\/spanisch\/merkmale\/europaeisches-spanisch#primaryimage"},"thumbnailUrl":"https:\/\/www.trustedtranslations.com\/wp-content\/uploads\/2022\/08\/TT_NEW_FB-1.png","description":"Trusted Translations bietet auf Ihre Bed\u00fcrfnisse zugeschnittene \u00dcbersetzungsdienste f\u00fcr europ\u00e4isches Spanisch. Fordern Sie noch heute ein kostenloses Angebot an.","breadcrumb":{"@id":"https:\/\/www.trustedtranslations.com\/de\/sprache\/spanisch\/merkmale\/europaeisches-spanisch#breadcrumb"},"inLanguage":"de","potentialAction":[{"@type":"ReadAction","target":["https:\/\/www.trustedtranslations.com\/de\/sprache\/spanisch\/merkmale\/europaeisches-spanisch"]}]},{"@type":"ImageObject","inLanguage":"de","@id":"https:\/\/www.trustedtranslations.com\/de\/sprache\/spanisch\/merkmale\/europaeisches-spanisch#primaryimage","url":"https:\/\/www.trustedtranslations.com\/wp-content\/uploads\/2022\/08\/TT_NEW_FB-1.png","contentUrl":"https:\/\/www.trustedtranslations.com\/wp-content\/uploads\/2022\/08\/TT_NEW_FB-1.png","caption":"TT NEW FB 1"},{"@type":"BreadcrumbList","@id":"https:\/\/www.trustedtranslations.com\/de\/sprache\/spanisch\/merkmale\/europaeisches-spanisch#breadcrumb","itemListElement":[{"@type":"ListItem","position":1,"name":"Home","item":"https:\/\/www.trustedtranslations.com\/de"},{"@type":"ListItem","position":2,"name":"Sprachen","item":"https:\/\/www.trustedtranslations.com\/de\/sprache"},{"@type":"ListItem","position":3,"name":"Spanisch","item":"https:\/\/www.trustedtranslations.com\/de\/sprache\/spanisch"},{"@type":"ListItem","position":4,"name":"Merkmale des Spanischen","item":"https:\/\/www.trustedtranslations.com\/de\/sprache\/spanisch\/merkmale"},{"@type":"ListItem","position":5,"name":"Kastilisches Spanisch"}]},{"@type":"WebSite","@id":"https:\/\/www.trustedtranslations.com\/de\/#website","url":"https:\/\/www.trustedtranslations.com\/de\/","name":"Trusted Translations, Inc.","description":"Leader in translation and interpretation services.","publisher":{"@id":"https:\/\/www.trustedtranslations.com\/de\/#organization"},"alternateName":"Trusted Translations","potentialAction":[{"@type":"SearchAction","target":{"@type":"EntryPoint","urlTemplate":"https:\/\/www.trustedtranslations.com\/de\/?s={search_term_string}"},"query-input":{"@type":"PropertyValueSpecification","valueRequired":true,"valueName":"search_term_string"}}],"inLanguage":"de"},{"@type":"Organization","@id":"https:\/\/www.trustedtranslations.com\/de\/#organization","name":"Trusted Translations","alternateName":"Trusted Translations, Inc.","url":"https:\/\/www.trustedtranslations.com\/de\/","logo":{"@type":"ImageObject","inLanguage":"de","@id":"https:\/\/www.trustedtranslations.com\/de\/#\/schema\/logo\/image\/","url":"https:\/\/static.trustedtranslations.com\/wp-content\/uploads\/2022\/01\/TT_logo_WSIColors-2.png","contentUrl":"https:\/\/static.trustedtranslations.com\/wp-content\/uploads\/2022\/01\/TT_logo_WSIColors-2.png","width":500,"height":196,"caption":"Trusted Translations"},"image":{"@id":"https:\/\/www.trustedtranslations.com\/de\/#\/schema\/logo\/image\/"},"sameAs":["https:\/\/www.facebook.com\/Trusted.Translations","https:\/\/x.com\/TrustedT9ns","https:\/\/www.linkedin.com\/company\/trusted-translations"]}]}},"toolset-meta":{"dyk":{"mensaje-1":{"type":"textfield","raw":"Es besteht ein deutlicher Unterschied zwischen der in Mexiko City und Madrid gesprochenen spanischen Sprache."},"mensaje-2":{"type":"textfield","raw":"Kastilisches Spanisch ist die am weitesten verbreitete Amtssprache in Spanien."},"mensaje-3":{"type":"textfield","raw":"Die K\u00f6nigliche Spanische Akademie wurde 1713 gegr\u00fcndet, um das kastilische Spanisch zu bewahren."},"mensaje-4":{"type":"textfield","raw":"Das kastilische Spanisch entwickelte sich aus einem Dialekt des vulg\u00e4ren Lateins, der im Spanien des 13. Jahrhunderts gesprochen wurde."},"mensaje-5":{"type":"textfield","raw":""},"mensaje-6":{"type":"textfield","raw":""}},"single-page-template-fields":{"imgs-temp":{"type":"image","raw":["https:\/\/static.trustedtranslations.com\/wp-content\/uploads\/2024\/06\/castilian-1.webp"],"repeatable":[{"raw":"https:\/\/static.trustedtranslations.com\/wp-content\/uploads\/2024\/06\/castilian-1.webp"}]},"imgs-temp-cel":{"type":"image","raw":[""],"repeatable":[{"raw":""}]},"img-temp-one-cel":{"type":"image","raw":"https:\/\/static.trustedtranslations.com\/wp-content\/uploads\/2024\/06\/AdobeStock_504054687-2-1.webp","attachment_id":null},"quotes":{"type":"textarea","raw":"<h1 style=\"margin-bottom: 12px;\">\u00dcbersetzung in und aus dem kastilischen Spanisch<\/h1>\r\nWenn Sie planen, auf M\u00e4rkte in Spanien zu expandieren, ist es wichtig zu verstehen, was kastilisches Spanisch oder Spanisch f\u00fcr Spanien bedeutet.\r\n<div style=\"margin-top: 2.5vw;\"><a class=\"tt-btn-main-cta\" href=\"https:\/\/www.trustedtranslations.com\/de\/angebot\">Kostenlosen Kostenvoranschlag anfordern<\/a><\/div>"},"text-1":{"type":"textarea","raw":"<h2>Spanische Varianten verstehen: Wichtige Erkenntnisse zum kastilischen Spanisch f\u00fcr genaue \u00dcbersetzungen<\/h2>Bevor Sie mit einem spanischen \u00dcbersetzungsprojekt beginnen, ist es \u00e4u\u00dferst wichtig, die verschiedenen Varianten des Spanischen zu verstehen, die in der Welt verwendet werden.\r\n\r\nTats\u00e4chlich kann sogar die Bedeutung bestimmter Begriffe im Bereich \u00dcbersetzung und Weltsprachen je nach Kontext variieren.\r\nHier skizzieren wir einige der wichtigsten Merkmale des kastilischen Spanisch, damit Sie eine fundierte Entscheidung \u00fcber Ihren \u00dcbersetzungsbedarf treffen k\u00f6nnen.\r\n<h2>Was ist kastilisches Spanisch?<\/h2>\r\nDer Begriff \u201ekastilisches Spanisch\u201c wird allgemein verwendet, um sich auf das in Spanien gesprochene Spanisch zu beziehen, das auch als \u201eeurop\u00e4isches Spanisch\u201c oder \u201eSpanisch f\u00fcr Spanien\u201c bekannt ist. Der Name bezieht sich auf die historische Provinz Kastilien in Zentralspanien, wo der Ursprung des Spanischen vermutet wird und wo die Sprache bald als Standard- oder K\u00f6nigsspanisch bezeichnet wurde.\r\n\r\nIn einigen L\u00e4ndern wird der Begriff <em>Castellano<\/em> m\u00f6glicherweise austauschbar mit oder anstelle von <em>Espa\u00f1ol<\/em> als allgemeine Bezeichnung f\u00fcr die spanische Sprache verwendet. Gleichzeitig beschreibt \u201ekastilisches Spanisch\u201c am spezifischsten den Dialekt, der in Zentral- und Nordspanien gesprochen wird (manchmal auch als \u201eHalbinsel-Spanisch\u201c bekannt).\r\n\r\nAus noch einem anderen Blickwinkel k\u00f6nnen einige Organisationen und Einzelpersonen \u201ekastilisches Spanisch\u201c verwenden, um sich entweder auf eine Form des \u201ereinen\u201c Spanisch oder auf die spanische Sprache im Allgemeinen zu beziehen, in einer Form, die in allen spanischsprachigen L\u00e4ndern verstanden wird.\r\n\r\nWem diese Vielzahl an Begriffen verwirrend erscheint, wird hier ein \u00dcberblick \u00fcber die Arten des Spanischen gegeben, die oft als \u201ekastilisches Spanisch\u201c bezeichnet werden:\r\n<ul>\r\n \t<li>Der Nord-Zentral-Standard des Spanischen, im Gegensatz zu dem Spanisch, das in anderen Regionen gesprochen wird, beispielsweise im S\u00fcden (Andalusisch).<\/li>\r\n \t<li>Laut der <a href=\"https:\/\/www.rae.es\/dpd\/espa%C3%B1ol\" target=\"_blank\" rel=\"noopener\">K\u00f6niglichen Spanischen Akademie<\/a> (Real Academia Espa\u00f1ola oder RAE) die gemeinsame Sprache des spanischen Staates im Verh\u00e4ltnis zu den anderen Ko-Amtssprachen in den verschiedenen autonomen Gebieten (Katalanisch, Galicisch, Baskisch).<\/li>\r\n \t<li>Eine Art neutrales Spanisch, das oft als \u201ereines\u201c Spanisch bezeichnet wird und von der Royal Spanish Academy gepflegt wird.<\/li>\r\n \t<li>Das spanische Spanisch im Gegensatz zu dem in Mittel- und S\u00fcdamerika gesprochenen Spanisch.<\/li>\r\n<\/ul>\r\nWie Sie dieser Liste entnehmen k\u00f6nnen, ist es durchaus \u00fcblich, dass sich Sprecher auf sehr unterschiedliche Weise auf diese Art von Spanisch beziehen. Es kann jedoch am effektivsten sein, sich das kastilische\/europ\u00e4ische Spanisch als \u201eSpanisch f\u00fcr Spanien\u201c vorzustellen, insbesondere wenn Sie potenzielle Kunden in Spanien erreichen m\u00f6chten."},"shortcode-map":{"type":"textfield","raw":""},"dyk-shortcode":{"type":"textfield","raw":"[elementor-template id=\"146647\"]"},"text-2":{"type":"textarea","raw":"<h2>Spanische \u00dcbersetzungsoptionen<\/h2>\r\nWie wirkt sich das auf Ihre \u00dcbersetzungsprojekte aus? Bei <em>Trusted Translations<\/em> empfehlen wir normalerweise, dass Ihre spanischen \u00dcbersetzungen in einem neutralen Spanisch angefertigt werden, das in allen spanischsprachigen M\u00e4rkten weithin verstanden wird. Dann bieten wir je nach Bedarf des jeweiligen Kunden auch spanische \u00dcbersetzungen f\u00fcr den spanischen Markt (Spanien) sowie f\u00fcr Lateinamerika, die Vereinigten Staaten oder jeden lokalen Dialekt des lateinamerikanischen Spanisch an.\r\n\r\nKurz gesagt, wir k\u00f6nnen Ihnen helfen, die oben beschriebenen regionalen und sprachlichen Feinheiten zu \u00fcberpr\u00fcfen, um die Art oder Arten von Spanisch zu identifizieren, die perfekt zu Ihren Zielen passen.\r\n<h2>Lokalisierung auf kastilisches Spanisch<\/h2>\r\nWenn das Hauptziel Ihrer Organisation darin besteht, die spanischsprachige Bev\u00f6lkerung in Spanien zu erreichen, ist es wichtig, dass Sie erw\u00e4gen, Ihre Inhalte auf kastilisches Spanisch zu lokalisieren.\r\n\r\nDa das kastilische Spanisch nicht dasselbe ist wie das Spanisch in anderen L\u00e4ndern, ist die Lokalisierung auch f\u00fcr Inhalte wichtig, die Sie bereits auf Spanisch haben.\u00a0Hier sind zum Beispiel nur einige der wichtigsten Merkmale, die im kastilischen Spanisch vorkommen, aber nicht in allen anderen Arten von Spanisch:\r\n<ul>\r\n \t<li>Das kastilische Spanisch hat zwei Optionen f\u00fcr das Pluralpronomen der zweiten Person, <em>vosotros<\/em>, und<\/li>\r\n \t<li>das kastilische Spanisch bevorzugt die Verwendung des vollendeten Pr\u00e4sens (<em>pret\u00e9rito perfecto<\/em>), um sich auf ein aktuelles Ereignis zu beziehen, w\u00e4hrend lateinamerikanische Sprecher zur einfachen Vergangenheitsform tendieren.<\/li>\r\n \t<li>Sprecher des kastilischen Spanisch neigen dazu, die Buchstaben <em>z<\/em> und <em>c<\/em> (vor einem <em>e<\/em> oder <em>i<\/em>) n\u00e4her an einem weichen \u201eth\u201c auszusprechen als in anderen spanischen Variationen. Dadurch entsteht der charakteristische Klang, der manchmal stereotyp als \u201eLispeln\u201c bezeichnet wird, obwohl dieser Begriff als unangemessen gilt, um eine einzigartige sprachliche Variation zu charakterisieren.<\/li>\r\n \t<li>Spanisch in anderen L\u00e4ndern hat einen deutlich anderen Wortschatz als Spanisch in Spanien. Ohne die richtige Lokalisierung ist es allzu leicht, unbeabsichtigte Missverst\u00e4ndnisse zu schaffen oder \u2013 noch schlimmer \u2013 ernsthaften Ansto\u00df zu erregen.<\/li>\r\n<\/ul>\r\nEs ist auch wichtig anzumerken, dass einige Spanier das au\u00dferhalb Spaniens gesprochene und geschriebene Spanisch als eine weniger \u201ereine\u201c oder weniger standardm\u00e4\u00dfige Version des Spanischen betrachten. Durch die Zusammenarbeit mit Fach\u00fcbersetzern wird das Risiko schlechter Presse oder einer als minderwertig empfundenen \u00dcbersetzung vermieden.\r\n\r\n<em>Trusted Translations<\/em> verwendet spanische Muttersprachler aus Spanien, um Ihre spanischen Inhalte so zu bearbeiten, dass sie die aktuellen Trends und Nuancen der lokalen M\u00e4rkte in Spanien perfekt ber\u00fccksichtigen. Mit unserer Hilfe kann eine kleine Investition in die \u00dcbersetzung ins kastilische Spanisch den Unterschied ausmachen, wenn es darum geht, Ihrem Unternehmen zu helfen, auf dem europ\u00e4ischen spanischen Markt erfolgreich zu sein."},"state":{"type":"textfield","raw":""},"city":{"type":"textarea","raw":[]}}},"_links":{"self":[{"href":"https:\/\/www.trustedtranslations.com\/de\/wp-json\/wp\/v2\/pages\/181274","targetHints":{"allow":["GET"]}}],"collection":[{"href":"https:\/\/www.trustedtranslations.com\/de\/wp-json\/wp\/v2\/pages"}],"about":[{"href":"https:\/\/www.trustedtranslations.com\/de\/wp-json\/wp\/v2\/types\/page"}],"author":[{"embeddable":true,"href":"https:\/\/www.trustedtranslations.com\/de\/wp-json\/wp\/v2\/users\/1"}],"replies":[{"embeddable":true,"href":"https:\/\/www.trustedtranslations.com\/de\/wp-json\/wp\/v2\/comments?post=181274"}],"version-history":[{"count":0,"href":"https:\/\/www.trustedtranslations.com\/de\/wp-json\/wp\/v2\/pages\/181274\/revisions"}],"up":[{"embeddable":true,"href":"https:\/\/www.trustedtranslations.com\/de\/wp-json\/wp\/v2\/pages\/181386"}],"wp:featuredmedia":[{"embeddable":true,"href":"https:\/\/www.trustedtranslations.com\/de\/wp-json\/wp\/v2\/media\/160117"}],"wp:attachment":[{"href":"https:\/\/www.trustedtranslations.com\/de\/wp-json\/wp\/v2\/media?parent=181274"}],"curies":[{"name":"wp","href":"https:\/\/api.w.org\/{rel}","templated":true}]}}