{"id":181277,"date":"2023-02-01T19:10:07","date_gmt":"2023-02-01T22:10:07","guid":{"rendered":"https:\/\/www.trustedtranslations.com\/?page_id=181277"},"modified":"2024-09-17T18:43:13","modified_gmt":"2024-09-17T21:43:13","slug":"us-spanisch","status":"publish","type":"page","link":"https:\/\/www.trustedtranslations.com\/de\/sprache\/spanisch\/merkmale\/us-spanisch","title":{"rendered":"US-Spanisch"},"content":{"rendered":"","protected":false},"excerpt":{"rendered":"","protected":false},"author":1,"featured_media":160117,"parent":181386,"menu_order":0,"comment_status":"closed","ping_status":"closed","template":"","meta":{"site-sidebar-layout":"default","site-content-layout":"default","ast-site-content-layout":"default","site-content-style":"default","site-sidebar-style":"default","ast-global-header-display":"","ast-banner-title-visibility":"","ast-main-header-display":"","ast-hfb-above-header-display":"","ast-hfb-below-header-display":"","ast-hfb-mobile-header-display":"","site-post-title":"disabled","ast-breadcrumbs-content":"","ast-featured-img":"","footer-sml-layout":"","ast-disable-related-posts":"","theme-transparent-header-meta":"default","adv-header-id-meta":"","stick-header-meta":"","header-above-stick-meta":"","header-main-stick-meta":"","header-below-stick-meta":"","astra-migrate-meta-layouts":"set","ast-page-background-enabled":"default","ast-page-background-meta":{"desktop":{"background-color":"var(--ast-global-color-4)","background-image":"","background-repeat":"repeat","background-position":"center center","background-size":"auto","background-attachment":"scroll","background-type":"","background-media":"","overlay-type":"","overlay-color":"","overlay-opacity":"","overlay-gradient":""},"tablet":{"background-color":"","background-image":"","background-repeat":"repeat","background-position":"center center","background-size":"auto","background-attachment":"scroll","background-type":"","background-media":"","overlay-type":"","overlay-color":"","overlay-opacity":"","overlay-gradient":""},"mobile":{"background-color":"","background-image":"","background-repeat":"repeat","background-position":"center center","background-size":"auto","background-attachment":"scroll","background-type":"","background-media":"","overlay-type":"","overlay-color":"","overlay-opacity":"","overlay-gradient":""}},"ast-content-background-meta":{"desktop":{"background-color":"var(--ast-global-color-5)","background-image":"","background-repeat":"repeat","background-position":"center center","background-size":"auto","background-attachment":"scroll","background-type":"","background-media":"","overlay-type":"","overlay-color":"","overlay-opacity":"","overlay-gradient":""},"tablet":{"background-color":"var(--ast-global-color-5)","background-image":"","background-repeat":"repeat","background-position":"center center","background-size":"auto","background-attachment":"scroll","background-type":"","background-media":"","overlay-type":"","overlay-color":"","overlay-opacity":"","overlay-gradient":""},"mobile":{"background-color":"var(--ast-global-color-5)","background-image":"","background-repeat":"repeat","background-position":"center center","background-size":"auto","background-attachment":"scroll","background-type":"","background-media":"","overlay-type":"","overlay-color":"","overlay-opacity":"","overlay-gradient":""}},"footnotes":""},"class_list":["post-181277","page","type-page","status-publish","has-post-thumbnail","hentry"],"yoast_head":"<!-- This site is optimized with the Yoast SEO plugin v27.5 - https:\/\/yoast.com\/product\/yoast-seo-wordpress\/ -->\n<title>US-Spanische \u00dcbersetzungen \u2013 Trusted Translations, Inc.<\/title>\n<meta name=\"description\" content=\"Erfahren Sie mehr \u00fcber die einzigartigen Merkmale des US-Spanisch mit Trusted Translations. Entdecken Sie sprachliche Nuancen und kulturelle Einfl\u00fcsse. Kostenloses Angebot anfordern.\" \/>\n<meta name=\"robots\" content=\"index, follow, max-snippet:-1, max-image-preview:large, max-video-preview:-1\" \/>\n<link rel=\"canonical\" href=\"https:\/\/www.trustedtranslations.com\/de\/sprache\/spanisch\/merkmale\/us-spanisch\" \/>\n<meta property=\"og:locale\" content=\"de_DE\" \/>\n<meta property=\"og:type\" content=\"article\" \/>\n<meta property=\"og:title\" content=\"US-Spanische \u00dcbersetzungen \u2013 Trusted Translations, Inc.\" \/>\n<meta property=\"og:description\" content=\"Erfahren Sie mehr \u00fcber die einzigartigen Merkmale des US-Spanisch mit Trusted Translations. Entdecken Sie sprachliche Nuancen und kulturelle Einfl\u00fcsse. Kostenloses Angebot anfordern.\" \/>\n<meta property=\"og:url\" content=\"https:\/\/www.trustedtranslations.com\/de\/sprache\/spanisch\/merkmale\/us-spanisch\" \/>\n<meta property=\"og:site_name\" content=\"Trusted Translations, Inc.\" \/>\n<meta property=\"article:publisher\" content=\"https:\/\/www.facebook.com\/Trusted.Translations\" \/>\n<meta property=\"article:modified_time\" content=\"2024-09-17T21:43:13+00:00\" \/>\n<meta property=\"og:image\" content=\"https:\/\/static.trustedtranslations.com\/wp-content\/uploads\/2022\/08\/TT_NEW_FB-1.png\" \/>\n\t<meta property=\"og:image:width\" content=\"1\" \/>\n\t<meta property=\"og:image:height\" content=\"1\" \/>\n\t<meta property=\"og:image:type\" content=\"image\/jpeg\" \/>\n<meta name=\"twitter:card\" content=\"summary_large_image\" \/>\n<meta name=\"twitter:site\" content=\"@TrustedT9ns\" \/>\n<script type=\"application\/ld+json\" class=\"yoast-schema-graph\">{\"@context\":\"https:\\\/\\\/schema.org\",\"@graph\":[{\"@type\":\"WebPage\",\"@id\":\"https:\\\/\\\/www.trustedtranslations.com\\\/de\\\/sprache\\\/spanisch\\\/merkmale\\\/us-spanisch\",\"url\":\"https:\\\/\\\/www.trustedtranslations.com\\\/de\\\/sprache\\\/spanisch\\\/merkmale\\\/us-spanisch\",\"name\":\"US-Spanische \u00dcbersetzungen \u2013 Trusted Translations, Inc.\",\"isPartOf\":{\"@id\":\"https:\\\/\\\/www.trustedtranslations.com\\\/de\\\/#website\"},\"primaryImageOfPage\":{\"@id\":\"https:\\\/\\\/www.trustedtranslations.com\\\/de\\\/sprache\\\/spanisch\\\/merkmale\\\/us-spanisch#primaryimage\"},\"image\":{\"@id\":\"https:\\\/\\\/www.trustedtranslations.com\\\/de\\\/sprache\\\/spanisch\\\/merkmale\\\/us-spanisch#primaryimage\"},\"thumbnailUrl\":\"https:\\\/\\\/www.trustedtranslations.com\\\/wp-content\\\/uploads\\\/2022\\\/08\\\/TT_NEW_FB-1.png\",\"description\":\"Erfahren Sie mehr \u00fcber die einzigartigen Merkmale des US-Spanisch mit Trusted Translations. Entdecken Sie sprachliche Nuancen und kulturelle Einfl\u00fcsse. Kostenloses Angebot anfordern.\",\"breadcrumb\":{\"@id\":\"https:\\\/\\\/www.trustedtranslations.com\\\/de\\\/sprache\\\/spanisch\\\/merkmale\\\/us-spanisch#breadcrumb\"},\"inLanguage\":\"de\",\"potentialAction\":[{\"@type\":\"ReadAction\",\"target\":[\"https:\\\/\\\/www.trustedtranslations.com\\\/de\\\/sprache\\\/spanisch\\\/merkmale\\\/us-spanisch\"]}]},{\"@type\":\"ImageObject\",\"inLanguage\":\"de\",\"@id\":\"https:\\\/\\\/www.trustedtranslations.com\\\/de\\\/sprache\\\/spanisch\\\/merkmale\\\/us-spanisch#primaryimage\",\"url\":\"https:\\\/\\\/www.trustedtranslations.com\\\/wp-content\\\/uploads\\\/2022\\\/08\\\/TT_NEW_FB-1.png\",\"contentUrl\":\"https:\\\/\\\/www.trustedtranslations.com\\\/wp-content\\\/uploads\\\/2022\\\/08\\\/TT_NEW_FB-1.png\",\"caption\":\"TT NEW FB 1\"},{\"@type\":\"BreadcrumbList\",\"@id\":\"https:\\\/\\\/www.trustedtranslations.com\\\/de\\\/sprache\\\/spanisch\\\/merkmale\\\/us-spanisch#breadcrumb\",\"itemListElement\":[{\"@type\":\"ListItem\",\"position\":1,\"name\":\"Home\",\"item\":\"https:\\\/\\\/www.trustedtranslations.com\\\/de\"},{\"@type\":\"ListItem\",\"position\":2,\"name\":\"Sprachen\",\"item\":\"https:\\\/\\\/www.trustedtranslations.com\\\/de\\\/sprache\"},{\"@type\":\"ListItem\",\"position\":3,\"name\":\"Spanisch\",\"item\":\"https:\\\/\\\/www.trustedtranslations.com\\\/de\\\/sprache\\\/spanisch\"},{\"@type\":\"ListItem\",\"position\":4,\"name\":\"Merkmale des Spanischen\",\"item\":\"https:\\\/\\\/www.trustedtranslations.com\\\/de\\\/sprache\\\/spanisch\\\/merkmale\"},{\"@type\":\"ListItem\",\"position\":5,\"name\":\"US-Spanisch\"}]},{\"@type\":\"WebSite\",\"@id\":\"https:\\\/\\\/www.trustedtranslations.com\\\/de\\\/#website\",\"url\":\"https:\\\/\\\/www.trustedtranslations.com\\\/de\\\/\",\"name\":\"Trusted Translations, Inc.\",\"description\":\"Leader in translation and interpretation services.\",\"publisher\":{\"@id\":\"https:\\\/\\\/www.trustedtranslations.com\\\/de\\\/#organization\"},\"alternateName\":\"Trusted Translations\",\"potentialAction\":[{\"@type\":\"SearchAction\",\"target\":{\"@type\":\"EntryPoint\",\"urlTemplate\":\"https:\\\/\\\/www.trustedtranslations.com\\\/de\\\/?s={search_term_string}\"},\"query-input\":{\"@type\":\"PropertyValueSpecification\",\"valueRequired\":true,\"valueName\":\"search_term_string\"}}],\"inLanguage\":\"de\"},{\"@type\":\"Organization\",\"@id\":\"https:\\\/\\\/www.trustedtranslations.com\\\/de\\\/#organization\",\"name\":\"Trusted Translations\",\"alternateName\":\"Trusted Translations, Inc.\",\"url\":\"https:\\\/\\\/www.trustedtranslations.com\\\/de\\\/\",\"logo\":{\"@type\":\"ImageObject\",\"inLanguage\":\"de\",\"@id\":\"https:\\\/\\\/www.trustedtranslations.com\\\/de\\\/#\\\/schema\\\/logo\\\/image\\\/\",\"url\":\"https:\\\/\\\/static.trustedtranslations.com\\\/wp-content\\\/uploads\\\/2022\\\/01\\\/TT_logo_WSIColors-2.png\",\"contentUrl\":\"https:\\\/\\\/static.trustedtranslations.com\\\/wp-content\\\/uploads\\\/2022\\\/01\\\/TT_logo_WSIColors-2.png\",\"width\":500,\"height\":196,\"caption\":\"Trusted Translations\"},\"image\":{\"@id\":\"https:\\\/\\\/www.trustedtranslations.com\\\/de\\\/#\\\/schema\\\/logo\\\/image\\\/\"},\"sameAs\":[\"https:\\\/\\\/www.facebook.com\\\/Trusted.Translations\",\"https:\\\/\\\/x.com\\\/TrustedT9ns\",\"https:\\\/\\\/www.linkedin.com\\\/company\\\/trusted-translations\"]}]}<\/script>\n<!-- \/ Yoast SEO plugin. -->","yoast_head_json":{"title":"US-Spanische \u00dcbersetzungen \u2013 Trusted Translations, Inc.","description":"Erfahren Sie mehr \u00fcber die einzigartigen Merkmale des US-Spanisch mit Trusted Translations. Entdecken Sie sprachliche Nuancen und kulturelle Einfl\u00fcsse. Kostenloses Angebot anfordern.","robots":{"index":"index","follow":"follow","max-snippet":"max-snippet:-1","max-image-preview":"max-image-preview:large","max-video-preview":"max-video-preview:-1"},"canonical":"https:\/\/www.trustedtranslations.com\/de\/sprache\/spanisch\/merkmale\/us-spanisch","og_locale":"de_DE","og_type":"article","og_title":"US-Spanische \u00dcbersetzungen \u2013 Trusted Translations, Inc.","og_description":"Erfahren Sie mehr \u00fcber die einzigartigen Merkmale des US-Spanisch mit Trusted Translations. Entdecken Sie sprachliche Nuancen und kulturelle Einfl\u00fcsse. Kostenloses Angebot anfordern.","og_url":"https:\/\/www.trustedtranslations.com\/de\/sprache\/spanisch\/merkmale\/us-spanisch","og_site_name":"Trusted Translations, Inc.","article_publisher":"https:\/\/www.facebook.com\/Trusted.Translations","article_modified_time":"2024-09-17T21:43:13+00:00","og_image":[{"url":"https:\/\/static.trustedtranslations.com\/wp-content\/uploads\/2022\/08\/TT_NEW_FB-1.png","width":1,"height":1,"type":"image\/jpeg"}],"twitter_card":"summary_large_image","twitter_site":"@TrustedT9ns","schema":{"@context":"https:\/\/schema.org","@graph":[{"@type":"WebPage","@id":"https:\/\/www.trustedtranslations.com\/de\/sprache\/spanisch\/merkmale\/us-spanisch","url":"https:\/\/www.trustedtranslations.com\/de\/sprache\/spanisch\/merkmale\/us-spanisch","name":"US-Spanische \u00dcbersetzungen \u2013 Trusted Translations, Inc.","isPartOf":{"@id":"https:\/\/www.trustedtranslations.com\/de\/#website"},"primaryImageOfPage":{"@id":"https:\/\/www.trustedtranslations.com\/de\/sprache\/spanisch\/merkmale\/us-spanisch#primaryimage"},"image":{"@id":"https:\/\/www.trustedtranslations.com\/de\/sprache\/spanisch\/merkmale\/us-spanisch#primaryimage"},"thumbnailUrl":"https:\/\/www.trustedtranslations.com\/wp-content\/uploads\/2022\/08\/TT_NEW_FB-1.png","description":"Erfahren Sie mehr \u00fcber die einzigartigen Merkmale des US-Spanisch mit Trusted Translations. Entdecken Sie sprachliche Nuancen und kulturelle Einfl\u00fcsse. Kostenloses Angebot anfordern.","breadcrumb":{"@id":"https:\/\/www.trustedtranslations.com\/de\/sprache\/spanisch\/merkmale\/us-spanisch#breadcrumb"},"inLanguage":"de","potentialAction":[{"@type":"ReadAction","target":["https:\/\/www.trustedtranslations.com\/de\/sprache\/spanisch\/merkmale\/us-spanisch"]}]},{"@type":"ImageObject","inLanguage":"de","@id":"https:\/\/www.trustedtranslations.com\/de\/sprache\/spanisch\/merkmale\/us-spanisch#primaryimage","url":"https:\/\/www.trustedtranslations.com\/wp-content\/uploads\/2022\/08\/TT_NEW_FB-1.png","contentUrl":"https:\/\/www.trustedtranslations.com\/wp-content\/uploads\/2022\/08\/TT_NEW_FB-1.png","caption":"TT NEW FB 1"},{"@type":"BreadcrumbList","@id":"https:\/\/www.trustedtranslations.com\/de\/sprache\/spanisch\/merkmale\/us-spanisch#breadcrumb","itemListElement":[{"@type":"ListItem","position":1,"name":"Home","item":"https:\/\/www.trustedtranslations.com\/de"},{"@type":"ListItem","position":2,"name":"Sprachen","item":"https:\/\/www.trustedtranslations.com\/de\/sprache"},{"@type":"ListItem","position":3,"name":"Spanisch","item":"https:\/\/www.trustedtranslations.com\/de\/sprache\/spanisch"},{"@type":"ListItem","position":4,"name":"Merkmale des Spanischen","item":"https:\/\/www.trustedtranslations.com\/de\/sprache\/spanisch\/merkmale"},{"@type":"ListItem","position":5,"name":"US-Spanisch"}]},{"@type":"WebSite","@id":"https:\/\/www.trustedtranslations.com\/de\/#website","url":"https:\/\/www.trustedtranslations.com\/de\/","name":"Trusted Translations, Inc.","description":"Leader in translation and interpretation services.","publisher":{"@id":"https:\/\/www.trustedtranslations.com\/de\/#organization"},"alternateName":"Trusted Translations","potentialAction":[{"@type":"SearchAction","target":{"@type":"EntryPoint","urlTemplate":"https:\/\/www.trustedtranslations.com\/de\/?s={search_term_string}"},"query-input":{"@type":"PropertyValueSpecification","valueRequired":true,"valueName":"search_term_string"}}],"inLanguage":"de"},{"@type":"Organization","@id":"https:\/\/www.trustedtranslations.com\/de\/#organization","name":"Trusted Translations","alternateName":"Trusted Translations, Inc.","url":"https:\/\/www.trustedtranslations.com\/de\/","logo":{"@type":"ImageObject","inLanguage":"de","@id":"https:\/\/www.trustedtranslations.com\/de\/#\/schema\/logo\/image\/","url":"https:\/\/static.trustedtranslations.com\/wp-content\/uploads\/2022\/01\/TT_logo_WSIColors-2.png","contentUrl":"https:\/\/static.trustedtranslations.com\/wp-content\/uploads\/2022\/01\/TT_logo_WSIColors-2.png","width":500,"height":196,"caption":"Trusted Translations"},"image":{"@id":"https:\/\/www.trustedtranslations.com\/de\/#\/schema\/logo\/image\/"},"sameAs":["https:\/\/www.facebook.com\/Trusted.Translations","https:\/\/x.com\/TrustedT9ns","https:\/\/www.linkedin.com\/company\/trusted-translations"]}]}},"toolset-meta":{"dyk":{"mensaje-1":{"type":"textfield","raw":"88 % der Hispanoamerikaner sch\u00e4tzen Unternehmen, die mit ihnen auf Spanisch sprechen."},"mensaje-2":{"type":"textfield","raw":"Einigen Prognosen zufolge wird bis 2050 1 von 3 Menschen in den USA Spanisch sprechen."},"mensaje-3":{"type":"textfield","raw":"US- Spanisch enth\u00e4lt viele Lehnw\u00f6rter aus englischen Medien und der Popkultur."},"mensaje-4":{"type":"textfield","raw":"Der spanische Markt reagiert mit zehnmal h\u00f6herer Wahrscheinlichkeit auf eine gut \u00fcbersetzte Website."},"mensaje-5":{"type":"textfield","raw":""},"mensaje-6":{"type":"textfield","raw":""}},"single-page-template-fields":{"imgs-temp":{"type":"image","raw":["https:\/\/static.trustedtranslations.com\/wp-content\/uploads\/2023\/01\/us-spanish-1.jpg"],"repeatable":[{"raw":"https:\/\/static.trustedtranslations.com\/wp-content\/uploads\/2023\/01\/us-spanish-1.jpg"}]},"imgs-temp-cel":{"type":"image","raw":[""],"repeatable":[{"raw":""}]},"img-temp-one-cel":{"type":"image","raw":"https:\/\/static.trustedtranslations.com\/wp-content\/uploads\/2023\/01\/us-spanish-2-1.jpg","attachment_id":null},"quotes":{"type":"textarea","raw":"<h1 style=\"margin-bottom: 12px;\">US-Spanisch-\u00dcbersetzungsdienstleistungen<\/h1><p>Angesichts seiner Gr\u00f6\u00dfe und enormen Kaufkraft stellt der hispanische Markt in den USA eine nicht zu vernachl\u00e4ssigende Gelegenheit dar. Um auf diesem Markt erfolgreich zu sein, m\u00fcssen Sie die Besonderheiten der spanischen Sprache in den USA verstehen.<\/p><div style=\"margin-top: 2.5vw;\"><a class=\"tt-btn-main-cta\" href=\"https:\/\/www.trustedtranslations.com\/de\/angebot\">Kostenlosen Kostenvoranschlag anfordern<\/a><\/div>"},"text-1":{"type":"textarea","raw":"<h2>Erreichen des hispanischen Markts in den USA: Der Bedarf an kulturell relevanten spanischen \u00dcbersetzungen<\/h2>Kein Unternehmen w\u00fcrde kulturspezifische Inhalte aus England, Kanada oder Australien verwenden, um Amerikaner anzusprechen. Warum sollte es f\u00fcr Spanisch f\u00fcr den hispanischen Markt in den USA anders sein, insbesondere angesichts der Gr\u00f6\u00dfe und der Bedeutung dieses Marktes in Bezug auf die Kaufkraft?\r\n\r\nLaut <a href=\"https:\/\/www.adweek.com\/sponsored\/the-power-of-the-u-s-hispanic-consumer\/\" target=\"_blank\" rel=\"noopener\">neueren Studien<\/a> sagen 88% der Hispanoamerikaner, dass sie Unternehmen sch\u00e4tzen, die mit ihnen auf Spanisch sprechen, und 87% sind der Meinung, dass Unternehmen, die sich ernsthaft bem\u00fchen, in ihre Gemeinden zu investieren, ihre Loyalit\u00e4t verdienen. Um zu diesen Unternehmen zu geh\u00f6ren und auf dem hispanischen Markt in den USA Erfolg zu haben, ben\u00f6tigen Sie \u00dcbersetzungen, die diese Zielgruppe direkt ansprechen k\u00f6nnen.\r\n<h2>Hispanisches Spanisch<\/h2>\r\nWas bedeutet \u201ehispanisch\u201c aus historischer und sprachlicher Sicht? Der Begriff wurde erstmals 1980 w\u00e4hrend der US-Volksz\u00e4hlung verwendet, um die in den Vereinigten Staaten lebenden Lateinamerikaner zu klassifizieren. Konkret ging es bei der Volksz\u00e4hlung um die <a href=\"https:\/\/www.pewresearch.org\/fact-tank\/2021\/09\/23\/who-is-hispanic\/\" target=\"_blank\" rel=\"noopener\">Klassifizierung<\/a> von \u201eAmerikanern, die sich selbst als spanischsprachig bezeichnen und ihre Herkunft oder Abstammung aus Mexiko, Puerto Rico, Kuba, Mittel- und S\u00fcdamerika und anderen spanischsprachigen L\u00e4ndern herleiten\u201c.\r\n\r\nDa sich das lateinamerikanische Spanisch stark vom spanischen Spanisch unterscheidet, sprach diese Bev\u00f6lkerungsgruppe bereits eine Form des Spanischen mit ihren einzigartigen Merkmalen. Seitdem ist \u201ehispanisches\u201c Spanisch zu einem Sammelbegriff f\u00fcr eine Mischung aus Dialekten und Kulturen aus \u00fcber 20 L\u00e4ndern Lateinamerikas geworden.\r\n<h2>Hispanisch oder Latino?<\/h2>\r\nSie haben vielleicht auch geh\u00f6rt, dass spanischsprachige Amerikaner \u201eLatino oder Latina\u201c verwenden, um sich selbst zu beschreiben. W\u00e4hrend manche die Begriffe \u201eHispanic\u201c und \u201eLatino\/Latina\u201c als Synonyme verwenden, <a href=\"https:\/\/www.cbsnews.com\/news\/hispanic-heritage-month-latino-latinx-terms\/\" target=\"_blank\" rel=\"noopener\">bezeichnet \u201eHispanic\u201c im Allgemeinen<\/a> Personen, die aus spanischsprachigen L\u00e4ndern stammen, w\u00e4hrend \u201eLatino\u201c Personen bezeichnet, die aus lateinamerikanischen L\u00e4ndern stammen (aber nicht aus Spanien stammen und nicht unbedingt spanischsprachig sind). Auch wenn Sie sich auf den hispanischen Markt in den USA konzentrieren, ist es wichtig, die Entwicklung und Ver\u00e4nderung dieser Begriffe im Auge zu behalten."},"shortcode-map":{"type":"textfield","raw":""},"dyk-shortcode":{"type":"textfield","raw":"[elementor-template id=\"146647\"]"},"text-2":{"type":"textarea","raw":"<h2>Spanische Sprache in den USA<\/h2>\r\nDie spanischsprachige Bev\u00f6lkerung in den USA ist weit \u00fcber die erste Generation der Einwanderer aus ganz Lateinamerika hinaus gewachsen. Laut einer Erhebung des U.S. Census Bureau aus dem Jahr 2020 sprechen \u00fcber <a href=\"https:\/\/www.census.gov\/acs\/www\/about\/why-we-ask-each-question\/language\/\" target=\"_blank\" rel=\"noopener\">13,2 Prozent der Menschen<\/a> in den USA zu Hause Spanisch - das sind \u00fcber 41,8 Millionen Menschen im Alter von f\u00fcnf Jahren oder \u00e4lter. Prognosen zufolge wird bis 2050 jeder Dritte in den USA Spanisch sprechen. Aus kultureller Sicht ist die spanische Sprache nach wie vor eine wesentliche Form der Kommunikation mit den USA, auch f\u00fcr Nicht-Hispanoamerikaner und f\u00fcr diejenigen, die m\u00f6glicherweise ihr ganzes Leben in den Vereinigten Staaten gelebt haben.\r\n\r\nDas US-hispanische Spanisch weicht wie das lateinamerikanische Spanisch in mehrfacher Hinsicht vom europ\u00e4ischen (spanischen) Spanisch ab. Zum Beispiel verwenden US-Spanisch sprechende Personen nicht die zweite Person Plural <em>vosotros<\/em>, sie ziehen das Pr\u00e4teritum dem Perfekt vor und die Sprache ist stark vom Englischen beeinflusst.\r\n\r\nAllerdings wird das US-Spanisch auch stark von den Medien beeinflusst - nicht nur von den traditionellen englischsprachigen US-Medien, sondern auch von f\u00fchrenden spanischsprachigen Medienunternehmen wie Univision und Telemundo. Das US-Spanisch weist auch ein hohes Ma\u00df an Vermischung und Dialektvariation auf, insbesondere in Gro\u00dfst\u00e4dten mit vielen Kontakten zwischen verschiedenen Gruppen spanischsprachiger Einwanderer.\r\n\r\nAll diese \u00dcberlegungen m\u00fcssen bei der \u00dcbersetzung f\u00fcr den hispanischen Markt ber\u00fccksichtigt werden. Einfach ausgedr\u00fcckt: Es w\u00e4re ein schwerer Marketingfehler, zu versuchen, Inhalte f\u00fcr den spanischen (d. h. Spanien) Markt auf hispanische Verbraucher anzuwenden, anstatt Ihr Material auf deren besondere Bed\u00fcrfnisse zuzuschneiden.\r\n<h2>Erreichen des hispanischen Markts in den USA<\/h2>\r\nManchmal ist es notwendig, Ihre Inhalte noch weiter zu lokalisieren, um eine bestimmte Region der spanischsprachigen Bev\u00f6lkerung in den USA anzusprechen.\r\n\r\nDie Bewegung und Konzentration von Menschen mit lateinamerikanischem Hintergrund in den USA ist komplex und vielf\u00e4ltig und lehnt eine Einheitsl\u00f6sung ab. So sind beispielsweise in Los Angeles lebende Spanischsprecher st\u00e4rker mexikanisch gepr\u00e4gt, w\u00e4hrend viele Spanischsprecher in New York City ihre Wurzeln in Puerto Rico haben. Ebenso muss ein Werbekonzept in Gro\u00dfst\u00e4dten wie Miami, wo 90% der Hispanoamerikaner zu Hause Spanisch sprechen, anders aussehen als in kleineren St\u00e4dten oder l\u00e4ndlichen\/vorst\u00e4dtischen Gebieten.\r\n\r\nAu\u00dferdem sollten Sie bei Ihren \u00dcbersetzungsprojekten mit einem Team zusammenarbeiten, das die hispanischen Trends in den USA genau kennt. Zum Beispiel stehen hispanische Verbraucher an der <a href=\"https:\/\/www.nielsen.com\/insights\/2014\/digital-es-universal-how-us-hispanics-are-driving-growth-in-digital\/\">Spitze des digitalen Wachstums<\/a> und eines Mobile-First-Marktes, der andere Bev\u00f6lkerungsgruppen beim Besitz von Smartphones \u00fcberfl\u00fcgelt und an der Spitze der Nutzung sozialer Medien steht. Au\u00dferdem lassen sie sich bei ihren Kaufentscheidungen eher von der Familie beeinflussen als Nicht-Hispanoamerikaner.\r\n<h2>Der Bedarf an hochwertigen spanischen \u00dcbersetzungen<\/h2>\r\nDie spanische \u00dcbersetzung ist nicht mehr eine nette Beigabe, sie stellt ein Muss dar. Schlie\u00dflich spielen genaue spanische \u00dcbersetzungen f\u00fcr die Millionen spanischsprachiger Menschen in den USA nicht nur in ihrem t\u00e4glichen Leben eine entscheidende Rolle, sondern auch in den Bereichen Sicherheit, Gesundheit, Recht, \u00f6ffentlicher Dienst und Kommunikation mit den Beh\u00f6rden. Tats\u00e4chlich k\u00f6nnen in einigen F\u00e4llen \u2013 wie etwa in der Notaufnahme \u2013 korrekte \u00dcbersetzungen den Unterschied zwischen Leben und Tod ausmachen.\r\n\r\nBei <em>Trusted Translations<\/em> helfen Ihnen unsere fachkundigen Spanisch-\u00dcbersetzer dabei, die Trends und sprachlichen Feinheiten zu verstehen, die notwendig sind f\u00fcr den Erfolg auf dem hispanischen Markt in den USA. Kontaktieren Sie uns, um mehr \u00fcber unsere spanischen \u00dcbersetzungsdienstleistungen zu erfahren."},"state":{"type":"textfield","raw":""},"city":{"type":"textarea","raw":[]}}},"_links":{"self":[{"href":"https:\/\/www.trustedtranslations.com\/de\/wp-json\/wp\/v2\/pages\/181277","targetHints":{"allow":["GET"]}}],"collection":[{"href":"https:\/\/www.trustedtranslations.com\/de\/wp-json\/wp\/v2\/pages"}],"about":[{"href":"https:\/\/www.trustedtranslations.com\/de\/wp-json\/wp\/v2\/types\/page"}],"author":[{"embeddable":true,"href":"https:\/\/www.trustedtranslations.com\/de\/wp-json\/wp\/v2\/users\/1"}],"replies":[{"embeddable":true,"href":"https:\/\/www.trustedtranslations.com\/de\/wp-json\/wp\/v2\/comments?post=181277"}],"version-history":[{"count":0,"href":"https:\/\/www.trustedtranslations.com\/de\/wp-json\/wp\/v2\/pages\/181277\/revisions"}],"up":[{"embeddable":true,"href":"https:\/\/www.trustedtranslations.com\/de\/wp-json\/wp\/v2\/pages\/181386"}],"wp:featuredmedia":[{"embeddable":true,"href":"https:\/\/www.trustedtranslations.com\/de\/wp-json\/wp\/v2\/media\/160117"}],"wp:attachment":[{"href":"https:\/\/www.trustedtranslations.com\/de\/wp-json\/wp\/v2\/media?parent=181277"}],"curies":[{"name":"wp","href":"https:\/\/api.w.org\/{rel}","templated":true}]}}