{"id":181279,"date":"2023-02-01T19:10:07","date_gmt":"2023-02-01T22:10:07","guid":{"rendered":"https:\/\/www.trustedtranslations.com\/?page_id=181279"},"modified":"2024-09-06T15:47:44","modified_gmt":"2024-09-06T18:47:44","slug":"neutrales-spanisch","status":"publish","type":"page","link":"https:\/\/www.trustedtranslations.com\/de\/sprache\/spanisch\/merkmale\/neutrales-spanisch","title":{"rendered":"Neutrales Spanisch"},"content":{"rendered":"","protected":false},"excerpt":{"rendered":"","protected":false},"author":1,"featured_media":160117,"parent":181386,"menu_order":0,"comment_status":"closed","ping_status":"closed","template":"","meta":{"site-sidebar-layout":"default","site-content-layout":"default","ast-site-content-layout":"default","site-content-style":"default","site-sidebar-style":"default","ast-global-header-display":"","ast-banner-title-visibility":"","ast-main-header-display":"","ast-hfb-above-header-display":"","ast-hfb-below-header-display":"","ast-hfb-mobile-header-display":"","site-post-title":"disabled","ast-breadcrumbs-content":"","ast-featured-img":"","footer-sml-layout":"","ast-disable-related-posts":"","theme-transparent-header-meta":"default","adv-header-id-meta":"","stick-header-meta":"","header-above-stick-meta":"","header-main-stick-meta":"","header-below-stick-meta":"","astra-migrate-meta-layouts":"set","ast-page-background-enabled":"default","ast-page-background-meta":{"desktop":{"background-color":"var(--ast-global-color-4)","background-image":"","background-repeat":"repeat","background-position":"center center","background-size":"auto","background-attachment":"scroll","background-type":"","background-media":"","overlay-type":"","overlay-color":"","overlay-opacity":"","overlay-gradient":""},"tablet":{"background-color":"","background-image":"","background-repeat":"repeat","background-position":"center center","background-size":"auto","background-attachment":"scroll","background-type":"","background-media":"","overlay-type":"","overlay-color":"","overlay-opacity":"","overlay-gradient":""},"mobile":{"background-color":"","background-image":"","background-repeat":"repeat","background-position":"center center","background-size":"auto","background-attachment":"scroll","background-type":"","background-media":"","overlay-type":"","overlay-color":"","overlay-opacity":"","overlay-gradient":""}},"ast-content-background-meta":{"desktop":{"background-color":"var(--ast-global-color-5)","background-image":"","background-repeat":"repeat","background-position":"center center","background-size":"auto","background-attachment":"scroll","background-type":"","background-media":"","overlay-type":"","overlay-color":"","overlay-opacity":"","overlay-gradient":""},"tablet":{"background-color":"var(--ast-global-color-5)","background-image":"","background-repeat":"repeat","background-position":"center center","background-size":"auto","background-attachment":"scroll","background-type":"","background-media":"","overlay-type":"","overlay-color":"","overlay-opacity":"","overlay-gradient":""},"mobile":{"background-color":"var(--ast-global-color-5)","background-image":"","background-repeat":"repeat","background-position":"center center","background-size":"auto","background-attachment":"scroll","background-type":"","background-media":"","overlay-type":"","overlay-color":"","overlay-opacity":"","overlay-gradient":""}},"footnotes":""},"class_list":["post-181279","page","type-page","status-publish","has-post-thumbnail","hentry"],"yoast_head":"<!-- This site is optimized with the Yoast SEO plugin v27.5 - https:\/\/yoast.com\/product\/yoast-seo-wordpress\/ -->\n<title>Neutrale spanische \u00dcbersetzungen \u2013 Trusted Translations, Inc.<\/title>\n<meta name=\"description\" content=\"Trusted Translations, Inc. versteht die Nuancen der Verwendung von neutralem Spanisch. Wir helfen Ihnen bei der Entscheidung, wann Sie neutrales Spanisch verwenden und wann Sie Ihr Spanisch f\u00fcr einen bestimmten Markt lokalisieren sollten.\" \/>\n<meta name=\"robots\" content=\"index, follow, max-snippet:-1, max-image-preview:large, max-video-preview:-1\" \/>\n<link rel=\"canonical\" href=\"https:\/\/www.trustedtranslations.com\/de\/sprache\/spanisch\/merkmale\/neutrales-spanisch\" \/>\n<meta property=\"og:locale\" content=\"de_DE\" \/>\n<meta property=\"og:type\" content=\"article\" \/>\n<meta property=\"og:title\" content=\"Neutrale spanische \u00dcbersetzungen \u2013 Trusted Translations, Inc.\" \/>\n<meta property=\"og:description\" content=\"Trusted Translations, Inc. versteht die Nuancen der Verwendung von neutralem Spanisch. Wir helfen Ihnen bei der Entscheidung, wann Sie neutrales Spanisch verwenden und wann Sie Ihr Spanisch f\u00fcr einen bestimmten Markt lokalisieren sollten.\" \/>\n<meta property=\"og:url\" content=\"https:\/\/www.trustedtranslations.com\/de\/sprache\/spanisch\/merkmale\/neutrales-spanisch\" \/>\n<meta property=\"og:site_name\" content=\"Trusted Translations, Inc.\" \/>\n<meta property=\"article:publisher\" content=\"https:\/\/www.facebook.com\/Trusted.Translations\" \/>\n<meta property=\"article:modified_time\" content=\"2024-09-06T18:47:44+00:00\" \/>\n<meta property=\"og:image\" content=\"https:\/\/static.trustedtranslations.com\/wp-content\/uploads\/2022\/08\/TT_NEW_FB-1.png\" \/>\n\t<meta property=\"og:image:width\" content=\"1\" \/>\n\t<meta property=\"og:image:height\" content=\"1\" \/>\n\t<meta property=\"og:image:type\" content=\"image\/jpeg\" \/>\n<meta name=\"twitter:card\" content=\"summary_large_image\" \/>\n<meta name=\"twitter:site\" content=\"@TrustedT9ns\" \/>\n<script type=\"application\/ld+json\" class=\"yoast-schema-graph\">{\"@context\":\"https:\\\/\\\/schema.org\",\"@graph\":[{\"@type\":\"WebPage\",\"@id\":\"https:\\\/\\\/www.trustedtranslations.com\\\/de\\\/sprache\\\/spanisch\\\/merkmale\\\/neutrales-spanisch\",\"url\":\"https:\\\/\\\/www.trustedtranslations.com\\\/de\\\/sprache\\\/spanisch\\\/merkmale\\\/neutrales-spanisch\",\"name\":\"Neutrale spanische \u00dcbersetzungen \u2013 Trusted Translations, Inc.\",\"isPartOf\":{\"@id\":\"https:\\\/\\\/www.trustedtranslations.com\\\/de\\\/#website\"},\"primaryImageOfPage\":{\"@id\":\"https:\\\/\\\/www.trustedtranslations.com\\\/de\\\/sprache\\\/spanisch\\\/merkmale\\\/neutrales-spanisch#primaryimage\"},\"image\":{\"@id\":\"https:\\\/\\\/www.trustedtranslations.com\\\/de\\\/sprache\\\/spanisch\\\/merkmale\\\/neutrales-spanisch#primaryimage\"},\"thumbnailUrl\":\"https:\\\/\\\/www.trustedtranslations.com\\\/wp-content\\\/uploads\\\/2022\\\/08\\\/TT_NEW_FB-1.png\",\"description\":\"Trusted Translations, Inc. versteht die Nuancen der Verwendung von neutralem Spanisch. Wir helfen Ihnen bei der Entscheidung, wann Sie neutrales Spanisch verwenden und wann Sie Ihr Spanisch f\u00fcr einen bestimmten Markt lokalisieren sollten.\",\"breadcrumb\":{\"@id\":\"https:\\\/\\\/www.trustedtranslations.com\\\/de\\\/sprache\\\/spanisch\\\/merkmale\\\/neutrales-spanisch#breadcrumb\"},\"inLanguage\":\"de\",\"potentialAction\":[{\"@type\":\"ReadAction\",\"target\":[\"https:\\\/\\\/www.trustedtranslations.com\\\/de\\\/sprache\\\/spanisch\\\/merkmale\\\/neutrales-spanisch\"]}]},{\"@type\":\"ImageObject\",\"inLanguage\":\"de\",\"@id\":\"https:\\\/\\\/www.trustedtranslations.com\\\/de\\\/sprache\\\/spanisch\\\/merkmale\\\/neutrales-spanisch#primaryimage\",\"url\":\"https:\\\/\\\/www.trustedtranslations.com\\\/wp-content\\\/uploads\\\/2022\\\/08\\\/TT_NEW_FB-1.png\",\"contentUrl\":\"https:\\\/\\\/www.trustedtranslations.com\\\/wp-content\\\/uploads\\\/2022\\\/08\\\/TT_NEW_FB-1.png\",\"caption\":\"TT NEW FB 1\"},{\"@type\":\"BreadcrumbList\",\"@id\":\"https:\\\/\\\/www.trustedtranslations.com\\\/de\\\/sprache\\\/spanisch\\\/merkmale\\\/neutrales-spanisch#breadcrumb\",\"itemListElement\":[{\"@type\":\"ListItem\",\"position\":1,\"name\":\"Home\",\"item\":\"https:\\\/\\\/www.trustedtranslations.com\\\/de\"},{\"@type\":\"ListItem\",\"position\":2,\"name\":\"Sprachen\",\"item\":\"https:\\\/\\\/www.trustedtranslations.com\\\/de\\\/sprache\"},{\"@type\":\"ListItem\",\"position\":3,\"name\":\"Spanisch\",\"item\":\"https:\\\/\\\/www.trustedtranslations.com\\\/de\\\/sprache\\\/spanisch\"},{\"@type\":\"ListItem\",\"position\":4,\"name\":\"Merkmale des Spanischen\",\"item\":\"https:\\\/\\\/www.trustedtranslations.com\\\/de\\\/sprache\\\/spanisch\\\/merkmale\"},{\"@type\":\"ListItem\",\"position\":5,\"name\":\"Neutrales Spanisch\"}]},{\"@type\":\"WebSite\",\"@id\":\"https:\\\/\\\/www.trustedtranslations.com\\\/de\\\/#website\",\"url\":\"https:\\\/\\\/www.trustedtranslations.com\\\/de\\\/\",\"name\":\"Trusted Translations, Inc.\",\"description\":\"Leader in translation and interpretation services.\",\"publisher\":{\"@id\":\"https:\\\/\\\/www.trustedtranslations.com\\\/de\\\/#organization\"},\"alternateName\":\"Trusted Translations\",\"potentialAction\":[{\"@type\":\"SearchAction\",\"target\":{\"@type\":\"EntryPoint\",\"urlTemplate\":\"https:\\\/\\\/www.trustedtranslations.com\\\/de\\\/?s={search_term_string}\"},\"query-input\":{\"@type\":\"PropertyValueSpecification\",\"valueRequired\":true,\"valueName\":\"search_term_string\"}}],\"inLanguage\":\"de\"},{\"@type\":\"Organization\",\"@id\":\"https:\\\/\\\/www.trustedtranslations.com\\\/de\\\/#organization\",\"name\":\"Trusted Translations\",\"alternateName\":\"Trusted Translations, Inc.\",\"url\":\"https:\\\/\\\/www.trustedtranslations.com\\\/de\\\/\",\"logo\":{\"@type\":\"ImageObject\",\"inLanguage\":\"de\",\"@id\":\"https:\\\/\\\/www.trustedtranslations.com\\\/de\\\/#\\\/schema\\\/logo\\\/image\\\/\",\"url\":\"https:\\\/\\\/static.trustedtranslations.com\\\/wp-content\\\/uploads\\\/2022\\\/01\\\/TT_logo_WSIColors-2.png\",\"contentUrl\":\"https:\\\/\\\/static.trustedtranslations.com\\\/wp-content\\\/uploads\\\/2022\\\/01\\\/TT_logo_WSIColors-2.png\",\"width\":500,\"height\":196,\"caption\":\"Trusted Translations\"},\"image\":{\"@id\":\"https:\\\/\\\/www.trustedtranslations.com\\\/de\\\/#\\\/schema\\\/logo\\\/image\\\/\"},\"sameAs\":[\"https:\\\/\\\/www.facebook.com\\\/Trusted.Translations\",\"https:\\\/\\\/x.com\\\/TrustedT9ns\",\"https:\\\/\\\/www.linkedin.com\\\/company\\\/trusted-translations\"]}]}<\/script>\n<!-- \/ Yoast SEO plugin. -->","yoast_head_json":{"title":"Neutrale spanische \u00dcbersetzungen \u2013 Trusted Translations, Inc.","description":"Trusted Translations, Inc. versteht die Nuancen der Verwendung von neutralem Spanisch. Wir helfen Ihnen bei der Entscheidung, wann Sie neutrales Spanisch verwenden und wann Sie Ihr Spanisch f\u00fcr einen bestimmten Markt lokalisieren sollten.","robots":{"index":"index","follow":"follow","max-snippet":"max-snippet:-1","max-image-preview":"max-image-preview:large","max-video-preview":"max-video-preview:-1"},"canonical":"https:\/\/www.trustedtranslations.com\/de\/sprache\/spanisch\/merkmale\/neutrales-spanisch","og_locale":"de_DE","og_type":"article","og_title":"Neutrale spanische \u00dcbersetzungen \u2013 Trusted Translations, Inc.","og_description":"Trusted Translations, Inc. versteht die Nuancen der Verwendung von neutralem Spanisch. Wir helfen Ihnen bei der Entscheidung, wann Sie neutrales Spanisch verwenden und wann Sie Ihr Spanisch f\u00fcr einen bestimmten Markt lokalisieren sollten.","og_url":"https:\/\/www.trustedtranslations.com\/de\/sprache\/spanisch\/merkmale\/neutrales-spanisch","og_site_name":"Trusted Translations, Inc.","article_publisher":"https:\/\/www.facebook.com\/Trusted.Translations","article_modified_time":"2024-09-06T18:47:44+00:00","og_image":[{"url":"https:\/\/static.trustedtranslations.com\/wp-content\/uploads\/2022\/08\/TT_NEW_FB-1.png","width":1,"height":1,"type":"image\/jpeg"}],"twitter_card":"summary_large_image","twitter_site":"@TrustedT9ns","schema":{"@context":"https:\/\/schema.org","@graph":[{"@type":"WebPage","@id":"https:\/\/www.trustedtranslations.com\/de\/sprache\/spanisch\/merkmale\/neutrales-spanisch","url":"https:\/\/www.trustedtranslations.com\/de\/sprache\/spanisch\/merkmale\/neutrales-spanisch","name":"Neutrale spanische \u00dcbersetzungen \u2013 Trusted Translations, Inc.","isPartOf":{"@id":"https:\/\/www.trustedtranslations.com\/de\/#website"},"primaryImageOfPage":{"@id":"https:\/\/www.trustedtranslations.com\/de\/sprache\/spanisch\/merkmale\/neutrales-spanisch#primaryimage"},"image":{"@id":"https:\/\/www.trustedtranslations.com\/de\/sprache\/spanisch\/merkmale\/neutrales-spanisch#primaryimage"},"thumbnailUrl":"https:\/\/www.trustedtranslations.com\/wp-content\/uploads\/2022\/08\/TT_NEW_FB-1.png","description":"Trusted Translations, Inc. versteht die Nuancen der Verwendung von neutralem Spanisch. Wir helfen Ihnen bei der Entscheidung, wann Sie neutrales Spanisch verwenden und wann Sie Ihr Spanisch f\u00fcr einen bestimmten Markt lokalisieren sollten.","breadcrumb":{"@id":"https:\/\/www.trustedtranslations.com\/de\/sprache\/spanisch\/merkmale\/neutrales-spanisch#breadcrumb"},"inLanguage":"de","potentialAction":[{"@type":"ReadAction","target":["https:\/\/www.trustedtranslations.com\/de\/sprache\/spanisch\/merkmale\/neutrales-spanisch"]}]},{"@type":"ImageObject","inLanguage":"de","@id":"https:\/\/www.trustedtranslations.com\/de\/sprache\/spanisch\/merkmale\/neutrales-spanisch#primaryimage","url":"https:\/\/www.trustedtranslations.com\/wp-content\/uploads\/2022\/08\/TT_NEW_FB-1.png","contentUrl":"https:\/\/www.trustedtranslations.com\/wp-content\/uploads\/2022\/08\/TT_NEW_FB-1.png","caption":"TT NEW FB 1"},{"@type":"BreadcrumbList","@id":"https:\/\/www.trustedtranslations.com\/de\/sprache\/spanisch\/merkmale\/neutrales-spanisch#breadcrumb","itemListElement":[{"@type":"ListItem","position":1,"name":"Home","item":"https:\/\/www.trustedtranslations.com\/de"},{"@type":"ListItem","position":2,"name":"Sprachen","item":"https:\/\/www.trustedtranslations.com\/de\/sprache"},{"@type":"ListItem","position":3,"name":"Spanisch","item":"https:\/\/www.trustedtranslations.com\/de\/sprache\/spanisch"},{"@type":"ListItem","position":4,"name":"Merkmale des Spanischen","item":"https:\/\/www.trustedtranslations.com\/de\/sprache\/spanisch\/merkmale"},{"@type":"ListItem","position":5,"name":"Neutrales Spanisch"}]},{"@type":"WebSite","@id":"https:\/\/www.trustedtranslations.com\/de\/#website","url":"https:\/\/www.trustedtranslations.com\/de\/","name":"Trusted Translations, Inc.","description":"Leader in translation and interpretation services.","publisher":{"@id":"https:\/\/www.trustedtranslations.com\/de\/#organization"},"alternateName":"Trusted Translations","potentialAction":[{"@type":"SearchAction","target":{"@type":"EntryPoint","urlTemplate":"https:\/\/www.trustedtranslations.com\/de\/?s={search_term_string}"},"query-input":{"@type":"PropertyValueSpecification","valueRequired":true,"valueName":"search_term_string"}}],"inLanguage":"de"},{"@type":"Organization","@id":"https:\/\/www.trustedtranslations.com\/de\/#organization","name":"Trusted Translations","alternateName":"Trusted Translations, Inc.","url":"https:\/\/www.trustedtranslations.com\/de\/","logo":{"@type":"ImageObject","inLanguage":"de","@id":"https:\/\/www.trustedtranslations.com\/de\/#\/schema\/logo\/image\/","url":"https:\/\/static.trustedtranslations.com\/wp-content\/uploads\/2022\/01\/TT_logo_WSIColors-2.png","contentUrl":"https:\/\/static.trustedtranslations.com\/wp-content\/uploads\/2022\/01\/TT_logo_WSIColors-2.png","width":500,"height":196,"caption":"Trusted Translations"},"image":{"@id":"https:\/\/www.trustedtranslations.com\/de\/#\/schema\/logo\/image\/"},"sameAs":["https:\/\/www.facebook.com\/Trusted.Translations","https:\/\/x.com\/TrustedT9ns","https:\/\/www.linkedin.com\/company\/trusted-translations"]}]}},"toolset-meta":{"dyk":{"mensaje-1":{"type":"textfield","raw":"Neutrales Spanisch wird verwendet, damit die Mehrheit der Spanisch sprechenden Personen die Botschaft verstehen kann."},"mensaje-2":{"type":"textfield","raw":"Neutrale spanische \u00dcbersetzungen, die weitgehend eingesetzt werden k\u00f6nnen, sind eine kosteng\u00fcnstige Option."},"mensaje-3":{"type":"textfield","raw":"Neutrales Spanisch wird oft f\u00fcr technische Inhalte und Softwaredokumentation verwendet."},"mensaje-4":{"type":"textfield","raw":"Neutrales Spanisch vermeidet Regionalismen und h\u00e4lt sich an die am weitesten verbreiteten Formen der spanischen Grammatik.\u00a0"},"mensaje-5":{"type":"textfield","raw":""},"mensaje-6":{"type":"textfield","raw":""}},"single-page-template-fields":{"imgs-temp":{"type":"image","raw":["https:\/\/static.trustedtranslations.com\/wp-content\/uploads\/2024\/08\/neutral-spanish-1.webp"],"repeatable":[{"raw":"https:\/\/static.trustedtranslations.com\/wp-content\/uploads\/2024\/08\/neutral-spanish-1.webp"}]},"imgs-temp-cel":{"type":"image","raw":[""],"repeatable":[{"raw":""}]},"img-temp-one-cel":{"type":"image","raw":"https:\/\/static.trustedtranslations.com\/wp-content\/uploads\/2024\/08\/neutral-spanish.webp","attachment_id":null},"quotes":{"type":"textarea","raw":"<h1 style=\"margin-bottom: 12px;\">\u00dcbersetzung in und aus dem neutralen Spanisch<\/h1>\r\nWenn Sie beabsichtigen, ein breiteres Publikum spanischsprachiger Personen anzusprechen, kann Ihnen <em>Trusted Translations<\/em> dabei helfen, ein neutrales Spanisch zu verwenden, das von der gesamten spanischsprachigen Bev\u00f6lkerung akzeptiert und verstanden wird.\r\n<div style=\"margin-top: 2.5vw;\"><a class=\"tt-btn-main-cta\" href=\"https:\/\/www.trustedtranslations.com\/de\/angebot\">Kostenlosen Kostenvoranschlag anfordern<\/a><\/div>"},"text-1":{"type":"textarea","raw":"<h2>Ma\u00dfgeschneidert vs. neutrales Spanisch f\u00fcr effektive Kommunikation<\/h2>Spanisch hat sich \u00fcber Tausende von Jahren auf mehreren Kontinenten entwickelt. Infolgedessen sind viele Variationen und \u201eDialekte\u201c der spanischen Sprache entstanden und werden auf der ganzen Welt verwendet, einschlie\u00dflich in den 21 verschiedenen L\u00e4ndern, in denen Spanisch Amts- oder Landessprache ist. Dies stellt eine interessante Situation f\u00fcr jeden dar, der den spanischsprachigen Markt ansprechen m\u00f6chte.\r\n\r\nEinerseits haben Sie die M\u00f6glichkeit, eine bestimmte \u00dcbersetzung auf eine ganz bestimmte Gruppe, ein Land oder eine Region zuzuschneiden (oder zu lokalisieren), wodurch Ihre Kommunikation effektiver wird. Wenn Sie jedoch beabsichtigen, ein breiteres Publikum spanischsprachiger Personen anzusprechen, ist es m\u00f6glicherweise am besten, ein neutrales Spanisch zu verwenden, das von der gesamten spanischsprachigen Bev\u00f6lkerung akzeptiert und verstanden wird.\r\n<h2>Was ist neutrales Spanisch?<\/h2>\r\nAllgemein als Standardspanisch, globales Spanisch oder universelles Spanisch bezeichnet, ist \u201eneutrales Spanisch\u201c eine Art Spanisch, bei der so viele kulturspezifische Begriffe wie m\u00f6glich entfernt wurden. Mit einem Minimum an idiomatischen Ausdr\u00fccken, regionalen Variationen oder Neologismen (neu gepr\u00e4gten W\u00f6rtern) erm\u00f6glicht ein neutrales Spanisch der gr\u00f6\u00dften Anzahl von Spanischsprechern, Ihre Botschaft grenz\u00fcberschreitend zu verstehen.\r\n\r\nNeutrales Spanisch ist keine eigenst\u00e4ndige Sprache, sondern das Ergebnis der sorgf\u00e4ltigen Bem\u00fchungen professioneller \u00dcbersetzer, Begriffe auszuw\u00e4hlen, die von der Mehrheit der spanischsprachigen Menschen in einem breiten Markt verstanden werden. Daher ist es wichtig, mit hochqualifizierten \u00dcbersetzern zusammenzuarbeiten, die ein Gesp\u00fcr f\u00fcr die Eignung jedes Wortes f\u00fcr ein breites Publikum haben."},"shortcode-map":{"type":"textfield","raw":""},"dyk-shortcode":{"type":"textfield","raw":"[elementor-template id=\"146647\"]"},"text-2":{"type":"textarea","raw":"<h2>Wann man neutrales Spanisch verwendet<\/h2>\r\nEine universelle Form des Spanischen eignet sich gut f\u00fcr Inhalte, die ein globales Publikum erreichen m\u00fcssen, wie z. B. Journalismus, Fernsehsendungen und andere Formen von Massenmedien. In einer zunehmend digitalisierten Welt gehen immer mehr Unternehmen davon aus, dass ihre wichtigsten Inhalte weiter reisen als je zuvor.\r\n\r\nNeutrales Spanisch eignet sich auch besonders gut f\u00fcr umfangreiche technische oder wissenschaftliche Inhalte wie Handb\u00fccher oder Softwaredokumentationen. Diese Art von Material ist in einer einfachen, geradlinigen Sprache ohne viele kulturelle Eigenheiten geschrieben und enth\u00e4lt von vornherein keine gro\u00dfe Anzahl von Umgangssprache oder Slang. In der Tat haben gro\u00dfe Technologieunternehmen wie Microsoft seit langem in <a href=\"https:\/\/docs.microsoft.com\/en-us\/globalization\/localization\/ministyleguides\/mini-style-guide-spanish-neutral\" target=\"_blank\" rel=\"noopener\">Richtlinien und Glossare f\u00fcr neutrales Spanisch<\/a> investiert und diesen Stil als soliden Kompromiss zwischen allgemeiner Klarheit und vollst\u00e4ndiger Lokalisierung erkannt.\r\n\r\nSchlie\u00dflich kann neutrales Spanisch aus gesch\u00e4ftlicher Sicht ein Segen f\u00fcr Organisationen oder Einzelpersonen sein, die gerade erst anfangen. Das Erstellen und Testen einer \u00dcbersetzung in neutralem Spanisch kann f\u00fcr Ihr Unternehmen kosteng\u00fcnstiger sein als die Kosten f\u00fcr die Lokalisierung des Textes f\u00fcr mehrere Ziell\u00e4nder. Es ist auch ein guter erster Schritt, wenn Sie beabsichtigen, Ihre Inhalte sp\u00e4ter zu lokalisieren.\r\n<h2>Ist neutrales Spanisch das Richtige?<\/h2>\r\nEs gibt kein perfektes Spanisch, das f\u00fcr alle Unternehmungen geeignet ist, und neutrales Spanisch ist nicht anders.\r\n\r\nDa die meisten seiner Regionalismen und Redewendungen entfernt wurden, haben einige das neutrale Spanisch als abgeschw\u00e4cht, trocken oder flach im Ton beschrieben. Werbung und andere Arten von Marketinginhalten sowie kreative Arbeiten wie Filme oder Fernsehsendungen sind darauf angewiesen, beim Publikum bestimmte Emotionen hervorzurufen; neutrales Spanisch ist f\u00fcr diese Projekte wahrscheinlich nicht die beste Wahl. Stattdessen k\u00f6nnen sich Inhalte, die f\u00fcr ein hyperspezifisches Publikum lokalisiert sind, pers\u00f6nlicher und bedeutsamer anf\u00fchlen.\r\n\r\nWenn Sie sich nicht sicher sind, ob eine neutrale spanische \u00dcbersetzung das Richtige f\u00fcr Sie ist, kann <em>Trusted Translations<\/em> Ihnen Antworten geben. Manchmal bieten wir Unternehmen zun\u00e4chst eine neutrale spanische \u00dcbersetzung an. Je nach Kundenwunsch k\u00f6nnen wir Ihnen dann auch bei der Lokalisierung Ihrer Inhalte f\u00fcr bestimmte M\u00e4rkte helfen.\r\n\r\nSetzen Sie sich mit uns in Verbindung, um mehr \u00fcber unsere umfassenden und kosteng\u00fcnstigen \u00dcbersetzungsdienstleistungen f\u00fcr Spanisch zu erfahren."},"state":{"type":"textfield","raw":""},"city":{"type":"textarea","raw":[]}}},"_links":{"self":[{"href":"https:\/\/www.trustedtranslations.com\/de\/wp-json\/wp\/v2\/pages\/181279","targetHints":{"allow":["GET"]}}],"collection":[{"href":"https:\/\/www.trustedtranslations.com\/de\/wp-json\/wp\/v2\/pages"}],"about":[{"href":"https:\/\/www.trustedtranslations.com\/de\/wp-json\/wp\/v2\/types\/page"}],"author":[{"embeddable":true,"href":"https:\/\/www.trustedtranslations.com\/de\/wp-json\/wp\/v2\/users\/1"}],"replies":[{"embeddable":true,"href":"https:\/\/www.trustedtranslations.com\/de\/wp-json\/wp\/v2\/comments?post=181279"}],"version-history":[{"count":0,"href":"https:\/\/www.trustedtranslations.com\/de\/wp-json\/wp\/v2\/pages\/181279\/revisions"}],"up":[{"embeddable":true,"href":"https:\/\/www.trustedtranslations.com\/de\/wp-json\/wp\/v2\/pages\/181386"}],"wp:featuredmedia":[{"embeddable":true,"href":"https:\/\/www.trustedtranslations.com\/de\/wp-json\/wp\/v2\/media\/160117"}],"wp:attachment":[{"href":"https:\/\/www.trustedtranslations.com\/de\/wp-json\/wp\/v2\/media?parent=181279"}],"curies":[{"name":"wp","href":"https:\/\/api.w.org\/{rel}","templated":true}]}}