{"id":181281,"date":"2023-02-01T19:10:02","date_gmt":"2023-02-01T22:10:02","guid":{"rendered":"https:\/\/www.trustedtranslations.com\/?page_id=181281"},"modified":"2024-09-06T16:00:55","modified_gmt":"2024-09-06T19:00:55","slug":"lateinamerikanisches-spanisch","status":"publish","type":"page","link":"https:\/\/www.trustedtranslations.com\/de\/sprache\/spanisch\/merkmale\/lateinamerikanisches-spanisch","title":{"rendered":"Lateinamerikanisches Spanisch"},"content":{"rendered":"","protected":false},"excerpt":{"rendered":"","protected":false},"author":1,"featured_media":160117,"parent":181386,"menu_order":0,"comment_status":"closed","ping_status":"closed","template":"","meta":{"site-sidebar-layout":"default","site-content-layout":"default","ast-site-content-layout":"default","site-content-style":"default","site-sidebar-style":"default","ast-global-header-display":"","ast-banner-title-visibility":"","ast-main-header-display":"","ast-hfb-above-header-display":"","ast-hfb-below-header-display":"","ast-hfb-mobile-header-display":"","site-post-title":"disabled","ast-breadcrumbs-content":"","ast-featured-img":"","footer-sml-layout":"","ast-disable-related-posts":"","theme-transparent-header-meta":"default","adv-header-id-meta":"","stick-header-meta":"","header-above-stick-meta":"","header-main-stick-meta":"","header-below-stick-meta":"","astra-migrate-meta-layouts":"set","ast-page-background-enabled":"default","ast-page-background-meta":{"desktop":{"background-color":"var(--ast-global-color-4)","background-image":"","background-repeat":"repeat","background-position":"center center","background-size":"auto","background-attachment":"scroll","background-type":"","background-media":"","overlay-type":"","overlay-color":"","overlay-opacity":"","overlay-gradient":""},"tablet":{"background-color":"","background-image":"","background-repeat":"repeat","background-position":"center center","background-size":"auto","background-attachment":"scroll","background-type":"","background-media":"","overlay-type":"","overlay-color":"","overlay-opacity":"","overlay-gradient":""},"mobile":{"background-color":"","background-image":"","background-repeat":"repeat","background-position":"center center","background-size":"auto","background-attachment":"scroll","background-type":"","background-media":"","overlay-type":"","overlay-color":"","overlay-opacity":"","overlay-gradient":""}},"ast-content-background-meta":{"desktop":{"background-color":"var(--ast-global-color-5)","background-image":"","background-repeat":"repeat","background-position":"center center","background-size":"auto","background-attachment":"scroll","background-type":"","background-media":"","overlay-type":"","overlay-color":"","overlay-opacity":"","overlay-gradient":""},"tablet":{"background-color":"var(--ast-global-color-5)","background-image":"","background-repeat":"repeat","background-position":"center center","background-size":"auto","background-attachment":"scroll","background-type":"","background-media":"","overlay-type":"","overlay-color":"","overlay-opacity":"","overlay-gradient":""},"mobile":{"background-color":"var(--ast-global-color-5)","background-image":"","background-repeat":"repeat","background-position":"center center","background-size":"auto","background-attachment":"scroll","background-type":"","background-media":"","overlay-type":"","overlay-color":"","overlay-opacity":"","overlay-gradient":""}},"footnotes":""},"class_list":["post-181281","page","type-page","status-publish","has-post-thumbnail","hentry"],"yoast_head":"<!-- This site is optimized with the Yoast SEO plugin v27.3 - https:\/\/yoast.com\/product\/yoast-seo-wordpress\/ -->\n<title>\u00dcbersetzungen in und aus dem lateinamerikanischen Spanisch \u2013 Trusted Translations, Inc.<\/title>\n<meta name=\"description\" content=\"Trusted Translations, Inc. ist auf lateinamerikanische Spanisch-\u00dcbersetzungsdienstleistungen spezialisiert. Fordern Sie ein kostenloses Angebot oder eine Beratung an.\" \/>\n<meta name=\"robots\" content=\"index, follow, max-snippet:-1, max-image-preview:large, max-video-preview:-1\" \/>\n<link rel=\"canonical\" href=\"https:\/\/www.trustedtranslations.com\/de\/sprache\/spanisch\/merkmale\/lateinamerikanisches-spanisch\" \/>\n<meta property=\"og:locale\" content=\"de_DE\" \/>\n<meta property=\"og:type\" content=\"article\" \/>\n<meta property=\"og:title\" content=\"\u00dcbersetzungen in und aus dem lateinamerikanischen Spanisch \u2013 Trusted Translations, Inc.\" \/>\n<meta property=\"og:description\" content=\"Trusted Translations, Inc. ist auf lateinamerikanische Spanisch-\u00dcbersetzungsdienstleistungen spezialisiert. Fordern Sie ein kostenloses Angebot oder eine Beratung an.\" \/>\n<meta property=\"og:url\" content=\"https:\/\/www.trustedtranslations.com\/de\/sprache\/spanisch\/merkmale\/lateinamerikanisches-spanisch\" \/>\n<meta property=\"og:site_name\" content=\"Trusted Translations, Inc.\" \/>\n<meta property=\"article:publisher\" content=\"https:\/\/www.facebook.com\/Trusted.Translations\" \/>\n<meta property=\"article:modified_time\" content=\"2024-09-06T19:00:55+00:00\" \/>\n<meta property=\"og:image\" content=\"https:\/\/static.trustedtranslations.com\/wp-content\/uploads\/2022\/08\/TT_NEW_FB-1.png\" \/>\n\t<meta property=\"og:image:width\" content=\"1\" \/>\n\t<meta property=\"og:image:height\" content=\"1\" \/>\n\t<meta property=\"og:image:type\" content=\"image\/jpeg\" \/>\n<meta name=\"twitter:card\" content=\"summary_large_image\" \/>\n<meta name=\"twitter:site\" content=\"@TrustedT9ns\" \/>\n<script type=\"application\/ld+json\" class=\"yoast-schema-graph\">{\"@context\":\"https:\\\/\\\/schema.org\",\"@graph\":[{\"@type\":\"WebPage\",\"@id\":\"https:\\\/\\\/www.trustedtranslations.com\\\/de\\\/sprache\\\/spanisch\\\/merkmale\\\/lateinamerikanisches-spanisch\",\"url\":\"https:\\\/\\\/www.trustedtranslations.com\\\/de\\\/sprache\\\/spanisch\\\/merkmale\\\/lateinamerikanisches-spanisch\",\"name\":\"\u00dcbersetzungen in und aus dem lateinamerikanischen Spanisch \u2013 Trusted Translations, Inc.\",\"isPartOf\":{\"@id\":\"https:\\\/\\\/www.trustedtranslations.com\\\/de\\\/#website\"},\"primaryImageOfPage\":{\"@id\":\"https:\\\/\\\/www.trustedtranslations.com\\\/de\\\/sprache\\\/spanisch\\\/merkmale\\\/lateinamerikanisches-spanisch#primaryimage\"},\"image\":{\"@id\":\"https:\\\/\\\/www.trustedtranslations.com\\\/de\\\/sprache\\\/spanisch\\\/merkmale\\\/lateinamerikanisches-spanisch#primaryimage\"},\"thumbnailUrl\":\"https:\\\/\\\/www.trustedtranslations.com\\\/wp-content\\\/uploads\\\/2022\\\/08\\\/TT_NEW_FB-1.png\",\"description\":\"Trusted Translations, Inc. ist auf lateinamerikanische Spanisch-\u00dcbersetzungsdienstleistungen spezialisiert. Fordern Sie ein kostenloses Angebot oder eine Beratung an.\",\"breadcrumb\":{\"@id\":\"https:\\\/\\\/www.trustedtranslations.com\\\/de\\\/sprache\\\/spanisch\\\/merkmale\\\/lateinamerikanisches-spanisch#breadcrumb\"},\"inLanguage\":\"de\",\"potentialAction\":[{\"@type\":\"ReadAction\",\"target\":[\"https:\\\/\\\/www.trustedtranslations.com\\\/de\\\/sprache\\\/spanisch\\\/merkmale\\\/lateinamerikanisches-spanisch\"]}]},{\"@type\":\"ImageObject\",\"inLanguage\":\"de\",\"@id\":\"https:\\\/\\\/www.trustedtranslations.com\\\/de\\\/sprache\\\/spanisch\\\/merkmale\\\/lateinamerikanisches-spanisch#primaryimage\",\"url\":\"https:\\\/\\\/www.trustedtranslations.com\\\/wp-content\\\/uploads\\\/2022\\\/08\\\/TT_NEW_FB-1.png\",\"contentUrl\":\"https:\\\/\\\/www.trustedtranslations.com\\\/wp-content\\\/uploads\\\/2022\\\/08\\\/TT_NEW_FB-1.png\",\"caption\":\"TT NEW FB 1\"},{\"@type\":\"BreadcrumbList\",\"@id\":\"https:\\\/\\\/www.trustedtranslations.com\\\/de\\\/sprache\\\/spanisch\\\/merkmale\\\/lateinamerikanisches-spanisch#breadcrumb\",\"itemListElement\":[{\"@type\":\"ListItem\",\"position\":1,\"name\":\"Home\",\"item\":\"https:\\\/\\\/www.trustedtranslations.com\\\/de\"},{\"@type\":\"ListItem\",\"position\":2,\"name\":\"Sprachen\",\"item\":\"https:\\\/\\\/www.trustedtranslations.com\\\/de\\\/sprache\"},{\"@type\":\"ListItem\",\"position\":3,\"name\":\"Spanisch\",\"item\":\"https:\\\/\\\/www.trustedtranslations.com\\\/de\\\/sprache\\\/spanisch\"},{\"@type\":\"ListItem\",\"position\":4,\"name\":\"Merkmale des Spanischen\",\"item\":\"https:\\\/\\\/www.trustedtranslations.com\\\/de\\\/sprache\\\/spanisch\\\/merkmale\"},{\"@type\":\"ListItem\",\"position\":5,\"name\":\"Lateinamerikanisches Spanisch\"}]},{\"@type\":\"WebSite\",\"@id\":\"https:\\\/\\\/www.trustedtranslations.com\\\/de\\\/#website\",\"url\":\"https:\\\/\\\/www.trustedtranslations.com\\\/de\\\/\",\"name\":\"Trusted Translations, Inc.\",\"description\":\"Leader in translation and interpretation services.\",\"publisher\":{\"@id\":\"https:\\\/\\\/www.trustedtranslations.com\\\/de\\\/#organization\"},\"alternateName\":\"Trusted Translations\",\"potentialAction\":[{\"@type\":\"SearchAction\",\"target\":{\"@type\":\"EntryPoint\",\"urlTemplate\":\"https:\\\/\\\/www.trustedtranslations.com\\\/de\\\/?s={search_term_string}\"},\"query-input\":{\"@type\":\"PropertyValueSpecification\",\"valueRequired\":true,\"valueName\":\"search_term_string\"}}],\"inLanguage\":\"de\"},{\"@type\":\"Organization\",\"@id\":\"https:\\\/\\\/www.trustedtranslations.com\\\/de\\\/#organization\",\"name\":\"Trusted Translations\",\"alternateName\":\"Trusted Translations, Inc.\",\"url\":\"https:\\\/\\\/www.trustedtranslations.com\\\/de\\\/\",\"logo\":{\"@type\":\"ImageObject\",\"inLanguage\":\"de\",\"@id\":\"https:\\\/\\\/www.trustedtranslations.com\\\/de\\\/#\\\/schema\\\/logo\\\/image\\\/\",\"url\":\"https:\\\/\\\/static.trustedtranslations.com\\\/wp-content\\\/uploads\\\/2022\\\/01\\\/TT_logo_WSIColors-2.png\",\"contentUrl\":\"https:\\\/\\\/static.trustedtranslations.com\\\/wp-content\\\/uploads\\\/2022\\\/01\\\/TT_logo_WSIColors-2.png\",\"width\":500,\"height\":196,\"caption\":\"Trusted Translations\"},\"image\":{\"@id\":\"https:\\\/\\\/www.trustedtranslations.com\\\/de\\\/#\\\/schema\\\/logo\\\/image\\\/\"},\"sameAs\":[\"https:\\\/\\\/www.facebook.com\\\/Trusted.Translations\",\"https:\\\/\\\/x.com\\\/TrustedT9ns\",\"https:\\\/\\\/www.linkedin.com\\\/company\\\/trusted-translations\"]}]}<\/script>\n<!-- \/ Yoast SEO plugin. -->","yoast_head_json":{"title":"\u00dcbersetzungen in und aus dem lateinamerikanischen Spanisch \u2013 Trusted Translations, Inc.","description":"Trusted Translations, Inc. ist auf lateinamerikanische Spanisch-\u00dcbersetzungsdienstleistungen spezialisiert. Fordern Sie ein kostenloses Angebot oder eine Beratung an.","robots":{"index":"index","follow":"follow","max-snippet":"max-snippet:-1","max-image-preview":"max-image-preview:large","max-video-preview":"max-video-preview:-1"},"canonical":"https:\/\/www.trustedtranslations.com\/de\/sprache\/spanisch\/merkmale\/lateinamerikanisches-spanisch","og_locale":"de_DE","og_type":"article","og_title":"\u00dcbersetzungen in und aus dem lateinamerikanischen Spanisch \u2013 Trusted Translations, Inc.","og_description":"Trusted Translations, Inc. ist auf lateinamerikanische Spanisch-\u00dcbersetzungsdienstleistungen spezialisiert. Fordern Sie ein kostenloses Angebot oder eine Beratung an.","og_url":"https:\/\/www.trustedtranslations.com\/de\/sprache\/spanisch\/merkmale\/lateinamerikanisches-spanisch","og_site_name":"Trusted Translations, Inc.","article_publisher":"https:\/\/www.facebook.com\/Trusted.Translations","article_modified_time":"2024-09-06T19:00:55+00:00","og_image":[{"url":"https:\/\/static.trustedtranslations.com\/wp-content\/uploads\/2022\/08\/TT_NEW_FB-1.png","width":1,"height":1,"type":"image\/jpeg"}],"twitter_card":"summary_large_image","twitter_site":"@TrustedT9ns","schema":{"@context":"https:\/\/schema.org","@graph":[{"@type":"WebPage","@id":"https:\/\/www.trustedtranslations.com\/de\/sprache\/spanisch\/merkmale\/lateinamerikanisches-spanisch","url":"https:\/\/www.trustedtranslations.com\/de\/sprache\/spanisch\/merkmale\/lateinamerikanisches-spanisch","name":"\u00dcbersetzungen in und aus dem lateinamerikanischen Spanisch \u2013 Trusted Translations, Inc.","isPartOf":{"@id":"https:\/\/www.trustedtranslations.com\/de\/#website"},"primaryImageOfPage":{"@id":"https:\/\/www.trustedtranslations.com\/de\/sprache\/spanisch\/merkmale\/lateinamerikanisches-spanisch#primaryimage"},"image":{"@id":"https:\/\/www.trustedtranslations.com\/de\/sprache\/spanisch\/merkmale\/lateinamerikanisches-spanisch#primaryimage"},"thumbnailUrl":"https:\/\/www.trustedtranslations.com\/wp-content\/uploads\/2022\/08\/TT_NEW_FB-1.png","description":"Trusted Translations, Inc. ist auf lateinamerikanische Spanisch-\u00dcbersetzungsdienstleistungen spezialisiert. Fordern Sie ein kostenloses Angebot oder eine Beratung an.","breadcrumb":{"@id":"https:\/\/www.trustedtranslations.com\/de\/sprache\/spanisch\/merkmale\/lateinamerikanisches-spanisch#breadcrumb"},"inLanguage":"de","potentialAction":[{"@type":"ReadAction","target":["https:\/\/www.trustedtranslations.com\/de\/sprache\/spanisch\/merkmale\/lateinamerikanisches-spanisch"]}]},{"@type":"ImageObject","inLanguage":"de","@id":"https:\/\/www.trustedtranslations.com\/de\/sprache\/spanisch\/merkmale\/lateinamerikanisches-spanisch#primaryimage","url":"https:\/\/www.trustedtranslations.com\/wp-content\/uploads\/2022\/08\/TT_NEW_FB-1.png","contentUrl":"https:\/\/www.trustedtranslations.com\/wp-content\/uploads\/2022\/08\/TT_NEW_FB-1.png","caption":"TT NEW FB 1"},{"@type":"BreadcrumbList","@id":"https:\/\/www.trustedtranslations.com\/de\/sprache\/spanisch\/merkmale\/lateinamerikanisches-spanisch#breadcrumb","itemListElement":[{"@type":"ListItem","position":1,"name":"Home","item":"https:\/\/www.trustedtranslations.com\/de"},{"@type":"ListItem","position":2,"name":"Sprachen","item":"https:\/\/www.trustedtranslations.com\/de\/sprache"},{"@type":"ListItem","position":3,"name":"Spanisch","item":"https:\/\/www.trustedtranslations.com\/de\/sprache\/spanisch"},{"@type":"ListItem","position":4,"name":"Merkmale des Spanischen","item":"https:\/\/www.trustedtranslations.com\/de\/sprache\/spanisch\/merkmale"},{"@type":"ListItem","position":5,"name":"Lateinamerikanisches Spanisch"}]},{"@type":"WebSite","@id":"https:\/\/www.trustedtranslations.com\/de\/#website","url":"https:\/\/www.trustedtranslations.com\/de\/","name":"Trusted Translations, Inc.","description":"Leader in translation and interpretation services.","publisher":{"@id":"https:\/\/www.trustedtranslations.com\/de\/#organization"},"alternateName":"Trusted Translations","potentialAction":[{"@type":"SearchAction","target":{"@type":"EntryPoint","urlTemplate":"https:\/\/www.trustedtranslations.com\/de\/?s={search_term_string}"},"query-input":{"@type":"PropertyValueSpecification","valueRequired":true,"valueName":"search_term_string"}}],"inLanguage":"de"},{"@type":"Organization","@id":"https:\/\/www.trustedtranslations.com\/de\/#organization","name":"Trusted Translations","alternateName":"Trusted Translations, Inc.","url":"https:\/\/www.trustedtranslations.com\/de\/","logo":{"@type":"ImageObject","inLanguage":"de","@id":"https:\/\/www.trustedtranslations.com\/de\/#\/schema\/logo\/image\/","url":"https:\/\/static.trustedtranslations.com\/wp-content\/uploads\/2022\/01\/TT_logo_WSIColors-2.png","contentUrl":"https:\/\/static.trustedtranslations.com\/wp-content\/uploads\/2022\/01\/TT_logo_WSIColors-2.png","width":500,"height":196,"caption":"Trusted Translations"},"image":{"@id":"https:\/\/www.trustedtranslations.com\/de\/#\/schema\/logo\/image\/"},"sameAs":["https:\/\/www.facebook.com\/Trusted.Translations","https:\/\/x.com\/TrustedT9ns","https:\/\/www.linkedin.com\/company\/trusted-translations"]}]}},"toolset-meta":{"dyk":{"mensaje-1":{"type":"textfield","raw":"Spanisch in Lateinamerika wird sowohl von englischen Medien als auch von indigenen Sprachen beeinflusst."},"mensaje-2":{"type":"textfield","raw":"In vielen lateinamerikanischen L\u00e4ndern werden Menschen mit vos statt mit t\u00fa angesprochen."},"mensaje-3":{"type":"textfield","raw":"Entdecker aus Andalusien beeinflussten die Aussprache des lateinamerikanischen Spanisch."},"mensaje-4":{"type":"textfield","raw":"In Lateinamerika gibt es mindestens 12 Hauptdialekte des Spanischen."},"mensaje-5":{"type":"textfield","raw":""},"mensaje-6":{"type":"textfield","raw":""}},"single-page-template-fields":{"imgs-temp":{"type":"image","raw":["https:\/\/static.trustedtranslations.com\/wp-content\/uploads\/2024\/07\/latin-american-1.webp"],"repeatable":[{"raw":"https:\/\/static.trustedtranslations.com\/wp-content\/uploads\/2024\/07\/latin-american-1.webp"}]},"imgs-temp-cel":{"type":"image","raw":[""],"repeatable":[{"raw":""}]},"img-temp-one-cel":{"type":"image","raw":"https:\/\/static.trustedtranslations.com\/wp-content\/uploads\/2024\/07\/latin-american-1res.webp","attachment_id":null},"quotes":{"type":"textarea","raw":"<h1 style=\"margin-bottom: 12px;\">\u00dcbersetzung in und aus dem lateinamerikanischen Spanisch<\/h1>\r\nDie Unterschiede zwischen lateinamerikanischem Spanisch und Kastilisch zu kennen ist entscheidend f\u00fcr den Erfolg in den Schwellenm\u00e4rkten Lateinamerikas. <em>Trusted Translations<\/em> bietet \u00dcbersetzer, die lateinamerikanisches Spanisch sprechen, f\u00fcr Ihre \u00dcbersetzungsanforderungen an.\r\n<div style=\"margin-top: 2.5vw;\"><a class=\"tt-btn-main-cta\" href=\"https:\/\/www.trustedtranslations.com\/de\/angebot\">Kostenlosen Kostenvoranschlag anfordern<\/a><\/div>"},"text-1":{"type":"textarea","raw":"<h2>Der Bedarf an gezielten spanischen \u00dcbersetzungen in Schwellenm\u00e4rkten<\/h2>Lateinamerika wurde als eine der vielversprechendsten \u201eWachstumsgrenzen\u201c der Welt beschrieben \u2013 eine Region voller Schwellenm\u00e4rkte, die ein enormes Potenzial f\u00fcr globale Investitionen und Unternehmen bergen.\r\n\r\nLateinamerika ist beispielsweise die Heimat des Mercosur, eines Handelsblocks (bestehend aus Argentinien, Paraguay, Brasilien und Uruguay), der die <a href=\"https:\/\/www.mercosur.int\/en\/\" target=\"_blank\" rel=\"noopener\">f\u00fcnftgr\u00f6\u00dfte Volkswirtschaft der Welt<\/a> darstellt und 2019 ein BIP von etwa 4,6 Billionen US-Dollar erzielte. Als <a href=\"https:\/\/news.crunchbase.com\/startups\/latin-america-venture-growth-startups-2021-monthly-recap\/\" target=\"_blank\" rel=\"noopener\">weltweit am schnellsten wachsende Region f\u00fcr Startups<\/a> hat Lateinamerika auch schnell wachsende M\u00e4rkte in den Bereichen Finanztechnologie, Mobile Gaming, E-Commerce, Gesundheitswesen und vielem mehr.\r\n\r\nAm wichtigsten ist, dass von den mehr als 500 Millionen Menschen weltweit, die Spanisch als Muttersprache sprechen, mehr als 300 Millionen in Lateinamerika leben. Um diese Schwellenm\u00e4rkte zu erreichen, ist eine sorgf\u00e4ltige \u00dcbersetzung ins lateinamerikanische Spanisch erforderlich.\r\n<h2>Was ist lateinamerikanisches Spanisch?<\/h2>\r\nZun\u00e4chst einmal ist \u201elateinamerikanisches Spanisch\u201c der breite, etwas willk\u00fcrliche Name, der verwendet wird, um die vielen Varianten des Spanischen zu erfassen, die in der gesamten Region vorkommen, jede mit ihren eigenen idiomatischen Ausdr\u00fccken und ihrem spezifischen Vokabular. Der Begriff wird h\u00e4ufig verwendet, um das lateinamerikanische Spanisch dem kastilischen Spanisch gegen\u00fcberzustellen, d. h. der Hauptform des Spanischen, das in Spanien verwendet wird.\r\n\r\nWas unterscheidet lateinamerikanisches Spanisch? Hier sind drei der Hauptbereiche, die Ihre spanischen \u00dcbersetzungsprojekte in Lateinamerika am st\u00e4rksten beeinflussen k\u00f6nnten.\r\n<h2>Nutzung der Massenmedien<\/h2>\r\nObwohl lateinamerikanisches Spanisch und kastilisches Spanisch gegenseitig verst\u00e4ndlich sind, so wie Sprecher von US-amerikanischem Englisch und britischem Englisch einander verstehen k\u00f6nnen, werden sie in den verschiedenen Medienbereichen unterschiedlich verwendet. Beispielsweise weicht der lateinamerikanische \u201eStandard\u201c vom kastilischen \u201eStandard\u201c-Register ab, das im Allgemeinen im Fernsehen und insbesondere in der <a href=\"https:\/\/www.trustedtranslations.com\/de\/dienstleistungen\/menschlich\/multimedia\" target=\"_blank\" rel=\"noopener\">Videosynchronisationsindustrie<\/a> verwendet wird. Sie m\u00fcssen die aktuellsten Normen f\u00fcr Ihre spezifische Branche und die gew\u00fcnschte Art der \u00dcbersetzung kennen.\r\n<h2>Grammatik und Aussprache<\/h2>\r\nDie reiche Geschichte Lateinamerikas im Laufe der Jahrhunderte nach der spanischen Kolonisierung hat zu zahlreichen sprachlichen Unterschieden zwischen diesen Regionen gef\u00fchrt. Zum Beispiel verwendet das lateinamerikanische Spanisch nicht das Pluralpronomen der zweiten Person <em>vosotros<\/em>, das in Spanien \u00fcblich ist.\r\n\r\nUmgekehrt verwenden lateinamerikanische Sprecher (je nach Land) <em>vos<\/em> als Singularpronomen der zweiten Person anstelle von\u00a0t\u00fa.\u00a0Dieses als <em>Voseo<\/em> bezeichnete Ph\u00e4nomen ist in Argentinien, Uruguay, Paraguay, El Salvador und anderen L\u00e4ndern weit verbreitet, wo es nicht nur in Gespr\u00e4chen, sondern auch in der Werbung, der Presse und anderswo die Norm ist."},"shortcode-map":{"type":"textfield","raw":""},"dyk-shortcode":{"type":"textfield","raw":"[elementor-template id=\"146647\"]"},"text-2":{"type":"textarea","raw":"<h2>Unterschiede im Wortschatz<\/h2>\r\nDer Einfluss des Englischen wird besonders deutlich in den Wortschatzunterschieden zwischen lateinamerikanischem Spanisch und kastilischem Spanisch. In Lateinamerika sind Lehnw\u00f6rter \u00fcblich, das hei\u00dft W\u00f6rter, die direkt aus dem Englischen stammen, ohne dass diese \u00fcbersetzt werden oder die Schreibweise an traditionelle sprachliche Normen angepasst wird.\r\n\r\nF\u00fcr Organisationen, die an technischen \u00dcbersetzungen arbeiten, k\u00f6nnen diese Vokabular\u00e4nderungen erhebliche Auswirkungen haben, insbesondere bei k\u00fcrzlich eingef\u00fchrten Fachbegriffen. So verwenden lateinamerikanische Spanischsprecher das Wort \u201eemail\u201c anstelle der w\u00f6rtlichen \u00dcbersetzung <em>correo electr\u00f3nico<\/em>, die in Spanien verwendet wird. In \u00e4hnlicher Weise w\u00fcrde ein Sprecher in Lateinamerika <em>la computadora<\/em> (Computer) sagen; in Spanien w\u00fcrde dieses Wort mit <em>el ordenador<\/em> \u00fcbersetzt werden. Jede \u00dcbersetzung w\u00fcrde Benutzern aus der anderen Region bizarr erscheinen.\r\n\r\nAuch wenn Englisch nicht die Ursache f\u00fcr einen Vokabularunterschied ist, seien Sie vorsichtig: es gibt viele W\u00f6rter, die in einer Art Spanisch banal sind, aber in anderen sehr anst\u00f6\u00dfige Konnotationen haben! Um versehentliche Fehler oder schreckliche Fauxpas zu vermeiden, arbeiten Sie mit \u00dcbersetzern zusammen, die den Slang, Jargon und die kulturellen Redewendungen Ihrer Zielregion flie\u00dfend beherrschen.\r\n<h2>Verschiedene Arten von lateinamerikanischem Spanisch<\/h2>\r\nSpanisch ist eine Amts- oder Landessprache in 21 L\u00e4ndern auf der ganzen Welt, mit einer bemerkenswerten Vielfalt, die auf die Diversit\u00e4t Lateinamerikas zur\u00fcckzuf\u00fchren ist. Der Unterschied zwischen dem Spanisch, das in Mexico City gesprochen wird, und dem Spanisch, das in Buenos Aires gesprochen wird, ist bedeutend \u2013 genauso gro\u00df wie die Unterschiede zwischen dem Spanisch beider L\u00e4nder und dem in Madrid gesprochenen.\r\n\r\nDar\u00fcber hinaus hat jedes lateinamerikanische Land interne Variationen von Akzent und Dialekt, die jeweils von Geschichte, Geographie und Kultur beeinflusst sind, einschlie\u00dflich des Kontakts mit indigenen Sprachen sowie mit Englisch. Daher ist es wichtig, dass Sie die Zielgruppe Ihrer Inhalte verstehen und f\u00fcr Ihre \u00dcbersetzungsprojekte lateinamerikanische Muttersprachler einsetzen.\r\n<h2>Auswahl der richtigen spanischen Lokalisierung<\/h2>\r\nWie finden Sie also die richtige spanische Lokalisierung f\u00fcr Ihr Unternehmen? Unsere \u00dcbersetzer bei <em>Trusted Translations<\/em> kennen sich bestens mit den Nuancen der \u00dcbersetzung von Inhalten ins lateinamerikanische Spanisch aus.\r\n\r\nAls Teil unseres anf\u00e4nglichen Bewertungsprozesses helfen Ihnen unsere Experten, die beste Wahl von Spanisch zu treffen, basierend auf Ihren speziellen Kommunikationsbed\u00fcrfnissen, dem Ziel Ihres Unternehmens, Ihrem Budget und der Zielgruppe, die Sie ansprechen m\u00f6chten. Dies k\u00f6nnte mit einer \u201eneutralen\u201c spanischen \u00dcbersetzung beginnen, die in ganz Lateinamerika verst\u00e4ndlich ist und die wir dann gemeinsam mit Ihnen f\u00fcr bestimmte Regionen lokalisieren k\u00f6nnen.\r\n\r\nMit einem gro\u00dfen Netzwerk von zweisprachigen lateinamerikanischen Spanisch-\u00dcbersetzern in den jeweiligen L\u00e4ndern ist <em>Trusted Translations<\/em> der ausgew\u00e4hlte \u00dcbersetzungspartner der renommiertesten Organisationen weltweit. Kontaktieren Sie uns noch heute, um mehr \u00fcber unsere kosteng\u00fcnstigen L\u00f6sungen f\u00fcr lateinamerikanische Spanisch\u00fcbersetzungen zu erfahren."},"state":{"type":"textfield","raw":""},"city":{"type":"textarea","raw":[]}}},"_links":{"self":[{"href":"https:\/\/www.trustedtranslations.com\/de\/wp-json\/wp\/v2\/pages\/181281","targetHints":{"allow":["GET"]}}],"collection":[{"href":"https:\/\/www.trustedtranslations.com\/de\/wp-json\/wp\/v2\/pages"}],"about":[{"href":"https:\/\/www.trustedtranslations.com\/de\/wp-json\/wp\/v2\/types\/page"}],"author":[{"embeddable":true,"href":"https:\/\/www.trustedtranslations.com\/de\/wp-json\/wp\/v2\/users\/1"}],"replies":[{"embeddable":true,"href":"https:\/\/www.trustedtranslations.com\/de\/wp-json\/wp\/v2\/comments?post=181281"}],"version-history":[{"count":0,"href":"https:\/\/www.trustedtranslations.com\/de\/wp-json\/wp\/v2\/pages\/181281\/revisions"}],"up":[{"embeddable":true,"href":"https:\/\/www.trustedtranslations.com\/de\/wp-json\/wp\/v2\/pages\/181386"}],"wp:featuredmedia":[{"embeddable":true,"href":"https:\/\/www.trustedtranslations.com\/de\/wp-json\/wp\/v2\/media\/160117"}],"wp:attachment":[{"href":"https:\/\/www.trustedtranslations.com\/de\/wp-json\/wp\/v2\/media?parent=181281"}],"curies":[{"name":"wp","href":"https:\/\/api.w.org\/{rel}","templated":true}]}}