{"id":181388,"date":"2023-02-01T19:10:18","date_gmt":"2023-02-01T22:10:18","guid":{"rendered":"https:\/\/www.trustedtranslations.com\/?page_id=181388"},"modified":"2024-09-06T14:09:42","modified_gmt":"2024-09-06T17:09:42","slug":"spanish-translator","status":"publish","type":"page","link":"https:\/\/www.trustedtranslations.com\/de\/sprache\/spanisch\/spanish-translator","title":{"rendered":"Spanisch\u00fcbersetzer"},"content":{"rendered":"","protected":false},"excerpt":{"rendered":"","protected":false},"author":1,"featured_media":160117,"parent":129478,"menu_order":0,"comment_status":"closed","ping_status":"closed","template":"","meta":{"site-sidebar-layout":"default","site-content-layout":"default","ast-site-content-layout":"default","site-content-style":"default","site-sidebar-style":"default","ast-global-header-display":"","ast-banner-title-visibility":"","ast-main-header-display":"","ast-hfb-above-header-display":"","ast-hfb-below-header-display":"","ast-hfb-mobile-header-display":"","site-post-title":"disabled","ast-breadcrumbs-content":"","ast-featured-img":"","footer-sml-layout":"","ast-disable-related-posts":"","theme-transparent-header-meta":"default","adv-header-id-meta":"","stick-header-meta":"","header-above-stick-meta":"","header-main-stick-meta":"","header-below-stick-meta":"","astra-migrate-meta-layouts":"set","ast-page-background-enabled":"default","ast-page-background-meta":{"desktop":{"background-color":"var(--ast-global-color-4)","background-image":"","background-repeat":"repeat","background-position":"center center","background-size":"auto","background-attachment":"scroll","background-type":"","background-media":"","overlay-type":"","overlay-color":"","overlay-opacity":"","overlay-gradient":""},"tablet":{"background-color":"","background-image":"","background-repeat":"repeat","background-position":"center center","background-size":"auto","background-attachment":"scroll","background-type":"","background-media":"","overlay-type":"","overlay-color":"","overlay-opacity":"","overlay-gradient":""},"mobile":{"background-color":"","background-image":"","background-repeat":"repeat","background-position":"center center","background-size":"auto","background-attachment":"scroll","background-type":"","background-media":"","overlay-type":"","overlay-color":"","overlay-opacity":"","overlay-gradient":""}},"ast-content-background-meta":{"desktop":{"background-color":"var(--ast-global-color-5)","background-image":"","background-repeat":"repeat","background-position":"center center","background-size":"auto","background-attachment":"scroll","background-type":"","background-media":"","overlay-type":"","overlay-color":"","overlay-opacity":"","overlay-gradient":""},"tablet":{"background-color":"var(--ast-global-color-5)","background-image":"","background-repeat":"repeat","background-position":"center center","background-size":"auto","background-attachment":"scroll","background-type":"","background-media":"","overlay-type":"","overlay-color":"","overlay-opacity":"","overlay-gradient":""},"mobile":{"background-color":"var(--ast-global-color-5)","background-image":"","background-repeat":"repeat","background-position":"center center","background-size":"auto","background-attachment":"scroll","background-type":"","background-media":"","overlay-type":"","overlay-color":"","overlay-opacity":"","overlay-gradient":""}},"footnotes":""},"class_list":["post-181388","page","type-page","status-publish","has-post-thumbnail","hentry"],"yoast_head":"<!-- This site is optimized with the Yoast SEO plugin v27.3 - https:\/\/yoast.com\/product\/yoast-seo-wordpress\/ -->\n<title>Spanische Muttersprachler-\u00dcbersetzer \u2013 Trusted Translations, Inc.<\/title>\n<meta name=\"description\" content=\"Trusted Translations bietet professionelle Spanisch-\u00dcbersetzungsdienstleistungen an. Muttersprachler sorgen f\u00fcr pr\u00e4zise und kulturell relevante \u00dcbersetzungen. Kostenloses Angebot anfordern.\" \/>\n<meta name=\"robots\" content=\"index, follow, max-snippet:-1, max-image-preview:large, max-video-preview:-1\" \/>\n<link rel=\"canonical\" href=\"https:\/\/www.trustedtranslations.com\/de\/sprache\/spanisch\/spanish-translator\" \/>\n<meta property=\"og:locale\" content=\"de_DE\" \/>\n<meta property=\"og:type\" content=\"article\" \/>\n<meta property=\"og:title\" content=\"Spanische Muttersprachler-\u00dcbersetzer \u2013 Trusted Translations, Inc.\" \/>\n<meta property=\"og:description\" content=\"Trusted Translations bietet professionelle Spanisch-\u00dcbersetzungsdienstleistungen an. Muttersprachler sorgen f\u00fcr pr\u00e4zise und kulturell relevante \u00dcbersetzungen. Kostenloses Angebot anfordern.\" \/>\n<meta property=\"og:url\" content=\"https:\/\/www.trustedtranslations.com\/de\/sprache\/spanisch\/spanish-translator\" \/>\n<meta property=\"og:site_name\" content=\"Trusted Translations, Inc.\" \/>\n<meta property=\"article:publisher\" content=\"https:\/\/www.facebook.com\/Trusted.Translations\" \/>\n<meta property=\"article:modified_time\" content=\"2024-09-06T17:09:42+00:00\" \/>\n<meta property=\"og:image\" content=\"https:\/\/static.trustedtranslations.com\/wp-content\/uploads\/2022\/08\/TT_NEW_FB-1.png\" \/>\n\t<meta property=\"og:image:width\" content=\"1\" \/>\n\t<meta property=\"og:image:height\" content=\"1\" \/>\n\t<meta property=\"og:image:type\" content=\"image\/jpeg\" \/>\n<meta name=\"twitter:card\" content=\"summary_large_image\" \/>\n<meta name=\"twitter:site\" content=\"@TrustedT9ns\" \/>\n<script type=\"application\/ld+json\" class=\"yoast-schema-graph\">{\"@context\":\"https:\\\/\\\/schema.org\",\"@graph\":[{\"@type\":\"WebPage\",\"@id\":\"https:\\\/\\\/www.trustedtranslations.com\\\/de\\\/sprache\\\/spanisch\\\/spanish-translator\",\"url\":\"https:\\\/\\\/www.trustedtranslations.com\\\/de\\\/sprache\\\/spanisch\\\/spanish-translator\",\"name\":\"Spanische Muttersprachler-\u00dcbersetzer \u2013 Trusted Translations, Inc.\",\"isPartOf\":{\"@id\":\"https:\\\/\\\/www.trustedtranslations.com\\\/de\\\/#website\"},\"primaryImageOfPage\":{\"@id\":\"https:\\\/\\\/www.trustedtranslations.com\\\/de\\\/sprache\\\/spanisch\\\/spanish-translator#primaryimage\"},\"image\":{\"@id\":\"https:\\\/\\\/www.trustedtranslations.com\\\/de\\\/sprache\\\/spanisch\\\/spanish-translator#primaryimage\"},\"thumbnailUrl\":\"https:\\\/\\\/www.trustedtranslations.com\\\/wp-content\\\/uploads\\\/2022\\\/08\\\/TT_NEW_FB-1.png\",\"description\":\"Trusted Translations bietet professionelle Spanisch-\u00dcbersetzungsdienstleistungen an. Muttersprachler sorgen f\u00fcr pr\u00e4zise und kulturell relevante \u00dcbersetzungen. Kostenloses Angebot anfordern.\",\"breadcrumb\":{\"@id\":\"https:\\\/\\\/www.trustedtranslations.com\\\/de\\\/sprache\\\/spanisch\\\/spanish-translator#breadcrumb\"},\"inLanguage\":\"de\",\"potentialAction\":[{\"@type\":\"ReadAction\",\"target\":[\"https:\\\/\\\/www.trustedtranslations.com\\\/de\\\/sprache\\\/spanisch\\\/spanish-translator\"]}]},{\"@type\":\"ImageObject\",\"inLanguage\":\"de\",\"@id\":\"https:\\\/\\\/www.trustedtranslations.com\\\/de\\\/sprache\\\/spanisch\\\/spanish-translator#primaryimage\",\"url\":\"https:\\\/\\\/www.trustedtranslations.com\\\/wp-content\\\/uploads\\\/2022\\\/08\\\/TT_NEW_FB-1.png\",\"contentUrl\":\"https:\\\/\\\/www.trustedtranslations.com\\\/wp-content\\\/uploads\\\/2022\\\/08\\\/TT_NEW_FB-1.png\",\"caption\":\"TT NEW FB 1\"},{\"@type\":\"BreadcrumbList\",\"@id\":\"https:\\\/\\\/www.trustedtranslations.com\\\/de\\\/sprache\\\/spanisch\\\/spanish-translator#breadcrumb\",\"itemListElement\":[{\"@type\":\"ListItem\",\"position\":1,\"name\":\"Home\",\"item\":\"https:\\\/\\\/www.trustedtranslations.com\\\/de\"},{\"@type\":\"ListItem\",\"position\":2,\"name\":\"Sprachen\",\"item\":\"https:\\\/\\\/www.trustedtranslations.com\\\/de\\\/sprache\"},{\"@type\":\"ListItem\",\"position\":3,\"name\":\"Spanisch\",\"item\":\"https:\\\/\\\/www.trustedtranslations.com\\\/de\\\/sprache\\\/spanisch\"},{\"@type\":\"ListItem\",\"position\":4,\"name\":\"Spanisch\u00fcbersetzer\"}]},{\"@type\":\"WebSite\",\"@id\":\"https:\\\/\\\/www.trustedtranslations.com\\\/de\\\/#website\",\"url\":\"https:\\\/\\\/www.trustedtranslations.com\\\/de\\\/\",\"name\":\"Trusted Translations, Inc.\",\"description\":\"Leader in translation and interpretation services.\",\"publisher\":{\"@id\":\"https:\\\/\\\/www.trustedtranslations.com\\\/de\\\/#organization\"},\"alternateName\":\"Trusted Translations\",\"potentialAction\":[{\"@type\":\"SearchAction\",\"target\":{\"@type\":\"EntryPoint\",\"urlTemplate\":\"https:\\\/\\\/www.trustedtranslations.com\\\/de\\\/?s={search_term_string}\"},\"query-input\":{\"@type\":\"PropertyValueSpecification\",\"valueRequired\":true,\"valueName\":\"search_term_string\"}}],\"inLanguage\":\"de\"},{\"@type\":\"Organization\",\"@id\":\"https:\\\/\\\/www.trustedtranslations.com\\\/de\\\/#organization\",\"name\":\"Trusted Translations\",\"alternateName\":\"Trusted Translations, Inc.\",\"url\":\"https:\\\/\\\/www.trustedtranslations.com\\\/de\\\/\",\"logo\":{\"@type\":\"ImageObject\",\"inLanguage\":\"de\",\"@id\":\"https:\\\/\\\/www.trustedtranslations.com\\\/de\\\/#\\\/schema\\\/logo\\\/image\\\/\",\"url\":\"https:\\\/\\\/static.trustedtranslations.com\\\/wp-content\\\/uploads\\\/2022\\\/01\\\/TT_logo_WSIColors-2.png\",\"contentUrl\":\"https:\\\/\\\/static.trustedtranslations.com\\\/wp-content\\\/uploads\\\/2022\\\/01\\\/TT_logo_WSIColors-2.png\",\"width\":500,\"height\":196,\"caption\":\"Trusted Translations\"},\"image\":{\"@id\":\"https:\\\/\\\/www.trustedtranslations.com\\\/de\\\/#\\\/schema\\\/logo\\\/image\\\/\"},\"sameAs\":[\"https:\\\/\\\/www.facebook.com\\\/Trusted.Translations\",\"https:\\\/\\\/x.com\\\/TrustedT9ns\",\"https:\\\/\\\/www.linkedin.com\\\/company\\\/trusted-translations\"]}]}<\/script>\n<!-- \/ Yoast SEO plugin. -->","yoast_head_json":{"title":"Spanische Muttersprachler-\u00dcbersetzer \u2013 Trusted Translations, Inc.","description":"Trusted Translations bietet professionelle Spanisch-\u00dcbersetzungsdienstleistungen an. Muttersprachler sorgen f\u00fcr pr\u00e4zise und kulturell relevante \u00dcbersetzungen. Kostenloses Angebot anfordern.","robots":{"index":"index","follow":"follow","max-snippet":"max-snippet:-1","max-image-preview":"max-image-preview:large","max-video-preview":"max-video-preview:-1"},"canonical":"https:\/\/www.trustedtranslations.com\/de\/sprache\/spanisch\/spanish-translator","og_locale":"de_DE","og_type":"article","og_title":"Spanische Muttersprachler-\u00dcbersetzer \u2013 Trusted Translations, Inc.","og_description":"Trusted Translations bietet professionelle Spanisch-\u00dcbersetzungsdienstleistungen an. Muttersprachler sorgen f\u00fcr pr\u00e4zise und kulturell relevante \u00dcbersetzungen. Kostenloses Angebot anfordern.","og_url":"https:\/\/www.trustedtranslations.com\/de\/sprache\/spanisch\/spanish-translator","og_site_name":"Trusted Translations, Inc.","article_publisher":"https:\/\/www.facebook.com\/Trusted.Translations","article_modified_time":"2024-09-06T17:09:42+00:00","og_image":[{"url":"https:\/\/static.trustedtranslations.com\/wp-content\/uploads\/2022\/08\/TT_NEW_FB-1.png","width":1,"height":1,"type":"image\/jpeg"}],"twitter_card":"summary_large_image","twitter_site":"@TrustedT9ns","schema":{"@context":"https:\/\/schema.org","@graph":[{"@type":"WebPage","@id":"https:\/\/www.trustedtranslations.com\/de\/sprache\/spanisch\/spanish-translator","url":"https:\/\/www.trustedtranslations.com\/de\/sprache\/spanisch\/spanish-translator","name":"Spanische Muttersprachler-\u00dcbersetzer \u2013 Trusted Translations, Inc.","isPartOf":{"@id":"https:\/\/www.trustedtranslations.com\/de\/#website"},"primaryImageOfPage":{"@id":"https:\/\/www.trustedtranslations.com\/de\/sprache\/spanisch\/spanish-translator#primaryimage"},"image":{"@id":"https:\/\/www.trustedtranslations.com\/de\/sprache\/spanisch\/spanish-translator#primaryimage"},"thumbnailUrl":"https:\/\/www.trustedtranslations.com\/wp-content\/uploads\/2022\/08\/TT_NEW_FB-1.png","description":"Trusted Translations bietet professionelle Spanisch-\u00dcbersetzungsdienstleistungen an. Muttersprachler sorgen f\u00fcr pr\u00e4zise und kulturell relevante \u00dcbersetzungen. Kostenloses Angebot anfordern.","breadcrumb":{"@id":"https:\/\/www.trustedtranslations.com\/de\/sprache\/spanisch\/spanish-translator#breadcrumb"},"inLanguage":"de","potentialAction":[{"@type":"ReadAction","target":["https:\/\/www.trustedtranslations.com\/de\/sprache\/spanisch\/spanish-translator"]}]},{"@type":"ImageObject","inLanguage":"de","@id":"https:\/\/www.trustedtranslations.com\/de\/sprache\/spanisch\/spanish-translator#primaryimage","url":"https:\/\/www.trustedtranslations.com\/wp-content\/uploads\/2022\/08\/TT_NEW_FB-1.png","contentUrl":"https:\/\/www.trustedtranslations.com\/wp-content\/uploads\/2022\/08\/TT_NEW_FB-1.png","caption":"TT NEW FB 1"},{"@type":"BreadcrumbList","@id":"https:\/\/www.trustedtranslations.com\/de\/sprache\/spanisch\/spanish-translator#breadcrumb","itemListElement":[{"@type":"ListItem","position":1,"name":"Home","item":"https:\/\/www.trustedtranslations.com\/de"},{"@type":"ListItem","position":2,"name":"Sprachen","item":"https:\/\/www.trustedtranslations.com\/de\/sprache"},{"@type":"ListItem","position":3,"name":"Spanisch","item":"https:\/\/www.trustedtranslations.com\/de\/sprache\/spanisch"},{"@type":"ListItem","position":4,"name":"Spanisch\u00fcbersetzer"}]},{"@type":"WebSite","@id":"https:\/\/www.trustedtranslations.com\/de\/#website","url":"https:\/\/www.trustedtranslations.com\/de\/","name":"Trusted Translations, Inc.","description":"Leader in translation and interpretation services.","publisher":{"@id":"https:\/\/www.trustedtranslations.com\/de\/#organization"},"alternateName":"Trusted Translations","potentialAction":[{"@type":"SearchAction","target":{"@type":"EntryPoint","urlTemplate":"https:\/\/www.trustedtranslations.com\/de\/?s={search_term_string}"},"query-input":{"@type":"PropertyValueSpecification","valueRequired":true,"valueName":"search_term_string"}}],"inLanguage":"de"},{"@type":"Organization","@id":"https:\/\/www.trustedtranslations.com\/de\/#organization","name":"Trusted Translations","alternateName":"Trusted Translations, Inc.","url":"https:\/\/www.trustedtranslations.com\/de\/","logo":{"@type":"ImageObject","inLanguage":"de","@id":"https:\/\/www.trustedtranslations.com\/de\/#\/schema\/logo\/image\/","url":"https:\/\/static.trustedtranslations.com\/wp-content\/uploads\/2022\/01\/TT_logo_WSIColors-2.png","contentUrl":"https:\/\/static.trustedtranslations.com\/wp-content\/uploads\/2022\/01\/TT_logo_WSIColors-2.png","width":500,"height":196,"caption":"Trusted Translations"},"image":{"@id":"https:\/\/www.trustedtranslations.com\/de\/#\/schema\/logo\/image\/"},"sameAs":["https:\/\/www.facebook.com\/Trusted.Translations","https:\/\/x.com\/TrustedT9ns","https:\/\/www.linkedin.com\/company\/trusted-translations"]}]}},"toolset-meta":{"dyk":{"mensaje-1":{"type":"textfield","raw":"Trusted Translations verf\u00fcgt im Team \u00fcber mehr als 5.000 bew\u00e4hrte \u00dcbersetzer und Experten f\u00fcr die spanische Sprache.\u00a0"},"mensaje-2":{"type":"textfield","raw":"Unsere spanischen \u00dcbersetzer k\u00f6nnen Ihr Projekt f\u00fcr bestimmte spanischsprachige Regionen lokalisieren."},"mensaje-3":{"type":"textfield","raw":"Wir bieten auch spanisches Korrekturlesen f\u00fcr \u00dcbersetzungen an, die von einer anderen Quelle erstellt wurden."},"mensaje-4":{"type":"textfield","raw":"Unsere \u00dcbersetzer k\u00f6nnen Ihnen helfen, die Art von Spanisch zu finden, die am besten zu Ihrem Projekt passt."},"mensaje-5":{"type":"textfield","raw":""},"mensaje-6":{"type":"textfield","raw":""}},"single-page-template-fields":{"imgs-temp":{"type":"image","raw":["https:\/\/static.trustedtranslations.com\/wp-content\/uploads\/2024\/06\/spanish-translator-1.webp"],"repeatable":[{"raw":"https:\/\/static.trustedtranslations.com\/wp-content\/uploads\/2024\/06\/spanish-translator-1.webp"}]},"imgs-temp-cel":{"type":"image","raw":[""],"repeatable":[{"raw":""}]},"img-temp-one-cel":{"type":"image","raw":"https:\/\/static.trustedtranslations.com\/wp-content\/uploads\/2024\/06\/spanish-translator-res.webp","attachment_id":null},"quotes":{"type":"textarea","raw":"<h1 style=\"margin-bottom: 12px;\">Muttersprachliche Spanisch-\u00dcbersetzungsteams<\/h1>Muttersprachliche Spanisch sprechende \u00dcbersetzer sind ein Muss, um sicherzustellen, dass Ihre \u00dcbersetzungen bei Ihrem gew\u00fcnschten Publikum Anklang finden. Trusted Translations bietet hochwertige, professionelle Spanisch\u00fcbersetzer zu den g\u00fcnstigsten Preisen der Branche.<div style=\"margin-top: 2.5vw;\"><a class=\"tt-btn-main-cta\" href=\"\/de\/angebot\">KOSTENLOSEN KOSTENVORANSCHLAG ANFORDERN<\/a><\/div>"},"text-1":{"type":"textarea","raw":"<h2>Warum muttersprachliche Spanisch\u00fcbersetzungen f\u00fcr den weltweiten Erfolg unabdingbar sind<\/h2><p>Auf der ganzen Welt ziehen es Verbraucher vor, Produkte und Dienstleistungen zu kaufen, die in ihrer Muttersprache beworben werden \u2013 und Spanisch ist da nicht anders. Wenn es um die spanische Sprache geht, erfordern ihre weltweite Popularit\u00e4t und ihre vielf\u00e4ltigen Varianten \u00dcbersetzer mit muttersprachlichen Sprachkenntnissen.<\/p>\r\n<p>Ihre \u00dcbersetzungsprojekte ben\u00f6tigen \u00dcbersetzer, die nicht nur dieses Niveau an sprachlichen F\u00e4higkeiten erf\u00fcllen, sondern auch mit Ihren Branchenstandards sowie mit den kulturellen Nuancen Ihres Zielmarktes\/Ihrer Zielm\u00e4rkte vertraut sind.<\/p>\r\n<p>Bei <em>Trusted Translations<\/em> ist jeder unserer professionellen Spanisch\u00fcbersetzer auf eine oder mehrere Spanischvarianten spezialisiert und verf\u00fcgt \u00fcber branchenspezifisches Fachwissen. Da unsere \u00dcbersetzer au\u00dferdem intern arbeiten, liefern sie qualitativ hochwertige Arbeit zu wettbewerbsf\u00e4higen Preisen.<\/p>\r\n<h2 style=\"margin-bottom:20px\">Englisch-Spanisch-\u00dcbersetzer<\/h2>\r\n<p>Unsere Teams aus professionellen Englisch-Spanisch-\u00dcbersetzern sind auf umfangreiche, komplexe Englisch-Spanisch-\u00dcbersetzungen spezialisiert. Als f\u00fchrende \u00dcbersetzer erf\u00fcllt und \u00fcbertrifft ihre Arbeit die ISO-Qualit\u00e4tsstandards. Unabh\u00e4ngig von der Art des Inhalts oder des Themas bringen unsere Englisch-Spanisch-\u00dcbersetzer eine F\u00fclle von fachspezifischen Kenntnissen und Erfahrungen mit.<\/p>\r\n<p>Dazu geh\u00f6rt Fachwissen in den folgenden Bereichen: Finanzen, Informationstechnologie (IT), Vertrieb, Marketing, Medien, Recht, Reisen, Software, Wirtschaft, Telekommunikation, Unternehmen, Technik, \u00d6ffentlichkeitsarbeit (PR), Medizin, Beh\u00f6rden und Versicherungen, um nur einige zu nennen.<\/p>\r\n<h2 style=\"margin-bottom:20px\">Full-Service-\u00dcbersetzungsteams<\/h2>\r\n<p>Unsere \u00dcbersetzer geh\u00f6ren zu den Besten ihrer Fachgebiete; sie sind sorgf\u00e4ltig ausgew\u00e4hlt, hochqualifiziert und gut getestet. <em>Trusted Translations<\/em> geht dann noch einen Schritt weiter, indem es jedes Projekt einem branchenspezifischen Spanisch\u00fcbersetzer zuweist, um die Genauigkeit zu gew\u00e4hrleisten. Dar\u00fcber hinaus wird jede \u00dcbersetzung ohne zus\u00e4tzliche Kosten von einem unabh\u00e4ngigen spanischen \u00dcbersetzungsexperten bearbeitet und Korrektur gelesen, um die Qualit\u00e4t jeder \u00dcbersetzung sicherzustellen.<\/p>\r\n<p>Dieser dreistufige Prozess liefert Qualit\u00e4t und Pr\u00e4zision, unabh\u00e4ngig von Projekt- oder Unternehmensgr\u00f6\u00dfe und -komplexit\u00e4t. Als zus\u00e4tzlichen Vorteil haben wir auch spanische Desktop-Publishing-Experten und Projektmanager im Team, die als Ressourcen f\u00fcr jedes Projekt eingesetzt werden.<\/p>\r\n<p><em>Trusted Translations<\/em> m\u00f6chte Ihre Komplettl\u00f6sung f\u00fcr spanische \u00dcbersetzungen sein. Vor diesem Hintergrund bieten unsere Teams aus erfahrenen \u00dcbersetzern auch spanische Korrekturlesedienste f\u00fcr \u00dcbersetzungen an, die von einer anderen Quelle angefertigt wurden.<\/p>"},"shortcode-map":{"type":"textfield","raw":""},"dyk-shortcode":{"type":"textfield","raw":"[elementor-template id=\"146647\"]"},"text-2":{"type":"textarea","raw":"<h2 style=\"margin-bottom:20px\">Professionelle und vertrauliche \u00dcbersetzer<\/h2>\r\nAlle Spanisch\u00fcbersetzer von <em>Trusted Translations<\/em> sind an Gesch\u00e4ftsgeheimnisse und Vertraulichkeitsvereinbarungen gebunden.\u00a0Wir nehmen Vertraulichkeits- und Sicherheitsfragen sehr ernst. Unsere \u00dcbersetzer sind sich der sensiblen Natur bestimmter Inhalte bewusst und respektieren stets die Privatsph\u00e4re jedes Kunden.\r\n<h2 style=\"margin-bottom:20px\">\u00dcbersetzer mit Spezialisierung auf spanische Lokalisierung<\/h2>\r\nDie professionellen Spanisch-\u00dcbersetzerteams von <em>Trusted Translations<\/em> sind mit \u00dcbersetzungen aus dem neutralen Spanischen, die in fast allen spanischsprachigen L\u00e4ndern angewendet und verwendet werden k\u00f6nnen, bestens vertraut. Dies ist eine ausgezeichnete Option f\u00fcr ein Produkt oder ein Unternehmen, das gerade erst anf\u00e4ngt, ein bestimmtes neues Marktsegment auszuprobieren, oder mit einem knappen Budget auskommen muss.\r\n\r\nWenn Sie sich jedoch direkt an ein bestimmtes Publikum wenden wollen, z. B. an Mexiko oder die hispanische Gemeinschaft in den USA, sollten Sie die Sprache gem\u00e4\u00df des lokalen spanischen Dialekts \u201elokalisieren\u201c. <em>Trusted Translations<\/em> ist stolz darauf, Fachkompetenz und Marktvertrautheit in diesem Bereich zusammen mit Sprachbeherrschung anzubieten. Und wenn Sie sich nicht sicher sind, was f\u00fcr Ihr Projekt das Richtige ist, helfen Ihnen unsere erfahrenen Englisch-Spanisch-\u00dcbersetzer, eine fundierte Entscheidung zu treffen.\r\n\r\nUnsere Spanisch-\u00dcbersetzungsabteilung besteht aus professionellen Teams, darunter: argentinische \u00dcbersetzer, bolivianische \u00dcbersetzer, kolumbianische \u00dcbersetzer, costaricanische \u00dcbersetzer, chilenische \u00dcbersetzer, kubanische \u00dcbersetzer, dominikanische \u00dcbersetzer, ecuadorianische \u00dcbersetzer, salvadorianische \u00dcbersetzer, guatemaltekische \u00dcbersetzer, honduranische \u00dcbersetzer, mexikanische \u00dcbersetzer, nicaraguanische \u00dcbersetzer, panamaische \u00dcbersetzer, paraguayische \u00dcbersetzer, peruanische \u00dcbersetzer, puertoricanische \u00dcbersetzer, spanische (Spanien) \u00dcbersetzer, uruguayische \u00dcbersetzer, venezolanische \u00dcbersetzer und \u00dcbersetzerteams aus den USA.\r\n\r\n<em>Trusted Translations<\/em> ist stolz darauf, seinen Kunden den Goldstandard f\u00fcr Spanisch-\u00dcbersetzungsteams anbieten zu k\u00f6nnen. Wenden Sie sich noch heute an uns, um mehr dar\u00fcber zu erfahren, wie wir Ihren Bedarf an Spanisch-\u00dcbersetzungen decken k\u00f6nnen."},"state":{"type":"textfield","raw":""},"city":{"type":"textarea","raw":[]}}},"_links":{"self":[{"href":"https:\/\/www.trustedtranslations.com\/de\/wp-json\/wp\/v2\/pages\/181388","targetHints":{"allow":["GET"]}}],"collection":[{"href":"https:\/\/www.trustedtranslations.com\/de\/wp-json\/wp\/v2\/pages"}],"about":[{"href":"https:\/\/www.trustedtranslations.com\/de\/wp-json\/wp\/v2\/types\/page"}],"author":[{"embeddable":true,"href":"https:\/\/www.trustedtranslations.com\/de\/wp-json\/wp\/v2\/users\/1"}],"replies":[{"embeddable":true,"href":"https:\/\/www.trustedtranslations.com\/de\/wp-json\/wp\/v2\/comments?post=181388"}],"version-history":[{"count":0,"href":"https:\/\/www.trustedtranslations.com\/de\/wp-json\/wp\/v2\/pages\/181388\/revisions"}],"up":[{"embeddable":true,"href":"https:\/\/www.trustedtranslations.com\/de\/wp-json\/wp\/v2\/pages\/129478"}],"wp:featuredmedia":[{"embeddable":true,"href":"https:\/\/www.trustedtranslations.com\/de\/wp-json\/wp\/v2\/media\/160117"}],"wp:attachment":[{"href":"https:\/\/www.trustedtranslations.com\/de\/wp-json\/wp\/v2\/media?parent=181388"}],"curies":[{"name":"wp","href":"https:\/\/api.w.org\/{rel}","templated":true}]}}