{"id":181390,"date":"2023-02-01T19:10:37","date_gmt":"2023-02-01T22:10:37","guid":{"rendered":"https:\/\/www.trustedtranslations.com\/?page_id=181390"},"modified":"2025-09-15T17:26:31","modified_gmt":"2025-09-15T20:26:31","slug":"uebersetzungsdienstleistungen-in-die-und-aus-der-spanischen-sprache","status":"publish","type":"page","link":"https:\/\/www.trustedtranslations.com\/de\/sprache\/spanisch\/uebersetzungsdienstleistungen-in-die-und-aus-der-spanischen-sprache","title":{"rendered":"\u00dcbersetzungsdienstleistungen in die und aus der spanischen Sprache"},"content":{"rendered":"","protected":false},"excerpt":{"rendered":"","protected":false},"author":1,"featured_media":160117,"parent":129478,"menu_order":0,"comment_status":"closed","ping_status":"closed","template":"","meta":{"site-sidebar-layout":"default","site-content-layout":"default","ast-site-content-layout":"default","site-content-style":"default","site-sidebar-style":"default","ast-global-header-display":"","ast-banner-title-visibility":"","ast-main-header-display":"","ast-hfb-above-header-display":"","ast-hfb-below-header-display":"","ast-hfb-mobile-header-display":"","site-post-title":"disabled","ast-breadcrumbs-content":"","ast-featured-img":"","footer-sml-layout":"","ast-disable-related-posts":"","theme-transparent-header-meta":"default","adv-header-id-meta":"","stick-header-meta":"","header-above-stick-meta":"","header-main-stick-meta":"","header-below-stick-meta":"","astra-migrate-meta-layouts":"set","ast-page-background-enabled":"default","ast-page-background-meta":{"desktop":{"background-color":"var(--ast-global-color-4)","background-image":"","background-repeat":"repeat","background-position":"center center","background-size":"auto","background-attachment":"scroll","background-type":"","background-media":"","overlay-type":"","overlay-color":"","overlay-opacity":"","overlay-gradient":""},"tablet":{"background-color":"","background-image":"","background-repeat":"repeat","background-position":"center center","background-size":"auto","background-attachment":"scroll","background-type":"","background-media":"","overlay-type":"","overlay-color":"","overlay-opacity":"","overlay-gradient":""},"mobile":{"background-color":"","background-image":"","background-repeat":"repeat","background-position":"center center","background-size":"auto","background-attachment":"scroll","background-type":"","background-media":"","overlay-type":"","overlay-color":"","overlay-opacity":"","overlay-gradient":""}},"ast-content-background-meta":{"desktop":{"background-color":"var(--ast-global-color-5)","background-image":"","background-repeat":"repeat","background-position":"center center","background-size":"auto","background-attachment":"scroll","background-type":"","background-media":"","overlay-type":"","overlay-color":"","overlay-opacity":"","overlay-gradient":""},"tablet":{"background-color":"var(--ast-global-color-5)","background-image":"","background-repeat":"repeat","background-position":"center center","background-size":"auto","background-attachment":"scroll","background-type":"","background-media":"","overlay-type":"","overlay-color":"","overlay-opacity":"","overlay-gradient":""},"mobile":{"background-color":"var(--ast-global-color-5)","background-image":"","background-repeat":"repeat","background-position":"center center","background-size":"auto","background-attachment":"scroll","background-type":"","background-media":"","overlay-type":"","overlay-color":"","overlay-opacity":"","overlay-gradient":""}},"footnotes":""},"class_list":["post-181390","page","type-page","status-publish","has-post-thumbnail","hentry"],"yoast_head":"<!-- This site is optimized with the Yoast SEO plugin v27.3 - https:\/\/yoast.com\/product\/yoast-seo-wordpress\/ -->\n<title>\u00dcbersetzungsdienstleistungen in die und aus der spanischen Sprache - Trusted Translations, Inc.<\/title>\n<meta name=\"description\" content=\"Wir bieten professionelle Spanisch-\u00dcbersetzungsdienste von h\u00f6chster Qualit\u00e4t zu den besten Preisen. Klicken Sie hier, um ein kostenloses Angebot anzufordern.\" \/>\n<meta name=\"robots\" content=\"index, follow, max-snippet:-1, max-image-preview:large, max-video-preview:-1\" \/>\n<link rel=\"canonical\" href=\"https:\/\/www.trustedtranslations.com\/de\/sprache\/spanisch\/uebersetzungsdienstleistungen-in-die-und-aus-der-spanischen-sprache\" \/>\n<meta property=\"og:locale\" content=\"de_DE\" \/>\n<meta property=\"og:type\" content=\"article\" \/>\n<meta property=\"og:title\" content=\"\u00dcbersetzungsdienstleistungen in die und aus der spanischen Sprache - Trusted Translations, Inc.\" \/>\n<meta property=\"og:description\" content=\"Wir bieten professionelle Spanisch-\u00dcbersetzungsdienste von h\u00f6chster Qualit\u00e4t zu den besten Preisen. Klicken Sie hier, um ein kostenloses Angebot anzufordern.\" \/>\n<meta property=\"og:url\" content=\"https:\/\/www.trustedtranslations.com\/de\/sprache\/spanisch\/uebersetzungsdienstleistungen-in-die-und-aus-der-spanischen-sprache\" \/>\n<meta property=\"og:site_name\" content=\"Trusted Translations, Inc.\" \/>\n<meta property=\"article:publisher\" content=\"https:\/\/www.facebook.com\/Trusted.Translations\" \/>\n<meta property=\"article:modified_time\" content=\"2025-09-15T20:26:31+00:00\" \/>\n<meta property=\"og:image\" content=\"https:\/\/static.trustedtranslations.com\/wp-content\/uploads\/2022\/08\/TT_NEW_FB-1.png\" \/>\n\t<meta property=\"og:image:width\" content=\"1\" \/>\n\t<meta property=\"og:image:height\" content=\"1\" \/>\n\t<meta property=\"og:image:type\" content=\"image\/jpeg\" \/>\n<meta name=\"twitter:card\" content=\"summary_large_image\" \/>\n<meta name=\"twitter:site\" content=\"@TrustedT9ns\" \/>\n<script type=\"application\/ld+json\" class=\"yoast-schema-graph\">{\"@context\":\"https:\\\/\\\/schema.org\",\"@graph\":[{\"@type\":\"WebPage\",\"@id\":\"https:\\\/\\\/www.trustedtranslations.com\\\/de\\\/sprache\\\/spanisch\\\/uebersetzungsdienstleistungen-in-die-und-aus-der-spanischen-sprache\",\"url\":\"https:\\\/\\\/www.trustedtranslations.com\\\/de\\\/sprache\\\/spanisch\\\/uebersetzungsdienstleistungen-in-die-und-aus-der-spanischen-sprache\",\"name\":\"\u00dcbersetzungsdienstleistungen in die und aus der spanischen Sprache - Trusted Translations, Inc.\",\"isPartOf\":{\"@id\":\"https:\\\/\\\/www.trustedtranslations.com\\\/de\\\/#website\"},\"primaryImageOfPage\":{\"@id\":\"https:\\\/\\\/www.trustedtranslations.com\\\/de\\\/sprache\\\/spanisch\\\/uebersetzungsdienstleistungen-in-die-und-aus-der-spanischen-sprache#primaryimage\"},\"image\":{\"@id\":\"https:\\\/\\\/www.trustedtranslations.com\\\/de\\\/sprache\\\/spanisch\\\/uebersetzungsdienstleistungen-in-die-und-aus-der-spanischen-sprache#primaryimage\"},\"thumbnailUrl\":\"https:\\\/\\\/www.trustedtranslations.com\\\/wp-content\\\/uploads\\\/2022\\\/08\\\/TT_NEW_FB-1.png\",\"description\":\"Wir bieten professionelle Spanisch-\u00dcbersetzungsdienste von h\u00f6chster Qualit\u00e4t zu den besten Preisen. Klicken Sie hier, um ein kostenloses Angebot anzufordern.\",\"breadcrumb\":{\"@id\":\"https:\\\/\\\/www.trustedtranslations.com\\\/de\\\/sprache\\\/spanisch\\\/uebersetzungsdienstleistungen-in-die-und-aus-der-spanischen-sprache#breadcrumb\"},\"inLanguage\":\"de\",\"potentialAction\":[{\"@type\":\"ReadAction\",\"target\":[\"https:\\\/\\\/www.trustedtranslations.com\\\/de\\\/sprache\\\/spanisch\\\/uebersetzungsdienstleistungen-in-die-und-aus-der-spanischen-sprache\"]}]},{\"@type\":\"ImageObject\",\"inLanguage\":\"de\",\"@id\":\"https:\\\/\\\/www.trustedtranslations.com\\\/de\\\/sprache\\\/spanisch\\\/uebersetzungsdienstleistungen-in-die-und-aus-der-spanischen-sprache#primaryimage\",\"url\":\"https:\\\/\\\/www.trustedtranslations.com\\\/wp-content\\\/uploads\\\/2022\\\/08\\\/TT_NEW_FB-1.png\",\"contentUrl\":\"https:\\\/\\\/www.trustedtranslations.com\\\/wp-content\\\/uploads\\\/2022\\\/08\\\/TT_NEW_FB-1.png\",\"caption\":\"TT NEW FB 1\"},{\"@type\":\"BreadcrumbList\",\"@id\":\"https:\\\/\\\/www.trustedtranslations.com\\\/de\\\/sprache\\\/spanisch\\\/uebersetzungsdienstleistungen-in-die-und-aus-der-spanischen-sprache#breadcrumb\",\"itemListElement\":[{\"@type\":\"ListItem\",\"position\":1,\"name\":\"Home\",\"item\":\"https:\\\/\\\/www.trustedtranslations.com\\\/de\"},{\"@type\":\"ListItem\",\"position\":2,\"name\":\"Sprachen\",\"item\":\"https:\\\/\\\/www.trustedtranslations.com\\\/de\\\/sprache\"},{\"@type\":\"ListItem\",\"position\":3,\"name\":\"Spanisch\",\"item\":\"https:\\\/\\\/www.trustedtranslations.com\\\/de\\\/sprache\\\/spanisch\"},{\"@type\":\"ListItem\",\"position\":4,\"name\":\"\u00dcbersetzungsdienstleistungen in die und aus der spanischen Sprache\"}]},{\"@type\":\"WebSite\",\"@id\":\"https:\\\/\\\/www.trustedtranslations.com\\\/de\\\/#website\",\"url\":\"https:\\\/\\\/www.trustedtranslations.com\\\/de\\\/\",\"name\":\"Trusted Translations, Inc.\",\"description\":\"Leader in translation and interpretation services.\",\"publisher\":{\"@id\":\"https:\\\/\\\/www.trustedtranslations.com\\\/de\\\/#organization\"},\"alternateName\":\"Trusted Translations\",\"potentialAction\":[{\"@type\":\"SearchAction\",\"target\":{\"@type\":\"EntryPoint\",\"urlTemplate\":\"https:\\\/\\\/www.trustedtranslations.com\\\/de\\\/?s={search_term_string}\"},\"query-input\":{\"@type\":\"PropertyValueSpecification\",\"valueRequired\":true,\"valueName\":\"search_term_string\"}}],\"inLanguage\":\"de\"},{\"@type\":\"Organization\",\"@id\":\"https:\\\/\\\/www.trustedtranslations.com\\\/de\\\/#organization\",\"name\":\"Trusted Translations\",\"alternateName\":\"Trusted Translations, Inc.\",\"url\":\"https:\\\/\\\/www.trustedtranslations.com\\\/de\\\/\",\"logo\":{\"@type\":\"ImageObject\",\"inLanguage\":\"de\",\"@id\":\"https:\\\/\\\/www.trustedtranslations.com\\\/de\\\/#\\\/schema\\\/logo\\\/image\\\/\",\"url\":\"https:\\\/\\\/static.trustedtranslations.com\\\/wp-content\\\/uploads\\\/2022\\\/01\\\/TT_logo_WSIColors-2.png\",\"contentUrl\":\"https:\\\/\\\/static.trustedtranslations.com\\\/wp-content\\\/uploads\\\/2022\\\/01\\\/TT_logo_WSIColors-2.png\",\"width\":500,\"height\":196,\"caption\":\"Trusted Translations\"},\"image\":{\"@id\":\"https:\\\/\\\/www.trustedtranslations.com\\\/de\\\/#\\\/schema\\\/logo\\\/image\\\/\"},\"sameAs\":[\"https:\\\/\\\/www.facebook.com\\\/Trusted.Translations\",\"https:\\\/\\\/x.com\\\/TrustedT9ns\",\"https:\\\/\\\/www.linkedin.com\\\/company\\\/trusted-translations\"]}]}<\/script>\n<!-- \/ Yoast SEO plugin. -->","yoast_head_json":{"title":"\u00dcbersetzungsdienstleistungen in die und aus der spanischen Sprache - Trusted Translations, Inc.","description":"Wir bieten professionelle Spanisch-\u00dcbersetzungsdienste von h\u00f6chster Qualit\u00e4t zu den besten Preisen. Klicken Sie hier, um ein kostenloses Angebot anzufordern.","robots":{"index":"index","follow":"follow","max-snippet":"max-snippet:-1","max-image-preview":"max-image-preview:large","max-video-preview":"max-video-preview:-1"},"canonical":"https:\/\/www.trustedtranslations.com\/de\/sprache\/spanisch\/uebersetzungsdienstleistungen-in-die-und-aus-der-spanischen-sprache","og_locale":"de_DE","og_type":"article","og_title":"\u00dcbersetzungsdienstleistungen in die und aus der spanischen Sprache - Trusted Translations, Inc.","og_description":"Wir bieten professionelle Spanisch-\u00dcbersetzungsdienste von h\u00f6chster Qualit\u00e4t zu den besten Preisen. Klicken Sie hier, um ein kostenloses Angebot anzufordern.","og_url":"https:\/\/www.trustedtranslations.com\/de\/sprache\/spanisch\/uebersetzungsdienstleistungen-in-die-und-aus-der-spanischen-sprache","og_site_name":"Trusted Translations, Inc.","article_publisher":"https:\/\/www.facebook.com\/Trusted.Translations","article_modified_time":"2025-09-15T20:26:31+00:00","og_image":[{"url":"https:\/\/static.trustedtranslations.com\/wp-content\/uploads\/2022\/08\/TT_NEW_FB-1.png","width":1,"height":1,"type":"image\/jpeg"}],"twitter_card":"summary_large_image","twitter_site":"@TrustedT9ns","schema":{"@context":"https:\/\/schema.org","@graph":[{"@type":"WebPage","@id":"https:\/\/www.trustedtranslations.com\/de\/sprache\/spanisch\/uebersetzungsdienstleistungen-in-die-und-aus-der-spanischen-sprache","url":"https:\/\/www.trustedtranslations.com\/de\/sprache\/spanisch\/uebersetzungsdienstleistungen-in-die-und-aus-der-spanischen-sprache","name":"\u00dcbersetzungsdienstleistungen in die und aus der spanischen Sprache - Trusted Translations, Inc.","isPartOf":{"@id":"https:\/\/www.trustedtranslations.com\/de\/#website"},"primaryImageOfPage":{"@id":"https:\/\/www.trustedtranslations.com\/de\/sprache\/spanisch\/uebersetzungsdienstleistungen-in-die-und-aus-der-spanischen-sprache#primaryimage"},"image":{"@id":"https:\/\/www.trustedtranslations.com\/de\/sprache\/spanisch\/uebersetzungsdienstleistungen-in-die-und-aus-der-spanischen-sprache#primaryimage"},"thumbnailUrl":"https:\/\/www.trustedtranslations.com\/wp-content\/uploads\/2022\/08\/TT_NEW_FB-1.png","description":"Wir bieten professionelle Spanisch-\u00dcbersetzungsdienste von h\u00f6chster Qualit\u00e4t zu den besten Preisen. Klicken Sie hier, um ein kostenloses Angebot anzufordern.","breadcrumb":{"@id":"https:\/\/www.trustedtranslations.com\/de\/sprache\/spanisch\/uebersetzungsdienstleistungen-in-die-und-aus-der-spanischen-sprache#breadcrumb"},"inLanguage":"de","potentialAction":[{"@type":"ReadAction","target":["https:\/\/www.trustedtranslations.com\/de\/sprache\/spanisch\/uebersetzungsdienstleistungen-in-die-und-aus-der-spanischen-sprache"]}]},{"@type":"ImageObject","inLanguage":"de","@id":"https:\/\/www.trustedtranslations.com\/de\/sprache\/spanisch\/uebersetzungsdienstleistungen-in-die-und-aus-der-spanischen-sprache#primaryimage","url":"https:\/\/www.trustedtranslations.com\/wp-content\/uploads\/2022\/08\/TT_NEW_FB-1.png","contentUrl":"https:\/\/www.trustedtranslations.com\/wp-content\/uploads\/2022\/08\/TT_NEW_FB-1.png","caption":"TT NEW FB 1"},{"@type":"BreadcrumbList","@id":"https:\/\/www.trustedtranslations.com\/de\/sprache\/spanisch\/uebersetzungsdienstleistungen-in-die-und-aus-der-spanischen-sprache#breadcrumb","itemListElement":[{"@type":"ListItem","position":1,"name":"Home","item":"https:\/\/www.trustedtranslations.com\/de"},{"@type":"ListItem","position":2,"name":"Sprachen","item":"https:\/\/www.trustedtranslations.com\/de\/sprache"},{"@type":"ListItem","position":3,"name":"Spanisch","item":"https:\/\/www.trustedtranslations.com\/de\/sprache\/spanisch"},{"@type":"ListItem","position":4,"name":"\u00dcbersetzungsdienstleistungen in die und aus der spanischen Sprache"}]},{"@type":"WebSite","@id":"https:\/\/www.trustedtranslations.com\/de\/#website","url":"https:\/\/www.trustedtranslations.com\/de\/","name":"Trusted Translations, Inc.","description":"Leader in translation and interpretation services.","publisher":{"@id":"https:\/\/www.trustedtranslations.com\/de\/#organization"},"alternateName":"Trusted Translations","potentialAction":[{"@type":"SearchAction","target":{"@type":"EntryPoint","urlTemplate":"https:\/\/www.trustedtranslations.com\/de\/?s={search_term_string}"},"query-input":{"@type":"PropertyValueSpecification","valueRequired":true,"valueName":"search_term_string"}}],"inLanguage":"de"},{"@type":"Organization","@id":"https:\/\/www.trustedtranslations.com\/de\/#organization","name":"Trusted Translations","alternateName":"Trusted Translations, Inc.","url":"https:\/\/www.trustedtranslations.com\/de\/","logo":{"@type":"ImageObject","inLanguage":"de","@id":"https:\/\/www.trustedtranslations.com\/de\/#\/schema\/logo\/image\/","url":"https:\/\/static.trustedtranslations.com\/wp-content\/uploads\/2022\/01\/TT_logo_WSIColors-2.png","contentUrl":"https:\/\/static.trustedtranslations.com\/wp-content\/uploads\/2022\/01\/TT_logo_WSIColors-2.png","width":500,"height":196,"caption":"Trusted Translations"},"image":{"@id":"https:\/\/www.trustedtranslations.com\/de\/#\/schema\/logo\/image\/"},"sameAs":["https:\/\/www.facebook.com\/Trusted.Translations","https:\/\/x.com\/TrustedT9ns","https:\/\/www.linkedin.com\/company\/trusted-translations"]}]}},"toolset-meta":{"dyk":{"mensaje-1":{"type":"textfield","raw":"Wir bieten Fortune-500-Unternehmen \u00dcbersetzungen ins Spanische zu Preisen an, die 25 bis 50 % unter dem Marktpreis liegen."},"mensaje-2":{"type":"textfield","raw":"\u00dcber 500.000 Personen und Unternehmen besuchen monatlich unsere Webseiten f\u00fcr eine Beratung im Hinblick auf die spanische Sprache."},"mensaje-3":{"type":"textfield","raw":"Trusted Translations ist das kosteng\u00fcnstigste \u00dcbersetzungsunternehmen f\u00fcr \u00dcbersetzungen in die und aus der spanischen Sprache mit Sitz in den Vereinigten Staaten."},"mensaje-4":{"type":"textfield","raw":"Trusted Translations ist der weltweit f\u00fchrende Anbieter von professionellen \u00dcbersetzungsdienstleistungen in die und aus der spanischen Sprache."},"mensaje-5":{"type":"textfield","raw":""},"mensaje-6":{"type":"textfield","raw":""}},"single-page-template-fields":{"imgs-temp":{"type":"image","raw":["https:\/\/static.trustedtranslations.com\/wp-content\/uploads\/2024\/05\/sts-1.webp"],"repeatable":[{"raw":"https:\/\/static.trustedtranslations.com\/wp-content\/uploads\/2024\/05\/sts-1.webp"}]},"imgs-temp-cel":{"type":"image","raw":[""],"repeatable":[{"raw":""}]},"img-temp-one-cel":{"type":"image","raw":"https:\/\/static.trustedtranslations.com\/wp-content\/uploads\/2024\/05\/sts1.webp","attachment_id":null},"quotes":{"type":"textarea","raw":"<h1 style=\"margin-bottom: 12px;\">F\u00fchrend in \u00dcbersetzungsdienstleistungen in die und aus der spanischen Sprache<\/h1>Mit \u00fcber 10.000 zufriedenen Kunden auf der ganzen Welt und mehr als 20 Jahren Erfahrung in der \u00dcbersetzung von Spanisch ist Trusted Translations eine international anerkannte Autorit\u00e4t auf dem Gebiet und Anbieter von \u00dcbersetzungsdienstleistungen f\u00fcr Spanisch.<div style=\"margin-top: 2.5vw;\"><a class=\"tt-btn-main-cta\" href=\"\/de\/angebot\">KOSTENLOSEN KOSTENVORANSCHLAG ANFORDERN<\/a><\/div>"},"text-1":{"type":"textarea","raw":"<h2>Branchenf\u00fchrer f\u00fcr hochwertige Spanisch\u00fcbersetzungen zu wettbewerbsf\u00e4higen Preisen<\/h2><p><em>Trusted Translations<\/em> ist das f\u00fchrende \u00dcbersetzungsunternehmen der Branche f\u00fcr Spanisch. Wir setzen Experten aus dem eigenen Haus ein, um die Qualit\u00e4t jeder Spanisch-\u00dcbersetzung zu garantieren und Ihnen gleichzeitig die g\u00fcnstigsten Preise zu bieten. Mit Niederlassungen in den USA, Lateinamerika und Europa ist unser Team darauf ausgelegt, die Bed\u00fcrfnisse praktisch aller Kunden zu erf\u00fcllen, unabh\u00e4ngig von Projektgr\u00f6\u00dfe und -komplexit\u00e4t.<\/p><h2 style=\"margin-bottom:20px\">Englisch-Spanisch-\u00dcbersetzungsdienstleistungen<\/h2><p>Da wir uns auf <a href=\"https:\/\/www.trustedtranslations.com\/language\/spanish\/english-to-spanish\" target=\"_blank\" rel=\"noopener\">Englisch-Spanisch-\u00dcbersetzungen<\/a> spezialisiert haben, besch\u00e4ftigen wir \u00fcber 10.000 gepr\u00fcfte und zertifizierte Englisch-Spanisch-Linguisten f\u00fcr unsere Kunden. Diese \u00dcbersetzer sind nicht nur erfahrene Linguisten, sondern auch Branchenexperten, von denen viele \u00fcber einen Postgraduiertenabschluss in dem jeweiligen Ausgangsmaterial verf\u00fcgen. Dadurch verf\u00fcgen sie \u00fcber das erforderliche Fachwissen, um Ihre Projekte schnell und pr\u00e4zise zu \u00fcbersetzen.<\/p><p>Wir bieten Englisch-Spanisch-\u00dcbersetzungen f\u00fcr einige der weltweit f\u00fchrenden Unternehmen und Organisationen wie Coca-Cola, IBM, die Vereinten Nationen, die NASA und Tausende mehr. Unser breit gef\u00e4chertes <a href=\"https:\/\/www.trustedtranslations.com\/de\/branchen\" target=\"_blank\" rel=\"noopener\">Fachwissen<\/a> umfasst die Bereiche Werbung, Blockchain, Wirtschaft, Verteidigung, eLearning, Unterhaltung, Finanzen, Regierung, Recht, Produktion, Gesundheitswesen, Marketing, Medien, Software, Technik, Benutzerhandb\u00fccher und viele mehr.<\/p><h2 style=\"margin-bottom:20px\">Nachgewiesene Erfahrung in der Spanisch\u00fcbersetzung<\/h2><p>Mehrere zus\u00e4tzliche Qualit\u00e4ten heben <em>Trusted Translations<\/em> von der Masse ab. Zu unseren Mitarbeitern geh\u00f6ren beispielsweise in den USA zugelassene zweisprachige (Englisch\/Spanisch) Anw\u00e4lte, die sicherstellen, dass jedes von uns \u00fcbersetzte Dokument den korrekten Rechtsnormen entspricht. Diese k\u00f6nnen auch notariell beurkundete gerichtliche Beglaubigungen vorlegen, welche die Genauigkeit unserer \u00dcbersetzungen belegen. Wir besch\u00e4ftigen auch zweisprachige \u00c4rzte, die jahrelange Erfahrung in medizinischen und gesundheitsbezogenen Inhalten bieten. Unser Engagement f\u00fcr Fachkompetenz erm\u00f6glicht es uns, \u00dcbersetzungen p\u00fcnktlich, in au\u00dfergew\u00f6hnlicher Qualit\u00e4t und zu den wettbewerbsf\u00e4higsten Preisen der Branche zu liefern.<\/p><p>Dar\u00fcber hinaus verf\u00fcgt <em>Trusted Translations<\/em> \u00fcber mehr als 25 Jahre Spracherfahrung auf dem hispanischen Markt, was uns <a href=\"https:\/\/www.trustedtranslations.com\/de\/ueber-uns\/zertifizierungen\" target=\"_blank\" rel=\"noopener\">zahlreiche Auszeichnungen und Zertifizierungen<\/a> eingebracht hat. Diese umfangreiche Erfahrung aus erster Hand erm\u00f6glicht es uns, weit mehr als nur einfache \u00dcbersetzungsdienstleistungen anzubieten. Abh\u00e4ngig von den Bed\u00fcrfnissen eines Kunden bietet unser Team auch unsch\u00e4tzbare Anleitungen und Einblicke in Markttrends, Lokalisierung, Weboptimierung und mehr.<\/p>"},"shortcode-map":{"type":"textfield","raw":""},"dyk-shortcode":{"type":"textfield","raw":"[elementor-template id=\"146647\"]"},"text-2":{"type":"textarea","raw":"<h2 style=\"margin-bottom:20px\">Full-Service-\u00dcbersetzungsunternehmen f\u00fcr Spanisch<\/h2>\r\n<em>Trusted Translations<\/em> ist aufgrund der umfassenden Art und Breite unserer Dienstleistungen einzigartig. Wir bieten \u00dcbersetzungen in die spanische Sprache und aus der spanischen Sprache f\u00fcr alle Arten von Dokumenten in allen Formaten und L\u00e4ngen. Wir bieten auch eine Vielzahl von Mehrwertdiensten an, die auf Ihre spezifischen Bed\u00fcrfnisse zugeschnitten sind, wie z. B. spanische Post-Produktion, spanisches Desktop-Publishing, spanisches Online-Marketing, Weboptimierung und mehr.\r\n\r\nIm Folgenden finden Sie einige der professionellen Spanisch-Sprachdienstleistungen, die wir regelm\u00e4\u00dfig anbieten:\r\n\r\n<div class=\"elearning-container\">\r\n    <div>\r\n        <i class=\"fa fa-universal-access\" aria-hidden=\"true\"><\/i>\r\n        <h4 style=\"text-align: center\">Zug\u00e4nglichkeitsnormen<\/h4>\r\n    <\/div>\r\n    <div>\r\n        <i class=\"fa fa-mobile\" aria-hidden=\"true\"><\/i>\r\n        <h4 style=\"text-align: center\">Lokalisierung von Apps<\/h4>\r\n    <\/div>\r\n    <div>\r\n        <i class=\"fa fa-sign-language\" aria-hidden=\"true\"><\/i>\r\n        <h4 style=\"text-align: center\">ASL \u2013 Zeichensprache<\/h4>\r\n    <\/div>\r\n    <div>\r\n        <i class=\"fa fa-check\" aria-hidden=\"true\"><\/i>\r\n        <h4 style=\"text-align: center\">Beglaubigte \u00dcbersetzung<\/h4>\r\n    <\/div>\r\n    <div>\r\n        <i class=\"fa fa-desktop\" aria-hidden=\"true\"><\/i>\r\n        <h4 style=\"text-align: center\">Desktop-Publishing<\/h4>\r\n    <\/div>\r\n    <div>\r\n        <i class=\"fa fa-pencil-square-o\" aria-hidden=\"true\"><\/i>\r\n        <h4 style=\"text-align: center\">Lektorat und Korrekturlesen<\/h4>\r\n    <\/div>\r\n<\/div>\r\n\r\n<div class=\"elearning-container\">\r\n    <div>\r\n        <i class=\"fa fa-file-pdf-o\" aria-hidden=\"true\"><\/i>\r\n        <h4 style=\"text-align: center\">Dateiformate<\/h4>\r\n    <\/div>\r\n    <div>\r\n        <i class=\"fa fa-globe\" aria-hidden=\"true\"><\/i>\r\n        <h4 style=\"text-align: center\">Globalisierung<\/h4>\r\n    <\/div>\r\n    <div>\r\n        <i class=\"fa fa-users\" aria-hidden=\"true\"><\/i>\r\n        <h4 style=\"text-align: center\">Menschliche \u00dcbersetzung<\/h4>\r\n    <\/div>\r\n    <div>\r\n        <i class=\"fa fa-file-text\" aria-hidden=\"true\"><\/i>\r\n        <h4 style=\"text-align: center\">Dolmetschen<\/h4>\r\n    <\/div>\r\n    <div>\r\n        <i class=\"fa fa-location-arrow\" aria-hidden=\"true\"><\/i>\r\n        <h4 style=\"text-align: center\">Lokalisierung<\/h4>\r\n    <\/div>\r\n    <div>\r\n        <i class=\"fa fa-wrench\" aria-hidden=\"true\"><\/i>\r\n        <h4 style=\"text-align: center\">Maschinen\u00fcbersetzung<\/h4>\r\n    <\/div>\r\n<\/div>\r\n\r\n<div class=\"elearning-container\">\r\n    <div>\r\n        <i class=\"fa fa-file-o\" aria-hidden=\"true\"><\/i>\r\n        <h4 style=\"text-align: center\">Multimedia-Dienstleistungen<\/h4>\r\n    <\/div>\r\n    <div>\r\n        <i class=\"fa fa-bullhorn\" aria-hidden=\"true\"><\/i>\r\n        <h4 style=\"text-align: center\">Online-Marketing<\/h4>\r\n    <\/div>\r\n    <div>\r\n        <i class=\"fa fa-volume-control-phone\" aria-hidden=\"true\"><\/i>\r\n        <h4 style=\"text-align: center\">Dolmetschen \u00fcber das Telefon<\/h4>\r\n    <\/div>\r\n    <div>\r\n        <i class=\"fa fa-user-plus\" aria-hidden=\"true\"><\/i>\r\n        <h4 style=\"text-align: center\">Transkreation<\/h4>\r\n    <\/div>\r\n    <div>\r\n        <i class=\"fa fa-pencil\" aria-hidden=\"true\"><\/i>\r\n        <h4 style=\"text-align: center\">Transkription<\/h4>\r\n    <\/div>\r\n    <div>\r\n        <i class=\"fa fa-check-square-o\" aria-hidden=\"true\"><\/i>\r\n        <h4 style=\"text-align: center\">\u00dcbersetzungsqualit\u00e4t<\/h4>\r\n    <\/div>\r\n<\/div>"},"state":{"type":"textfield","raw":""},"city":{"type":"textarea","raw":[""]}}},"_links":{"self":[{"href":"https:\/\/www.trustedtranslations.com\/de\/wp-json\/wp\/v2\/pages\/181390","targetHints":{"allow":["GET"]}}],"collection":[{"href":"https:\/\/www.trustedtranslations.com\/de\/wp-json\/wp\/v2\/pages"}],"about":[{"href":"https:\/\/www.trustedtranslations.com\/de\/wp-json\/wp\/v2\/types\/page"}],"author":[{"embeddable":true,"href":"https:\/\/www.trustedtranslations.com\/de\/wp-json\/wp\/v2\/users\/1"}],"replies":[{"embeddable":true,"href":"https:\/\/www.trustedtranslations.com\/de\/wp-json\/wp\/v2\/comments?post=181390"}],"version-history":[{"count":0,"href":"https:\/\/www.trustedtranslations.com\/de\/wp-json\/wp\/v2\/pages\/181390\/revisions"}],"up":[{"embeddable":true,"href":"https:\/\/www.trustedtranslations.com\/de\/wp-json\/wp\/v2\/pages\/129478"}],"wp:featuredmedia":[{"embeddable":true,"href":"https:\/\/www.trustedtranslations.com\/de\/wp-json\/wp\/v2\/media\/160117"}],"wp:attachment":[{"href":"https:\/\/www.trustedtranslations.com\/de\/wp-json\/wp\/v2\/media?parent=181390"}],"curies":[{"name":"wp","href":"https:\/\/api.w.org\/{rel}","templated":true}]}}