{"id":181560,"date":"2023-02-01T19:10:17","date_gmt":"2023-02-01T22:10:17","guid":{"rendered":"https:\/\/www.trustedtranslations.com\/?page_id=181560"},"modified":"2024-09-03T17:12:18","modified_gmt":"2024-09-03T20:12:18","slug":"sports","status":"publish","type":"page","link":"https:\/\/www.trustedtranslations.com\/de\/branchen\/sports","title":{"rendered":"Sport"},"content":{"rendered":"","protected":false},"excerpt":{"rendered":"","protected":false},"author":1,"featured_media":160117,"parent":129502,"menu_order":0,"comment_status":"closed","ping_status":"closed","template":"","meta":{"site-sidebar-layout":"default","site-content-layout":"default","ast-site-content-layout":"default","site-content-style":"default","site-sidebar-style":"default","ast-global-header-display":"","ast-banner-title-visibility":"","ast-main-header-display":"","ast-hfb-above-header-display":"","ast-hfb-below-header-display":"","ast-hfb-mobile-header-display":"","site-post-title":"disabled","ast-breadcrumbs-content":"","ast-featured-img":"","footer-sml-layout":"","ast-disable-related-posts":"","theme-transparent-header-meta":"default","adv-header-id-meta":"","stick-header-meta":"","header-above-stick-meta":"","header-main-stick-meta":"","header-below-stick-meta":"","astra-migrate-meta-layouts":"set","ast-page-background-enabled":"default","ast-page-background-meta":{"desktop":{"background-color":"var(--ast-global-color-4)","background-image":"","background-repeat":"repeat","background-position":"center center","background-size":"auto","background-attachment":"scroll","background-type":"","background-media":"","overlay-type":"","overlay-color":"","overlay-opacity":"","overlay-gradient":""},"tablet":{"background-color":"","background-image":"","background-repeat":"repeat","background-position":"center center","background-size":"auto","background-attachment":"scroll","background-type":"","background-media":"","overlay-type":"","overlay-color":"","overlay-opacity":"","overlay-gradient":""},"mobile":{"background-color":"","background-image":"","background-repeat":"repeat","background-position":"center center","background-size":"auto","background-attachment":"scroll","background-type":"","background-media":"","overlay-type":"","overlay-color":"","overlay-opacity":"","overlay-gradient":""}},"ast-content-background-meta":{"desktop":{"background-color":"var(--ast-global-color-5)","background-image":"","background-repeat":"repeat","background-position":"center center","background-size":"auto","background-attachment":"scroll","background-type":"","background-media":"","overlay-type":"","overlay-color":"","overlay-opacity":"","overlay-gradient":""},"tablet":{"background-color":"var(--ast-global-color-5)","background-image":"","background-repeat":"repeat","background-position":"center center","background-size":"auto","background-attachment":"scroll","background-type":"","background-media":"","overlay-type":"","overlay-color":"","overlay-opacity":"","overlay-gradient":""},"mobile":{"background-color":"var(--ast-global-color-5)","background-image":"","background-repeat":"repeat","background-position":"center center","background-size":"auto","background-attachment":"scroll","background-type":"","background-media":"","overlay-type":"","overlay-color":"","overlay-opacity":"","overlay-gradient":""}},"footnotes":""},"class_list":["post-181560","page","type-page","status-publish","has-post-thumbnail","hentry"],"yoast_head":"<!-- This site is optimized with the Yoast SEO plugin v27.6 - https:\/\/yoast.com\/product\/yoast-seo-wordpress\/ -->\n<title>Sport\u00fcbersetzung<\/title>\n<meta name=\"description\" content=\"Trusted Translations kennt sich in der Sportbranche aus. Wir bieten spezialisierte Sport\u00fcbersetzungen f\u00fcr Ihre Projekte.\" \/>\n<meta name=\"robots\" content=\"index, follow, max-snippet:-1, max-image-preview:large, max-video-preview:-1\" \/>\n<link rel=\"canonical\" href=\"https:\/\/www.trustedtranslations.com\/de\/branchen\/sports\" \/>\n<meta property=\"og:locale\" content=\"de_DE\" \/>\n<meta property=\"og:type\" content=\"article\" \/>\n<meta property=\"og:title\" content=\"Sport\u00fcbersetzung\" \/>\n<meta property=\"og:description\" content=\"Trusted Translations kennt sich in der Sportbranche aus. Wir bieten spezialisierte Sport\u00fcbersetzungen f\u00fcr Ihre Projekte.\" \/>\n<meta property=\"og:url\" content=\"https:\/\/www.trustedtranslations.com\/de\/branchen\/sports\" \/>\n<meta property=\"og:site_name\" content=\"Trusted Translations, Inc.\" \/>\n<meta property=\"article:publisher\" content=\"https:\/\/www.facebook.com\/Trusted.Translations\" \/>\n<meta property=\"article:modified_time\" content=\"2024-09-03T20:12:18+00:00\" \/>\n<meta property=\"og:image\" content=\"https:\/\/static.trustedtranslations.com\/wp-content\/uploads\/2022\/08\/TT_NEW_FB-1.png\" \/>\n\t<meta property=\"og:image:width\" content=\"1\" \/>\n\t<meta property=\"og:image:height\" content=\"1\" \/>\n\t<meta property=\"og:image:type\" content=\"image\/jpeg\" \/>\n<meta name=\"twitter:card\" content=\"summary_large_image\" \/>\n<meta name=\"twitter:site\" content=\"@TrustedT9ns\" \/>\n<script type=\"application\/ld+json\" class=\"yoast-schema-graph\">{\"@context\":\"https:\\\/\\\/schema.org\",\"@graph\":[{\"@type\":\"WebPage\",\"@id\":\"https:\\\/\\\/www.trustedtranslations.com\\\/de\\\/branchen\\\/sports\",\"url\":\"https:\\\/\\\/www.trustedtranslations.com\\\/de\\\/branchen\\\/sports\",\"name\":\"Sport\u00fcbersetzung\",\"isPartOf\":{\"@id\":\"https:\\\/\\\/www.trustedtranslations.com\\\/de\\\/#website\"},\"primaryImageOfPage\":{\"@id\":\"https:\\\/\\\/www.trustedtranslations.com\\\/de\\\/branchen\\\/sports#primaryimage\"},\"image\":{\"@id\":\"https:\\\/\\\/www.trustedtranslations.com\\\/de\\\/branchen\\\/sports#primaryimage\"},\"thumbnailUrl\":\"https:\\\/\\\/www.trustedtranslations.com\\\/wp-content\\\/uploads\\\/2022\\\/08\\\/TT_NEW_FB-1.png\",\"description\":\"Trusted Translations kennt sich in der Sportbranche aus. Wir bieten spezialisierte Sport\u00fcbersetzungen f\u00fcr Ihre Projekte.\",\"breadcrumb\":{\"@id\":\"https:\\\/\\\/www.trustedtranslations.com\\\/de\\\/branchen\\\/sports#breadcrumb\"},\"inLanguage\":\"de\",\"potentialAction\":[{\"@type\":\"ReadAction\",\"target\":[\"https:\\\/\\\/www.trustedtranslations.com\\\/de\\\/branchen\\\/sports\"]}]},{\"@type\":\"ImageObject\",\"inLanguage\":\"de\",\"@id\":\"https:\\\/\\\/www.trustedtranslations.com\\\/de\\\/branchen\\\/sports#primaryimage\",\"url\":\"https:\\\/\\\/www.trustedtranslations.com\\\/wp-content\\\/uploads\\\/2022\\\/08\\\/TT_NEW_FB-1.png\",\"contentUrl\":\"https:\\\/\\\/www.trustedtranslations.com\\\/wp-content\\\/uploads\\\/2022\\\/08\\\/TT_NEW_FB-1.png\",\"caption\":\"TT NEW FB 1\"},{\"@type\":\"BreadcrumbList\",\"@id\":\"https:\\\/\\\/www.trustedtranslations.com\\\/de\\\/branchen\\\/sports#breadcrumb\",\"itemListElement\":[{\"@type\":\"ListItem\",\"position\":1,\"name\":\"Home\",\"item\":\"https:\\\/\\\/www.trustedtranslations.com\\\/de\"},{\"@type\":\"ListItem\",\"position\":2,\"name\":\"Branchenexpertise\",\"item\":\"https:\\\/\\\/www.trustedtranslations.com\\\/de\\\/branchen\"},{\"@type\":\"ListItem\",\"position\":3,\"name\":\"Sport\"}]},{\"@type\":\"WebSite\",\"@id\":\"https:\\\/\\\/www.trustedtranslations.com\\\/de\\\/#website\",\"url\":\"https:\\\/\\\/www.trustedtranslations.com\\\/de\\\/\",\"name\":\"Trusted Translations, Inc.\",\"description\":\"Leader in translation and interpretation services.\",\"publisher\":{\"@id\":\"https:\\\/\\\/www.trustedtranslations.com\\\/de\\\/#organization\"},\"alternateName\":\"Trusted Translations\",\"potentialAction\":[{\"@type\":\"SearchAction\",\"target\":{\"@type\":\"EntryPoint\",\"urlTemplate\":\"https:\\\/\\\/www.trustedtranslations.com\\\/de\\\/?s={search_term_string}\"},\"query-input\":{\"@type\":\"PropertyValueSpecification\",\"valueRequired\":true,\"valueName\":\"search_term_string\"}}],\"inLanguage\":\"de\"},{\"@type\":\"Organization\",\"@id\":\"https:\\\/\\\/www.trustedtranslations.com\\\/de\\\/#organization\",\"name\":\"Trusted Translations\",\"alternateName\":\"Trusted Translations, Inc.\",\"url\":\"https:\\\/\\\/www.trustedtranslations.com\\\/de\\\/\",\"logo\":{\"@type\":\"ImageObject\",\"inLanguage\":\"de\",\"@id\":\"https:\\\/\\\/www.trustedtranslations.com\\\/de\\\/#\\\/schema\\\/logo\\\/image\\\/\",\"url\":\"https:\\\/\\\/static.trustedtranslations.com\\\/wp-content\\\/uploads\\\/2022\\\/01\\\/TT_logo_WSIColors-2.png\",\"contentUrl\":\"https:\\\/\\\/static.trustedtranslations.com\\\/wp-content\\\/uploads\\\/2022\\\/01\\\/TT_logo_WSIColors-2.png\",\"width\":500,\"height\":196,\"caption\":\"Trusted Translations\"},\"image\":{\"@id\":\"https:\\\/\\\/www.trustedtranslations.com\\\/de\\\/#\\\/schema\\\/logo\\\/image\\\/\"},\"sameAs\":[\"https:\\\/\\\/www.facebook.com\\\/Trusted.Translations\",\"https:\\\/\\\/x.com\\\/TrustedT9ns\",\"https:\\\/\\\/www.linkedin.com\\\/company\\\/trusted-translations\"]}]}<\/script>\n<!-- \/ Yoast SEO plugin. -->","yoast_head_json":{"title":"Sport\u00fcbersetzung","description":"Trusted Translations kennt sich in der Sportbranche aus. Wir bieten spezialisierte Sport\u00fcbersetzungen f\u00fcr Ihre Projekte.","robots":{"index":"index","follow":"follow","max-snippet":"max-snippet:-1","max-image-preview":"max-image-preview:large","max-video-preview":"max-video-preview:-1"},"canonical":"https:\/\/www.trustedtranslations.com\/de\/branchen\/sports","og_locale":"de_DE","og_type":"article","og_title":"Sport\u00fcbersetzung","og_description":"Trusted Translations kennt sich in der Sportbranche aus. Wir bieten spezialisierte Sport\u00fcbersetzungen f\u00fcr Ihre Projekte.","og_url":"https:\/\/www.trustedtranslations.com\/de\/branchen\/sports","og_site_name":"Trusted Translations, Inc.","article_publisher":"https:\/\/www.facebook.com\/Trusted.Translations","article_modified_time":"2024-09-03T20:12:18+00:00","og_image":[{"url":"https:\/\/static.trustedtranslations.com\/wp-content\/uploads\/2022\/08\/TT_NEW_FB-1.png","width":1,"height":1,"type":"image\/jpeg"}],"twitter_card":"summary_large_image","twitter_site":"@TrustedT9ns","schema":{"@context":"https:\/\/schema.org","@graph":[{"@type":"WebPage","@id":"https:\/\/www.trustedtranslations.com\/de\/branchen\/sports","url":"https:\/\/www.trustedtranslations.com\/de\/branchen\/sports","name":"Sport\u00fcbersetzung","isPartOf":{"@id":"https:\/\/www.trustedtranslations.com\/de\/#website"},"primaryImageOfPage":{"@id":"https:\/\/www.trustedtranslations.com\/de\/branchen\/sports#primaryimage"},"image":{"@id":"https:\/\/www.trustedtranslations.com\/de\/branchen\/sports#primaryimage"},"thumbnailUrl":"https:\/\/www.trustedtranslations.com\/wp-content\/uploads\/2022\/08\/TT_NEW_FB-1.png","description":"Trusted Translations kennt sich in der Sportbranche aus. Wir bieten spezialisierte Sport\u00fcbersetzungen f\u00fcr Ihre Projekte.","breadcrumb":{"@id":"https:\/\/www.trustedtranslations.com\/de\/branchen\/sports#breadcrumb"},"inLanguage":"de","potentialAction":[{"@type":"ReadAction","target":["https:\/\/www.trustedtranslations.com\/de\/branchen\/sports"]}]},{"@type":"ImageObject","inLanguage":"de","@id":"https:\/\/www.trustedtranslations.com\/de\/branchen\/sports#primaryimage","url":"https:\/\/www.trustedtranslations.com\/wp-content\/uploads\/2022\/08\/TT_NEW_FB-1.png","contentUrl":"https:\/\/www.trustedtranslations.com\/wp-content\/uploads\/2022\/08\/TT_NEW_FB-1.png","caption":"TT NEW FB 1"},{"@type":"BreadcrumbList","@id":"https:\/\/www.trustedtranslations.com\/de\/branchen\/sports#breadcrumb","itemListElement":[{"@type":"ListItem","position":1,"name":"Home","item":"https:\/\/www.trustedtranslations.com\/de"},{"@type":"ListItem","position":2,"name":"Branchenexpertise","item":"https:\/\/www.trustedtranslations.com\/de\/branchen"},{"@type":"ListItem","position":3,"name":"Sport"}]},{"@type":"WebSite","@id":"https:\/\/www.trustedtranslations.com\/de\/#website","url":"https:\/\/www.trustedtranslations.com\/de\/","name":"Trusted Translations, Inc.","description":"Leader in translation and interpretation services.","publisher":{"@id":"https:\/\/www.trustedtranslations.com\/de\/#organization"},"alternateName":"Trusted Translations","potentialAction":[{"@type":"SearchAction","target":{"@type":"EntryPoint","urlTemplate":"https:\/\/www.trustedtranslations.com\/de\/?s={search_term_string}"},"query-input":{"@type":"PropertyValueSpecification","valueRequired":true,"valueName":"search_term_string"}}],"inLanguage":"de"},{"@type":"Organization","@id":"https:\/\/www.trustedtranslations.com\/de\/#organization","name":"Trusted Translations","alternateName":"Trusted Translations, Inc.","url":"https:\/\/www.trustedtranslations.com\/de\/","logo":{"@type":"ImageObject","inLanguage":"de","@id":"https:\/\/www.trustedtranslations.com\/de\/#\/schema\/logo\/image\/","url":"https:\/\/static.trustedtranslations.com\/wp-content\/uploads\/2022\/01\/TT_logo_WSIColors-2.png","contentUrl":"https:\/\/static.trustedtranslations.com\/wp-content\/uploads\/2022\/01\/TT_logo_WSIColors-2.png","width":500,"height":196,"caption":"Trusted Translations"},"image":{"@id":"https:\/\/www.trustedtranslations.com\/de\/#\/schema\/logo\/image\/"},"sameAs":["https:\/\/www.facebook.com\/Trusted.Translations","https:\/\/x.com\/TrustedT9ns","https:\/\/www.linkedin.com\/company\/trusted-translations"]}]}},"toolset-meta":{"dyk":{"mensaje-1":{"type":"textfield","raw":"Wir bieten Fortune-500-Unternehmen \u00dcbersetzungen zu Preisen, die 25 bis 50% unter dem Marktpreis liegen."},"mensaje-2":{"type":"textfield","raw":"Jede \u00dcbersetzung, die von unseren Expertenteams durchgef\u00fchrt wird, ist durch Lloyd's of London abgesichert."},"mensaje-3":{"type":"textfield","raw":"Trusted Translations ist ein stolzer F\u00f6rderer des St. Jude Children's Research Hospital."},"mensaje-4":{"type":"textfield","raw":"In den USA geh\u00f6ren wir zu den \u201eTop-500-Unternehmen in hispanoamerikanischem Besitz\u201c."},"mensaje-5":{"type":"textfield","raw":""},"mensaje-6":{"type":"textfield","raw":""}},"single-page-template-fields":{"imgs-temp":{"type":"image","raw":["https:\/\/static.trustedtranslations.com\/wp-content\/uploads\/2024\/06\/sports-1.webp"],"repeatable":[{"raw":"https:\/\/static.trustedtranslations.com\/wp-content\/uploads\/2024\/06\/sports-1.webp"}]},"imgs-temp-cel":{"type":"image","raw":[""],"repeatable":[{"raw":""}]},"img-temp-one-cel":{"type":"image","raw":"https:\/\/static.trustedtranslations.com\/wp-content\/uploads\/2024\/06\/sports-2.webp","attachment_id":null},"quotes":{"type":"textarea","raw":"<h1 style=\"margin-bottom: 12px;\">\u00dcbersetzungsdienstleistungen im Bereich Sport<\/h1>Ungeachtet, ob Sie ein eingefleischter Fu\u00dfballfan oder ein gelegentlicher Zuschauer der Olympischen Spiele sind, die zunehmend internationale Natur des Sports bringt einen entscheidenden Bedarf an qualitativ hochwertigen Sport\u00fcbersetzungen mit sich. Von \u00dcbersetzungen innerhalb der Sportbranche, wie z. B. Dokument\u00fcbersetzung und Untertitelung, bis hin zu Inhalten, die Millionen von Sportfans auf der ganzen Welt erreichen, bietet Trusted Translations spezialisierte Sport\u00fcbersetzungsdienstleistungen f\u00fcr Ihre Projekte.<div style=\"margin-top: 2.5vw;\"><a class=\"tt-btn-main-cta\" href=\"\/de\/angebot\">KOSTENLOSEN KOSTENVORANSCHLAG ANFORDERN<\/a><\/div>"},"text-1":{"type":"textarea","raw":"<h2 style=\"margin-bottom: 20px\">Erfahrener Sport\u00fcbersetzungsanbieter f\u00fcr Top-Spieler<\/h2>\r\nDie komplizierte, sich st\u00e4ndig \u00e4ndernde Natur der Sportterminologie erfordert Fach\u00fcbersetzer mit fundierten Branchenkenntnissen. Mit mehr als 20 Jahren nachgewiesener Erfahrung im \u00dcbersetzen und Dolmetschen ist <em>Trusted Translations<\/em> der Partner von bedeutenden Sportorganisationen und -sendern sowie von multinationalen Unternehmen, darunter Nike, das weltweit gr\u00f6\u00dfte Unternehmen f\u00fcr Sportbekleidung, und Topathleten wie Neymar Jr. Im Jahr 2017 wurden wir <a href=\"https:\/\/www.trustedtranslations.com\/blog\/nike-trusted-translations-neymar\">von Nike beauftragt, Dolmetschdienstleistungen f\u00fcr Neymar Jr. zu erbringen<\/a>, w\u00e4hrend er in L.A. auf einer Werbetour war, die auch einen Auftritt bei <em>Jimmy Kimmel Live!<\/em> einschloss. Wir haben auch hochwertige sportbezogene \u00dcbersetzungsdienstleistungen erbracht f\u00fcr: die FIFA, die Globetrotters, die Houston Rockets, die Texas Rangers und die Anaheim Ducks, um nur einige zu nennen.\r\n\r\nSport\u00fcbersetzungen erfordern au\u00dferdem eine sorgf\u00e4ltige Beachtung der Einhaltung von Sicherheitsvorschriften, internationalen Qualit\u00e4tsstandards und Vertraulichkeit. <em>Trusted Translations<\/em> erf\u00fcllt und \u00fcbertrifft die ISO-Qualit\u00e4tsstandards f\u00fcr \u00dcbersetzungs- und Dolmetscherdienstleistungen, und unsere Fach\u00fcbersetzer sind sehr versiert darin, die Vertraulichkeit und Sicherheit aller Materialien zu wahren.\r\n<h2 style=\"margin-bottom: 20px\">In aller Welt<\/h2>\r\nSport wird als wahre \u201euniverselle Sprache\u201c bezeichnet, die Menschen aller Altersgruppen, Hintergr\u00fcnde und Grenzen vereint. Es wird jedoch viel Sprachunterst\u00fctzung ben\u00f6tigt, damit diese universelle Sprache ein mehrsprachiges Publikum auf der ganzen Welt erreicht. Nehmen Sie zum Beispiel die Olympischen Spiele 2021 in Tokio, bei denen 100 erstklassige Dolmetscher zur \u00dcbermittlung von Inhalten in \u00fcber 11 Sprachen zur Verf\u00fcgung standen.\r\n\r\nDa sich Sportveranstaltungen weltweit auf neue M\u00e4rkte ausbreiten, sind hochwertige Sport\u00fcbersetzungen der Schl\u00fcssel zum Erfolg Ihres Unternehmens in dieser boomenden globalen Branche."},"shortcode-map":{"type":"textfield","raw":""},"dyk-shortcode":{"type":"textfield","raw":"[elementor-template id=\"146647\"]"},"text-2":{"type":"textarea","raw":"<h2 style=\"margin-bottom: 20px\">Vorteile hochwertiger Sport\u00fcbersetzungen<\/h2>\r\nWenn es darum geht, Gewinne zu erzielen, ist die Sportindustrie ein Champion. Laut einem aktuellen Marktbericht soll der globale Sportmarkt bis 2025 auf fast 600 Milliarden Dollar (USD) wachsen.\r\n\r\nDaher ist die \u00dcbersetzung f\u00fcr globale Sportorganisationen, die ihr Unterhaltungs- und Streaming-Publikum erweitern wollen, wichtiger denn je. FIFA+ zum Beispiel, eine digitale Plattform, die Zugang zu \u00fcber 40.000 Live-Fu\u00dfballspielen aus aller Welt bietet, hat in lokalisierte Inhalte in zehn Sprachen investiert, darunter Englisch, Franz\u00f6sisch, Spanisch, Deutsch, Portugiesisch, Indonesisch, Italienisch, Japanisch, Koreanisch und Arabisch.\r\n\r\nSport\u00fcbersetzungsdienstleistungen werden auch f\u00fcr professionelle Sportligen immer wichtiger. Im Jahr 2016 verpflichtete die Major League Baseball (MLB) beispielsweise jedes Baseballteam dazu, einen professionellen Spanisch-Englisch-Dolmetscher einzustellen, um die Spieler der Liga, von denen fast 30% aus Lateinamerika stammen, zu unterst\u00fctzen. Da immer mehr Spieler international reisen, um Profisport zu betreiben, haben Unternehmen eine gro\u00dfe Chance, ein neues fremdsprachiges Publikum zu erreichen.\r\n\r\nGleichzeitig erfordert die Gesch\u00e4ftst\u00e4tigkeit in einer so spezialisierten Branche eine sorgf\u00e4ltige \u00dcbersetzung, um sicherzustellen, dass Ihre Marke, Produkte, Fachbegriffe und Dokumentation in verschiedenen Sprachen korrekt sind.\r\n<h2 style=\"margin-bottom: 20px\">Arten von Sport\u00fcbersetzungen<\/h2>\r\nAngesichts der Vielfalt der Bereiche innerhalb der allgemeinen Sportindustrie gibt es viele verschiedene Arten von Sport\u00fcbersetzungsdienstleistungen, die Sie f\u00fcr Ihre Bed\u00fcrfnisse nutzen k\u00f6nnen.\r\n<h3>\u00dcbersetzung von Dokumenten<\/h3>\r\nKorrekt \u00fcbersetzte Dokumentation hat oberste Priorit\u00e4t, sowohl zum Schutz der Integrit\u00e4t Ihrer Marke als auch zur Erweiterung Ihres Publikums. Unabh\u00e4ngig davon, ob Sie Sponsorenvertr\u00e4ge, \u00dcbertragungsrechte, Spielervertr\u00e4ge, PR-Memos, Ausr\u00fcstungshandb\u00fccher, lokale Rechtsdokumente oder andere Arten von Dokumenten \u00fcbersetzen m\u00fcssen, bietet <em>Trusted Translations <\/em> einen strengen \u00dcbersetzungsprozess f\u00fcr Sportdokumente, der sowohl Pr\u00e4zision als auch kurze Bearbeitungszeiten und Kosteneffizienz gew\u00e4hrleistet.\r\n<h3>Untertitelung<\/h3>\r\nEs gibt zwei allgemeine Arten der Sportuntertitelung, live und asynchron. Die Untertitelung eines Live-Sportereignisses erfordert au\u00dfergew\u00f6hnliche Aufmerksamkeit f\u00fcr Details und umfassendes Fachwissen. Die \u201eUntertitler\u201c m\u00fcssen schnell zwischen Spielbericht-Ereignissen, Farbkommentaren und Statistiken wechseln. Die Untertitelung einer Wiederholung ist zwar weniger zeitaufw\u00e4ndig, erfordert jedoch eine gr\u00fcndliche Kenntnis des Sportjargons, der Regeln und der internationalen Untertitelungsanforderungen. Daher ist es am besten, mit \u00dcbersetzern zusammenzuarbeiten, die bereits sehr <a href=\"https:\/\/www.trustedtranslations.com\/de\/dienstleistungen\/menschlich\/multimedia\">erfahren in der Untertitelung<\/a> sind.\r\n<h3>Soziale Medien und Werbung<\/h3>\r\nWerbung ist ein enormer Teil der Sportbranche \u2013 denken Sie nur daran, wie gro\u00dfe Marken bei Veranstaltungen wie dem Super Bowl oder der FIFA-Fu\u00dfballweltmeisterschaft darum konkurrieren, Werbepl\u00e4tze zur Hauptsendezeit zu ergattern. Auch Sportteams, Profiligen und Sportunternehmen haben ihre Nutzung von sozialen Medien deutlich erh\u00f6ht, um j\u00fcngere, internetaffine Generationen anzusprechen. Brosch\u00fcren, Anzeigen, Beitr\u00e4ge auf sozialen Medien und andere Formen von Marketinginhalten m\u00fcssen \u00fcbersetzt werden, damit ihre Botschaft auf unterschiedliche Zielgruppen zugeschnitten ist.\r\n<h3>Sport-eLearning<\/h3>\r\nImmer mehr Sportorganisationen nutzen <a href=\"https:\/\/www.trustedtranslations.com\/de\/branchen\/elearning-und-lokalisierung\">eLearning-Plattformen<\/a>, um Spielern in so unterschiedlichen Sportarten wie Gymnastik, Basketball oder Tennis Videotraining, Ferncoaching und Feedback zu bieten. Unternehmen haben auch eLearning-Schulungskurse f\u00fcr Trainer, Sportanalysten und andere spezialisierte Rollen in der Branche entwickelt. Qualitativ hochwertige Sport\u00fcbersetzungen stellen sicher, dass diese Kurse ihre Lektionen effektiv an einen globalen Spieler- und Mitarbeiterstamm vermitteln.\r\n<h3>Sportprodukte\/Vermarktung<\/h3>\r\nUnz\u00e4hlige physische Produktlinien f\u00fcr Fans und Spieler f\u00fcllen Gesch\u00e4fte auf der ganzen Welt. Die Waren werden mit Verpackung und Markenbildung geliefert, die f\u00fcr verschiedene M\u00e4rkte entsprechend \u00fcbersetzt und lokalisiert werden m\u00fcssen. Dar\u00fcber hinaus kann eine genaue \u00dcbersetzung von Sicherheitshandb\u00fcchern und -anweisungen bei Fitness- und Sportger\u00e4ten nicht nur wichtig, sondern potenziell lebensrettend sein.\r\n\r\nKontaktieren Sie uns noch heute, um mehr dar\u00fcber zu erfahren, wie <em>Trusted Translations<\/em> kosteng\u00fcnstige L\u00f6sungen f\u00fcr Ihre Sport\u00fcbersetzungsbed\u00fcrfnisse bieten kann."},"state":{"type":"textfield","raw":""},"city":{"type":"textarea","raw":[]}}},"_links":{"self":[{"href":"https:\/\/www.trustedtranslations.com\/de\/wp-json\/wp\/v2\/pages\/181560","targetHints":{"allow":["GET"]}}],"collection":[{"href":"https:\/\/www.trustedtranslations.com\/de\/wp-json\/wp\/v2\/pages"}],"about":[{"href":"https:\/\/www.trustedtranslations.com\/de\/wp-json\/wp\/v2\/types\/page"}],"author":[{"embeddable":true,"href":"https:\/\/www.trustedtranslations.com\/de\/wp-json\/wp\/v2\/users\/1"}],"replies":[{"embeddable":true,"href":"https:\/\/www.trustedtranslations.com\/de\/wp-json\/wp\/v2\/comments?post=181560"}],"version-history":[{"count":0,"href":"https:\/\/www.trustedtranslations.com\/de\/wp-json\/wp\/v2\/pages\/181560\/revisions"}],"up":[{"embeddable":true,"href":"https:\/\/www.trustedtranslations.com\/de\/wp-json\/wp\/v2\/pages\/129502"}],"wp:featuredmedia":[{"embeddable":true,"href":"https:\/\/www.trustedtranslations.com\/de\/wp-json\/wp\/v2\/media\/160117"}],"wp:attachment":[{"href":"https:\/\/www.trustedtranslations.com\/de\/wp-json\/wp\/v2\/media?parent=181560"}],"curies":[{"name":"wp","href":"https:\/\/api.w.org\/{rel}","templated":true}]}}