{"id":182540,"date":"2023-02-06T18:45:57","date_gmt":"2023-02-06T21:45:57","guid":{"rendered":"https:\/\/www.trustedtranslations.com\/?page_id=182540"},"modified":"2024-09-09T17:41:39","modified_gmt":"2024-09-09T20:41:39","slug":"hindi","status":"publish","type":"page","link":"https:\/\/www.trustedtranslations.com\/de\/sprache\/hindi","title":{"rendered":"Hindi"},"content":{"rendered":"","protected":false},"excerpt":{"rendered":"","protected":false},"author":1,"featured_media":160117,"parent":129506,"menu_order":0,"comment_status":"closed","ping_status":"closed","template":"","meta":{"site-sidebar-layout":"default","site-content-layout":"default","ast-site-content-layout":"default","site-content-style":"default","site-sidebar-style":"default","ast-global-header-display":"","ast-banner-title-visibility":"","ast-main-header-display":"","ast-hfb-above-header-display":"","ast-hfb-below-header-display":"","ast-hfb-mobile-header-display":"","site-post-title":"disabled","ast-breadcrumbs-content":"","ast-featured-img":"","footer-sml-layout":"","ast-disable-related-posts":"","theme-transparent-header-meta":"default","adv-header-id-meta":"","stick-header-meta":"","header-above-stick-meta":"","header-main-stick-meta":"","header-below-stick-meta":"","astra-migrate-meta-layouts":"set","ast-page-background-enabled":"default","ast-page-background-meta":{"desktop":{"background-color":"var(--ast-global-color-4)","background-image":"","background-repeat":"repeat","background-position":"center center","background-size":"auto","background-attachment":"scroll","background-type":"","background-media":"","overlay-type":"","overlay-color":"","overlay-opacity":"","overlay-gradient":""},"tablet":{"background-color":"","background-image":"","background-repeat":"repeat","background-position":"center center","background-size":"auto","background-attachment":"scroll","background-type":"","background-media":"","overlay-type":"","overlay-color":"","overlay-opacity":"","overlay-gradient":""},"mobile":{"background-color":"","background-image":"","background-repeat":"repeat","background-position":"center center","background-size":"auto","background-attachment":"scroll","background-type":"","background-media":"","overlay-type":"","overlay-color":"","overlay-opacity":"","overlay-gradient":""}},"ast-content-background-meta":{"desktop":{"background-color":"var(--ast-global-color-5)","background-image":"","background-repeat":"repeat","background-position":"center center","background-size":"auto","background-attachment":"scroll","background-type":"","background-media":"","overlay-type":"","overlay-color":"","overlay-opacity":"","overlay-gradient":""},"tablet":{"background-color":"var(--ast-global-color-5)","background-image":"","background-repeat":"repeat","background-position":"center center","background-size":"auto","background-attachment":"scroll","background-type":"","background-media":"","overlay-type":"","overlay-color":"","overlay-opacity":"","overlay-gradient":""},"mobile":{"background-color":"var(--ast-global-color-5)","background-image":"","background-repeat":"repeat","background-position":"center center","background-size":"auto","background-attachment":"scroll","background-type":"","background-media":"","overlay-type":"","overlay-color":"","overlay-opacity":"","overlay-gradient":""}},"footnotes":""},"class_list":["post-182540","page","type-page","status-publish","has-post-thumbnail","hentry"],"yoast_head":"<!-- This site is optimized with the Yoast SEO plugin v27.3 - https:\/\/yoast.com\/product\/yoast-seo-wordpress\/ -->\n<title>Hindi-\u00dcbersetzungsdienstleistungen - Trusted Translations, Inc.<\/title>\n<meta name=\"description\" content=\"Trusted Translations: F\u00fchrender Anbieter von Hindi-\u00dcbersetzungsdienstleistungen durch erfahrene Hindi-\u00dcbersetzerteams. Fordern Sie ein kostenloses Angebot oder eine Beratung an.\" \/>\n<meta name=\"robots\" content=\"index, follow, max-snippet:-1, max-image-preview:large, max-video-preview:-1\" \/>\n<link rel=\"canonical\" href=\"https:\/\/www.trustedtranslations.com\/de\/sprache\/hindi\" \/>\n<meta property=\"og:locale\" content=\"de_DE\" \/>\n<meta property=\"og:type\" content=\"article\" \/>\n<meta property=\"og:title\" content=\"Hindi-\u00dcbersetzungsdienstleistungen - Trusted Translations, Inc.\" \/>\n<meta property=\"og:description\" content=\"Trusted Translations: F\u00fchrender Anbieter von Hindi-\u00dcbersetzungsdienstleistungen durch erfahrene Hindi-\u00dcbersetzerteams. Fordern Sie ein kostenloses Angebot oder eine Beratung an.\" \/>\n<meta property=\"og:url\" content=\"https:\/\/www.trustedtranslations.com\/de\/sprache\/hindi\" \/>\n<meta property=\"og:site_name\" content=\"Trusted Translations, Inc.\" \/>\n<meta property=\"article:publisher\" content=\"https:\/\/www.facebook.com\/Trusted.Translations\" \/>\n<meta property=\"article:modified_time\" content=\"2024-09-09T20:41:39+00:00\" \/>\n<meta property=\"og:image\" content=\"https:\/\/static.trustedtranslations.com\/wp-content\/uploads\/2022\/08\/TT_NEW_FB-1.png\" \/>\n\t<meta property=\"og:image:width\" content=\"1\" \/>\n\t<meta property=\"og:image:height\" content=\"1\" \/>\n\t<meta property=\"og:image:type\" content=\"image\/jpeg\" \/>\n<meta name=\"twitter:card\" content=\"summary_large_image\" \/>\n<meta name=\"twitter:site\" content=\"@TrustedT9ns\" \/>\n<script type=\"application\/ld+json\" class=\"yoast-schema-graph\">{\"@context\":\"https:\\\/\\\/schema.org\",\"@graph\":[{\"@type\":\"WebPage\",\"@id\":\"https:\\\/\\\/www.trustedtranslations.com\\\/de\\\/sprache\\\/hindi\",\"url\":\"https:\\\/\\\/www.trustedtranslations.com\\\/de\\\/sprache\\\/hindi\",\"name\":\"Hindi-\u00dcbersetzungsdienstleistungen - Trusted Translations, Inc.\",\"isPartOf\":{\"@id\":\"https:\\\/\\\/www.trustedtranslations.com\\\/de\\\/#website\"},\"primaryImageOfPage\":{\"@id\":\"https:\\\/\\\/www.trustedtranslations.com\\\/de\\\/sprache\\\/hindi#primaryimage\"},\"image\":{\"@id\":\"https:\\\/\\\/www.trustedtranslations.com\\\/de\\\/sprache\\\/hindi#primaryimage\"},\"thumbnailUrl\":\"https:\\\/\\\/www.trustedtranslations.com\\\/wp-content\\\/uploads\\\/2022\\\/08\\\/TT_NEW_FB-1.png\",\"description\":\"Trusted Translations: F\u00fchrender Anbieter von Hindi-\u00dcbersetzungsdienstleistungen durch erfahrene Hindi-\u00dcbersetzerteams. Fordern Sie ein kostenloses Angebot oder eine Beratung an.\",\"breadcrumb\":{\"@id\":\"https:\\\/\\\/www.trustedtranslations.com\\\/de\\\/sprache\\\/hindi#breadcrumb\"},\"inLanguage\":\"de\",\"potentialAction\":[{\"@type\":\"ReadAction\",\"target\":[\"https:\\\/\\\/www.trustedtranslations.com\\\/de\\\/sprache\\\/hindi\"]}]},{\"@type\":\"ImageObject\",\"inLanguage\":\"de\",\"@id\":\"https:\\\/\\\/www.trustedtranslations.com\\\/de\\\/sprache\\\/hindi#primaryimage\",\"url\":\"https:\\\/\\\/www.trustedtranslations.com\\\/wp-content\\\/uploads\\\/2022\\\/08\\\/TT_NEW_FB-1.png\",\"contentUrl\":\"https:\\\/\\\/www.trustedtranslations.com\\\/wp-content\\\/uploads\\\/2022\\\/08\\\/TT_NEW_FB-1.png\",\"caption\":\"TT NEW FB 1\"},{\"@type\":\"BreadcrumbList\",\"@id\":\"https:\\\/\\\/www.trustedtranslations.com\\\/de\\\/sprache\\\/hindi#breadcrumb\",\"itemListElement\":[{\"@type\":\"ListItem\",\"position\":1,\"name\":\"Home\",\"item\":\"https:\\\/\\\/www.trustedtranslations.com\\\/de\"},{\"@type\":\"ListItem\",\"position\":2,\"name\":\"Sprachen\",\"item\":\"https:\\\/\\\/www.trustedtranslations.com\\\/de\\\/sprache\"},{\"@type\":\"ListItem\",\"position\":3,\"name\":\"Hindi\"}]},{\"@type\":\"WebSite\",\"@id\":\"https:\\\/\\\/www.trustedtranslations.com\\\/de\\\/#website\",\"url\":\"https:\\\/\\\/www.trustedtranslations.com\\\/de\\\/\",\"name\":\"Trusted Translations, Inc.\",\"description\":\"Leader in translation and interpretation services.\",\"publisher\":{\"@id\":\"https:\\\/\\\/www.trustedtranslations.com\\\/de\\\/#organization\"},\"alternateName\":\"Trusted Translations\",\"potentialAction\":[{\"@type\":\"SearchAction\",\"target\":{\"@type\":\"EntryPoint\",\"urlTemplate\":\"https:\\\/\\\/www.trustedtranslations.com\\\/de\\\/?s={search_term_string}\"},\"query-input\":{\"@type\":\"PropertyValueSpecification\",\"valueRequired\":true,\"valueName\":\"search_term_string\"}}],\"inLanguage\":\"de\"},{\"@type\":\"Organization\",\"@id\":\"https:\\\/\\\/www.trustedtranslations.com\\\/de\\\/#organization\",\"name\":\"Trusted Translations\",\"alternateName\":\"Trusted Translations, Inc.\",\"url\":\"https:\\\/\\\/www.trustedtranslations.com\\\/de\\\/\",\"logo\":{\"@type\":\"ImageObject\",\"inLanguage\":\"de\",\"@id\":\"https:\\\/\\\/www.trustedtranslations.com\\\/de\\\/#\\\/schema\\\/logo\\\/image\\\/\",\"url\":\"https:\\\/\\\/static.trustedtranslations.com\\\/wp-content\\\/uploads\\\/2022\\\/01\\\/TT_logo_WSIColors-2.png\",\"contentUrl\":\"https:\\\/\\\/static.trustedtranslations.com\\\/wp-content\\\/uploads\\\/2022\\\/01\\\/TT_logo_WSIColors-2.png\",\"width\":500,\"height\":196,\"caption\":\"Trusted Translations\"},\"image\":{\"@id\":\"https:\\\/\\\/www.trustedtranslations.com\\\/de\\\/#\\\/schema\\\/logo\\\/image\\\/\"},\"sameAs\":[\"https:\\\/\\\/www.facebook.com\\\/Trusted.Translations\",\"https:\\\/\\\/x.com\\\/TrustedT9ns\",\"https:\\\/\\\/www.linkedin.com\\\/company\\\/trusted-translations\"]}]}<\/script>\n<!-- \/ Yoast SEO plugin. -->","yoast_head_json":{"title":"Hindi-\u00dcbersetzungsdienstleistungen - Trusted Translations, Inc.","description":"Trusted Translations: F\u00fchrender Anbieter von Hindi-\u00dcbersetzungsdienstleistungen durch erfahrene Hindi-\u00dcbersetzerteams. Fordern Sie ein kostenloses Angebot oder eine Beratung an.","robots":{"index":"index","follow":"follow","max-snippet":"max-snippet:-1","max-image-preview":"max-image-preview:large","max-video-preview":"max-video-preview:-1"},"canonical":"https:\/\/www.trustedtranslations.com\/de\/sprache\/hindi","og_locale":"de_DE","og_type":"article","og_title":"Hindi-\u00dcbersetzungsdienstleistungen - Trusted Translations, Inc.","og_description":"Trusted Translations: F\u00fchrender Anbieter von Hindi-\u00dcbersetzungsdienstleistungen durch erfahrene Hindi-\u00dcbersetzerteams. Fordern Sie ein kostenloses Angebot oder eine Beratung an.","og_url":"https:\/\/www.trustedtranslations.com\/de\/sprache\/hindi","og_site_name":"Trusted Translations, Inc.","article_publisher":"https:\/\/www.facebook.com\/Trusted.Translations","article_modified_time":"2024-09-09T20:41:39+00:00","og_image":[{"url":"https:\/\/static.trustedtranslations.com\/wp-content\/uploads\/2022\/08\/TT_NEW_FB-1.png","width":1,"height":1,"type":"image\/jpeg"}],"twitter_card":"summary_large_image","twitter_site":"@TrustedT9ns","schema":{"@context":"https:\/\/schema.org","@graph":[{"@type":"WebPage","@id":"https:\/\/www.trustedtranslations.com\/de\/sprache\/hindi","url":"https:\/\/www.trustedtranslations.com\/de\/sprache\/hindi","name":"Hindi-\u00dcbersetzungsdienstleistungen - Trusted Translations, Inc.","isPartOf":{"@id":"https:\/\/www.trustedtranslations.com\/de\/#website"},"primaryImageOfPage":{"@id":"https:\/\/www.trustedtranslations.com\/de\/sprache\/hindi#primaryimage"},"image":{"@id":"https:\/\/www.trustedtranslations.com\/de\/sprache\/hindi#primaryimage"},"thumbnailUrl":"https:\/\/www.trustedtranslations.com\/wp-content\/uploads\/2022\/08\/TT_NEW_FB-1.png","description":"Trusted Translations: F\u00fchrender Anbieter von Hindi-\u00dcbersetzungsdienstleistungen durch erfahrene Hindi-\u00dcbersetzerteams. Fordern Sie ein kostenloses Angebot oder eine Beratung an.","breadcrumb":{"@id":"https:\/\/www.trustedtranslations.com\/de\/sprache\/hindi#breadcrumb"},"inLanguage":"de","potentialAction":[{"@type":"ReadAction","target":["https:\/\/www.trustedtranslations.com\/de\/sprache\/hindi"]}]},{"@type":"ImageObject","inLanguage":"de","@id":"https:\/\/www.trustedtranslations.com\/de\/sprache\/hindi#primaryimage","url":"https:\/\/www.trustedtranslations.com\/wp-content\/uploads\/2022\/08\/TT_NEW_FB-1.png","contentUrl":"https:\/\/www.trustedtranslations.com\/wp-content\/uploads\/2022\/08\/TT_NEW_FB-1.png","caption":"TT NEW FB 1"},{"@type":"BreadcrumbList","@id":"https:\/\/www.trustedtranslations.com\/de\/sprache\/hindi#breadcrumb","itemListElement":[{"@type":"ListItem","position":1,"name":"Home","item":"https:\/\/www.trustedtranslations.com\/de"},{"@type":"ListItem","position":2,"name":"Sprachen","item":"https:\/\/www.trustedtranslations.com\/de\/sprache"},{"@type":"ListItem","position":3,"name":"Hindi"}]},{"@type":"WebSite","@id":"https:\/\/www.trustedtranslations.com\/de\/#website","url":"https:\/\/www.trustedtranslations.com\/de\/","name":"Trusted Translations, Inc.","description":"Leader in translation and interpretation services.","publisher":{"@id":"https:\/\/www.trustedtranslations.com\/de\/#organization"},"alternateName":"Trusted Translations","potentialAction":[{"@type":"SearchAction","target":{"@type":"EntryPoint","urlTemplate":"https:\/\/www.trustedtranslations.com\/de\/?s={search_term_string}"},"query-input":{"@type":"PropertyValueSpecification","valueRequired":true,"valueName":"search_term_string"}}],"inLanguage":"de"},{"@type":"Organization","@id":"https:\/\/www.trustedtranslations.com\/de\/#organization","name":"Trusted Translations","alternateName":"Trusted Translations, Inc.","url":"https:\/\/www.trustedtranslations.com\/de\/","logo":{"@type":"ImageObject","inLanguage":"de","@id":"https:\/\/www.trustedtranslations.com\/de\/#\/schema\/logo\/image\/","url":"https:\/\/static.trustedtranslations.com\/wp-content\/uploads\/2022\/01\/TT_logo_WSIColors-2.png","contentUrl":"https:\/\/static.trustedtranslations.com\/wp-content\/uploads\/2022\/01\/TT_logo_WSIColors-2.png","width":500,"height":196,"caption":"Trusted Translations"},"image":{"@id":"https:\/\/www.trustedtranslations.com\/de\/#\/schema\/logo\/image\/"},"sameAs":["https:\/\/www.facebook.com\/Trusted.Translations","https:\/\/x.com\/TrustedT9ns","https:\/\/www.linkedin.com\/company\/trusted-translations"]}]}},"toolset-meta":{"dyk":{"mensaje-1":{"type":"textfield","raw":"<em>Trusted Translations<\/em> ist ein bew\u00e4hrter \u00dcbersetzungsdienstleister f\u00fcr die Vereinten Nationen."},"mensaje-2":{"type":"textfield","raw":"Hochwertige arabische \u00dcbersetzungen verschaffen Ihnen Zugang zu M\u00e4rkten in \u00fcber 20 L\u00e4ndern."},"mensaje-3":{"type":"textfield","raw":"Weltweit gibt es \u00fcber 300 Millionen arabischsprachige Menschen."},"mensaje-4":{"type":"textfield","raw":"Arabisch ist eine der f\u00fcnf gefragtesten Sprachen der Gesch\u00e4ftswelt."},"mensaje-5":{"type":"textfield","raw":""},"mensaje-6":{"type":"textfield","raw":""}},"single-page-template-fields":{"imgs-temp":{"type":"image","raw":["https:\/\/static.trustedtranslations.com\/wp-content\/uploads\/2024\/06\/hindi-1.webp"],"repeatable":[{"raw":"https:\/\/static.trustedtranslations.com\/wp-content\/uploads\/2024\/06\/hindi-1.webp"}]},"imgs-temp-cel":{"type":"image","raw":[""],"repeatable":[{"raw":""}]},"img-temp-one-cel":{"type":"image","raw":"https:\/\/static.trustedtranslations.com\/wp-content\/uploads\/2024\/06\/hindi-res-1.webp","attachment_id":null},"quotes":{"type":"textarea","raw":"<h1 style=\"margin-bottom: 12px;\">Hindi-\u00dcbersetzungsdienstleistungen<\/h1>\r\nAls erfahrener Anbieter von Hindi-\u00dcbersetzungsdienstleistungen ist Trusted Translations gut ger\u00fcstet, um mehrsprachige Projekte mit Hindi und einer breiten Palette anderer Sprachen zu verwalten. Bikulturell und nicht nur zweisprachig arbeiten seine gut qualifizierten \u00dcbersetzer, um die engen Fristen einzuhalten, die von M\u00e4rkten und H\u00e4ndlern auferlegt werden, die rund um die Uhr online sind.\r\n<div style=\"margin-top: 2.5vw;\"><a class=\"tt-btn-main-cta\" href=\"https:\/\/www.trustedtranslations.com\/de\/angebot\">Kostenlosen Kostenvoranschlag anfordern<\/a><\/div>"},"text-1":{"type":"textarea","raw":"<h2>Hindi: Die vierth\u00e4ufigste Sprache<\/h2>Eine der verkehrsreichsten Sprachen ist Hindi, die weltweit viert meist gesprochene Erstsprache nach Mandarin, Spanisch und Englisch. Wenn sie zu Urdu hinzugef\u00fcgt wird (wodurch das Hindustani gebildet wird), \u00fcbertreffen diese sprachlichen Zwillinge das Spanische und stehen hinter Mandarin und Englisch an dritter Stelle.\r\n<h2>Bedeutender globaler Akteur<\/h2>\r\n<img class=\"alignleft wp-image-176797\" src=\"https:\/\/static.trustedtranslations.com\/wp-content\/uploads\/2023\/01\/gateway-india-1.jpg\" alt=\"\" width=\"400\" height=\"267\" \/>\r\nIndien (mit 22 Amtssprachen!) ist eine Hochburg der Handelsstr\u00f6me nach der Pandemie und gilt als die am schnellsten wachsende gro\u00dfe Volkswirtschaft der Welt. Mit einer Wachstumsprognose von satten 7% f\u00fcr 2022 hat es Gro\u00dfbritannien bereits \u00fcberholt, das laut dem Internationalen W\u00e4hrungsfonds (IWF) jetzt als f\u00fcnftgr\u00f6\u00dfte Volkswirtschaft der Welt gilt.\r\n\r\nDadurch gewinnt Hindi in wirtschaftlicher und kultureller Hinsicht zunehmend an Bedeutung. Mit 425 Millionen Menschen als Erstsprache und weiteren 270 Millionen als Zweit- oder Drittsprache ist Hindi die am dritth\u00e4ufigsten gesprochene Sprache der Welt.\r\n<h2>Indiens wachsende Handelsstr\u00f6me<\/h2>\r\nWeltweit sind indische Unternehmen in zahlreichen Bereichen f\u00fchrend, von der Weltraumforschung (Platz 5) bis hin zu Generika (Platz 1). Trotz der durch Covid blockierten Handelsstr\u00f6me stieg Indien um drei Pl\u00e4tze auf und wurde 2021 zum neuntgr\u00f6\u00dften Handelspartner der USA, wobei es US-Waren und -Dienstleistungen im Wert von 56,8 Mrd. USD importiert.\r\n\r\nAuf der anderen Seite sind nach wie vor die USA der gr\u00f6\u00dfte Handelspartner Indiens mit Ausfuhren in H\u00f6he von 102,3 Mrd. USD in die USA. Die drei besten Kategorien im Jahr 2021 waren:\r\n<ul>\r\n \t<li>14,11 Mrd. USD Perlen, Edelsteine, Metalle, M\u00fcnzen<\/li>\r\n \t<li>6,62 Mrd. USD Arzneimittel<\/li>\r\n \t<li>5,25 Mrd. USD Maschinen, Kernreaktoren, Kessel<\/li>\r\n<\/ul>"},"shortcode-map":{"type":"textfield","raw":""},"dyk-shortcode":{"type":"textfield","raw":"[elementor-template id=\"146647\"]"},"text-2":{"type":"textarea","raw":"<h2>Hindustani: Hindi oder Urdu?<\/h2>\r\n<img class=\"wp-image-176949 alignright\" src=\"https:\/\/static.trustedtranslations.com\/wp-content\/uploads\/2023\/01\/india-1-300x200.jpg\" alt=\"\" width=\"400\" height=\"267\" \/>\r\nVor Jahrhunderten waren diese beiden Sprachen einst dieselbe Sprache, als Hindustani die Verkehrssprache Nordindiens war. Obwohl sie sich im Laufe der Zeit aus kulturellen Gr\u00fcnden voneinander unterschieden und unterschiedliche Vokabeln entwickelt haben, verf\u00fcgen sie \u00fcber eine gemeinsame grammatikalische Struktur und sind immer noch gegenseitig verst\u00e4ndlich. Ihre schriftlichen Versionen verwenden jedoch unterschiedliche Skripte.\r\n\r\nNeben Indien ist Hindi auch Amtssprache in Fidschi, wo es von fast 400.000 Menschen gesprochen wird. In Nepal ist es die erste oder zweite Sprache f\u00fcr fast zwei Millionen Menschen; in S\u00fcdafrika ist es eine gesch\u00fctzte Sprache; und es ist die dritte offizielle Gerichtssprache in Abu Dhabi.\r\n<h2>Erfahrene Hindi-\u00dcbersetzungsteams<\/h2>\r\nOrganisationen, die sich in diesem riesigen Markt engagieren m\u00f6chten, suchen von Anfang an die Hilfe von Experten. Sie sind sich bewusst, dass \u00dcbersetzungen sowohl kulturell sensibel als auch sachlich korrekt sein m\u00fcssen, und sch\u00e4tzen die F\u00e4higkeiten unserer erfahrenen \u00dcbersetzer, die mit den sprachlichen Besonderheiten verschiedener Hindi-Gemeinschaften vertraut sind.\r\n\r\nAlle Projekte werden gepr\u00fcft und standardisiert und durchlaufen eine abschlie\u00dfende Qualit\u00e4tsbewertung, bevor sie an den Endkunden geliefert werden. All diese Liebe zum Detail stellt sicher, dass alle Dokumente den \u00dcbersetzungsstandards ISO 9001:2015 entsprechen, die von der International Organization for Standardization festgelegt wurden."},"state":{"type":"textfield","raw":""},"city":{"type":"textarea","raw":[]}}},"_links":{"self":[{"href":"https:\/\/www.trustedtranslations.com\/de\/wp-json\/wp\/v2\/pages\/182540","targetHints":{"allow":["GET"]}}],"collection":[{"href":"https:\/\/www.trustedtranslations.com\/de\/wp-json\/wp\/v2\/pages"}],"about":[{"href":"https:\/\/www.trustedtranslations.com\/de\/wp-json\/wp\/v2\/types\/page"}],"author":[{"embeddable":true,"href":"https:\/\/www.trustedtranslations.com\/de\/wp-json\/wp\/v2\/users\/1"}],"replies":[{"embeddable":true,"href":"https:\/\/www.trustedtranslations.com\/de\/wp-json\/wp\/v2\/comments?post=182540"}],"version-history":[{"count":0,"href":"https:\/\/www.trustedtranslations.com\/de\/wp-json\/wp\/v2\/pages\/182540\/revisions"}],"up":[{"embeddable":true,"href":"https:\/\/www.trustedtranslations.com\/de\/wp-json\/wp\/v2\/pages\/129506"}],"wp:featuredmedia":[{"embeddable":true,"href":"https:\/\/www.trustedtranslations.com\/de\/wp-json\/wp\/v2\/media\/160117"}],"wp:attachment":[{"href":"https:\/\/www.trustedtranslations.com\/de\/wp-json\/wp\/v2\/media?parent=182540"}],"curies":[{"name":"wp","href":"https:\/\/api.w.org\/{rel}","templated":true}]}}