{"id":182542,"date":"2023-02-10T16:35:35","date_gmt":"2023-02-10T19:35:35","guid":{"rendered":"https:\/\/www.trustedtranslations.com\/?page_id=182542"},"modified":"2024-09-09T17:55:24","modified_gmt":"2024-09-09T20:55:24","slug":"urdu","status":"publish","type":"page","link":"https:\/\/www.trustedtranslations.com\/de\/sprache\/urdu","title":{"rendered":"Urdu"},"content":{"rendered":"","protected":false},"excerpt":{"rendered":"","protected":false},"author":1,"featured_media":160117,"parent":129506,"menu_order":0,"comment_status":"closed","ping_status":"closed","template":"","meta":{"site-sidebar-layout":"default","site-content-layout":"default","ast-site-content-layout":"default","site-content-style":"default","site-sidebar-style":"default","ast-global-header-display":"","ast-banner-title-visibility":"","ast-main-header-display":"","ast-hfb-above-header-display":"","ast-hfb-below-header-display":"","ast-hfb-mobile-header-display":"","site-post-title":"disabled","ast-breadcrumbs-content":"","ast-featured-img":"","footer-sml-layout":"","ast-disable-related-posts":"","theme-transparent-header-meta":"default","adv-header-id-meta":"","stick-header-meta":"","header-above-stick-meta":"","header-main-stick-meta":"","header-below-stick-meta":"","astra-migrate-meta-layouts":"set","ast-page-background-enabled":"default","ast-page-background-meta":{"desktop":{"background-color":"var(--ast-global-color-4)","background-image":"","background-repeat":"repeat","background-position":"center center","background-size":"auto","background-attachment":"scroll","background-type":"","background-media":"","overlay-type":"","overlay-color":"","overlay-opacity":"","overlay-gradient":""},"tablet":{"background-color":"","background-image":"","background-repeat":"repeat","background-position":"center center","background-size":"auto","background-attachment":"scroll","background-type":"","background-media":"","overlay-type":"","overlay-color":"","overlay-opacity":"","overlay-gradient":""},"mobile":{"background-color":"","background-image":"","background-repeat":"repeat","background-position":"center center","background-size":"auto","background-attachment":"scroll","background-type":"","background-media":"","overlay-type":"","overlay-color":"","overlay-opacity":"","overlay-gradient":""}},"ast-content-background-meta":{"desktop":{"background-color":"var(--ast-global-color-5)","background-image":"","background-repeat":"repeat","background-position":"center center","background-size":"auto","background-attachment":"scroll","background-type":"","background-media":"","overlay-type":"","overlay-color":"","overlay-opacity":"","overlay-gradient":""},"tablet":{"background-color":"var(--ast-global-color-5)","background-image":"","background-repeat":"repeat","background-position":"center center","background-size":"auto","background-attachment":"scroll","background-type":"","background-media":"","overlay-type":"","overlay-color":"","overlay-opacity":"","overlay-gradient":""},"mobile":{"background-color":"var(--ast-global-color-5)","background-image":"","background-repeat":"repeat","background-position":"center center","background-size":"auto","background-attachment":"scroll","background-type":"","background-media":"","overlay-type":"","overlay-color":"","overlay-opacity":"","overlay-gradient":""}},"footnotes":""},"class_list":["post-182542","page","type-page","status-publish","has-post-thumbnail","hentry"],"yoast_head":"<!-- This site is optimized with the Yoast SEO plugin v27.5 - https:\/\/yoast.com\/product\/yoast-seo-wordpress\/ -->\n<title>Leiter der Urdu-\u00dcbersetzung: Trusted Translations<\/title>\n<meta name=\"description\" content=\"Trusted Translations: F\u00fchrender Anbieter von Urdu-\u00dcbersetzungsdienstleistungen durch erfahrene Urdu-\u00dcbersetzerteams. Fordern Sie ein kostenloses Angebot oder eine Beratung an.\" \/>\n<meta name=\"robots\" content=\"index, follow, max-snippet:-1, max-image-preview:large, max-video-preview:-1\" \/>\n<link rel=\"canonical\" href=\"https:\/\/www.trustedtranslations.com\/de\/sprache\/urdu\" \/>\n<meta property=\"og:locale\" content=\"de_DE\" \/>\n<meta property=\"og:type\" content=\"article\" \/>\n<meta property=\"og:title\" content=\"Leiter der Urdu-\u00dcbersetzung: Trusted Translations\" \/>\n<meta property=\"og:description\" content=\"Trusted Translations: F\u00fchrender Anbieter von Urdu-\u00dcbersetzungsdienstleistungen durch erfahrene Urdu-\u00dcbersetzerteams. Fordern Sie ein kostenloses Angebot oder eine Beratung an.\" \/>\n<meta property=\"og:url\" content=\"https:\/\/www.trustedtranslations.com\/de\/sprache\/urdu\" \/>\n<meta property=\"og:site_name\" content=\"Trusted Translations, Inc.\" \/>\n<meta property=\"article:publisher\" content=\"https:\/\/www.facebook.com\/Trusted.Translations\" \/>\n<meta property=\"article:modified_time\" content=\"2024-09-09T20:55:24+00:00\" \/>\n<meta property=\"og:image\" content=\"https:\/\/static.trustedtranslations.com\/wp-content\/uploads\/2022\/08\/TT_NEW_FB-1.png\" \/>\n\t<meta property=\"og:image:width\" content=\"1\" \/>\n\t<meta property=\"og:image:height\" content=\"1\" \/>\n\t<meta property=\"og:image:type\" content=\"image\/jpeg\" \/>\n<meta name=\"twitter:card\" content=\"summary_large_image\" \/>\n<meta name=\"twitter:site\" content=\"@TrustedT9ns\" \/>\n<script type=\"application\/ld+json\" class=\"yoast-schema-graph\">{\"@context\":\"https:\\\/\\\/schema.org\",\"@graph\":[{\"@type\":\"WebPage\",\"@id\":\"https:\\\/\\\/www.trustedtranslations.com\\\/de\\\/sprache\\\/urdu\",\"url\":\"https:\\\/\\\/www.trustedtranslations.com\\\/de\\\/sprache\\\/urdu\",\"name\":\"Leiter der Urdu-\u00dcbersetzung: Trusted Translations\",\"isPartOf\":{\"@id\":\"https:\\\/\\\/www.trustedtranslations.com\\\/de\\\/#website\"},\"primaryImageOfPage\":{\"@id\":\"https:\\\/\\\/www.trustedtranslations.com\\\/de\\\/sprache\\\/urdu#primaryimage\"},\"image\":{\"@id\":\"https:\\\/\\\/www.trustedtranslations.com\\\/de\\\/sprache\\\/urdu#primaryimage\"},\"thumbnailUrl\":\"https:\\\/\\\/www.trustedtranslations.com\\\/wp-content\\\/uploads\\\/2022\\\/08\\\/TT_NEW_FB-1.png\",\"description\":\"Trusted Translations: F\u00fchrender Anbieter von Urdu-\u00dcbersetzungsdienstleistungen durch erfahrene Urdu-\u00dcbersetzerteams. Fordern Sie ein kostenloses Angebot oder eine Beratung an.\",\"breadcrumb\":{\"@id\":\"https:\\\/\\\/www.trustedtranslations.com\\\/de\\\/sprache\\\/urdu#breadcrumb\"},\"inLanguage\":\"de\",\"potentialAction\":[{\"@type\":\"ReadAction\",\"target\":[\"https:\\\/\\\/www.trustedtranslations.com\\\/de\\\/sprache\\\/urdu\"]}]},{\"@type\":\"ImageObject\",\"inLanguage\":\"de\",\"@id\":\"https:\\\/\\\/www.trustedtranslations.com\\\/de\\\/sprache\\\/urdu#primaryimage\",\"url\":\"https:\\\/\\\/www.trustedtranslations.com\\\/wp-content\\\/uploads\\\/2022\\\/08\\\/TT_NEW_FB-1.png\",\"contentUrl\":\"https:\\\/\\\/www.trustedtranslations.com\\\/wp-content\\\/uploads\\\/2022\\\/08\\\/TT_NEW_FB-1.png\",\"caption\":\"TT NEW FB 1\"},{\"@type\":\"BreadcrumbList\",\"@id\":\"https:\\\/\\\/www.trustedtranslations.com\\\/de\\\/sprache\\\/urdu#breadcrumb\",\"itemListElement\":[{\"@type\":\"ListItem\",\"position\":1,\"name\":\"Home\",\"item\":\"https:\\\/\\\/www.trustedtranslations.com\\\/de\"},{\"@type\":\"ListItem\",\"position\":2,\"name\":\"Sprachen\",\"item\":\"https:\\\/\\\/www.trustedtranslations.com\\\/de\\\/sprache\"},{\"@type\":\"ListItem\",\"position\":3,\"name\":\"Urdu\"}]},{\"@type\":\"WebSite\",\"@id\":\"https:\\\/\\\/www.trustedtranslations.com\\\/de\\\/#website\",\"url\":\"https:\\\/\\\/www.trustedtranslations.com\\\/de\\\/\",\"name\":\"Trusted Translations, Inc.\",\"description\":\"Leader in translation and interpretation services.\",\"publisher\":{\"@id\":\"https:\\\/\\\/www.trustedtranslations.com\\\/de\\\/#organization\"},\"alternateName\":\"Trusted Translations\",\"potentialAction\":[{\"@type\":\"SearchAction\",\"target\":{\"@type\":\"EntryPoint\",\"urlTemplate\":\"https:\\\/\\\/www.trustedtranslations.com\\\/de\\\/?s={search_term_string}\"},\"query-input\":{\"@type\":\"PropertyValueSpecification\",\"valueRequired\":true,\"valueName\":\"search_term_string\"}}],\"inLanguage\":\"de\"},{\"@type\":\"Organization\",\"@id\":\"https:\\\/\\\/www.trustedtranslations.com\\\/de\\\/#organization\",\"name\":\"Trusted Translations\",\"alternateName\":\"Trusted Translations, Inc.\",\"url\":\"https:\\\/\\\/www.trustedtranslations.com\\\/de\\\/\",\"logo\":{\"@type\":\"ImageObject\",\"inLanguage\":\"de\",\"@id\":\"https:\\\/\\\/www.trustedtranslations.com\\\/de\\\/#\\\/schema\\\/logo\\\/image\\\/\",\"url\":\"https:\\\/\\\/static.trustedtranslations.com\\\/wp-content\\\/uploads\\\/2022\\\/01\\\/TT_logo_WSIColors-2.png\",\"contentUrl\":\"https:\\\/\\\/static.trustedtranslations.com\\\/wp-content\\\/uploads\\\/2022\\\/01\\\/TT_logo_WSIColors-2.png\",\"width\":500,\"height\":196,\"caption\":\"Trusted Translations\"},\"image\":{\"@id\":\"https:\\\/\\\/www.trustedtranslations.com\\\/de\\\/#\\\/schema\\\/logo\\\/image\\\/\"},\"sameAs\":[\"https:\\\/\\\/www.facebook.com\\\/Trusted.Translations\",\"https:\\\/\\\/x.com\\\/TrustedT9ns\",\"https:\\\/\\\/www.linkedin.com\\\/company\\\/trusted-translations\"]}]}<\/script>\n<!-- \/ Yoast SEO plugin. -->","yoast_head_json":{"title":"Leiter der Urdu-\u00dcbersetzung: Trusted Translations","description":"Trusted Translations: F\u00fchrender Anbieter von Urdu-\u00dcbersetzungsdienstleistungen durch erfahrene Urdu-\u00dcbersetzerteams. Fordern Sie ein kostenloses Angebot oder eine Beratung an.","robots":{"index":"index","follow":"follow","max-snippet":"max-snippet:-1","max-image-preview":"max-image-preview:large","max-video-preview":"max-video-preview:-1"},"canonical":"https:\/\/www.trustedtranslations.com\/de\/sprache\/urdu","og_locale":"de_DE","og_type":"article","og_title":"Leiter der Urdu-\u00dcbersetzung: Trusted Translations","og_description":"Trusted Translations: F\u00fchrender Anbieter von Urdu-\u00dcbersetzungsdienstleistungen durch erfahrene Urdu-\u00dcbersetzerteams. Fordern Sie ein kostenloses Angebot oder eine Beratung an.","og_url":"https:\/\/www.trustedtranslations.com\/de\/sprache\/urdu","og_site_name":"Trusted Translations, Inc.","article_publisher":"https:\/\/www.facebook.com\/Trusted.Translations","article_modified_time":"2024-09-09T20:55:24+00:00","og_image":[{"url":"https:\/\/static.trustedtranslations.com\/wp-content\/uploads\/2022\/08\/TT_NEW_FB-1.png","width":1,"height":1,"type":"image\/jpeg"}],"twitter_card":"summary_large_image","twitter_site":"@TrustedT9ns","schema":{"@context":"https:\/\/schema.org","@graph":[{"@type":"WebPage","@id":"https:\/\/www.trustedtranslations.com\/de\/sprache\/urdu","url":"https:\/\/www.trustedtranslations.com\/de\/sprache\/urdu","name":"Leiter der Urdu-\u00dcbersetzung: Trusted Translations","isPartOf":{"@id":"https:\/\/www.trustedtranslations.com\/de\/#website"},"primaryImageOfPage":{"@id":"https:\/\/www.trustedtranslations.com\/de\/sprache\/urdu#primaryimage"},"image":{"@id":"https:\/\/www.trustedtranslations.com\/de\/sprache\/urdu#primaryimage"},"thumbnailUrl":"https:\/\/www.trustedtranslations.com\/wp-content\/uploads\/2022\/08\/TT_NEW_FB-1.png","description":"Trusted Translations: F\u00fchrender Anbieter von Urdu-\u00dcbersetzungsdienstleistungen durch erfahrene Urdu-\u00dcbersetzerteams. Fordern Sie ein kostenloses Angebot oder eine Beratung an.","breadcrumb":{"@id":"https:\/\/www.trustedtranslations.com\/de\/sprache\/urdu#breadcrumb"},"inLanguage":"de","potentialAction":[{"@type":"ReadAction","target":["https:\/\/www.trustedtranslations.com\/de\/sprache\/urdu"]}]},{"@type":"ImageObject","inLanguage":"de","@id":"https:\/\/www.trustedtranslations.com\/de\/sprache\/urdu#primaryimage","url":"https:\/\/www.trustedtranslations.com\/wp-content\/uploads\/2022\/08\/TT_NEW_FB-1.png","contentUrl":"https:\/\/www.trustedtranslations.com\/wp-content\/uploads\/2022\/08\/TT_NEW_FB-1.png","caption":"TT NEW FB 1"},{"@type":"BreadcrumbList","@id":"https:\/\/www.trustedtranslations.com\/de\/sprache\/urdu#breadcrumb","itemListElement":[{"@type":"ListItem","position":1,"name":"Home","item":"https:\/\/www.trustedtranslations.com\/de"},{"@type":"ListItem","position":2,"name":"Sprachen","item":"https:\/\/www.trustedtranslations.com\/de\/sprache"},{"@type":"ListItem","position":3,"name":"Urdu"}]},{"@type":"WebSite","@id":"https:\/\/www.trustedtranslations.com\/de\/#website","url":"https:\/\/www.trustedtranslations.com\/de\/","name":"Trusted Translations, Inc.","description":"Leader in translation and interpretation services.","publisher":{"@id":"https:\/\/www.trustedtranslations.com\/de\/#organization"},"alternateName":"Trusted Translations","potentialAction":[{"@type":"SearchAction","target":{"@type":"EntryPoint","urlTemplate":"https:\/\/www.trustedtranslations.com\/de\/?s={search_term_string}"},"query-input":{"@type":"PropertyValueSpecification","valueRequired":true,"valueName":"search_term_string"}}],"inLanguage":"de"},{"@type":"Organization","@id":"https:\/\/www.trustedtranslations.com\/de\/#organization","name":"Trusted Translations","alternateName":"Trusted Translations, Inc.","url":"https:\/\/www.trustedtranslations.com\/de\/","logo":{"@type":"ImageObject","inLanguage":"de","@id":"https:\/\/www.trustedtranslations.com\/de\/#\/schema\/logo\/image\/","url":"https:\/\/static.trustedtranslations.com\/wp-content\/uploads\/2022\/01\/TT_logo_WSIColors-2.png","contentUrl":"https:\/\/static.trustedtranslations.com\/wp-content\/uploads\/2022\/01\/TT_logo_WSIColors-2.png","width":500,"height":196,"caption":"Trusted Translations"},"image":{"@id":"https:\/\/www.trustedtranslations.com\/de\/#\/schema\/logo\/image\/"},"sameAs":["https:\/\/www.facebook.com\/Trusted.Translations","https:\/\/x.com\/TrustedT9ns","https:\/\/www.linkedin.com\/company\/trusted-translations"]}]}},"toolset-meta":{"dyk":{"mensaje-1":{"type":"textfield","raw":"<em>Trusted Translations<\/em> ist ein bew\u00e4hrter \u00dcbersetzungsdienstleister f\u00fcr die Vereinten Nationen."},"mensaje-2":{"type":"textfield","raw":"Hochwertige arabische \u00dcbersetzungen verschaffen Ihnen Zugang zu M\u00e4rkten in \u00fcber 20 L\u00e4ndern."},"mensaje-3":{"type":"textfield","raw":"Weltweit gibt es \u00fcber 300 Millionen arabischsprachige Menschen."},"mensaje-4":{"type":"textfield","raw":"Arabisch ist eine der f\u00fcnf gefragtesten Sprachen der Gesch\u00e4ftswelt."},"mensaje-5":{"type":"textfield","raw":""},"mensaje-6":{"type":"textfield","raw":""}},"single-page-template-fields":{"imgs-temp":{"type":"image","raw":["https:\/\/static.trustedtranslations.com\/wp-content\/uploads\/2024\/06\/pakistan-1.webp","https:\/\/static.trustedtranslations.com\/wp-content\/uploads\/2024\/06\/india-2-1.webp"],"repeatable":[{"raw":"https:\/\/static.trustedtranslations.com\/wp-content\/uploads\/2024\/06\/pakistan-1.webp"},{"raw":"https:\/\/static.trustedtranslations.com\/wp-content\/uploads\/2024\/06\/india-2-1.webp"}]},"imgs-temp-cel":{"type":"image","raw":[""],"repeatable":[{"raw":""}]},"img-temp-one-cel":{"type":"image","raw":"https:\/\/static.trustedtranslations.com\/wp-content\/uploads\/2024\/06\/pakistan-2-1.webp","attachment_id":null},"quotes":{"type":"textarea","raw":"<h1 style=\"margin-bottom: 12px;\">Urdu-\u00dcbersetzungsdienstleistungen<\/h1>\r\nMit wettbewerbsf\u00e4higen Preisen f\u00fcr Projekte mit Urdu ins Englische und aus dem Englischen und vielen anderen Sprachen ist Trusted Translations ein f\u00fchrender Urdu-\u00dcbersetzungsdienstleister. Unsere kulturbewussten \u00dcbersetzer sind sowohl bikulturell als auch zweisprachig und bestens qualifiziert, um Urdu-Texte f\u00fcr bestimmte L\u00e4nder und Gemeinschaften zu lokalisieren.\r\n<div style=\"margin-top: 2.5vw;\"><a class=\"tt-btn-main-cta\" href=\"https:\/\/www.trustedtranslations.com\/de\/angebot\">Kostenlosen Kostenvoranschlag anfordern<\/a><\/div>"},"text-1":{"type":"textarea","raw":"<h2>Urdu: Pakistans Amtssprache und in ganz Indien weit verbreitet<\/h2><img class=\"wp-image-177056 alignleft\" src=\"https:\/\/static.trustedtranslations.com\/wp-content\/uploads\/2023\/01\/urdu-book-1-300x200.jpg\" alt=\"\" width=\"500\" height=\"334\" \/>Urdu wird haupts\u00e4chlich in Pakistan und Indien von mehr als 170 Millionen Menschen als Erst- oder Zweitsprache gesprochen und ist die offizielle Sprache Pakistans. Sie wird auch offiziell in der indischen Verfassung anerkannt. Im Allgemeinen wird Urdu von Muslimen in Indien gesprochen, wobei Urdu-Schulen ihren eigenen Lehrplan unterrichten und mehrere tausend Tageszeitungen in Urdu gedruckt werden.\r\n\r\nNach Angaben des Seidenstra\u00dfenprogramms der Vereinten Nationen gedeihen Urdu sprechende Gemeinschaften in der ganzen Welt, von Afghanistan bis Sambia, einschlie\u00dflich des Vereinigten K\u00f6nigreichs, der USA, Australiens, Kanadas und Norwegens sowie der L\u00e4nder am Persischen Golf.\r\n\r\nUrdu wurde als Symbol der Einheit f\u00fcr die neue Nation Pakistan gew\u00e4hlt, als die britische Kolonialherrschaft mit der Teilung 1947 endete. Urdu wurde lange Zeit als Verkehrssprache unter den Muslimen in Nord- und Nordwestindien verwendet und wird heute in ganz Pakistan (parallel zum Englischen) gesprochen und gelehrt, wobei viele Provinzgemeinschaften auch eine Vielzahl von Muttersprachen sprechen.\r\n<h2>Modernes Standard-Urdu oder Lashkari (\u0644\u0634\u06a9\u0631\u06cc)<\/h2>\r\nDa Hindi die gleiche indo-arische Basis hat, gibt es auf informeller (gesprochener) Ebene nur wenige signifikante Unterschiede zwischen diesen beiden Sprachen. Sie sind daher gegenseitig verst\u00e4ndlich, mit \u00e4hnlicher Grammatik und Phonologie. Aus p\u00e4dagogischen, politischen und kulturellen Gr\u00fcnden werden sie jedoch normalerweise als eigenst\u00e4ndige Sprachen behandelt."},"shortcode-map":{"type":"textfield","raw":""},"dyk-shortcode":{"type":"textfield","raw":"[elementor-template id=\"146647\"]"},"text-2":{"type":"textarea","raw":"<h2>Expertenteams f\u00fcr Urdu-\u00dcbersetzungen<img class=\"alignright wp-image-177081\" src=\"https:\/\/static.trustedtranslations.com\/wp-content\/uploads\/2023\/01\/urdu-1-300x200.jpg\" alt=\"\" width=\"400\" height=\"267\" \/><\/h2>\r\nHochwertige Pr\u00e4sentationen, Bewerbungen und andere Dokumente m\u00fcssen von gut qualifizierten Fachleuten \u00fcbersetzt und\/oder lokalisiert werden, die mit den gesellschaftlichen Sitten vertraut und bereit sind, Quellen f\u00fcr genaue Informationen zu recherchieren.\r\n\r\nUm Texte in der gew\u00e4hlten Zielsprache fl\u00fcssig, aktuell und lesergerecht zu liefern, m\u00fcssen \u00dcbersetzer mit einer Vielzahl von Tools vertraut sein, insbesondere f\u00fcr Sprachen wie Urdu. Deshalb setzt die Zusammenarbeit mit einem erfahrenen \u00dcbersetzungsdienstleister wie Trusted Translations dem R\u00e4tselraten ein Ende, wenn Sie Gesch\u00e4fte in Urdu t\u00e4tigen."},"state":{"type":"textfield","raw":""},"city":{"type":"textarea","raw":[]}}},"_links":{"self":[{"href":"https:\/\/www.trustedtranslations.com\/de\/wp-json\/wp\/v2\/pages\/182542","targetHints":{"allow":["GET"]}}],"collection":[{"href":"https:\/\/www.trustedtranslations.com\/de\/wp-json\/wp\/v2\/pages"}],"about":[{"href":"https:\/\/www.trustedtranslations.com\/de\/wp-json\/wp\/v2\/types\/page"}],"author":[{"embeddable":true,"href":"https:\/\/www.trustedtranslations.com\/de\/wp-json\/wp\/v2\/users\/1"}],"replies":[{"embeddable":true,"href":"https:\/\/www.trustedtranslations.com\/de\/wp-json\/wp\/v2\/comments?post=182542"}],"version-history":[{"count":0,"href":"https:\/\/www.trustedtranslations.com\/de\/wp-json\/wp\/v2\/pages\/182542\/revisions"}],"up":[{"embeddable":true,"href":"https:\/\/www.trustedtranslations.com\/de\/wp-json\/wp\/v2\/pages\/129506"}],"wp:featuredmedia":[{"embeddable":true,"href":"https:\/\/www.trustedtranslations.com\/de\/wp-json\/wp\/v2\/media\/160117"}],"wp:attachment":[{"href":"https:\/\/www.trustedtranslations.com\/de\/wp-json\/wp\/v2\/media?parent=182542"}],"curies":[{"name":"wp","href":"https:\/\/api.w.org\/{rel}","templated":true}]}}