{"id":182544,"date":"2023-02-13T14:51:02","date_gmt":"2023-02-13T17:51:02","guid":{"rendered":"https:\/\/www.trustedtranslations.com\/?page_id=182544"},"modified":"2024-09-09T18:08:51","modified_gmt":"2024-09-09T21:08:51","slug":"data-anonymization","status":"publish","type":"page","link":"https:\/\/www.trustedtranslations.com\/de\/dienstleistungen\/maschine\/data-anonymization","title":{"rendered":"Datenanonymisierung"},"content":{"rendered":"","protected":false},"excerpt":{"rendered":"","protected":false},"author":1,"featured_media":248081,"parent":129394,"menu_order":5,"comment_status":"closed","ping_status":"closed","template":"","meta":{"site-sidebar-layout":"default","site-content-layout":"default","ast-site-content-layout":"default","site-content-style":"default","site-sidebar-style":"default","ast-global-header-display":"","ast-banner-title-visibility":"","ast-main-header-display":"","ast-hfb-above-header-display":"","ast-hfb-below-header-display":"","ast-hfb-mobile-header-display":"","site-post-title":"disabled","ast-breadcrumbs-content":"","ast-featured-img":"","footer-sml-layout":"","ast-disable-related-posts":"","theme-transparent-header-meta":"default","adv-header-id-meta":"","stick-header-meta":"","header-above-stick-meta":"","header-main-stick-meta":"","header-below-stick-meta":"","astra-migrate-meta-layouts":"set","ast-page-background-enabled":"default","ast-page-background-meta":{"desktop":{"background-color":"var(--ast-global-color-4)","background-image":"","background-repeat":"repeat","background-position":"center center","background-size":"auto","background-attachment":"scroll","background-type":"","background-media":"","overlay-type":"","overlay-color":"","overlay-opacity":"","overlay-gradient":""},"tablet":{"background-color":"","background-image":"","background-repeat":"repeat","background-position":"center center","background-size":"auto","background-attachment":"scroll","background-type":"","background-media":"","overlay-type":"","overlay-color":"","overlay-opacity":"","overlay-gradient":""},"mobile":{"background-color":"","background-image":"","background-repeat":"repeat","background-position":"center center","background-size":"auto","background-attachment":"scroll","background-type":"","background-media":"","overlay-type":"","overlay-color":"","overlay-opacity":"","overlay-gradient":""}},"ast-content-background-meta":{"desktop":{"background-color":"var(--ast-global-color-5)","background-image":"","background-repeat":"repeat","background-position":"center center","background-size":"auto","background-attachment":"scroll","background-type":"","background-media":"","overlay-type":"","overlay-color":"","overlay-opacity":"","overlay-gradient":""},"tablet":{"background-color":"var(--ast-global-color-5)","background-image":"","background-repeat":"repeat","background-position":"center center","background-size":"auto","background-attachment":"scroll","background-type":"","background-media":"","overlay-type":"","overlay-color":"","overlay-opacity":"","overlay-gradient":""},"mobile":{"background-color":"var(--ast-global-color-5)","background-image":"","background-repeat":"repeat","background-position":"center center","background-size":"auto","background-attachment":"scroll","background-type":"","background-media":"","overlay-type":"","overlay-color":"","overlay-opacity":"","overlay-gradient":""}},"footnotes":""},"class_list":["post-182544","page","type-page","status-publish","has-post-thumbnail","hentry"],"yoast_head":"<!-- This site is optimized with the Yoast SEO plugin v27.6 - https:\/\/yoast.com\/product\/yoast-seo-wordpress\/ -->\n<title>Datenanonymisierung f\u00fcr \u00dcbersetzungen \u2013 Trusted Translations, Inc.<\/title>\n<meta name=\"description\" content=\"Bei Trusted Translations erfordert ein Gro\u00dfteil unserer Arbeit den Umgang mit hochsensiblen Informationen: pers\u00f6nliche, finanzielle und gesundheitliche, neben vielen anderen Aspekten.\" \/>\n<meta name=\"robots\" content=\"index, follow, max-snippet:-1, max-image-preview:large, max-video-preview:-1\" \/>\n<link rel=\"canonical\" href=\"https:\/\/www.trustedtranslations.com\/de\/dienstleistungen\/maschine\/data-anonymization\" \/>\n<meta property=\"og:locale\" content=\"de_DE\" \/>\n<meta property=\"og:type\" content=\"article\" \/>\n<meta property=\"og:title\" content=\"Datenanonymisierung f\u00fcr \u00dcbersetzungen \u2013 Trusted Translations, Inc.\" \/>\n<meta property=\"og:description\" content=\"Bei Trusted Translations erfordert ein Gro\u00dfteil unserer Arbeit den Umgang mit hochsensiblen Informationen: pers\u00f6nliche, finanzielle und gesundheitliche, neben vielen anderen Aspekten.\" \/>\n<meta property=\"og:url\" content=\"https:\/\/www.trustedtranslations.com\/de\/dienstleistungen\/maschine\/data-anonymization\" \/>\n<meta property=\"og:site_name\" content=\"Trusted Translations, Inc.\" \/>\n<meta property=\"article:publisher\" content=\"https:\/\/www.facebook.com\/Trusted.Translations\" \/>\n<meta property=\"article:modified_time\" content=\"2024-09-09T21:08:51+00:00\" \/>\n<meta property=\"og:image\" content=\"https:\/\/static.trustedtranslations.com\/wp-content\/uploads\/2024\/02\/Recurso-13-1.png\" \/>\n\t<meta property=\"og:image:width\" content=\"150\" \/>\n\t<meta property=\"og:image:height\" content=\"150\" \/>\n\t<meta property=\"og:image:type\" content=\"image\/png\" \/>\n<meta name=\"twitter:card\" content=\"summary_large_image\" \/>\n<meta name=\"twitter:site\" content=\"@TrustedT9ns\" \/>\n<script type=\"application\/ld+json\" class=\"yoast-schema-graph\">{\"@context\":\"https:\\\/\\\/schema.org\",\"@graph\":[{\"@type\":\"WebPage\",\"@id\":\"https:\\\/\\\/www.trustedtranslations.com\\\/de\\\/dienstleistungen\\\/maschine\\\/data-anonymization\",\"url\":\"https:\\\/\\\/www.trustedtranslations.com\\\/de\\\/dienstleistungen\\\/maschine\\\/data-anonymization\",\"name\":\"Datenanonymisierung f\u00fcr \u00dcbersetzungen \u2013 Trusted Translations, Inc.\",\"isPartOf\":{\"@id\":\"https:\\\/\\\/www.trustedtranslations.com\\\/de\\\/#website\"},\"primaryImageOfPage\":{\"@id\":\"https:\\\/\\\/www.trustedtranslations.com\\\/de\\\/dienstleistungen\\\/maschine\\\/data-anonymization#primaryimage\"},\"image\":{\"@id\":\"https:\\\/\\\/www.trustedtranslations.com\\\/de\\\/dienstleistungen\\\/maschine\\\/data-anonymization#primaryimage\"},\"thumbnailUrl\":\"https:\\\/\\\/www.trustedtranslations.com\\\/wp-content\\\/uploads\\\/2024\\\/02\\\/Recurso-13-1.png\",\"description\":\"Bei Trusted Translations erfordert ein Gro\u00dfteil unserer Arbeit den Umgang mit hochsensiblen Informationen: pers\u00f6nliche, finanzielle und gesundheitliche, neben vielen anderen Aspekten.\",\"breadcrumb\":{\"@id\":\"https:\\\/\\\/www.trustedtranslations.com\\\/de\\\/dienstleistungen\\\/maschine\\\/data-anonymization#breadcrumb\"},\"inLanguage\":\"de\",\"potentialAction\":[{\"@type\":\"ReadAction\",\"target\":[\"https:\\\/\\\/www.trustedtranslations.com\\\/de\\\/dienstleistungen\\\/maschine\\\/data-anonymization\"]}]},{\"@type\":\"ImageObject\",\"inLanguage\":\"de\",\"@id\":\"https:\\\/\\\/www.trustedtranslations.com\\\/de\\\/dienstleistungen\\\/maschine\\\/data-anonymization#primaryimage\",\"url\":\"https:\\\/\\\/www.trustedtranslations.com\\\/wp-content\\\/uploads\\\/2024\\\/02\\\/Recurso-13-1.png\",\"contentUrl\":\"https:\\\/\\\/www.trustedtranslations.com\\\/wp-content\\\/uploads\\\/2024\\\/02\\\/Recurso-13-1.png\",\"width\":150,\"height\":150,\"caption\":\"Recurso 13 1\"},{\"@type\":\"BreadcrumbList\",\"@id\":\"https:\\\/\\\/www.trustedtranslations.com\\\/de\\\/dienstleistungen\\\/maschine\\\/data-anonymization#breadcrumb\",\"itemListElement\":[{\"@type\":\"ListItem\",\"position\":1,\"name\":\"Home\",\"item\":\"https:\\\/\\\/www.trustedtranslations.com\\\/de\"},{\"@type\":\"ListItem\",\"position\":2,\"name\":\"Dienstleistungen\",\"item\":\"https:\\\/\\\/www.trustedtranslations.com\\\/de\\\/dienstleistungen\"},{\"@type\":\"ListItem\",\"position\":3,\"name\":\"Maschinen\u00fcbersetzung\",\"item\":\"https:\\\/\\\/www.trustedtranslations.com\\\/de\\\/dienstleistungen\\\/maschine\"},{\"@type\":\"ListItem\",\"position\":4,\"name\":\"Datenanonymisierung\"}]},{\"@type\":\"WebSite\",\"@id\":\"https:\\\/\\\/www.trustedtranslations.com\\\/de\\\/#website\",\"url\":\"https:\\\/\\\/www.trustedtranslations.com\\\/de\\\/\",\"name\":\"Trusted Translations, Inc.\",\"description\":\"Leader in translation and interpretation services.\",\"publisher\":{\"@id\":\"https:\\\/\\\/www.trustedtranslations.com\\\/de\\\/#organization\"},\"alternateName\":\"Trusted Translations\",\"potentialAction\":[{\"@type\":\"SearchAction\",\"target\":{\"@type\":\"EntryPoint\",\"urlTemplate\":\"https:\\\/\\\/www.trustedtranslations.com\\\/de\\\/?s={search_term_string}\"},\"query-input\":{\"@type\":\"PropertyValueSpecification\",\"valueRequired\":true,\"valueName\":\"search_term_string\"}}],\"inLanguage\":\"de\"},{\"@type\":\"Organization\",\"@id\":\"https:\\\/\\\/www.trustedtranslations.com\\\/de\\\/#organization\",\"name\":\"Trusted Translations\",\"alternateName\":\"Trusted Translations, Inc.\",\"url\":\"https:\\\/\\\/www.trustedtranslations.com\\\/de\\\/\",\"logo\":{\"@type\":\"ImageObject\",\"inLanguage\":\"de\",\"@id\":\"https:\\\/\\\/www.trustedtranslations.com\\\/de\\\/#\\\/schema\\\/logo\\\/image\\\/\",\"url\":\"https:\\\/\\\/static.trustedtranslations.com\\\/wp-content\\\/uploads\\\/2022\\\/01\\\/TT_logo_WSIColors-2.png\",\"contentUrl\":\"https:\\\/\\\/static.trustedtranslations.com\\\/wp-content\\\/uploads\\\/2022\\\/01\\\/TT_logo_WSIColors-2.png\",\"width\":500,\"height\":196,\"caption\":\"Trusted Translations\"},\"image\":{\"@id\":\"https:\\\/\\\/www.trustedtranslations.com\\\/de\\\/#\\\/schema\\\/logo\\\/image\\\/\"},\"sameAs\":[\"https:\\\/\\\/www.facebook.com\\\/Trusted.Translations\",\"https:\\\/\\\/x.com\\\/TrustedT9ns\",\"https:\\\/\\\/www.linkedin.com\\\/company\\\/trusted-translations\"]}]}<\/script>\n<!-- \/ Yoast SEO plugin. -->","yoast_head_json":{"title":"Datenanonymisierung f\u00fcr \u00dcbersetzungen \u2013 Trusted Translations, Inc.","description":"Bei Trusted Translations erfordert ein Gro\u00dfteil unserer Arbeit den Umgang mit hochsensiblen Informationen: pers\u00f6nliche, finanzielle und gesundheitliche, neben vielen anderen Aspekten.","robots":{"index":"index","follow":"follow","max-snippet":"max-snippet:-1","max-image-preview":"max-image-preview:large","max-video-preview":"max-video-preview:-1"},"canonical":"https:\/\/www.trustedtranslations.com\/de\/dienstleistungen\/maschine\/data-anonymization","og_locale":"de_DE","og_type":"article","og_title":"Datenanonymisierung f\u00fcr \u00dcbersetzungen \u2013 Trusted Translations, Inc.","og_description":"Bei Trusted Translations erfordert ein Gro\u00dfteil unserer Arbeit den Umgang mit hochsensiblen Informationen: pers\u00f6nliche, finanzielle und gesundheitliche, neben vielen anderen Aspekten.","og_url":"https:\/\/www.trustedtranslations.com\/de\/dienstleistungen\/maschine\/data-anonymization","og_site_name":"Trusted Translations, Inc.","article_publisher":"https:\/\/www.facebook.com\/Trusted.Translations","article_modified_time":"2024-09-09T21:08:51+00:00","og_image":[{"width":150,"height":150,"url":"https:\/\/static.trustedtranslations.com\/wp-content\/uploads\/2024\/02\/Recurso-13-1.png","type":"image\/png"}],"twitter_card":"summary_large_image","twitter_site":"@TrustedT9ns","schema":{"@context":"https:\/\/schema.org","@graph":[{"@type":"WebPage","@id":"https:\/\/www.trustedtranslations.com\/de\/dienstleistungen\/maschine\/data-anonymization","url":"https:\/\/www.trustedtranslations.com\/de\/dienstleistungen\/maschine\/data-anonymization","name":"Datenanonymisierung f\u00fcr \u00dcbersetzungen \u2013 Trusted Translations, Inc.","isPartOf":{"@id":"https:\/\/www.trustedtranslations.com\/de\/#website"},"primaryImageOfPage":{"@id":"https:\/\/www.trustedtranslations.com\/de\/dienstleistungen\/maschine\/data-anonymization#primaryimage"},"image":{"@id":"https:\/\/www.trustedtranslations.com\/de\/dienstleistungen\/maschine\/data-anonymization#primaryimage"},"thumbnailUrl":"https:\/\/www.trustedtranslations.com\/wp-content\/uploads\/2024\/02\/Recurso-13-1.png","description":"Bei Trusted Translations erfordert ein Gro\u00dfteil unserer Arbeit den Umgang mit hochsensiblen Informationen: pers\u00f6nliche, finanzielle und gesundheitliche, neben vielen anderen Aspekten.","breadcrumb":{"@id":"https:\/\/www.trustedtranslations.com\/de\/dienstleistungen\/maschine\/data-anonymization#breadcrumb"},"inLanguage":"de","potentialAction":[{"@type":"ReadAction","target":["https:\/\/www.trustedtranslations.com\/de\/dienstleistungen\/maschine\/data-anonymization"]}]},{"@type":"ImageObject","inLanguage":"de","@id":"https:\/\/www.trustedtranslations.com\/de\/dienstleistungen\/maschine\/data-anonymization#primaryimage","url":"https:\/\/www.trustedtranslations.com\/wp-content\/uploads\/2024\/02\/Recurso-13-1.png","contentUrl":"https:\/\/www.trustedtranslations.com\/wp-content\/uploads\/2024\/02\/Recurso-13-1.png","width":150,"height":150,"caption":"Recurso 13 1"},{"@type":"BreadcrumbList","@id":"https:\/\/www.trustedtranslations.com\/de\/dienstleistungen\/maschine\/data-anonymization#breadcrumb","itemListElement":[{"@type":"ListItem","position":1,"name":"Home","item":"https:\/\/www.trustedtranslations.com\/de"},{"@type":"ListItem","position":2,"name":"Dienstleistungen","item":"https:\/\/www.trustedtranslations.com\/de\/dienstleistungen"},{"@type":"ListItem","position":3,"name":"Maschinen\u00fcbersetzung","item":"https:\/\/www.trustedtranslations.com\/de\/dienstleistungen\/maschine"},{"@type":"ListItem","position":4,"name":"Datenanonymisierung"}]},{"@type":"WebSite","@id":"https:\/\/www.trustedtranslations.com\/de\/#website","url":"https:\/\/www.trustedtranslations.com\/de\/","name":"Trusted Translations, Inc.","description":"Leader in translation and interpretation services.","publisher":{"@id":"https:\/\/www.trustedtranslations.com\/de\/#organization"},"alternateName":"Trusted Translations","potentialAction":[{"@type":"SearchAction","target":{"@type":"EntryPoint","urlTemplate":"https:\/\/www.trustedtranslations.com\/de\/?s={search_term_string}"},"query-input":{"@type":"PropertyValueSpecification","valueRequired":true,"valueName":"search_term_string"}}],"inLanguage":"de"},{"@type":"Organization","@id":"https:\/\/www.trustedtranslations.com\/de\/#organization","name":"Trusted Translations","alternateName":"Trusted Translations, Inc.","url":"https:\/\/www.trustedtranslations.com\/de\/","logo":{"@type":"ImageObject","inLanguage":"de","@id":"https:\/\/www.trustedtranslations.com\/de\/#\/schema\/logo\/image\/","url":"https:\/\/static.trustedtranslations.com\/wp-content\/uploads\/2022\/01\/TT_logo_WSIColors-2.png","contentUrl":"https:\/\/static.trustedtranslations.com\/wp-content\/uploads\/2022\/01\/TT_logo_WSIColors-2.png","width":500,"height":196,"caption":"Trusted Translations"},"image":{"@id":"https:\/\/www.trustedtranslations.com\/de\/#\/schema\/logo\/image\/"},"sameAs":["https:\/\/www.facebook.com\/Trusted.Translations","https:\/\/x.com\/TrustedT9ns","https:\/\/www.linkedin.com\/company\/trusted-translations"]}]}},"toolset-meta":{"dyk":{"mensaje-1":{"type":"textfield","raw":"Wir beachten Abschnitt 508 des United States Workforce Rehabilitation Act von 1973."},"mensaje-2":{"type":"textfield","raw":"Bei <em>Trusted Translations<\/em> glauben wir daran, allen Nutzern gleiche Zug\u00e4nglichkeit zu bieten."},"mensaje-3":{"type":"textfield","raw":"Wir stellen sicher, dass Ihre Dokumente alle WCAG-Standards f\u00fcr barrierefreie Webnutzung erf\u00fcllen."},"mensaje-4":{"type":"textfield","raw":"Wir machen Ihre Webseite zug\u00e4nglich, so dass Sie das gr\u00f6\u00dftm\u00f6gliche Publikum erreichen k\u00f6nnen."},"mensaje-5":{"type":"textfield","raw":""},"mensaje-6":{"type":"textfield","raw":""}},"single-page-template-fields":{"imgs-temp":{"type":"image","raw":["https:\/\/static.trustedtranslations.com\/wp-content\/uploads\/2024\/07\/Anonymization-2-1.webp"],"repeatable":[{"raw":"https:\/\/static.trustedtranslations.com\/wp-content\/uploads\/2024\/07\/Anonymization-2-1.webp"}]},"imgs-temp-cel":{"type":"image","raw":[""],"repeatable":[{"raw":""}]},"img-temp-one-cel":{"type":"image","raw":"https:\/\/static.trustedtranslations.com\/wp-content\/uploads\/2024\/07\/Anonymization-3.webp","attachment_id":null},"quotes":{"type":"textarea","raw":"<h1 style=\"margin-bottom: 12px;\">Datenanonymisierung<\/h1>\r\nIn diesem digitalen Zeitalter ist die Gesch\u00e4ftst\u00e4tigkeit in unserer globalisierten Welt zunehmend von Spitzentechnologie abh\u00e4ngig. Jeden Tag werden riesige Datenmengen \u2013 oft sensibel und pers\u00f6nlich \u2013 generiert. Personenbezogene Daten werden von Fintech- und Gesundheitsdienstleistern (sowie von \u00dcbersetzungsunternehmen wie Trusted Translations) h\u00e4ufig f\u00fcr die Erbringung heikler, kostenpflichtiger Dienstleistungen ben\u00f6tigt und bieten Vermarktern unsch\u00e4tzbare Einblicke in die Vorlieben der Verbraucher. Datenschutz wird damit zu einem immer wichtigeren Faktor f\u00fcr effektive Gesch\u00e4ftsstrategien.\r\n<div style=\"margin-top: 2.5vw;\"><a class=\"tt-btn-main-cta\" href=\"https:\/\/www.trustedtranslations.com\/de\/angebot\">Kostenlosen Kostenvoranschlag anfordern<\/a><\/div>"},"text-1":{"type":"textarea","raw":"<h2>Datenanonymisierung: Schutz der Privatsph\u00e4re und Verbesserung der Verbraucherangebote<\/h2>Hier kommt die Datenanonymisierung ins Spiel, die vertrauliche Informationen sch\u00fctzt, indem individuelle Kennungen entfernt oder verschl\u00fcsselt werden. Indem sie den risikofreien Datenaustausch zwischen digitalen Medienplattformen erm\u00f6glicht, werden den Verbrauchern interessantere Angebote geboten.\r\n<h2>Was ist Datenanonymisierung?<img class=\"wp-image-177111 alignleft\" src=\"https:\/\/static.trustedtranslations.com\/wp-content\/uploads\/2023\/01\/Anonymization-1-300x215.jpg\" alt=\"\" width=\"500\" height=\"358\" \/><\/h2>\r\nWenn sensible und\/oder pers\u00f6nliche Informationen in Unternehmensdatenbanken gespeichert werden (wobei h\u00e4ufig Benutzernamen mit tats\u00e4chlichen Namen, Telefonnummern, Sozialversicherungsnummern, E-Mail-Adressen und Anschriften verkn\u00fcpft werden), besteht immer die Gefahr von Datenlecks. Selbst die sicherste Software kann von Hackern durch unvorhergesehene Schlupfl\u00f6cher und b\u00f6sartige Hintert\u00fcren angegriffen werden.\r\n\r\nDurch die Anonymisierung dieser Informationen wird jedoch eine Identifizierung der Quelle vermieden. Weltweit treten neue Datenschutzbestimmungen in Kraft, wie die Datenschutz-Grundverordnung (DSGVO) in Europa, die es Unternehmen erm\u00f6glichen, anonymisierte Daten zu sammeln, ohne dass eine individuelle Zustimmung erforderlich ist. Es m\u00fcssen lediglich die Datenkennungen entfernt werden. Neuere Gesetze umfassen das LGPD in Brasilien und das POPI in S\u00fcdafrika, wobei \u00e4hnliche Gesetze in einigen US-Bundesstaaten erlassen wurden.\r\n<h2>Techniken zur Datenanonymisierung<\/h2>\r\nEs gibt mehr als eine M\u00f6glichkeit, Daten zu anonymisieren. Abh\u00e4ngig von den geplanten Zwecken und den Systemen, die diese Informationen verwenden, umfassen die aktuellen Anonymisierungstechnologien:\r\n<ul>\r\n \t<li><strong>Pseudonymisierung:<\/strong> Sie ersetzt private Identifikatoren durch Pseudonyme (z. B. wird jeder Miller nach dem Zufallsprinzip in Baker, Cooper, Porter oder Smith umbenannt), wobei die Datenintegrit\u00e4t und -genauigkeit vollst\u00e4ndig erhalten bleibt, was eine ideale L\u00f6sung f\u00fcr Test- und Schulungszwecke ist;<\/li>\r\n \t<li><strong>Verallgemeinerung:<\/strong> Verringert die Identifizierbarkeit, indem Details (wie Wohnungsnummern oder St\u00e4dte) ge\u00e4ndert werden, w\u00e4hrend die Informationen f\u00fcr ihre geplanten Zwecke immer noch genau genug bleiben;<\/li>\r\n \t<li><strong>Datenverschl\u00fcsselung:<\/strong> Es ist eine weit verbreitete Technik, bei der die Ziffern oder Buchstaben in einem Attribut irreversibel gemischt werden, sodass die Daten niemals wieder mit ihren urspr\u00fcnglichen Datens\u00e4tzen abgeglichen werden k\u00f6nnen;<\/li>\r\n \t<li><strong>Datenmaskierung:<\/strong> Es verbirgt Daten durch ge\u00e4nderte Werte in doppelten Datenbanken, in denen Modifikationstechniken wie Zeichen- und Wortersetzung, Verschl\u00fcsselung und Mischen verwendet werden k\u00f6nnen, obwohl sie f\u00fcr Reverse Engineering ungeeignet sind;<\/li>\r\n \t<li><strong>Datenunsch\u00e4rfe:<\/strong> Es reduziert Informationen genau, da diese Ann\u00e4herungstechnik Werte gerade genug ver\u00e4ndert, um die Wahrscheinlichkeit einer Identifizierung zu minimieren und so die individuelle Anonymit\u00e4t zu gew\u00e4hrleisten;<\/li>\r\n \t<li><strong>Datenaustausch:<\/strong> Dieser \u00e4ndert Attributwerte (Namen, Geburtsdaten) in Datens\u00e4tzen, die dann nicht mehr mit den urspr\u00fcnglichen Datens\u00e4tzen \u00fcbereinstimmen, wodurch eine effektivere Anonymisierung der Datenbank sichergestellt wird;<\/li>\r\n \t<li><strong>Datenverschl\u00fcsselung:<\/strong> Dies ist vielleicht die effektivste Technik zur Datenanonymisierung, die pers\u00f6nliche Informationen in eine unlesbare verschl\u00fcsselte Form umwandelt, die passwortgesch\u00fctzt ist und nur von zugelassenen Benutzern in ihrem urspr\u00fcnglichen Format abgerufen werden kann.<\/li>\r\n<\/ul>"},"shortcode-map":{"type":"textfield","raw":""},"dyk-shortcode":{"type":"textfield","raw":"[elementor-template id=\"146647\"]"},"text-2":{"type":"textarea","raw":"<h2>Vor- und Nachteile der Datenanonymisierung<img class=\"alignright wp-image-177150\" src=\"https:\/\/static.trustedtranslations.com\/wp-content\/uploads\/2023\/01\/secure-login-1-300x200.jpg\" alt=\"\" width=\"500\" height=\"334\" \/><\/h2>\r\n<strong>Vorteil:<\/strong> Durch die Einhaltung von Datenschutzgesetzen f\u00fchlen sich Verbraucher wohler, wenn sie ihre pers\u00f6nlichen Daten mit Unternehmen teilen. Die Befolgung guter Datenmanagementprinzipien (die nat\u00fcrlich je nach Branche und Land unterschiedlich sind) hilft Unternehmen, negative Schlagzeilen zu vermeiden, die ihrem Ruf schaden und ihre Gewinnmargen schm\u00e4lern.\r\n\r\n<strong>Nachteil:<\/strong> Wenn Daten ohne pers\u00f6nliche Identifikatoren gesammelt werden, sinkt ihr Marketingwert. Indem sie weniger aussagekr\u00e4ftige Einblicke in die Kundenpr\u00e4ferenzen bietet, schr\u00e4nkt Datenanonymisierung die personalisierte Kommunikation ein. W\u00e4hrend katastrophale Datenpannen durch externe Hacker verhindert werden, erleichtern anonymisierte Daten die Identifizierung interner Schuldiger. Dies liegt daran, dass nur autorisierte Mitarbeiter \u00fcber zeitprotokollierte sichere Anmeldungen und Passw\u00f6rter auf sensible Daten zugreifen k\u00f6nnen.\r\n<h2>Datenanonymisierung f\u00fcr \u00dcbersetzungen<\/h2>\r\nBei Trusted Translations erfordert ein Gro\u00dfteil unserer Arbeit den Umgang mit hochsensiblen Informationen: pers\u00f6nliche, finanzielle und gesundheitliche, neben vielen anderen Aspekten. Aus diesem Grund geh\u00f6rt die Datenanonymisierung zu den Dokumentenverwaltungsdiensten von Trusted Translations, um allen unseren Kunden Compliance und Sorgenfreiheit zu gew\u00e4hrleisten."},"state":{"type":"textfield","raw":""},"city":{"type":"textarea","raw":[]}}},"_links":{"self":[{"href":"https:\/\/www.trustedtranslations.com\/de\/wp-json\/wp\/v2\/pages\/182544","targetHints":{"allow":["GET"]}}],"collection":[{"href":"https:\/\/www.trustedtranslations.com\/de\/wp-json\/wp\/v2\/pages"}],"about":[{"href":"https:\/\/www.trustedtranslations.com\/de\/wp-json\/wp\/v2\/types\/page"}],"author":[{"embeddable":true,"href":"https:\/\/www.trustedtranslations.com\/de\/wp-json\/wp\/v2\/users\/1"}],"replies":[{"embeddable":true,"href":"https:\/\/www.trustedtranslations.com\/de\/wp-json\/wp\/v2\/comments?post=182544"}],"version-history":[{"count":0,"href":"https:\/\/www.trustedtranslations.com\/de\/wp-json\/wp\/v2\/pages\/182544\/revisions"}],"up":[{"embeddable":true,"href":"https:\/\/www.trustedtranslations.com\/de\/wp-json\/wp\/v2\/pages\/129394"}],"wp:featuredmedia":[{"embeddable":true,"href":"https:\/\/www.trustedtranslations.com\/de\/wp-json\/wp\/v2\/media\/248081"}],"wp:attachment":[{"href":"https:\/\/www.trustedtranslations.com\/de\/wp-json\/wp\/v2\/media?parent=182544"}],"curies":[{"name":"wp","href":"https:\/\/api.w.org\/{rel}","templated":true}]}}