{"id":182546,"date":"2023-02-10T16:58:18","date_gmt":"2023-02-10T19:58:18","guid":{"rendered":"https:\/\/www.trustedtranslations.com\/?page_id=182546"},"modified":"2024-09-10T18:30:13","modified_gmt":"2024-09-10T21:30:13","slug":"teams","status":"publish","type":"page","link":"https:\/\/www.trustedtranslations.com\/de\/dienstleistungen\/vri\/teams","title":{"rendered":"Teams"},"content":{"rendered":"","protected":false},"excerpt":{"rendered":"","protected":false},"author":1,"featured_media":244617,"parent":159944,"menu_order":1,"comment_status":"closed","ping_status":"closed","template":"","meta":{"site-sidebar-layout":"default","site-content-layout":"default","ast-site-content-layout":"default","site-content-style":"default","site-sidebar-style":"default","ast-global-header-display":"","ast-banner-title-visibility":"","ast-main-header-display":"","ast-hfb-above-header-display":"","ast-hfb-below-header-display":"","ast-hfb-mobile-header-display":"","site-post-title":"disabled","ast-breadcrumbs-content":"","ast-featured-img":"","footer-sml-layout":"","ast-disable-related-posts":"","theme-transparent-header-meta":"default","adv-header-id-meta":"","stick-header-meta":"","header-above-stick-meta":"","header-main-stick-meta":"","header-below-stick-meta":"","astra-migrate-meta-layouts":"set","ast-page-background-enabled":"default","ast-page-background-meta":{"desktop":{"background-color":"var(--ast-global-color-4)","background-image":"","background-repeat":"repeat","background-position":"center center","background-size":"auto","background-attachment":"scroll","background-type":"","background-media":"","overlay-type":"","overlay-color":"","overlay-opacity":"","overlay-gradient":""},"tablet":{"background-color":"","background-image":"","background-repeat":"repeat","background-position":"center center","background-size":"auto","background-attachment":"scroll","background-type":"","background-media":"","overlay-type":"","overlay-color":"","overlay-opacity":"","overlay-gradient":""},"mobile":{"background-color":"","background-image":"","background-repeat":"repeat","background-position":"center center","background-size":"auto","background-attachment":"scroll","background-type":"","background-media":"","overlay-type":"","overlay-color":"","overlay-opacity":"","overlay-gradient":""}},"ast-content-background-meta":{"desktop":{"background-color":"var(--ast-global-color-5)","background-image":"","background-repeat":"repeat","background-position":"center center","background-size":"auto","background-attachment":"scroll","background-type":"","background-media":"","overlay-type":"","overlay-color":"","overlay-opacity":"","overlay-gradient":""},"tablet":{"background-color":"var(--ast-global-color-5)","background-image":"","background-repeat":"repeat","background-position":"center center","background-size":"auto","background-attachment":"scroll","background-type":"","background-media":"","overlay-type":"","overlay-color":"","overlay-opacity":"","overlay-gradient":""},"mobile":{"background-color":"var(--ast-global-color-5)","background-image":"","background-repeat":"repeat","background-position":"center center","background-size":"auto","background-attachment":"scroll","background-type":"","background-media":"","overlay-type":"","overlay-color":"","overlay-opacity":"","overlay-gradient":""}},"footnotes":""},"class_list":["post-182546","page","type-page","status-publish","has-post-thumbnail","hentry"],"yoast_head":"<!-- This site is optimized with the Yoast SEO plugin v27.3 - https:\/\/yoast.com\/product\/yoast-seo-wordpress\/ -->\n<title>Microsoft Teams-Dolmetschdienstleistungen - Trusted Translations, Inc.<\/title>\n<meta name=\"description\" content=\"Trusted Translations ist ein f\u00fchrender Anbieter von Sprachdolmetschdienstleistungen f\u00fcr Microsoft Teams. Rufen Sie uns an, um ein kostenloses Angebot oder eine kostenlose Beratung anzufordern.\" \/>\n<meta name=\"robots\" content=\"index, follow, max-snippet:-1, max-image-preview:large, max-video-preview:-1\" \/>\n<link rel=\"canonical\" href=\"https:\/\/www.trustedtranslations.com\/de\/dienstleistungen\/vri\/teams\" \/>\n<meta property=\"og:locale\" content=\"de_DE\" \/>\n<meta property=\"og:type\" content=\"article\" \/>\n<meta property=\"og:title\" content=\"Microsoft Teams-Dolmetschdienstleistungen - Trusted Translations, Inc.\" \/>\n<meta property=\"og:description\" content=\"Trusted Translations ist ein f\u00fchrender Anbieter von Sprachdolmetschdienstleistungen f\u00fcr Microsoft Teams. Rufen Sie uns an, um ein kostenloses Angebot oder eine kostenlose Beratung anzufordern.\" \/>\n<meta property=\"og:url\" content=\"https:\/\/www.trustedtranslations.com\/de\/dienstleistungen\/vri\/teams\" \/>\n<meta property=\"og:site_name\" content=\"Trusted Translations, Inc.\" \/>\n<meta property=\"article:publisher\" content=\"https:\/\/www.facebook.com\/Trusted.Translations\" \/>\n<meta property=\"article:modified_time\" content=\"2024-09-10T21:30:13+00:00\" \/>\n<meta property=\"og:image\" content=\"https:\/\/static.trustedtranslations.com\/wp-content\/uploads\/2024\/02\/TT-ICON_Remote-Multilingual-Inte-10.webp\" \/>\n\t<meta property=\"og:image:width\" content=\"151\" \/>\n\t<meta property=\"og:image:height\" content=\"151\" \/>\n\t<meta property=\"og:image:type\" content=\"image\/webp\" \/>\n<meta name=\"twitter:card\" content=\"summary_large_image\" \/>\n<meta name=\"twitter:site\" content=\"@TrustedT9ns\" \/>\n<script type=\"application\/ld+json\" class=\"yoast-schema-graph\">{\"@context\":\"https:\\\/\\\/schema.org\",\"@graph\":[{\"@type\":\"WebPage\",\"@id\":\"https:\\\/\\\/www.trustedtranslations.com\\\/de\\\/dienstleistungen\\\/vri\\\/teams\",\"url\":\"https:\\\/\\\/www.trustedtranslations.com\\\/de\\\/dienstleistungen\\\/vri\\\/teams\",\"name\":\"Microsoft Teams-Dolmetschdienstleistungen - Trusted Translations, Inc.\",\"isPartOf\":{\"@id\":\"https:\\\/\\\/www.trustedtranslations.com\\\/de\\\/#website\"},\"primaryImageOfPage\":{\"@id\":\"https:\\\/\\\/www.trustedtranslations.com\\\/de\\\/dienstleistungen\\\/vri\\\/teams#primaryimage\"},\"image\":{\"@id\":\"https:\\\/\\\/www.trustedtranslations.com\\\/de\\\/dienstleistungen\\\/vri\\\/teams#primaryimage\"},\"thumbnailUrl\":\"https:\\\/\\\/www.trustedtranslations.com\\\/wp-content\\\/uploads\\\/2024\\\/02\\\/TT-ICON_Remote-Multilingual-Inte-10.webp\",\"description\":\"Trusted Translations ist ein f\u00fchrender Anbieter von Sprachdolmetschdienstleistungen f\u00fcr Microsoft Teams. Rufen Sie uns an, um ein kostenloses Angebot oder eine kostenlose Beratung anzufordern.\",\"breadcrumb\":{\"@id\":\"https:\\\/\\\/www.trustedtranslations.com\\\/de\\\/dienstleistungen\\\/vri\\\/teams#breadcrumb\"},\"inLanguage\":\"de\",\"potentialAction\":[{\"@type\":\"ReadAction\",\"target\":[\"https:\\\/\\\/www.trustedtranslations.com\\\/de\\\/dienstleistungen\\\/vri\\\/teams\"]}]},{\"@type\":\"ImageObject\",\"inLanguage\":\"de\",\"@id\":\"https:\\\/\\\/www.trustedtranslations.com\\\/de\\\/dienstleistungen\\\/vri\\\/teams#primaryimage\",\"url\":\"https:\\\/\\\/www.trustedtranslations.com\\\/wp-content\\\/uploads\\\/2024\\\/02\\\/TT-ICON_Remote-Multilingual-Inte-10.webp\",\"contentUrl\":\"https:\\\/\\\/www.trustedtranslations.com\\\/wp-content\\\/uploads\\\/2024\\\/02\\\/TT-ICON_Remote-Multilingual-Inte-10.webp\",\"width\":151,\"height\":151,\"caption\":\"TT ICON Remote Multilingual Inte 10\"},{\"@type\":\"BreadcrumbList\",\"@id\":\"https:\\\/\\\/www.trustedtranslations.com\\\/de\\\/dienstleistungen\\\/vri\\\/teams#breadcrumb\",\"itemListElement\":[{\"@type\":\"ListItem\",\"position\":1,\"name\":\"Home\",\"item\":\"https:\\\/\\\/www.trustedtranslations.com\\\/de\"},{\"@type\":\"ListItem\",\"position\":2,\"name\":\"Dienstleistungen\",\"item\":\"https:\\\/\\\/www.trustedtranslations.com\\\/de\\\/dienstleistungen\"},{\"@type\":\"ListItem\",\"position\":3,\"name\":\"Video-Ferndolmetschen (VRI)\",\"item\":\"https:\\\/\\\/www.trustedtranslations.com\\\/de\\\/dienstleistungen\\\/vri\"},{\"@type\":\"ListItem\",\"position\":4,\"name\":\"Teams\"}]},{\"@type\":\"WebSite\",\"@id\":\"https:\\\/\\\/www.trustedtranslations.com\\\/de\\\/#website\",\"url\":\"https:\\\/\\\/www.trustedtranslations.com\\\/de\\\/\",\"name\":\"Trusted Translations, Inc.\",\"description\":\"Leader in translation and interpretation services.\",\"publisher\":{\"@id\":\"https:\\\/\\\/www.trustedtranslations.com\\\/de\\\/#organization\"},\"alternateName\":\"Trusted Translations\",\"potentialAction\":[{\"@type\":\"SearchAction\",\"target\":{\"@type\":\"EntryPoint\",\"urlTemplate\":\"https:\\\/\\\/www.trustedtranslations.com\\\/de\\\/?s={search_term_string}\"},\"query-input\":{\"@type\":\"PropertyValueSpecification\",\"valueRequired\":true,\"valueName\":\"search_term_string\"}}],\"inLanguage\":\"de\"},{\"@type\":\"Organization\",\"@id\":\"https:\\\/\\\/www.trustedtranslations.com\\\/de\\\/#organization\",\"name\":\"Trusted Translations\",\"alternateName\":\"Trusted Translations, Inc.\",\"url\":\"https:\\\/\\\/www.trustedtranslations.com\\\/de\\\/\",\"logo\":{\"@type\":\"ImageObject\",\"inLanguage\":\"de\",\"@id\":\"https:\\\/\\\/www.trustedtranslations.com\\\/de\\\/#\\\/schema\\\/logo\\\/image\\\/\",\"url\":\"https:\\\/\\\/static.trustedtranslations.com\\\/wp-content\\\/uploads\\\/2022\\\/01\\\/TT_logo_WSIColors-2.png\",\"contentUrl\":\"https:\\\/\\\/static.trustedtranslations.com\\\/wp-content\\\/uploads\\\/2022\\\/01\\\/TT_logo_WSIColors-2.png\",\"width\":500,\"height\":196,\"caption\":\"Trusted Translations\"},\"image\":{\"@id\":\"https:\\\/\\\/www.trustedtranslations.com\\\/de\\\/#\\\/schema\\\/logo\\\/image\\\/\"},\"sameAs\":[\"https:\\\/\\\/www.facebook.com\\\/Trusted.Translations\",\"https:\\\/\\\/x.com\\\/TrustedT9ns\",\"https:\\\/\\\/www.linkedin.com\\\/company\\\/trusted-translations\"]}]}<\/script>\n<!-- \/ Yoast SEO plugin. -->","yoast_head_json":{"title":"Microsoft Teams-Dolmetschdienstleistungen - Trusted Translations, Inc.","description":"Trusted Translations ist ein f\u00fchrender Anbieter von Sprachdolmetschdienstleistungen f\u00fcr Microsoft Teams. Rufen Sie uns an, um ein kostenloses Angebot oder eine kostenlose Beratung anzufordern.","robots":{"index":"index","follow":"follow","max-snippet":"max-snippet:-1","max-image-preview":"max-image-preview:large","max-video-preview":"max-video-preview:-1"},"canonical":"https:\/\/www.trustedtranslations.com\/de\/dienstleistungen\/vri\/teams","og_locale":"de_DE","og_type":"article","og_title":"Microsoft Teams-Dolmetschdienstleistungen - Trusted Translations, Inc.","og_description":"Trusted Translations ist ein f\u00fchrender Anbieter von Sprachdolmetschdienstleistungen f\u00fcr Microsoft Teams. Rufen Sie uns an, um ein kostenloses Angebot oder eine kostenlose Beratung anzufordern.","og_url":"https:\/\/www.trustedtranslations.com\/de\/dienstleistungen\/vri\/teams","og_site_name":"Trusted Translations, Inc.","article_publisher":"https:\/\/www.facebook.com\/Trusted.Translations","article_modified_time":"2024-09-10T21:30:13+00:00","og_image":[{"width":151,"height":151,"url":"https:\/\/static.trustedtranslations.com\/wp-content\/uploads\/2024\/02\/TT-ICON_Remote-Multilingual-Inte-10.webp","type":"image\/webp"}],"twitter_card":"summary_large_image","twitter_site":"@TrustedT9ns","schema":{"@context":"https:\/\/schema.org","@graph":[{"@type":"WebPage","@id":"https:\/\/www.trustedtranslations.com\/de\/dienstleistungen\/vri\/teams","url":"https:\/\/www.trustedtranslations.com\/de\/dienstleistungen\/vri\/teams","name":"Microsoft Teams-Dolmetschdienstleistungen - Trusted Translations, Inc.","isPartOf":{"@id":"https:\/\/www.trustedtranslations.com\/de\/#website"},"primaryImageOfPage":{"@id":"https:\/\/www.trustedtranslations.com\/de\/dienstleistungen\/vri\/teams#primaryimage"},"image":{"@id":"https:\/\/www.trustedtranslations.com\/de\/dienstleistungen\/vri\/teams#primaryimage"},"thumbnailUrl":"https:\/\/www.trustedtranslations.com\/wp-content\/uploads\/2024\/02\/TT-ICON_Remote-Multilingual-Inte-10.webp","description":"Trusted Translations ist ein f\u00fchrender Anbieter von Sprachdolmetschdienstleistungen f\u00fcr Microsoft Teams. Rufen Sie uns an, um ein kostenloses Angebot oder eine kostenlose Beratung anzufordern.","breadcrumb":{"@id":"https:\/\/www.trustedtranslations.com\/de\/dienstleistungen\/vri\/teams#breadcrumb"},"inLanguage":"de","potentialAction":[{"@type":"ReadAction","target":["https:\/\/www.trustedtranslations.com\/de\/dienstleistungen\/vri\/teams"]}]},{"@type":"ImageObject","inLanguage":"de","@id":"https:\/\/www.trustedtranslations.com\/de\/dienstleistungen\/vri\/teams#primaryimage","url":"https:\/\/www.trustedtranslations.com\/wp-content\/uploads\/2024\/02\/TT-ICON_Remote-Multilingual-Inte-10.webp","contentUrl":"https:\/\/www.trustedtranslations.com\/wp-content\/uploads\/2024\/02\/TT-ICON_Remote-Multilingual-Inte-10.webp","width":151,"height":151,"caption":"TT ICON Remote Multilingual Inte 10"},{"@type":"BreadcrumbList","@id":"https:\/\/www.trustedtranslations.com\/de\/dienstleistungen\/vri\/teams#breadcrumb","itemListElement":[{"@type":"ListItem","position":1,"name":"Home","item":"https:\/\/www.trustedtranslations.com\/de"},{"@type":"ListItem","position":2,"name":"Dienstleistungen","item":"https:\/\/www.trustedtranslations.com\/de\/dienstleistungen"},{"@type":"ListItem","position":3,"name":"Video-Ferndolmetschen (VRI)","item":"https:\/\/www.trustedtranslations.com\/de\/dienstleistungen\/vri"},{"@type":"ListItem","position":4,"name":"Teams"}]},{"@type":"WebSite","@id":"https:\/\/www.trustedtranslations.com\/de\/#website","url":"https:\/\/www.trustedtranslations.com\/de\/","name":"Trusted Translations, Inc.","description":"Leader in translation and interpretation services.","publisher":{"@id":"https:\/\/www.trustedtranslations.com\/de\/#organization"},"alternateName":"Trusted Translations","potentialAction":[{"@type":"SearchAction","target":{"@type":"EntryPoint","urlTemplate":"https:\/\/www.trustedtranslations.com\/de\/?s={search_term_string}"},"query-input":{"@type":"PropertyValueSpecification","valueRequired":true,"valueName":"search_term_string"}}],"inLanguage":"de"},{"@type":"Organization","@id":"https:\/\/www.trustedtranslations.com\/de\/#organization","name":"Trusted Translations","alternateName":"Trusted Translations, Inc.","url":"https:\/\/www.trustedtranslations.com\/de\/","logo":{"@type":"ImageObject","inLanguage":"de","@id":"https:\/\/www.trustedtranslations.com\/de\/#\/schema\/logo\/image\/","url":"https:\/\/static.trustedtranslations.com\/wp-content\/uploads\/2022\/01\/TT_logo_WSIColors-2.png","contentUrl":"https:\/\/static.trustedtranslations.com\/wp-content\/uploads\/2022\/01\/TT_logo_WSIColors-2.png","width":500,"height":196,"caption":"Trusted Translations"},"image":{"@id":"https:\/\/www.trustedtranslations.com\/de\/#\/schema\/logo\/image\/"},"sameAs":["https:\/\/www.facebook.com\/Trusted.Translations","https:\/\/x.com\/TrustedT9ns","https:\/\/www.linkedin.com\/company\/trusted-translations"]}]}},"toolset-meta":{"dyk":{"mensaje-1":{"type":"textfield","raw":"Wir bieten Fortune-500-Unternehmen \u00dcbersetzungen zu Preisen, die 25 bis 50% unter dem Marktpreis liegen."},"mensaje-2":{"type":"textfield","raw":"Jede \u00dcbersetzung, die von unseren Expertenteams durchgef\u00fchrt wird, ist durch Lloyd's of London abgesichert."},"mensaje-3":{"type":"textfield","raw":"Trusted Translations ist ein stolzer F\u00f6rderer des St. Jude Children's Research Hospital."},"mensaje-4":{"type":"textfield","raw":"In den USA geh\u00f6ren wir zu den \u201eTop-500-Unternehmen in hispanoamerikanischem Besitz\u201c."},"mensaje-5":{"type":"textfield","raw":"Trusted Translations hat \u00fcber 5.000 zufriedene Kunden aus nahezu allen Branchen."},"mensaje-6":{"type":"textfield","raw":""}},"single-page-template-fields":{"imgs-temp":{"type":"image","raw":["https:\/\/static.trustedtranslations.com\/wp-content\/uploads\/2024\/07\/ms-teams-1.webp","https:\/\/static.trustedtranslations.com\/wp-content\/uploads\/2024\/07\/ms-teams-3-1.webp"],"repeatable":[{"raw":"https:\/\/static.trustedtranslations.com\/wp-content\/uploads\/2024\/07\/ms-teams-1.webp"},{"raw":"https:\/\/static.trustedtranslations.com\/wp-content\/uploads\/2024\/07\/ms-teams-3-1.webp"}]},"imgs-temp-cel":{"type":"image","raw":[""],"repeatable":[{"raw":""}]},"img-temp-one-cel":{"type":"image","raw":"https:\/\/static.trustedtranslations.com\/wp-content\/uploads\/2024\/07\/ms-teams-2-1.webp","attachment_id":null},"quotes":{"type":"textarea","raw":"<h1 style=\"margin-bottom: 12px;\">Mehrsprachige Ferndolmetscherdienstleistungen in Teams<\/h1>\r\nUnter den vielen Optionen f\u00fcr Fernarbeitsplattformen hat sich Microsoft Teams als globaler Vorreiter und wichtigste Alternative zu Zoom herauskristallisiert. Bei Trusted Translations bieten wir hochwertige, professionelle Ferndolmetschdienstleistungen f\u00fcr Teams-Besprechungen, Webinare und andere Veranstaltungen.\r\n<div style=\"margin-top: 2.5vw;\"><a class=\"tt-btn-main-cta\" href=\"https:\/\/www.trustedtranslations.com\/de\/angebot\">Kostenlosen Kostenvoranschlag anfordern<\/a><\/div>"},"text-1":{"type":"textarea","raw":"<h2>Professionelles Dolmetschen f\u00fcr Team-Besprechungen und Webinare<\/h2>\r\n<img class=\"alignleft wp-image-177225\" src=\"https:\/\/static.trustedtranslations.com\/wp-content\/uploads\/2023\/01\/ms-teams-3-1-1-300x200.jpg\" alt=\"\" width=\"500\" height=\"334\" \/>\r\n\r\nEs ist keine \u00dcberraschung, dass Microsoft Teams eine f\u00fchrende globale Kollaborationsplattform ist, die vom technischen Kraftpaket Microsoft entwickelt wurde. Tats\u00e4chlich ist Teams mit etwa 270 Millionen monatlich aktiven Benutzern im Jahr 2022 die beliebteste Plattform f\u00fcr Gesch\u00e4ftskommunikation der Welt. Wenn Sie auf der Suche nach professionellen Dolmetscherdienstleistungen f\u00fcr Team-Besprechungen sind, wird Trusted Translations mit Ihnen zusammenarbeiten, um qualifizierte Dolmetscher f\u00fcr das Simultan- oder Konsekutivdolmetschen aus der Ferne einzusetzen.\r\n\r\nAb September 2022 hat Teams die Sprach\u00fcbersetzung allgemein f\u00fcr geplante Besprechungen, Kanalbesprechungen, Besprechungen mit bis zu 1.000 Teilnehmern und Webinare verf\u00fcgbar gemacht. Beim Hinzuf\u00fcgen von mehrsprachigem Dolmetschen zu Teams k\u00f6nnen Organisatoren bis zu 16 verschiedene Sprachpaare (z. B. Englisch zu Spanisch) und so viele Dolmetscher zu den 16 Sprachpaaren hinzuf\u00fcgen, wie Sie ben\u00f6tigen.\r\nNachdem die Sprach\u00fcbersetzung in den Teams-Einstellungen aktiviert wurde, sucht der Organisator einfach nach dem Namen eines Dolmetschers oder w\u00e4hlt ihn aus und w\u00e4hlt sowohl seine Ausgangs- als auch seine Zielsprache aus. Beachten Sie, dass Sie, da Teams derzeit nur unidirektionales Dolmetschen zul\u00e4sst, f\u00fcr Besprechungen, die mehrere Ausgangssprachen umfassen, weitere Dolmetscher hinzuf\u00fcgen m\u00fcssen.\r\n<h2>Vorteile von mehrsprachigen Teams-Besprechungen<\/h2>\r\nWarum Teams f\u00fcr das mehrsprachige Ferndolmetschen verwenden? Im Gegensatz zu Zoom, das nur eine Videokonferenzplattform ist, bietet die Komplettl\u00f6sung von Teams einige zus\u00e4tzliche Vorteile:\r\n<ul>\r\n \t<li>Die tiefe Integration mit Office 365-Produkten erm\u00f6glicht eine einfache Koordination von Dokumenten, Tabellenkalkulationen, Aufgabenlisten usw.<\/li>\r\n \t<li>\u00a0Unterst\u00fctzt von Microsoft, das technischen Support in \u00fcber 40 Sprachen anbietet<\/li>\r\n \t<li>Keine zus\u00e4tzlichen Kosten, wenn Sie bereits ein Microsoft Business-Konto haben<\/li>\r\n \t<li>Bereits von zahlreichen internationalen Organisationen weltweit eingesetzt<\/li>\r\n<\/ul>\r\nIm Allgemeinen k\u00f6nnen Sie mit dem Video-Ferndolmetschen auch Reisekosten und die Miete von Ausr\u00fcstung einsparen und gleichzeitig Ihre Erreichbarkeit f\u00fcr ein gr\u00f6\u00dferes Publikum verbessern."},"shortcode-map":{"type":"textfield","raw":""},"dyk-shortcode":{"type":"textfield","raw":"[elementor-template id=\"146647\"]"},"text-2":{"type":"textarea","raw":"<h2>Einschr\u00e4nkungen von Teams f\u00fcr das Ferndolmetschen<\/h2>\r\nNeben den vielen Vorteilen gibt es einige Merkmale von Microsoft Teams, die bei der Entscheidung f\u00fcr eine Plattform zum Ferndolmetschen zu beachten sind.\r\n<ul>\r\n \t<li>Die Verdolmetschung in einem Hauptmeeting wird nicht in die Nebenr\u00e4ume \u00fcbertragen<\/li>\r\n \t<li>In einer aufgezeichneten Sitzung ist das Audio des Dolmetschers nicht in der Aufzeichnung vorhanden<\/li>\r\n \t<li>Dolmetschen ist in End-to-End-verschl\u00fcsselten (E2EE) Besprechungen nicht verf\u00fcgbar<\/li>\r\n \t<li>Es kann schwierig sein, Berechtigungen zuzuweisen und Datenschutz festzulegen, insbesondere f\u00fcr Gast-\/externe Dolmetscher<\/li>\r\n \t<li>Die Benutzeroberfl\u00e4che von Teams hat eine steilere Lernkurve als Zoom<\/li>\r\n<\/ul>\r\nWenn beispielsweise der Inhalt Ihrer Besprechung verschl\u00fcsselt werden muss oder Sie planen, mehrsprachige Sitzungen f\u00fcr einen sp\u00e4teren Download aufzuzeichnen, ist Teams m\u00f6glicherweise nicht die richtige Wahl. Ebenso k\u00f6nnte die komplexere Benutzeroberfl\u00e4che von Teams ein Hindernis darstellen, wenn nicht alle Teilnehmer mit Teams vertraut sind. Auf der anderen Seite k\u00f6nnten die integrierten Produktivit\u00e4tsfunktionen von Teams f\u00fcr die internen Veranstaltungen Ihres Unternehmens bei weitem vorzuziehen sein.\r\n<h2>Unsere Mitarbeiter<img class=\"alignright wp-image-177240\" src=\"https:\/\/static.trustedtranslations.com\/wp-content\/uploads\/2023\/01\/video-remote-interpreter-300x200.jpg\" alt=\"\" width=\"500\" height=\"334\" \/><\/h2>\r\nSie sind sich nicht sicher, ob Teams f\u00fcr Ihre Anforderungen an das Ferndolmetschen geeignet ist? <em>Trusted Translations<\/em> bietet sowohl Simultan- als auch Konsekutivdolmetschen an und kann Ihnen dabei helfen, festzustellen, welche Dolmetschdienstleistungen f\u00fcr Sie am besten geeignet sind. Wir kennen uns mit der Komplexit\u00e4t der Microsoft Teams-Plattform aus und wissen, wie man die Fern\u00fcbersetzung am besten nutzt, um globale Verbindungen aufzubauen."},"state":{"type":"textfield","raw":""},"city":{"type":"textarea","raw":[]}}},"_links":{"self":[{"href":"https:\/\/www.trustedtranslations.com\/de\/wp-json\/wp\/v2\/pages\/182546","targetHints":{"allow":["GET"]}}],"collection":[{"href":"https:\/\/www.trustedtranslations.com\/de\/wp-json\/wp\/v2\/pages"}],"about":[{"href":"https:\/\/www.trustedtranslations.com\/de\/wp-json\/wp\/v2\/types\/page"}],"author":[{"embeddable":true,"href":"https:\/\/www.trustedtranslations.com\/de\/wp-json\/wp\/v2\/users\/1"}],"replies":[{"embeddable":true,"href":"https:\/\/www.trustedtranslations.com\/de\/wp-json\/wp\/v2\/comments?post=182546"}],"version-history":[{"count":0,"href":"https:\/\/www.trustedtranslations.com\/de\/wp-json\/wp\/v2\/pages\/182546\/revisions"}],"up":[{"embeddable":true,"href":"https:\/\/www.trustedtranslations.com\/de\/wp-json\/wp\/v2\/pages\/159944"}],"wp:featuredmedia":[{"embeddable":true,"href":"https:\/\/www.trustedtranslations.com\/de\/wp-json\/wp\/v2\/media\/244617"}],"wp:attachment":[{"href":"https:\/\/www.trustedtranslations.com\/de\/wp-json\/wp\/v2\/media?parent=182546"}],"curies":[{"name":"wp","href":"https:\/\/api.w.org\/{rel}","templated":true}]}}