{"id":182548,"date":"2023-02-10T17:41:18","date_gmt":"2023-02-10T20:41:18","guid":{"rendered":"https:\/\/www.trustedtranslations.com\/?page_id=182548"},"modified":"2024-09-10T18:36:42","modified_gmt":"2024-09-10T21:36:42","slug":"google-meet","status":"publish","type":"page","link":"https:\/\/www.trustedtranslations.com\/de\/dienstleistungen\/vri\/google-meet","title":{"rendered":"Google Meet"},"content":{"rendered":"","protected":false},"excerpt":{"rendered":"","protected":false},"author":1,"featured_media":244665,"parent":159944,"menu_order":2,"comment_status":"closed","ping_status":"closed","template":"","meta":{"site-sidebar-layout":"default","site-content-layout":"default","ast-site-content-layout":"default","site-content-style":"default","site-sidebar-style":"default","ast-global-header-display":"","ast-banner-title-visibility":"","ast-main-header-display":"","ast-hfb-above-header-display":"","ast-hfb-below-header-display":"","ast-hfb-mobile-header-display":"","site-post-title":"disabled","ast-breadcrumbs-content":"","ast-featured-img":"","footer-sml-layout":"","ast-disable-related-posts":"","theme-transparent-header-meta":"default","adv-header-id-meta":"","stick-header-meta":"","header-above-stick-meta":"","header-main-stick-meta":"","header-below-stick-meta":"","astra-migrate-meta-layouts":"set","ast-page-background-enabled":"default","ast-page-background-meta":{"desktop":{"background-color":"var(--ast-global-color-4)","background-image":"","background-repeat":"repeat","background-position":"center center","background-size":"auto","background-attachment":"scroll","background-type":"","background-media":"","overlay-type":"","overlay-color":"","overlay-opacity":"","overlay-gradient":""},"tablet":{"background-color":"","background-image":"","background-repeat":"repeat","background-position":"center center","background-size":"auto","background-attachment":"scroll","background-type":"","background-media":"","overlay-type":"","overlay-color":"","overlay-opacity":"","overlay-gradient":""},"mobile":{"background-color":"","background-image":"","background-repeat":"repeat","background-position":"center center","background-size":"auto","background-attachment":"scroll","background-type":"","background-media":"","overlay-type":"","overlay-color":"","overlay-opacity":"","overlay-gradient":""}},"ast-content-background-meta":{"desktop":{"background-color":"var(--ast-global-color-5)","background-image":"","background-repeat":"repeat","background-position":"center center","background-size":"auto","background-attachment":"scroll","background-type":"","background-media":"","overlay-type":"","overlay-color":"","overlay-opacity":"","overlay-gradient":""},"tablet":{"background-color":"var(--ast-global-color-5)","background-image":"","background-repeat":"repeat","background-position":"center center","background-size":"auto","background-attachment":"scroll","background-type":"","background-media":"","overlay-type":"","overlay-color":"","overlay-opacity":"","overlay-gradient":""},"mobile":{"background-color":"var(--ast-global-color-5)","background-image":"","background-repeat":"repeat","background-position":"center center","background-size":"auto","background-attachment":"scroll","background-type":"","background-media":"","overlay-type":"","overlay-color":"","overlay-opacity":"","overlay-gradient":""}},"footnotes":""},"class_list":["post-182548","page","type-page","status-publish","has-post-thumbnail","hentry"],"yoast_head":"<!-- This site is optimized with the Yoast SEO plugin v27.5 - https:\/\/yoast.com\/product\/yoast-seo-wordpress\/ -->\n<title>Dolmetschdienstleistungen f\u00fcr Google Meet - Trusted Translations, Inc.<\/title>\n<meta name=\"description\" content=\"Trusted Translations bietet professionelle VRI-Dienste f\u00fcr Google Meet. Verbessern Sie Ihre virtuellen Meetings mit unseren zuverl\u00e4ssigen Dolmetschl\u00f6sungen. Kostenloses Angebot anfordern.\" \/>\n<meta name=\"robots\" content=\"index, follow, max-snippet:-1, max-image-preview:large, max-video-preview:-1\" \/>\n<link rel=\"canonical\" href=\"https:\/\/www.trustedtranslations.com\/de\/dienstleistungen\/vri\/google-meet\" \/>\n<meta property=\"og:locale\" content=\"de_DE\" \/>\n<meta property=\"og:type\" content=\"article\" \/>\n<meta property=\"og:title\" content=\"Dolmetschdienstleistungen f\u00fcr Google Meet - Trusted Translations, Inc.\" \/>\n<meta property=\"og:description\" content=\"Trusted Translations bietet professionelle VRI-Dienste f\u00fcr Google Meet. Verbessern Sie Ihre virtuellen Meetings mit unseren zuverl\u00e4ssigen Dolmetschl\u00f6sungen. Kostenloses Angebot anfordern.\" \/>\n<meta property=\"og:url\" content=\"https:\/\/www.trustedtranslations.com\/de\/dienstleistungen\/vri\/google-meet\" \/>\n<meta property=\"og:site_name\" content=\"Trusted Translations, Inc.\" \/>\n<meta property=\"article:publisher\" content=\"https:\/\/www.facebook.com\/Trusted.Translations\" \/>\n<meta property=\"article:modified_time\" content=\"2024-09-10T21:36:42+00:00\" \/>\n<meta property=\"og:image\" content=\"https:\/\/static.trustedtranslations.com\/wp-content\/uploads\/2024\/02\/TT-ICON_Remote-Multilingual-Inte-13.webp\" \/>\n\t<meta property=\"og:image:width\" content=\"151\" \/>\n\t<meta property=\"og:image:height\" content=\"151\" \/>\n\t<meta property=\"og:image:type\" content=\"image\/webp\" \/>\n<meta name=\"twitter:card\" content=\"summary_large_image\" \/>\n<meta name=\"twitter:site\" content=\"@TrustedT9ns\" \/>\n<script type=\"application\/ld+json\" class=\"yoast-schema-graph\">{\"@context\":\"https:\\\/\\\/schema.org\",\"@graph\":[{\"@type\":\"WebPage\",\"@id\":\"https:\\\/\\\/www.trustedtranslations.com\\\/de\\\/dienstleistungen\\\/vri\\\/google-meet\",\"url\":\"https:\\\/\\\/www.trustedtranslations.com\\\/de\\\/dienstleistungen\\\/vri\\\/google-meet\",\"name\":\"Dolmetschdienstleistungen f\u00fcr Google Meet - Trusted Translations, Inc.\",\"isPartOf\":{\"@id\":\"https:\\\/\\\/www.trustedtranslations.com\\\/de\\\/#website\"},\"primaryImageOfPage\":{\"@id\":\"https:\\\/\\\/www.trustedtranslations.com\\\/de\\\/dienstleistungen\\\/vri\\\/google-meet#primaryimage\"},\"image\":{\"@id\":\"https:\\\/\\\/www.trustedtranslations.com\\\/de\\\/dienstleistungen\\\/vri\\\/google-meet#primaryimage\"},\"thumbnailUrl\":\"https:\\\/\\\/www.trustedtranslations.com\\\/wp-content\\\/uploads\\\/2024\\\/02\\\/TT-ICON_Remote-Multilingual-Inte-13.webp\",\"description\":\"Trusted Translations bietet professionelle VRI-Dienste f\u00fcr Google Meet. Verbessern Sie Ihre virtuellen Meetings mit unseren zuverl\u00e4ssigen Dolmetschl\u00f6sungen. Kostenloses Angebot anfordern.\",\"breadcrumb\":{\"@id\":\"https:\\\/\\\/www.trustedtranslations.com\\\/de\\\/dienstleistungen\\\/vri\\\/google-meet#breadcrumb\"},\"inLanguage\":\"de\",\"potentialAction\":[{\"@type\":\"ReadAction\",\"target\":[\"https:\\\/\\\/www.trustedtranslations.com\\\/de\\\/dienstleistungen\\\/vri\\\/google-meet\"]}]},{\"@type\":\"ImageObject\",\"inLanguage\":\"de\",\"@id\":\"https:\\\/\\\/www.trustedtranslations.com\\\/de\\\/dienstleistungen\\\/vri\\\/google-meet#primaryimage\",\"url\":\"https:\\\/\\\/www.trustedtranslations.com\\\/wp-content\\\/uploads\\\/2024\\\/02\\\/TT-ICON_Remote-Multilingual-Inte-13.webp\",\"contentUrl\":\"https:\\\/\\\/www.trustedtranslations.com\\\/wp-content\\\/uploads\\\/2024\\\/02\\\/TT-ICON_Remote-Multilingual-Inte-13.webp\",\"width\":151,\"height\":151,\"caption\":\"TT ICON Remote Multilingual Inte 13\"},{\"@type\":\"BreadcrumbList\",\"@id\":\"https:\\\/\\\/www.trustedtranslations.com\\\/de\\\/dienstleistungen\\\/vri\\\/google-meet#breadcrumb\",\"itemListElement\":[{\"@type\":\"ListItem\",\"position\":1,\"name\":\"Home\",\"item\":\"https:\\\/\\\/www.trustedtranslations.com\\\/de\"},{\"@type\":\"ListItem\",\"position\":2,\"name\":\"Dienstleistungen\",\"item\":\"https:\\\/\\\/www.trustedtranslations.com\\\/de\\\/dienstleistungen\"},{\"@type\":\"ListItem\",\"position\":3,\"name\":\"Video-Ferndolmetschen (VRI)\",\"item\":\"https:\\\/\\\/www.trustedtranslations.com\\\/de\\\/dienstleistungen\\\/vri\"},{\"@type\":\"ListItem\",\"position\":4,\"name\":\"Google Meet\"}]},{\"@type\":\"WebSite\",\"@id\":\"https:\\\/\\\/www.trustedtranslations.com\\\/de\\\/#website\",\"url\":\"https:\\\/\\\/www.trustedtranslations.com\\\/de\\\/\",\"name\":\"Trusted Translations, Inc.\",\"description\":\"Leader in translation and interpretation services.\",\"publisher\":{\"@id\":\"https:\\\/\\\/www.trustedtranslations.com\\\/de\\\/#organization\"},\"alternateName\":\"Trusted Translations\",\"potentialAction\":[{\"@type\":\"SearchAction\",\"target\":{\"@type\":\"EntryPoint\",\"urlTemplate\":\"https:\\\/\\\/www.trustedtranslations.com\\\/de\\\/?s={search_term_string}\"},\"query-input\":{\"@type\":\"PropertyValueSpecification\",\"valueRequired\":true,\"valueName\":\"search_term_string\"}}],\"inLanguage\":\"de\"},{\"@type\":\"Organization\",\"@id\":\"https:\\\/\\\/www.trustedtranslations.com\\\/de\\\/#organization\",\"name\":\"Trusted Translations\",\"alternateName\":\"Trusted Translations, Inc.\",\"url\":\"https:\\\/\\\/www.trustedtranslations.com\\\/de\\\/\",\"logo\":{\"@type\":\"ImageObject\",\"inLanguage\":\"de\",\"@id\":\"https:\\\/\\\/www.trustedtranslations.com\\\/de\\\/#\\\/schema\\\/logo\\\/image\\\/\",\"url\":\"https:\\\/\\\/static.trustedtranslations.com\\\/wp-content\\\/uploads\\\/2022\\\/01\\\/TT_logo_WSIColors-2.png\",\"contentUrl\":\"https:\\\/\\\/static.trustedtranslations.com\\\/wp-content\\\/uploads\\\/2022\\\/01\\\/TT_logo_WSIColors-2.png\",\"width\":500,\"height\":196,\"caption\":\"Trusted Translations\"},\"image\":{\"@id\":\"https:\\\/\\\/www.trustedtranslations.com\\\/de\\\/#\\\/schema\\\/logo\\\/image\\\/\"},\"sameAs\":[\"https:\\\/\\\/www.facebook.com\\\/Trusted.Translations\",\"https:\\\/\\\/x.com\\\/TrustedT9ns\",\"https:\\\/\\\/www.linkedin.com\\\/company\\\/trusted-translations\"]}]}<\/script>\n<!-- \/ Yoast SEO plugin. -->","yoast_head_json":{"title":"Dolmetschdienstleistungen f\u00fcr Google Meet - Trusted Translations, Inc.","description":"Trusted Translations bietet professionelle VRI-Dienste f\u00fcr Google Meet. Verbessern Sie Ihre virtuellen Meetings mit unseren zuverl\u00e4ssigen Dolmetschl\u00f6sungen. Kostenloses Angebot anfordern.","robots":{"index":"index","follow":"follow","max-snippet":"max-snippet:-1","max-image-preview":"max-image-preview:large","max-video-preview":"max-video-preview:-1"},"canonical":"https:\/\/www.trustedtranslations.com\/de\/dienstleistungen\/vri\/google-meet","og_locale":"de_DE","og_type":"article","og_title":"Dolmetschdienstleistungen f\u00fcr Google Meet - Trusted Translations, Inc.","og_description":"Trusted Translations bietet professionelle VRI-Dienste f\u00fcr Google Meet. Verbessern Sie Ihre virtuellen Meetings mit unseren zuverl\u00e4ssigen Dolmetschl\u00f6sungen. Kostenloses Angebot anfordern.","og_url":"https:\/\/www.trustedtranslations.com\/de\/dienstleistungen\/vri\/google-meet","og_site_name":"Trusted Translations, Inc.","article_publisher":"https:\/\/www.facebook.com\/Trusted.Translations","article_modified_time":"2024-09-10T21:36:42+00:00","og_image":[{"width":151,"height":151,"url":"https:\/\/static.trustedtranslations.com\/wp-content\/uploads\/2024\/02\/TT-ICON_Remote-Multilingual-Inte-13.webp","type":"image\/webp"}],"twitter_card":"summary_large_image","twitter_site":"@TrustedT9ns","schema":{"@context":"https:\/\/schema.org","@graph":[{"@type":"WebPage","@id":"https:\/\/www.trustedtranslations.com\/de\/dienstleistungen\/vri\/google-meet","url":"https:\/\/www.trustedtranslations.com\/de\/dienstleistungen\/vri\/google-meet","name":"Dolmetschdienstleistungen f\u00fcr Google Meet - Trusted Translations, Inc.","isPartOf":{"@id":"https:\/\/www.trustedtranslations.com\/de\/#website"},"primaryImageOfPage":{"@id":"https:\/\/www.trustedtranslations.com\/de\/dienstleistungen\/vri\/google-meet#primaryimage"},"image":{"@id":"https:\/\/www.trustedtranslations.com\/de\/dienstleistungen\/vri\/google-meet#primaryimage"},"thumbnailUrl":"https:\/\/www.trustedtranslations.com\/wp-content\/uploads\/2024\/02\/TT-ICON_Remote-Multilingual-Inte-13.webp","description":"Trusted Translations bietet professionelle VRI-Dienste f\u00fcr Google Meet. Verbessern Sie Ihre virtuellen Meetings mit unseren zuverl\u00e4ssigen Dolmetschl\u00f6sungen. Kostenloses Angebot anfordern.","breadcrumb":{"@id":"https:\/\/www.trustedtranslations.com\/de\/dienstleistungen\/vri\/google-meet#breadcrumb"},"inLanguage":"de","potentialAction":[{"@type":"ReadAction","target":["https:\/\/www.trustedtranslations.com\/de\/dienstleistungen\/vri\/google-meet"]}]},{"@type":"ImageObject","inLanguage":"de","@id":"https:\/\/www.trustedtranslations.com\/de\/dienstleistungen\/vri\/google-meet#primaryimage","url":"https:\/\/www.trustedtranslations.com\/wp-content\/uploads\/2024\/02\/TT-ICON_Remote-Multilingual-Inte-13.webp","contentUrl":"https:\/\/www.trustedtranslations.com\/wp-content\/uploads\/2024\/02\/TT-ICON_Remote-Multilingual-Inte-13.webp","width":151,"height":151,"caption":"TT ICON Remote Multilingual Inte 13"},{"@type":"BreadcrumbList","@id":"https:\/\/www.trustedtranslations.com\/de\/dienstleistungen\/vri\/google-meet#breadcrumb","itemListElement":[{"@type":"ListItem","position":1,"name":"Home","item":"https:\/\/www.trustedtranslations.com\/de"},{"@type":"ListItem","position":2,"name":"Dienstleistungen","item":"https:\/\/www.trustedtranslations.com\/de\/dienstleistungen"},{"@type":"ListItem","position":3,"name":"Video-Ferndolmetschen (VRI)","item":"https:\/\/www.trustedtranslations.com\/de\/dienstleistungen\/vri"},{"@type":"ListItem","position":4,"name":"Google Meet"}]},{"@type":"WebSite","@id":"https:\/\/www.trustedtranslations.com\/de\/#website","url":"https:\/\/www.trustedtranslations.com\/de\/","name":"Trusted Translations, Inc.","description":"Leader in translation and interpretation services.","publisher":{"@id":"https:\/\/www.trustedtranslations.com\/de\/#organization"},"alternateName":"Trusted Translations","potentialAction":[{"@type":"SearchAction","target":{"@type":"EntryPoint","urlTemplate":"https:\/\/www.trustedtranslations.com\/de\/?s={search_term_string}"},"query-input":{"@type":"PropertyValueSpecification","valueRequired":true,"valueName":"search_term_string"}}],"inLanguage":"de"},{"@type":"Organization","@id":"https:\/\/www.trustedtranslations.com\/de\/#organization","name":"Trusted Translations","alternateName":"Trusted Translations, Inc.","url":"https:\/\/www.trustedtranslations.com\/de\/","logo":{"@type":"ImageObject","inLanguage":"de","@id":"https:\/\/www.trustedtranslations.com\/de\/#\/schema\/logo\/image\/","url":"https:\/\/static.trustedtranslations.com\/wp-content\/uploads\/2022\/01\/TT_logo_WSIColors-2.png","contentUrl":"https:\/\/static.trustedtranslations.com\/wp-content\/uploads\/2022\/01\/TT_logo_WSIColors-2.png","width":500,"height":196,"caption":"Trusted Translations"},"image":{"@id":"https:\/\/www.trustedtranslations.com\/de\/#\/schema\/logo\/image\/"},"sameAs":["https:\/\/www.facebook.com\/Trusted.Translations","https:\/\/x.com\/TrustedT9ns","https:\/\/www.linkedin.com\/company\/trusted-translations"]}]}},"toolset-meta":{"dyk":{"mensaje-1":{"type":"textfield","raw":"Wir bieten Fortune-500-Unternehmen \u00dcbersetzungen zu Preisen, die 25 bis 50% unter dem Marktpreis liegen."},"mensaje-2":{"type":"textfield","raw":"Jede \u00dcbersetzung, die von unseren Expertenteams durchgef\u00fchrt wird, ist durch Lloyd's of London abgesichert."},"mensaje-3":{"type":"textfield","raw":"Trusted Translations ist ein stolzer F\u00f6rderer des St. Jude Children's Research Hospital."},"mensaje-4":{"type":"textfield","raw":"In den USA geh\u00f6ren wir zu den \u201eTop-500-Unternehmen in hispanoamerikanischem Besitz\u201c."},"mensaje-5":{"type":"textfield","raw":"Trusted Translations hat \u00fcber 5.000 zufriedene Kunden aus nahezu allen Branchen."},"mensaje-6":{"type":"textfield","raw":""}},"single-page-template-fields":{"imgs-temp":{"type":"image","raw":["https:\/\/static.trustedtranslations.com\/wp-content\/uploads\/2024\/07\/g-meet-1.webp"],"repeatable":[{"raw":"https:\/\/static.trustedtranslations.com\/wp-content\/uploads\/2024\/07\/g-meet-1.webp"}]},"imgs-temp-cel":{"type":"image","raw":[""],"repeatable":[{"raw":""}]},"img-temp-one-cel":{"type":"image","raw":"https:\/\/static.trustedtranslations.com\/wp-content\/uploads\/2024\/07\/g-meet-1-1.webp","attachment_id":null},"quotes":{"type":"textarea","raw":"<h1 style=\"margin-bottom: 12px;\">Mehrsprachige Ferndolmetschdienstleistung auf Google Meet<\/h1><p>Wenn Ihre Organisation Google-Produkte verwendet, k\u00f6nnen Sie Google Meet als Plattform f\u00fcr Videokonferenzen verwenden. Bei Trusted Translations k\u00f6nnen unsere Experten Ihnen professionelles Ferndolmetschen \u00fcber Google Meet f\u00fcr alle Arten von mehrsprachigen Meetings anbieten.<\/p><div style=\"margin-top: 2.5vw;\"><a class=\"tt-btn-main-cta\" href=\"https:\/\/www.trustedtranslations.com\/de\/angebot\">Kostenlosen Kostenvoranschlag anfordern<\/a><\/div>"},"text-1":{"type":"textarea","raw":"<h2>Professionelles Dolmetschen mit Google Meet<img class=\"alignleft wp-image-177290\" src=\"https:\/\/static.trustedtranslations.com\/wp-content\/uploads\/2023\/01\/g-meet-2-1-300x224.jpg\" alt=\"\" width=\"400\" height=\"298\" \/><\/h2>\r\nGoogle Meet wurde 2017 von Google eingef\u00fchrt und hat sich schnell zu einer der weltweit beliebtesten Videokonferenztechnologien entwickelt. Dazu geh\u00f6rt, dass es die <a href=\"https:\/\/www.digitalinformationworld.com\/2021\/04\/top-video-call-platform-by-market-share.html\" target=\"_blank\" rel=\"noopener\">beliebteste Plattform f\u00fcr Videoanrufe<\/a> (basierend auf dem Marktanteil) in L\u00e4ndern wie Italien, D\u00e4nemark und Indien ist.\r\n\r\nWenn es um das Ferndolmetschen geht, macht die relative Benutzerfreundlichkeit von Google Meet es zu einer guten Option f\u00fcr das Konsekutivdolmetschen, bei dem ein Dolmetscher die Worte eines Sprechers w\u00e4hrend einer Pause nach jedem Teil der Rede \u00fcbersetzt.\r\n\r\nF\u00fcr simultanes Dolmetschen in Echtzeit bietet Google Meet derzeit jedoch keine umfassende spezialisierte Unterst\u00fctzung f\u00fcr Dolmetscher im Hauptsitzungsfenster. Die Nutzer sind oft auf umst\u00e4ndliche Umgehungsl\u00f6sungen angewiesen, z. B. wenn der Dolmetscher einen separaten Meeting-Link aufruft, um Audio zu liefern, oder wenn Chrome-Erweiterungen von Drittanbietern hinzugef\u00fcgt werden, um Simultandolmetschen zu erm\u00f6glichen.\r\n<h2>Vor- und Nachteile von Google Meet f\u00fcr das Ferndolmetschen<\/h2>\r\nEs gibt sicherlich einige Einschr\u00e4nkungen bei der Verwendung von Google Meet f\u00fcr das Ferndolmetschen. Abgesehen davon, dass es keine speziellen Merkmale f\u00fcr Sprachdolmetscher gibt, k\u00f6nnen bei Google Meet nur 250 Personen an Ihren Meetings teilnehmen (im Vergleich zu Zoom mit einer Teilnehmerzahl von 1.000). F\u00fcr Gro\u00dfveranstaltungen ist das nicht optimal.\r\n\r\nEs gibt jedoch auch einige einzigartige Vorteile von Google Meet, wie zum Beispiel:\r\n<ul>\r\n \t<li>Eng integriert mit anderen Google-Produkten wie Google Workspace und kostenlos f\u00fcr alle Nutzer von Google-Konten<\/li>\r\n \t<li>Browserbasiert, nicht softwarebasiert, sodass Benutzer keine zus\u00e4tzliche Software oder Apps herunterladen m\u00fcssen<\/li>\r\n \t<li>Hervorragende Verschl\u00fcsselungs- und Sicherheitsfunktionen<\/li>\r\n \t<li>Gleiche Funktionalit\u00e4t auf dem Handy wie auf dem Desktop, mit einfacher Benutzeroberfl\u00e4che<\/li>\r\n \t<li>Der kostenlose Plan erlaubt eine L\u00e4nge von bis zu einer Stunde<\/li>\r\n<\/ul>"},"shortcode-map":{"type":"textfield","raw":""},"dyk-shortcode":{"type":"textfield","raw":"[elementor-template id=\"146647\"]"},"text-2":{"type":"textarea","raw":"<h2>Wann Sie Google Meet f\u00fcr mehrsprachige Meetings verwenden sollten<img class=\"alignleft wp-image-177305\" src=\"https:\/\/static.trustedtranslations.com\/wp-content\/uploads\/2023\/01\/google-meeting-300x200.jpg\" alt=\"\" width=\"450\" height=\"300\" \/><\/h2>\r\nAlso, wo gl\u00e4nzt Google Meet wirklich? Ein Highlight sind seine starken Sicherheitsmerkmale. Alle Teilnehmer an einem Google Meet m\u00fcssen \u00fcber ein Google-Konto verf\u00fcgen, damit die Organisatoren jeden Teilnehmer \u00fcberpr\u00fcfen und st\u00f6rende Eindringlinge vermeiden k\u00f6nnen. Die 10-stelligen Besprechungscodes von Google wurden entwickelt, um Hacking besser zu verhindern, und alle Daten in Meet (einschlie\u00dflich Aufzeichnungen) werden standardm\u00e4\u00dfig verschl\u00fcsselt. Mit der Unterst\u00fctzung der leistungsstarken Sicherheitsinfrastruktur von Google kann Google Meet eine besonders gute Wahl f\u00fcr urheberrechtlich gesch\u00fctztes Material, Regierungsangelegenheiten und andere Meetings sein, bei denen der Schutz der Privatsph\u00e4re von entscheidender Bedeutung ist.\r\n\r\nDar\u00fcber hinaus ist Google Meet eher browserbasiert als softwarebasiert wie Zoom oder Teams und kann in jedem Webbrowser ausgef\u00fchrt werden \u2013 Benutzer m\u00fcssen keine neue Software herunterladen. In Kombination mit seiner \u00fcbersichtlichen und benutzerfreundlichen Oberfl\u00e4che ist Google Meet eine attraktive Option f\u00fcr technikunkundige Teilnehmer. Es ist auch ein Segen f\u00fcr Benutzer in Regionen mit schwachen Internetverbindungen, f\u00fcr die der hohe Stromverbrauch von Apps wie Zoom und Teams Probleme bereiten kann.\r\n\r\nF\u00fcr kleinere, privatere Meetings und Veranstaltungen ist Google Meet eine ausgezeichnete Wahl, insbesondere wenn Ihre Organisation bereits Google-Produkte verwendet.\r\n<h2>Unsere Mitarbeiter<\/h2>\r\nAls langj\u00e4hriger Anbieter von Simultan- und Konsekutivdolmetschen ist <em>Trusted Translations<\/em> bereit, alle Ihre Anforderungen an die Fernkommunikation zu erf\u00fcllen. Wir haben auch umfangreiche Erfahrung mit Google-Produkten <a href=\"https:\/\/www.trustedtranslations.com\/de\/dienstleistungen\/lokalisierung-von-apps\/android\">wie Google Play<\/a> und k\u00f6nnen Sie beraten, wie Sie die Google Meet-Plattform f\u00fcr die besten Ergebnisse nutzen k\u00f6nnen."},"state":{"type":"textfield","raw":""},"city":{"type":"textarea","raw":[]}}},"_links":{"self":[{"href":"https:\/\/www.trustedtranslations.com\/de\/wp-json\/wp\/v2\/pages\/182548","targetHints":{"allow":["GET"]}}],"collection":[{"href":"https:\/\/www.trustedtranslations.com\/de\/wp-json\/wp\/v2\/pages"}],"about":[{"href":"https:\/\/www.trustedtranslations.com\/de\/wp-json\/wp\/v2\/types\/page"}],"author":[{"embeddable":true,"href":"https:\/\/www.trustedtranslations.com\/de\/wp-json\/wp\/v2\/users\/1"}],"replies":[{"embeddable":true,"href":"https:\/\/www.trustedtranslations.com\/de\/wp-json\/wp\/v2\/comments?post=182548"}],"version-history":[{"count":0,"href":"https:\/\/www.trustedtranslations.com\/de\/wp-json\/wp\/v2\/pages\/182548\/revisions"}],"up":[{"embeddable":true,"href":"https:\/\/www.trustedtranslations.com\/de\/wp-json\/wp\/v2\/pages\/159944"}],"wp:featuredmedia":[{"embeddable":true,"href":"https:\/\/www.trustedtranslations.com\/de\/wp-json\/wp\/v2\/media\/244665"}],"wp:attachment":[{"href":"https:\/\/www.trustedtranslations.com\/de\/wp-json\/wp\/v2\/media?parent=182548"}],"curies":[{"name":"wp","href":"https:\/\/api.w.org\/{rel}","templated":true}]}}