{"id":182550,"date":"2023-02-10T17:53:15","date_gmt":"2023-02-10T20:53:15","guid":{"rendered":"https:\/\/www.trustedtranslations.com\/?page_id=182550"},"modified":"2024-09-10T18:42:03","modified_gmt":"2024-09-10T21:42:03","slug":"cisco-webex","status":"publish","type":"page","link":"https:\/\/www.trustedtranslations.com\/de\/dienstleistungen\/vri\/cisco-webex","title":{"rendered":"Cisco Webex"},"content":{"rendered":"","protected":false},"excerpt":{"rendered":"","protected":false},"author":1,"featured_media":244629,"parent":159944,"menu_order":3,"comment_status":"closed","ping_status":"closed","template":"","meta":{"site-sidebar-layout":"default","site-content-layout":"default","ast-site-content-layout":"default","site-content-style":"default","site-sidebar-style":"default","ast-global-header-display":"","ast-banner-title-visibility":"","ast-main-header-display":"","ast-hfb-above-header-display":"","ast-hfb-below-header-display":"","ast-hfb-mobile-header-display":"","site-post-title":"disabled","ast-breadcrumbs-content":"","ast-featured-img":"","footer-sml-layout":"","ast-disable-related-posts":"","theme-transparent-header-meta":"default","adv-header-id-meta":"","stick-header-meta":"","header-above-stick-meta":"","header-main-stick-meta":"","header-below-stick-meta":"","astra-migrate-meta-layouts":"set","ast-page-background-enabled":"default","ast-page-background-meta":{"desktop":{"background-color":"var(--ast-global-color-4)","background-image":"","background-repeat":"repeat","background-position":"center center","background-size":"auto","background-attachment":"scroll","background-type":"","background-media":"","overlay-type":"","overlay-color":"","overlay-opacity":"","overlay-gradient":""},"tablet":{"background-color":"","background-image":"","background-repeat":"repeat","background-position":"center center","background-size":"auto","background-attachment":"scroll","background-type":"","background-media":"","overlay-type":"","overlay-color":"","overlay-opacity":"","overlay-gradient":""},"mobile":{"background-color":"","background-image":"","background-repeat":"repeat","background-position":"center center","background-size":"auto","background-attachment":"scroll","background-type":"","background-media":"","overlay-type":"","overlay-color":"","overlay-opacity":"","overlay-gradient":""}},"ast-content-background-meta":{"desktop":{"background-color":"var(--ast-global-color-5)","background-image":"","background-repeat":"repeat","background-position":"center center","background-size":"auto","background-attachment":"scroll","background-type":"","background-media":"","overlay-type":"","overlay-color":"","overlay-opacity":"","overlay-gradient":""},"tablet":{"background-color":"var(--ast-global-color-5)","background-image":"","background-repeat":"repeat","background-position":"center center","background-size":"auto","background-attachment":"scroll","background-type":"","background-media":"","overlay-type":"","overlay-color":"","overlay-opacity":"","overlay-gradient":""},"mobile":{"background-color":"var(--ast-global-color-5)","background-image":"","background-repeat":"repeat","background-position":"center center","background-size":"auto","background-attachment":"scroll","background-type":"","background-media":"","overlay-type":"","overlay-color":"","overlay-opacity":"","overlay-gradient":""}},"footnotes":""},"class_list":["post-182550","page","type-page","status-publish","has-post-thumbnail","hentry"],"yoast_head":"<!-- This site is optimized with the Yoast SEO plugin v27.6 - https:\/\/yoast.com\/product\/yoast-seo-wordpress\/ -->\n<title>Cisco Webex-Dolmetschdienstleistungen - Trusted Translations, Inc.<\/title>\n<meta name=\"description\" content=\"Trusted Translations ist ein f\u00fchrender Anbieter von Sprachdolmetschdienstleistungen f\u00fcr Cisco Webex. Rufen Sie uns an, um ein kostenloses Angebot oder eine kostenlose Beratung anzufordern.\" \/>\n<meta name=\"robots\" content=\"index, follow, max-snippet:-1, max-image-preview:large, max-video-preview:-1\" \/>\n<link rel=\"canonical\" href=\"https:\/\/www.trustedtranslations.com\/de\/dienstleistungen\/vri\/cisco-webex\" \/>\n<meta property=\"og:locale\" content=\"de_DE\" \/>\n<meta property=\"og:type\" content=\"article\" \/>\n<meta property=\"og:title\" content=\"Cisco Webex-Dolmetschdienstleistungen - Trusted Translations, Inc.\" \/>\n<meta property=\"og:description\" content=\"Trusted Translations ist ein f\u00fchrender Anbieter von Sprachdolmetschdienstleistungen f\u00fcr Cisco Webex. Rufen Sie uns an, um ein kostenloses Angebot oder eine kostenlose Beratung anzufordern.\" \/>\n<meta property=\"og:url\" content=\"https:\/\/www.trustedtranslations.com\/de\/dienstleistungen\/vri\/cisco-webex\" \/>\n<meta property=\"og:site_name\" content=\"Trusted Translations, Inc.\" \/>\n<meta property=\"article:publisher\" content=\"https:\/\/www.facebook.com\/Trusted.Translations\" \/>\n<meta property=\"article:modified_time\" content=\"2024-09-10T21:42:03+00:00\" \/>\n<meta property=\"og:image\" content=\"https:\/\/static.trustedtranslations.com\/wp-content\/uploads\/2024\/02\/TT-ICON_Remote-Multilingual-Inte-9.webp\" \/>\n\t<meta property=\"og:image:width\" content=\"151\" \/>\n\t<meta property=\"og:image:height\" content=\"151\" \/>\n\t<meta property=\"og:image:type\" content=\"image\/webp\" \/>\n<meta name=\"twitter:card\" content=\"summary_large_image\" \/>\n<meta name=\"twitter:site\" content=\"@TrustedT9ns\" \/>\n<script type=\"application\/ld+json\" class=\"yoast-schema-graph\">{\"@context\":\"https:\\\/\\\/schema.org\",\"@graph\":[{\"@type\":\"WebPage\",\"@id\":\"https:\\\/\\\/www.trustedtranslations.com\\\/de\\\/dienstleistungen\\\/vri\\\/cisco-webex\",\"url\":\"https:\\\/\\\/www.trustedtranslations.com\\\/de\\\/dienstleistungen\\\/vri\\\/cisco-webex\",\"name\":\"Cisco Webex-Dolmetschdienstleistungen - Trusted Translations, Inc.\",\"isPartOf\":{\"@id\":\"https:\\\/\\\/www.trustedtranslations.com\\\/de\\\/#website\"},\"primaryImageOfPage\":{\"@id\":\"https:\\\/\\\/www.trustedtranslations.com\\\/de\\\/dienstleistungen\\\/vri\\\/cisco-webex#primaryimage\"},\"image\":{\"@id\":\"https:\\\/\\\/www.trustedtranslations.com\\\/de\\\/dienstleistungen\\\/vri\\\/cisco-webex#primaryimage\"},\"thumbnailUrl\":\"https:\\\/\\\/www.trustedtranslations.com\\\/wp-content\\\/uploads\\\/2024\\\/02\\\/TT-ICON_Remote-Multilingual-Inte-9.webp\",\"description\":\"Trusted Translations ist ein f\u00fchrender Anbieter von Sprachdolmetschdienstleistungen f\u00fcr Cisco Webex. Rufen Sie uns an, um ein kostenloses Angebot oder eine kostenlose Beratung anzufordern.\",\"breadcrumb\":{\"@id\":\"https:\\\/\\\/www.trustedtranslations.com\\\/de\\\/dienstleistungen\\\/vri\\\/cisco-webex#breadcrumb\"},\"inLanguage\":\"de\",\"potentialAction\":[{\"@type\":\"ReadAction\",\"target\":[\"https:\\\/\\\/www.trustedtranslations.com\\\/de\\\/dienstleistungen\\\/vri\\\/cisco-webex\"]}]},{\"@type\":\"ImageObject\",\"inLanguage\":\"de\",\"@id\":\"https:\\\/\\\/www.trustedtranslations.com\\\/de\\\/dienstleistungen\\\/vri\\\/cisco-webex#primaryimage\",\"url\":\"https:\\\/\\\/www.trustedtranslations.com\\\/wp-content\\\/uploads\\\/2024\\\/02\\\/TT-ICON_Remote-Multilingual-Inte-9.webp\",\"contentUrl\":\"https:\\\/\\\/www.trustedtranslations.com\\\/wp-content\\\/uploads\\\/2024\\\/02\\\/TT-ICON_Remote-Multilingual-Inte-9.webp\",\"width\":151,\"height\":151,\"caption\":\"TT ICON Remote Multilingual Inte 9\"},{\"@type\":\"BreadcrumbList\",\"@id\":\"https:\\\/\\\/www.trustedtranslations.com\\\/de\\\/dienstleistungen\\\/vri\\\/cisco-webex#breadcrumb\",\"itemListElement\":[{\"@type\":\"ListItem\",\"position\":1,\"name\":\"Home\",\"item\":\"https:\\\/\\\/www.trustedtranslations.com\\\/de\"},{\"@type\":\"ListItem\",\"position\":2,\"name\":\"Dienstleistungen\",\"item\":\"https:\\\/\\\/www.trustedtranslations.com\\\/de\\\/dienstleistungen\"},{\"@type\":\"ListItem\",\"position\":3,\"name\":\"Video-Ferndolmetschen (VRI)\",\"item\":\"https:\\\/\\\/www.trustedtranslations.com\\\/de\\\/dienstleistungen\\\/vri\"},{\"@type\":\"ListItem\",\"position\":4,\"name\":\"Cisco Webex\"}]},{\"@type\":\"WebSite\",\"@id\":\"https:\\\/\\\/www.trustedtranslations.com\\\/de\\\/#website\",\"url\":\"https:\\\/\\\/www.trustedtranslations.com\\\/de\\\/\",\"name\":\"Trusted Translations, Inc.\",\"description\":\"Leader in translation and interpretation services.\",\"publisher\":{\"@id\":\"https:\\\/\\\/www.trustedtranslations.com\\\/de\\\/#organization\"},\"alternateName\":\"Trusted Translations\",\"potentialAction\":[{\"@type\":\"SearchAction\",\"target\":{\"@type\":\"EntryPoint\",\"urlTemplate\":\"https:\\\/\\\/www.trustedtranslations.com\\\/de\\\/?s={search_term_string}\"},\"query-input\":{\"@type\":\"PropertyValueSpecification\",\"valueRequired\":true,\"valueName\":\"search_term_string\"}}],\"inLanguage\":\"de\"},{\"@type\":\"Organization\",\"@id\":\"https:\\\/\\\/www.trustedtranslations.com\\\/de\\\/#organization\",\"name\":\"Trusted Translations\",\"alternateName\":\"Trusted Translations, Inc.\",\"url\":\"https:\\\/\\\/www.trustedtranslations.com\\\/de\\\/\",\"logo\":{\"@type\":\"ImageObject\",\"inLanguage\":\"de\",\"@id\":\"https:\\\/\\\/www.trustedtranslations.com\\\/de\\\/#\\\/schema\\\/logo\\\/image\\\/\",\"url\":\"https:\\\/\\\/static.trustedtranslations.com\\\/wp-content\\\/uploads\\\/2022\\\/01\\\/TT_logo_WSIColors-2.png\",\"contentUrl\":\"https:\\\/\\\/static.trustedtranslations.com\\\/wp-content\\\/uploads\\\/2022\\\/01\\\/TT_logo_WSIColors-2.png\",\"width\":500,\"height\":196,\"caption\":\"Trusted Translations\"},\"image\":{\"@id\":\"https:\\\/\\\/www.trustedtranslations.com\\\/de\\\/#\\\/schema\\\/logo\\\/image\\\/\"},\"sameAs\":[\"https:\\\/\\\/www.facebook.com\\\/Trusted.Translations\",\"https:\\\/\\\/x.com\\\/TrustedT9ns\",\"https:\\\/\\\/www.linkedin.com\\\/company\\\/trusted-translations\"]}]}<\/script>\n<!-- \/ Yoast SEO plugin. -->","yoast_head_json":{"title":"Cisco Webex-Dolmetschdienstleistungen - Trusted Translations, Inc.","description":"Trusted Translations ist ein f\u00fchrender Anbieter von Sprachdolmetschdienstleistungen f\u00fcr Cisco Webex. Rufen Sie uns an, um ein kostenloses Angebot oder eine kostenlose Beratung anzufordern.","robots":{"index":"index","follow":"follow","max-snippet":"max-snippet:-1","max-image-preview":"max-image-preview:large","max-video-preview":"max-video-preview:-1"},"canonical":"https:\/\/www.trustedtranslations.com\/de\/dienstleistungen\/vri\/cisco-webex","og_locale":"de_DE","og_type":"article","og_title":"Cisco Webex-Dolmetschdienstleistungen - Trusted Translations, Inc.","og_description":"Trusted Translations ist ein f\u00fchrender Anbieter von Sprachdolmetschdienstleistungen f\u00fcr Cisco Webex. Rufen Sie uns an, um ein kostenloses Angebot oder eine kostenlose Beratung anzufordern.","og_url":"https:\/\/www.trustedtranslations.com\/de\/dienstleistungen\/vri\/cisco-webex","og_site_name":"Trusted Translations, Inc.","article_publisher":"https:\/\/www.facebook.com\/Trusted.Translations","article_modified_time":"2024-09-10T21:42:03+00:00","og_image":[{"width":151,"height":151,"url":"https:\/\/static.trustedtranslations.com\/wp-content\/uploads\/2024\/02\/TT-ICON_Remote-Multilingual-Inte-9.webp","type":"image\/webp"}],"twitter_card":"summary_large_image","twitter_site":"@TrustedT9ns","schema":{"@context":"https:\/\/schema.org","@graph":[{"@type":"WebPage","@id":"https:\/\/www.trustedtranslations.com\/de\/dienstleistungen\/vri\/cisco-webex","url":"https:\/\/www.trustedtranslations.com\/de\/dienstleistungen\/vri\/cisco-webex","name":"Cisco Webex-Dolmetschdienstleistungen - Trusted Translations, Inc.","isPartOf":{"@id":"https:\/\/www.trustedtranslations.com\/de\/#website"},"primaryImageOfPage":{"@id":"https:\/\/www.trustedtranslations.com\/de\/dienstleistungen\/vri\/cisco-webex#primaryimage"},"image":{"@id":"https:\/\/www.trustedtranslations.com\/de\/dienstleistungen\/vri\/cisco-webex#primaryimage"},"thumbnailUrl":"https:\/\/www.trustedtranslations.com\/wp-content\/uploads\/2024\/02\/TT-ICON_Remote-Multilingual-Inte-9.webp","description":"Trusted Translations ist ein f\u00fchrender Anbieter von Sprachdolmetschdienstleistungen f\u00fcr Cisco Webex. Rufen Sie uns an, um ein kostenloses Angebot oder eine kostenlose Beratung anzufordern.","breadcrumb":{"@id":"https:\/\/www.trustedtranslations.com\/de\/dienstleistungen\/vri\/cisco-webex#breadcrumb"},"inLanguage":"de","potentialAction":[{"@type":"ReadAction","target":["https:\/\/www.trustedtranslations.com\/de\/dienstleistungen\/vri\/cisco-webex"]}]},{"@type":"ImageObject","inLanguage":"de","@id":"https:\/\/www.trustedtranslations.com\/de\/dienstleistungen\/vri\/cisco-webex#primaryimage","url":"https:\/\/www.trustedtranslations.com\/wp-content\/uploads\/2024\/02\/TT-ICON_Remote-Multilingual-Inte-9.webp","contentUrl":"https:\/\/www.trustedtranslations.com\/wp-content\/uploads\/2024\/02\/TT-ICON_Remote-Multilingual-Inte-9.webp","width":151,"height":151,"caption":"TT ICON Remote Multilingual Inte 9"},{"@type":"BreadcrumbList","@id":"https:\/\/www.trustedtranslations.com\/de\/dienstleistungen\/vri\/cisco-webex#breadcrumb","itemListElement":[{"@type":"ListItem","position":1,"name":"Home","item":"https:\/\/www.trustedtranslations.com\/de"},{"@type":"ListItem","position":2,"name":"Dienstleistungen","item":"https:\/\/www.trustedtranslations.com\/de\/dienstleistungen"},{"@type":"ListItem","position":3,"name":"Video-Ferndolmetschen (VRI)","item":"https:\/\/www.trustedtranslations.com\/de\/dienstleistungen\/vri"},{"@type":"ListItem","position":4,"name":"Cisco Webex"}]},{"@type":"WebSite","@id":"https:\/\/www.trustedtranslations.com\/de\/#website","url":"https:\/\/www.trustedtranslations.com\/de\/","name":"Trusted Translations, Inc.","description":"Leader in translation and interpretation services.","publisher":{"@id":"https:\/\/www.trustedtranslations.com\/de\/#organization"},"alternateName":"Trusted Translations","potentialAction":[{"@type":"SearchAction","target":{"@type":"EntryPoint","urlTemplate":"https:\/\/www.trustedtranslations.com\/de\/?s={search_term_string}"},"query-input":{"@type":"PropertyValueSpecification","valueRequired":true,"valueName":"search_term_string"}}],"inLanguage":"de"},{"@type":"Organization","@id":"https:\/\/www.trustedtranslations.com\/de\/#organization","name":"Trusted Translations","alternateName":"Trusted Translations, Inc.","url":"https:\/\/www.trustedtranslations.com\/de\/","logo":{"@type":"ImageObject","inLanguage":"de","@id":"https:\/\/www.trustedtranslations.com\/de\/#\/schema\/logo\/image\/","url":"https:\/\/static.trustedtranslations.com\/wp-content\/uploads\/2022\/01\/TT_logo_WSIColors-2.png","contentUrl":"https:\/\/static.trustedtranslations.com\/wp-content\/uploads\/2022\/01\/TT_logo_WSIColors-2.png","width":500,"height":196,"caption":"Trusted Translations"},"image":{"@id":"https:\/\/www.trustedtranslations.com\/de\/#\/schema\/logo\/image\/"},"sameAs":["https:\/\/www.facebook.com\/Trusted.Translations","https:\/\/x.com\/TrustedT9ns","https:\/\/www.linkedin.com\/company\/trusted-translations"]}]}},"toolset-meta":{"dyk":{"mensaje-1":{"type":"textfield","raw":"Wir bieten Fortune-500-Unternehmen \u00dcbersetzungen zu Preisen, die 25 bis 50% unter dem Marktpreis liegen."},"mensaje-2":{"type":"textfield","raw":"Jede \u00dcbersetzung, die von unseren Expertenteams durchgef\u00fchrt wird, ist durch Lloyd's of London abgesichert."},"mensaje-3":{"type":"textfield","raw":"Trusted Translations ist ein stolzer F\u00f6rderer des St. Jude Children's Research Hospital."},"mensaje-4":{"type":"textfield","raw":"In den USA geh\u00f6ren wir zu den \u201eTop-500-Unternehmen in hispanoamerikanischem Besitz\u201c."},"mensaje-5":{"type":"textfield","raw":"Trusted Translations hat \u00fcber 5.000 zufriedene Kunden aus nahezu allen Branchen."},"mensaje-6":{"type":"textfield","raw":""}},"single-page-template-fields":{"imgs-temp":{"type":"image","raw":["https:\/\/static.trustedtranslations.com\/wp-content\/uploads\/2024\/07\/cisco-webwx-1.webp","https:\/\/static.trustedtranslations.com\/wp-content\/uploads\/2024\/07\/cisco-webwx-2-1.webp"],"repeatable":[{"raw":"https:\/\/static.trustedtranslations.com\/wp-content\/uploads\/2024\/07\/cisco-webwx-1.webp"},{"raw":"https:\/\/static.trustedtranslations.com\/wp-content\/uploads\/2024\/07\/cisco-webwx-2-1.webp"}]},"imgs-temp-cel":{"type":"image","raw":[""],"repeatable":[{"raw":""}]},"img-temp-one-cel":{"type":"image","raw":"https:\/\/static.trustedtranslations.com\/wp-content\/uploads\/2024\/07\/cisco-webex-1.webp","attachment_id":null},"quotes":{"type":"textarea","raw":"<h1 style=\"margin-bottom: 12px;\">Mehrsprachige Ferndolmetscherdienstleistungen auf Webex<\/h1>\r\nCisco Webex ist eine beliebte Videokonferenzplattform, auf die sich Unternehmen auf der ganzen Welt verlassen. Unser Team von Trusted Translations kann Ihnen helfen, die speziellen Merkmale des Ferndolmetschens von Webex optimal zu nutzen, um Ihre mehrsprachigen Anforderungen zu erf\u00fcllen.\r\n<div style=\"margin-top: 2.5vw;\"><a class=\"tt-btn-main-cta\" href=\"https:\/\/www.trustedtranslations.com\/de\/angebot\">Kostenlosen Kostenvoranschlag anfordern<\/a><\/div>"},"text-1":{"type":"textarea","raw":"<h2 style=\"margin-top: 5px;\">Professionelles Dolmetschen f\u00fcr Meetings und Webinare<\/h2>\r\nDas in Kalifornien ans\u00e4ssige SaaS-Unternehmen (Software as a Service) Webex wurde 1995 gegr\u00fcndet und hatte daher lange Zeit, seine Videokonferenzprodukte zu verfeinern \u2013 mit hervorragenden Ergebnissen. Seit 2022 ist Cisco Webex der beliebteste Cloud-Calling-Anbieter der Welt und unterst\u00fctzt mehr als 39 Millionen Cloud-Calling-Benutzer auf der ganzen Welt.\r\n\r\nWebex, das bevorzugte Produkt vieler internationaler Unternehmen, verf\u00fcgt \u00fcber eine beeindruckende Reihe von Merkmalen, die speziell f\u00fcr das Simultandolmetschen aus der Ferne entwickelt wurden. Als Host k\u00f6nnen Sie ganz einfach die Simultan\u00fcbersetzung f\u00fcr ein Meeting aktivieren, neue Sprachkan\u00e4le verwalten und Dolmetscher w\u00e4hrend des Meetings zuweisen und sogar Dolmetscher in Webex Meetings und Webinaren (jedoch nicht in einem pers\u00f6nlichen Raum) vorab zuweisen. Dolmetscher sind w\u00e4hrend des Meetings durch ein besonderes Symbol gekennzeichnet.\r\n<h2>Vorteile von Cisco Webex Multilingual Meetings<img class=\"alignright wp-image-177376\" src=\"https:\/\/static.trustedtranslations.com\/wp-content\/uploads\/2023\/01\/webex-1.jpg\" alt=\"\" width=\"500\" height=\"334\" \/><\/h2>\r\n<strong>\u00a0<\/strong>Insgesamt bietet Webex viele Funktionen, die sowohl das konsekutive als auch das simultane Dolmetschen unterst\u00fctzen k\u00f6nnen.\r\n<ul>\r\n \t<li>Hosts k\u00f6nnen so viele Dolmetscher hinzuf\u00fcgen, wie sie einladen m\u00f6chten.<\/li>\r\n \t<li>Webex Meetings selbst unterst\u00fctzt \u00fcber 25 Weltsprachen.<\/li>\r\n \t<li>Webex erm\u00f6glicht eine bidirektionale Sprach\u00fcbersetzung.<\/li>\r\n \t<li>Die Teilnehmer k\u00f6nnen den Kanal f\u00fcr ihre bevorzugte Sprache vorab ausw\u00e4hlen.<\/li>\r\n \t<li>Es ist webbasiert, sodass f\u00fcr die Teilnehmer keine Software-Downloads erforderlich sind.<\/li>\r\n<\/ul>\r\nDas vielleicht beste Merkmal, das aus dieser Liste hervorzuheben ist, ist, dass Webex eine bidirektionale Interpretation erm\u00f6glicht, eine Verbesserung gegen\u00fcber unidirektionalen Plattformen wie Microsoft Teams. Das hei\u00dft, in Webex k\u00f6nnen Sie die Richtung Ihrer Zielsprache \u00e4ndern, wenn Sie in beide Richtungen dolmetschen."},"shortcode-map":{"type":"textfield","raw":""},"dyk-shortcode":{"type":"textfield","raw":"[elementor-template id=\"146647\"]"},"text-2":{"type":"textarea","raw":"<h2>Einschr\u00e4nkungen von Cisco Webex f\u00fcr das Ferndolmetschen<\/h2>\r\n<strong>\u00a0<\/strong>Trotz seiner zahlreichen Vorteile hat Webex einige potenzielle Nachteile, die Sie ber\u00fccksichtigen sollten, wenn Sie entscheiden, welcher Service f\u00fcr Sie am besten geeignet ist:\r\n<ul>\r\n \t<li>Simultandolmetschen ist f\u00fcr Webinare in der Webcast-Ansicht nicht verf\u00fcgbar.<\/li>\r\n \t<li>WebEx-Meetings erlauben (je nach Tarif) bis zu 200 Teilnehmer.<\/li>\r\n \t<li>Neben dem Dolmetschen k\u00f6nnen keine Breakout-R\u00e4ume oder \u00dcbungssitzungen eingerichtet werden.<\/li>\r\n \t<li>Aufnahmen erfassen nur das Originalaudio, ohne Dolmetschen.<\/li>\r\n \t<li>Einige Bedenken hinsichtlich langsamer Benutzeroberfl\u00e4che und Unterst\u00fctzung f\u00fcr die Integration von Drittanbietern.<\/li>\r\n<\/ul>\r\n<strong>\u00a0<\/strong>Wie die Konkurrenten Google Meet und GoTo Meeting ist Webex Meetings einfach nicht f\u00fcr extrem gro\u00dfe Veranstaltungen konzipiert. Sein gr\u00f6\u00dfter Plan erlaubt bis zu 200 Teilnehmer (ein Schritt weniger als die 250 von Google Meet und GoTo Meeting) und sein kostenloses Konto nur bis zu 100 Teilnehmer. Andere Einschr\u00e4nkungen, wie z. B. das Fehlen einer Simultan\u00fcbersetzung in der Webcast-Ansicht und die Unf\u00e4higkeit, Nebenr\u00e4ume neben der Fern\u00fcbersetzung zu nutzen, k\u00f6nnten ein ernstes Problem f\u00fcr Konferenzen und Webinare darstellen.\r\n\r\nIn den letzten Jahren hat Webex auch bedeutende Updates und Upgrades von seinen \u00e4lteren Legacy-Versionen auf seine neueren eingef\u00fchrt. Wenn Ihr Unternehmen Webex seit Jahren verwendet, haben Sie vielleicht schon einige Wachstumsschmerzen bemerkt - einige Benutzer haben berichtet, dass die \u00dcbertragung schwierig ist, dass die Webex-Benutzeroberfl\u00e4che verwirrend sein kann und viel Computerleistung verbraucht, und dass Webex Anwendungen von Drittanbietern nicht so gut integriert wie eine Plattform wie Zoom.\r\n<h2>Unsere Mitarbeiter<\/h2>\r\nAls Partner zahlreicher multinationaler Unternehmen, Anwaltskanzleien, Universit\u00e4ten und mehr bietet unser <em>Trusted Translations<\/em>-Team erstklassiges Ferndolmetschen f\u00fcr alle Ihre organisatorischen Anforderungen. Wir sind auch mit dem Angebot an Videokonferenzplattformen auf dem Markt bestens vertraut und k\u00f6nnen Ihnen dabei helfen, diejenige auszuw\u00e4hlen, die auf der Grundlage der aktuellsten Informationen f\u00fcr Sie am besten geeignet ist."},"state":{"type":"textfield","raw":""},"city":{"type":"textarea","raw":[]}}},"_links":{"self":[{"href":"https:\/\/www.trustedtranslations.com\/de\/wp-json\/wp\/v2\/pages\/182550","targetHints":{"allow":["GET"]}}],"collection":[{"href":"https:\/\/www.trustedtranslations.com\/de\/wp-json\/wp\/v2\/pages"}],"about":[{"href":"https:\/\/www.trustedtranslations.com\/de\/wp-json\/wp\/v2\/types\/page"}],"author":[{"embeddable":true,"href":"https:\/\/www.trustedtranslations.com\/de\/wp-json\/wp\/v2\/users\/1"}],"replies":[{"embeddable":true,"href":"https:\/\/www.trustedtranslations.com\/de\/wp-json\/wp\/v2\/comments?post=182550"}],"version-history":[{"count":0,"href":"https:\/\/www.trustedtranslations.com\/de\/wp-json\/wp\/v2\/pages\/182550\/revisions"}],"up":[{"embeddable":true,"href":"https:\/\/www.trustedtranslations.com\/de\/wp-json\/wp\/v2\/pages\/159944"}],"wp:featuredmedia":[{"embeddable":true,"href":"https:\/\/www.trustedtranslations.com\/de\/wp-json\/wp\/v2\/media\/244629"}],"wp:attachment":[{"href":"https:\/\/www.trustedtranslations.com\/de\/wp-json\/wp\/v2\/media?parent=182550"}],"curies":[{"name":"wp","href":"https:\/\/api.w.org\/{rel}","templated":true}]}}