{"id":182552,"date":"2023-02-13T16:33:18","date_gmt":"2023-02-13T19:33:18","guid":{"rendered":"https:\/\/www.trustedtranslations.com\/?page_id=182552"},"modified":"2024-09-11T11:15:42","modified_gmt":"2024-09-11T14:15:42","slug":"skype","status":"publish","type":"page","link":"https:\/\/www.trustedtranslations.com\/de\/dienstleistungen\/vri\/skype","title":{"rendered":"Skype"},"content":{"rendered":"","protected":false},"excerpt":{"rendered":"","protected":false},"author":1,"featured_media":244605,"parent":159944,"menu_order":4,"comment_status":"closed","ping_status":"closed","template":"","meta":{"site-sidebar-layout":"default","site-content-layout":"default","ast-site-content-layout":"default","site-content-style":"default","site-sidebar-style":"default","ast-global-header-display":"","ast-banner-title-visibility":"","ast-main-header-display":"","ast-hfb-above-header-display":"","ast-hfb-below-header-display":"","ast-hfb-mobile-header-display":"","site-post-title":"disabled","ast-breadcrumbs-content":"","ast-featured-img":"","footer-sml-layout":"","ast-disable-related-posts":"","theme-transparent-header-meta":"default","adv-header-id-meta":"","stick-header-meta":"","header-above-stick-meta":"","header-main-stick-meta":"","header-below-stick-meta":"","astra-migrate-meta-layouts":"set","ast-page-background-enabled":"default","ast-page-background-meta":{"desktop":{"background-color":"var(--ast-global-color-4)","background-image":"","background-repeat":"repeat","background-position":"center center","background-size":"auto","background-attachment":"scroll","background-type":"","background-media":"","overlay-type":"","overlay-color":"","overlay-opacity":"","overlay-gradient":""},"tablet":{"background-color":"","background-image":"","background-repeat":"repeat","background-position":"center center","background-size":"auto","background-attachment":"scroll","background-type":"","background-media":"","overlay-type":"","overlay-color":"","overlay-opacity":"","overlay-gradient":""},"mobile":{"background-color":"","background-image":"","background-repeat":"repeat","background-position":"center center","background-size":"auto","background-attachment":"scroll","background-type":"","background-media":"","overlay-type":"","overlay-color":"","overlay-opacity":"","overlay-gradient":""}},"ast-content-background-meta":{"desktop":{"background-color":"var(--ast-global-color-5)","background-image":"","background-repeat":"repeat","background-position":"center center","background-size":"auto","background-attachment":"scroll","background-type":"","background-media":"","overlay-type":"","overlay-color":"","overlay-opacity":"","overlay-gradient":""},"tablet":{"background-color":"var(--ast-global-color-5)","background-image":"","background-repeat":"repeat","background-position":"center center","background-size":"auto","background-attachment":"scroll","background-type":"","background-media":"","overlay-type":"","overlay-color":"","overlay-opacity":"","overlay-gradient":""},"mobile":{"background-color":"var(--ast-global-color-5)","background-image":"","background-repeat":"repeat","background-position":"center center","background-size":"auto","background-attachment":"scroll","background-type":"","background-media":"","overlay-type":"","overlay-color":"","overlay-opacity":"","overlay-gradient":""}},"footnotes":""},"class_list":["post-182552","page","type-page","status-publish","has-post-thumbnail","hentry"],"yoast_head":"<!-- This site is optimized with the Yoast SEO plugin v27.3 - https:\/\/yoast.com\/product\/yoast-seo-wordpress\/ -->\n<title>Skype-Sprachdolmetschen - Trusted Translations, Inc.<\/title>\n<meta name=\"description\" content=\"Trusted Translations, Inc. ist ein f\u00fchrender Anbieter von Dolmetschdienstleistungen f\u00fcr Anrufe, Besprechungen und Webinare auf Skype. Rufen Sie uns an, um ein kostenloses Angebot oder eine kostenlose Beratung anzufordern.\" \/>\n<meta name=\"robots\" content=\"index, follow, max-snippet:-1, max-image-preview:large, max-video-preview:-1\" \/>\n<link rel=\"canonical\" href=\"https:\/\/www.trustedtranslations.com\/de\/dienstleistungen\/vri\/skype\" \/>\n<meta property=\"og:locale\" content=\"de_DE\" \/>\n<meta property=\"og:type\" content=\"article\" \/>\n<meta property=\"og:title\" content=\"Skype-Sprachdolmetschen - Trusted Translations, Inc.\" \/>\n<meta property=\"og:description\" content=\"Trusted Translations, Inc. ist ein f\u00fchrender Anbieter von Dolmetschdienstleistungen f\u00fcr Anrufe, Besprechungen und Webinare auf Skype. Rufen Sie uns an, um ein kostenloses Angebot oder eine kostenlose Beratung anzufordern.\" \/>\n<meta property=\"og:url\" content=\"https:\/\/www.trustedtranslations.com\/de\/dienstleistungen\/vri\/skype\" \/>\n<meta property=\"og:site_name\" content=\"Trusted Translations, Inc.\" \/>\n<meta property=\"article:publisher\" content=\"https:\/\/www.facebook.com\/Trusted.Translations\" \/>\n<meta property=\"article:modified_time\" content=\"2024-09-11T14:15:42+00:00\" \/>\n<meta property=\"og:image\" content=\"https:\/\/static.trustedtranslations.com\/wp-content\/uploads\/2024\/02\/TT-ICON_Remote-Multilingual-Inte-11.webp\" \/>\n\t<meta property=\"og:image:width\" content=\"151\" \/>\n\t<meta property=\"og:image:height\" content=\"151\" \/>\n\t<meta property=\"og:image:type\" content=\"image\/webp\" \/>\n<meta name=\"twitter:card\" content=\"summary_large_image\" \/>\n<meta name=\"twitter:site\" content=\"@TrustedT9ns\" \/>\n<script type=\"application\/ld+json\" class=\"yoast-schema-graph\">{\"@context\":\"https:\\\/\\\/schema.org\",\"@graph\":[{\"@type\":\"WebPage\",\"@id\":\"https:\\\/\\\/www.trustedtranslations.com\\\/de\\\/dienstleistungen\\\/vri\\\/skype\",\"url\":\"https:\\\/\\\/www.trustedtranslations.com\\\/de\\\/dienstleistungen\\\/vri\\\/skype\",\"name\":\"Skype-Sprachdolmetschen - Trusted Translations, Inc.\",\"isPartOf\":{\"@id\":\"https:\\\/\\\/www.trustedtranslations.com\\\/de\\\/#website\"},\"primaryImageOfPage\":{\"@id\":\"https:\\\/\\\/www.trustedtranslations.com\\\/de\\\/dienstleistungen\\\/vri\\\/skype#primaryimage\"},\"image\":{\"@id\":\"https:\\\/\\\/www.trustedtranslations.com\\\/de\\\/dienstleistungen\\\/vri\\\/skype#primaryimage\"},\"thumbnailUrl\":\"https:\\\/\\\/www.trustedtranslations.com\\\/wp-content\\\/uploads\\\/2024\\\/02\\\/TT-ICON_Remote-Multilingual-Inte-11.webp\",\"description\":\"Trusted Translations, Inc. ist ein f\u00fchrender Anbieter von Dolmetschdienstleistungen f\u00fcr Anrufe, Besprechungen und Webinare auf Skype. Rufen Sie uns an, um ein kostenloses Angebot oder eine kostenlose Beratung anzufordern.\",\"breadcrumb\":{\"@id\":\"https:\\\/\\\/www.trustedtranslations.com\\\/de\\\/dienstleistungen\\\/vri\\\/skype#breadcrumb\"},\"inLanguage\":\"de\",\"potentialAction\":[{\"@type\":\"ReadAction\",\"target\":[\"https:\\\/\\\/www.trustedtranslations.com\\\/de\\\/dienstleistungen\\\/vri\\\/skype\"]}]},{\"@type\":\"ImageObject\",\"inLanguage\":\"de\",\"@id\":\"https:\\\/\\\/www.trustedtranslations.com\\\/de\\\/dienstleistungen\\\/vri\\\/skype#primaryimage\",\"url\":\"https:\\\/\\\/www.trustedtranslations.com\\\/wp-content\\\/uploads\\\/2024\\\/02\\\/TT-ICON_Remote-Multilingual-Inte-11.webp\",\"contentUrl\":\"https:\\\/\\\/www.trustedtranslations.com\\\/wp-content\\\/uploads\\\/2024\\\/02\\\/TT-ICON_Remote-Multilingual-Inte-11.webp\",\"width\":151,\"height\":151,\"caption\":\"TT ICON Remote Multilingual Inte 11\"},{\"@type\":\"BreadcrumbList\",\"@id\":\"https:\\\/\\\/www.trustedtranslations.com\\\/de\\\/dienstleistungen\\\/vri\\\/skype#breadcrumb\",\"itemListElement\":[{\"@type\":\"ListItem\",\"position\":1,\"name\":\"Home\",\"item\":\"https:\\\/\\\/www.trustedtranslations.com\\\/de\"},{\"@type\":\"ListItem\",\"position\":2,\"name\":\"Dienstleistungen\",\"item\":\"https:\\\/\\\/www.trustedtranslations.com\\\/de\\\/dienstleistungen\"},{\"@type\":\"ListItem\",\"position\":3,\"name\":\"Video-Ferndolmetschen (VRI)\",\"item\":\"https:\\\/\\\/www.trustedtranslations.com\\\/de\\\/dienstleistungen\\\/vri\"},{\"@type\":\"ListItem\",\"position\":4,\"name\":\"Skype\"}]},{\"@type\":\"WebSite\",\"@id\":\"https:\\\/\\\/www.trustedtranslations.com\\\/de\\\/#website\",\"url\":\"https:\\\/\\\/www.trustedtranslations.com\\\/de\\\/\",\"name\":\"Trusted Translations, Inc.\",\"description\":\"Leader in translation and interpretation services.\",\"publisher\":{\"@id\":\"https:\\\/\\\/www.trustedtranslations.com\\\/de\\\/#organization\"},\"alternateName\":\"Trusted Translations\",\"potentialAction\":[{\"@type\":\"SearchAction\",\"target\":{\"@type\":\"EntryPoint\",\"urlTemplate\":\"https:\\\/\\\/www.trustedtranslations.com\\\/de\\\/?s={search_term_string}\"},\"query-input\":{\"@type\":\"PropertyValueSpecification\",\"valueRequired\":true,\"valueName\":\"search_term_string\"}}],\"inLanguage\":\"de\"},{\"@type\":\"Organization\",\"@id\":\"https:\\\/\\\/www.trustedtranslations.com\\\/de\\\/#organization\",\"name\":\"Trusted Translations\",\"alternateName\":\"Trusted Translations, Inc.\",\"url\":\"https:\\\/\\\/www.trustedtranslations.com\\\/de\\\/\",\"logo\":{\"@type\":\"ImageObject\",\"inLanguage\":\"de\",\"@id\":\"https:\\\/\\\/www.trustedtranslations.com\\\/de\\\/#\\\/schema\\\/logo\\\/image\\\/\",\"url\":\"https:\\\/\\\/static.trustedtranslations.com\\\/wp-content\\\/uploads\\\/2022\\\/01\\\/TT_logo_WSIColors-2.png\",\"contentUrl\":\"https:\\\/\\\/static.trustedtranslations.com\\\/wp-content\\\/uploads\\\/2022\\\/01\\\/TT_logo_WSIColors-2.png\",\"width\":500,\"height\":196,\"caption\":\"Trusted Translations\"},\"image\":{\"@id\":\"https:\\\/\\\/www.trustedtranslations.com\\\/de\\\/#\\\/schema\\\/logo\\\/image\\\/\"},\"sameAs\":[\"https:\\\/\\\/www.facebook.com\\\/Trusted.Translations\",\"https:\\\/\\\/x.com\\\/TrustedT9ns\",\"https:\\\/\\\/www.linkedin.com\\\/company\\\/trusted-translations\"]}]}<\/script>\n<!-- \/ Yoast SEO plugin. -->","yoast_head_json":{"title":"Skype-Sprachdolmetschen - Trusted Translations, Inc.","description":"Trusted Translations, Inc. ist ein f\u00fchrender Anbieter von Dolmetschdienstleistungen f\u00fcr Anrufe, Besprechungen und Webinare auf Skype. Rufen Sie uns an, um ein kostenloses Angebot oder eine kostenlose Beratung anzufordern.","robots":{"index":"index","follow":"follow","max-snippet":"max-snippet:-1","max-image-preview":"max-image-preview:large","max-video-preview":"max-video-preview:-1"},"canonical":"https:\/\/www.trustedtranslations.com\/de\/dienstleistungen\/vri\/skype","og_locale":"de_DE","og_type":"article","og_title":"Skype-Sprachdolmetschen - Trusted Translations, Inc.","og_description":"Trusted Translations, Inc. ist ein f\u00fchrender Anbieter von Dolmetschdienstleistungen f\u00fcr Anrufe, Besprechungen und Webinare auf Skype. Rufen Sie uns an, um ein kostenloses Angebot oder eine kostenlose Beratung anzufordern.","og_url":"https:\/\/www.trustedtranslations.com\/de\/dienstleistungen\/vri\/skype","og_site_name":"Trusted Translations, Inc.","article_publisher":"https:\/\/www.facebook.com\/Trusted.Translations","article_modified_time":"2024-09-11T14:15:42+00:00","og_image":[{"width":151,"height":151,"url":"https:\/\/static.trustedtranslations.com\/wp-content\/uploads\/2024\/02\/TT-ICON_Remote-Multilingual-Inte-11.webp","type":"image\/webp"}],"twitter_card":"summary_large_image","twitter_site":"@TrustedT9ns","schema":{"@context":"https:\/\/schema.org","@graph":[{"@type":"WebPage","@id":"https:\/\/www.trustedtranslations.com\/de\/dienstleistungen\/vri\/skype","url":"https:\/\/www.trustedtranslations.com\/de\/dienstleistungen\/vri\/skype","name":"Skype-Sprachdolmetschen - Trusted Translations, Inc.","isPartOf":{"@id":"https:\/\/www.trustedtranslations.com\/de\/#website"},"primaryImageOfPage":{"@id":"https:\/\/www.trustedtranslations.com\/de\/dienstleistungen\/vri\/skype#primaryimage"},"image":{"@id":"https:\/\/www.trustedtranslations.com\/de\/dienstleistungen\/vri\/skype#primaryimage"},"thumbnailUrl":"https:\/\/www.trustedtranslations.com\/wp-content\/uploads\/2024\/02\/TT-ICON_Remote-Multilingual-Inte-11.webp","description":"Trusted Translations, Inc. ist ein f\u00fchrender Anbieter von Dolmetschdienstleistungen f\u00fcr Anrufe, Besprechungen und Webinare auf Skype. Rufen Sie uns an, um ein kostenloses Angebot oder eine kostenlose Beratung anzufordern.","breadcrumb":{"@id":"https:\/\/www.trustedtranslations.com\/de\/dienstleistungen\/vri\/skype#breadcrumb"},"inLanguage":"de","potentialAction":[{"@type":"ReadAction","target":["https:\/\/www.trustedtranslations.com\/de\/dienstleistungen\/vri\/skype"]}]},{"@type":"ImageObject","inLanguage":"de","@id":"https:\/\/www.trustedtranslations.com\/de\/dienstleistungen\/vri\/skype#primaryimage","url":"https:\/\/www.trustedtranslations.com\/wp-content\/uploads\/2024\/02\/TT-ICON_Remote-Multilingual-Inte-11.webp","contentUrl":"https:\/\/www.trustedtranslations.com\/wp-content\/uploads\/2024\/02\/TT-ICON_Remote-Multilingual-Inte-11.webp","width":151,"height":151,"caption":"TT ICON Remote Multilingual Inte 11"},{"@type":"BreadcrumbList","@id":"https:\/\/www.trustedtranslations.com\/de\/dienstleistungen\/vri\/skype#breadcrumb","itemListElement":[{"@type":"ListItem","position":1,"name":"Home","item":"https:\/\/www.trustedtranslations.com\/de"},{"@type":"ListItem","position":2,"name":"Dienstleistungen","item":"https:\/\/www.trustedtranslations.com\/de\/dienstleistungen"},{"@type":"ListItem","position":3,"name":"Video-Ferndolmetschen (VRI)","item":"https:\/\/www.trustedtranslations.com\/de\/dienstleistungen\/vri"},{"@type":"ListItem","position":4,"name":"Skype"}]},{"@type":"WebSite","@id":"https:\/\/www.trustedtranslations.com\/de\/#website","url":"https:\/\/www.trustedtranslations.com\/de\/","name":"Trusted Translations, Inc.","description":"Leader in translation and interpretation services.","publisher":{"@id":"https:\/\/www.trustedtranslations.com\/de\/#organization"},"alternateName":"Trusted Translations","potentialAction":[{"@type":"SearchAction","target":{"@type":"EntryPoint","urlTemplate":"https:\/\/www.trustedtranslations.com\/de\/?s={search_term_string}"},"query-input":{"@type":"PropertyValueSpecification","valueRequired":true,"valueName":"search_term_string"}}],"inLanguage":"de"},{"@type":"Organization","@id":"https:\/\/www.trustedtranslations.com\/de\/#organization","name":"Trusted Translations","alternateName":"Trusted Translations, Inc.","url":"https:\/\/www.trustedtranslations.com\/de\/","logo":{"@type":"ImageObject","inLanguage":"de","@id":"https:\/\/www.trustedtranslations.com\/de\/#\/schema\/logo\/image\/","url":"https:\/\/static.trustedtranslations.com\/wp-content\/uploads\/2022\/01\/TT_logo_WSIColors-2.png","contentUrl":"https:\/\/static.trustedtranslations.com\/wp-content\/uploads\/2022\/01\/TT_logo_WSIColors-2.png","width":500,"height":196,"caption":"Trusted Translations"},"image":{"@id":"https:\/\/www.trustedtranslations.com\/de\/#\/schema\/logo\/image\/"},"sameAs":["https:\/\/www.facebook.com\/Trusted.Translations","https:\/\/x.com\/TrustedT9ns","https:\/\/www.linkedin.com\/company\/trusted-translations"]}]}},"toolset-meta":{"dyk":{"mensaje-1":{"type":"textfield","raw":"Wir bieten Fortune-500-Unternehmen \u00dcbersetzungen zu Preisen, die 25 bis 50% unter dem Marktpreis liegen."},"mensaje-2":{"type":"textfield","raw":"Jede \u00dcbersetzung, die von unseren Expertenteams durchgef\u00fchrt wird, ist durch Lloyd's of London abgesichert."},"mensaje-3":{"type":"textfield","raw":"Trusted Translations ist ein stolzer F\u00f6rderer des St. Jude Children's Research Hospital."},"mensaje-4":{"type":"textfield","raw":"In den USA geh\u00f6ren wir zu den \u201eTop-500-Unternehmen in hispanoamerikanischem Besitz\u201c."},"mensaje-5":{"type":"textfield","raw":"Trusted Translations hat \u00fcber 5.000 zufriedene Kunden aus nahezu allen Branchen."},"mensaje-6":{"type":"textfield","raw":""}},"single-page-template-fields":{"imgs-temp":{"type":"image","raw":["https:\/\/static.trustedtranslations.com\/wp-content\/uploads\/2024\/07\/skype-1.webp","https:\/\/static.trustedtranslations.com\/wp-content\/uploads\/2024\/07\/skype-3-1.webp"],"repeatable":[{"raw":"https:\/\/static.trustedtranslations.com\/wp-content\/uploads\/2024\/07\/skype-1.webp"},{"raw":"https:\/\/static.trustedtranslations.com\/wp-content\/uploads\/2024\/07\/skype-3-1.webp"}]},"imgs-temp-cel":{"type":"image","raw":[""],"repeatable":[{"raw":""}]},"img-temp-one-cel":{"type":"image","raw":"https:\/\/static.trustedtranslations.com\/wp-content\/uploads\/2024\/07\/skype-2-1.webp","attachment_id":null},"quotes":{"type":"textarea","raw":"<h1 style=\"margin-bottom: 12px;\">Mehrsprachige Ferndolmetschdienstleistungen auf Skype<\/h1>\r\nAls eine der am l\u00e4ngsten bestehenden Videokonferenzplattformen ist Skype den Unternehmen und Nutzern weltweit vertraut. Bei Trusted Translations k\u00f6nnen unsere Experten Ihnen f\u00fcr alle Ihre Kommunikationsbed\u00fcrfnisse professionelles Ferndolmetschen \u00fcber Skype anbieten.\r\n<div style=\"margin-top: 2.5vw;\"><a class=\"tt-btn-main-cta\" href=\"https:\/\/www.trustedtranslations.com\/de\/angebot\">Kostenlosen Kostenvoranschlag anfordern<\/a><\/div>"},"text-1":{"type":"textarea","raw":"<h2>Professionelles Dolmetschen mit Skype<img class=\"wp-image-177588 alignleft\" src=\"https:\/\/static.trustedtranslations.com\/wp-content\/uploads\/2023\/01\/skype-5-1.jpg\" alt=\"\" width=\"500\" height=\"333\" \/><\/h2>\r\nSeit seiner Markteinf\u00fchrung im Jahr 2003 ist Skype zu einem Begriff geworden, wenn es um Videokonferenzen aus der Ferne geht. Obwohl die von Microsoft betriebene Plattform w\u00e4hrend der COVID-19-Pandemie einem starken Wettbewerb ausgesetzt war, bleibt sie mit \u00fcber 300 Millionen aktiven Benutzern pro Monat weltweit beliebt.\r\n\r\nAls VoIP-Plattform (Voice over Internet Protocol) verwendet Skype eine Internetverbindung, um Anrufe zu t\u00e4tigen und entgegenzunehmen. Gastgeber laden die Skype-App herunter, erstellen ein Konto und melden sich an. F\u00fcr Skype-Besprechungen f\u00fcgen Sie einen Dolmetscher hinzu, genau wie Sie jeden anderen Teilnehmer hinzuf\u00fcgen w\u00fcrden.\r\n\r\nEin Gro\u00dfteil der Sprachunterst\u00fctzungsdokumentation von Skype bezieht sich auf Skype Translator, den Voice-to-Voice-\u00dcbersetzer der Plattform. Maschinelle \u00dcbersetzer sind jedoch kein Ersatz f\u00fcr einen echten menschlichen Dolmetscher, insbesondere nicht in Branchen mit hohen Anforderungen oder hoher Komplexit\u00e4t. Beim Live-Dolmetschen verf\u00fcgt Skype noch nicht \u00fcber dieselben speziellen Funktionen, die von anderen Plattformen entwickelt wurden, wie z. B. dedizierte Sprachkan\u00e4le und Bezeichnungen f\u00fcr Dolmetscher.\r\n<h2>Vorteile von Skype f\u00fcr Ferndolmetschen<\/h2>\r\nBedeutet das, dass Skype keine gute L\u00f6sung f\u00fcr mehrsprachige Organisationen ist? \u00dcberhaupt nicht \u2013 Skype wird immer noch von vielen Unternehmen bevorzugt, und es enth\u00e4lt mehrere positive Funktionen, die Sie bei der Auswahl Ihrer Video-Fern\u00fcbersetzungsplattform ber\u00fccksichtigen sollten, wie zum Beispiel:\r\n<ul>\r\n \t<li>Gruppen-Videoanrufe f\u00fcr bis zu 100 Personen mit der kostenlosen Version<\/li>\r\n \t<li>Weit verbreitet auf der ganzen Welt<\/li>\r\n \t<li>Verf\u00fcgbarkeit auf zahlreichen Ger\u00e4ten<\/li>\r\n \t<li>Erschwinglichkeit, mit einer soliden Option einer kostenlosen Version<\/li>\r\n<\/ul>\r\nSkype zeichnet sich durch seine weite Verbreitung und allgemeine Erschwinglichkeit aus. Skype hat relativ niedrige Kosten. Tats\u00e4chlich finden die meisten Menschen, dass die kostenlose Version von Skype ihren Anforderungen f\u00fcr Einzelgespr\u00e4che oder kleine Besprechungen entspricht. Skype ist auch auf mehr Ger\u00e4ten verf\u00fcgbar als viele seiner Konkurrenten, insbesondere auf Tablets, Alexa und sogar Xbox, was Ihnen helfen kann, Ihre globale Reichweite auf budgetbewusste Weise zu erweitern."},"shortcode-map":{"type":"textfield","raw":""},"dyk-shortcode":{"type":"textfield","raw":"[elementor-template id=\"146647\"]"},"text-2":{"type":"textarea","raw":"<h2><img class=\"alignright wp-image-177603\" src=\"https:\/\/static.trustedtranslations.com\/wp-content\/uploads\/2023\/01\/skype-6-1.jpg\" alt=\"\" width=\"500\" height=\"282\" \/>Nachteile von Skype f\u00fcr Ferndolmetschen<\/h2>\r\nEs gibt jedoch einige Einschr\u00e4nkungen bei der Verwendung von Skype zum Dolmetschen:\r\n<ul>\r\n \t<li>Benutzer berichten von Einfrieren, Verz\u00f6gerungen und Audiost\u00f6rungen<\/li>\r\n \t<li>Erforderliches Skype-Guthaben oder Abonnement f\u00fcr Mobil-\/Festnetzanrufe<\/li>\r\n \t<li>Sicherheitsbedenken; kann in bestimmten L\u00e4ndern gesperrt sein<\/li>\r\n \t<li>Mangel an kollaborativen Funktionen im Vergleich zu anderen Plattformen<\/li>\r\n<\/ul>\r\nSkype erfordert die Verwendung von Skype-Guthaben oder den Kauf eines Abonnements, um Mobil- und Festnetzanschl\u00fcsse anzurufen, und internationale Anrufe werden zu Gespr\u00e4chsgeb\u00fchren berechnet, die je nach Land variieren. Da ein Vorteil des Ferndolmetschens die M\u00f6glichkeit ist, hochwertige Dolmetscher aus der ganzen Welt zu finden, m\u00fcssen diese Kosten ber\u00fccksichtigt werden.\r\n\r\nAu\u00dferdem ist Skype in mehreren L\u00e4ndern blockiert oder eingeschr\u00e4nkt, welche die Nutzung von VoIP entweder aus Sicherheitsgr\u00fcnden einschr\u00e4nken, wie z. B. in Katar und Guyana, oder zugunsten ihrer eigenen nationalen VoIP-Telekommunikationsdienste, wie z. B. in Brasilien und Belize. Wenn Sie Skype verwenden, ist Sorgfalt erforderlich, um sicherzustellen, dass es Ihre Zielm\u00e4rkte erreichen kann.\r\n<h2>Unsere Mitarbeiter<\/h2>\r\n<em>Trusted Translations<\/em> bietet professionelle \u00dcbersetzer, die sich mit Simultandolmetschen und Konsekutivdolmetschen \u00fcber Skype auskennen. Wenn Sie sich nicht sicher sind, welche Plattform f\u00fcr das Video-Ferndolmetschen die richtige f\u00fcr Sie ist, kann Ihnen unser erfahrenes Team auch dabei helfen, die perfekte Wahl f\u00fcr Ihr Unternehmen zu treffen."},"state":{"type":"textfield","raw":""},"city":{"type":"textarea","raw":[]}}},"_links":{"self":[{"href":"https:\/\/www.trustedtranslations.com\/de\/wp-json\/wp\/v2\/pages\/182552","targetHints":{"allow":["GET"]}}],"collection":[{"href":"https:\/\/www.trustedtranslations.com\/de\/wp-json\/wp\/v2\/pages"}],"about":[{"href":"https:\/\/www.trustedtranslations.com\/de\/wp-json\/wp\/v2\/types\/page"}],"author":[{"embeddable":true,"href":"https:\/\/www.trustedtranslations.com\/de\/wp-json\/wp\/v2\/users\/1"}],"replies":[{"embeddable":true,"href":"https:\/\/www.trustedtranslations.com\/de\/wp-json\/wp\/v2\/comments?post=182552"}],"version-history":[{"count":0,"href":"https:\/\/www.trustedtranslations.com\/de\/wp-json\/wp\/v2\/pages\/182552\/revisions"}],"up":[{"embeddable":true,"href":"https:\/\/www.trustedtranslations.com\/de\/wp-json\/wp\/v2\/pages\/159944"}],"wp:featuredmedia":[{"embeddable":true,"href":"https:\/\/www.trustedtranslations.com\/de\/wp-json\/wp\/v2\/media\/244605"}],"wp:attachment":[{"href":"https:\/\/www.trustedtranslations.com\/de\/wp-json\/wp\/v2\/media?parent=182552"}],"curies":[{"name":"wp","href":"https:\/\/api.w.org\/{rel}","templated":true}]}}