{"id":182554,"date":"2023-02-13T17:33:56","date_gmt":"2023-02-13T20:33:56","guid":{"rendered":"https:\/\/www.trustedtranslations.com\/?page_id=182554"},"modified":"2024-09-11T11:24:05","modified_gmt":"2024-09-11T14:24:05","slug":"goto-meeting","status":"publish","type":"page","link":"https:\/\/www.trustedtranslations.com\/de\/dienstleistungen\/vri\/goto-meeting","title":{"rendered":"GoTo Meeting"},"content":{"rendered":"","protected":false},"excerpt":{"rendered":"","protected":false},"author":1,"featured_media":244593,"parent":159944,"menu_order":5,"comment_status":"closed","ping_status":"closed","template":"","meta":{"site-sidebar-layout":"default","site-content-layout":"default","ast-site-content-layout":"default","site-content-style":"default","site-sidebar-style":"default","ast-global-header-display":"","ast-banner-title-visibility":"","ast-main-header-display":"","ast-hfb-above-header-display":"","ast-hfb-below-header-display":"","ast-hfb-mobile-header-display":"","site-post-title":"disabled","ast-breadcrumbs-content":"","ast-featured-img":"","footer-sml-layout":"","ast-disable-related-posts":"","theme-transparent-header-meta":"default","adv-header-id-meta":"","stick-header-meta":"","header-above-stick-meta":"","header-main-stick-meta":"","header-below-stick-meta":"","astra-migrate-meta-layouts":"set","ast-page-background-enabled":"default","ast-page-background-meta":{"desktop":{"background-color":"var(--ast-global-color-4)","background-image":"","background-repeat":"repeat","background-position":"center center","background-size":"auto","background-attachment":"scroll","background-type":"","background-media":"","overlay-type":"","overlay-color":"","overlay-opacity":"","overlay-gradient":""},"tablet":{"background-color":"","background-image":"","background-repeat":"repeat","background-position":"center center","background-size":"auto","background-attachment":"scroll","background-type":"","background-media":"","overlay-type":"","overlay-color":"","overlay-opacity":"","overlay-gradient":""},"mobile":{"background-color":"","background-image":"","background-repeat":"repeat","background-position":"center center","background-size":"auto","background-attachment":"scroll","background-type":"","background-media":"","overlay-type":"","overlay-color":"","overlay-opacity":"","overlay-gradient":""}},"ast-content-background-meta":{"desktop":{"background-color":"var(--ast-global-color-5)","background-image":"","background-repeat":"repeat","background-position":"center center","background-size":"auto","background-attachment":"scroll","background-type":"","background-media":"","overlay-type":"","overlay-color":"","overlay-opacity":"","overlay-gradient":""},"tablet":{"background-color":"var(--ast-global-color-5)","background-image":"","background-repeat":"repeat","background-position":"center center","background-size":"auto","background-attachment":"scroll","background-type":"","background-media":"","overlay-type":"","overlay-color":"","overlay-opacity":"","overlay-gradient":""},"mobile":{"background-color":"var(--ast-global-color-5)","background-image":"","background-repeat":"repeat","background-position":"center center","background-size":"auto","background-attachment":"scroll","background-type":"","background-media":"","overlay-type":"","overlay-color":"","overlay-opacity":"","overlay-gradient":""}},"footnotes":""},"class_list":["post-182554","page","type-page","status-publish","has-post-thumbnail","hentry"],"yoast_head":"<!-- This site is optimized with the Yoast SEO plugin v27.6 - https:\/\/yoast.com\/product\/yoast-seo-wordpress\/ -->\n<title>Dolmetschdienstleistungen f\u00fcr GoTo-Meetings - Trusted Translations, Inc.<\/title>\n<meta name=\"description\" content=\"Trusted Translations ist ein f\u00fchrender Anbieter von Sprachdolmetschdienstleistungen f\u00fcr GoTo Meeting. Rufen Sie uns an, um ein kostenloses Angebot oder eine kostenlose Beratung anzufordern.\" \/>\n<meta name=\"robots\" content=\"index, follow, max-snippet:-1, max-image-preview:large, max-video-preview:-1\" \/>\n<link rel=\"canonical\" href=\"https:\/\/www.trustedtranslations.com\/de\/dienstleistungen\/vri\/goto-meeting\" \/>\n<meta property=\"og:locale\" content=\"de_DE\" \/>\n<meta property=\"og:type\" content=\"article\" \/>\n<meta property=\"og:title\" content=\"Dolmetschdienstleistungen f\u00fcr GoTo-Meetings - Trusted Translations, Inc.\" \/>\n<meta property=\"og:description\" content=\"Trusted Translations ist ein f\u00fchrender Anbieter von Sprachdolmetschdienstleistungen f\u00fcr GoTo Meeting. Rufen Sie uns an, um ein kostenloses Angebot oder eine kostenlose Beratung anzufordern.\" \/>\n<meta property=\"og:url\" content=\"https:\/\/www.trustedtranslations.com\/de\/dienstleistungen\/vri\/goto-meeting\" \/>\n<meta property=\"og:site_name\" content=\"Trusted Translations, Inc.\" \/>\n<meta property=\"article:publisher\" content=\"https:\/\/www.facebook.com\/Trusted.Translations\" \/>\n<meta property=\"article:modified_time\" content=\"2024-09-11T14:24:05+00:00\" \/>\n<meta property=\"og:image\" content=\"https:\/\/static.trustedtranslations.com\/wp-content\/uploads\/2024\/02\/TT-ICON_Remote-Multilingual-Inte-12.webp\" \/>\n\t<meta property=\"og:image:width\" content=\"151\" \/>\n\t<meta property=\"og:image:height\" content=\"151\" \/>\n\t<meta property=\"og:image:type\" content=\"image\/webp\" \/>\n<meta name=\"twitter:card\" content=\"summary_large_image\" \/>\n<meta name=\"twitter:site\" content=\"@TrustedT9ns\" \/>\n<script type=\"application\/ld+json\" class=\"yoast-schema-graph\">{\"@context\":\"https:\\\/\\\/schema.org\",\"@graph\":[{\"@type\":\"WebPage\",\"@id\":\"https:\\\/\\\/www.trustedtranslations.com\\\/de\\\/dienstleistungen\\\/vri\\\/goto-meeting\",\"url\":\"https:\\\/\\\/www.trustedtranslations.com\\\/de\\\/dienstleistungen\\\/vri\\\/goto-meeting\",\"name\":\"Dolmetschdienstleistungen f\u00fcr GoTo-Meetings - Trusted Translations, Inc.\",\"isPartOf\":{\"@id\":\"https:\\\/\\\/www.trustedtranslations.com\\\/de\\\/#website\"},\"primaryImageOfPage\":{\"@id\":\"https:\\\/\\\/www.trustedtranslations.com\\\/de\\\/dienstleistungen\\\/vri\\\/goto-meeting#primaryimage\"},\"image\":{\"@id\":\"https:\\\/\\\/www.trustedtranslations.com\\\/de\\\/dienstleistungen\\\/vri\\\/goto-meeting#primaryimage\"},\"thumbnailUrl\":\"https:\\\/\\\/www.trustedtranslations.com\\\/wp-content\\\/uploads\\\/2024\\\/02\\\/TT-ICON_Remote-Multilingual-Inte-12.webp\",\"description\":\"Trusted Translations ist ein f\u00fchrender Anbieter von Sprachdolmetschdienstleistungen f\u00fcr GoTo Meeting. Rufen Sie uns an, um ein kostenloses Angebot oder eine kostenlose Beratung anzufordern.\",\"breadcrumb\":{\"@id\":\"https:\\\/\\\/www.trustedtranslations.com\\\/de\\\/dienstleistungen\\\/vri\\\/goto-meeting#breadcrumb\"},\"inLanguage\":\"de\",\"potentialAction\":[{\"@type\":\"ReadAction\",\"target\":[\"https:\\\/\\\/www.trustedtranslations.com\\\/de\\\/dienstleistungen\\\/vri\\\/goto-meeting\"]}]},{\"@type\":\"ImageObject\",\"inLanguage\":\"de\",\"@id\":\"https:\\\/\\\/www.trustedtranslations.com\\\/de\\\/dienstleistungen\\\/vri\\\/goto-meeting#primaryimage\",\"url\":\"https:\\\/\\\/www.trustedtranslations.com\\\/wp-content\\\/uploads\\\/2024\\\/02\\\/TT-ICON_Remote-Multilingual-Inte-12.webp\",\"contentUrl\":\"https:\\\/\\\/www.trustedtranslations.com\\\/wp-content\\\/uploads\\\/2024\\\/02\\\/TT-ICON_Remote-Multilingual-Inte-12.webp\",\"width\":151,\"height\":151,\"caption\":\"TT ICON Remote Multilingual Inte 12\"},{\"@type\":\"BreadcrumbList\",\"@id\":\"https:\\\/\\\/www.trustedtranslations.com\\\/de\\\/dienstleistungen\\\/vri\\\/goto-meeting#breadcrumb\",\"itemListElement\":[{\"@type\":\"ListItem\",\"position\":1,\"name\":\"Home\",\"item\":\"https:\\\/\\\/www.trustedtranslations.com\\\/de\"},{\"@type\":\"ListItem\",\"position\":2,\"name\":\"Dienstleistungen\",\"item\":\"https:\\\/\\\/www.trustedtranslations.com\\\/de\\\/dienstleistungen\"},{\"@type\":\"ListItem\",\"position\":3,\"name\":\"Video-Ferndolmetschen (VRI)\",\"item\":\"https:\\\/\\\/www.trustedtranslations.com\\\/de\\\/dienstleistungen\\\/vri\"},{\"@type\":\"ListItem\",\"position\":4,\"name\":\"GoTo Meeting\"}]},{\"@type\":\"WebSite\",\"@id\":\"https:\\\/\\\/www.trustedtranslations.com\\\/de\\\/#website\",\"url\":\"https:\\\/\\\/www.trustedtranslations.com\\\/de\\\/\",\"name\":\"Trusted Translations, Inc.\",\"description\":\"Leader in translation and interpretation services.\",\"publisher\":{\"@id\":\"https:\\\/\\\/www.trustedtranslations.com\\\/de\\\/#organization\"},\"alternateName\":\"Trusted Translations\",\"potentialAction\":[{\"@type\":\"SearchAction\",\"target\":{\"@type\":\"EntryPoint\",\"urlTemplate\":\"https:\\\/\\\/www.trustedtranslations.com\\\/de\\\/?s={search_term_string}\"},\"query-input\":{\"@type\":\"PropertyValueSpecification\",\"valueRequired\":true,\"valueName\":\"search_term_string\"}}],\"inLanguage\":\"de\"},{\"@type\":\"Organization\",\"@id\":\"https:\\\/\\\/www.trustedtranslations.com\\\/de\\\/#organization\",\"name\":\"Trusted Translations\",\"alternateName\":\"Trusted Translations, Inc.\",\"url\":\"https:\\\/\\\/www.trustedtranslations.com\\\/de\\\/\",\"logo\":{\"@type\":\"ImageObject\",\"inLanguage\":\"de\",\"@id\":\"https:\\\/\\\/www.trustedtranslations.com\\\/de\\\/#\\\/schema\\\/logo\\\/image\\\/\",\"url\":\"https:\\\/\\\/static.trustedtranslations.com\\\/wp-content\\\/uploads\\\/2022\\\/01\\\/TT_logo_WSIColors-2.png\",\"contentUrl\":\"https:\\\/\\\/static.trustedtranslations.com\\\/wp-content\\\/uploads\\\/2022\\\/01\\\/TT_logo_WSIColors-2.png\",\"width\":500,\"height\":196,\"caption\":\"Trusted Translations\"},\"image\":{\"@id\":\"https:\\\/\\\/www.trustedtranslations.com\\\/de\\\/#\\\/schema\\\/logo\\\/image\\\/\"},\"sameAs\":[\"https:\\\/\\\/www.facebook.com\\\/Trusted.Translations\",\"https:\\\/\\\/x.com\\\/TrustedT9ns\",\"https:\\\/\\\/www.linkedin.com\\\/company\\\/trusted-translations\"]}]}<\/script>\n<!-- \/ Yoast SEO plugin. -->","yoast_head_json":{"title":"Dolmetschdienstleistungen f\u00fcr GoTo-Meetings - Trusted Translations, Inc.","description":"Trusted Translations ist ein f\u00fchrender Anbieter von Sprachdolmetschdienstleistungen f\u00fcr GoTo Meeting. Rufen Sie uns an, um ein kostenloses Angebot oder eine kostenlose Beratung anzufordern.","robots":{"index":"index","follow":"follow","max-snippet":"max-snippet:-1","max-image-preview":"max-image-preview:large","max-video-preview":"max-video-preview:-1"},"canonical":"https:\/\/www.trustedtranslations.com\/de\/dienstleistungen\/vri\/goto-meeting","og_locale":"de_DE","og_type":"article","og_title":"Dolmetschdienstleistungen f\u00fcr GoTo-Meetings - Trusted Translations, Inc.","og_description":"Trusted Translations ist ein f\u00fchrender Anbieter von Sprachdolmetschdienstleistungen f\u00fcr GoTo Meeting. Rufen Sie uns an, um ein kostenloses Angebot oder eine kostenlose Beratung anzufordern.","og_url":"https:\/\/www.trustedtranslations.com\/de\/dienstleistungen\/vri\/goto-meeting","og_site_name":"Trusted Translations, Inc.","article_publisher":"https:\/\/www.facebook.com\/Trusted.Translations","article_modified_time":"2024-09-11T14:24:05+00:00","og_image":[{"width":151,"height":151,"url":"https:\/\/static.trustedtranslations.com\/wp-content\/uploads\/2024\/02\/TT-ICON_Remote-Multilingual-Inte-12.webp","type":"image\/webp"}],"twitter_card":"summary_large_image","twitter_site":"@TrustedT9ns","schema":{"@context":"https:\/\/schema.org","@graph":[{"@type":"WebPage","@id":"https:\/\/www.trustedtranslations.com\/de\/dienstleistungen\/vri\/goto-meeting","url":"https:\/\/www.trustedtranslations.com\/de\/dienstleistungen\/vri\/goto-meeting","name":"Dolmetschdienstleistungen f\u00fcr GoTo-Meetings - Trusted Translations, Inc.","isPartOf":{"@id":"https:\/\/www.trustedtranslations.com\/de\/#website"},"primaryImageOfPage":{"@id":"https:\/\/www.trustedtranslations.com\/de\/dienstleistungen\/vri\/goto-meeting#primaryimage"},"image":{"@id":"https:\/\/www.trustedtranslations.com\/de\/dienstleistungen\/vri\/goto-meeting#primaryimage"},"thumbnailUrl":"https:\/\/www.trustedtranslations.com\/wp-content\/uploads\/2024\/02\/TT-ICON_Remote-Multilingual-Inte-12.webp","description":"Trusted Translations ist ein f\u00fchrender Anbieter von Sprachdolmetschdienstleistungen f\u00fcr GoTo Meeting. Rufen Sie uns an, um ein kostenloses Angebot oder eine kostenlose Beratung anzufordern.","breadcrumb":{"@id":"https:\/\/www.trustedtranslations.com\/de\/dienstleistungen\/vri\/goto-meeting#breadcrumb"},"inLanguage":"de","potentialAction":[{"@type":"ReadAction","target":["https:\/\/www.trustedtranslations.com\/de\/dienstleistungen\/vri\/goto-meeting"]}]},{"@type":"ImageObject","inLanguage":"de","@id":"https:\/\/www.trustedtranslations.com\/de\/dienstleistungen\/vri\/goto-meeting#primaryimage","url":"https:\/\/www.trustedtranslations.com\/wp-content\/uploads\/2024\/02\/TT-ICON_Remote-Multilingual-Inte-12.webp","contentUrl":"https:\/\/www.trustedtranslations.com\/wp-content\/uploads\/2024\/02\/TT-ICON_Remote-Multilingual-Inte-12.webp","width":151,"height":151,"caption":"TT ICON Remote Multilingual Inte 12"},{"@type":"BreadcrumbList","@id":"https:\/\/www.trustedtranslations.com\/de\/dienstleistungen\/vri\/goto-meeting#breadcrumb","itemListElement":[{"@type":"ListItem","position":1,"name":"Home","item":"https:\/\/www.trustedtranslations.com\/de"},{"@type":"ListItem","position":2,"name":"Dienstleistungen","item":"https:\/\/www.trustedtranslations.com\/de\/dienstleistungen"},{"@type":"ListItem","position":3,"name":"Video-Ferndolmetschen (VRI)","item":"https:\/\/www.trustedtranslations.com\/de\/dienstleistungen\/vri"},{"@type":"ListItem","position":4,"name":"GoTo Meeting"}]},{"@type":"WebSite","@id":"https:\/\/www.trustedtranslations.com\/de\/#website","url":"https:\/\/www.trustedtranslations.com\/de\/","name":"Trusted Translations, Inc.","description":"Leader in translation and interpretation services.","publisher":{"@id":"https:\/\/www.trustedtranslations.com\/de\/#organization"},"alternateName":"Trusted Translations","potentialAction":[{"@type":"SearchAction","target":{"@type":"EntryPoint","urlTemplate":"https:\/\/www.trustedtranslations.com\/de\/?s={search_term_string}"},"query-input":{"@type":"PropertyValueSpecification","valueRequired":true,"valueName":"search_term_string"}}],"inLanguage":"de"},{"@type":"Organization","@id":"https:\/\/www.trustedtranslations.com\/de\/#organization","name":"Trusted Translations","alternateName":"Trusted Translations, Inc.","url":"https:\/\/www.trustedtranslations.com\/de\/","logo":{"@type":"ImageObject","inLanguage":"de","@id":"https:\/\/www.trustedtranslations.com\/de\/#\/schema\/logo\/image\/","url":"https:\/\/static.trustedtranslations.com\/wp-content\/uploads\/2022\/01\/TT_logo_WSIColors-2.png","contentUrl":"https:\/\/static.trustedtranslations.com\/wp-content\/uploads\/2022\/01\/TT_logo_WSIColors-2.png","width":500,"height":196,"caption":"Trusted Translations"},"image":{"@id":"https:\/\/www.trustedtranslations.com\/de\/#\/schema\/logo\/image\/"},"sameAs":["https:\/\/www.facebook.com\/Trusted.Translations","https:\/\/x.com\/TrustedT9ns","https:\/\/www.linkedin.com\/company\/trusted-translations"]}]}},"toolset-meta":{"dyk":{"mensaje-1":{"type":"textfield","raw":"Wir bieten Fortune-500-Unternehmen \u00dcbersetzungen zu Preisen, die 25 bis 50% unter dem Marktpreis liegen."},"mensaje-2":{"type":"textfield","raw":"Jede \u00dcbersetzung, die von unseren Expertenteams durchgef\u00fchrt wird, ist durch Lloyd's of London abgesichert."},"mensaje-3":{"type":"textfield","raw":"Trusted Translations ist ein stolzer F\u00f6rderer des St. Jude Children's Research Hospital."},"mensaje-4":{"type":"textfield","raw":"In den USA geh\u00f6ren wir zu den \u201eTop-500-Unternehmen in hispanoamerikanischem Besitz\u201c."},"mensaje-5":{"type":"textfield","raw":"Trusted Translations hat \u00fcber 5.000 zufriedene Kunden aus nahezu allen Branchen."},"mensaje-6":{"type":"textfield","raw":""}},"single-page-template-fields":{"imgs-temp":{"type":"image","raw":["https:\/\/static.trustedtranslations.com\/wp-content\/uploads\/2024\/07\/gotomeeting-1.webp"],"repeatable":[{"raw":"https:\/\/static.trustedtranslations.com\/wp-content\/uploads\/2024\/07\/gotomeeting-1.webp"}]},"imgs-temp-cel":{"type":"image","raw":[""],"repeatable":[{"raw":""}]},"img-temp-one-cel":{"type":"image","raw":"https:\/\/static.trustedtranslations.com\/wp-content\/uploads\/2024\/07\/gotomeeting-1-1.webp","attachment_id":null},"quotes":{"type":"textarea","raw":"<h1 style=\"margin-bottom: 12px;\">Mehrsprachige Ferndolmetscherdienste auf GoTo Meeting<\/h1>\r\nSie fragen sich vielleicht, wo Sie hochwertige Dolmetscher finden k\u00f6nnen, wenn Ihr Unternehmen eine weniger bekannte Remote-Arbeitsplattform wie GoTo Meeting bevorzugt. Gl\u00fccklicherweise ist unser Team von Trusted Translations bereit, mit den Tools zu arbeiten, die Sie bereits haben und die Sie bevorzugen, wenn es um mehrsprachige Kommunikation geht. Unsere Experten k\u00f6nnen au\u00dfergew\u00f6hnliche Dolmetschdienste f\u00fcr alle Ihre GoTo Meeting-Anforderungen bereitstellen.\r\n<div style=\"margin-top: 2.5vw;\"><a class=\"tt-btn-main-cta\" href=\"https:\/\/www.trustedtranslations.com\/de\/angebot\">Kostenlosen Kostenvoranschlag anfordern<\/a><\/div>"},"text-1":{"type":"textarea","raw":"<h2>Professionelles Dolmetschen f\u00fcr GoTo Meeting-Veranstaltungen<\/h2>\r\nGoTo Meeting geh\u00f6rt zu einer Reihe von Kommunikations- und Kollaborationsprodukten, die von GoTo (fr\u00fcher bekannt als LogMeIn) entwickelt wurden. GoTo Meeting ist eine Plattform f\u00fcr Fern-Videokonferenzen, die urspr\u00fcnglich im Jahr 2004 entwickelt wurde. GoTo Meeting ist in \u00fcber 190 L\u00e4ndern weltweit verf\u00fcgbar, wobei etwa die H\u00e4lfte der Benutzer in den USA ans\u00e4ssig ist und Indien die zweitbeliebteste Benutzerbasis darstellt.<img class=\"wp-image-177793 alignleft\" src=\"https:\/\/static.trustedtranslations.com\/wp-content\/uploads\/2023\/01\/meeting.jpg\" alt=\"\" width=\"500\" height=\"282\" \/> Die Plattform selbst unterst\u00fctzt sieben Anzeigesprachen, die w\u00e4hrend einer Sitzung jederzeit ge\u00e4ndert werden k\u00f6nnen: Englisch, Spanisch, Chinesisch, Franz\u00f6sisch, Italienisch, Deutsch und brasilianisches Portugiesisch.\r\n\r\nAbgesehen von dieser Sprachunterst\u00fctzung f\u00fcr Benutzer bietet GoTo Meeting keine Funktionen, die speziell f\u00fcr das Ferndolmetschen entwickelt wurden. Um einen Remote-Simultandolmetscher zu einer GoTo Meeting-Sitzung hinzuzuf\u00fcgen, muss der Dolmetscher dem Meeting wie jeder andere neue Teilnehmer in einem anderen Fenster beitreten. Allerdings k\u00f6nnen einige der inh\u00e4renten Funktionen von GoTo Meeting f\u00fcr Ferndolmetscher von allgemeinem Nutzen sein, wie z. B. die Unterdr\u00fcckung von Hintergrundger\u00e4uschen und die hervorragende Handy-App.\r\n<h2>Vorteile von GoTo Meeting f\u00fcr mehrsprachige Meetings<\/h2>\r\n<strong>\u00a0<\/strong>Obwohl GoTo Meeting vielleicht nicht den Bekanntheitsgrad von Konkurrenten wie Zoom und Teams hat, hat es doch einige Elemente, die sich von der Masse abheben:\r\n<ul>\r\n \t<li>Wirbt mit einer branchenf\u00fchrenden Dienstleistungsverf\u00fcgbarkeit von 99,9% (es ist extrem zuverl\u00e4ssig)<\/li>\r\n \t<li>Geb\u00fchrenfreie und Call Me-Optionen in \u00fcber 50 L\u00e4ndern verf\u00fcgbar<\/li>\r\n \t<li>F\u00fcr Unternehmen vorgesehene Sicherheitsfunktionen, die derzeit E2E-Verschl\u00fcsselung entwickeln<\/li>\r\n \t<li>Werkzeuge f\u00fcr die Zusammenarbeit (Zeichenwerkzeuge usw.), die alle von GoTo verwaltet werden<\/li>\r\n \t<li>Keine Software- oder App-Downloads erforderlich<\/li>\r\n<\/ul>\r\nW\u00e4hrend der COVID-19-Pandemie startete GoTo auch <a href=\"https:\/\/support.goto.com\/meeting\/help\/plan-overview-gotomeeting-for-healthcare\" target=\"_blank\" rel=\"noopener\">GoTo Meeting for Healthcare<\/a> f\u00fcr Kunden in Nordamerika und hob seinen HIPAA-kompatiblen Service hervor, der auf das Gesundheitswesen zugeschnitten ist."},"shortcode-map":{"type":"textfield","raw":""},"dyk-shortcode":{"type":"textfield","raw":"[elementor-template id=\"146647\"]"},"text-2":{"type":"textarea","raw":"<h2>Einschr\u00e4nkungen von GoTo Meeting f\u00fcr Ferndolmetschen<\/h2>\r\nDie Teilnehmerlimits von GoTo Meeting variieren je nach Abonnementplan, aber das Maximum (f\u00fcr die Business- oder Enterprise-Pl\u00e4ne) betr\u00e4gt 250 Teilnehmer, wie bei Google Meet. Dadurch ist GoTo Meeting f\u00fcr sehr gro\u00dfe Konferenzen weniger geeignet. GoTo hat ein separates Produkt, GoTo Webinar, das virtuelle Konferenzen und Veranstaltungen f\u00fcr bis zu (je nach Plan) 3.000 Teilnehmer unterst\u00fctzt. Abh\u00e4ngig von Ihrem Budget, Ihren Bed\u00fcrfnissen und den gesch\u00e4tzten Besucherzahlen m\u00f6chten Sie jedoch m\u00f6glicherweise kein anderes Produkt kaufen, um die gew\u00fcnschte Funktionalit\u00e4t zu erhalten.\r\n\r\nEin weiterer Nachteil ist, dass GoTo Meeting keine Untertitelfunktionen hat, obwohl das Unternehmen einige <a href=\"https:\/\/support.goto.com\/webinar\/help\/how-do-i-use-google-slides-or-microsoft-powerpoint-for-closed-captions\" target=\"_blank\" rel=\"noopener\">Problemumgehungen f\u00fcr Live-Untertitel<\/a> empfiehlt. Die Plattform enth\u00e4lt Protokolle von Besprechungen nach Abschluss. Live-Dolmetscher k\u00f6nnen jedoch feststellen, dass GoTo Meeting im Vergleich zu anderen Plattformen, die mehr dolmetschspezifische Elemente bieten, etwas zu kurz kommt.\r\n<h2>Unsere Mitarbeiter<\/h2>\r\nUnsere Ferndolmetscher von <em>Trusted Translations <\/em> sind mit GoTo Meeting vertraut und es gewohnt, unabh\u00e4ngig von der Plattform eine qualitativ hochwertige Dienstleistung zu bieten. Wenn Sie noch nicht sicher sind, ob GoTo Meeting die richtige L\u00f6sung f\u00fcr Ihre gesch\u00e4ftlichen Anforderungen ist, k\u00f6nnen wir Sie beraten, wie Sie die Ziele Ihres Unternehmens im Bereich der Fernkommunikation am besten erreichen k\u00f6nnen."},"state":{"type":"textfield","raw":""},"city":{"type":"textarea","raw":[]}}},"_links":{"self":[{"href":"https:\/\/www.trustedtranslations.com\/de\/wp-json\/wp\/v2\/pages\/182554","targetHints":{"allow":["GET"]}}],"collection":[{"href":"https:\/\/www.trustedtranslations.com\/de\/wp-json\/wp\/v2\/pages"}],"about":[{"href":"https:\/\/www.trustedtranslations.com\/de\/wp-json\/wp\/v2\/types\/page"}],"author":[{"embeddable":true,"href":"https:\/\/www.trustedtranslations.com\/de\/wp-json\/wp\/v2\/users\/1"}],"replies":[{"embeddable":true,"href":"https:\/\/www.trustedtranslations.com\/de\/wp-json\/wp\/v2\/comments?post=182554"}],"version-history":[{"count":0,"href":"https:\/\/www.trustedtranslations.com\/de\/wp-json\/wp\/v2\/pages\/182554\/revisions"}],"up":[{"embeddable":true,"href":"https:\/\/www.trustedtranslations.com\/de\/wp-json\/wp\/v2\/pages\/159944"}],"wp:featuredmedia":[{"embeddable":true,"href":"https:\/\/www.trustedtranslations.com\/de\/wp-json\/wp\/v2\/media\/244593"}],"wp:attachment":[{"href":"https:\/\/www.trustedtranslations.com\/de\/wp-json\/wp\/v2\/media?parent=182554"}],"curies":[{"name":"wp","href":"https:\/\/api.w.org\/{rel}","templated":true}]}}