{"id":182556,"date":"2023-02-03T15:23:13","date_gmt":"2023-02-03T18:23:13","guid":{"rendered":"https:\/\/www.trustedtranslations.com\/?page_id=182556"},"modified":"2024-09-11T11:30:00","modified_gmt":"2024-09-11T14:30:00","slug":"bluejeans","status":"publish","type":"page","link":"https:\/\/www.trustedtranslations.com\/de\/dienstleistungen\/vri\/bluejeans","title":{"rendered":"Blue Jeans von Verizon"},"content":{"rendered":"","protected":false},"excerpt":{"rendered":"","protected":false},"author":1,"featured_media":244653,"parent":159944,"menu_order":6,"comment_status":"closed","ping_status":"closed","template":"","meta":{"site-sidebar-layout":"default","site-content-layout":"default","ast-site-content-layout":"default","site-content-style":"default","site-sidebar-style":"default","ast-global-header-display":"","ast-banner-title-visibility":"","ast-main-header-display":"","ast-hfb-above-header-display":"","ast-hfb-below-header-display":"","ast-hfb-mobile-header-display":"","site-post-title":"disabled","ast-breadcrumbs-content":"","ast-featured-img":"","footer-sml-layout":"","ast-disable-related-posts":"","theme-transparent-header-meta":"default","adv-header-id-meta":"","stick-header-meta":"","header-above-stick-meta":"","header-main-stick-meta":"","header-below-stick-meta":"","astra-migrate-meta-layouts":"set","ast-page-background-enabled":"default","ast-page-background-meta":{"desktop":{"background-color":"var(--ast-global-color-4)","background-image":"","background-repeat":"repeat","background-position":"center center","background-size":"auto","background-attachment":"scroll","background-type":"","background-media":"","overlay-type":"","overlay-color":"","overlay-opacity":"","overlay-gradient":""},"tablet":{"background-color":"","background-image":"","background-repeat":"repeat","background-position":"center center","background-size":"auto","background-attachment":"scroll","background-type":"","background-media":"","overlay-type":"","overlay-color":"","overlay-opacity":"","overlay-gradient":""},"mobile":{"background-color":"","background-image":"","background-repeat":"repeat","background-position":"center center","background-size":"auto","background-attachment":"scroll","background-type":"","background-media":"","overlay-type":"","overlay-color":"","overlay-opacity":"","overlay-gradient":""}},"ast-content-background-meta":{"desktop":{"background-color":"var(--ast-global-color-5)","background-image":"","background-repeat":"repeat","background-position":"center center","background-size":"auto","background-attachment":"scroll","background-type":"","background-media":"","overlay-type":"","overlay-color":"","overlay-opacity":"","overlay-gradient":""},"tablet":{"background-color":"var(--ast-global-color-5)","background-image":"","background-repeat":"repeat","background-position":"center center","background-size":"auto","background-attachment":"scroll","background-type":"","background-media":"","overlay-type":"","overlay-color":"","overlay-opacity":"","overlay-gradient":""},"mobile":{"background-color":"var(--ast-global-color-5)","background-image":"","background-repeat":"repeat","background-position":"center center","background-size":"auto","background-attachment":"scroll","background-type":"","background-media":"","overlay-type":"","overlay-color":"","overlay-opacity":"","overlay-gradient":""}},"footnotes":""},"class_list":["post-182556","page","type-page","status-publish","has-post-thumbnail","hentry"],"yoast_head":"<!-- This site is optimized with the Yoast SEO plugin v27.5 - https:\/\/yoast.com\/product\/yoast-seo-wordpress\/ -->\n<title>BlueJeans-Dolmetschdienstleistungen - Trusted Translations, Inc.<\/title>\n<meta name=\"description\" content=\"Trusted Translations ist ein f\u00fchrender Anbieter von Sprachdolmetschdienstleistungen f\u00fcr BlueJeans von Verizon. Rufen Sie uns an, um ein kostenloses Angebot oder eine kostenlose Beratung anzufordern.\" \/>\n<meta name=\"robots\" content=\"index, follow, max-snippet:-1, max-image-preview:large, max-video-preview:-1\" \/>\n<link rel=\"canonical\" href=\"https:\/\/www.trustedtranslations.com\/de\/dienstleistungen\/vri\/bluejeans\" \/>\n<meta property=\"og:locale\" content=\"de_DE\" \/>\n<meta property=\"og:type\" content=\"article\" \/>\n<meta property=\"og:title\" content=\"BlueJeans-Dolmetschdienstleistungen - Trusted Translations, Inc.\" \/>\n<meta property=\"og:description\" content=\"Trusted Translations ist ein f\u00fchrender Anbieter von Sprachdolmetschdienstleistungen f\u00fcr BlueJeans von Verizon. Rufen Sie uns an, um ein kostenloses Angebot oder eine kostenlose Beratung anzufordern.\" \/>\n<meta property=\"og:url\" content=\"https:\/\/www.trustedtranslations.com\/de\/dienstleistungen\/vri\/bluejeans\" \/>\n<meta property=\"og:site_name\" content=\"Trusted Translations, Inc.\" \/>\n<meta property=\"article:publisher\" content=\"https:\/\/www.facebook.com\/Trusted.Translations\" \/>\n<meta property=\"article:modified_time\" content=\"2024-09-11T14:30:00+00:00\" \/>\n<meta property=\"og:image\" content=\"https:\/\/static.trustedtranslations.com\/wp-content\/uploads\/2024\/02\/TT-ICON_Remote-Multilingual-Inte-14.webp\" \/>\n\t<meta property=\"og:image:width\" content=\"151\" \/>\n\t<meta property=\"og:image:height\" content=\"151\" \/>\n\t<meta property=\"og:image:type\" content=\"image\/webp\" \/>\n<meta name=\"twitter:card\" content=\"summary_large_image\" \/>\n<meta name=\"twitter:site\" content=\"@TrustedT9ns\" \/>\n<script type=\"application\/ld+json\" class=\"yoast-schema-graph\">{\"@context\":\"https:\\\/\\\/schema.org\",\"@graph\":[{\"@type\":\"WebPage\",\"@id\":\"https:\\\/\\\/www.trustedtranslations.com\\\/de\\\/dienstleistungen\\\/vri\\\/bluejeans\",\"url\":\"https:\\\/\\\/www.trustedtranslations.com\\\/de\\\/dienstleistungen\\\/vri\\\/bluejeans\",\"name\":\"BlueJeans-Dolmetschdienstleistungen - Trusted Translations, Inc.\",\"isPartOf\":{\"@id\":\"https:\\\/\\\/www.trustedtranslations.com\\\/de\\\/#website\"},\"primaryImageOfPage\":{\"@id\":\"https:\\\/\\\/www.trustedtranslations.com\\\/de\\\/dienstleistungen\\\/vri\\\/bluejeans#primaryimage\"},\"image\":{\"@id\":\"https:\\\/\\\/www.trustedtranslations.com\\\/de\\\/dienstleistungen\\\/vri\\\/bluejeans#primaryimage\"},\"thumbnailUrl\":\"https:\\\/\\\/www.trustedtranslations.com\\\/wp-content\\\/uploads\\\/2024\\\/02\\\/TT-ICON_Remote-Multilingual-Inte-14.webp\",\"description\":\"Trusted Translations ist ein f\u00fchrender Anbieter von Sprachdolmetschdienstleistungen f\u00fcr BlueJeans von Verizon. Rufen Sie uns an, um ein kostenloses Angebot oder eine kostenlose Beratung anzufordern.\",\"breadcrumb\":{\"@id\":\"https:\\\/\\\/www.trustedtranslations.com\\\/de\\\/dienstleistungen\\\/vri\\\/bluejeans#breadcrumb\"},\"inLanguage\":\"de\",\"potentialAction\":[{\"@type\":\"ReadAction\",\"target\":[\"https:\\\/\\\/www.trustedtranslations.com\\\/de\\\/dienstleistungen\\\/vri\\\/bluejeans\"]}]},{\"@type\":\"ImageObject\",\"inLanguage\":\"de\",\"@id\":\"https:\\\/\\\/www.trustedtranslations.com\\\/de\\\/dienstleistungen\\\/vri\\\/bluejeans#primaryimage\",\"url\":\"https:\\\/\\\/www.trustedtranslations.com\\\/wp-content\\\/uploads\\\/2024\\\/02\\\/TT-ICON_Remote-Multilingual-Inte-14.webp\",\"contentUrl\":\"https:\\\/\\\/www.trustedtranslations.com\\\/wp-content\\\/uploads\\\/2024\\\/02\\\/TT-ICON_Remote-Multilingual-Inte-14.webp\",\"width\":151,\"height\":151,\"caption\":\"TT ICON Remote Multilingual Inte 14\"},{\"@type\":\"BreadcrumbList\",\"@id\":\"https:\\\/\\\/www.trustedtranslations.com\\\/de\\\/dienstleistungen\\\/vri\\\/bluejeans#breadcrumb\",\"itemListElement\":[{\"@type\":\"ListItem\",\"position\":1,\"name\":\"Home\",\"item\":\"https:\\\/\\\/www.trustedtranslations.com\\\/de\"},{\"@type\":\"ListItem\",\"position\":2,\"name\":\"Dienstleistungen\",\"item\":\"https:\\\/\\\/www.trustedtranslations.com\\\/de\\\/dienstleistungen\"},{\"@type\":\"ListItem\",\"position\":3,\"name\":\"Video-Ferndolmetschen (VRI)\",\"item\":\"https:\\\/\\\/www.trustedtranslations.com\\\/de\\\/dienstleistungen\\\/vri\"},{\"@type\":\"ListItem\",\"position\":4,\"name\":\"Blue Jeans von Verizon\"}]},{\"@type\":\"WebSite\",\"@id\":\"https:\\\/\\\/www.trustedtranslations.com\\\/de\\\/#website\",\"url\":\"https:\\\/\\\/www.trustedtranslations.com\\\/de\\\/\",\"name\":\"Trusted Translations, Inc.\",\"description\":\"Leader in translation and interpretation services.\",\"publisher\":{\"@id\":\"https:\\\/\\\/www.trustedtranslations.com\\\/de\\\/#organization\"},\"alternateName\":\"Trusted Translations\",\"potentialAction\":[{\"@type\":\"SearchAction\",\"target\":{\"@type\":\"EntryPoint\",\"urlTemplate\":\"https:\\\/\\\/www.trustedtranslations.com\\\/de\\\/?s={search_term_string}\"},\"query-input\":{\"@type\":\"PropertyValueSpecification\",\"valueRequired\":true,\"valueName\":\"search_term_string\"}}],\"inLanguage\":\"de\"},{\"@type\":\"Organization\",\"@id\":\"https:\\\/\\\/www.trustedtranslations.com\\\/de\\\/#organization\",\"name\":\"Trusted Translations\",\"alternateName\":\"Trusted Translations, Inc.\",\"url\":\"https:\\\/\\\/www.trustedtranslations.com\\\/de\\\/\",\"logo\":{\"@type\":\"ImageObject\",\"inLanguage\":\"de\",\"@id\":\"https:\\\/\\\/www.trustedtranslations.com\\\/de\\\/#\\\/schema\\\/logo\\\/image\\\/\",\"url\":\"https:\\\/\\\/static.trustedtranslations.com\\\/wp-content\\\/uploads\\\/2022\\\/01\\\/TT_logo_WSIColors-2.png\",\"contentUrl\":\"https:\\\/\\\/static.trustedtranslations.com\\\/wp-content\\\/uploads\\\/2022\\\/01\\\/TT_logo_WSIColors-2.png\",\"width\":500,\"height\":196,\"caption\":\"Trusted Translations\"},\"image\":{\"@id\":\"https:\\\/\\\/www.trustedtranslations.com\\\/de\\\/#\\\/schema\\\/logo\\\/image\\\/\"},\"sameAs\":[\"https:\\\/\\\/www.facebook.com\\\/Trusted.Translations\",\"https:\\\/\\\/x.com\\\/TrustedT9ns\",\"https:\\\/\\\/www.linkedin.com\\\/company\\\/trusted-translations\"]}]}<\/script>\n<!-- \/ Yoast SEO plugin. -->","yoast_head_json":{"title":"BlueJeans-Dolmetschdienstleistungen - Trusted Translations, Inc.","description":"Trusted Translations ist ein f\u00fchrender Anbieter von Sprachdolmetschdienstleistungen f\u00fcr BlueJeans von Verizon. Rufen Sie uns an, um ein kostenloses Angebot oder eine kostenlose Beratung anzufordern.","robots":{"index":"index","follow":"follow","max-snippet":"max-snippet:-1","max-image-preview":"max-image-preview:large","max-video-preview":"max-video-preview:-1"},"canonical":"https:\/\/www.trustedtranslations.com\/de\/dienstleistungen\/vri\/bluejeans","og_locale":"de_DE","og_type":"article","og_title":"BlueJeans-Dolmetschdienstleistungen - Trusted Translations, Inc.","og_description":"Trusted Translations ist ein f\u00fchrender Anbieter von Sprachdolmetschdienstleistungen f\u00fcr BlueJeans von Verizon. Rufen Sie uns an, um ein kostenloses Angebot oder eine kostenlose Beratung anzufordern.","og_url":"https:\/\/www.trustedtranslations.com\/de\/dienstleistungen\/vri\/bluejeans","og_site_name":"Trusted Translations, Inc.","article_publisher":"https:\/\/www.facebook.com\/Trusted.Translations","article_modified_time":"2024-09-11T14:30:00+00:00","og_image":[{"width":151,"height":151,"url":"https:\/\/static.trustedtranslations.com\/wp-content\/uploads\/2024\/02\/TT-ICON_Remote-Multilingual-Inte-14.webp","type":"image\/webp"}],"twitter_card":"summary_large_image","twitter_site":"@TrustedT9ns","schema":{"@context":"https:\/\/schema.org","@graph":[{"@type":"WebPage","@id":"https:\/\/www.trustedtranslations.com\/de\/dienstleistungen\/vri\/bluejeans","url":"https:\/\/www.trustedtranslations.com\/de\/dienstleistungen\/vri\/bluejeans","name":"BlueJeans-Dolmetschdienstleistungen - Trusted Translations, Inc.","isPartOf":{"@id":"https:\/\/www.trustedtranslations.com\/de\/#website"},"primaryImageOfPage":{"@id":"https:\/\/www.trustedtranslations.com\/de\/dienstleistungen\/vri\/bluejeans#primaryimage"},"image":{"@id":"https:\/\/www.trustedtranslations.com\/de\/dienstleistungen\/vri\/bluejeans#primaryimage"},"thumbnailUrl":"https:\/\/www.trustedtranslations.com\/wp-content\/uploads\/2024\/02\/TT-ICON_Remote-Multilingual-Inte-14.webp","description":"Trusted Translations ist ein f\u00fchrender Anbieter von Sprachdolmetschdienstleistungen f\u00fcr BlueJeans von Verizon. Rufen Sie uns an, um ein kostenloses Angebot oder eine kostenlose Beratung anzufordern.","breadcrumb":{"@id":"https:\/\/www.trustedtranslations.com\/de\/dienstleistungen\/vri\/bluejeans#breadcrumb"},"inLanguage":"de","potentialAction":[{"@type":"ReadAction","target":["https:\/\/www.trustedtranslations.com\/de\/dienstleistungen\/vri\/bluejeans"]}]},{"@type":"ImageObject","inLanguage":"de","@id":"https:\/\/www.trustedtranslations.com\/de\/dienstleistungen\/vri\/bluejeans#primaryimage","url":"https:\/\/www.trustedtranslations.com\/wp-content\/uploads\/2024\/02\/TT-ICON_Remote-Multilingual-Inte-14.webp","contentUrl":"https:\/\/www.trustedtranslations.com\/wp-content\/uploads\/2024\/02\/TT-ICON_Remote-Multilingual-Inte-14.webp","width":151,"height":151,"caption":"TT ICON Remote Multilingual Inte 14"},{"@type":"BreadcrumbList","@id":"https:\/\/www.trustedtranslations.com\/de\/dienstleistungen\/vri\/bluejeans#breadcrumb","itemListElement":[{"@type":"ListItem","position":1,"name":"Home","item":"https:\/\/www.trustedtranslations.com\/de"},{"@type":"ListItem","position":2,"name":"Dienstleistungen","item":"https:\/\/www.trustedtranslations.com\/de\/dienstleistungen"},{"@type":"ListItem","position":3,"name":"Video-Ferndolmetschen (VRI)","item":"https:\/\/www.trustedtranslations.com\/de\/dienstleistungen\/vri"},{"@type":"ListItem","position":4,"name":"Blue Jeans von Verizon"}]},{"@type":"WebSite","@id":"https:\/\/www.trustedtranslations.com\/de\/#website","url":"https:\/\/www.trustedtranslations.com\/de\/","name":"Trusted Translations, Inc.","description":"Leader in translation and interpretation services.","publisher":{"@id":"https:\/\/www.trustedtranslations.com\/de\/#organization"},"alternateName":"Trusted Translations","potentialAction":[{"@type":"SearchAction","target":{"@type":"EntryPoint","urlTemplate":"https:\/\/www.trustedtranslations.com\/de\/?s={search_term_string}"},"query-input":{"@type":"PropertyValueSpecification","valueRequired":true,"valueName":"search_term_string"}}],"inLanguage":"de"},{"@type":"Organization","@id":"https:\/\/www.trustedtranslations.com\/de\/#organization","name":"Trusted Translations","alternateName":"Trusted Translations, Inc.","url":"https:\/\/www.trustedtranslations.com\/de\/","logo":{"@type":"ImageObject","inLanguage":"de","@id":"https:\/\/www.trustedtranslations.com\/de\/#\/schema\/logo\/image\/","url":"https:\/\/static.trustedtranslations.com\/wp-content\/uploads\/2022\/01\/TT_logo_WSIColors-2.png","contentUrl":"https:\/\/static.trustedtranslations.com\/wp-content\/uploads\/2022\/01\/TT_logo_WSIColors-2.png","width":500,"height":196,"caption":"Trusted Translations"},"image":{"@id":"https:\/\/www.trustedtranslations.com\/de\/#\/schema\/logo\/image\/"},"sameAs":["https:\/\/www.facebook.com\/Trusted.Translations","https:\/\/x.com\/TrustedT9ns","https:\/\/www.linkedin.com\/company\/trusted-translations"]}]}},"toolset-meta":{"dyk":{"mensaje-1":{"type":"textfield","raw":"Wir bieten Fortune-500-Unternehmen \u00dcbersetzungen zu Preisen, die 25 bis 50% unter dem Marktpreis liegen."},"mensaje-2":{"type":"textfield","raw":"Jede \u00dcbersetzung, die von unseren Expertenteams durchgef\u00fchrt wird, ist durch Lloyd's of London abgesichert."},"mensaje-3":{"type":"textfield","raw":"Trusted Translations ist ein stolzer F\u00f6rderer des St. Jude Children's Research Hospital."},"mensaje-4":{"type":"textfield","raw":"In den USA geh\u00f6ren wir zu den \u201eTop-500-Unternehmen in hispanoamerikanischem Besitz\u201c."},"mensaje-5":{"type":"textfield","raw":"Trusted Translations hat \u00fcber 5.000 zufriedene Kunden aus nahezu allen Branchen."},"mensaje-6":{"type":"textfield","raw":""}},"single-page-template-fields":{"imgs-temp":{"type":"image","raw":["https:\/\/static.trustedtranslations.com\/wp-content\/uploads\/2024\/07\/bluejean-1.webp"],"repeatable":[{"raw":"https:\/\/static.trustedtranslations.com\/wp-content\/uploads\/2024\/07\/bluejean-1.webp"}]},"imgs-temp-cel":{"type":"image","raw":[""],"repeatable":[{"raw":""}]},"img-temp-one-cel":{"type":"image","raw":"https:\/\/static.trustedtranslations.com\/wp-content\/uploads\/2024\/07\/bluejean-2-1.webp","attachment_id":null},"quotes":{"type":"textarea","raw":"<h1 style=\"margin-bottom: 12px;\">Mehrsprachige Ferndolmetschdienstdienstleistungen auf BlueJeans<\/h1>\r\nBlueJeans wird vom Telekommunikationsgiganten Verizon unterst\u00fctzt und bietet mehrere hochmoderne Funktionen, die einzigartig f\u00fcr das mehrsprachige Ferndolmetschen sind. Bei Trusted Translations bieten wir hochwertige Ferndolmetschdienstleistungen f\u00fcr BlueJeans-Meetings und andere Veranstaltungen an.\r\n<div style=\"margin-top: 2.5vw;\"><a class=\"tt-btn-main-cta\" href=\"https:\/\/www.trustedtranslations.com\/de\/angebot\">Kostenlosen Kostenvoranschlag anfordern<\/a><\/div>"},"text-1":{"type":"textarea","raw":"<h2 style=\"display: inline-block; margin-top: 0px;\">Professionelles Dolmetschen f\u00fcr Meetings und Webinare<\/h2>\r\n<img class=\"wp-image-177882 alignright\" src=\"https:\/\/static.trustedtranslations.com\/wp-content\/uploads\/2023\/01\/bluejean-3.jpg\" alt=\"\" width=\"500\" height=\"334\" \/>\r\nBlueJeans, das 2020 von Verizon \u00fcbernommen wurde, ist eine weitere hervorragende Option f\u00fcr eine cloudbasierte Fern-Videokonferenzplattform. BlueJeans ist sowohl bei kleinen als auch gro\u00dfen Unternehmen beliebt und hat sich mit Kunden wie Facebook, Salesforce, LinkedIn und anderen zusammengetan, um einen Kommunikationsdienst anzubieten, der mit fast jedem Ger\u00e4t funktioniert.\r\n\r\nSeit seiner \u00dcbernahme hat BlueJeans mehrere neue Funktionen eingef\u00fchrt, die speziell zur Unterst\u00fctzung von <a href=\"https:\/\/support.bluejeans.com\/s\/article\/Simultaneous-Interpretation\" target=\"_blank\" rel=\"noopener\">simultanem Ferndolmetschen<\/a> entwickelt wurden. Am wichtigsten ist, dass BlueJeans-Moderatoren eine unbegrenzte Anzahl von Dolmetschern und bis zu f\u00fcnf gleichzeitige Sprachkan\u00e4le pro Meeting hinzuf\u00fcgen k\u00f6nnen, wobei auch Relaisdolmetschen aktiviert ist. Dolmetscher erhalten rollenspezifische Verantwortlichkeiten und Zugriff auf die virtuelle Dolmetscherkonsole, mit der sie eingehende und ausgehende Sprachen ausw\u00e4hlen sowie ihre Lautst\u00e4rke und Audiomischung anpassen k\u00f6nnen.\r\n\r\nBeachten Sie, dass diese Dolmetschfunktionen derzeit nur in der Windows-\/Mac-Desktop-Anwendung verf\u00fcgbar sind. Die Konferenzteilnehmer k\u00f6nnen mit jedem beliebigen Ger\u00e4t teilnehmen, aber der Moderator und der Dolmetscher m\u00fcssen \u00fcber diese Desktop-Anwendung teilnehmen.\r\n<h2>Vorteile von BlueJeans f\u00fcr mehrsprachige Meetings<\/h2>\r\nMit der Einf\u00fchrung dieser neuen dolmetschspezifischen Merkmale hebt sich BlueJeans von Mitbewerbern ab, die diese Besonderheiten nicht ber\u00fccksichtigen. Gleichzeitig bietet die Plattform auch mehrere andere Vorteile f\u00fcr mehrsprachige Meetings, darunter:\r\n<ul>\r\n \t<li>Hochwertiges, zuverl\u00e4ssiges Video und Audio<\/li>\r\n \t<li>Nicht-BlueJeans-Benutzer k\u00f6nnen beitreten, ohne eine App oder Software herunterzuladen<\/li>\r\n \t<li>Verf\u00fcgbar f\u00fcr Android, iOS, Linux, macOS und Windows<\/li>\r\n \t<li>Einfache Integration mit Slack, Panopto, Canvas LMS und mehr<\/li>\r\n \t<li>Sicherheit umfasst Verschl\u00fcsselung und andere Schutzfunktionen<\/li>\r\n<\/ul>\r\nInsbesondere zeichnet sich BlueJeans durch die Unterst\u00fctzung der Konnektivit\u00e4t zwischen verschiedenen Ger\u00e4tetypen aus. Die Plattform bezeichnet sich selbst als den ersten Cloud-Dienst, der Desktop-Computer, mobile Ger\u00e4te und Raumsysteme in einem Video-Meeting verbindet. Die breite Verf\u00fcgbarkeit auf verschiedenen Plattformen macht BlueJeans zu einer guten Wahl f\u00fcr Unternehmen oder Veranstaltungen, die erwarten, dass ihre Meeting-Teilnehmer von einer Vielzahl von Zugangspunkten kommen. Benutzer loben auch die hochwertige Video- und Audioqualit\u00e4t von BlueJeans, die besonders wertvoll f\u00fcr das Sprachdolmetschen ist."},"shortcode-map":{"type":"textfield","raw":""},"dyk-shortcode":{"type":"textfield","raw":"[elementor-template id=\"139229\"]"},"text-2":{"type":"textarea","raw":"<h2>Einschr\u00e4nkungen von BlueJeans f\u00fcr das Ferndolmetschen<\/h2>\r\nAllerdings gibt es bei BlueJeans einige Einschr\u00e4nkungen zu beachten, wenn Sie eine Plattform f\u00fcr das Ferndolmetschen ausw\u00e4hlen, z. B:\r\n<ul>\r\n \t<li>BlueJeans bietet im Gegensatz zu einigen Mitbewerbern kein kostenloses Abonnement an<\/li>\r\n \t<li>Die maximale Teilnehmerzahl f\u00fcr ein Simultandolmetsch-Meeting betr\u00e4gt 250<\/li>\r\n \t<li>Unterst\u00fctzt kein Dolmetschen in Teilgruppensitzungen oder f\u00fcr Benutzer eines Raumsystems<\/li>\r\n \t<li>Pro Meeting k\u00f6nnen nur f\u00fcnf gleichzeitige Sprachkan\u00e4le hinzugef\u00fcgt werden<\/li>\r\n \t<li>Dolmetscher m\u00fcssen (wie oben erw\u00e4hnt) die Desktop-App verwenden<\/li>\r\n<\/ul>\r\n<strong>\u00a0<\/strong>Wenn Ihre Organisation plant, sehr gro\u00dfe Meetings oder mehrsprachige Konferenzen abzuhalten, ist BlueJeans m\u00f6glicherweise nicht das Richtige f\u00fcr Sie. Obwohl die maximale Teilnehmerzahl (250) mit der von Google Meet und GoTo Meeting vergleichbar ist und \u00fcber der von Webex (200) liegt, kann sie nicht mit den kostenpflichtigen Angeboten von Konkurrenten wie Zoom mithalten, die Teilnehmerzahlen von \u00fcber 500 anbieten. Ebenso ist die Beschr\u00e4nkung auf f\u00fcnf Sprachkan\u00e4le pro Meeting nicht ideal f\u00fcr Veranstaltungen, die mehr Sprachen erfordern.\r\n<h2>Unsere Mitarbeiter<\/h2>\r\n<em>Trusted Translations<\/em> bietet qualitativ hochwertiges Video-Ferndolmetschen f\u00fcr Ihre organisatorischen Anforderungen. Unsere professionellen \u00dcbersetzer und Dolmetscher haben Erfahrung mit einer Vielzahl von Kommunikationsplattformen, einschlie\u00dflich BlueJeans, und k\u00f6nnen Sie bei der L\u00f6sung beraten, die f\u00fcr Sie am besten geeignet ist."},"state":{"type":"textfield","raw":""},"city":{"type":"textarea","raw":[]}}},"_links":{"self":[{"href":"https:\/\/www.trustedtranslations.com\/de\/wp-json\/wp\/v2\/pages\/182556","targetHints":{"allow":["GET"]}}],"collection":[{"href":"https:\/\/www.trustedtranslations.com\/de\/wp-json\/wp\/v2\/pages"}],"about":[{"href":"https:\/\/www.trustedtranslations.com\/de\/wp-json\/wp\/v2\/types\/page"}],"author":[{"embeddable":true,"href":"https:\/\/www.trustedtranslations.com\/de\/wp-json\/wp\/v2\/users\/1"}],"replies":[{"embeddable":true,"href":"https:\/\/www.trustedtranslations.com\/de\/wp-json\/wp\/v2\/comments?post=182556"}],"version-history":[{"count":0,"href":"https:\/\/www.trustedtranslations.com\/de\/wp-json\/wp\/v2\/pages\/182556\/revisions"}],"up":[{"embeddable":true,"href":"https:\/\/www.trustedtranslations.com\/de\/wp-json\/wp\/v2\/pages\/159944"}],"wp:featuredmedia":[{"embeddable":true,"href":"https:\/\/www.trustedtranslations.com\/de\/wp-json\/wp\/v2\/media\/244653"}],"wp:attachment":[{"href":"https:\/\/www.trustedtranslations.com\/de\/wp-json\/wp\/v2\/media?parent=182556"}],"curies":[{"name":"wp","href":"https:\/\/api.w.org\/{rel}","templated":true}]}}