{"id":204182,"date":"2023-05-08T13:46:48","date_gmt":"2023-05-08T16:46:48","guid":{"rendered":"https:\/\/www.trustedtranslations.com\/?page_id=204182"},"modified":"2024-09-11T12:50:38","modified_gmt":"2024-09-11T15:50:38","slug":"vietnamesisch","status":"publish","type":"page","link":"https:\/\/www.trustedtranslations.com\/de\/sprache\/vietnamesisch","title":{"rendered":"Vietnamesisch"},"content":{"rendered":"","protected":false},"excerpt":{"rendered":"","protected":false},"author":1,"featured_media":223055,"parent":129506,"menu_order":0,"comment_status":"closed","ping_status":"closed","template":"","meta":{"site-sidebar-layout":"default","site-content-layout":"default","ast-site-content-layout":"default","site-content-style":"default","site-sidebar-style":"default","ast-global-header-display":"","ast-banner-title-visibility":"","ast-main-header-display":"","ast-hfb-above-header-display":"","ast-hfb-below-header-display":"","ast-hfb-mobile-header-display":"","site-post-title":"disabled","ast-breadcrumbs-content":"","ast-featured-img":"","footer-sml-layout":"","ast-disable-related-posts":"","theme-transparent-header-meta":"default","adv-header-id-meta":"","stick-header-meta":"","header-above-stick-meta":"","header-main-stick-meta":"","header-below-stick-meta":"","astra-migrate-meta-layouts":"set","ast-page-background-enabled":"default","ast-page-background-meta":{"desktop":{"background-color":"var(--ast-global-color-4)","background-image":"","background-repeat":"repeat","background-position":"center center","background-size":"auto","background-attachment":"scroll","background-type":"","background-media":"","overlay-type":"","overlay-color":"","overlay-opacity":"","overlay-gradient":""},"tablet":{"background-color":"","background-image":"","background-repeat":"repeat","background-position":"center center","background-size":"auto","background-attachment":"scroll","background-type":"","background-media":"","overlay-type":"","overlay-color":"","overlay-opacity":"","overlay-gradient":""},"mobile":{"background-color":"","background-image":"","background-repeat":"repeat","background-position":"center center","background-size":"auto","background-attachment":"scroll","background-type":"","background-media":"","overlay-type":"","overlay-color":"","overlay-opacity":"","overlay-gradient":""}},"ast-content-background-meta":{"desktop":{"background-color":"var(--ast-global-color-5)","background-image":"","background-repeat":"repeat","background-position":"center center","background-size":"auto","background-attachment":"scroll","background-type":"","background-media":"","overlay-type":"","overlay-color":"","overlay-opacity":"","overlay-gradient":""},"tablet":{"background-color":"var(--ast-global-color-5)","background-image":"","background-repeat":"repeat","background-position":"center center","background-size":"auto","background-attachment":"scroll","background-type":"","background-media":"","overlay-type":"","overlay-color":"","overlay-opacity":"","overlay-gradient":""},"mobile":{"background-color":"var(--ast-global-color-5)","background-image":"","background-repeat":"repeat","background-position":"center center","background-size":"auto","background-attachment":"scroll","background-type":"","background-media":"","overlay-type":"","overlay-color":"","overlay-opacity":"","overlay-gradient":""}},"footnotes":""},"class_list":["post-204182","page","type-page","status-publish","has-post-thumbnail","hentry"],"yoast_head":"<!-- This site is optimized with the Yoast SEO plugin v27.3 - https:\/\/yoast.com\/product\/yoast-seo-wordpress\/ -->\n<title>\u00dcbersetzungsdienstleistungen f\u00fcr die vietnamesische Sprache - Trusted Translations, Inc.<\/title>\n<meta name=\"description\" content=\"Trusted Translations: F\u00fchrend in Vietnamesisch-\u00dcbersetzungsdienstleistungen durch erfahrene Vietnamesisch-\u00dcbersetzerteams. Fordern Sie ein kostenloses Angebot oder eine Beratung an.\" \/>\n<meta name=\"robots\" content=\"index, follow, max-snippet:-1, max-image-preview:large, max-video-preview:-1\" \/>\n<link rel=\"canonical\" href=\"https:\/\/www.trustedtranslations.com\/de\/sprache\/vietnamesisch\" \/>\n<meta property=\"og:locale\" content=\"de_DE\" \/>\n<meta property=\"og:type\" content=\"article\" \/>\n<meta property=\"og:title\" content=\"\u00dcbersetzungsdienstleistungen f\u00fcr die vietnamesische Sprache - Trusted Translations, Inc.\" \/>\n<meta property=\"og:description\" content=\"Trusted Translations: F\u00fchrend in Vietnamesisch-\u00dcbersetzungsdienstleistungen durch erfahrene Vietnamesisch-\u00dcbersetzerteams. Fordern Sie ein kostenloses Angebot oder eine Beratung an.\" \/>\n<meta property=\"og:url\" content=\"https:\/\/www.trustedtranslations.com\/de\/sprache\/vietnamesisch\" \/>\n<meta property=\"og:site_name\" content=\"Trusted Translations, Inc.\" \/>\n<meta property=\"article:publisher\" content=\"https:\/\/www.facebook.com\/Trusted.Translations\" \/>\n<meta property=\"article:modified_time\" content=\"2024-09-11T15:50:38+00:00\" \/>\n<meta property=\"og:image\" content=\"https:\/\/static.trustedtranslations.com\/wp-content\/uploads\/2022\/08\/TT_NEW_FB-1.png\" \/>\n\t<meta property=\"og:image:width\" content=\"1\" \/>\n\t<meta property=\"og:image:height\" content=\"1\" \/>\n\t<meta property=\"og:image:type\" content=\"image\/jpeg\" \/>\n<meta name=\"twitter:card\" content=\"summary_large_image\" \/>\n<meta name=\"twitter:site\" content=\"@TrustedT9ns\" \/>\n<script type=\"application\/ld+json\" class=\"yoast-schema-graph\">{\"@context\":\"https:\\\/\\\/schema.org\",\"@graph\":[{\"@type\":\"WebPage\",\"@id\":\"https:\\\/\\\/www.trustedtranslations.com\\\/de\\\/sprache\\\/vietnamesisch\",\"url\":\"https:\\\/\\\/www.trustedtranslations.com\\\/de\\\/sprache\\\/vietnamesisch\",\"name\":\"\u00dcbersetzungsdienstleistungen f\u00fcr die vietnamesische Sprache - Trusted Translations, Inc.\",\"isPartOf\":{\"@id\":\"https:\\\/\\\/www.trustedtranslations.com\\\/de\\\/#website\"},\"primaryImageOfPage\":{\"@id\":\"https:\\\/\\\/www.trustedtranslations.com\\\/de\\\/sprache\\\/vietnamesisch#primaryimage\"},\"image\":{\"@id\":\"https:\\\/\\\/www.trustedtranslations.com\\\/de\\\/sprache\\\/vietnamesisch#primaryimage\"},\"thumbnailUrl\":\"https:\\\/\\\/www.trustedtranslations.com\\\/wp-content\\\/uploads\\\/2022\\\/08\\\/TT_NEW_FB-1.png\",\"description\":\"Trusted Translations: F\u00fchrend in Vietnamesisch-\u00dcbersetzungsdienstleistungen durch erfahrene Vietnamesisch-\u00dcbersetzerteams. Fordern Sie ein kostenloses Angebot oder eine Beratung an.\",\"breadcrumb\":{\"@id\":\"https:\\\/\\\/www.trustedtranslations.com\\\/de\\\/sprache\\\/vietnamesisch#breadcrumb\"},\"inLanguage\":\"de\",\"potentialAction\":[{\"@type\":\"ReadAction\",\"target\":[\"https:\\\/\\\/www.trustedtranslations.com\\\/de\\\/sprache\\\/vietnamesisch\"]}]},{\"@type\":\"ImageObject\",\"inLanguage\":\"de\",\"@id\":\"https:\\\/\\\/www.trustedtranslations.com\\\/de\\\/sprache\\\/vietnamesisch#primaryimage\",\"url\":\"https:\\\/\\\/www.trustedtranslations.com\\\/wp-content\\\/uploads\\\/2022\\\/08\\\/TT_NEW_FB-1.png\",\"contentUrl\":\"https:\\\/\\\/www.trustedtranslations.com\\\/wp-content\\\/uploads\\\/2022\\\/08\\\/TT_NEW_FB-1.png\",\"caption\":\"TT NEW FB 1\"},{\"@type\":\"BreadcrumbList\",\"@id\":\"https:\\\/\\\/www.trustedtranslations.com\\\/de\\\/sprache\\\/vietnamesisch#breadcrumb\",\"itemListElement\":[{\"@type\":\"ListItem\",\"position\":1,\"name\":\"Home\",\"item\":\"https:\\\/\\\/www.trustedtranslations.com\\\/de\"},{\"@type\":\"ListItem\",\"position\":2,\"name\":\"Sprachen\",\"item\":\"https:\\\/\\\/www.trustedtranslations.com\\\/de\\\/sprache\"},{\"@type\":\"ListItem\",\"position\":3,\"name\":\"Vietnamesisch\"}]},{\"@type\":\"WebSite\",\"@id\":\"https:\\\/\\\/www.trustedtranslations.com\\\/de\\\/#website\",\"url\":\"https:\\\/\\\/www.trustedtranslations.com\\\/de\\\/\",\"name\":\"Trusted Translations, Inc.\",\"description\":\"Leader in translation and interpretation services.\",\"publisher\":{\"@id\":\"https:\\\/\\\/www.trustedtranslations.com\\\/de\\\/#organization\"},\"alternateName\":\"Trusted Translations\",\"potentialAction\":[{\"@type\":\"SearchAction\",\"target\":{\"@type\":\"EntryPoint\",\"urlTemplate\":\"https:\\\/\\\/www.trustedtranslations.com\\\/de\\\/?s={search_term_string}\"},\"query-input\":{\"@type\":\"PropertyValueSpecification\",\"valueRequired\":true,\"valueName\":\"search_term_string\"}}],\"inLanguage\":\"de\"},{\"@type\":\"Organization\",\"@id\":\"https:\\\/\\\/www.trustedtranslations.com\\\/de\\\/#organization\",\"name\":\"Trusted Translations\",\"alternateName\":\"Trusted Translations, Inc.\",\"url\":\"https:\\\/\\\/www.trustedtranslations.com\\\/de\\\/\",\"logo\":{\"@type\":\"ImageObject\",\"inLanguage\":\"de\",\"@id\":\"https:\\\/\\\/www.trustedtranslations.com\\\/de\\\/#\\\/schema\\\/logo\\\/image\\\/\",\"url\":\"https:\\\/\\\/static.trustedtranslations.com\\\/wp-content\\\/uploads\\\/2022\\\/01\\\/TT_logo_WSIColors-2.png\",\"contentUrl\":\"https:\\\/\\\/static.trustedtranslations.com\\\/wp-content\\\/uploads\\\/2022\\\/01\\\/TT_logo_WSIColors-2.png\",\"width\":500,\"height\":196,\"caption\":\"Trusted Translations\"},\"image\":{\"@id\":\"https:\\\/\\\/www.trustedtranslations.com\\\/de\\\/#\\\/schema\\\/logo\\\/image\\\/\"},\"sameAs\":[\"https:\\\/\\\/www.facebook.com\\\/Trusted.Translations\",\"https:\\\/\\\/x.com\\\/TrustedT9ns\",\"https:\\\/\\\/www.linkedin.com\\\/company\\\/trusted-translations\"]}]}<\/script>\n<!-- \/ Yoast SEO plugin. -->","yoast_head_json":{"title":"\u00dcbersetzungsdienstleistungen f\u00fcr die vietnamesische Sprache - Trusted Translations, Inc.","description":"Trusted Translations: F\u00fchrend in Vietnamesisch-\u00dcbersetzungsdienstleistungen durch erfahrene Vietnamesisch-\u00dcbersetzerteams. Fordern Sie ein kostenloses Angebot oder eine Beratung an.","robots":{"index":"index","follow":"follow","max-snippet":"max-snippet:-1","max-image-preview":"max-image-preview:large","max-video-preview":"max-video-preview:-1"},"canonical":"https:\/\/www.trustedtranslations.com\/de\/sprache\/vietnamesisch","og_locale":"de_DE","og_type":"article","og_title":"\u00dcbersetzungsdienstleistungen f\u00fcr die vietnamesische Sprache - Trusted Translations, Inc.","og_description":"Trusted Translations: F\u00fchrend in Vietnamesisch-\u00dcbersetzungsdienstleistungen durch erfahrene Vietnamesisch-\u00dcbersetzerteams. Fordern Sie ein kostenloses Angebot oder eine Beratung an.","og_url":"https:\/\/www.trustedtranslations.com\/de\/sprache\/vietnamesisch","og_site_name":"Trusted Translations, Inc.","article_publisher":"https:\/\/www.facebook.com\/Trusted.Translations","article_modified_time":"2024-09-11T15:50:38+00:00","og_image":[{"url":"https:\/\/static.trustedtranslations.com\/wp-content\/uploads\/2022\/08\/TT_NEW_FB-1.png","width":1,"height":1,"type":"image\/jpeg"}],"twitter_card":"summary_large_image","twitter_site":"@TrustedT9ns","schema":{"@context":"https:\/\/schema.org","@graph":[{"@type":"WebPage","@id":"https:\/\/www.trustedtranslations.com\/de\/sprache\/vietnamesisch","url":"https:\/\/www.trustedtranslations.com\/de\/sprache\/vietnamesisch","name":"\u00dcbersetzungsdienstleistungen f\u00fcr die vietnamesische Sprache - Trusted Translations, Inc.","isPartOf":{"@id":"https:\/\/www.trustedtranslations.com\/de\/#website"},"primaryImageOfPage":{"@id":"https:\/\/www.trustedtranslations.com\/de\/sprache\/vietnamesisch#primaryimage"},"image":{"@id":"https:\/\/www.trustedtranslations.com\/de\/sprache\/vietnamesisch#primaryimage"},"thumbnailUrl":"https:\/\/www.trustedtranslations.com\/wp-content\/uploads\/2022\/08\/TT_NEW_FB-1.png","description":"Trusted Translations: F\u00fchrend in Vietnamesisch-\u00dcbersetzungsdienstleistungen durch erfahrene Vietnamesisch-\u00dcbersetzerteams. Fordern Sie ein kostenloses Angebot oder eine Beratung an.","breadcrumb":{"@id":"https:\/\/www.trustedtranslations.com\/de\/sprache\/vietnamesisch#breadcrumb"},"inLanguage":"de","potentialAction":[{"@type":"ReadAction","target":["https:\/\/www.trustedtranslations.com\/de\/sprache\/vietnamesisch"]}]},{"@type":"ImageObject","inLanguage":"de","@id":"https:\/\/www.trustedtranslations.com\/de\/sprache\/vietnamesisch#primaryimage","url":"https:\/\/www.trustedtranslations.com\/wp-content\/uploads\/2022\/08\/TT_NEW_FB-1.png","contentUrl":"https:\/\/www.trustedtranslations.com\/wp-content\/uploads\/2022\/08\/TT_NEW_FB-1.png","caption":"TT NEW FB 1"},{"@type":"BreadcrumbList","@id":"https:\/\/www.trustedtranslations.com\/de\/sprache\/vietnamesisch#breadcrumb","itemListElement":[{"@type":"ListItem","position":1,"name":"Home","item":"https:\/\/www.trustedtranslations.com\/de"},{"@type":"ListItem","position":2,"name":"Sprachen","item":"https:\/\/www.trustedtranslations.com\/de\/sprache"},{"@type":"ListItem","position":3,"name":"Vietnamesisch"}]},{"@type":"WebSite","@id":"https:\/\/www.trustedtranslations.com\/de\/#website","url":"https:\/\/www.trustedtranslations.com\/de\/","name":"Trusted Translations, Inc.","description":"Leader in translation and interpretation services.","publisher":{"@id":"https:\/\/www.trustedtranslations.com\/de\/#organization"},"alternateName":"Trusted Translations","potentialAction":[{"@type":"SearchAction","target":{"@type":"EntryPoint","urlTemplate":"https:\/\/www.trustedtranslations.com\/de\/?s={search_term_string}"},"query-input":{"@type":"PropertyValueSpecification","valueRequired":true,"valueName":"search_term_string"}}],"inLanguage":"de"},{"@type":"Organization","@id":"https:\/\/www.trustedtranslations.com\/de\/#organization","name":"Trusted Translations","alternateName":"Trusted Translations, Inc.","url":"https:\/\/www.trustedtranslations.com\/de\/","logo":{"@type":"ImageObject","inLanguage":"de","@id":"https:\/\/www.trustedtranslations.com\/de\/#\/schema\/logo\/image\/","url":"https:\/\/static.trustedtranslations.com\/wp-content\/uploads\/2022\/01\/TT_logo_WSIColors-2.png","contentUrl":"https:\/\/static.trustedtranslations.com\/wp-content\/uploads\/2022\/01\/TT_logo_WSIColors-2.png","width":500,"height":196,"caption":"Trusted Translations"},"image":{"@id":"https:\/\/www.trustedtranslations.com\/de\/#\/schema\/logo\/image\/"},"sameAs":["https:\/\/www.facebook.com\/Trusted.Translations","https:\/\/x.com\/TrustedT9ns","https:\/\/www.linkedin.com\/company\/trusted-translations"]}]}},"toolset-meta":{"dyk":{"mensaje-1":{"type":"textfield","raw":"Vietnamesisch ist die am sechsth\u00e4ufigsten gesprochene Sprache in den Vereinigten Staaten."},"mensaje-2":{"type":"textfield","raw":"Vietnamesisch hat drei Hauptdialekte: Nordvietnamesisch, Zentralvietnamesisch und S\u00fcdvietnamesisch."},"mensaje-3":{"type":"textfield","raw":"Vietnam ist nach Brasilien der zweitgr\u00f6\u00dfte Kaffeeproduzent der Welt."},"mensaje-4":{"type":"textfield","raw":"Vietnam ist ein wichtiger Exporteur von Bekleidung und Textilien, Elektronik und Smartphones."},"mensaje-5":{"type":"textfield","raw":"Trusted Translations hat \u00fcber 5.000 zufriedene Kunden aus nahezu allen Branchen."},"mensaje-6":{"type":"textfield","raw":""}},"single-page-template-fields":{"imgs-temp":{"type":"image","raw":["https:\/\/static.trustedtranslations.com\/wp-content\/uploads\/2023\/05\/Vietnamese.jpg"],"repeatable":[{"raw":"https:\/\/static.trustedtranslations.com\/wp-content\/uploads\/2023\/05\/Vietnamese.jpg"}]},"imgs-temp-cel":{"type":"image","raw":["https:\/\/static.trustedtranslations.com\/wp-content\/uploads\/2023\/04\/image_mfkussK2_1682003759036_raw-1.jpg"],"repeatable":[{"raw":"https:\/\/static.trustedtranslations.com\/wp-content\/uploads\/2023\/04\/image_mfkussK2_1682003759036_raw-1.jpg"}]},"img-temp-one-cel":{"type":"image","raw":"","attachment_id":null},"quotes":{"type":"textarea","raw":"<h1 style=\"margin-bottom: 12px;\">\u00dcbersetzungsdienstleistungen in die und aus der vietnamesischen Sprache<\/h1><em>Trusted Translations<\/em> ist ein erfahrener \u00dcbersetzungsdienstleister f\u00fcr Vietnamesisch mit wettbewerbsf\u00e4higen Preisen und bietet kosteng\u00fcnstige L\u00f6sungen f\u00fcr Projekte jeder Gr\u00f6\u00dfe. Unsere muttersprachlichen \u00dcbersetzer sind Lokalisierungsexperten und liefern kultursensible und pr\u00e4zise \u00dcbersetzungen innerhalb eines engen Zeitrahmens. <div style=\"margin-top: 2.5vw;\"><a class=\"tt-btn-main-cta\" href=\"\/quote\">Kostenlosen Kostenvoranschlag anfordern<\/a><\/div>"},"text-1":{"type":"textarea","raw":"<h2>Reibungslose Kommunikation auf Vietnamesisch, Englisch und mehr<\/h2>F\u00fcr Dokumentationen in Vietnamesisch, Englisch und vielen anderen europ\u00e4ischen und asiatischen Sprachen stellen die bikulturellen und zweisprachigen TT-Teams sicher, dass unsere Kunden nahtlos mit ihren Kunden kommunizieren k\u00f6nnen.<h2 style=\"margin-bottom: 20px\">Vietnamesisch auf der ganzen Welt<\/h2><br><br>\r\nDie vietnamesische Diaspora geh\u00f6rt zu den gr\u00f6\u00dften der Welt. Sie wurde seit Mitte des 20. Jahrhunderts mit dem Ende des Ersten Indochinakrieges (1946-1954) und der anschlie\u00dfenden Teilung Vietnams weitgehend durch Migrationswellen angeheizt.<br><br> Tausende vietnamesische Familien flohen nach dem Vietnamkrieg (1954\u201375) aus ihrer Heimat und suchten Zuflucht in anderen L\u00e4ndern. Heute leben sch\u00e4tzungsweise 4,5 Millionen Vietnamesen au\u00dferhalb ihres Heimatlandes, mit bl\u00fchenden Gemeinschaften in den USA, Kanada, Australien, Frankreich und Deutschland.<br><br> Die Familie spiegelt ihre lange gemeinsame Geschichte mit anderen \u00f6stlichen Gesellschaften wider und bleibt eine S\u00e4ule der vietnamesischen Kultur. Die famili\u00e4ren Bindungen sind stark und Mehrgenerationenh\u00e4user sind normal. Von Kindern wird erwartet, dass sie sich um alternde Eltern k\u00fcmmern, wobei kindliche Fr\u00f6mmigkeit erwartet wird. <h2 style=\"margin-bottom: 20px\">Gesch\u00e4fte machen in Vietnam<\/h2><br><br>\r\nMit einer schnell wachsenden Wirtschaft ist Vietnam ein attraktives Ziel f\u00fcr ausl\u00e4ndische Investitionen. Diese Attraktivit\u00e4t wird durch die strategische Lage und die starken Verbindungen zu anderen M\u00e4rkten in S\u00fcdostasien und dar\u00fcber hinaus untermauert.<br><br>  Mit einer Bev\u00f6lkerung von \u00fcber 96 Millionen und einer wachsenden Mittelschicht ist Vietnam ein potenziell lukrativer Markt. Besser noch, ausl\u00e4ndische Investitionen werden durch staatliche Anreize wie Steuerverg\u00fcnstigungen und regionale Vorteile gef\u00f6rdert.<br><br>  Konfuzianische Prinzipien sind in der gesamten vietnamesischen Gesellschaft wichtig, insbesondere Pflichtbewusstsein und moralische Aufrichtigkeit. Es ist auch wichtig, Respekt und Ehrerbietung f\u00fcr das Dienstalter und die Autorit\u00e4t zu demonstrieren.<br><br>  Au\u00dferdem sollten Ausl\u00e4nder bedenken, dass die Gesch\u00e4ftskultur Vietnams auf Beziehungen und Hierarchien basiert. Das bedeutet, dass der Aufbau von Vertrauen und der Aufbau starker pers\u00f6nlicher Verbindungen Schl\u00fcssel zum Erfolg sind."},"shortcode-map":{"type":"textfield","raw":""},"dyk-shortcode":{"type":"textfield","raw":"[elementor-template id=\"146647\"]"},"text-2":{"type":"textarea","raw":"<h2 style=\"margin-bottom: 20px\">Vietnamesisch: Eine sch\u00f6ne und kulturell komplexe Sprache<\/h2><br><br>\r\nVietnamesisch ist die offizielle Sprache Vietnams und wird von fast 100 Millionen Menschen weltweit gesprochen. Vietnamesisch ist eine Tonsprache. Es hat sechs T\u00f6ne: Normalton, fallender Ton, steigender Ton, steil fallender Ton, fallend steigender Ton, unterbrochen steigender Ton. Dies kann f\u00fcr westliche Sprecher schwierig sein, da der Ton eines Wortes seine Bedeutung \u00e4ndern kann.<br><br> Unter Verwendung des lateinischen Alphabets (eingef\u00fchrt von franz\u00f6sischen Kolonisatoren im 17. Jahrhundert) hat das vietnamesische Alphabet 29 Buchstaben. Einige haben diakritische Zeichen, die den Ton und die Aussprache anzeigen.<br><br> Seine relativ einfache Grammatik hat keine Verbkonjugation, Geschlecht oder Pluralformen. Stattdessen werden W\u00f6rter durch Partikel modifiziert, die Zeitformen und andere Funktionen ausdr\u00fccken. Viele S\u00e4tze spiegeln traditionelle vietnamesische Werte und \u00dcberzeugungen wider, die vom Konfuzianismus beeinflusst sind. <h2 style=\"margin-bottom: 20px\">Erfahrene \u00dcbersetzungsteams f\u00fcr Vietnamesisch<\/h2><br><br>\r\nObwohl viele gebildete vietnamesische Fachkr\u00e4fte gut Englisch sprechen, sollten sich ausl\u00e4ndische F\u00fchrungskr\u00e4fte gut informieren. Das Verst\u00e4ndnis der lokalen Gesch\u00e4ftskultur bedeutet, mit vertrauensw\u00fcrdigen lokalen Partnern zusammenzuarbeiten, um den Erfolg sicherzustellen.<br><br>  Aus diesem Grund geht das hochqualifizierte Vietnamesisch-Team von <em>Trusted Translations<\/em> noch einen Schritt weiter, indem es f\u00fcr kulturelles Bewusstsein und fehlerfreie Grammatik Korrektur liest. Diese akribische Sorgfalt gew\u00e4hrleistet die Einhaltung der strengen ISO 9001:2015 Standards, die auf die einzigartige Kultur Vietnams abgestimmt sind."},"state":{"type":"textfield","raw":""},"city":{"type":"textarea","raw":[]}}},"_links":{"self":[{"href":"https:\/\/www.trustedtranslations.com\/de\/wp-json\/wp\/v2\/pages\/204182","targetHints":{"allow":["GET"]}}],"collection":[{"href":"https:\/\/www.trustedtranslations.com\/de\/wp-json\/wp\/v2\/pages"}],"about":[{"href":"https:\/\/www.trustedtranslations.com\/de\/wp-json\/wp\/v2\/types\/page"}],"author":[{"embeddable":true,"href":"https:\/\/www.trustedtranslations.com\/de\/wp-json\/wp\/v2\/users\/1"}],"replies":[{"embeddable":true,"href":"https:\/\/www.trustedtranslations.com\/de\/wp-json\/wp\/v2\/comments?post=204182"}],"version-history":[{"count":0,"href":"https:\/\/www.trustedtranslations.com\/de\/wp-json\/wp\/v2\/pages\/204182\/revisions"}],"up":[{"embeddable":true,"href":"https:\/\/www.trustedtranslations.com\/de\/wp-json\/wp\/v2\/pages\/129506"}],"wp:featuredmedia":[{"embeddable":true,"href":"https:\/\/www.trustedtranslations.com\/de\/wp-json\/wp\/v2\/media\/223055"}],"wp:attachment":[{"href":"https:\/\/www.trustedtranslations.com\/de\/wp-json\/wp\/v2\/media?parent=204182"}],"curies":[{"name":"wp","href":"https:\/\/api.w.org\/{rel}","templated":true}]}}