{"id":204183,"date":"2023-05-08T14:16:28","date_gmt":"2023-05-08T17:16:28","guid":{"rendered":"https:\/\/www.trustedtranslations.com\/?page_id=204183"},"modified":"2024-09-11T12:58:19","modified_gmt":"2024-09-11T15:58:19","slug":"bengalisch","status":"publish","type":"page","link":"https:\/\/www.trustedtranslations.com\/de\/sprache\/bengalisch","title":{"rendered":"Bengalisch"},"content":{"rendered":"","protected":false},"excerpt":{"rendered":"","protected":false},"author":1,"featured_media":213128,"parent":129506,"menu_order":0,"comment_status":"closed","ping_status":"closed","template":"","meta":{"site-sidebar-layout":"default","site-content-layout":"default","ast-site-content-layout":"default","site-content-style":"default","site-sidebar-style":"default","ast-global-header-display":"","ast-banner-title-visibility":"","ast-main-header-display":"","ast-hfb-above-header-display":"","ast-hfb-below-header-display":"","ast-hfb-mobile-header-display":"","site-post-title":"disabled","ast-breadcrumbs-content":"","ast-featured-img":"","footer-sml-layout":"","ast-disable-related-posts":"","theme-transparent-header-meta":"default","adv-header-id-meta":"","stick-header-meta":"","header-above-stick-meta":"","header-main-stick-meta":"","header-below-stick-meta":"","astra-migrate-meta-layouts":"set","ast-page-background-enabled":"default","ast-page-background-meta":{"desktop":{"background-color":"var(--ast-global-color-4)","background-image":"","background-repeat":"repeat","background-position":"center center","background-size":"auto","background-attachment":"scroll","background-type":"","background-media":"","overlay-type":"","overlay-color":"","overlay-opacity":"","overlay-gradient":""},"tablet":{"background-color":"","background-image":"","background-repeat":"repeat","background-position":"center center","background-size":"auto","background-attachment":"scroll","background-type":"","background-media":"","overlay-type":"","overlay-color":"","overlay-opacity":"","overlay-gradient":""},"mobile":{"background-color":"","background-image":"","background-repeat":"repeat","background-position":"center center","background-size":"auto","background-attachment":"scroll","background-type":"","background-media":"","overlay-type":"","overlay-color":"","overlay-opacity":"","overlay-gradient":""}},"ast-content-background-meta":{"desktop":{"background-color":"var(--ast-global-color-5)","background-image":"","background-repeat":"repeat","background-position":"center center","background-size":"auto","background-attachment":"scroll","background-type":"","background-media":"","overlay-type":"","overlay-color":"","overlay-opacity":"","overlay-gradient":""},"tablet":{"background-color":"var(--ast-global-color-5)","background-image":"","background-repeat":"repeat","background-position":"center center","background-size":"auto","background-attachment":"scroll","background-type":"","background-media":"","overlay-type":"","overlay-color":"","overlay-opacity":"","overlay-gradient":""},"mobile":{"background-color":"var(--ast-global-color-5)","background-image":"","background-repeat":"repeat","background-position":"center center","background-size":"auto","background-attachment":"scroll","background-type":"","background-media":"","overlay-type":"","overlay-color":"","overlay-opacity":"","overlay-gradient":""}},"footnotes":""},"class_list":["post-204183","page","type-page","status-publish","has-post-thumbnail","hentry"],"yoast_head":"<!-- This site is optimized with the Yoast SEO plugin v27.5 - https:\/\/yoast.com\/product\/yoast-seo-wordpress\/ -->\n<title>Bengali-\u00dcbersetzungsdienstleistungen - Trusted Translations, Inc.<\/title>\n<meta name=\"description\" content=\"Trusted Translations: F\u00fchrender Anbieter von \u00dcbersetzungsdienstleistungen in die und aus der bengalischen Sprache durch erfahrene \u00dcbersetzerteams f\u00fcr die bengalische Sprache. Fordern Sie ein kostenloses Angebot oder eine Beratung an.\" \/>\n<meta name=\"robots\" content=\"index, follow, max-snippet:-1, max-image-preview:large, max-video-preview:-1\" \/>\n<link rel=\"canonical\" href=\"https:\/\/www.trustedtranslations.com\/de\/sprache\/bengalisch\" \/>\n<meta property=\"og:locale\" content=\"de_DE\" \/>\n<meta property=\"og:type\" content=\"article\" \/>\n<meta property=\"og:title\" content=\"Bengali-\u00dcbersetzungsdienstleistungen - Trusted Translations, Inc.\" \/>\n<meta property=\"og:description\" content=\"Trusted Translations: F\u00fchrender Anbieter von \u00dcbersetzungsdienstleistungen in die und aus der bengalischen Sprache durch erfahrene \u00dcbersetzerteams f\u00fcr die bengalische Sprache. Fordern Sie ein kostenloses Angebot oder eine Beratung an.\" \/>\n<meta property=\"og:url\" content=\"https:\/\/www.trustedtranslations.com\/de\/sprache\/bengalisch\" \/>\n<meta property=\"og:site_name\" content=\"Trusted Translations, Inc.\" \/>\n<meta property=\"article:publisher\" content=\"https:\/\/www.facebook.com\/Trusted.Translations\" \/>\n<meta property=\"article:modified_time\" content=\"2024-09-11T15:58:19+00:00\" \/>\n<meta property=\"og:image\" content=\"https:\/\/www.trustedtranslations.com\/wp-content\/uploads\/2022\/06\/tt-logo-2-1.webp\" \/>\n\t<meta property=\"og:image:width\" content=\"216\" \/>\n\t<meta property=\"og:image:height\" content=\"94\" \/>\n\t<meta property=\"og:image:type\" content=\"image\/webp\" \/>\n<meta name=\"twitter:card\" content=\"summary_large_image\" \/>\n<meta name=\"twitter:site\" content=\"@TrustedT9ns\" \/>\n<script type=\"application\/ld+json\" class=\"yoast-schema-graph\">{\"@context\":\"https:\\\/\\\/schema.org\",\"@graph\":[{\"@type\":\"WebPage\",\"@id\":\"https:\\\/\\\/www.trustedtranslations.com\\\/de\\\/sprache\\\/bengalisch\",\"url\":\"https:\\\/\\\/www.trustedtranslations.com\\\/de\\\/sprache\\\/bengalisch\",\"name\":\"Bengali-\u00dcbersetzungsdienstleistungen - Trusted Translations, Inc.\",\"isPartOf\":{\"@id\":\"https:\\\/\\\/www.trustedtranslations.com\\\/de\\\/#website\"},\"primaryImageOfPage\":{\"@id\":\"https:\\\/\\\/www.trustedtranslations.com\\\/de\\\/sprache\\\/bengalisch#primaryimage\"},\"image\":{\"@id\":\"https:\\\/\\\/www.trustedtranslations.com\\\/de\\\/sprache\\\/bengalisch#primaryimage\"},\"thumbnailUrl\":\"\",\"description\":\"Trusted Translations: F\u00fchrender Anbieter von \u00dcbersetzungsdienstleistungen in die und aus der bengalischen Sprache durch erfahrene \u00dcbersetzerteams f\u00fcr die bengalische Sprache. Fordern Sie ein kostenloses Angebot oder eine Beratung an.\",\"breadcrumb\":{\"@id\":\"https:\\\/\\\/www.trustedtranslations.com\\\/de\\\/sprache\\\/bengalisch#breadcrumb\"},\"inLanguage\":\"de\",\"potentialAction\":[{\"@type\":\"ReadAction\",\"target\":[\"https:\\\/\\\/www.trustedtranslations.com\\\/de\\\/sprache\\\/bengalisch\"]}]},{\"@type\":\"ImageObject\",\"inLanguage\":\"de\",\"@id\":\"https:\\\/\\\/www.trustedtranslations.com\\\/de\\\/sprache\\\/bengalisch#primaryimage\",\"url\":\"\",\"contentUrl\":\"\"},{\"@type\":\"BreadcrumbList\",\"@id\":\"https:\\\/\\\/www.trustedtranslations.com\\\/de\\\/sprache\\\/bengalisch#breadcrumb\",\"itemListElement\":[{\"@type\":\"ListItem\",\"position\":1,\"name\":\"Home\",\"item\":\"https:\\\/\\\/www.trustedtranslations.com\\\/de\"},{\"@type\":\"ListItem\",\"position\":2,\"name\":\"Sprachen\",\"item\":\"https:\\\/\\\/www.trustedtranslations.com\\\/de\\\/sprache\"},{\"@type\":\"ListItem\",\"position\":3,\"name\":\"Bengalisch\"}]},{\"@type\":\"WebSite\",\"@id\":\"https:\\\/\\\/www.trustedtranslations.com\\\/de\\\/#website\",\"url\":\"https:\\\/\\\/www.trustedtranslations.com\\\/de\\\/\",\"name\":\"Trusted Translations, Inc.\",\"description\":\"Leader in translation and interpretation services.\",\"publisher\":{\"@id\":\"https:\\\/\\\/www.trustedtranslations.com\\\/de\\\/#organization\"},\"alternateName\":\"Trusted Translations\",\"potentialAction\":[{\"@type\":\"SearchAction\",\"target\":{\"@type\":\"EntryPoint\",\"urlTemplate\":\"https:\\\/\\\/www.trustedtranslations.com\\\/de\\\/?s={search_term_string}\"},\"query-input\":{\"@type\":\"PropertyValueSpecification\",\"valueRequired\":true,\"valueName\":\"search_term_string\"}}],\"inLanguage\":\"de\"},{\"@type\":\"Organization\",\"@id\":\"https:\\\/\\\/www.trustedtranslations.com\\\/de\\\/#organization\",\"name\":\"Trusted Translations\",\"alternateName\":\"Trusted Translations, Inc.\",\"url\":\"https:\\\/\\\/www.trustedtranslations.com\\\/de\\\/\",\"logo\":{\"@type\":\"ImageObject\",\"inLanguage\":\"de\",\"@id\":\"https:\\\/\\\/www.trustedtranslations.com\\\/de\\\/#\\\/schema\\\/logo\\\/image\\\/\",\"url\":\"https:\\\/\\\/static.trustedtranslations.com\\\/wp-content\\\/uploads\\\/2022\\\/01\\\/TT_logo_WSIColors-2.png\",\"contentUrl\":\"https:\\\/\\\/static.trustedtranslations.com\\\/wp-content\\\/uploads\\\/2022\\\/01\\\/TT_logo_WSIColors-2.png\",\"width\":500,\"height\":196,\"caption\":\"Trusted Translations\"},\"image\":{\"@id\":\"https:\\\/\\\/www.trustedtranslations.com\\\/de\\\/#\\\/schema\\\/logo\\\/image\\\/\"},\"sameAs\":[\"https:\\\/\\\/www.facebook.com\\\/Trusted.Translations\",\"https:\\\/\\\/x.com\\\/TrustedT9ns\",\"https:\\\/\\\/www.linkedin.com\\\/company\\\/trusted-translations\"]}]}<\/script>\n<!-- \/ Yoast SEO plugin. -->","yoast_head_json":{"title":"Bengali-\u00dcbersetzungsdienstleistungen - Trusted Translations, Inc.","description":"Trusted Translations: F\u00fchrender Anbieter von \u00dcbersetzungsdienstleistungen in die und aus der bengalischen Sprache durch erfahrene \u00dcbersetzerteams f\u00fcr die bengalische Sprache. Fordern Sie ein kostenloses Angebot oder eine Beratung an.","robots":{"index":"index","follow":"follow","max-snippet":"max-snippet:-1","max-image-preview":"max-image-preview:large","max-video-preview":"max-video-preview:-1"},"canonical":"https:\/\/www.trustedtranslations.com\/de\/sprache\/bengalisch","og_locale":"de_DE","og_type":"article","og_title":"Bengali-\u00dcbersetzungsdienstleistungen - Trusted Translations, Inc.","og_description":"Trusted Translations: F\u00fchrender Anbieter von \u00dcbersetzungsdienstleistungen in die und aus der bengalischen Sprache durch erfahrene \u00dcbersetzerteams f\u00fcr die bengalische Sprache. Fordern Sie ein kostenloses Angebot oder eine Beratung an.","og_url":"https:\/\/www.trustedtranslations.com\/de\/sprache\/bengalisch","og_site_name":"Trusted Translations, Inc.","article_publisher":"https:\/\/www.facebook.com\/Trusted.Translations","article_modified_time":"2024-09-11T15:58:19+00:00","og_image":[{"width":216,"height":94,"url":"https:\/\/www.trustedtranslations.com\/wp-content\/uploads\/2022\/06\/tt-logo-2-1.webp","type":"image\/webp"}],"twitter_card":"summary_large_image","twitter_site":"@TrustedT9ns","schema":{"@context":"https:\/\/schema.org","@graph":[{"@type":"WebPage","@id":"https:\/\/www.trustedtranslations.com\/de\/sprache\/bengalisch","url":"https:\/\/www.trustedtranslations.com\/de\/sprache\/bengalisch","name":"Bengali-\u00dcbersetzungsdienstleistungen - Trusted Translations, Inc.","isPartOf":{"@id":"https:\/\/www.trustedtranslations.com\/de\/#website"},"primaryImageOfPage":{"@id":"https:\/\/www.trustedtranslations.com\/de\/sprache\/bengalisch#primaryimage"},"image":{"@id":"https:\/\/www.trustedtranslations.com\/de\/sprache\/bengalisch#primaryimage"},"thumbnailUrl":"","description":"Trusted Translations: F\u00fchrender Anbieter von \u00dcbersetzungsdienstleistungen in die und aus der bengalischen Sprache durch erfahrene \u00dcbersetzerteams f\u00fcr die bengalische Sprache. Fordern Sie ein kostenloses Angebot oder eine Beratung an.","breadcrumb":{"@id":"https:\/\/www.trustedtranslations.com\/de\/sprache\/bengalisch#breadcrumb"},"inLanguage":"de","potentialAction":[{"@type":"ReadAction","target":["https:\/\/www.trustedtranslations.com\/de\/sprache\/bengalisch"]}]},{"@type":"ImageObject","inLanguage":"de","@id":"https:\/\/www.trustedtranslations.com\/de\/sprache\/bengalisch#primaryimage","url":"","contentUrl":""},{"@type":"BreadcrumbList","@id":"https:\/\/www.trustedtranslations.com\/de\/sprache\/bengalisch#breadcrumb","itemListElement":[{"@type":"ListItem","position":1,"name":"Home","item":"https:\/\/www.trustedtranslations.com\/de"},{"@type":"ListItem","position":2,"name":"Sprachen","item":"https:\/\/www.trustedtranslations.com\/de\/sprache"},{"@type":"ListItem","position":3,"name":"Bengalisch"}]},{"@type":"WebSite","@id":"https:\/\/www.trustedtranslations.com\/de\/#website","url":"https:\/\/www.trustedtranslations.com\/de\/","name":"Trusted Translations, Inc.","description":"Leader in translation and interpretation services.","publisher":{"@id":"https:\/\/www.trustedtranslations.com\/de\/#organization"},"alternateName":"Trusted Translations","potentialAction":[{"@type":"SearchAction","target":{"@type":"EntryPoint","urlTemplate":"https:\/\/www.trustedtranslations.com\/de\/?s={search_term_string}"},"query-input":{"@type":"PropertyValueSpecification","valueRequired":true,"valueName":"search_term_string"}}],"inLanguage":"de"},{"@type":"Organization","@id":"https:\/\/www.trustedtranslations.com\/de\/#organization","name":"Trusted Translations","alternateName":"Trusted Translations, Inc.","url":"https:\/\/www.trustedtranslations.com\/de\/","logo":{"@type":"ImageObject","inLanguage":"de","@id":"https:\/\/www.trustedtranslations.com\/de\/#\/schema\/logo\/image\/","url":"https:\/\/static.trustedtranslations.com\/wp-content\/uploads\/2022\/01\/TT_logo_WSIColors-2.png","contentUrl":"https:\/\/static.trustedtranslations.com\/wp-content\/uploads\/2022\/01\/TT_logo_WSIColors-2.png","width":500,"height":196,"caption":"Trusted Translations"},"image":{"@id":"https:\/\/www.trustedtranslations.com\/de\/#\/schema\/logo\/image\/"},"sameAs":["https:\/\/www.facebook.com\/Trusted.Translations","https:\/\/x.com\/TrustedT9ns","https:\/\/www.linkedin.com\/company\/trusted-translations"]}]}},"toolset-meta":{"dyk":{"mensaje-1":{"type":"textfield","raw":"98% der Bangladescher verwenden Bengalisch als Muttersprache."},"mensaje-2":{"type":"textfield","raw":"Der Ursprung der bengalischen Sprache ist \u00fcber tausend Jahre alt."},"mensaje-3":{"type":"textfield","raw":"Der mit dem Nobelpreis ausgezeichnete Dichter Rabindranath Tagore schrieb auf Bengalisch."},"mensaje-4":{"type":"textfield","raw":"Bengalisch ist die am siebth\u00e4ufigsten gesprochene Sprache der Welt."},"mensaje-5":{"type":"textfield","raw":"Trusted Translations hat \u00fcber 5.000 zufriedene Kunden aus nahezu allen Branchen."},"mensaje-6":{"type":"textfield","raw":""}},"single-page-template-fields":{"imgs-temp":{"type":"image","raw":["https:\/\/static.trustedtranslations.com\/wp-content\/uploads\/2023\/05\/Bengali.jpg"],"repeatable":[{"raw":"https:\/\/static.trustedtranslations.com\/wp-content\/uploads\/2023\/05\/Bengali.jpg"}]},"imgs-temp-cel":{"type":"image","raw":["https:\/\/static.trustedtranslations.com\/wp-content\/uploads\/2023\/04\/image_WgAbTnij_1682003398015_raw-1.jpg"],"repeatable":[{"raw":"https:\/\/static.trustedtranslations.com\/wp-content\/uploads\/2023\/04\/image_WgAbTnij_1682003398015_raw-1.jpg"}]},"img-temp-one-cel":{"type":"image","raw":"","attachment_id":null},"quotes":{"type":"textarea","raw":"<h1 style=\"margin-bottom: 12px;\">\u00dcbersetzungsdienstleistungen in die und aus der bengalischen Sprache<\/h1>Als f\u00fchrender Anbieter von \u00dcbersetzungsdienstleistungen f\u00fcr Bengalisch bietet <em>Trusted Translations<\/em> wettbewerbsf\u00e4hige Preise f\u00fcr Bengalisch-Projekte, die eine \u00dcbersetzung ins und aus dem Englischen und vielen anderen europ\u00e4ischen und asiatischen Sprachen erfordern. Das zweisprachige und bikulturelle Bengalisch-Team ist erfahren in der Lokalisierung von \u00dcbersetzungen f\u00fcr Bangla (das Endonym von Bengalisch) Zielgruppen auf der ganzen Welt.<div style=\"margin-top: 2.5vw;\"><a class=\"tt-btn-main-cta\" href=\"\/quote\">KOSTENLOSEN KOSTENVORANSCHLAG ANFORDERN<\/a><\/div>"},"text-1":{"type":"textarea","raw":"<h2>Pr\u00e4zise \u00dcbersetzungen mit strengen Qualit\u00e4tskontrollen<\/h2>Die TT-Mitarbeiter sind akkurat und kultursensibel und managen Projekte mit hohem Volumen mit Hilfe kosteneffizienter Systeme, die fehlerfreie \u00dcbersetzungen innerhalb eines engen Zeitrahmens liefern. Qualit\u00e4tspr\u00fcfungen stellen die sprachliche Genauigkeit und die Einhaltung lokaler Gesetze sicher. <h2 style=\"margin-bottom: 20px\">Wirtschaftliche Bedeutung von Bengalisch<\/h2><br> Die Bengalisch sprechenden Regionen S\u00fcdasiens verf\u00fcgen \u00fcber einen aktiven internationalen Handelssektor. Bangladesch ist ein wichtiger Exporteur von Bekleidung, Textilien, Lederwaren und Juteprodukten, und Kalkutta in Indien ist ebenfalls ein wichtiges Zentrum f\u00fcr den internationalen Handel.<br><br> Der Banken- und Finanzsektor ist in Bangladesch gut entwickelt. Es gibt viele nationale und internationale Banken und sonstige Finanzinstitute. Eine der \u00e4ltesten B\u00f6rsen in Asien, die Calcutta Stock Exchange in Indien, ist ebenfalls ein Beispiel f\u00fcr diesen florierenden Finanzsektor. <br><br> Die Landwirtschaft ist ein wichtiger Handelssektor in Bangladesch und baut Reis, Jute, Tee und Zuckerrohr an. Mit seiner langen K\u00fcste und vielen Fl\u00fcssen sind Fisch und Meeresfr\u00fcchte auch wichtige Exportg\u00fcter.<h2 style=\"margin-bottom: 20px\">Bengalisch auf der ganzen Welt<\/h2><br> Bengalisch sprechende Menschen gibt es nicht nur in Bangladesch und Indien, sondern auch in Pakistan, Nepal, Saudi-Arabien, Oman, Kuwait, Katar, Bahrain, den Vereinigten Arabischen Emiraten, Gro\u00dfbritannien und den USA. <br><br> Mit \u00fcber 230 Millionen Sprechern belegt Bangla den siebten Platz unter den am h\u00e4ufigsten gesprochenen Sprachen der Welt. <br><br> Die bangladeschische Diaspora, die auf das 18. Jahrhundert zur\u00fcckgeht, umfasst heute etwa dreizehn Millionen Bangladescher, die au\u00dferhalb ihres Heimatlandes leben. Nahezu drei Millionen leben im Nahen Osten und zwei Millionen in Indien, w\u00e4hrend Banglatowns in so unterschiedlichen westlichen St\u00e4dten wie Detroit und London lebendige Gemeinschaften beherbergen. <br><br>"},"shortcode-map":{"type":"textfield","raw":""},"dyk-shortcode":{"type":"textfield","raw":"[elementor-template id=\"146647\"]"},"text-2":{"type":"textarea","raw":"<h2 style=\"margin-bottom: 20px\">Bengalisch: S\u00fc\u00df, aber herausfordernd<\/h2><br> Bengalisch, das Muttersprachlern als Bangla bekannt ist, ist eine indoarische Sprache, die haupts\u00e4chlich in Bangladesch und drei indischen Bundesstaaten gesprochen wird: Westbengalen, Tripura und Assam. <br><br> F\u00fcr Englischsprachige kann Bengalisch schwer zu meistern sein. Von links nach rechts geschrieben, liegen seine Wurzeln im Sanskrit. Dieser indoarische Zweig des indoeurop\u00e4ischen Sprachbaums hat keine Gro\u00dfbuchstaben, und seine Grammatik, sein Vokabular und seine Aussprache sind herausfordernd, doch viele Menschen \u2013 wenn auch subjektiv \u2013 halten es f\u00fcr eine sehr \u201es\u00fc\u00dfe\u201c (liebenswerte) Sprache. <h2 style=\"margin-bottom: 20px\">Erfahrene \u00dcbersetzungsteams f\u00fcr Bengalisch<\/h2><br> Die \u00dcbersetzer f\u00fcr Bengalisch bei <em>Trusted Translations<\/em> verstehen die Komplexit\u00e4t dieser alten Sprache. Ihre Arbeit wird von unabh\u00e4ngigen Experten Korrektur gelesen, bevor sie einer abschlie\u00dfenden Qualit\u00e4tspr\u00fcfung vor der Auslieferung unterzogen wird."},"state":{"type":"textfield","raw":""},"city":{"type":"textarea","raw":[]}}},"_links":{"self":[{"href":"https:\/\/www.trustedtranslations.com\/de\/wp-json\/wp\/v2\/pages\/204183","targetHints":{"allow":["GET"]}}],"collection":[{"href":"https:\/\/www.trustedtranslations.com\/de\/wp-json\/wp\/v2\/pages"}],"about":[{"href":"https:\/\/www.trustedtranslations.com\/de\/wp-json\/wp\/v2\/types\/page"}],"author":[{"embeddable":true,"href":"https:\/\/www.trustedtranslations.com\/de\/wp-json\/wp\/v2\/users\/1"}],"replies":[{"embeddable":true,"href":"https:\/\/www.trustedtranslations.com\/de\/wp-json\/wp\/v2\/comments?post=204183"}],"version-history":[{"count":0,"href":"https:\/\/www.trustedtranslations.com\/de\/wp-json\/wp\/v2\/pages\/204183\/revisions"}],"up":[{"embeddable":true,"href":"https:\/\/www.trustedtranslations.com\/de\/wp-json\/wp\/v2\/pages\/129506"}],"wp:featuredmedia":[{"embeddable":true,"href":"https:\/\/www.trustedtranslations.com\/de\/wp-json\/"}],"wp:attachment":[{"href":"https:\/\/www.trustedtranslations.com\/de\/wp-json\/wp\/v2\/media?parent=204183"}],"curies":[{"name":"wp","href":"https:\/\/api.w.org\/{rel}","templated":true}]}}