{"id":206775,"date":"2023-05-22T19:38:17","date_gmt":"2023-05-22T22:38:17","guid":{"rendered":"https:\/\/www.trustedtranslations.com\/?page_id=206775"},"modified":"2025-11-21T13:16:59","modified_gmt":"2025-11-21T16:16:59","slug":"philadelphia","status":"publish","type":"page","link":"https:\/\/www.trustedtranslations.com\/de\/ueber-uns\/kontakt\/philadelphia","title":{"rendered":"Philadelphia"},"content":{"rendered":"","protected":false},"excerpt":{"rendered":"","protected":false},"author":1,"featured_media":256921,"parent":129347,"menu_order":0,"comment_status":"closed","ping_status":"closed","template":"","meta":{"site-sidebar-layout":"no-sidebar","site-content-layout":"page-builder","ast-site-content-layout":"full-width-container","site-content-style":"unboxed","site-sidebar-style":"unboxed","ast-global-header-display":"","ast-banner-title-visibility":"","ast-main-header-display":"","ast-hfb-above-header-display":"","ast-hfb-below-header-display":"","ast-hfb-mobile-header-display":"","site-post-title":"disabled","ast-breadcrumbs-content":"","ast-featured-img":"disabled","footer-sml-layout":"","ast-disable-related-posts":"","theme-transparent-header-meta":"default","adv-header-id-meta":"","stick-header-meta":"","header-above-stick-meta":"","header-main-stick-meta":"","header-below-stick-meta":"","astra-migrate-meta-layouts":"set","ast-page-background-enabled":"default","ast-page-background-meta":{"desktop":{"background-color":"var(--ast-global-color-4)","background-image":"","background-repeat":"repeat","background-position":"center center","background-size":"auto","background-attachment":"scroll","background-type":"","background-media":"","overlay-type":"","overlay-color":"","overlay-opacity":"","overlay-gradient":""},"tablet":{"background-color":"","background-image":"","background-repeat":"repeat","background-position":"center center","background-size":"auto","background-attachment":"scroll","background-type":"","background-media":"","overlay-type":"","overlay-color":"","overlay-opacity":"","overlay-gradient":""},"mobile":{"background-color":"","background-image":"","background-repeat":"repeat","background-position":"center center","background-size":"auto","background-attachment":"scroll","background-type":"","background-media":"","overlay-type":"","overlay-color":"","overlay-opacity":"","overlay-gradient":""}},"ast-content-background-meta":{"desktop":{"background-color":"var(--ast-global-color-5)","background-image":"","background-repeat":"repeat","background-position":"center center","background-size":"auto","background-attachment":"scroll","background-type":"","background-media":"","overlay-type":"","overlay-color":"","overlay-opacity":"","overlay-gradient":""},"tablet":{"background-color":"var(--ast-global-color-5)","background-image":"","background-repeat":"repeat","background-position":"center center","background-size":"auto","background-attachment":"scroll","background-type":"","background-media":"","overlay-type":"","overlay-color":"","overlay-opacity":"","overlay-gradient":""},"mobile":{"background-color":"var(--ast-global-color-5)","background-image":"","background-repeat":"repeat","background-position":"center center","background-size":"auto","background-attachment":"scroll","background-type":"","background-media":"","overlay-type":"","overlay-color":"","overlay-opacity":"","overlay-gradient":""}},"footnotes":""},"class_list":["post-206775","page","type-page","status-publish","has-post-thumbnail","hentry"],"yoast_head":"<!-- This site is optimized with the Yoast SEO plugin v27.5 - https:\/\/yoast.com\/product\/yoast-seo-wordpress\/ -->\n<title>\u00dcbersetzungsdienstleistungen Philadelphia \u2013 F\u00fchrendes \u00dcbersetzungsunternehmen in Pennsylvania \u2013 Trusted Translations, Inc.<\/title>\n<meta name=\"description\" content=\"Trusted Translation, Inc. Philadelphia, Pennsylvania. Bew\u00e4hrte, qualitativ hochwertige \u00dcbersetzungsdienstleistungen zu den besten Preisen. Fordern Sie ein kostenloses Angebot oder eine Beratung an. Kontaktieren Sie uns heute.\" \/>\n<meta name=\"robots\" content=\"index, follow, max-snippet:-1, max-image-preview:large, max-video-preview:-1\" \/>\n<link rel=\"canonical\" href=\"https:\/\/www.trustedtranslations.com\/de\/ueber-uns\/kontakt\/philadelphia\" \/>\n<meta property=\"og:locale\" content=\"de_DE\" \/>\n<meta property=\"og:type\" content=\"article\" \/>\n<meta property=\"og:title\" content=\"\u00dcbersetzungsdienstleistungen Philadelphia \u2013 F\u00fchrendes \u00dcbersetzungsunternehmen in Pennsylvania \u2013 Trusted Translations, Inc.\" \/>\n<meta property=\"og:description\" content=\"Trusted Translation, Inc. Philadelphia, Pennsylvania. Bew\u00e4hrte, qualitativ hochwertige \u00dcbersetzungsdienstleistungen zu den besten Preisen. Fordern Sie ein kostenloses Angebot oder eine Beratung an. Kontaktieren Sie uns heute.\" \/>\n<meta property=\"og:url\" content=\"https:\/\/www.trustedtranslations.com\/de\/ueber-uns\/kontakt\/philadelphia\" \/>\n<meta property=\"og:site_name\" content=\"Trusted Translations, Inc.\" \/>\n<meta property=\"article:publisher\" content=\"https:\/\/www.facebook.com\/Trusted.Translations\" \/>\n<meta property=\"article:modified_time\" content=\"2025-11-21T16:16:59+00:00\" \/>\n<meta property=\"og:image\" content=\"https:\/\/www.trustedtranslations.com\/wp-content\/uploads\/2024\/05\/philadelphia-1-scaled-1.webp\" \/>\n\t<meta property=\"og:image:width\" content=\"2560\" \/>\n\t<meta property=\"og:image:height\" content=\"1438\" \/>\n\t<meta property=\"og:image:type\" content=\"image\/webp\" \/>\n<meta name=\"twitter:card\" content=\"summary_large_image\" \/>\n<meta name=\"twitter:site\" content=\"@TrustedT9ns\" \/>\n<script type=\"application\/ld+json\" class=\"yoast-schema-graph\">{\"@context\":\"https:\\\/\\\/schema.org\",\"@graph\":[{\"@type\":\"WebPage\",\"@id\":\"https:\\\/\\\/www.trustedtranslations.com\\\/de\\\/ueber-uns\\\/kontakt\\\/philadelphia\",\"url\":\"https:\\\/\\\/www.trustedtranslations.com\\\/de\\\/ueber-uns\\\/kontakt\\\/philadelphia\",\"name\":\"\u00dcbersetzungsdienstleistungen Philadelphia \u2013 F\u00fchrendes \u00dcbersetzungsunternehmen in Pennsylvania \u2013 Trusted Translations, Inc.\",\"isPartOf\":{\"@id\":\"https:\\\/\\\/www.trustedtranslations.com\\\/de\\\/#website\"},\"primaryImageOfPage\":{\"@id\":\"https:\\\/\\\/www.trustedtranslations.com\\\/de\\\/ueber-uns\\\/kontakt\\\/philadelphia#primaryimage\"},\"image\":{\"@id\":\"https:\\\/\\\/www.trustedtranslations.com\\\/de\\\/ueber-uns\\\/kontakt\\\/philadelphia#primaryimage\"},\"thumbnailUrl\":\"https:\\\/\\\/www.trustedtranslations.com\\\/wp-content\\\/uploads\\\/2024\\\/05\\\/philadelphia-1-scaled-1.webp\",\"description\":\"Trusted Translation, Inc. Philadelphia, Pennsylvania. Bew\u00e4hrte, qualitativ hochwertige \u00dcbersetzungsdienstleistungen zu den besten Preisen. Fordern Sie ein kostenloses Angebot oder eine Beratung an. Kontaktieren Sie uns heute.\",\"breadcrumb\":{\"@id\":\"https:\\\/\\\/www.trustedtranslations.com\\\/de\\\/ueber-uns\\\/kontakt\\\/philadelphia#breadcrumb\"},\"inLanguage\":\"de\",\"potentialAction\":[{\"@type\":\"ReadAction\",\"target\":[\"https:\\\/\\\/www.trustedtranslations.com\\\/de\\\/ueber-uns\\\/kontakt\\\/philadelphia\"]}]},{\"@type\":\"ImageObject\",\"inLanguage\":\"de\",\"@id\":\"https:\\\/\\\/www.trustedtranslations.com\\\/de\\\/ueber-uns\\\/kontakt\\\/philadelphia#primaryimage\",\"url\":\"https:\\\/\\\/www.trustedtranslations.com\\\/wp-content\\\/uploads\\\/2024\\\/05\\\/philadelphia-1-scaled-1.webp\",\"contentUrl\":\"https:\\\/\\\/www.trustedtranslations.com\\\/wp-content\\\/uploads\\\/2024\\\/05\\\/philadelphia-1-scaled-1.webp\",\"width\":2560,\"height\":1438,\"caption\":\"philadelphia 1 scaled 1\"},{\"@type\":\"BreadcrumbList\",\"@id\":\"https:\\\/\\\/www.trustedtranslations.com\\\/de\\\/ueber-uns\\\/kontakt\\\/philadelphia#breadcrumb\",\"itemListElement\":[{\"@type\":\"ListItem\",\"position\":1,\"name\":\"Home\",\"item\":\"https:\\\/\\\/www.trustedtranslations.com\\\/de\"},{\"@type\":\"ListItem\",\"position\":2,\"name\":\"\u00dcber uns\",\"item\":\"https:\\\/\\\/www.trustedtranslations.com\\\/de\\\/ueber-uns\"},{\"@type\":\"ListItem\",\"position\":3,\"name\":\"Kontakt\",\"item\":\"https:\\\/\\\/www.trustedtranslations.com\\\/de\\\/ueber-uns\\\/kontakt\"},{\"@type\":\"ListItem\",\"position\":4,\"name\":\"Philadelphia\"}]},{\"@type\":\"WebSite\",\"@id\":\"https:\\\/\\\/www.trustedtranslations.com\\\/de\\\/#website\",\"url\":\"https:\\\/\\\/www.trustedtranslations.com\\\/de\\\/\",\"name\":\"Trusted Translations, Inc.\",\"description\":\"Leader in translation and interpretation services.\",\"publisher\":{\"@id\":\"https:\\\/\\\/www.trustedtranslations.com\\\/de\\\/#organization\"},\"alternateName\":\"Trusted Translations\",\"potentialAction\":[{\"@type\":\"SearchAction\",\"target\":{\"@type\":\"EntryPoint\",\"urlTemplate\":\"https:\\\/\\\/www.trustedtranslations.com\\\/de\\\/?s={search_term_string}\"},\"query-input\":{\"@type\":\"PropertyValueSpecification\",\"valueRequired\":true,\"valueName\":\"search_term_string\"}}],\"inLanguage\":\"de\"},{\"@type\":\"Organization\",\"@id\":\"https:\\\/\\\/www.trustedtranslations.com\\\/de\\\/#organization\",\"name\":\"Trusted Translations\",\"alternateName\":\"Trusted Translations, Inc.\",\"url\":\"https:\\\/\\\/www.trustedtranslations.com\\\/de\\\/\",\"logo\":{\"@type\":\"ImageObject\",\"inLanguage\":\"de\",\"@id\":\"https:\\\/\\\/www.trustedtranslations.com\\\/de\\\/#\\\/schema\\\/logo\\\/image\\\/\",\"url\":\"https:\\\/\\\/static.trustedtranslations.com\\\/wp-content\\\/uploads\\\/2022\\\/01\\\/TT_logo_WSIColors-2.png\",\"contentUrl\":\"https:\\\/\\\/static.trustedtranslations.com\\\/wp-content\\\/uploads\\\/2022\\\/01\\\/TT_logo_WSIColors-2.png\",\"width\":500,\"height\":196,\"caption\":\"Trusted Translations\"},\"image\":{\"@id\":\"https:\\\/\\\/www.trustedtranslations.com\\\/de\\\/#\\\/schema\\\/logo\\\/image\\\/\"},\"sameAs\":[\"https:\\\/\\\/www.facebook.com\\\/Trusted.Translations\",\"https:\\\/\\\/x.com\\\/TrustedT9ns\",\"https:\\\/\\\/www.linkedin.com\\\/company\\\/trusted-translations\"]}]}<\/script>\n<!-- \/ Yoast SEO plugin. -->","yoast_head_json":{"title":"\u00dcbersetzungsdienstleistungen Philadelphia \u2013 F\u00fchrendes \u00dcbersetzungsunternehmen in Pennsylvania \u2013 Trusted Translations, Inc.","description":"Trusted Translation, Inc. Philadelphia, Pennsylvania. Bew\u00e4hrte, qualitativ hochwertige \u00dcbersetzungsdienstleistungen zu den besten Preisen. Fordern Sie ein kostenloses Angebot oder eine Beratung an. Kontaktieren Sie uns heute.","robots":{"index":"index","follow":"follow","max-snippet":"max-snippet:-1","max-image-preview":"max-image-preview:large","max-video-preview":"max-video-preview:-1"},"canonical":"https:\/\/www.trustedtranslations.com\/de\/ueber-uns\/kontakt\/philadelphia","og_locale":"de_DE","og_type":"article","og_title":"\u00dcbersetzungsdienstleistungen Philadelphia \u2013 F\u00fchrendes \u00dcbersetzungsunternehmen in Pennsylvania \u2013 Trusted Translations, Inc.","og_description":"Trusted Translation, Inc. Philadelphia, Pennsylvania. Bew\u00e4hrte, qualitativ hochwertige \u00dcbersetzungsdienstleistungen zu den besten Preisen. Fordern Sie ein kostenloses Angebot oder eine Beratung an. Kontaktieren Sie uns heute.","og_url":"https:\/\/www.trustedtranslations.com\/de\/ueber-uns\/kontakt\/philadelphia","og_site_name":"Trusted Translations, Inc.","article_publisher":"https:\/\/www.facebook.com\/Trusted.Translations","article_modified_time":"2025-11-21T16:16:59+00:00","og_image":[{"width":2560,"height":1438,"url":"https:\/\/www.trustedtranslations.com\/wp-content\/uploads\/2024\/05\/philadelphia-1-scaled-1.webp","type":"image\/webp"}],"twitter_card":"summary_large_image","twitter_site":"@TrustedT9ns","schema":{"@context":"https:\/\/schema.org","@graph":[{"@type":"WebPage","@id":"https:\/\/www.trustedtranslations.com\/de\/ueber-uns\/kontakt\/philadelphia","url":"https:\/\/www.trustedtranslations.com\/de\/ueber-uns\/kontakt\/philadelphia","name":"\u00dcbersetzungsdienstleistungen Philadelphia \u2013 F\u00fchrendes \u00dcbersetzungsunternehmen in Pennsylvania \u2013 Trusted Translations, Inc.","isPartOf":{"@id":"https:\/\/www.trustedtranslations.com\/de\/#website"},"primaryImageOfPage":{"@id":"https:\/\/www.trustedtranslations.com\/de\/ueber-uns\/kontakt\/philadelphia#primaryimage"},"image":{"@id":"https:\/\/www.trustedtranslations.com\/de\/ueber-uns\/kontakt\/philadelphia#primaryimage"},"thumbnailUrl":"https:\/\/www.trustedtranslations.com\/wp-content\/uploads\/2024\/05\/philadelphia-1-scaled-1.webp","description":"Trusted Translation, Inc. Philadelphia, Pennsylvania. Bew\u00e4hrte, qualitativ hochwertige \u00dcbersetzungsdienstleistungen zu den besten Preisen. Fordern Sie ein kostenloses Angebot oder eine Beratung an. Kontaktieren Sie uns heute.","breadcrumb":{"@id":"https:\/\/www.trustedtranslations.com\/de\/ueber-uns\/kontakt\/philadelphia#breadcrumb"},"inLanguage":"de","potentialAction":[{"@type":"ReadAction","target":["https:\/\/www.trustedtranslations.com\/de\/ueber-uns\/kontakt\/philadelphia"]}]},{"@type":"ImageObject","inLanguage":"de","@id":"https:\/\/www.trustedtranslations.com\/de\/ueber-uns\/kontakt\/philadelphia#primaryimage","url":"https:\/\/www.trustedtranslations.com\/wp-content\/uploads\/2024\/05\/philadelphia-1-scaled-1.webp","contentUrl":"https:\/\/www.trustedtranslations.com\/wp-content\/uploads\/2024\/05\/philadelphia-1-scaled-1.webp","width":2560,"height":1438,"caption":"philadelphia 1 scaled 1"},{"@type":"BreadcrumbList","@id":"https:\/\/www.trustedtranslations.com\/de\/ueber-uns\/kontakt\/philadelphia#breadcrumb","itemListElement":[{"@type":"ListItem","position":1,"name":"Home","item":"https:\/\/www.trustedtranslations.com\/de"},{"@type":"ListItem","position":2,"name":"\u00dcber uns","item":"https:\/\/www.trustedtranslations.com\/de\/ueber-uns"},{"@type":"ListItem","position":3,"name":"Kontakt","item":"https:\/\/www.trustedtranslations.com\/de\/ueber-uns\/kontakt"},{"@type":"ListItem","position":4,"name":"Philadelphia"}]},{"@type":"WebSite","@id":"https:\/\/www.trustedtranslations.com\/de\/#website","url":"https:\/\/www.trustedtranslations.com\/de\/","name":"Trusted Translations, Inc.","description":"Leader in translation and interpretation services.","publisher":{"@id":"https:\/\/www.trustedtranslations.com\/de\/#organization"},"alternateName":"Trusted Translations","potentialAction":[{"@type":"SearchAction","target":{"@type":"EntryPoint","urlTemplate":"https:\/\/www.trustedtranslations.com\/de\/?s={search_term_string}"},"query-input":{"@type":"PropertyValueSpecification","valueRequired":true,"valueName":"search_term_string"}}],"inLanguage":"de"},{"@type":"Organization","@id":"https:\/\/www.trustedtranslations.com\/de\/#organization","name":"Trusted Translations","alternateName":"Trusted Translations, Inc.","url":"https:\/\/www.trustedtranslations.com\/de\/","logo":{"@type":"ImageObject","inLanguage":"de","@id":"https:\/\/www.trustedtranslations.com\/de\/#\/schema\/logo\/image\/","url":"https:\/\/static.trustedtranslations.com\/wp-content\/uploads\/2022\/01\/TT_logo_WSIColors-2.png","contentUrl":"https:\/\/static.trustedtranslations.com\/wp-content\/uploads\/2022\/01\/TT_logo_WSIColors-2.png","width":500,"height":196,"caption":"Trusted Translations"},"image":{"@id":"https:\/\/www.trustedtranslations.com\/de\/#\/schema\/logo\/image\/"},"sameAs":["https:\/\/www.facebook.com\/Trusted.Translations","https:\/\/x.com\/TrustedT9ns","https:\/\/www.linkedin.com\/company\/trusted-translations"]}]}},"toolset-meta":{"dyk":{"mensaje-1":{"type":"textfield","raw":"Philadelphia ist die neuntgr\u00f6\u00dfte Metropolregion der USA."},"mensaje-2":{"type":"textfield","raw":"Im Jahr 2023 geh\u00f6rt Philadelphia zu den f\u00fcnf gr\u00f6\u00dften Risikokapitalzentren des Landes."},"mensaje-3":{"type":"textfield","raw":"Jedes Jahr besuchen \u00fcber 30 Millionen Menschen die Gegend um Philadelphia."},"mensaje-4":{"type":"textfield","raw":"Die Unabh\u00e4ngigkeitserkl\u00e4rung und die US-Verfassung wurden beide in Philadelphia verfasst."},"mensaje-5":{"type":"textfield","raw":"Trusted Translations hat \u00fcber 5.000 zufriedene Kunden aus nahezu allen Branchen."},"mensaje-6":{"type":"textfield","raw":""}},"single-page-template-fields":{"imgs-temp":{"type":"image","raw":["https:\/\/static.trustedtranslations.com\/wp-content\/uploads\/2024\/05\/Group-135-2.webp"],"repeatable":[{"raw":"https:\/\/static.trustedtranslations.com\/wp-content\/uploads\/2024\/05\/Group-135-2.webp"}]},"imgs-temp-cel":{"type":"image","raw":[""],"repeatable":[{"raw":""}]},"img-temp-one-cel":{"type":"image","raw":"https:\/\/static.trustedtranslations.com\/wp-content\/uploads\/2024\/05\/philadelphia-1-scaled-1.webp","attachment_id":null},"quotes":{"type":"textarea","raw":"<h1 style=\"margin-bottom:12px\">\u00dcbersetzungsdienstleistungen in Philadelphia<\/h1>\r\n<p>\r\n    <a style=\"color: #2a2a2a; text-decoration: none;\" href=\"https:\/\/goo.gl\/maps\/PubxFSXtD8Kv7Y3N7?coh=178572&entry=tt\"><i class=\"fa fa-map-pin\"><\/i> 7244 Castor Ave\r\n        Philadelphia, Pennsylvania, 19149\r\n        United States<\/a>\r\n    <a style=\"color: #2a2a2a; text-decoration: none;\" href=\"tel:+12159991219\"><i class=\"fa fa-phone\"><\/i> +1 (215) 999-1219<\/a>\r\n    <a style=\"color: #2a2a2a; text-decoration: none;\" href=\"mailto:philadelphia@trustedtranslations.com\"><i class=\"fa fa-envelope\"><\/i>philadelphia@trustedtranslations.com<\/a>\r\n<\/p>\r\n<div style=\"margin-top: 2.5vw;\"><a class=\"tt-btn-main-cta\" href=\"#tree-form\">Kostenlosen Kostenvoranschlag anfordern<\/a><\/div>"},"text-1":{"type":"textarea","raw":"<h2>Karte der Niederlassung in Philadelphia<\/h2>"},"shortcode-map":{"type":"textfield","raw":"[mostrar_mapa url=\"https:\/\/www.google.com\/maps\/embed?pb=!1m18!1m12!1m3!1d3054.1006036332565!2d-75.06938182503966!3d40.050855777828204!2m3!1f0!2f0!3f0!3m2!1i1024!2i768!4f13.1!3m3!1m2!1s0x89c6b6a15fbad4db%3A0xdf32c1b0c00728c!2s7244%20Castor%20Ave%2C%20Philadelphia%2C%20PA%2019149%2C%20EE.%20UU.!5e0!3m2!1ses-419!2sar!4v1684173225132!5m2!1ses-419!2sar\" width=\"600px\" height=\"450px\"]"},"dyk-shortcode":{"type":"textfield","raw":"[elementor-template id=\"146647\"]"},"text-2":{"type":"textarea","raw":"<h2>Professionelle \u00dcbersetzungsdienstleistungen in Philadelphia<\/h2>\r\n<img class=\"alignright wp-image-206253 size-full\" src=\"https:\/\/static.trustedtranslations.com\/wp-content\/uploads\/2023\/05\/philadelphia-2.jpg\" alt=\"\" width=\"500\" height=\"334\" \/>\r\n\r\nPhiladelphia ist ber\u00fchmt f\u00fcr seine Rolle in den Vereinigten Staaten w\u00e4hrend der Revolutionszeit und ist heute ein Zentrum der Wirtschaftst\u00e4tigkeit an der Ostk\u00fcste und im Delaware Valley, insbesondere in den Bereichen <a href=\"https:\/\/www.trustedtranslations.com\/de\/branchen\/finanzen\">Finanzen<\/a>, <a href=\"https:\/\/www.trustedtranslations.com\/de\/branchen\/medizinische-uebersetzung\">Gesundheitswesen<\/a>, <a href=\"https:\/\/www.trustedtranslations.com\/de\/branchen\/elearning-und-lokalisierung\">Hochschulbildung<\/a>, <a href=\"https:\/\/www.trustedtranslations.com\/de\/branchen\/medien\">Telekommunikation<\/a> und Tourismus. <strong><em>Trusted Translations<\/em><\/strong> hat \u00dcbersetzungen f\u00fcr eine Vielzahl von <a href=\"https:\/\/www.trustedtranslations.com\/de\/branchen\/geschaeftlich\">Unternehmen<\/a> im Gro\u00dfraum Philadelphia bereitgestellt, darunter unter anderem AECOM, Audacy, FXI, Dollar General Corporation, Moravia Health, Consarc und Fox Rothschild LLP.\r\n\r\n<strong><em>Trusted Translations<\/em><\/strong> verf\u00fcgt \u00fcber Erfahrung in der Betreuung der lebendigen Mischung aus Sprachen und Kulturen in Philadelphia. Nach Englisch ist <a href=\"https:\/\/www.trustedtranslations.com\/de\/sprache\/spanisch\/uebersetzungsdienstleistungen-in-die-und-aus-der-spanischen-sprache\">Spanisch<\/a> die am h\u00e4ufigsten gesprochene Sprache in Philadelphia. Die <a href=\"https:\/\/www.trustedtranslations.com\/de\/sprache\/spanisch\/merkmale\/us-spanisch\">hispanoamerikanische Bev\u00f6lkerung<\/a> hat sich seit dem Jahr 2000 fast verdreifacht und die Stadt ist die zweitgr\u00f6\u00dfte puerto-ricanische Gemeinde des Landes au\u00dferhalb von Puerto Rico. Aufgrund einer langen Einwanderungsgeschichte ist Philadelphia auch die Heimat Tausender Sprecher von <a href=\"https:\/\/www.trustedtranslations.com\/de\/sprache\/chinesisch\">Chinesisch<\/a>, <a href=\"https:\/\/www.trustedtranslations.com\/de\/sprache\/mehrsprachig\">Haitianisch-Kreolisch<\/a> und <a href=\"https:\/\/www.trustedtranslations.com\/de\/sprache\/vietnamesisch\">Vietnamesisch<\/a> sowie der zweitgr\u00f6\u00dften ukrainischen Gemeinschaft in den Vereinigten Staaten. Dar\u00fcber hinaus gibt es einen st\u00e4ndigen Zustrom internationaler Touristen.\r\n<h2 style=\"margin-bottom:20px\">\u00dcber die Stadt Philadelphia<\/h2>\r\n\u201ePhilly\u201c pr\u00e4sentiert Wahrzeichen wie die Liberty Bell Seite an Seite mit modernen Finanzs\u00e4ulen wie der Philadelphia Stock Exchange und zieht jedes Jahr Millionen von Gesch\u00e4fts- und Touristenbesuchern an. Der Gro\u00dfraum Philadelphia, zu dem auch Camden (NJ) und Wilmington (DE) geh\u00f6ren, hat \u00fcber 6 Millionen Einwohner und ist der neuntgr\u00f6\u00dfte Wirtschaftsraum in den Vereinigten Staaten."},"state":{"type":"textfield","raw":""},"city":{"type":"textarea","raw":[""]}}},"_links":{"self":[{"href":"https:\/\/www.trustedtranslations.com\/de\/wp-json\/wp\/v2\/pages\/206775","targetHints":{"allow":["GET"]}}],"collection":[{"href":"https:\/\/www.trustedtranslations.com\/de\/wp-json\/wp\/v2\/pages"}],"about":[{"href":"https:\/\/www.trustedtranslations.com\/de\/wp-json\/wp\/v2\/types\/page"}],"author":[{"embeddable":true,"href":"https:\/\/www.trustedtranslations.com\/de\/wp-json\/wp\/v2\/users\/1"}],"replies":[{"embeddable":true,"href":"https:\/\/www.trustedtranslations.com\/de\/wp-json\/wp\/v2\/comments?post=206775"}],"version-history":[{"count":0,"href":"https:\/\/www.trustedtranslations.com\/de\/wp-json\/wp\/v2\/pages\/206775\/revisions"}],"up":[{"embeddable":true,"href":"https:\/\/www.trustedtranslations.com\/de\/wp-json\/wp\/v2\/pages\/129347"}],"wp:featuredmedia":[{"embeddable":true,"href":"https:\/\/www.trustedtranslations.com\/de\/wp-json\/wp\/v2\/media\/256921"}],"wp:attachment":[{"href":"https:\/\/www.trustedtranslations.com\/de\/wp-json\/wp\/v2\/media?parent=206775"}],"curies":[{"name":"wp","href":"https:\/\/api.w.org\/{rel}","templated":true}]}}