{"id":208864,"date":"2023-06-06T14:37:49","date_gmt":"2023-06-06T17:37:49","guid":{"rendered":"https:\/\/www.trustedtranslations.com\/?page_id=208864"},"modified":"2025-11-21T17:06:52","modified_gmt":"2025-11-21T20:06:52","slug":"detroit","status":"publish","type":"page","link":"https:\/\/www.trustedtranslations.com\/de\/ueber-uns\/kontakt\/detroit","title":{"rendered":"Detroit"},"content":{"rendered":"","protected":false},"excerpt":{"rendered":"","protected":false},"author":1,"featured_media":257070,"parent":129347,"menu_order":0,"comment_status":"closed","ping_status":"closed","template":"","meta":{"site-sidebar-layout":"no-sidebar","site-content-layout":"page-builder","ast-site-content-layout":"full-width-container","site-content-style":"unboxed","site-sidebar-style":"unboxed","ast-global-header-display":"","ast-banner-title-visibility":"","ast-main-header-display":"","ast-hfb-above-header-display":"","ast-hfb-below-header-display":"","ast-hfb-mobile-header-display":"","site-post-title":"disabled","ast-breadcrumbs-content":"","ast-featured-img":"disabled","footer-sml-layout":"","ast-disable-related-posts":"","theme-transparent-header-meta":"default","adv-header-id-meta":"","stick-header-meta":"","header-above-stick-meta":"","header-main-stick-meta":"","header-below-stick-meta":"","astra-migrate-meta-layouts":"set","ast-page-background-enabled":"default","ast-page-background-meta":{"desktop":{"background-color":"var(--ast-global-color-4)","background-image":"","background-repeat":"repeat","background-position":"center center","background-size":"auto","background-attachment":"scroll","background-type":"","background-media":"","overlay-type":"","overlay-color":"","overlay-opacity":"","overlay-gradient":""},"tablet":{"background-color":"","background-image":"","background-repeat":"repeat","background-position":"center center","background-size":"auto","background-attachment":"scroll","background-type":"","background-media":"","overlay-type":"","overlay-color":"","overlay-opacity":"","overlay-gradient":""},"mobile":{"background-color":"","background-image":"","background-repeat":"repeat","background-position":"center center","background-size":"auto","background-attachment":"scroll","background-type":"","background-media":"","overlay-type":"","overlay-color":"","overlay-opacity":"","overlay-gradient":""}},"ast-content-background-meta":{"desktop":{"background-color":"var(--ast-global-color-5)","background-image":"","background-repeat":"repeat","background-position":"center center","background-size":"auto","background-attachment":"scroll","background-type":"","background-media":"","overlay-type":"","overlay-color":"","overlay-opacity":"","overlay-gradient":""},"tablet":{"background-color":"var(--ast-global-color-5)","background-image":"","background-repeat":"repeat","background-position":"center center","background-size":"auto","background-attachment":"scroll","background-type":"","background-media":"","overlay-type":"","overlay-color":"","overlay-opacity":"","overlay-gradient":""},"mobile":{"background-color":"var(--ast-global-color-5)","background-image":"","background-repeat":"repeat","background-position":"center center","background-size":"auto","background-attachment":"scroll","background-type":"","background-media":"","overlay-type":"","overlay-color":"","overlay-opacity":"","overlay-gradient":""}},"footnotes":""},"class_list":["post-208864","page","type-page","status-publish","has-post-thumbnail","hentry"],"yoast_head":"<!-- This site is optimized with the Yoast SEO plugin v27.3 - https:\/\/yoast.com\/product\/yoast-seo-wordpress\/ -->\n<title>\u00dcbersetzungsdienstleistungen in Detroit \u2013 Michigans f\u00fchrendes \u00dcbersetzungsunternehmen \u2013 Trusted Translations, Inc.<\/title>\n<meta name=\"description\" content=\"Trusted Translation, Inc. Detroit, Michigan. Bew\u00e4hrte, qualitativ hochwertige \u00dcbersetzungsdienstleistungen zu den besten Preisen. Fordern Sie ein kostenloses Angebot oder eine Beratung an. Kontaktieren Sie uns heute.\" \/>\n<meta name=\"robots\" content=\"index, follow, max-snippet:-1, max-image-preview:large, max-video-preview:-1\" \/>\n<link rel=\"canonical\" href=\"https:\/\/www.trustedtranslations.com\/de\/ueber-uns\/kontakt\/detroit\" \/>\n<meta property=\"og:locale\" content=\"de_DE\" \/>\n<meta property=\"og:type\" content=\"article\" \/>\n<meta property=\"og:title\" content=\"\u00dcbersetzungsdienstleistungen in Detroit \u2013 Michigans f\u00fchrendes \u00dcbersetzungsunternehmen \u2013 Trusted Translations, Inc.\" \/>\n<meta property=\"og:description\" content=\"Trusted Translation, Inc. Detroit, Michigan. Bew\u00e4hrte, qualitativ hochwertige \u00dcbersetzungsdienstleistungen zu den besten Preisen. Fordern Sie ein kostenloses Angebot oder eine Beratung an. Kontaktieren Sie uns heute.\" \/>\n<meta property=\"og:url\" content=\"https:\/\/www.trustedtranslations.com\/de\/ueber-uns\/kontakt\/detroit\" \/>\n<meta property=\"og:site_name\" content=\"Trusted Translations, Inc.\" \/>\n<meta property=\"article:publisher\" content=\"https:\/\/www.facebook.com\/Trusted.Translations\" \/>\n<meta property=\"article:modified_time\" content=\"2025-11-21T20:06:52+00:00\" \/>\n<meta property=\"og:image\" content=\"https:\/\/www.trustedtranslations.com\/wp-content\/uploads\/2024\/05\/Detroit-scaled-1.webp\" \/>\n\t<meta property=\"og:image:width\" content=\"2560\" \/>\n\t<meta property=\"og:image:height\" content=\"1033\" \/>\n\t<meta property=\"og:image:type\" content=\"image\/webp\" \/>\n<meta name=\"twitter:card\" content=\"summary_large_image\" \/>\n<meta name=\"twitter:site\" content=\"@TrustedT9ns\" \/>\n<script type=\"application\/ld+json\" class=\"yoast-schema-graph\">{\"@context\":\"https:\\\/\\\/schema.org\",\"@graph\":[{\"@type\":\"WebPage\",\"@id\":\"https:\\\/\\\/www.trustedtranslations.com\\\/de\\\/ueber-uns\\\/kontakt\\\/detroit\",\"url\":\"https:\\\/\\\/www.trustedtranslations.com\\\/de\\\/ueber-uns\\\/kontakt\\\/detroit\",\"name\":\"\u00dcbersetzungsdienstleistungen in Detroit \u2013 Michigans f\u00fchrendes \u00dcbersetzungsunternehmen \u2013 Trusted Translations, Inc.\",\"isPartOf\":{\"@id\":\"https:\\\/\\\/www.trustedtranslations.com\\\/de\\\/#website\"},\"primaryImageOfPage\":{\"@id\":\"https:\\\/\\\/www.trustedtranslations.com\\\/de\\\/ueber-uns\\\/kontakt\\\/detroit#primaryimage\"},\"image\":{\"@id\":\"https:\\\/\\\/www.trustedtranslations.com\\\/de\\\/ueber-uns\\\/kontakt\\\/detroit#primaryimage\"},\"thumbnailUrl\":\"https:\\\/\\\/www.trustedtranslations.com\\\/wp-content\\\/uploads\\\/2024\\\/05\\\/Detroit-scaled-1.webp\",\"description\":\"Trusted Translation, Inc. Detroit, Michigan. Bew\u00e4hrte, qualitativ hochwertige \u00dcbersetzungsdienstleistungen zu den besten Preisen. Fordern Sie ein kostenloses Angebot oder eine Beratung an. Kontaktieren Sie uns heute.\",\"breadcrumb\":{\"@id\":\"https:\\\/\\\/www.trustedtranslations.com\\\/de\\\/ueber-uns\\\/kontakt\\\/detroit#breadcrumb\"},\"inLanguage\":\"de\",\"potentialAction\":[{\"@type\":\"ReadAction\",\"target\":[\"https:\\\/\\\/www.trustedtranslations.com\\\/de\\\/ueber-uns\\\/kontakt\\\/detroit\"]}]},{\"@type\":\"ImageObject\",\"inLanguage\":\"de\",\"@id\":\"https:\\\/\\\/www.trustedtranslations.com\\\/de\\\/ueber-uns\\\/kontakt\\\/detroit#primaryimage\",\"url\":\"https:\\\/\\\/www.trustedtranslations.com\\\/wp-content\\\/uploads\\\/2024\\\/05\\\/Detroit-scaled-1.webp\",\"contentUrl\":\"https:\\\/\\\/www.trustedtranslations.com\\\/wp-content\\\/uploads\\\/2024\\\/05\\\/Detroit-scaled-1.webp\",\"width\":2560,\"height\":1033,\"caption\":\"Detroit scaled 1\"},{\"@type\":\"BreadcrumbList\",\"@id\":\"https:\\\/\\\/www.trustedtranslations.com\\\/de\\\/ueber-uns\\\/kontakt\\\/detroit#breadcrumb\",\"itemListElement\":[{\"@type\":\"ListItem\",\"position\":1,\"name\":\"Home\",\"item\":\"https:\\\/\\\/www.trustedtranslations.com\\\/de\"},{\"@type\":\"ListItem\",\"position\":2,\"name\":\"\u00dcber uns\",\"item\":\"https:\\\/\\\/www.trustedtranslations.com\\\/de\\\/ueber-uns\"},{\"@type\":\"ListItem\",\"position\":3,\"name\":\"Kontakt\",\"item\":\"https:\\\/\\\/www.trustedtranslations.com\\\/de\\\/ueber-uns\\\/kontakt\"},{\"@type\":\"ListItem\",\"position\":4,\"name\":\"Detroit\"}]},{\"@type\":\"WebSite\",\"@id\":\"https:\\\/\\\/www.trustedtranslations.com\\\/de\\\/#website\",\"url\":\"https:\\\/\\\/www.trustedtranslations.com\\\/de\\\/\",\"name\":\"Trusted Translations, Inc.\",\"description\":\"Leader in translation and interpretation services.\",\"publisher\":{\"@id\":\"https:\\\/\\\/www.trustedtranslations.com\\\/de\\\/#organization\"},\"alternateName\":\"Trusted Translations\",\"potentialAction\":[{\"@type\":\"SearchAction\",\"target\":{\"@type\":\"EntryPoint\",\"urlTemplate\":\"https:\\\/\\\/www.trustedtranslations.com\\\/de\\\/?s={search_term_string}\"},\"query-input\":{\"@type\":\"PropertyValueSpecification\",\"valueRequired\":true,\"valueName\":\"search_term_string\"}}],\"inLanguage\":\"de\"},{\"@type\":\"Organization\",\"@id\":\"https:\\\/\\\/www.trustedtranslations.com\\\/de\\\/#organization\",\"name\":\"Trusted Translations\",\"alternateName\":\"Trusted Translations, Inc.\",\"url\":\"https:\\\/\\\/www.trustedtranslations.com\\\/de\\\/\",\"logo\":{\"@type\":\"ImageObject\",\"inLanguage\":\"de\",\"@id\":\"https:\\\/\\\/www.trustedtranslations.com\\\/de\\\/#\\\/schema\\\/logo\\\/image\\\/\",\"url\":\"https:\\\/\\\/static.trustedtranslations.com\\\/wp-content\\\/uploads\\\/2022\\\/01\\\/TT_logo_WSIColors-2.png\",\"contentUrl\":\"https:\\\/\\\/static.trustedtranslations.com\\\/wp-content\\\/uploads\\\/2022\\\/01\\\/TT_logo_WSIColors-2.png\",\"width\":500,\"height\":196,\"caption\":\"Trusted Translations\"},\"image\":{\"@id\":\"https:\\\/\\\/www.trustedtranslations.com\\\/de\\\/#\\\/schema\\\/logo\\\/image\\\/\"},\"sameAs\":[\"https:\\\/\\\/www.facebook.com\\\/Trusted.Translations\",\"https:\\\/\\\/x.com\\\/TrustedT9ns\",\"https:\\\/\\\/www.linkedin.com\\\/company\\\/trusted-translations\"]}]}<\/script>\n<!-- \/ Yoast SEO plugin. -->","yoast_head_json":{"title":"\u00dcbersetzungsdienstleistungen in Detroit \u2013 Michigans f\u00fchrendes \u00dcbersetzungsunternehmen \u2013 Trusted Translations, Inc.","description":"Trusted Translation, Inc. Detroit, Michigan. Bew\u00e4hrte, qualitativ hochwertige \u00dcbersetzungsdienstleistungen zu den besten Preisen. Fordern Sie ein kostenloses Angebot oder eine Beratung an. Kontaktieren Sie uns heute.","robots":{"index":"index","follow":"follow","max-snippet":"max-snippet:-1","max-image-preview":"max-image-preview:large","max-video-preview":"max-video-preview:-1"},"canonical":"https:\/\/www.trustedtranslations.com\/de\/ueber-uns\/kontakt\/detroit","og_locale":"de_DE","og_type":"article","og_title":"\u00dcbersetzungsdienstleistungen in Detroit \u2013 Michigans f\u00fchrendes \u00dcbersetzungsunternehmen \u2013 Trusted Translations, Inc.","og_description":"Trusted Translation, Inc. Detroit, Michigan. Bew\u00e4hrte, qualitativ hochwertige \u00dcbersetzungsdienstleistungen zu den besten Preisen. Fordern Sie ein kostenloses Angebot oder eine Beratung an. Kontaktieren Sie uns heute.","og_url":"https:\/\/www.trustedtranslations.com\/de\/ueber-uns\/kontakt\/detroit","og_site_name":"Trusted Translations, Inc.","article_publisher":"https:\/\/www.facebook.com\/Trusted.Translations","article_modified_time":"2025-11-21T20:06:52+00:00","og_image":[{"width":2560,"height":1033,"url":"https:\/\/www.trustedtranslations.com\/wp-content\/uploads\/2024\/05\/Detroit-scaled-1.webp","type":"image\/webp"}],"twitter_card":"summary_large_image","twitter_site":"@TrustedT9ns","schema":{"@context":"https:\/\/schema.org","@graph":[{"@type":"WebPage","@id":"https:\/\/www.trustedtranslations.com\/de\/ueber-uns\/kontakt\/detroit","url":"https:\/\/www.trustedtranslations.com\/de\/ueber-uns\/kontakt\/detroit","name":"\u00dcbersetzungsdienstleistungen in Detroit \u2013 Michigans f\u00fchrendes \u00dcbersetzungsunternehmen \u2013 Trusted Translations, Inc.","isPartOf":{"@id":"https:\/\/www.trustedtranslations.com\/de\/#website"},"primaryImageOfPage":{"@id":"https:\/\/www.trustedtranslations.com\/de\/ueber-uns\/kontakt\/detroit#primaryimage"},"image":{"@id":"https:\/\/www.trustedtranslations.com\/de\/ueber-uns\/kontakt\/detroit#primaryimage"},"thumbnailUrl":"https:\/\/www.trustedtranslations.com\/wp-content\/uploads\/2024\/05\/Detroit-scaled-1.webp","description":"Trusted Translation, Inc. Detroit, Michigan. Bew\u00e4hrte, qualitativ hochwertige \u00dcbersetzungsdienstleistungen zu den besten Preisen. Fordern Sie ein kostenloses Angebot oder eine Beratung an. Kontaktieren Sie uns heute.","breadcrumb":{"@id":"https:\/\/www.trustedtranslations.com\/de\/ueber-uns\/kontakt\/detroit#breadcrumb"},"inLanguage":"de","potentialAction":[{"@type":"ReadAction","target":["https:\/\/www.trustedtranslations.com\/de\/ueber-uns\/kontakt\/detroit"]}]},{"@type":"ImageObject","inLanguage":"de","@id":"https:\/\/www.trustedtranslations.com\/de\/ueber-uns\/kontakt\/detroit#primaryimage","url":"https:\/\/www.trustedtranslations.com\/wp-content\/uploads\/2024\/05\/Detroit-scaled-1.webp","contentUrl":"https:\/\/www.trustedtranslations.com\/wp-content\/uploads\/2024\/05\/Detroit-scaled-1.webp","width":2560,"height":1033,"caption":"Detroit scaled 1"},{"@type":"BreadcrumbList","@id":"https:\/\/www.trustedtranslations.com\/de\/ueber-uns\/kontakt\/detroit#breadcrumb","itemListElement":[{"@type":"ListItem","position":1,"name":"Home","item":"https:\/\/www.trustedtranslations.com\/de"},{"@type":"ListItem","position":2,"name":"\u00dcber uns","item":"https:\/\/www.trustedtranslations.com\/de\/ueber-uns"},{"@type":"ListItem","position":3,"name":"Kontakt","item":"https:\/\/www.trustedtranslations.com\/de\/ueber-uns\/kontakt"},{"@type":"ListItem","position":4,"name":"Detroit"}]},{"@type":"WebSite","@id":"https:\/\/www.trustedtranslations.com\/de\/#website","url":"https:\/\/www.trustedtranslations.com\/de\/","name":"Trusted Translations, Inc.","description":"Leader in translation and interpretation services.","publisher":{"@id":"https:\/\/www.trustedtranslations.com\/de\/#organization"},"alternateName":"Trusted Translations","potentialAction":[{"@type":"SearchAction","target":{"@type":"EntryPoint","urlTemplate":"https:\/\/www.trustedtranslations.com\/de\/?s={search_term_string}"},"query-input":{"@type":"PropertyValueSpecification","valueRequired":true,"valueName":"search_term_string"}}],"inLanguage":"de"},{"@type":"Organization","@id":"https:\/\/www.trustedtranslations.com\/de\/#organization","name":"Trusted Translations","alternateName":"Trusted Translations, Inc.","url":"https:\/\/www.trustedtranslations.com\/de\/","logo":{"@type":"ImageObject","inLanguage":"de","@id":"https:\/\/www.trustedtranslations.com\/de\/#\/schema\/logo\/image\/","url":"https:\/\/static.trustedtranslations.com\/wp-content\/uploads\/2022\/01\/TT_logo_WSIColors-2.png","contentUrl":"https:\/\/static.trustedtranslations.com\/wp-content\/uploads\/2022\/01\/TT_logo_WSIColors-2.png","width":500,"height":196,"caption":"Trusted Translations"},"image":{"@id":"https:\/\/www.trustedtranslations.com\/de\/#\/schema\/logo\/image\/"},"sameAs":["https:\/\/www.facebook.com\/Trusted.Translations","https:\/\/x.com\/TrustedT9ns","https:\/\/www.linkedin.com\/company\/trusted-translations"]}]}},"toolset-meta":{"dyk":{"mensaje-1":{"type":"textfield","raw":"Detroit ist als Automobilhauptstadt der Welt bekannt."},"mensaje-2":{"type":"textfield","raw":"Der Grenz\u00fcbergang Detroit-Windsor ist der verkehrsreichste internationale Grenz\u00fcbergang in den USA."},"mensaje-3":{"type":"textfield","raw":"Detroit war die erste US-Stadt, die von der UNESCO zur \u201eCity of Design\u201c ernannt wurde."},"mensaje-4":{"type":"textfield","raw":"Detroit hat nach New York City das zweitgr\u00f6\u00dfte Theaterviertel des Landes."},"mensaje-5":{"type":"textfield","raw":""},"mensaje-6":{"type":"textfield","raw":""}},"single-page-template-fields":{"imgs-temp":{"type":"image","raw":["https:\/\/static.trustedtranslations.com\/wp-content\/uploads\/2024\/05\/Group-131-5.webp"],"repeatable":[{"raw":"https:\/\/static.trustedtranslations.com\/wp-content\/uploads\/2024\/05\/Group-131-5.webp"}]},"imgs-temp-cel":{"type":"image","raw":[""],"repeatable":[{"raw":""}]},"img-temp-one-cel":{"type":"image","raw":"https:\/\/static.trustedtranslations.com\/wp-content\/uploads\/2024\/05\/Detroit-scaled-1.webp","attachment_id":null},"quotes":{"type":"textarea","raw":"<h1 style=\"margin-bottom:12px\">\u00dcbersetzungsdienstleistungen in Detroit<\/h1>\r\n<p>\r\n    <a style=\"color: #2a2a2a; text-decoration: none;\" href=\"https:\/\/goo.gl\/maps\/oPM7YC4YS1bW8jCG9?coh=178572&entry=tt\"><i class=\"fa fa-map-pin\"><\/i>  11000 W McNichols Rd\r\n        Suite 323\r\n        Detroit, MI 48221\r\n        United States<\/a>\r\n    <a style=\"color: #2a2a2a; text-decoration: none;\" href=\"tel:+13139181731\"><i class=\"fa fa-phone\"><\/i> +1 (313) 918-1731<\/a>\r\n    <a style=\"color: #2a2a2a; text-decoration: none;\" href=\"mailto:detroit@trustedtranslations.com\"><i class=\"fa fa-envelope\"><\/i>detroit@trustedtranslations.com<\/a>\r\n<\/p>\r\n<div style=\"margin-top: 2.5vw;\"><a class=\"tt-btn-main-cta\" href=\"#tree-form\">Kostenlosen Kostenvoranschlag anfordern<\/a><\/div>"},"text-1":{"type":"textarea","raw":"<h2>Karte der Niederlassung in Detroit<\/h2>"},"shortcode-map":{"type":"textfield","raw":"[mostrar_mapa url=\"https:\/\/www.google.com\/maps\/embed?pb=!1m18!1m12!1m3!1d2945.506745141784!2d-83.17209972489667!3d42.416947431507104!2m3!1f0!2f0!3f0!3m2!1i1024!2i768!4f13.1!3m3!1m2!1s0x8824cbf9efea256d%3A0x1d0e6a93eb004d67!2sWEST%20McNICHOLS%20BLDG.%2C%2011000%20W%20McNichols%20Rd%20%23%20323%2C%20Detroit%2C%20MI%2048221%2C%20EE.%20UU.!5e0!3m2!1ses-419!2sar!4v1685115277894!5m2!1ses-419!2sar\" width=\"600px\" height=\"450px\"]"},"dyk-shortcode":{"type":"textfield","raw":"[elementor-template id=\"146647\"]"},"text-2":{"type":"textarea","raw":"<h2>Professionelle \u00dcbersetzungsdienstleistungen in Detroit<\/h2>\r\n<img class=\"alignright wp-image-206995 size-full\" src=\"https:\/\/static.trustedtranslations.com\/wp-content\/uploads\/2023\/05\/shutterstock_527158600.jpg\" alt=\"\" width=\"500\" height=\"334\" \/>\r\n\r\nDetroits <a href=\"https:\/\/www.trustedtranslations.com\/de\/branchen\/fertigung\">Fertigungssektor<\/a> ist seit langem als Zentrum der globalen Automobilindustrie bekannt und hat auch ein erhebliches Wachstum in den Bereichen Energie, Forschung und Entwicklung, <a href=\"https:\/\/www.trustedtranslations.com\/de\/branchen\/software\">Software<\/a> und <a href=\"https:\/\/www.trustedtranslations.com\/de\/branchen\/technisch\">Technologie<\/a> sowie <a href=\"https:\/\/www.trustedtranslations.com\/de\/branchen\/finanzen\">Finanzen<\/a>, insbesondere Buchhaltungsdienstleistungen, vorangetrieben. Als erfahrener Anbieter von gesch\u00e4ftlichen \u00dcbersetzungen und \u00dcbersetzungen f\u00fcr die Fertigungsindustrie hat <strong><em>Trusted Translations<\/em><\/strong> mit einigen der <a href=\"https:\/\/www.trustedtranslations.com\/de\/branchen\/geschaeftlich\">f\u00fchrenden Unternehmen<\/a> im Raum Detroit zusammengearbeitet, darunter CMO Marketing Solutions, The Henry Ford Museum, LIFE Leadership, Filtra-Systems Co., American Institute for Preventive Medicine, und Champion Home Builders Inc.\r\n\r\n<strong><em>Trusted Translations<\/em><\/strong> hat Erfahrung darin, die lokalen Sprachbed\u00fcrfnisse der zahlreichen ethnischen Enklaven in Detroit zu erf\u00fcllen. Heute sind <a href=\"https:\/\/www.trustedtranslations.com\/de\/sprache\/arabisch\">Arabisch<\/a> und <a href=\"https:\/\/www.trustedtranslations.com\/de\/sprache\/spanisch\/uebersetzung-von-englisch-nach-spanisch\">Spanisch<\/a> die am h\u00e4ufigsten gesprochenen Fremdsprachen in Detroit. Arabisch ist die beliebteste nicht-englische Sprache im Bundesstaat Michigan. Im Gro\u00dfraum Detroit leben etwa 300.000 bis 350.000 arabische Amerikaner. Was Spanisch betrifft, so hat die Mehrheit der Spanischsprecher in Detroit einen <a href=\"https:\/\/www.trustedtranslations.com\/de\/sprache\/spanisch\/merkmale\/lateinamerikanisches-spanisch\">mexikanischen<\/a> Hintergrund. Detroit hat au\u00dferdem Tausende von <a href=\"https:\/\/www.trustedtranslations.com\/de\/sprache\/hindi\">Hindi-<\/a> und <a href=\"https:\/\/www.trustedtranslations.com\/de\/sprache\/chinesisch\">Chinesisch-<\/a> Sprechern sowie die drittgr\u00f6\u00dfte <a href=\"https:\/\/www.trustedtranslations.com\/de\/sprache\/bengalisch\">bangladeschisch-amerikanische<\/a> Gemeinschaft des Landes und die gr\u00f6\u00dfte albanische Gemeinschaft au\u00dferhalb Europas.\r\n<h2 style=\"margin-bottom:20px\">\u00dcber die Stadt Detroit<\/h2>\r\nDetroit verzeichnete in j\u00fcngster Zeit einen anhaltenden Aufschwung des Besch\u00e4ftigungswachstums und der Investitionen, insbesondere in der Innenstadt. Der Gro\u00dfraum Detroit, zu dem auch Warren und Dearborn geh\u00f6ren, hat eine Bev\u00f6lkerung von \u00fcber 4,29 Millionen Menschen. Detroit ist weniger als zwei Meilen von der kanadischen Grenze entfernt und beherbergt auch den Detroit Metropolitan Airport, ein internationales Drehkreuz der Delta Airlines."},"state":{"type":"textfield","raw":""},"city":{"type":"textarea","raw":[""]}}},"_links":{"self":[{"href":"https:\/\/www.trustedtranslations.com\/de\/wp-json\/wp\/v2\/pages\/208864","targetHints":{"allow":["GET"]}}],"collection":[{"href":"https:\/\/www.trustedtranslations.com\/de\/wp-json\/wp\/v2\/pages"}],"about":[{"href":"https:\/\/www.trustedtranslations.com\/de\/wp-json\/wp\/v2\/types\/page"}],"author":[{"embeddable":true,"href":"https:\/\/www.trustedtranslations.com\/de\/wp-json\/wp\/v2\/users\/1"}],"replies":[{"embeddable":true,"href":"https:\/\/www.trustedtranslations.com\/de\/wp-json\/wp\/v2\/comments?post=208864"}],"version-history":[{"count":0,"href":"https:\/\/www.trustedtranslations.com\/de\/wp-json\/wp\/v2\/pages\/208864\/revisions"}],"up":[{"embeddable":true,"href":"https:\/\/www.trustedtranslations.com\/de\/wp-json\/wp\/v2\/pages\/129347"}],"wp:featuredmedia":[{"embeddable":true,"href":"https:\/\/www.trustedtranslations.com\/de\/wp-json\/wp\/v2\/media\/257070"}],"wp:attachment":[{"href":"https:\/\/www.trustedtranslations.com\/de\/wp-json\/wp\/v2\/media?parent=208864"}],"curies":[{"name":"wp","href":"https:\/\/api.w.org\/{rel}","templated":true}]}}