{"id":208870,"date":"2023-06-06T14:34:07","date_gmt":"2023-06-06T17:34:07","guid":{"rendered":"https:\/\/www.trustedtranslations.com\/?page_id=208870"},"modified":"2025-11-21T12:21:11","modified_gmt":"2025-11-21T15:21:11","slug":"san-francisco","status":"publish","type":"page","link":"https:\/\/www.trustedtranslations.com\/de\/ueber-uns\/kontakt\/san-francisco","title":{"rendered":"San Francisco"},"content":{"rendered":"","protected":false},"excerpt":{"rendered":"","protected":false},"author":1,"featured_media":213128,"parent":129347,"menu_order":0,"comment_status":"closed","ping_status":"closed","template":"","meta":{"site-sidebar-layout":"no-sidebar","site-content-layout":"page-builder","ast-site-content-layout":"full-width-container","site-content-style":"unboxed","site-sidebar-style":"unboxed","ast-global-header-display":"","ast-banner-title-visibility":"","ast-main-header-display":"","ast-hfb-above-header-display":"","ast-hfb-below-header-display":"","ast-hfb-mobile-header-display":"","site-post-title":"disabled","ast-breadcrumbs-content":"","ast-featured-img":"disabled","footer-sml-layout":"","theme-transparent-header-meta":"default","adv-header-id-meta":"","stick-header-meta":"","header-above-stick-meta":"","header-main-stick-meta":"","header-below-stick-meta":"","astra-migrate-meta-layouts":"set","ast-page-background-enabled":"default","ast-page-background-meta":{"desktop":{"background-color":"var(--ast-global-color-4)","background-image":"","background-repeat":"repeat","background-position":"center center","background-size":"auto","background-attachment":"scroll","background-type":"","background-media":"","overlay-type":"","overlay-color":"","overlay-opacity":"","overlay-gradient":""},"tablet":{"background-color":"","background-image":"","background-repeat":"repeat","background-position":"center center","background-size":"auto","background-attachment":"scroll","background-type":"","background-media":"","overlay-type":"","overlay-color":"","overlay-opacity":"","overlay-gradient":""},"mobile":{"background-color":"","background-image":"","background-repeat":"repeat","background-position":"center center","background-size":"auto","background-attachment":"scroll","background-type":"","background-media":"","overlay-type":"","overlay-color":"","overlay-opacity":"","overlay-gradient":""}},"ast-content-background-meta":{"desktop":{"background-color":"var(--ast-global-color-5)","background-image":"","background-repeat":"repeat","background-position":"center center","background-size":"auto","background-attachment":"scroll","background-type":"","background-media":"","overlay-type":"","overlay-color":"","overlay-opacity":"","overlay-gradient":""},"tablet":{"background-color":"var(--ast-global-color-5)","background-image":"","background-repeat":"repeat","background-position":"center center","background-size":"auto","background-attachment":"scroll","background-type":"","background-media":"","overlay-type":"","overlay-color":"","overlay-opacity":"","overlay-gradient":""},"mobile":{"background-color":"var(--ast-global-color-5)","background-image":"","background-repeat":"repeat","background-position":"center center","background-size":"auto","background-attachment":"scroll","background-type":"","background-media":"","overlay-type":"","overlay-color":"","overlay-opacity":"","overlay-gradient":""}},"footnotes":""},"class_list":["post-208870","page","type-page","status-publish","has-post-thumbnail","hentry"],"yoast_head":"<!-- This site is optimized with the Yoast SEO plugin v27.5 - https:\/\/yoast.com\/product\/yoast-seo-wordpress\/ -->\n<title>\u00dcbersetzungsdienstleistungen in San Francisco \u2013 F\u00fchrendes \u00dcbersetzungsunternehmen in Kalifornien \u2013 Trusted Translations, Inc.<\/title>\n<meta name=\"description\" content=\"Trusted Translation, Inc. San Francisco, Kalifornien. Bew\u00e4hrte, qualitativ hochwertige \u00dcbersetzungsdienstleistungen zu den besten Preisen. Fordern Sie ein kostenloses Angebot oder eine Beratung an. Kontaktieren Sie uns heute.\" \/>\n<meta name=\"robots\" content=\"index, follow, max-snippet:-1, max-image-preview:large, max-video-preview:-1\" \/>\n<link rel=\"canonical\" href=\"https:\/\/www.trustedtranslations.com\/de\/ueber-uns\/kontakt\/san-francisco\" \/>\n<meta property=\"og:locale\" content=\"de_DE\" \/>\n<meta property=\"og:type\" content=\"article\" \/>\n<meta property=\"og:title\" content=\"\u00dcbersetzungsdienstleistungen in San Francisco \u2013 F\u00fchrendes \u00dcbersetzungsunternehmen in Kalifornien \u2013 Trusted Translations, Inc.\" \/>\n<meta property=\"og:description\" content=\"Trusted Translation, Inc. San Francisco, Kalifornien. Bew\u00e4hrte, qualitativ hochwertige \u00dcbersetzungsdienstleistungen zu den besten Preisen. Fordern Sie ein kostenloses Angebot oder eine Beratung an. Kontaktieren Sie uns heute.\" \/>\n<meta property=\"og:url\" content=\"https:\/\/www.trustedtranslations.com\/de\/ueber-uns\/kontakt\/san-francisco\" \/>\n<meta property=\"og:site_name\" content=\"Trusted Translations, Inc.\" \/>\n<meta property=\"article:publisher\" content=\"https:\/\/www.facebook.com\/Trusted.Translations\" \/>\n<meta property=\"article:modified_time\" content=\"2025-11-21T15:21:11+00:00\" \/>\n<meta property=\"og:image\" content=\"https:\/\/www.trustedtranslations.com\/wp-content\/uploads\/2022\/06\/tt-logo-2-1.webp\" \/>\n\t<meta property=\"og:image:width\" content=\"216\" \/>\n\t<meta property=\"og:image:height\" content=\"94\" \/>\n\t<meta property=\"og:image:type\" content=\"image\/webp\" \/>\n<meta name=\"twitter:card\" content=\"summary_large_image\" \/>\n<meta name=\"twitter:site\" content=\"@TrustedT9ns\" \/>\n<script type=\"application\/ld+json\" class=\"yoast-schema-graph\">{\"@context\":\"https:\\\/\\\/schema.org\",\"@graph\":[{\"@type\":\"WebPage\",\"@id\":\"https:\\\/\\\/www.trustedtranslations.com\\\/de\\\/ueber-uns\\\/kontakt\\\/san-francisco\",\"url\":\"https:\\\/\\\/www.trustedtranslations.com\\\/de\\\/ueber-uns\\\/kontakt\\\/san-francisco\",\"name\":\"\u00dcbersetzungsdienstleistungen in San Francisco \u2013 F\u00fchrendes \u00dcbersetzungsunternehmen in Kalifornien \u2013 Trusted Translations, Inc.\",\"isPartOf\":{\"@id\":\"https:\\\/\\\/www.trustedtranslations.com\\\/de\\\/#website\"},\"primaryImageOfPage\":{\"@id\":\"https:\\\/\\\/www.trustedtranslations.com\\\/de\\\/ueber-uns\\\/kontakt\\\/san-francisco#primaryimage\"},\"image\":{\"@id\":\"https:\\\/\\\/www.trustedtranslations.com\\\/de\\\/ueber-uns\\\/kontakt\\\/san-francisco#primaryimage\"},\"thumbnailUrl\":\"\",\"description\":\"Trusted Translation, Inc. San Francisco, Kalifornien. Bew\u00e4hrte, qualitativ hochwertige \u00dcbersetzungsdienstleistungen zu den besten Preisen. Fordern Sie ein kostenloses Angebot oder eine Beratung an. Kontaktieren Sie uns heute.\",\"breadcrumb\":{\"@id\":\"https:\\\/\\\/www.trustedtranslations.com\\\/de\\\/ueber-uns\\\/kontakt\\\/san-francisco#breadcrumb\"},\"inLanguage\":\"de\",\"potentialAction\":[{\"@type\":\"ReadAction\",\"target\":[\"https:\\\/\\\/www.trustedtranslations.com\\\/de\\\/ueber-uns\\\/kontakt\\\/san-francisco\"]}]},{\"@type\":\"ImageObject\",\"inLanguage\":\"de\",\"@id\":\"https:\\\/\\\/www.trustedtranslations.com\\\/de\\\/ueber-uns\\\/kontakt\\\/san-francisco#primaryimage\",\"url\":\"\",\"contentUrl\":\"\"},{\"@type\":\"BreadcrumbList\",\"@id\":\"https:\\\/\\\/www.trustedtranslations.com\\\/de\\\/ueber-uns\\\/kontakt\\\/san-francisco#breadcrumb\",\"itemListElement\":[{\"@type\":\"ListItem\",\"position\":1,\"name\":\"Home\",\"item\":\"https:\\\/\\\/www.trustedtranslations.com\\\/de\"},{\"@type\":\"ListItem\",\"position\":2,\"name\":\"\u00dcber uns\",\"item\":\"https:\\\/\\\/www.trustedtranslations.com\\\/de\\\/ueber-uns\"},{\"@type\":\"ListItem\",\"position\":3,\"name\":\"Kontakt\",\"item\":\"https:\\\/\\\/www.trustedtranslations.com\\\/de\\\/ueber-uns\\\/kontakt\"},{\"@type\":\"ListItem\",\"position\":4,\"name\":\"San Francisco\"}]},{\"@type\":\"WebSite\",\"@id\":\"https:\\\/\\\/www.trustedtranslations.com\\\/de\\\/#website\",\"url\":\"https:\\\/\\\/www.trustedtranslations.com\\\/de\\\/\",\"name\":\"Trusted Translations, Inc.\",\"description\":\"Leader in translation and interpretation services.\",\"publisher\":{\"@id\":\"https:\\\/\\\/www.trustedtranslations.com\\\/de\\\/#organization\"},\"alternateName\":\"Trusted Translations\",\"potentialAction\":[{\"@type\":\"SearchAction\",\"target\":{\"@type\":\"EntryPoint\",\"urlTemplate\":\"https:\\\/\\\/www.trustedtranslations.com\\\/de\\\/?s={search_term_string}\"},\"query-input\":{\"@type\":\"PropertyValueSpecification\",\"valueRequired\":true,\"valueName\":\"search_term_string\"}}],\"inLanguage\":\"de\"},{\"@type\":\"Organization\",\"@id\":\"https:\\\/\\\/www.trustedtranslations.com\\\/de\\\/#organization\",\"name\":\"Trusted Translations\",\"alternateName\":\"Trusted Translations, Inc.\",\"url\":\"https:\\\/\\\/www.trustedtranslations.com\\\/de\\\/\",\"logo\":{\"@type\":\"ImageObject\",\"inLanguage\":\"de\",\"@id\":\"https:\\\/\\\/www.trustedtranslations.com\\\/de\\\/#\\\/schema\\\/logo\\\/image\\\/\",\"url\":\"https:\\\/\\\/static.trustedtranslations.com\\\/wp-content\\\/uploads\\\/2022\\\/01\\\/TT_logo_WSIColors-2.png\",\"contentUrl\":\"https:\\\/\\\/static.trustedtranslations.com\\\/wp-content\\\/uploads\\\/2022\\\/01\\\/TT_logo_WSIColors-2.png\",\"width\":500,\"height\":196,\"caption\":\"Trusted Translations\"},\"image\":{\"@id\":\"https:\\\/\\\/www.trustedtranslations.com\\\/de\\\/#\\\/schema\\\/logo\\\/image\\\/\"},\"sameAs\":[\"https:\\\/\\\/www.facebook.com\\\/Trusted.Translations\",\"https:\\\/\\\/x.com\\\/TrustedT9ns\",\"https:\\\/\\\/www.linkedin.com\\\/company\\\/trusted-translations\"]}]}<\/script>\n<!-- \/ Yoast SEO plugin. -->","yoast_head_json":{"title":"\u00dcbersetzungsdienstleistungen in San Francisco \u2013 F\u00fchrendes \u00dcbersetzungsunternehmen in Kalifornien \u2013 Trusted Translations, Inc.","description":"Trusted Translation, Inc. San Francisco, Kalifornien. Bew\u00e4hrte, qualitativ hochwertige \u00dcbersetzungsdienstleistungen zu den besten Preisen. Fordern Sie ein kostenloses Angebot oder eine Beratung an. Kontaktieren Sie uns heute.","robots":{"index":"index","follow":"follow","max-snippet":"max-snippet:-1","max-image-preview":"max-image-preview:large","max-video-preview":"max-video-preview:-1"},"canonical":"https:\/\/www.trustedtranslations.com\/de\/ueber-uns\/kontakt\/san-francisco","og_locale":"de_DE","og_type":"article","og_title":"\u00dcbersetzungsdienstleistungen in San Francisco \u2013 F\u00fchrendes \u00dcbersetzungsunternehmen in Kalifornien \u2013 Trusted Translations, Inc.","og_description":"Trusted Translation, Inc. San Francisco, Kalifornien. Bew\u00e4hrte, qualitativ hochwertige \u00dcbersetzungsdienstleistungen zu den besten Preisen. Fordern Sie ein kostenloses Angebot oder eine Beratung an. Kontaktieren Sie uns heute.","og_url":"https:\/\/www.trustedtranslations.com\/de\/ueber-uns\/kontakt\/san-francisco","og_site_name":"Trusted Translations, Inc.","article_publisher":"https:\/\/www.facebook.com\/Trusted.Translations","article_modified_time":"2025-11-21T15:21:11+00:00","og_image":[{"width":216,"height":94,"url":"https:\/\/www.trustedtranslations.com\/wp-content\/uploads\/2022\/06\/tt-logo-2-1.webp","type":"image\/webp"}],"twitter_card":"summary_large_image","twitter_site":"@TrustedT9ns","schema":{"@context":"https:\/\/schema.org","@graph":[{"@type":"WebPage","@id":"https:\/\/www.trustedtranslations.com\/de\/ueber-uns\/kontakt\/san-francisco","url":"https:\/\/www.trustedtranslations.com\/de\/ueber-uns\/kontakt\/san-francisco","name":"\u00dcbersetzungsdienstleistungen in San Francisco \u2013 F\u00fchrendes \u00dcbersetzungsunternehmen in Kalifornien \u2013 Trusted Translations, Inc.","isPartOf":{"@id":"https:\/\/www.trustedtranslations.com\/de\/#website"},"primaryImageOfPage":{"@id":"https:\/\/www.trustedtranslations.com\/de\/ueber-uns\/kontakt\/san-francisco#primaryimage"},"image":{"@id":"https:\/\/www.trustedtranslations.com\/de\/ueber-uns\/kontakt\/san-francisco#primaryimage"},"thumbnailUrl":"","description":"Trusted Translation, Inc. San Francisco, Kalifornien. Bew\u00e4hrte, qualitativ hochwertige \u00dcbersetzungsdienstleistungen zu den besten Preisen. Fordern Sie ein kostenloses Angebot oder eine Beratung an. Kontaktieren Sie uns heute.","breadcrumb":{"@id":"https:\/\/www.trustedtranslations.com\/de\/ueber-uns\/kontakt\/san-francisco#breadcrumb"},"inLanguage":"de","potentialAction":[{"@type":"ReadAction","target":["https:\/\/www.trustedtranslations.com\/de\/ueber-uns\/kontakt\/san-francisco"]}]},{"@type":"ImageObject","inLanguage":"de","@id":"https:\/\/www.trustedtranslations.com\/de\/ueber-uns\/kontakt\/san-francisco#primaryimage","url":"","contentUrl":""},{"@type":"BreadcrumbList","@id":"https:\/\/www.trustedtranslations.com\/de\/ueber-uns\/kontakt\/san-francisco#breadcrumb","itemListElement":[{"@type":"ListItem","position":1,"name":"Home","item":"https:\/\/www.trustedtranslations.com\/de"},{"@type":"ListItem","position":2,"name":"\u00dcber uns","item":"https:\/\/www.trustedtranslations.com\/de\/ueber-uns"},{"@type":"ListItem","position":3,"name":"Kontakt","item":"https:\/\/www.trustedtranslations.com\/de\/ueber-uns\/kontakt"},{"@type":"ListItem","position":4,"name":"San Francisco"}]},{"@type":"WebSite","@id":"https:\/\/www.trustedtranslations.com\/de\/#website","url":"https:\/\/www.trustedtranslations.com\/de\/","name":"Trusted Translations, Inc.","description":"Leader in translation and interpretation services.","publisher":{"@id":"https:\/\/www.trustedtranslations.com\/de\/#organization"},"alternateName":"Trusted Translations","potentialAction":[{"@type":"SearchAction","target":{"@type":"EntryPoint","urlTemplate":"https:\/\/www.trustedtranslations.com\/de\/?s={search_term_string}"},"query-input":{"@type":"PropertyValueSpecification","valueRequired":true,"valueName":"search_term_string"}}],"inLanguage":"de"},{"@type":"Organization","@id":"https:\/\/www.trustedtranslations.com\/de\/#organization","name":"Trusted Translations","alternateName":"Trusted Translations, Inc.","url":"https:\/\/www.trustedtranslations.com\/de\/","logo":{"@type":"ImageObject","inLanguage":"de","@id":"https:\/\/www.trustedtranslations.com\/de\/#\/schema\/logo\/image\/","url":"https:\/\/static.trustedtranslations.com\/wp-content\/uploads\/2022\/01\/TT_logo_WSIColors-2.png","contentUrl":"https:\/\/static.trustedtranslations.com\/wp-content\/uploads\/2022\/01\/TT_logo_WSIColors-2.png","width":500,"height":196,"caption":"Trusted Translations"},"image":{"@id":"https:\/\/www.trustedtranslations.com\/de\/#\/schema\/logo\/image\/"},"sameAs":["https:\/\/www.facebook.com\/Trusted.Translations","https:\/\/x.com\/TrustedT9ns","https:\/\/www.linkedin.com\/company\/trusted-translations"]}]}},"toolset-meta":{"dyk":{"mensaje-1":{"type":"textfield","raw":"Google hat sich bei der Lokalisierung der Android-Apps seiner Entwickler f\u00fcr Trusted Translations entschieden."},"mensaje-2":{"type":"textfield","raw":"Google hat sich in den letzten 10 Jahren zu einem unserer Top-Kunden entwickelt."},"mensaje-3":{"type":"textfield","raw":"Das neblige Wetter in San Francisco ist so ber\u00fcchtigt, dass es einen eigenen Namen (Karl) und Social-Media-Konten hat."},"mensaje-4":{"type":"textfield","raw":"In der gesamten Bay Area werden \u00fcber 160 Sprachen gesprochen."},"mensaje-5":{"type":"textfield","raw":""},"mensaje-6":{"type":"textfield","raw":""}},"single-page-template-fields":{"imgs-temp":{"type":"image","raw":["https:\/\/static.trustedtranslations.com\/wp-content\/uploads\/2024\/05\/Group-131-8.webp"],"repeatable":[{"raw":"https:\/\/static.trustedtranslations.com\/wp-content\/uploads\/2024\/05\/Group-131-8.webp"}]},"imgs-temp-cel":{"type":"image","raw":[""],"repeatable":[{"raw":""}]},"img-temp-one-cel":{"type":"image","raw":"https:\/\/static.trustedtranslations.com\/wp-content\/uploads\/2024\/05\/san-francisco.webp","attachment_id":null},"quotes":{"type":"textarea","raw":"<h1 style=\"margin-bottom:12px\">\u00dcbersetzungsdienstleistungen in San Francisco<\/h1>\r\n<p>\r\n    <a style=\"color: #2a2a2a; text-decoration: none;\" href=\"https:\/\/goo.gl\/maps\/KjzQxUTNEZoYG45o9\"><i class=\"fa fa-map-pin\"><\/i> 580 California St,\r\n        12th & 16th Floors,\r\n        San Francisco, CA 94104,\r\n        United States<\/a>\r\n    <a style=\"color: #2a2a2a; text-decoration: none;\" href=\"tel:+14159925259\"><i class=\"fa fa-phone\"><\/i> +1 (415) 992-5259<\/a>\r\n    <a style=\"color: #2a2a2a; text-decoration: none;\" href=\"mailto:sanfrancisco@trustedtranslations.com\"><i class=\"fa fa-envelope\"><\/i>sanfrancisco@trustedtranslations.com<\/a>\r\n<\/p>\r\n<div style=\"margin-top: 2.5vw;\"><a class=\"tt-btn-main-cta\" href=\"#tree-form\">Kostenlosen Kostenvoranschlag anfordern<\/a><\/div>"},"text-1":{"type":"textarea","raw":"<h2>Karte der Niederlassung in San Francisco<\/h2>"},"shortcode-map":{"type":"textfield","raw":"[mostrar_mapa url=\"https:\/\/www.google.com\/maps\/embed?pb=!1m18!1m12!1m3!1d3152.8736551596357!2d-122.40669352521518!3d37.793000611111665!2m3!1f0!2f0!3f0!3m2!1i1024!2i768!4f13.1!3m3!1m2!1s0x8085808a52e9373d%3A0x9c2dff1cdf2bd440!2s580%20California%20Street%2C%20580%20California%20St%2C%20San%20Francisco%2C%20CA%2094104%2C%20EE.%20UU.!5e0!3m2!1ses-419!2sar!4v1690561333930!5m2!1ses-419!2sar\" width=\"600px\" height=\"450px\"]"},"dyk-shortcode":{"type":"textfield","raw":"[elementor-template id=\"146647\"]"},"text-2":{"type":"textarea","raw":"<h2>Professionelle \u00dcbersetzungsdienstleistungen in San Francisco<\/h2>\r\n<img class=\"alignright wp-image-207196 size-full\" src=\"https:\/\/static.trustedtranslations.com\/wp-content\/uploads\/2023\/05\/san-francisco-2.jpg\" alt=\"\" width=\"500\" height=\"334\" \/>\r\n\r\nAls eines der Finanz- und Kulturzentren der Westk\u00fcste verf\u00fcgt San Francisco \u00fcber viele florierende Branchen, darunter IT und <a href=\"https:\/\/www.trustedtranslations.com\/de\/branchen\/software\">Software<\/a>, <a href=\"https:\/\/www.trustedtranslations.com\/de\/branchen\/medien\">digitale Medien<\/a>, Biowissenschaften und Biotechnologie, Investmentbanking, Tourismus und internationale <a href=\"https:\/\/www.trustedtranslations.com\/de\/branchen\/geschaeftlich\">Gesch\u00e4fte<\/a>. Als f\u00fchrender Anbieter von <a href=\"https:\/\/www.trustedtranslations.com\/de\/branchen\/finanzen\">Finanz-<\/a> und <a href=\"https:\/\/www.trustedtranslations.com\/de\/branchen\/technisch\">technischen<\/a> \u00dcbersetzungen hat <strong><em>Trusted Translations<\/em><\/strong> mit einigen der Top-Unternehmen im Gro\u00dfraum San Francisco zusammengearbeitet, darunter DIRECTV Latin America, Retrotope Inc., Quantum Corporation, City of Santa Cruz, Stanislaus County Sheriff Department, Taylor Farms, CamelBak Products LLC und Walters & Wolf, um nur einige zu nennen.\r\n\r\nSan Francisco ist eine der <a href=\"https:\/\/www.trustedtranslations.com\/de\/sprache\/mehrsprachig\">sprachlich vielf\u00e4ltigsten<\/a> Regionen des Landes. Obwohl im gesamten Gebiet \u00fcber 100 Sprachen gesprochen werden, sind die drei beliebtesten Sprachen <a href=\"https:\/\/www.trustedtranslations.com\/de\/sprache\/chinesisch\">Chinesisch<\/a>, <a href=\"https:\/\/www.trustedtranslations.com\/de\/sprache\/spanisch\/uebersetzung-von-englisch-nach-spanisch\">Spanisch<\/a> und Tagalog (Philippinisch), f\u00fcr welche die Sprachzugangsverordnung der Stadt ausdr\u00fccklich die Bereitstellung von Sprachdiensten vorschreibt. Aufgrund der Einwanderungsgeschichte und der N\u00e4he zu Ostasien hat San Francisco die gr\u00f6\u00dfte Chinatown der Welt au\u00dferhalb Asiens und einen asiatischen Bev\u00f6lkerungsanteil von \u00fcber 34%; in der Bay Area leben au\u00dferdem \u00fcber 380 000 philippinische Amerikaner. <a href=\"https:\/\/www.trustedtranslations.com\/de\/sprache\/spanisch\/merkmale\/us-spanisch\">Hispano-<\/a> und <a href=\"https:\/\/www.trustedtranslations.com\/de\/sprache\/spanisch\/merkmale\/lateinamerikanisches-spanisch\">Lateinamerikaner<\/a> machen etwa 15% der Bev\u00f6lkerung aus, wobei gro\u00dfe Gruppen auch <a href=\"https:\/\/www.trustedtranslations.com\/de\/sprache\/vietnamesisch\">Vietnamesisch<\/a>, <a href=\"https:\/\/www.trustedtranslations.com\/de\/sprache\/koreanisch\">Koreanisch<\/a> und <a href=\"https:\/\/www.trustedtranslations.com\/de\/sprache\/japanisch\">Japanisch<\/a> sprechen.\r\n<h2 style=\"margin-bottom:20px\">\u00dcber die Stadt San Francisco<\/h2>\r\nSan Francisco, einschlie\u00dflich Oakland und Berkeley, ist mit \u00fcber 3,3 Millionen Einwohnern der f\u00fcnftgr\u00f6\u00dfte Ballungsraum des Landes. San Francisco ist von Natur aus \u00e4u\u00dferst kosmopolitisch und Sitz der Pacific Stock Exchange sowie die gr\u00f6\u00dfte Exportregion der USA nach Asien. Au\u00dferdem sind dort mehr als 71 Konsulate und Au\u00dfenhandelsniederlassungen, mehrere gro\u00dfe Universit\u00e4ten und \u00fcber 30 der gr\u00f6\u00dften nichtamerikanischen Banken des Landes ans\u00e4ssig."},"state":{"type":"textfield","raw":""},"city":{"type":"textarea","raw":[""]}}},"_links":{"self":[{"href":"https:\/\/www.trustedtranslations.com\/de\/wp-json\/wp\/v2\/pages\/208870","targetHints":{"allow":["GET"]}}],"collection":[{"href":"https:\/\/www.trustedtranslations.com\/de\/wp-json\/wp\/v2\/pages"}],"about":[{"href":"https:\/\/www.trustedtranslations.com\/de\/wp-json\/wp\/v2\/types\/page"}],"author":[{"embeddable":true,"href":"https:\/\/www.trustedtranslations.com\/de\/wp-json\/wp\/v2\/users\/1"}],"replies":[{"embeddable":true,"href":"https:\/\/www.trustedtranslations.com\/de\/wp-json\/wp\/v2\/comments?post=208870"}],"version-history":[{"count":0,"href":"https:\/\/www.trustedtranslations.com\/de\/wp-json\/wp\/v2\/pages\/208870\/revisions"}],"up":[{"embeddable":true,"href":"https:\/\/www.trustedtranslations.com\/de\/wp-json\/wp\/v2\/pages\/129347"}],"wp:featuredmedia":[{"embeddable":true,"href":"https:\/\/www.trustedtranslations.com\/de\/wp-json\/"}],"wp:attachment":[{"href":"https:\/\/www.trustedtranslations.com\/de\/wp-json\/wp\/v2\/media?parent=208870"}],"curies":[{"name":"wp","href":"https:\/\/api.w.org\/{rel}","templated":true}]}}