{"id":217144,"date":"2023-08-02T11:22:03","date_gmt":"2023-08-02T14:22:03","guid":{"rendered":"https:\/\/www.trustedtranslations.com\/?page_id=217144"},"modified":"2024-09-11T13:34:11","modified_gmt":"2024-09-11T16:34:11","slug":"indonesisch","status":"publish","type":"page","link":"https:\/\/www.trustedtranslations.com\/de\/sprache\/indonesisch","title":{"rendered":"Indonesisch"},"content":{"rendered":"","protected":false},"excerpt":{"rendered":"","protected":false},"author":1,"featured_media":160117,"parent":129506,"menu_order":0,"comment_status":"closed","ping_status":"closed","template":"","meta":{"site-sidebar-layout":"default","site-content-layout":"default","ast-site-content-layout":"default","site-content-style":"default","site-sidebar-style":"default","ast-global-header-display":"","ast-banner-title-visibility":"","ast-main-header-display":"","ast-hfb-above-header-display":"","ast-hfb-below-header-display":"","ast-hfb-mobile-header-display":"","site-post-title":"","ast-breadcrumbs-content":"","ast-featured-img":"","footer-sml-layout":"","theme-transparent-header-meta":"default","adv-header-id-meta":"","stick-header-meta":"","header-above-stick-meta":"","header-main-stick-meta":"","header-below-stick-meta":"","astra-migrate-meta-layouts":"set","ast-page-background-enabled":"default","ast-page-background-meta":{"desktop":{"background-color":"var(--ast-global-color-4)","background-image":"","background-repeat":"repeat","background-position":"center center","background-size":"auto","background-attachment":"scroll","background-type":"","background-media":"","overlay-type":"","overlay-color":"","overlay-opacity":"","overlay-gradient":""},"tablet":{"background-color":"","background-image":"","background-repeat":"repeat","background-position":"center center","background-size":"auto","background-attachment":"scroll","background-type":"","background-media":"","overlay-type":"","overlay-color":"","overlay-opacity":"","overlay-gradient":""},"mobile":{"background-color":"","background-image":"","background-repeat":"repeat","background-position":"center center","background-size":"auto","background-attachment":"scroll","background-type":"","background-media":"","overlay-type":"","overlay-color":"","overlay-opacity":"","overlay-gradient":""}},"ast-content-background-meta":{"desktop":{"background-color":"var(--ast-global-color-5)","background-image":"","background-repeat":"repeat","background-position":"center center","background-size":"auto","background-attachment":"scroll","background-type":"","background-media":"","overlay-type":"","overlay-color":"","overlay-opacity":"","overlay-gradient":""},"tablet":{"background-color":"var(--ast-global-color-5)","background-image":"","background-repeat":"repeat","background-position":"center center","background-size":"auto","background-attachment":"scroll","background-type":"","background-media":"","overlay-type":"","overlay-color":"","overlay-opacity":"","overlay-gradient":""},"mobile":{"background-color":"var(--ast-global-color-5)","background-image":"","background-repeat":"repeat","background-position":"center center","background-size":"auto","background-attachment":"scroll","background-type":"","background-media":"","overlay-type":"","overlay-color":"","overlay-opacity":"","overlay-gradient":""}},"footnotes":""},"class_list":["post-217144","page","type-page","status-publish","has-post-thumbnail","hentry"],"yoast_head":"<!-- This site is optimized with the Yoast SEO plugin v27.5 - https:\/\/yoast.com\/product\/yoast-seo-wordpress\/ -->\n<title>F\u00fchrend in der \u00dcbersetzung in die und aus der indonesischen Sprache: Trusted Translation<\/title>\n<meta name=\"description\" content=\"Trusted Translations: F\u00fchrend in \u00dcbersetzungsdienstleistungen in die und aus der indonesischen Sprache durch erfahrene \u00dcbersetzerteams f\u00fcr Indonesisch. Fordern Sie ein kostenloses Angebot oder eine Beratung an.\" \/>\n<meta name=\"robots\" content=\"index, follow, max-snippet:-1, max-image-preview:large, max-video-preview:-1\" \/>\n<link rel=\"canonical\" href=\"https:\/\/www.trustedtranslations.com\/de\/sprache\/indonesisch\" \/>\n<meta property=\"og:locale\" content=\"de_DE\" \/>\n<meta property=\"og:type\" content=\"article\" \/>\n<meta property=\"og:title\" content=\"F\u00fchrend in der \u00dcbersetzung in die und aus der indonesischen Sprache: Trusted Translation\" \/>\n<meta property=\"og:description\" content=\"Trusted Translations: F\u00fchrend in \u00dcbersetzungsdienstleistungen in die und aus der indonesischen Sprache durch erfahrene \u00dcbersetzerteams f\u00fcr Indonesisch. Fordern Sie ein kostenloses Angebot oder eine Beratung an.\" \/>\n<meta property=\"og:url\" content=\"https:\/\/www.trustedtranslations.com\/de\/sprache\/indonesisch\" \/>\n<meta property=\"og:site_name\" content=\"Trusted Translations, Inc.\" \/>\n<meta property=\"article:publisher\" content=\"https:\/\/www.facebook.com\/Trusted.Translations\" \/>\n<meta property=\"article:modified_time\" content=\"2024-09-11T16:34:11+00:00\" \/>\n<meta property=\"og:image\" content=\"https:\/\/static.trustedtranslations.com\/wp-content\/uploads\/2022\/08\/TT_NEW_FB-1.png\" \/>\n\t<meta property=\"og:image:width\" content=\"1\" \/>\n\t<meta property=\"og:image:height\" content=\"1\" \/>\n\t<meta property=\"og:image:type\" content=\"image\/jpeg\" \/>\n<meta name=\"twitter:card\" content=\"summary_large_image\" \/>\n<meta name=\"twitter:site\" content=\"@TrustedT9ns\" \/>\n<script type=\"application\/ld+json\" class=\"yoast-schema-graph\">{\"@context\":\"https:\\\/\\\/schema.org\",\"@graph\":[{\"@type\":\"WebPage\",\"@id\":\"https:\\\/\\\/www.trustedtranslations.com\\\/de\\\/sprache\\\/indonesisch\",\"url\":\"https:\\\/\\\/www.trustedtranslations.com\\\/de\\\/sprache\\\/indonesisch\",\"name\":\"F\u00fchrend in der \u00dcbersetzung in die und aus der indonesischen Sprache: Trusted Translation\",\"isPartOf\":{\"@id\":\"https:\\\/\\\/www.trustedtranslations.com\\\/de\\\/#website\"},\"primaryImageOfPage\":{\"@id\":\"https:\\\/\\\/www.trustedtranslations.com\\\/de\\\/sprache\\\/indonesisch#primaryimage\"},\"image\":{\"@id\":\"https:\\\/\\\/www.trustedtranslations.com\\\/de\\\/sprache\\\/indonesisch#primaryimage\"},\"thumbnailUrl\":\"https:\\\/\\\/www.trustedtranslations.com\\\/wp-content\\\/uploads\\\/2022\\\/08\\\/TT_NEW_FB-1.png\",\"description\":\"Trusted Translations: F\u00fchrend in \u00dcbersetzungsdienstleistungen in die und aus der indonesischen Sprache durch erfahrene \u00dcbersetzerteams f\u00fcr Indonesisch. Fordern Sie ein kostenloses Angebot oder eine Beratung an.\",\"breadcrumb\":{\"@id\":\"https:\\\/\\\/www.trustedtranslations.com\\\/de\\\/sprache\\\/indonesisch#breadcrumb\"},\"inLanguage\":\"de\",\"potentialAction\":[{\"@type\":\"ReadAction\",\"target\":[\"https:\\\/\\\/www.trustedtranslations.com\\\/de\\\/sprache\\\/indonesisch\"]}]},{\"@type\":\"ImageObject\",\"inLanguage\":\"de\",\"@id\":\"https:\\\/\\\/www.trustedtranslations.com\\\/de\\\/sprache\\\/indonesisch#primaryimage\",\"url\":\"https:\\\/\\\/www.trustedtranslations.com\\\/wp-content\\\/uploads\\\/2022\\\/08\\\/TT_NEW_FB-1.png\",\"contentUrl\":\"https:\\\/\\\/www.trustedtranslations.com\\\/wp-content\\\/uploads\\\/2022\\\/08\\\/TT_NEW_FB-1.png\",\"caption\":\"TT NEW FB 1\"},{\"@type\":\"BreadcrumbList\",\"@id\":\"https:\\\/\\\/www.trustedtranslations.com\\\/de\\\/sprache\\\/indonesisch#breadcrumb\",\"itemListElement\":[{\"@type\":\"ListItem\",\"position\":1,\"name\":\"Home\",\"item\":\"https:\\\/\\\/www.trustedtranslations.com\\\/de\"},{\"@type\":\"ListItem\",\"position\":2,\"name\":\"Sprachen\",\"item\":\"https:\\\/\\\/www.trustedtranslations.com\\\/de\\\/sprache\"},{\"@type\":\"ListItem\",\"position\":3,\"name\":\"Indonesisch\"}]},{\"@type\":\"WebSite\",\"@id\":\"https:\\\/\\\/www.trustedtranslations.com\\\/de\\\/#website\",\"url\":\"https:\\\/\\\/www.trustedtranslations.com\\\/de\\\/\",\"name\":\"Trusted Translations, Inc.\",\"description\":\"Leader in translation and interpretation services.\",\"publisher\":{\"@id\":\"https:\\\/\\\/www.trustedtranslations.com\\\/de\\\/#organization\"},\"alternateName\":\"Trusted Translations\",\"potentialAction\":[{\"@type\":\"SearchAction\",\"target\":{\"@type\":\"EntryPoint\",\"urlTemplate\":\"https:\\\/\\\/www.trustedtranslations.com\\\/de\\\/?s={search_term_string}\"},\"query-input\":{\"@type\":\"PropertyValueSpecification\",\"valueRequired\":true,\"valueName\":\"search_term_string\"}}],\"inLanguage\":\"de\"},{\"@type\":\"Organization\",\"@id\":\"https:\\\/\\\/www.trustedtranslations.com\\\/de\\\/#organization\",\"name\":\"Trusted Translations\",\"alternateName\":\"Trusted Translations, Inc.\",\"url\":\"https:\\\/\\\/www.trustedtranslations.com\\\/de\\\/\",\"logo\":{\"@type\":\"ImageObject\",\"inLanguage\":\"de\",\"@id\":\"https:\\\/\\\/www.trustedtranslations.com\\\/de\\\/#\\\/schema\\\/logo\\\/image\\\/\",\"url\":\"https:\\\/\\\/static.trustedtranslations.com\\\/wp-content\\\/uploads\\\/2022\\\/01\\\/TT_logo_WSIColors-2.png\",\"contentUrl\":\"https:\\\/\\\/static.trustedtranslations.com\\\/wp-content\\\/uploads\\\/2022\\\/01\\\/TT_logo_WSIColors-2.png\",\"width\":500,\"height\":196,\"caption\":\"Trusted Translations\"},\"image\":{\"@id\":\"https:\\\/\\\/www.trustedtranslations.com\\\/de\\\/#\\\/schema\\\/logo\\\/image\\\/\"},\"sameAs\":[\"https:\\\/\\\/www.facebook.com\\\/Trusted.Translations\",\"https:\\\/\\\/x.com\\\/TrustedT9ns\",\"https:\\\/\\\/www.linkedin.com\\\/company\\\/trusted-translations\"]}]}<\/script>\n<!-- \/ Yoast SEO plugin. -->","yoast_head_json":{"title":"F\u00fchrend in der \u00dcbersetzung in die und aus der indonesischen Sprache: Trusted Translation","description":"Trusted Translations: F\u00fchrend in \u00dcbersetzungsdienstleistungen in die und aus der indonesischen Sprache durch erfahrene \u00dcbersetzerteams f\u00fcr Indonesisch. Fordern Sie ein kostenloses Angebot oder eine Beratung an.","robots":{"index":"index","follow":"follow","max-snippet":"max-snippet:-1","max-image-preview":"max-image-preview:large","max-video-preview":"max-video-preview:-1"},"canonical":"https:\/\/www.trustedtranslations.com\/de\/sprache\/indonesisch","og_locale":"de_DE","og_type":"article","og_title":"F\u00fchrend in der \u00dcbersetzung in die und aus der indonesischen Sprache: Trusted Translation","og_description":"Trusted Translations: F\u00fchrend in \u00dcbersetzungsdienstleistungen in die und aus der indonesischen Sprache durch erfahrene \u00dcbersetzerteams f\u00fcr Indonesisch. Fordern Sie ein kostenloses Angebot oder eine Beratung an.","og_url":"https:\/\/www.trustedtranslations.com\/de\/sprache\/indonesisch","og_site_name":"Trusted Translations, Inc.","article_publisher":"https:\/\/www.facebook.com\/Trusted.Translations","article_modified_time":"2024-09-11T16:34:11+00:00","og_image":[{"url":"https:\/\/static.trustedtranslations.com\/wp-content\/uploads\/2022\/08\/TT_NEW_FB-1.png","width":1,"height":1,"type":"image\/jpeg"}],"twitter_card":"summary_large_image","twitter_site":"@TrustedT9ns","schema":{"@context":"https:\/\/schema.org","@graph":[{"@type":"WebPage","@id":"https:\/\/www.trustedtranslations.com\/de\/sprache\/indonesisch","url":"https:\/\/www.trustedtranslations.com\/de\/sprache\/indonesisch","name":"F\u00fchrend in der \u00dcbersetzung in die und aus der indonesischen Sprache: Trusted Translation","isPartOf":{"@id":"https:\/\/www.trustedtranslations.com\/de\/#website"},"primaryImageOfPage":{"@id":"https:\/\/www.trustedtranslations.com\/de\/sprache\/indonesisch#primaryimage"},"image":{"@id":"https:\/\/www.trustedtranslations.com\/de\/sprache\/indonesisch#primaryimage"},"thumbnailUrl":"https:\/\/www.trustedtranslations.com\/wp-content\/uploads\/2022\/08\/TT_NEW_FB-1.png","description":"Trusted Translations: F\u00fchrend in \u00dcbersetzungsdienstleistungen in die und aus der indonesischen Sprache durch erfahrene \u00dcbersetzerteams f\u00fcr Indonesisch. Fordern Sie ein kostenloses Angebot oder eine Beratung an.","breadcrumb":{"@id":"https:\/\/www.trustedtranslations.com\/de\/sprache\/indonesisch#breadcrumb"},"inLanguage":"de","potentialAction":[{"@type":"ReadAction","target":["https:\/\/www.trustedtranslations.com\/de\/sprache\/indonesisch"]}]},{"@type":"ImageObject","inLanguage":"de","@id":"https:\/\/www.trustedtranslations.com\/de\/sprache\/indonesisch#primaryimage","url":"https:\/\/www.trustedtranslations.com\/wp-content\/uploads\/2022\/08\/TT_NEW_FB-1.png","contentUrl":"https:\/\/www.trustedtranslations.com\/wp-content\/uploads\/2022\/08\/TT_NEW_FB-1.png","caption":"TT NEW FB 1"},{"@type":"BreadcrumbList","@id":"https:\/\/www.trustedtranslations.com\/de\/sprache\/indonesisch#breadcrumb","itemListElement":[{"@type":"ListItem","position":1,"name":"Home","item":"https:\/\/www.trustedtranslations.com\/de"},{"@type":"ListItem","position":2,"name":"Sprachen","item":"https:\/\/www.trustedtranslations.com\/de\/sprache"},{"@type":"ListItem","position":3,"name":"Indonesisch"}]},{"@type":"WebSite","@id":"https:\/\/www.trustedtranslations.com\/de\/#website","url":"https:\/\/www.trustedtranslations.com\/de\/","name":"Trusted Translations, Inc.","description":"Leader in translation and interpretation services.","publisher":{"@id":"https:\/\/www.trustedtranslations.com\/de\/#organization"},"alternateName":"Trusted Translations","potentialAction":[{"@type":"SearchAction","target":{"@type":"EntryPoint","urlTemplate":"https:\/\/www.trustedtranslations.com\/de\/?s={search_term_string}"},"query-input":{"@type":"PropertyValueSpecification","valueRequired":true,"valueName":"search_term_string"}}],"inLanguage":"de"},{"@type":"Organization","@id":"https:\/\/www.trustedtranslations.com\/de\/#organization","name":"Trusted Translations","alternateName":"Trusted Translations, Inc.","url":"https:\/\/www.trustedtranslations.com\/de\/","logo":{"@type":"ImageObject","inLanguage":"de","@id":"https:\/\/www.trustedtranslations.com\/de\/#\/schema\/logo\/image\/","url":"https:\/\/static.trustedtranslations.com\/wp-content\/uploads\/2022\/01\/TT_logo_WSIColors-2.png","contentUrl":"https:\/\/static.trustedtranslations.com\/wp-content\/uploads\/2022\/01\/TT_logo_WSIColors-2.png","width":500,"height":196,"caption":"Trusted Translations"},"image":{"@id":"https:\/\/www.trustedtranslations.com\/de\/#\/schema\/logo\/image\/"},"sameAs":["https:\/\/www.facebook.com\/Trusted.Translations","https:\/\/x.com\/TrustedT9ns","https:\/\/www.linkedin.com\/company\/trusted-translations"]}]}},"toolset-meta":{"dyk":{"mensaje-1":{"type":"textfield","raw":"Javanisch ist die Muttersprache von \u00fcber 98 Millionen Menschen."},"mensaje-2":{"type":"textfield","raw":"Bahasa Indonesia erscheint in den Medien und in der formalen Bildung, aber selten in Gespr\u00e4chen."},"mensaje-3":{"type":"textfield","raw":"Das Javanische ist in Zentral- und Ostindonesien verbreitet."},"mensaje-4":{"type":"textfield","raw":"Indonesisch teilt eine Sprachfamilie mit Tagalog, Samoanisch und M\u0101ori."},"mensaje-5":{"type":"textfield","raw":""},"mensaje-6":{"type":"textfield","raw":""}},"single-page-template-fields":{"imgs-temp":{"type":"image","raw":["https:\/\/static.trustedtranslations.com\/wp-content\/uploads\/2023\/07\/Indonesia_port.jpg"],"repeatable":[{"raw":"https:\/\/static.trustedtranslations.com\/wp-content\/uploads\/2023\/07\/Indonesia_port.jpg"}]},"imgs-temp-cel":{"type":"image","raw":["https:\/\/static.trustedtranslations.com\/wp-content\/uploads\/2023\/07\/Indonesia.jpeg"],"repeatable":[{"raw":"https:\/\/static.trustedtranslations.com\/wp-content\/uploads\/2023\/07\/Indonesia.jpeg"}]},"img-temp-one-cel":{"type":"image","raw":"","attachment_id":null},"quotes":{"type":"textarea","raw":"<h1 style=\"margin-bottom: 12px;\">\u00dcbersetzungsdienstleistungen in die und aus der indonesischen Sprache<\/h1><em>Trusted Translations<\/em> ist ein wettbewerbsf\u00e4higer Anbieter von <strong>indonesischen<\/strong> \u00dcbersetzungsdienstleistungen. F\u00fcr Projekte, die \u00dcbersetzungen zwischen Bahasa Indonesia und Englisch oder anderen asiatischen und europ\u00e4ischen Sprachen erfordern, liefern unsere gut ausgebildeten Mitarbeiter pr\u00e4zise \u00dcbersetzungen, die auch die Kultur ber\u00fccksichtigen. \r\n<div style=\"margin-top: 2.5vw;\"><a class=\"tt-btn-main-cta\" href=\"\/de\/angebot\">KOSTENLOSEN KOSTENVORANSCHLAG ANFORDERN<\/a><\/div>"},"text-1":{"type":"textarea","raw":"<h2>Fachm\u00e4nnische indonesische Lokalisierung<\/h2>Bikulturell, mehr als nur zweisprachig: Unsere Linguisten sind Experten darin, innerhalb kurzer Zeit \u00dcbersetzungen f\u00fcr bestimmte Gemeinschaften zu lokalisieren. Dies ist ein besonders wertvolles Talent in einem geografisch so fragmentierten Land wie Indonesien: einem Archipel, auf dem \u00fcber 300 ethnische Gruppen leben, von denen viele ihre eigenen Sprachen sprechen.\r\n<h2 style=\"margin-top: -10px;\">\u00dcber Bahasa Indonesia <\/h2>Die offizielle Sprache Indonesiens ist Bahasa Indonesia und wird landesweit als Verkehrssprache verwendet. Es wird von mehr als 230 Millionen Menschen gesprochen und stammt aus verschiedenen Quellen, darunter Sanskrit, Malaiisch, <a href=\"https:\/\/www.trustedtranslations.com\/de\/sprache\/arabisch\"><u>Arabisch<\/u><\/a> und <a href=\"https:\/\/www.trustedtranslations.com\/de\/sprache\/niederlaendisch\"><u>Niederl\u00e4ndisch<\/u><\/a>. Obwohl es im lateinischen Alphabet geschrieben wird, hat es achtzehn Konsonanten und f\u00fcnf Vokale, wobei einige Modifikationen Laute darstellen, die im Englischen nicht vorkommen. \r\n<h2> Indonesische Variationen, Dialekte und andere Sprachen<\/h2>\r\nDie indonesische Bev\u00f6lkerung ist zu heterogen, um sie als einen gesamten Markt zu klassifizieren. Sie besteht aus etwa 40,2% Javanern, 15,5% Sundanesen, 3,58% Batak, 3,22% Sulawesi-Ethnien, 3,03% Maduresen und 2,88% Betawi. Die restlichen 31,59% bestehen aus mehreren ethnischen Gruppen, die noch kleiner sind.<br><br>\r\nAngesichts der verstreuten Topographie (f\u00fcnf Hauptinseln und etwa drei\u00dfig kleinere Archipele) ist es keine \u00dcberraschung, dass die Indonesier im Laufe der Jahrhunderte eine Vielzahl von Dialekten entwickelt haben. Beispielsweise werden allein auf der Insel Sulawesi (die nur etwas kleiner als Gro\u00dfbritannien ist) 114 indigene Sprachen gesprochen.\r\n<ul>\r\n    <li><strong>Javanisch<\/strong> wird von etwa 85 Millionen Menschen gesprochen, den Orang Jawa, die haupts\u00e4chlich auf der Insel Java leben und die gr\u00f6\u00dfte ethnische Gruppe in Indonesien bilden. Da es sich um ein Mitglied der austronesischen (malayo-polynesischen) Sprachfamilie handelt, kann die Tonh\u00f6he seiner zwanzig Vokale und 31 Konsonanten f\u00fcr westliche Ohren be\u00e4ngstigend wirken.<\/li>\r\n    <li><strong>Sundanesisch<\/strong> kommt haupts\u00e4chlich im Hochland von Westjava vor und wird von etwa 32 Millionen Menschen gesprochen. Obwohl die Orang Sunda gl\u00e4ubige Muslime sind, sind ihre Rituale noch immer von einigen vorislamischen Ideen gepr\u00e4gt.<\/li>\r\n    <li><strong>Batak<\/strong> wird von etwa sechs Millionen Nachkommen eines m\u00e4chtigen protomalaiischen Volkes gesprochen, das relativ isoliert im Hochland rund um den Toba-See im Norden Sumatras lebt. <\/li>\r\n<\/ul>"},"shortcode-map":{"type":"textfield","raw":""},"dyk-shortcode":{"type":"textfield","raw":"[elementor-template id=\"146647\"]"},"text-2":{"type":"textarea","raw":"<h2>Wirtschaftliche \u00dcbersicht<\/h2>Mit einem BIP von voraussichtlich \u00fcber 9,1 Billionen US-Dollar und einer Wirtschaft, die im Jahr 2045 weltweit auf Platz vier liegen sollte, ist Indonesien der gr\u00f6\u00dfte Schwellenmarkt in S\u00fcdostasien. Mit einem allgemeinen Wachstum von \u00fcber 5% pro Jahr wird erwartet, dass die Internetwirtschaft bald 130 Milliarden US-Dollar erreichen wird. <br><br>\r\nAls Land mit mittlerem Einkommen ist dieses neu industrialisierte G20-Mitglied ein bedeutender Roh\u00f6l- und Erdgasexporteur, ausgeglichen durch Importe von <a href=\"https:\/\/www.trustedtranslations.com\/de\/branchen\/fertigung\"><u>raffinierten Erd\u00f6lprodukten und Medikamenten<\/u><\/a>. Die Gesamtexporte k\u00f6nnten bis 2024 300 Milliarden US-Dollar \u00fcbersteigen, insbesondere von anderen Rohstoffen wie Kupfer, Bauxit und Zinn.\r\nEs ist au\u00dferdem ein wichtiger Produzent von Kautschuk, Kaffee, Kakao und Palm\u00f6l.\r\n\r\n<h2>Gesch\u00e4fte t\u00e4tigen in Indonesien<\/h2>\r\nDie Pl\u00e4ne und Ma\u00dfnahmen der Regierung zielen auf eine modernere, industriellere und dienstleistungsorientiertere Wirtschaft ab und umfassen neue Infrastrukturen, w\u00e4hrend ein nachhaltiges Wachstum durch unternehmensfreundliche Steuern gef\u00f6rdert wird. Gr\u00f6\u00dfere St\u00e4dte entwickeln sich zu spezialisierten Knotenpunkten f\u00fcr die <a href=\"https:\/\/www.trustedtranslations.com\/de\/branchen\/software\"><u>Elektronik-<\/u><\/a>, <a href=\"https:\/\/www.trustedtranslations.com\/de\/branchen\/handbuch\"><u>Maschinen-<\/u><\/a> und Automobilindustrie, wobei das Gastgewerbe und der Tourismussektor durch mehrere UNESCO-Weltkulturerbest\u00e4tten zus\u00e4tzlich gef\u00f6rdert werden.<br><br>\r\nTrotz all dieser Vorteile ist es nicht einfach, sich im Gesch\u00e4ftsumfeld Indonesiens zurechtzufinden, wenn man mit der lokalen Kultur, den komplexen Vorschriften und den branchenspezifischen Anforderungen nicht vertraut ist. Hier sind bikulturelle \u00dcbersetzungsdienstleistungen \u2013 wie sie von <em>Trusted Translations<\/em> angeboten werden \u2013 ihr Gewicht in Gold wert, da sie Kosten senken und Zeit bei der Bew\u00e4ltigung komplexer Probleme wie Genehmigungen und Lizenzen sparen. Sie sind auch eine gro\u00dfe Hilfe beim Aufbau pers\u00f6nlicher Netzwerke, die f\u00fcr gute Gesch\u00e4fte in Indonesien so wichtig sind."},"state":{"type":"textfield","raw":""},"city":{"type":"textarea","raw":[]}}},"_links":{"self":[{"href":"https:\/\/www.trustedtranslations.com\/de\/wp-json\/wp\/v2\/pages\/217144","targetHints":{"allow":["GET"]}}],"collection":[{"href":"https:\/\/www.trustedtranslations.com\/de\/wp-json\/wp\/v2\/pages"}],"about":[{"href":"https:\/\/www.trustedtranslations.com\/de\/wp-json\/wp\/v2\/types\/page"}],"author":[{"embeddable":true,"href":"https:\/\/www.trustedtranslations.com\/de\/wp-json\/wp\/v2\/users\/1"}],"replies":[{"embeddable":true,"href":"https:\/\/www.trustedtranslations.com\/de\/wp-json\/wp\/v2\/comments?post=217144"}],"version-history":[{"count":0,"href":"https:\/\/www.trustedtranslations.com\/de\/wp-json\/wp\/v2\/pages\/217144\/revisions"}],"up":[{"embeddable":true,"href":"https:\/\/www.trustedtranslations.com\/de\/wp-json\/wp\/v2\/pages\/129506"}],"wp:featuredmedia":[{"embeddable":true,"href":"https:\/\/www.trustedtranslations.com\/de\/wp-json\/wp\/v2\/media\/160117"}],"wp:attachment":[{"href":"https:\/\/www.trustedtranslations.com\/de\/wp-json\/wp\/v2\/media?parent=217144"}],"curies":[{"name":"wp","href":"https:\/\/api.w.org\/{rel}","templated":true}]}}