{"id":217145,"date":"2023-08-02T11:23:49","date_gmt":"2023-08-02T14:23:49","guid":{"rendered":"https:\/\/www.trustedtranslations.com\/?page_id=217145"},"modified":"2023-08-09T14:02:49","modified_gmt":"2023-08-09T17:02:49","slug":"marathi","status":"publish","type":"page","link":"https:\/\/www.trustedtranslations.com\/de\/sprache\/marathi","title":{"rendered":"Marathi"},"content":{"rendered":"","protected":false},"excerpt":{"rendered":"","protected":false},"author":1,"featured_media":223055,"parent":129506,"menu_order":0,"comment_status":"closed","ping_status":"closed","template":"","meta":{"site-sidebar-layout":"default","site-content-layout":"default","ast-site-content-layout":"default","site-content-style":"default","site-sidebar-style":"default","ast-global-header-display":"","ast-banner-title-visibility":"","ast-main-header-display":"","ast-hfb-above-header-display":"","ast-hfb-below-header-display":"","ast-hfb-mobile-header-display":"","site-post-title":"","ast-breadcrumbs-content":"","ast-featured-img":"","footer-sml-layout":"","ast-disable-related-posts":"","theme-transparent-header-meta":"default","adv-header-id-meta":"","stick-header-meta":"","header-above-stick-meta":"","header-main-stick-meta":"","header-below-stick-meta":"","astra-migrate-meta-layouts":"default","ast-page-background-enabled":"default","ast-page-background-meta":{"desktop":{"background-color":"var(--ast-global-color-4)","background-image":"","background-repeat":"repeat","background-position":"center center","background-size":"auto","background-attachment":"scroll","background-type":"","background-media":"","overlay-type":"","overlay-color":"","overlay-opacity":"","overlay-gradient":""},"tablet":{"background-color":"","background-image":"","background-repeat":"repeat","background-position":"center center","background-size":"auto","background-attachment":"scroll","background-type":"","background-media":"","overlay-type":"","overlay-color":"","overlay-opacity":"","overlay-gradient":""},"mobile":{"background-color":"","background-image":"","background-repeat":"repeat","background-position":"center center","background-size":"auto","background-attachment":"scroll","background-type":"","background-media":"","overlay-type":"","overlay-color":"","overlay-opacity":"","overlay-gradient":""}},"ast-content-background-meta":{"desktop":{"background-color":"var(--ast-global-color-5)","background-image":"","background-repeat":"repeat","background-position":"center center","background-size":"auto","background-attachment":"scroll","background-type":"","background-media":"","overlay-type":"","overlay-color":"","overlay-opacity":"","overlay-gradient":""},"tablet":{"background-color":"var(--ast-global-color-5)","background-image":"","background-repeat":"repeat","background-position":"center center","background-size":"auto","background-attachment":"scroll","background-type":"","background-media":"","overlay-type":"","overlay-color":"","overlay-opacity":"","overlay-gradient":""},"mobile":{"background-color":"var(--ast-global-color-5)","background-image":"","background-repeat":"repeat","background-position":"center center","background-size":"auto","background-attachment":"scroll","background-type":"","background-media":"","overlay-type":"","overlay-color":"","overlay-opacity":"","overlay-gradient":""}},"footnotes":""},"class_list":["post-217145","page","type-page","status-publish","has-post-thumbnail","hentry"],"yoast_head":"<!-- This site is optimized with the Yoast SEO plugin v27.5 - https:\/\/yoast.com\/product\/yoast-seo-wordpress\/ -->\n<title>F\u00fchrend in der \u00dcbersetzung in die und aus der Marathi-Sprache: Trusted Translation<\/title>\n<meta name=\"description\" content=\"Trusted Translations: F\u00fchrender Anbieter von \u00dcbersetzungsdienstleistungen in die und aus der Marathi-Sprache durch erfahrene \u00dcbersetzerteams f\u00fcr Marathi. Fordern Sie ein kostenloses Angebot oder eine Beratung an.\" \/>\n<meta name=\"robots\" content=\"index, follow, max-snippet:-1, max-image-preview:large, max-video-preview:-1\" \/>\n<link rel=\"canonical\" href=\"https:\/\/www.trustedtranslations.com\/de\/sprache\/marathi\" \/>\n<meta property=\"og:locale\" content=\"de_DE\" \/>\n<meta property=\"og:type\" content=\"article\" \/>\n<meta property=\"og:title\" content=\"F\u00fchrend in der \u00dcbersetzung in die und aus der Marathi-Sprache: Trusted Translation\" \/>\n<meta property=\"og:description\" content=\"Trusted Translations: F\u00fchrender Anbieter von \u00dcbersetzungsdienstleistungen in die und aus der Marathi-Sprache durch erfahrene \u00dcbersetzerteams f\u00fcr Marathi. Fordern Sie ein kostenloses Angebot oder eine Beratung an.\" \/>\n<meta property=\"og:url\" content=\"https:\/\/www.trustedtranslations.com\/de\/sprache\/marathi\" \/>\n<meta property=\"og:site_name\" content=\"Trusted Translations, Inc.\" \/>\n<meta property=\"article:publisher\" content=\"https:\/\/www.facebook.com\/Trusted.Translations\" \/>\n<meta property=\"article:modified_time\" content=\"2023-08-09T17:02:49+00:00\" \/>\n<meta property=\"og:image\" content=\"https:\/\/static.trustedtranslations.com\/wp-content\/uploads\/2022\/08\/TT_NEW_FB-1.png\" \/>\n\t<meta property=\"og:image:width\" content=\"1\" \/>\n\t<meta property=\"og:image:height\" content=\"1\" \/>\n\t<meta property=\"og:image:type\" content=\"image\/jpeg\" \/>\n<meta name=\"twitter:card\" content=\"summary_large_image\" \/>\n<meta name=\"twitter:site\" content=\"@TrustedT9ns\" \/>\n<script type=\"application\/ld+json\" class=\"yoast-schema-graph\">{\"@context\":\"https:\\\/\\\/schema.org\",\"@graph\":[{\"@type\":\"WebPage\",\"@id\":\"https:\\\/\\\/www.trustedtranslations.com\\\/de\\\/sprache\\\/marathi\",\"url\":\"https:\\\/\\\/www.trustedtranslations.com\\\/de\\\/sprache\\\/marathi\",\"name\":\"F\u00fchrend in der \u00dcbersetzung in die und aus der Marathi-Sprache: Trusted Translation\",\"isPartOf\":{\"@id\":\"https:\\\/\\\/www.trustedtranslations.com\\\/de\\\/#website\"},\"primaryImageOfPage\":{\"@id\":\"https:\\\/\\\/www.trustedtranslations.com\\\/de\\\/sprache\\\/marathi#primaryimage\"},\"image\":{\"@id\":\"https:\\\/\\\/www.trustedtranslations.com\\\/de\\\/sprache\\\/marathi#primaryimage\"},\"thumbnailUrl\":\"https:\\\/\\\/www.trustedtranslations.com\\\/wp-content\\\/uploads\\\/2022\\\/08\\\/TT_NEW_FB-1.png\",\"description\":\"Trusted Translations: F\u00fchrender Anbieter von \u00dcbersetzungsdienstleistungen in die und aus der Marathi-Sprache durch erfahrene \u00dcbersetzerteams f\u00fcr Marathi. Fordern Sie ein kostenloses Angebot oder eine Beratung an.\",\"breadcrumb\":{\"@id\":\"https:\\\/\\\/www.trustedtranslations.com\\\/de\\\/sprache\\\/marathi#breadcrumb\"},\"inLanguage\":\"de\",\"potentialAction\":[{\"@type\":\"ReadAction\",\"target\":[\"https:\\\/\\\/www.trustedtranslations.com\\\/de\\\/sprache\\\/marathi\"]}]},{\"@type\":\"ImageObject\",\"inLanguage\":\"de\",\"@id\":\"https:\\\/\\\/www.trustedtranslations.com\\\/de\\\/sprache\\\/marathi#primaryimage\",\"url\":\"https:\\\/\\\/www.trustedtranslations.com\\\/wp-content\\\/uploads\\\/2022\\\/08\\\/TT_NEW_FB-1.png\",\"contentUrl\":\"https:\\\/\\\/www.trustedtranslations.com\\\/wp-content\\\/uploads\\\/2022\\\/08\\\/TT_NEW_FB-1.png\",\"caption\":\"TT NEW FB 1\"},{\"@type\":\"BreadcrumbList\",\"@id\":\"https:\\\/\\\/www.trustedtranslations.com\\\/de\\\/sprache\\\/marathi#breadcrumb\",\"itemListElement\":[{\"@type\":\"ListItem\",\"position\":1,\"name\":\"Home\",\"item\":\"https:\\\/\\\/www.trustedtranslations.com\\\/de\"},{\"@type\":\"ListItem\",\"position\":2,\"name\":\"Sprachen\",\"item\":\"https:\\\/\\\/www.trustedtranslations.com\\\/de\\\/sprache\"},{\"@type\":\"ListItem\",\"position\":3,\"name\":\"Marathi\"}]},{\"@type\":\"WebSite\",\"@id\":\"https:\\\/\\\/www.trustedtranslations.com\\\/de\\\/#website\",\"url\":\"https:\\\/\\\/www.trustedtranslations.com\\\/de\\\/\",\"name\":\"Trusted Translations, Inc.\",\"description\":\"Leader in translation and interpretation services.\",\"publisher\":{\"@id\":\"https:\\\/\\\/www.trustedtranslations.com\\\/de\\\/#organization\"},\"alternateName\":\"Trusted Translations\",\"potentialAction\":[{\"@type\":\"SearchAction\",\"target\":{\"@type\":\"EntryPoint\",\"urlTemplate\":\"https:\\\/\\\/www.trustedtranslations.com\\\/de\\\/?s={search_term_string}\"},\"query-input\":{\"@type\":\"PropertyValueSpecification\",\"valueRequired\":true,\"valueName\":\"search_term_string\"}}],\"inLanguage\":\"de\"},{\"@type\":\"Organization\",\"@id\":\"https:\\\/\\\/www.trustedtranslations.com\\\/de\\\/#organization\",\"name\":\"Trusted Translations\",\"alternateName\":\"Trusted Translations, Inc.\",\"url\":\"https:\\\/\\\/www.trustedtranslations.com\\\/de\\\/\",\"logo\":{\"@type\":\"ImageObject\",\"inLanguage\":\"de\",\"@id\":\"https:\\\/\\\/www.trustedtranslations.com\\\/de\\\/#\\\/schema\\\/logo\\\/image\\\/\",\"url\":\"https:\\\/\\\/static.trustedtranslations.com\\\/wp-content\\\/uploads\\\/2022\\\/01\\\/TT_logo_WSIColors-2.png\",\"contentUrl\":\"https:\\\/\\\/static.trustedtranslations.com\\\/wp-content\\\/uploads\\\/2022\\\/01\\\/TT_logo_WSIColors-2.png\",\"width\":500,\"height\":196,\"caption\":\"Trusted Translations\"},\"image\":{\"@id\":\"https:\\\/\\\/www.trustedtranslations.com\\\/de\\\/#\\\/schema\\\/logo\\\/image\\\/\"},\"sameAs\":[\"https:\\\/\\\/www.facebook.com\\\/Trusted.Translations\",\"https:\\\/\\\/x.com\\\/TrustedT9ns\",\"https:\\\/\\\/www.linkedin.com\\\/company\\\/trusted-translations\"]}]}<\/script>\n<!-- \/ Yoast SEO plugin. -->","yoast_head_json":{"title":"F\u00fchrend in der \u00dcbersetzung in die und aus der Marathi-Sprache: Trusted Translation","description":"Trusted Translations: F\u00fchrender Anbieter von \u00dcbersetzungsdienstleistungen in die und aus der Marathi-Sprache durch erfahrene \u00dcbersetzerteams f\u00fcr Marathi. Fordern Sie ein kostenloses Angebot oder eine Beratung an.","robots":{"index":"index","follow":"follow","max-snippet":"max-snippet:-1","max-image-preview":"max-image-preview:large","max-video-preview":"max-video-preview:-1"},"canonical":"https:\/\/www.trustedtranslations.com\/de\/sprache\/marathi","og_locale":"de_DE","og_type":"article","og_title":"F\u00fchrend in der \u00dcbersetzung in die und aus der Marathi-Sprache: Trusted Translation","og_description":"Trusted Translations: F\u00fchrender Anbieter von \u00dcbersetzungsdienstleistungen in die und aus der Marathi-Sprache durch erfahrene \u00dcbersetzerteams f\u00fcr Marathi. Fordern Sie ein kostenloses Angebot oder eine Beratung an.","og_url":"https:\/\/www.trustedtranslations.com\/de\/sprache\/marathi","og_site_name":"Trusted Translations, Inc.","article_publisher":"https:\/\/www.facebook.com\/Trusted.Translations","article_modified_time":"2023-08-09T17:02:49+00:00","og_image":[{"url":"https:\/\/static.trustedtranslations.com\/wp-content\/uploads\/2022\/08\/TT_NEW_FB-1.png","width":1,"height":1,"type":"image\/jpeg"}],"twitter_card":"summary_large_image","twitter_site":"@TrustedT9ns","schema":{"@context":"https:\/\/schema.org","@graph":[{"@type":"WebPage","@id":"https:\/\/www.trustedtranslations.com\/de\/sprache\/marathi","url":"https:\/\/www.trustedtranslations.com\/de\/sprache\/marathi","name":"F\u00fchrend in der \u00dcbersetzung in die und aus der Marathi-Sprache: Trusted Translation","isPartOf":{"@id":"https:\/\/www.trustedtranslations.com\/de\/#website"},"primaryImageOfPage":{"@id":"https:\/\/www.trustedtranslations.com\/de\/sprache\/marathi#primaryimage"},"image":{"@id":"https:\/\/www.trustedtranslations.com\/de\/sprache\/marathi#primaryimage"},"thumbnailUrl":"https:\/\/www.trustedtranslations.com\/wp-content\/uploads\/2022\/08\/TT_NEW_FB-1.png","description":"Trusted Translations: F\u00fchrender Anbieter von \u00dcbersetzungsdienstleistungen in die und aus der Marathi-Sprache durch erfahrene \u00dcbersetzerteams f\u00fcr Marathi. Fordern Sie ein kostenloses Angebot oder eine Beratung an.","breadcrumb":{"@id":"https:\/\/www.trustedtranslations.com\/de\/sprache\/marathi#breadcrumb"},"inLanguage":"de","potentialAction":[{"@type":"ReadAction","target":["https:\/\/www.trustedtranslations.com\/de\/sprache\/marathi"]}]},{"@type":"ImageObject","inLanguage":"de","@id":"https:\/\/www.trustedtranslations.com\/de\/sprache\/marathi#primaryimage","url":"https:\/\/www.trustedtranslations.com\/wp-content\/uploads\/2022\/08\/TT_NEW_FB-1.png","contentUrl":"https:\/\/www.trustedtranslations.com\/wp-content\/uploads\/2022\/08\/TT_NEW_FB-1.png","caption":"TT NEW FB 1"},{"@type":"BreadcrumbList","@id":"https:\/\/www.trustedtranslations.com\/de\/sprache\/marathi#breadcrumb","itemListElement":[{"@type":"ListItem","position":1,"name":"Home","item":"https:\/\/www.trustedtranslations.com\/de"},{"@type":"ListItem","position":2,"name":"Sprachen","item":"https:\/\/www.trustedtranslations.com\/de\/sprache"},{"@type":"ListItem","position":3,"name":"Marathi"}]},{"@type":"WebSite","@id":"https:\/\/www.trustedtranslations.com\/de\/#website","url":"https:\/\/www.trustedtranslations.com\/de\/","name":"Trusted Translations, Inc.","description":"Leader in translation and interpretation services.","publisher":{"@id":"https:\/\/www.trustedtranslations.com\/de\/#organization"},"alternateName":"Trusted Translations","potentialAction":[{"@type":"SearchAction","target":{"@type":"EntryPoint","urlTemplate":"https:\/\/www.trustedtranslations.com\/de\/?s={search_term_string}"},"query-input":{"@type":"PropertyValueSpecification","valueRequired":true,"valueName":"search_term_string"}}],"inLanguage":"de"},{"@type":"Organization","@id":"https:\/\/www.trustedtranslations.com\/de\/#organization","name":"Trusted Translations","alternateName":"Trusted Translations, Inc.","url":"https:\/\/www.trustedtranslations.com\/de\/","logo":{"@type":"ImageObject","inLanguage":"de","@id":"https:\/\/www.trustedtranslations.com\/de\/#\/schema\/logo\/image\/","url":"https:\/\/static.trustedtranslations.com\/wp-content\/uploads\/2022\/01\/TT_logo_WSIColors-2.png","contentUrl":"https:\/\/static.trustedtranslations.com\/wp-content\/uploads\/2022\/01\/TT_logo_WSIColors-2.png","width":500,"height":196,"caption":"Trusted Translations"},"image":{"@id":"https:\/\/www.trustedtranslations.com\/de\/#\/schema\/logo\/image\/"},"sameAs":["https:\/\/www.facebook.com\/Trusted.Translations","https:\/\/x.com\/TrustedT9ns","https:\/\/www.linkedin.com\/company\/trusted-translations"]}]}},"toolset-meta":{"dyk":{"mensaje-1":{"type":"textfield","raw":"Marathi ist eine der 15 meistgesprochenen Sprachen der Welt."},"mensaje-2":{"type":"textfield","raw":"Die Marathi-Literatur reicht bis ins Jahr 1000 n. Chr. zur\u00fcck."},"mensaje-3":{"type":"textfield","raw":"Marathi hat die drittgr\u00f6\u00dfte Anzahl von Muttersprachlern in Indien."},"mensaje-4":{"type":"textfield","raw":"In den USA gibt es \u00fcber 125.000 Marathi-Sprecher."},"mensaje-5":{"type":"textfield","raw":""},"mensaje-6":{"type":"textfield","raw":""}},"single-page-template-fields":{"imgs-temp":{"type":"image","raw":["https:\/\/static.trustedtranslations.com\/wp-content\/uploads\/2023\/07\/Marathi-port.jpg"],"repeatable":[{"raw":"https:\/\/static.trustedtranslations.com\/wp-content\/uploads\/2023\/07\/Marathi-port.jpg"}]},"imgs-temp-cel":{"type":"image","raw":["https:\/\/static.trustedtranslations.com\/wp-content\/uploads\/2023\/07\/Marathi.jpg"],"repeatable":[{"raw":"https:\/\/static.trustedtranslations.com\/wp-content\/uploads\/2023\/07\/Marathi.jpg"}]},"img-temp-one-cel":{"type":"image","raw":"","attachment_id":null},"quotes":{"type":"textarea","raw":"<h1 style=\"margin-bottom: 12px;\">Marathi-\u00dcbersetzungsdienstleistungen <\/h1>Als erfahrener Marathi-\u00dcbersetzungsdienstleister bietet <em>Trusted Translations<\/em> kosteng\u00fcnstige L\u00f6sungen f\u00fcr jede Art von Projekt und das zu wettbewerbsf\u00e4higen Preisen. Unsere muttersprachlichen \u00dcbersetzer \u00fcbersetzen nicht nur W\u00f6rter, sondern sind auch kulturell mit den lokalen Br\u00e4uchen und Kulturen vertraut und helfen ausl\u00e4ndischen Organisationen dabei, problemlos durch komplexe Vorschriften und heikle kulturelle Nuancen zu navigieren.<div style=\"margin-top: 2.5vw;\"><a class=\"tt-btn-main-cta\" href=\"\/de\/angebot\">Kostenlosen Kostenvoranschlag anfordern<\/a><\/div>"},"text-1":{"type":"textarea","raw":"<h2 style=\"margin-top: -10px;\">Marathi 101<\/h2>Marathi wird haupts\u00e4chlich im Bundesstaat Maharashtra sowie in Teilen der benachbarten Goa, Gujarat und Karnataka gesprochen und hat weltweit sch\u00e4tzungsweise 83 Millionen Sprecher. Dieser f\u00fcr seine religi\u00f6se Vielfalt und Toleranz bekannte Staat ist die Heimat vieler verschiedener Glaubensrichtungen, darunter Hinduismus (80%), Islam (12%) und Christentum (1%), mit kleineren buddhistischen, jainistischen und Sikh-Gemeinschaften.<br>\r\nDieser indoarische Ableger ist gem\u00e4\u00df der Verfassung von 1960 eine der 22 geplanten Sprachen Indiens. Die Devanagari-Schrift wird auch in anderen indischen Sprachen verwendet (einschlie\u00dflich Sanskrit, <a href=\"https:\/\/www.trustedtranslations.com\/de\/sprache\/hindi\"><u>Hindi<\/u><\/a> und Nepali). Bei mehreren Dialekten basiert die Standardvariante auf der in Pune gesprochenen Version."},"shortcode-map":{"type":"textfield","raw":""},"dyk-shortcode":{"type":"textfield","raw":"[elementor-template id=\"146647\"]"},"text-2":{"type":"textarea","raw":"<h2>Lebhaftes Gesch\u00e4ftszentrum <\/h2>Der Bundesstaat Maharashtra ist ein wichtiges <a href=\"https:\/\/www.trustedtranslations.com\/de\/branchen\/geschaeftlich\"><u>Wirtschafts- und Handelszentrum<\/u><\/a> und verf\u00fcgt \u00fcber eine gut diversifizierte Wirtschaft. Traditionelle Sektoren (wie Landwirtschaft und Textilien) funktionieren reibungslos neben <a href=\"https:\/\/www.trustedtranslations.com\/de\/branchen\/technisch\"><u>High-Tech-Aktivit\u00e4ten<\/u><\/a>, zu denen <a href=\"https:\/\/www.trustedtranslations.com\/de\/branchen\/software\"><u>Informationstechnologie<\/u><\/a>, Biotechnologie und Ingenieurwesen geh\u00f6ren. \r\n<h2>Gesch\u00e4fte t\u00e4tigen in Maharashtra<\/h2>\r\nMaharashtra geh\u00f6rt zu den reichsten Bundesstaaten Indiens und verf\u00fcgt \u00fcber eine vielf\u00e4ltige Wirtschaft. Strategisch g\u00fcnstig an der Westk\u00fcste Indiens gelegen, bietet es \u00fcber H\u00e4fen, Flugh\u00e4fen und Stra\u00dfen einfachen Zugang zu den riesigen M\u00e4rkten West- und S\u00fcdindiens. Die gro\u00dfe Arbeiterschaft ist hochqualifiziert, und mehrere erstklassige technische Schulen und Universit\u00e4ten bringen stetig Absolventen hervor. \r\nViele gro\u00dfe Finanzinstitute (darunter zwei B\u00f6rsen) haben ihren Sitz in der Landeshauptstadt Maharashtra. Mumbai, bekannt als Indiens Finanzhauptstadt und gr\u00f6\u00dfte Metropole, ist auch ein Gesch\u00e4fts- und Handelszentrum, \u00fcber dessen Hafen ein Gro\u00dfteil des internationalen Handels Indiens abgewickelt wird.<br>\r\nMit \u00fcber 400 Milliarden US-Dollar hat Maharashtra das h\u00f6chste BIP aller Bundesstaaten Indiens. Diese kraftvolle Wirtschaft basiert gr\u00f6\u00dftenteils auf der Landwirtschaft (insbesondere Baumwolle, Sojabohnen und Zuckerrohr) und <a href=\"https:\/\/www.trustedtranslations.com\/de\/branchen\/fertigung\"><u>der Industrie<\/u><\/a> (insbesondere Automobilindustrie, Textilindustrie und Maschinenwesen). \r\n<h2>Helfende Hand von Experten<\/h2>\r\nTrotz all dieser Dynamik ist die Unternehmenskultur tendenziell hierarchisch und formell und unterstreicht den Respekt vor Dienstalter und Autorit\u00e4t. Ausl\u00e4ndische F\u00fchrungskr\u00e4fte sollten stets im Hinterkopf behalten, wie wichtig Vertrauen und pers\u00f6nliche Bindungen in der Marathi-Kultur sind.<br>\r\nHier k\u00f6nnen die sicheren Anweisungen eines erfahrenen Sprachdienstleisters wie <em>Trusted Translations<\/em> daf\u00fcr sorgen, dass ein Projekt auf Kurs bleibt. Von der Planung und Vorbereitung bis hin zur termin- und budgetgerechten Lieferung sorgen unsere Manager und muttersprachlichen \u00dcbersetzer daf\u00fcr, dass sie genaue, professionelle Marathi-\u00dcbersetzungen liefern."},"state":{"type":"textfield","raw":""},"city":{"type":"textarea","raw":[]}}},"_links":{"self":[{"href":"https:\/\/www.trustedtranslations.com\/de\/wp-json\/wp\/v2\/pages\/217145","targetHints":{"allow":["GET"]}}],"collection":[{"href":"https:\/\/www.trustedtranslations.com\/de\/wp-json\/wp\/v2\/pages"}],"about":[{"href":"https:\/\/www.trustedtranslations.com\/de\/wp-json\/wp\/v2\/types\/page"}],"author":[{"embeddable":true,"href":"https:\/\/www.trustedtranslations.com\/de\/wp-json\/wp\/v2\/users\/1"}],"replies":[{"embeddable":true,"href":"https:\/\/www.trustedtranslations.com\/de\/wp-json\/wp\/v2\/comments?post=217145"}],"version-history":[{"count":0,"href":"https:\/\/www.trustedtranslations.com\/de\/wp-json\/wp\/v2\/pages\/217145\/revisions"}],"up":[{"embeddable":true,"href":"https:\/\/www.trustedtranslations.com\/de\/wp-json\/wp\/v2\/pages\/129506"}],"wp:featuredmedia":[{"embeddable":true,"href":"https:\/\/www.trustedtranslations.com\/de\/wp-json\/wp\/v2\/media\/223055"}],"wp:attachment":[{"href":"https:\/\/www.trustedtranslations.com\/de\/wp-json\/wp\/v2\/media?parent=217145"}],"curies":[{"name":"wp","href":"https:\/\/api.w.org\/{rel}","templated":true}]}}