{"id":217146,"date":"2023-08-02T11:25:25","date_gmt":"2023-08-02T14:25:25","guid":{"rendered":"https:\/\/www.trustedtranslations.com\/?page_id=217146"},"modified":"2024-09-11T13:39:08","modified_gmt":"2024-09-11T16:39:08","slug":"tagalog","status":"publish","type":"page","link":"https:\/\/www.trustedtranslations.com\/de\/sprache\/tagalog","title":{"rendered":"Tagalog"},"content":{"rendered":"","protected":false},"excerpt":{"rendered":"","protected":false},"author":1,"featured_media":223055,"parent":129506,"menu_order":0,"comment_status":"closed","ping_status":"closed","template":"","meta":{"site-sidebar-layout":"default","site-content-layout":"default","ast-site-content-layout":"default","site-content-style":"default","site-sidebar-style":"default","ast-global-header-display":"","ast-banner-title-visibility":"","ast-main-header-display":"","ast-hfb-above-header-display":"","ast-hfb-below-header-display":"","ast-hfb-mobile-header-display":"","site-post-title":"","ast-breadcrumbs-content":"","ast-featured-img":"","footer-sml-layout":"","ast-disable-related-posts":"","theme-transparent-header-meta":"default","adv-header-id-meta":"","stick-header-meta":"","header-above-stick-meta":"","header-main-stick-meta":"","header-below-stick-meta":"","astra-migrate-meta-layouts":"set","ast-page-background-enabled":"default","ast-page-background-meta":{"desktop":{"background-color":"var(--ast-global-color-4)","background-image":"","background-repeat":"repeat","background-position":"center center","background-size":"auto","background-attachment":"scroll","background-type":"","background-media":"","overlay-type":"","overlay-color":"","overlay-opacity":"","overlay-gradient":""},"tablet":{"background-color":"","background-image":"","background-repeat":"repeat","background-position":"center center","background-size":"auto","background-attachment":"scroll","background-type":"","background-media":"","overlay-type":"","overlay-color":"","overlay-opacity":"","overlay-gradient":""},"mobile":{"background-color":"","background-image":"","background-repeat":"repeat","background-position":"center center","background-size":"auto","background-attachment":"scroll","background-type":"","background-media":"","overlay-type":"","overlay-color":"","overlay-opacity":"","overlay-gradient":""}},"ast-content-background-meta":{"desktop":{"background-color":"var(--ast-global-color-5)","background-image":"","background-repeat":"repeat","background-position":"center center","background-size":"auto","background-attachment":"scroll","background-type":"","background-media":"","overlay-type":"","overlay-color":"","overlay-opacity":"","overlay-gradient":""},"tablet":{"background-color":"var(--ast-global-color-5)","background-image":"","background-repeat":"repeat","background-position":"center center","background-size":"auto","background-attachment":"scroll","background-type":"","background-media":"","overlay-type":"","overlay-color":"","overlay-opacity":"","overlay-gradient":""},"mobile":{"background-color":"var(--ast-global-color-5)","background-image":"","background-repeat":"repeat","background-position":"center center","background-size":"auto","background-attachment":"scroll","background-type":"","background-media":"","overlay-type":"","overlay-color":"","overlay-opacity":"","overlay-gradient":""}},"footnotes":""},"class_list":["post-217146","page","type-page","status-publish","has-post-thumbnail","hentry"],"yoast_head":"<!-- This site is optimized with the Yoast SEO plugin v27.3 - https:\/\/yoast.com\/product\/yoast-seo-wordpress\/ -->\n<title>F\u00fchrend in der \u00dcbersetzung in und aus dem Tagalog: Trusted Translation<\/title>\n<meta name=\"description\" content=\"Trusted Translations: F\u00fchrender Anbieter von \u00dcbersetzungsdienstleistungen in und aus dem Tagalog durch erfahrene \u00dcbersetzerteams f\u00fcr Taralog. Fordern Sie ein kostenloses Angebot oder eine Beratung an.\" \/>\n<meta name=\"robots\" content=\"index, follow, max-snippet:-1, max-image-preview:large, max-video-preview:-1\" \/>\n<link rel=\"canonical\" href=\"https:\/\/www.trustedtranslations.com\/de\/sprache\/tagalog\" \/>\n<meta property=\"og:locale\" content=\"de_DE\" \/>\n<meta property=\"og:type\" content=\"article\" \/>\n<meta property=\"og:title\" content=\"F\u00fchrend in der \u00dcbersetzung in und aus dem Tagalog: Trusted Translation\" \/>\n<meta property=\"og:description\" content=\"Trusted Translations: F\u00fchrender Anbieter von \u00dcbersetzungsdienstleistungen in und aus dem Tagalog durch erfahrene \u00dcbersetzerteams f\u00fcr Taralog. Fordern Sie ein kostenloses Angebot oder eine Beratung an.\" \/>\n<meta property=\"og:url\" content=\"https:\/\/www.trustedtranslations.com\/de\/sprache\/tagalog\" \/>\n<meta property=\"og:site_name\" content=\"Trusted Translations, Inc.\" \/>\n<meta property=\"article:publisher\" content=\"https:\/\/www.facebook.com\/Trusted.Translations\" \/>\n<meta property=\"article:modified_time\" content=\"2024-09-11T16:39:08+00:00\" \/>\n<meta property=\"og:image\" content=\"https:\/\/static.trustedtranslations.com\/wp-content\/uploads\/2022\/08\/TT_NEW_FB-1.png\" \/>\n\t<meta property=\"og:image:width\" content=\"1\" \/>\n\t<meta property=\"og:image:height\" content=\"1\" \/>\n\t<meta property=\"og:image:type\" content=\"image\/jpeg\" \/>\n<meta name=\"twitter:card\" content=\"summary_large_image\" \/>\n<meta name=\"twitter:site\" content=\"@TrustedT9ns\" \/>\n<script type=\"application\/ld+json\" class=\"yoast-schema-graph\">{\"@context\":\"https:\\\/\\\/schema.org\",\"@graph\":[{\"@type\":\"WebPage\",\"@id\":\"https:\\\/\\\/www.trustedtranslations.com\\\/de\\\/sprache\\\/tagalog\",\"url\":\"https:\\\/\\\/www.trustedtranslations.com\\\/de\\\/sprache\\\/tagalog\",\"name\":\"F\u00fchrend in der \u00dcbersetzung in und aus dem Tagalog: Trusted Translation\",\"isPartOf\":{\"@id\":\"https:\\\/\\\/www.trustedtranslations.com\\\/de\\\/#website\"},\"primaryImageOfPage\":{\"@id\":\"https:\\\/\\\/www.trustedtranslations.com\\\/de\\\/sprache\\\/tagalog#primaryimage\"},\"image\":{\"@id\":\"https:\\\/\\\/www.trustedtranslations.com\\\/de\\\/sprache\\\/tagalog#primaryimage\"},\"thumbnailUrl\":\"https:\\\/\\\/www.trustedtranslations.com\\\/wp-content\\\/uploads\\\/2022\\\/08\\\/TT_NEW_FB-1.png\",\"description\":\"Trusted Translations: F\u00fchrender Anbieter von \u00dcbersetzungsdienstleistungen in und aus dem Tagalog durch erfahrene \u00dcbersetzerteams f\u00fcr Taralog. Fordern Sie ein kostenloses Angebot oder eine Beratung an.\",\"breadcrumb\":{\"@id\":\"https:\\\/\\\/www.trustedtranslations.com\\\/de\\\/sprache\\\/tagalog#breadcrumb\"},\"inLanguage\":\"de\",\"potentialAction\":[{\"@type\":\"ReadAction\",\"target\":[\"https:\\\/\\\/www.trustedtranslations.com\\\/de\\\/sprache\\\/tagalog\"]}]},{\"@type\":\"ImageObject\",\"inLanguage\":\"de\",\"@id\":\"https:\\\/\\\/www.trustedtranslations.com\\\/de\\\/sprache\\\/tagalog#primaryimage\",\"url\":\"https:\\\/\\\/www.trustedtranslations.com\\\/wp-content\\\/uploads\\\/2022\\\/08\\\/TT_NEW_FB-1.png\",\"contentUrl\":\"https:\\\/\\\/www.trustedtranslations.com\\\/wp-content\\\/uploads\\\/2022\\\/08\\\/TT_NEW_FB-1.png\",\"caption\":\"TT NEW FB 1\"},{\"@type\":\"BreadcrumbList\",\"@id\":\"https:\\\/\\\/www.trustedtranslations.com\\\/de\\\/sprache\\\/tagalog#breadcrumb\",\"itemListElement\":[{\"@type\":\"ListItem\",\"position\":1,\"name\":\"Home\",\"item\":\"https:\\\/\\\/www.trustedtranslations.com\\\/de\"},{\"@type\":\"ListItem\",\"position\":2,\"name\":\"Sprachen\",\"item\":\"https:\\\/\\\/www.trustedtranslations.com\\\/de\\\/sprache\"},{\"@type\":\"ListItem\",\"position\":3,\"name\":\"Tagalog\"}]},{\"@type\":\"WebSite\",\"@id\":\"https:\\\/\\\/www.trustedtranslations.com\\\/de\\\/#website\",\"url\":\"https:\\\/\\\/www.trustedtranslations.com\\\/de\\\/\",\"name\":\"Trusted Translations, Inc.\",\"description\":\"Leader in translation and interpretation services.\",\"publisher\":{\"@id\":\"https:\\\/\\\/www.trustedtranslations.com\\\/de\\\/#organization\"},\"alternateName\":\"Trusted Translations\",\"potentialAction\":[{\"@type\":\"SearchAction\",\"target\":{\"@type\":\"EntryPoint\",\"urlTemplate\":\"https:\\\/\\\/www.trustedtranslations.com\\\/de\\\/?s={search_term_string}\"},\"query-input\":{\"@type\":\"PropertyValueSpecification\",\"valueRequired\":true,\"valueName\":\"search_term_string\"}}],\"inLanguage\":\"de\"},{\"@type\":\"Organization\",\"@id\":\"https:\\\/\\\/www.trustedtranslations.com\\\/de\\\/#organization\",\"name\":\"Trusted Translations\",\"alternateName\":\"Trusted Translations, Inc.\",\"url\":\"https:\\\/\\\/www.trustedtranslations.com\\\/de\\\/\",\"logo\":{\"@type\":\"ImageObject\",\"inLanguage\":\"de\",\"@id\":\"https:\\\/\\\/www.trustedtranslations.com\\\/de\\\/#\\\/schema\\\/logo\\\/image\\\/\",\"url\":\"https:\\\/\\\/static.trustedtranslations.com\\\/wp-content\\\/uploads\\\/2022\\\/01\\\/TT_logo_WSIColors-2.png\",\"contentUrl\":\"https:\\\/\\\/static.trustedtranslations.com\\\/wp-content\\\/uploads\\\/2022\\\/01\\\/TT_logo_WSIColors-2.png\",\"width\":500,\"height\":196,\"caption\":\"Trusted Translations\"},\"image\":{\"@id\":\"https:\\\/\\\/www.trustedtranslations.com\\\/de\\\/#\\\/schema\\\/logo\\\/image\\\/\"},\"sameAs\":[\"https:\\\/\\\/www.facebook.com\\\/Trusted.Translations\",\"https:\\\/\\\/x.com\\\/TrustedT9ns\",\"https:\\\/\\\/www.linkedin.com\\\/company\\\/trusted-translations\"]}]}<\/script>\n<!-- \/ Yoast SEO plugin. -->","yoast_head_json":{"title":"F\u00fchrend in der \u00dcbersetzung in und aus dem Tagalog: Trusted Translation","description":"Trusted Translations: F\u00fchrender Anbieter von \u00dcbersetzungsdienstleistungen in und aus dem Tagalog durch erfahrene \u00dcbersetzerteams f\u00fcr Taralog. Fordern Sie ein kostenloses Angebot oder eine Beratung an.","robots":{"index":"index","follow":"follow","max-snippet":"max-snippet:-1","max-image-preview":"max-image-preview:large","max-video-preview":"max-video-preview:-1"},"canonical":"https:\/\/www.trustedtranslations.com\/de\/sprache\/tagalog","og_locale":"de_DE","og_type":"article","og_title":"F\u00fchrend in der \u00dcbersetzung in und aus dem Tagalog: Trusted Translation","og_description":"Trusted Translations: F\u00fchrender Anbieter von \u00dcbersetzungsdienstleistungen in und aus dem Tagalog durch erfahrene \u00dcbersetzerteams f\u00fcr Taralog. Fordern Sie ein kostenloses Angebot oder eine Beratung an.","og_url":"https:\/\/www.trustedtranslations.com\/de\/sprache\/tagalog","og_site_name":"Trusted Translations, Inc.","article_publisher":"https:\/\/www.facebook.com\/Trusted.Translations","article_modified_time":"2024-09-11T16:39:08+00:00","og_image":[{"url":"https:\/\/static.trustedtranslations.com\/wp-content\/uploads\/2022\/08\/TT_NEW_FB-1.png","width":1,"height":1,"type":"image\/jpeg"}],"twitter_card":"summary_large_image","twitter_site":"@TrustedT9ns","schema":{"@context":"https:\/\/schema.org","@graph":[{"@type":"WebPage","@id":"https:\/\/www.trustedtranslations.com\/de\/sprache\/tagalog","url":"https:\/\/www.trustedtranslations.com\/de\/sprache\/tagalog","name":"F\u00fchrend in der \u00dcbersetzung in und aus dem Tagalog: Trusted Translation","isPartOf":{"@id":"https:\/\/www.trustedtranslations.com\/de\/#website"},"primaryImageOfPage":{"@id":"https:\/\/www.trustedtranslations.com\/de\/sprache\/tagalog#primaryimage"},"image":{"@id":"https:\/\/www.trustedtranslations.com\/de\/sprache\/tagalog#primaryimage"},"thumbnailUrl":"https:\/\/www.trustedtranslations.com\/wp-content\/uploads\/2022\/08\/TT_NEW_FB-1.png","description":"Trusted Translations: F\u00fchrender Anbieter von \u00dcbersetzungsdienstleistungen in und aus dem Tagalog durch erfahrene \u00dcbersetzerteams f\u00fcr Taralog. Fordern Sie ein kostenloses Angebot oder eine Beratung an.","breadcrumb":{"@id":"https:\/\/www.trustedtranslations.com\/de\/sprache\/tagalog#breadcrumb"},"inLanguage":"de","potentialAction":[{"@type":"ReadAction","target":["https:\/\/www.trustedtranslations.com\/de\/sprache\/tagalog"]}]},{"@type":"ImageObject","inLanguage":"de","@id":"https:\/\/www.trustedtranslations.com\/de\/sprache\/tagalog#primaryimage","url":"https:\/\/www.trustedtranslations.com\/wp-content\/uploads\/2022\/08\/TT_NEW_FB-1.png","contentUrl":"https:\/\/www.trustedtranslations.com\/wp-content\/uploads\/2022\/08\/TT_NEW_FB-1.png","caption":"TT NEW FB 1"},{"@type":"BreadcrumbList","@id":"https:\/\/www.trustedtranslations.com\/de\/sprache\/tagalog#breadcrumb","itemListElement":[{"@type":"ListItem","position":1,"name":"Home","item":"https:\/\/www.trustedtranslations.com\/de"},{"@type":"ListItem","position":2,"name":"Sprachen","item":"https:\/\/www.trustedtranslations.com\/de\/sprache"},{"@type":"ListItem","position":3,"name":"Tagalog"}]},{"@type":"WebSite","@id":"https:\/\/www.trustedtranslations.com\/de\/#website","url":"https:\/\/www.trustedtranslations.com\/de\/","name":"Trusted Translations, Inc.","description":"Leader in translation and interpretation services.","publisher":{"@id":"https:\/\/www.trustedtranslations.com\/de\/#organization"},"alternateName":"Trusted Translations","potentialAction":[{"@type":"SearchAction","target":{"@type":"EntryPoint","urlTemplate":"https:\/\/www.trustedtranslations.com\/de\/?s={search_term_string}"},"query-input":{"@type":"PropertyValueSpecification","valueRequired":true,"valueName":"search_term_string"}}],"inLanguage":"de"},{"@type":"Organization","@id":"https:\/\/www.trustedtranslations.com\/de\/#organization","name":"Trusted Translations","alternateName":"Trusted Translations, Inc.","url":"https:\/\/www.trustedtranslations.com\/de\/","logo":{"@type":"ImageObject","inLanguage":"de","@id":"https:\/\/www.trustedtranslations.com\/de\/#\/schema\/logo\/image\/","url":"https:\/\/static.trustedtranslations.com\/wp-content\/uploads\/2022\/01\/TT_logo_WSIColors-2.png","contentUrl":"https:\/\/static.trustedtranslations.com\/wp-content\/uploads\/2022\/01\/TT_logo_WSIColors-2.png","width":500,"height":196,"caption":"Trusted Translations"},"image":{"@id":"https:\/\/www.trustedtranslations.com\/de\/#\/schema\/logo\/image\/"},"sameAs":["https:\/\/www.facebook.com\/Trusted.Translations","https:\/\/x.com\/TrustedT9ns","https:\/\/www.linkedin.com\/company\/trusted-translations"]}]}},"toolset-meta":{"dyk":{"mensaje-1":{"type":"textfield","raw":"Filipino ist eine standardisierte Variante von Tagalog."},"mensaje-2":{"type":"textfield","raw":"Tagalog wurde 1937 zur Landessprache der Philippinen erkl\u00e4rt."},"mensaje-3":{"type":"textfield","raw":"In den USA gibt es etwa 1,8 Millionen Tagalog-Sprecher."},"mensaje-4":{"type":"textfield","raw":"Tagalog hat etwa 4.000 spanische Lehnw\u00f6rter."},"mensaje-5":{"type":"textfield","raw":""},"mensaje-6":{"type":"textfield","raw":""}},"single-page-template-fields":{"imgs-temp":{"type":"image","raw":["https:\/\/static.trustedtranslations.com\/wp-content\/uploads\/2023\/07\/Philippines-port.jpg"],"repeatable":[{"raw":"https:\/\/static.trustedtranslations.com\/wp-content\/uploads\/2023\/07\/Philippines-port.jpg"}]},"imgs-temp-cel":{"type":"image","raw":["https:\/\/static.trustedtranslations.com\/wp-content\/uploads\/2023\/07\/Philippines.jpg"],"repeatable":[{"raw":"https:\/\/static.trustedtranslations.com\/wp-content\/uploads\/2023\/07\/Philippines.jpg"}]},"img-temp-one-cel":{"type":"image","raw":"","attachment_id":null},"quotes":{"type":"textarea","raw":"<h1 style=\"margin-bottom: 12px;\">Tagalog-Sprachdienstleistungen <\/h1>Tagalog, auch Filipino genannt, geh\u00f6rt zu den am h\u00e4ufigsten gesprochenen Sprachen auf den Philippinen. Es ist die Muttersprache der meisten Filipinos und heute neben Englisch eine der beiden Amtssprachen dieses Inselstaates. Doch muttersprachliche \u00dcbersetzer, die f\u00fcr <em>Trusted Translations<\/em> arbeiten, sind sich bewusst, dass dies nur die zweisprachige Spitze eines mehrsprachigen Eisbergs ist: Fast 114 Millionen Filipinos sprechen \u00fcber 170 Sprachen und Dialekte! <div style=\"margin-top: 2.5vw;\"><a class=\"tt-btn-main-cta\" href=\"\/de\/angebot\">Kostenlosen Kostenvoranschlag anfordern<\/a><\/div>"},"text-1":{"type":"textarea","raw":"<h2>Hochwertige philippinische \u00dcbersetzungsdienste<\/h2>Diese Vielfalt spiegelt sich in einem Kernkonzept der philippinischen Gesellschaft wider: dem Bayanihan-Geist. Bayanihan verwebt alle diese kulturellen F\u00e4den zu einem zusammenh\u00e4ngenden sozialen Gef\u00fcge und ist die Essenz von Freundlichkeit und Zusammenarbeit, die diese Gemeinschaften \u00fcber Jahrhunderte hinweg mit unterschiedlichen Bev\u00f6lkerungsstr\u00f6men gesteuert hat.\r\n<h2 style=\"margin-top: -10px;\">Ein pazifischer \u201eRosetta-Stein\u201c?<\/h2>Tagalog ist eine der vielen austronesischen Sprachen, die sich im gesamten Pazifischen Ozean entwickelt haben. Tagalog teilt sein proto-philippinisches Spracherbe mit Hawaiianisch, M\u0101ori und Malaiisch. Es \u00fcberrascht nicht, dass es im pazifischen Raum nur wenige Aufzeichnungen \u00fcber pr\u00e4kolumbianische Sprachen gibt.<br><br>\r\n1992 wurde jedoch die Laguna-Kupferplatteninschrift entdeckt. Diese alte Tafel stammt aus dem 9. Jahrhundert und ist mit javanischer, malaiischer und Sanskrit-Schrift eingraviert. Dies deutet auf eine mysteri\u00f6se Kultur mit hinduistischen Einfl\u00fcssen auf den Philippinen hin, lange vor der Ankunft der Muslime im 12. Jahrhundert oder der spanischen Expedition unter der Leitung des Entdeckers Ferdinand Magellan im M\u00e4rz 1521. \r\n\r\n<h2>Nach 500 Jahren Unterordnung<\/h2>\r\nDies war der Beginn der spanischen Kolonialisierung. Spanien unterdr\u00fcckte mehrere Aufst\u00e4nde und regierte die Philippinen bis 1898, als es die Inseln nach der Niederlage im Spanisch-Amerikanischen Krieg an die USA abtrat. Die USA zerschmetterten die Unabh\u00e4ngigkeitshoffnungen der Philippinen und weiteten diese Kolonialherrschaft aus. Dennoch kam es auf den drei Hauptinseln zu bedeutenden Wirtschafts- und Bildungsreformen mit struktureller Modernisierung und Urbanisierung. <br><br>\r\nNach der Befreiung von der japanischen Besatzung im Zweiten Weltkrieg erfolgte 1946 die Anerkennung als unabh\u00e4ngige Republik. Ein Vorteil dieser Flickenteppich-Geschichte ist, dass die meisten Filipinos mehrsprachig sind und flie\u00dfend das standardisierte Wikang Filipino sowie Tagalog und <a href=\"https:\/\/www.trustedtranslations.com\/de\/sprache\/englisch\"><u>Englisch<\/u><\/a> sprechen. Die junge und schnell wachsende Bev\u00f6lkerung lernt beide Amtssprachen gem\u00e4\u00df dem Bilingual Education Policy Act von 1987."},"shortcode-map":{"type":"textfield","raw":""},"dyk-shortcode":{"type":"textfield","raw":"[elementor-template id=\"146647\"]"},"text-2":{"type":"textarea","raw":"<h2>Gesch\u00e4ftsausblick <\/h2>Als Schwellenmarkt entfernt sich die philippinische Wirtschaft von ihren landwirtschaftlichen Wurzeln (haupts\u00e4chlich Obst und Kokosnuss\u00f6l) hin zu einer Wirtschaft, die st\u00e4rker auf <a href=\"https:\/\/www.trustedtranslations.com\/de\/branchen\/fertigung\"><u>Produktion<\/u><\/a> und Dienstleistungen basiert. Mit einem j\u00e4hrlichen Wachstum von durchschnittlich etwa 6% ist dieses Tigerjunges ein bemerkenswerter Leistungstr\u00e4ger im asiatisch-pazifischen Raum.<br><br>\r\nZu den Hauptexportg\u00fctern z\u00e4hlen <a href=\"https:\/\/www.trustedtranslations.com\/de\/branchen\/software\"><u>Elektronik und Halbleiter<\/u><\/a> sowie Chemikalien, Bekleidung und Transportausr\u00fcstung. Mit 55 bereits in Betrieb befindlichen Minen sind die reichen Vorkommen an Kupfer, Gold, Nickel und anderen wertvollen Mineralien noch weitgehend unerschlossen.<br><br>\r\nAls attraktiver Pharmamarkt und mit geplanten \u00f6ffentlichen Infrastrukturausgaben von \u00fcber 5,0% des BIP scheinen die Philippinen auf Wachstum und Wohlstand eingestellt zu sein. Nach Angaben der philippinischen Statistikbeh\u00f6rde haben sich im ersten Quartal 2023 die gesamten Genehmigungen f\u00fcr ausl\u00e4ndische Investitionen von fast 160 Millionen US-Dollar auf 3 Milliarden US-Dollar mehr als verdoppelt. \r\n<h2>Soziale Fallstricke auf den Philippinen vermeiden<\/h2>\r\nObwohl sie mit der modernen <a href=\"https:\/\/www.trustedtranslations.com\/de\/branchen\/technisch\"><u>Technologie<\/u><\/a> Schritt halten, sind viele philippinische Traditionen immer noch fest in allt\u00e4glichen H\u00f6flichkeiten verwurzelt, insbesondere der tiefe Respekt gegen\u00fcber \u00c4lteren. F\u00fcr ausl\u00e4ndische <a href=\"https:\/\/www.trustedtranslations.com\/de\/branchen\/geschaeftlich\"><u>Unternehmen<\/u><\/a>, die ihre Gesch\u00e4fte abschlie\u00dfen m\u00f6chten, ist es am kl\u00fcgsten, sich an die professionellen Sprachexperten von <em>Trusted Translations<\/em> zu wenden, um alle Ihre Sprachbed\u00fcrfnisse zu erf\u00fcllen."},"state":{"type":"textfield","raw":""},"city":{"type":"textarea","raw":[]}}},"_links":{"self":[{"href":"https:\/\/www.trustedtranslations.com\/de\/wp-json\/wp\/v2\/pages\/217146","targetHints":{"allow":["GET"]}}],"collection":[{"href":"https:\/\/www.trustedtranslations.com\/de\/wp-json\/wp\/v2\/pages"}],"about":[{"href":"https:\/\/www.trustedtranslations.com\/de\/wp-json\/wp\/v2\/types\/page"}],"author":[{"embeddable":true,"href":"https:\/\/www.trustedtranslations.com\/de\/wp-json\/wp\/v2\/users\/1"}],"replies":[{"embeddable":true,"href":"https:\/\/www.trustedtranslations.com\/de\/wp-json\/wp\/v2\/comments?post=217146"}],"version-history":[{"count":0,"href":"https:\/\/www.trustedtranslations.com\/de\/wp-json\/wp\/v2\/pages\/217146\/revisions"}],"up":[{"embeddable":true,"href":"https:\/\/www.trustedtranslations.com\/de\/wp-json\/wp\/v2\/pages\/129506"}],"wp:featuredmedia":[{"embeddable":true,"href":"https:\/\/www.trustedtranslations.com\/de\/wp-json\/wp\/v2\/media\/223055"}],"wp:attachment":[{"href":"https:\/\/www.trustedtranslations.com\/de\/wp-json\/wp\/v2\/media?parent=217146"}],"curies":[{"name":"wp","href":"https:\/\/api.w.org\/{rel}","templated":true}]}}