{"id":217147,"date":"2023-08-02T11:26:37","date_gmt":"2023-08-02T14:26:37","guid":{"rendered":"https:\/\/www.trustedtranslations.com\/?page_id=217147"},"modified":"2024-09-11T13:44:25","modified_gmt":"2024-09-11T16:44:25","slug":"tuerkisch","status":"publish","type":"page","link":"https:\/\/www.trustedtranslations.com\/de\/sprache\/tuerkisch","title":{"rendered":"T\u00fcrkisch"},"content":{"rendered":"","protected":false},"excerpt":{"rendered":"","protected":false},"author":1,"featured_media":223055,"parent":129506,"menu_order":0,"comment_status":"closed","ping_status":"closed","template":"","meta":{"site-sidebar-layout":"default","site-content-layout":"default","ast-site-content-layout":"default","site-content-style":"default","site-sidebar-style":"default","ast-global-header-display":"","ast-banner-title-visibility":"","ast-main-header-display":"","ast-hfb-above-header-display":"","ast-hfb-below-header-display":"","ast-hfb-mobile-header-display":"","site-post-title":"","ast-breadcrumbs-content":"","ast-featured-img":"","footer-sml-layout":"","ast-disable-related-posts":"","theme-transparent-header-meta":"default","adv-header-id-meta":"","stick-header-meta":"","header-above-stick-meta":"","header-main-stick-meta":"","header-below-stick-meta":"","astra-migrate-meta-layouts":"set","ast-page-background-enabled":"default","ast-page-background-meta":{"desktop":{"background-color":"var(--ast-global-color-4)","background-image":"","background-repeat":"repeat","background-position":"center center","background-size":"auto","background-attachment":"scroll","background-type":"","background-media":"","overlay-type":"","overlay-color":"","overlay-opacity":"","overlay-gradient":""},"tablet":{"background-color":"","background-image":"","background-repeat":"repeat","background-position":"center center","background-size":"auto","background-attachment":"scroll","background-type":"","background-media":"","overlay-type":"","overlay-color":"","overlay-opacity":"","overlay-gradient":""},"mobile":{"background-color":"","background-image":"","background-repeat":"repeat","background-position":"center center","background-size":"auto","background-attachment":"scroll","background-type":"","background-media":"","overlay-type":"","overlay-color":"","overlay-opacity":"","overlay-gradient":""}},"ast-content-background-meta":{"desktop":{"background-color":"var(--ast-global-color-5)","background-image":"","background-repeat":"repeat","background-position":"center center","background-size":"auto","background-attachment":"scroll","background-type":"","background-media":"","overlay-type":"","overlay-color":"","overlay-opacity":"","overlay-gradient":""},"tablet":{"background-color":"var(--ast-global-color-5)","background-image":"","background-repeat":"repeat","background-position":"center center","background-size":"auto","background-attachment":"scroll","background-type":"","background-media":"","overlay-type":"","overlay-color":"","overlay-opacity":"","overlay-gradient":""},"mobile":{"background-color":"var(--ast-global-color-5)","background-image":"","background-repeat":"repeat","background-position":"center center","background-size":"auto","background-attachment":"scroll","background-type":"","background-media":"","overlay-type":"","overlay-color":"","overlay-opacity":"","overlay-gradient":""}},"footnotes":""},"class_list":["post-217147","page","type-page","status-publish","has-post-thumbnail","hentry"],"yoast_head":"<!-- This site is optimized with the Yoast SEO plugin v27.5 - https:\/\/yoast.com\/product\/yoast-seo-wordpress\/ -->\n<title>\u00dcbersetzungsdienstleistungen f\u00fcr die t\u00fcrkische Sprache - Trusted Translations, Inc.<\/title>\n<meta name=\"description\" content=\"Hochwertige t\u00fcrkische \u00dcbersetzungsdienstleistungen. Die erfahrenen muttersprachlichen \u00dcbersetzer von Trusted Translations liefern genaue und zuverl\u00e4ssige \u00dcbersetzungen. Kontaktieren Sie uns f\u00fcr ein kostenloses Angebot.\" \/>\n<meta name=\"robots\" content=\"index, follow, max-snippet:-1, max-image-preview:large, max-video-preview:-1\" \/>\n<link rel=\"canonical\" href=\"https:\/\/www.trustedtranslations.com\/de\/sprache\/tuerkisch\" \/>\n<meta property=\"og:locale\" content=\"de_DE\" \/>\n<meta property=\"og:type\" content=\"article\" \/>\n<meta property=\"og:title\" content=\"\u00dcbersetzungsdienstleistungen f\u00fcr die t\u00fcrkische Sprache - Trusted Translations, Inc.\" \/>\n<meta property=\"og:description\" content=\"Hochwertige t\u00fcrkische \u00dcbersetzungsdienstleistungen. Die erfahrenen muttersprachlichen \u00dcbersetzer von Trusted Translations liefern genaue und zuverl\u00e4ssige \u00dcbersetzungen. Kontaktieren Sie uns f\u00fcr ein kostenloses Angebot.\" \/>\n<meta property=\"og:url\" content=\"https:\/\/www.trustedtranslations.com\/de\/sprache\/tuerkisch\" \/>\n<meta property=\"og:site_name\" content=\"Trusted Translations, Inc.\" \/>\n<meta property=\"article:publisher\" content=\"https:\/\/www.facebook.com\/Trusted.Translations\" \/>\n<meta property=\"article:modified_time\" content=\"2024-09-11T16:44:25+00:00\" \/>\n<meta property=\"og:image\" content=\"https:\/\/static.trustedtranslations.com\/wp-content\/uploads\/2022\/08\/TT_NEW_FB-1.png\" \/>\n\t<meta property=\"og:image:width\" content=\"1\" \/>\n\t<meta property=\"og:image:height\" content=\"1\" \/>\n\t<meta property=\"og:image:type\" content=\"image\/jpeg\" \/>\n<meta name=\"twitter:card\" content=\"summary_large_image\" \/>\n<meta name=\"twitter:site\" content=\"@TrustedT9ns\" \/>\n<script type=\"application\/ld+json\" class=\"yoast-schema-graph\">{\"@context\":\"https:\\\/\\\/schema.org\",\"@graph\":[{\"@type\":\"WebPage\",\"@id\":\"https:\\\/\\\/www.trustedtranslations.com\\\/de\\\/sprache\\\/tuerkisch\",\"url\":\"https:\\\/\\\/www.trustedtranslations.com\\\/de\\\/sprache\\\/tuerkisch\",\"name\":\"\u00dcbersetzungsdienstleistungen f\u00fcr die t\u00fcrkische Sprache - Trusted Translations, Inc.\",\"isPartOf\":{\"@id\":\"https:\\\/\\\/www.trustedtranslations.com\\\/de\\\/#website\"},\"primaryImageOfPage\":{\"@id\":\"https:\\\/\\\/www.trustedtranslations.com\\\/de\\\/sprache\\\/tuerkisch#primaryimage\"},\"image\":{\"@id\":\"https:\\\/\\\/www.trustedtranslations.com\\\/de\\\/sprache\\\/tuerkisch#primaryimage\"},\"thumbnailUrl\":\"https:\\\/\\\/www.trustedtranslations.com\\\/wp-content\\\/uploads\\\/2022\\\/08\\\/TT_NEW_FB-1.png\",\"description\":\"Hochwertige t\u00fcrkische \u00dcbersetzungsdienstleistungen. Die erfahrenen muttersprachlichen \u00dcbersetzer von Trusted Translations liefern genaue und zuverl\u00e4ssige \u00dcbersetzungen. Kontaktieren Sie uns f\u00fcr ein kostenloses Angebot.\",\"breadcrumb\":{\"@id\":\"https:\\\/\\\/www.trustedtranslations.com\\\/de\\\/sprache\\\/tuerkisch#breadcrumb\"},\"inLanguage\":\"de\",\"potentialAction\":[{\"@type\":\"ReadAction\",\"target\":[\"https:\\\/\\\/www.trustedtranslations.com\\\/de\\\/sprache\\\/tuerkisch\"]}]},{\"@type\":\"ImageObject\",\"inLanguage\":\"de\",\"@id\":\"https:\\\/\\\/www.trustedtranslations.com\\\/de\\\/sprache\\\/tuerkisch#primaryimage\",\"url\":\"https:\\\/\\\/www.trustedtranslations.com\\\/wp-content\\\/uploads\\\/2022\\\/08\\\/TT_NEW_FB-1.png\",\"contentUrl\":\"https:\\\/\\\/www.trustedtranslations.com\\\/wp-content\\\/uploads\\\/2022\\\/08\\\/TT_NEW_FB-1.png\",\"caption\":\"TT NEW FB 1\"},{\"@type\":\"BreadcrumbList\",\"@id\":\"https:\\\/\\\/www.trustedtranslations.com\\\/de\\\/sprache\\\/tuerkisch#breadcrumb\",\"itemListElement\":[{\"@type\":\"ListItem\",\"position\":1,\"name\":\"Home\",\"item\":\"https:\\\/\\\/www.trustedtranslations.com\\\/de\"},{\"@type\":\"ListItem\",\"position\":2,\"name\":\"Sprachen\",\"item\":\"https:\\\/\\\/www.trustedtranslations.com\\\/de\\\/sprache\"},{\"@type\":\"ListItem\",\"position\":3,\"name\":\"T\u00fcrkisch\"}]},{\"@type\":\"WebSite\",\"@id\":\"https:\\\/\\\/www.trustedtranslations.com\\\/de\\\/#website\",\"url\":\"https:\\\/\\\/www.trustedtranslations.com\\\/de\\\/\",\"name\":\"Trusted Translations, Inc.\",\"description\":\"Leader in translation and interpretation services.\",\"publisher\":{\"@id\":\"https:\\\/\\\/www.trustedtranslations.com\\\/de\\\/#organization\"},\"alternateName\":\"Trusted Translations\",\"potentialAction\":[{\"@type\":\"SearchAction\",\"target\":{\"@type\":\"EntryPoint\",\"urlTemplate\":\"https:\\\/\\\/www.trustedtranslations.com\\\/de\\\/?s={search_term_string}\"},\"query-input\":{\"@type\":\"PropertyValueSpecification\",\"valueRequired\":true,\"valueName\":\"search_term_string\"}}],\"inLanguage\":\"de\"},{\"@type\":\"Organization\",\"@id\":\"https:\\\/\\\/www.trustedtranslations.com\\\/de\\\/#organization\",\"name\":\"Trusted Translations\",\"alternateName\":\"Trusted Translations, Inc.\",\"url\":\"https:\\\/\\\/www.trustedtranslations.com\\\/de\\\/\",\"logo\":{\"@type\":\"ImageObject\",\"inLanguage\":\"de\",\"@id\":\"https:\\\/\\\/www.trustedtranslations.com\\\/de\\\/#\\\/schema\\\/logo\\\/image\\\/\",\"url\":\"https:\\\/\\\/static.trustedtranslations.com\\\/wp-content\\\/uploads\\\/2022\\\/01\\\/TT_logo_WSIColors-2.png\",\"contentUrl\":\"https:\\\/\\\/static.trustedtranslations.com\\\/wp-content\\\/uploads\\\/2022\\\/01\\\/TT_logo_WSIColors-2.png\",\"width\":500,\"height\":196,\"caption\":\"Trusted Translations\"},\"image\":{\"@id\":\"https:\\\/\\\/www.trustedtranslations.com\\\/de\\\/#\\\/schema\\\/logo\\\/image\\\/\"},\"sameAs\":[\"https:\\\/\\\/www.facebook.com\\\/Trusted.Translations\",\"https:\\\/\\\/x.com\\\/TrustedT9ns\",\"https:\\\/\\\/www.linkedin.com\\\/company\\\/trusted-translations\"]}]}<\/script>\n<!-- \/ Yoast SEO plugin. -->","yoast_head_json":{"title":"\u00dcbersetzungsdienstleistungen f\u00fcr die t\u00fcrkische Sprache - Trusted Translations, Inc.","description":"Hochwertige t\u00fcrkische \u00dcbersetzungsdienstleistungen. Die erfahrenen muttersprachlichen \u00dcbersetzer von Trusted Translations liefern genaue und zuverl\u00e4ssige \u00dcbersetzungen. Kontaktieren Sie uns f\u00fcr ein kostenloses Angebot.","robots":{"index":"index","follow":"follow","max-snippet":"max-snippet:-1","max-image-preview":"max-image-preview:large","max-video-preview":"max-video-preview:-1"},"canonical":"https:\/\/www.trustedtranslations.com\/de\/sprache\/tuerkisch","og_locale":"de_DE","og_type":"article","og_title":"\u00dcbersetzungsdienstleistungen f\u00fcr die t\u00fcrkische Sprache - Trusted Translations, Inc.","og_description":"Hochwertige t\u00fcrkische \u00dcbersetzungsdienstleistungen. Die erfahrenen muttersprachlichen \u00dcbersetzer von Trusted Translations liefern genaue und zuverl\u00e4ssige \u00dcbersetzungen. Kontaktieren Sie uns f\u00fcr ein kostenloses Angebot.","og_url":"https:\/\/www.trustedtranslations.com\/de\/sprache\/tuerkisch","og_site_name":"Trusted Translations, Inc.","article_publisher":"https:\/\/www.facebook.com\/Trusted.Translations","article_modified_time":"2024-09-11T16:44:25+00:00","og_image":[{"url":"https:\/\/static.trustedtranslations.com\/wp-content\/uploads\/2022\/08\/TT_NEW_FB-1.png","width":1,"height":1,"type":"image\/jpeg"}],"twitter_card":"summary_large_image","twitter_site":"@TrustedT9ns","schema":{"@context":"https:\/\/schema.org","@graph":[{"@type":"WebPage","@id":"https:\/\/www.trustedtranslations.com\/de\/sprache\/tuerkisch","url":"https:\/\/www.trustedtranslations.com\/de\/sprache\/tuerkisch","name":"\u00dcbersetzungsdienstleistungen f\u00fcr die t\u00fcrkische Sprache - Trusted Translations, Inc.","isPartOf":{"@id":"https:\/\/www.trustedtranslations.com\/de\/#website"},"primaryImageOfPage":{"@id":"https:\/\/www.trustedtranslations.com\/de\/sprache\/tuerkisch#primaryimage"},"image":{"@id":"https:\/\/www.trustedtranslations.com\/de\/sprache\/tuerkisch#primaryimage"},"thumbnailUrl":"https:\/\/www.trustedtranslations.com\/wp-content\/uploads\/2022\/08\/TT_NEW_FB-1.png","description":"Hochwertige t\u00fcrkische \u00dcbersetzungsdienstleistungen. Die erfahrenen muttersprachlichen \u00dcbersetzer von Trusted Translations liefern genaue und zuverl\u00e4ssige \u00dcbersetzungen. Kontaktieren Sie uns f\u00fcr ein kostenloses Angebot.","breadcrumb":{"@id":"https:\/\/www.trustedtranslations.com\/de\/sprache\/tuerkisch#breadcrumb"},"inLanguage":"de","potentialAction":[{"@type":"ReadAction","target":["https:\/\/www.trustedtranslations.com\/de\/sprache\/tuerkisch"]}]},{"@type":"ImageObject","inLanguage":"de","@id":"https:\/\/www.trustedtranslations.com\/de\/sprache\/tuerkisch#primaryimage","url":"https:\/\/www.trustedtranslations.com\/wp-content\/uploads\/2022\/08\/TT_NEW_FB-1.png","contentUrl":"https:\/\/www.trustedtranslations.com\/wp-content\/uploads\/2022\/08\/TT_NEW_FB-1.png","caption":"TT NEW FB 1"},{"@type":"BreadcrumbList","@id":"https:\/\/www.trustedtranslations.com\/de\/sprache\/tuerkisch#breadcrumb","itemListElement":[{"@type":"ListItem","position":1,"name":"Home","item":"https:\/\/www.trustedtranslations.com\/de"},{"@type":"ListItem","position":2,"name":"Sprachen","item":"https:\/\/www.trustedtranslations.com\/de\/sprache"},{"@type":"ListItem","position":3,"name":"T\u00fcrkisch"}]},{"@type":"WebSite","@id":"https:\/\/www.trustedtranslations.com\/de\/#website","url":"https:\/\/www.trustedtranslations.com\/de\/","name":"Trusted Translations, Inc.","description":"Leader in translation and interpretation services.","publisher":{"@id":"https:\/\/www.trustedtranslations.com\/de\/#organization"},"alternateName":"Trusted Translations","potentialAction":[{"@type":"SearchAction","target":{"@type":"EntryPoint","urlTemplate":"https:\/\/www.trustedtranslations.com\/de\/?s={search_term_string}"},"query-input":{"@type":"PropertyValueSpecification","valueRequired":true,"valueName":"search_term_string"}}],"inLanguage":"de"},{"@type":"Organization","@id":"https:\/\/www.trustedtranslations.com\/de\/#organization","name":"Trusted Translations","alternateName":"Trusted Translations, Inc.","url":"https:\/\/www.trustedtranslations.com\/de\/","logo":{"@type":"ImageObject","inLanguage":"de","@id":"https:\/\/www.trustedtranslations.com\/de\/#\/schema\/logo\/image\/","url":"https:\/\/static.trustedtranslations.com\/wp-content\/uploads\/2022\/01\/TT_logo_WSIColors-2.png","contentUrl":"https:\/\/static.trustedtranslations.com\/wp-content\/uploads\/2022\/01\/TT_logo_WSIColors-2.png","width":500,"height":196,"caption":"Trusted Translations"},"image":{"@id":"https:\/\/www.trustedtranslations.com\/de\/#\/schema\/logo\/image\/"},"sameAs":["https:\/\/www.facebook.com\/Trusted.Translations","https:\/\/x.com\/TrustedT9ns","https:\/\/www.linkedin.com\/company\/trusted-translations"]}]}},"toolset-meta":{"dyk":{"mensaje-1":{"type":"textfield","raw":"Das t\u00fcrkische Alphabet wurde 1932 nach dem Untergang des Osmanischen Reiches \u00fcberarbeitet."},"mensaje-2":{"type":"textfield","raw":"Im T\u00fcrkischen gibt es viele Ehrungs- und Etiketteregeln."},"mensaje-3":{"type":"textfield","raw":"T\u00fcrkisch ist auch die offizielle Sprache Zyperns."},"mensaje-4":{"type":"textfield","raw":"Im Jahr 2022 akzeptierten die Vereinten Nationen die Namens\u00e4nderung der T\u00fcrkei zu T\u00fcrkiye."},"mensaje-5":{"type":"textfield","raw":""},"mensaje-6":{"type":"textfield","raw":""}},"single-page-template-fields":{"imgs-temp":{"type":"image","raw":["https:\/\/static.trustedtranslations.com\/wp-content\/uploads\/2023\/07\/Turkey-port.jpg"],"repeatable":[{"raw":"https:\/\/static.trustedtranslations.com\/wp-content\/uploads\/2023\/07\/Turkey-port.jpg"}]},"imgs-temp-cel":{"type":"image","raw":["https:\/\/static.trustedtranslations.com\/wp-content\/uploads\/2023\/07\/Turkey.jpg"],"repeatable":[{"raw":"https:\/\/static.trustedtranslations.com\/wp-content\/uploads\/2023\/07\/Turkey.jpg"}]},"img-temp-one-cel":{"type":"image","raw":"","attachment_id":null},"quotes":{"type":"textarea","raw":"<h1 style=\"margin-bottom: 12px;\">\u00dcbersetzungsdienstleistungen in die und aus der t\u00fcrkischen Sprache<\/h1><em>Trusted Translations<\/em>, ein f\u00fchrender Anbieter t\u00fcrkischer Sprachdienstleistungen, bietet wettbewerbsf\u00e4hige Preise f\u00fcr \u00dcbersetzungsprojekte in T\u00fcrkisch, Englisch und anderen Sprachen. Unser kulturbewusstes Team konzentriert sich auf enge Fristen und ist bestens ger\u00fcstet, um auch die sprachlichen und kulturellen Nuancen t\u00fcrkischsprachiger Regionen in Zypern, Bulgarien und Griechenland zu bew\u00e4ltigen.<div style=\"margin-top: 2.5vw;\"><a class=\"tt-btn-main-cta\" href=\"\/de\/angebot\">Kostenlosen Kostenvoranschlag anfordern<\/a><\/div>"},"text-1":{"type":"textarea","raw":"<h2 style=\"margin-top: -10px;\">T\u00fcrkiye begr\u00fc\u00dft die Zukunft<\/h2>Als altes Handelszentrum mit vielversprechender Zukunft hat die T\u00fcrkei k\u00fcrzlich eine neue Identit\u00e4t f\u00fcr das 21. Jahrhundert angenommen: Ab Mai 2022 lautet ihr neuer offizieller Name Republik T\u00fcrkiye. Dar\u00fcber hinaus trug die ber\u00fchmte Hauptstadt am Bosporus im Laufe ihrer langen Geschichte drei Namen: Byzanz, Konstantinopel und Istanbul.<br><br>\r\nNach dem Niedergang des Osmanischen Reiches und seinem Status als \u201ekranker Mann Europas\u201c nach dem Ersten Weltkrieg erlebte die heutige T\u00fcrkiye unter der vision\u00e4ren F\u00fchrung des t\u00fcrkischen Nationalisten Mustafa Kemal Atat\u00fcrk eine transformative Reise. 1923 wurde die Republik T\u00fcrkei gegr\u00fcndet, mit Ankara als neue Hauptstadt.<br><br>\r\nAls Mitglied der NATO f\u00fchrte T\u00fcrkiye schnell westliche Institutionen ein und \u00fcbernahm ein lateinisches Alphabet mit 29 Buchstaben, mit vorderen (e, i, \u00f6, \u00fc) und hinteren (a, \u0131, o, u) Vokalen. Heute wird T\u00fcrkisch (T\u00fcrk\u00e7e) von rund 78 Millionen Menschen weltweit gesprochen, wobei fast 90 % in der T\u00fcrkiye leben.\r\n<h2>Willkommen hei\u00dfende t\u00fcrkische Kultur<\/h2>\r\nDie t\u00fcrkische Kultur zeichnet sich durch Gastfreundschaft, Freundlichkeit und Schwerpunkt auf Vertrauen und pers\u00f6nliche Beziehungen aus. Angesichts eines komplexen Systems von ehrenden Anreden zur Vermittlung von Respekt und H\u00f6flichkeit erfordert die Navigation durch die verschiedenen Verbformen und Pronomen, mit denen Menschen unterschiedlichen Alters und unterschiedlichen sozialen Status angesprochen werden, das Fachwissen eines professionellen muttersprachlichen \u00dcbersetzers."},"shortcode-map":{"type":"textfield","raw":""},"dyk-shortcode":{"type":"textfield","raw":"[elementor-template id=\"146647\"]"},"text-2":{"type":"textarea","raw":"<h2>Umgang mit kulturellen Sensibilit\u00e4ten bei der Gesch\u00e4ftsabwicklung in der T\u00fcrkei<\/h2>In einer Gesellschaft, die gem\u00e4chliche und <a href=\"https:\/\/www.trustedtranslations.com\/de\/branchen\/geschaeftlich\"><u>langwierige Verhandlungen<\/u><\/a> sch\u00e4tzt, ist die Zusammenarbeit mit einem muttersprachlichen \u00dcbersetzer wie dem Team von <em>Trusted Translations<\/em> \u2013 sowie viel Geduld \u2013 von entscheidender Bedeutung, wenn es um Diskussionen \u00fcber Gesch\u00e4ftsbedingungen und Preise geht.<br><br>\r\n<em>Trusted Translations<\/em> ist ein f\u00fchrender Anbieter von t\u00fcrkischen Sprachdienstleistungen und bietet wettbewerbsf\u00e4hige \u00dcbersetzungstarife und enge Zeitrahmen f\u00fcr Projekte in T\u00fcrkisch und Englisch sowie in anderen Sprachen. Das kulturbewusste Personal ist zudem gut qualifiziert, um mit den kulturellen Unterschieden in den t\u00fcrkischsprachigen Regionen Zyperns, Bulgariens und Griechenlands umzugehen."},"state":{"type":"textfield","raw":""},"city":{"type":"textarea","raw":[]}}},"_links":{"self":[{"href":"https:\/\/www.trustedtranslations.com\/de\/wp-json\/wp\/v2\/pages\/217147","targetHints":{"allow":["GET"]}}],"collection":[{"href":"https:\/\/www.trustedtranslations.com\/de\/wp-json\/wp\/v2\/pages"}],"about":[{"href":"https:\/\/www.trustedtranslations.com\/de\/wp-json\/wp\/v2\/types\/page"}],"author":[{"embeddable":true,"href":"https:\/\/www.trustedtranslations.com\/de\/wp-json\/wp\/v2\/users\/1"}],"replies":[{"embeddable":true,"href":"https:\/\/www.trustedtranslations.com\/de\/wp-json\/wp\/v2\/comments?post=217147"}],"version-history":[{"count":0,"href":"https:\/\/www.trustedtranslations.com\/de\/wp-json\/wp\/v2\/pages\/217147\/revisions"}],"up":[{"embeddable":true,"href":"https:\/\/www.trustedtranslations.com\/de\/wp-json\/wp\/v2\/pages\/129506"}],"wp:featuredmedia":[{"embeddable":true,"href":"https:\/\/www.trustedtranslations.com\/de\/wp-json\/wp\/v2\/media\/223055"}],"wp:attachment":[{"href":"https:\/\/www.trustedtranslations.com\/de\/wp-json\/wp\/v2\/media?parent=217147"}],"curies":[{"name":"wp","href":"https:\/\/api.w.org\/{rel}","templated":true}]}}