{"id":286137,"date":"2025-02-24T12:51:03","date_gmt":"2025-02-24T15:51:03","guid":{"rendered":"https:\/\/www.trustedtranslations.com\/?page_id=286137"},"modified":"2025-02-26T11:42:59","modified_gmt":"2025-02-26T14:42:59","slug":"abhilfedienstleistungen-gemaess-abschnitt-508","status":"publish","type":"page","link":"https:\/\/www.trustedtranslations.com\/de\/dienstleistungen\/menschlich\/zugaenglichkeit\/abhilfedienstleistungen-gemaess-abschnitt-508","title":{"rendered":"Abhilfedienstleistungen gem\u00e4\u00df Abschnitt 508"},"content":{"rendered":"","protected":false},"excerpt":{"rendered":"","protected":false},"author":1,"featured_media":0,"parent":201518,"menu_order":0,"comment_status":"closed","ping_status":"closed","template":"","meta":{"site-sidebar-layout":"default","site-content-layout":"","ast-site-content-layout":"default","site-content-style":"default","site-sidebar-style":"default","ast-global-header-display":"","ast-banner-title-visibility":"","ast-main-header-display":"","ast-hfb-above-header-display":"","ast-hfb-below-header-display":"","ast-hfb-mobile-header-display":"","site-post-title":"","ast-breadcrumbs-content":"","ast-featured-img":"","footer-sml-layout":"","theme-transparent-header-meta":"default","adv-header-id-meta":"","stick-header-meta":"","header-above-stick-meta":"","header-main-stick-meta":"","header-below-stick-meta":"","astra-migrate-meta-layouts":"set","ast-page-background-enabled":"default","ast-page-background-meta":{"desktop":{"background-color":"var(--ast-global-color-4)","background-image":"","background-repeat":"repeat","background-position":"center center","background-size":"auto","background-attachment":"scroll","background-type":"","background-media":"","overlay-type":"","overlay-color":"","overlay-opacity":"","overlay-gradient":""},"tablet":{"background-color":"","background-image":"","background-repeat":"repeat","background-position":"center center","background-size":"auto","background-attachment":"scroll","background-type":"","background-media":"","overlay-type":"","overlay-color":"","overlay-opacity":"","overlay-gradient":""},"mobile":{"background-color":"","background-image":"","background-repeat":"repeat","background-position":"center center","background-size":"auto","background-attachment":"scroll","background-type":"","background-media":"","overlay-type":"","overlay-color":"","overlay-opacity":"","overlay-gradient":""}},"ast-content-background-meta":{"desktop":{"background-color":"var(--ast-global-color-5)","background-image":"","background-repeat":"repeat","background-position":"center center","background-size":"auto","background-attachment":"scroll","background-type":"","background-media":"","overlay-type":"","overlay-color":"","overlay-opacity":"","overlay-gradient":""},"tablet":{"background-color":"var(--ast-global-color-5)","background-image":"","background-repeat":"repeat","background-position":"center center","background-size":"auto","background-attachment":"scroll","background-type":"","background-media":"","overlay-type":"","overlay-color":"","overlay-opacity":"","overlay-gradient":""},"mobile":{"background-color":"var(--ast-global-color-5)","background-image":"","background-repeat":"repeat","background-position":"center center","background-size":"auto","background-attachment":"scroll","background-type":"","background-media":"","overlay-type":"","overlay-color":"","overlay-opacity":"","overlay-gradient":""}},"footnotes":""},"class_list":["post-286137","page","type-page","status-publish","hentry"],"yoast_head":"<!-- This site is optimized with the Yoast SEO plugin v27.5 - https:\/\/yoast.com\/product\/yoast-seo-wordpress\/ -->\n<title>Abhilfema\u00dfnahmen gem\u00e4\u00df Abschnitt 508 | Trusted Translations<\/title>\n<meta name=\"description\" content=\"Sorgen Sie f\u00fcr Inklusivit\u00e4t und vermeiden Sie rechtliche Risiken mit den Abhilfema\u00dfnahmen gem\u00e4\u00df Abschnitt 508 von Trusted Translations. Expertenl\u00f6sungen f\u00fcr Barrierefreiheit f\u00fcr Dokumente und WCAG-Konformit\u00e4t.\" \/>\n<meta name=\"robots\" content=\"index, follow, max-snippet:-1, max-image-preview:large, max-video-preview:-1\" \/>\n<link rel=\"canonical\" href=\"https:\/\/www.trustedtranslations.com\/de\/dienstleistungen\/menschlich\/zugaenglichkeit\/abhilfedienstleistungen-gemaess-abschnitt-508\" \/>\n<meta property=\"og:locale\" content=\"de_DE\" \/>\n<meta property=\"og:type\" content=\"article\" \/>\n<meta property=\"og:title\" content=\"Abhilfema\u00dfnahmen gem\u00e4\u00df Abschnitt 508 | Trusted Translations\" \/>\n<meta property=\"og:description\" content=\"Sorgen Sie f\u00fcr Inklusivit\u00e4t und vermeiden Sie rechtliche Risiken mit den Abhilfema\u00dfnahmen gem\u00e4\u00df Abschnitt 508 von Trusted Translations. Expertenl\u00f6sungen f\u00fcr Barrierefreiheit f\u00fcr Dokumente und WCAG-Konformit\u00e4t.\" \/>\n<meta property=\"og:url\" content=\"https:\/\/www.trustedtranslations.com\/de\/dienstleistungen\/menschlich\/zugaenglichkeit\/abhilfedienstleistungen-gemaess-abschnitt-508\" \/>\n<meta property=\"og:site_name\" content=\"Trusted Translations, Inc.\" \/>\n<meta property=\"article:publisher\" content=\"https:\/\/www.facebook.com\/Trusted.Translations\" \/>\n<meta property=\"article:modified_time\" content=\"2025-02-26T14:42:59+00:00\" \/>\n<meta property=\"og:image\" content=\"https:\/\/www.trustedtranslations.com\/wp-content\/uploads\/2022\/06\/tt-logo-2-1.webp\" \/>\n\t<meta property=\"og:image:width\" content=\"216\" \/>\n\t<meta property=\"og:image:height\" content=\"94\" \/>\n\t<meta property=\"og:image:type\" content=\"image\/webp\" \/>\n<meta name=\"twitter:card\" content=\"summary_large_image\" \/>\n<meta name=\"twitter:site\" content=\"@TrustedT9ns\" \/>\n<script type=\"application\/ld+json\" class=\"yoast-schema-graph\">{\"@context\":\"https:\\\/\\\/schema.org\",\"@graph\":[{\"@type\":\"WebPage\",\"@id\":\"https:\\\/\\\/www.trustedtranslations.com\\\/de\\\/dienstleistungen\\\/menschlich\\\/zugaenglichkeit\\\/abhilfedienstleistungen-gemaess-abschnitt-508\",\"url\":\"https:\\\/\\\/www.trustedtranslations.com\\\/de\\\/dienstleistungen\\\/menschlich\\\/zugaenglichkeit\\\/abhilfedienstleistungen-gemaess-abschnitt-508\",\"name\":\"Abhilfema\u00dfnahmen gem\u00e4\u00df Abschnitt 508 | Trusted Translations\",\"isPartOf\":{\"@id\":\"https:\\\/\\\/www.trustedtranslations.com\\\/de\\\/#website\"},\"description\":\"Sorgen Sie f\u00fcr Inklusivit\u00e4t und vermeiden Sie rechtliche Risiken mit den Abhilfema\u00dfnahmen gem\u00e4\u00df Abschnitt 508 von Trusted Translations. Expertenl\u00f6sungen f\u00fcr Barrierefreiheit f\u00fcr Dokumente und WCAG-Konformit\u00e4t.\",\"breadcrumb\":{\"@id\":\"https:\\\/\\\/www.trustedtranslations.com\\\/de\\\/dienstleistungen\\\/menschlich\\\/zugaenglichkeit\\\/abhilfedienstleistungen-gemaess-abschnitt-508#breadcrumb\"},\"inLanguage\":\"de\",\"potentialAction\":[{\"@type\":\"ReadAction\",\"target\":[\"https:\\\/\\\/www.trustedtranslations.com\\\/de\\\/dienstleistungen\\\/menschlich\\\/zugaenglichkeit\\\/abhilfedienstleistungen-gemaess-abschnitt-508\"]}]},{\"@type\":\"BreadcrumbList\",\"@id\":\"https:\\\/\\\/www.trustedtranslations.com\\\/de\\\/dienstleistungen\\\/menschlich\\\/zugaenglichkeit\\\/abhilfedienstleistungen-gemaess-abschnitt-508#breadcrumb\",\"itemListElement\":[{\"@type\":\"ListItem\",\"position\":1,\"name\":\"Home\",\"item\":\"https:\\\/\\\/www.trustedtranslations.com\\\/de\"},{\"@type\":\"ListItem\",\"position\":2,\"name\":\"Dienstleistungen\",\"item\":\"https:\\\/\\\/www.trustedtranslations.com\\\/de\\\/dienstleistungen\"},{\"@type\":\"ListItem\",\"position\":3,\"name\":\"Menschliche \u00dcbersetzung\",\"item\":\"https:\\\/\\\/www.trustedtranslations.com\\\/de\\\/dienstleistungen\\\/menschlich\"},{\"@type\":\"ListItem\",\"position\":4,\"name\":\"Zug\u00e4nglichkeit\",\"item\":\"https:\\\/\\\/www.trustedtranslations.com\\\/de\\\/dienstleistungen\\\/menschlich\\\/zugaenglichkeit\"},{\"@type\":\"ListItem\",\"position\":5,\"name\":\"Abhilfedienstleistungen gem\u00e4\u00df Abschnitt 508\"}]},{\"@type\":\"WebSite\",\"@id\":\"https:\\\/\\\/www.trustedtranslations.com\\\/de\\\/#website\",\"url\":\"https:\\\/\\\/www.trustedtranslations.com\\\/de\\\/\",\"name\":\"Trusted Translations, Inc.\",\"description\":\"Leader in translation and interpretation services.\",\"publisher\":{\"@id\":\"https:\\\/\\\/www.trustedtranslations.com\\\/de\\\/#organization\"},\"alternateName\":\"Trusted Translations\",\"potentialAction\":[{\"@type\":\"SearchAction\",\"target\":{\"@type\":\"EntryPoint\",\"urlTemplate\":\"https:\\\/\\\/www.trustedtranslations.com\\\/de\\\/?s={search_term_string}\"},\"query-input\":{\"@type\":\"PropertyValueSpecification\",\"valueRequired\":true,\"valueName\":\"search_term_string\"}}],\"inLanguage\":\"de\"},{\"@type\":\"Organization\",\"@id\":\"https:\\\/\\\/www.trustedtranslations.com\\\/de\\\/#organization\",\"name\":\"Trusted Translations\",\"alternateName\":\"Trusted Translations, Inc.\",\"url\":\"https:\\\/\\\/www.trustedtranslations.com\\\/de\\\/\",\"logo\":{\"@type\":\"ImageObject\",\"inLanguage\":\"de\",\"@id\":\"https:\\\/\\\/www.trustedtranslations.com\\\/de\\\/#\\\/schema\\\/logo\\\/image\\\/\",\"url\":\"https:\\\/\\\/static.trustedtranslations.com\\\/wp-content\\\/uploads\\\/2022\\\/01\\\/TT_logo_WSIColors-2.png\",\"contentUrl\":\"https:\\\/\\\/static.trustedtranslations.com\\\/wp-content\\\/uploads\\\/2022\\\/01\\\/TT_logo_WSIColors-2.png\",\"width\":500,\"height\":196,\"caption\":\"Trusted Translations\"},\"image\":{\"@id\":\"https:\\\/\\\/www.trustedtranslations.com\\\/de\\\/#\\\/schema\\\/logo\\\/image\\\/\"},\"sameAs\":[\"https:\\\/\\\/www.facebook.com\\\/Trusted.Translations\",\"https:\\\/\\\/x.com\\\/TrustedT9ns\",\"https:\\\/\\\/www.linkedin.com\\\/company\\\/trusted-translations\"]}]}<\/script>\n<!-- \/ Yoast SEO plugin. -->","yoast_head_json":{"title":"Abhilfema\u00dfnahmen gem\u00e4\u00df Abschnitt 508 | Trusted Translations","description":"Sorgen Sie f\u00fcr Inklusivit\u00e4t und vermeiden Sie rechtliche Risiken mit den Abhilfema\u00dfnahmen gem\u00e4\u00df Abschnitt 508 von Trusted Translations. Expertenl\u00f6sungen f\u00fcr Barrierefreiheit f\u00fcr Dokumente und WCAG-Konformit\u00e4t.","robots":{"index":"index","follow":"follow","max-snippet":"max-snippet:-1","max-image-preview":"max-image-preview:large","max-video-preview":"max-video-preview:-1"},"canonical":"https:\/\/www.trustedtranslations.com\/de\/dienstleistungen\/menschlich\/zugaenglichkeit\/abhilfedienstleistungen-gemaess-abschnitt-508","og_locale":"de_DE","og_type":"article","og_title":"Abhilfema\u00dfnahmen gem\u00e4\u00df Abschnitt 508 | Trusted Translations","og_description":"Sorgen Sie f\u00fcr Inklusivit\u00e4t und vermeiden Sie rechtliche Risiken mit den Abhilfema\u00dfnahmen gem\u00e4\u00df Abschnitt 508 von Trusted Translations. Expertenl\u00f6sungen f\u00fcr Barrierefreiheit f\u00fcr Dokumente und WCAG-Konformit\u00e4t.","og_url":"https:\/\/www.trustedtranslations.com\/de\/dienstleistungen\/menschlich\/zugaenglichkeit\/abhilfedienstleistungen-gemaess-abschnitt-508","og_site_name":"Trusted Translations, Inc.","article_publisher":"https:\/\/www.facebook.com\/Trusted.Translations","article_modified_time":"2025-02-26T14:42:59+00:00","og_image":[{"width":216,"height":94,"url":"https:\/\/www.trustedtranslations.com\/wp-content\/uploads\/2022\/06\/tt-logo-2-1.webp","type":"image\/webp"}],"twitter_card":"summary_large_image","twitter_site":"@TrustedT9ns","schema":{"@context":"https:\/\/schema.org","@graph":[{"@type":"WebPage","@id":"https:\/\/www.trustedtranslations.com\/de\/dienstleistungen\/menschlich\/zugaenglichkeit\/abhilfedienstleistungen-gemaess-abschnitt-508","url":"https:\/\/www.trustedtranslations.com\/de\/dienstleistungen\/menschlich\/zugaenglichkeit\/abhilfedienstleistungen-gemaess-abschnitt-508","name":"Abhilfema\u00dfnahmen gem\u00e4\u00df Abschnitt 508 | Trusted Translations","isPartOf":{"@id":"https:\/\/www.trustedtranslations.com\/de\/#website"},"description":"Sorgen Sie f\u00fcr Inklusivit\u00e4t und vermeiden Sie rechtliche Risiken mit den Abhilfema\u00dfnahmen gem\u00e4\u00df Abschnitt 508 von Trusted Translations. Expertenl\u00f6sungen f\u00fcr Barrierefreiheit f\u00fcr Dokumente und WCAG-Konformit\u00e4t.","breadcrumb":{"@id":"https:\/\/www.trustedtranslations.com\/de\/dienstleistungen\/menschlich\/zugaenglichkeit\/abhilfedienstleistungen-gemaess-abschnitt-508#breadcrumb"},"inLanguage":"de","potentialAction":[{"@type":"ReadAction","target":["https:\/\/www.trustedtranslations.com\/de\/dienstleistungen\/menschlich\/zugaenglichkeit\/abhilfedienstleistungen-gemaess-abschnitt-508"]}]},{"@type":"BreadcrumbList","@id":"https:\/\/www.trustedtranslations.com\/de\/dienstleistungen\/menschlich\/zugaenglichkeit\/abhilfedienstleistungen-gemaess-abschnitt-508#breadcrumb","itemListElement":[{"@type":"ListItem","position":1,"name":"Home","item":"https:\/\/www.trustedtranslations.com\/de"},{"@type":"ListItem","position":2,"name":"Dienstleistungen","item":"https:\/\/www.trustedtranslations.com\/de\/dienstleistungen"},{"@type":"ListItem","position":3,"name":"Menschliche \u00dcbersetzung","item":"https:\/\/www.trustedtranslations.com\/de\/dienstleistungen\/menschlich"},{"@type":"ListItem","position":4,"name":"Zug\u00e4nglichkeit","item":"https:\/\/www.trustedtranslations.com\/de\/dienstleistungen\/menschlich\/zugaenglichkeit"},{"@type":"ListItem","position":5,"name":"Abhilfedienstleistungen gem\u00e4\u00df Abschnitt 508"}]},{"@type":"WebSite","@id":"https:\/\/www.trustedtranslations.com\/de\/#website","url":"https:\/\/www.trustedtranslations.com\/de\/","name":"Trusted Translations, Inc.","description":"Leader in translation and interpretation services.","publisher":{"@id":"https:\/\/www.trustedtranslations.com\/de\/#organization"},"alternateName":"Trusted Translations","potentialAction":[{"@type":"SearchAction","target":{"@type":"EntryPoint","urlTemplate":"https:\/\/www.trustedtranslations.com\/de\/?s={search_term_string}"},"query-input":{"@type":"PropertyValueSpecification","valueRequired":true,"valueName":"search_term_string"}}],"inLanguage":"de"},{"@type":"Organization","@id":"https:\/\/www.trustedtranslations.com\/de\/#organization","name":"Trusted Translations","alternateName":"Trusted Translations, Inc.","url":"https:\/\/www.trustedtranslations.com\/de\/","logo":{"@type":"ImageObject","inLanguage":"de","@id":"https:\/\/www.trustedtranslations.com\/de\/#\/schema\/logo\/image\/","url":"https:\/\/static.trustedtranslations.com\/wp-content\/uploads\/2022\/01\/TT_logo_WSIColors-2.png","contentUrl":"https:\/\/static.trustedtranslations.com\/wp-content\/uploads\/2022\/01\/TT_logo_WSIColors-2.png","width":500,"height":196,"caption":"Trusted Translations"},"image":{"@id":"https:\/\/www.trustedtranslations.com\/de\/#\/schema\/logo\/image\/"},"sameAs":["https:\/\/www.facebook.com\/Trusted.Translations","https:\/\/x.com\/TrustedT9ns","https:\/\/www.linkedin.com\/company\/trusted-translations"]}]}},"toolset-meta":{"dyk":{"mensaje-1":{"type":"textfield","raw":"Trusted Translations gew\u00e4hrleistet die Einhaltung von Abschnitt 508 f\u00fcr \u00fcber 20 digitale Formate, darunter PDFs, Word-Dokumente und Websites."},"mensaje-2":{"type":"textfield","raw":"Unsere Abhilfedienstleistungen gem\u00e4\u00df Abschnitt 508 werden durch ISO-zertifizierte Qualit\u00e4tsprozesse unterst\u00fctzt, um Genauigkeit und Konformit\u00e4t zu gew\u00e4hrleisten."},"mensaje-3":{"type":"textfield","raw":"Durch die Einhaltung von Abschnitt 508 werden nicht nur rechtliche Risiken vermieden, sondern auch das Benutzererlebnis f\u00fcr alle Zielgruppen verbessert."},"mensaje-4":{"type":"textfield","raw":"Trusted Translations verwendet eine Kombination aus manuellen und automatisierten Techniken, um eine 100-prozentige Genauigkeit bei der Einhaltung von Abschnitt 508 zu gew\u00e4hrleisten."},"mensaje-5":{"type":"textfield","raw":""},"mensaje-6":{"type":"textfield","raw":""}},"single-page-template-fields":{"imgs-temp":{"type":"image","raw":["https:\/\/static.trustedtranslations.com\/wp-content\/uploads\/2025\/01\/508\/Group-1.webp"],"repeatable":[{"raw":"https:\/\/static.trustedtranslations.com\/wp-content\/uploads\/2025\/01\/508\/Group-1.webp"}]},"imgs-temp-cel":{"type":"image","raw":[""],"repeatable":[{"raw":""}]},"img-temp-one-cel":{"type":"image","raw":"","attachment_id":null},"quotes":{"type":"textarea","raw":"<h1 style=\"margin-bottom: 12px;\">Abhilfema\u00dfnahmen gem\u00e4\u00df Abschnitt 508 zur vollst\u00e4ndigen Einhaltung der Barrierefreiheit <\/h1>Bei Trusted Translations bieten wir fachm\u00e4nnische Korrekturdienste gem\u00e4\u00df Abschnitt 508 an, um sicherzustellen, dass Ihre digitalen Inhalte f\u00fcr alle zug\u00e4nglich sind. Ob Dokumente, Webseiten oder Multimedia \u2013 unsere umfassenden L\u00f6sungen gew\u00e4hrleisten die Einhaltung der Barrierefreiheitsgesetze und verbessern gleichzeitig die Benutzerfreundlichkeit f\u00fcr Menschen mit Behinderungen. Wir unterst\u00fctzen Sie dabei, die Standards von Abschnitt 508 effizient und effektiv zu erf\u00fcllen, Inklusivit\u00e4t zu f\u00f6rdern und rechtliche Risiken zu mindern.<div style=\"margin-top: 2.5vw;\"><a class=\"tt-btn-main-cta\" href=\"\/de\/angebot\">Kostenlosen Kostenvoranschlag anfordern<\/a><\/div>"},"text-1":{"type":"textarea","raw":"<h2 style=\"margin-top: -10px;\">Was sind Abhilfema\u00dfnahmen gem\u00e4\u00df Abschnitt 508?<\/h2>Die Abhilfema\u00dfnahmen gem\u00e4\u00df Abschnitt 508 stellen sicher, dass digitale Inhalte f\u00fcr Personen mit Behinderungen zug\u00e4nglich sind und die Anforderungen des Abschnitts 508 des Rehabilitationsgesetzes erf\u00fcllen. Dieses US-Gesetz verpflichtet alle Bundesbeh\u00f6rden und Auftragnehmer, zug\u00e4ngliche digitale Informationen bereitzustellen, sodass Benutzer unterst\u00fctzender Technologien wie Bildschirmleseger\u00e4te nahtlos mit den Inhalten interagieren k\u00f6nnen. \r\n\r\nBei der Abhilfema\u00dfnahmen gem\u00e4\u00df 508 geht es darum, verschiedene digitale Formate \u2013 darunter PDFs, Word-Dokumente, PowerPoint-Pr\u00e4sentationen und Websites \u2013 so anzupassen, dass sie den Web Content Accessibility Guidelines (WCAG) und anderen Standards entsprechen. Diese Anpassungen gew\u00e4hrleisten Inklusivit\u00e4t und Nutzbarkeit f\u00fcr Menschen mit Seh-, H\u00f6r- oder kognitiven Beeintr\u00e4chtigungen.\r\n\r\n<h2 style=\"margin-top: -10px;\">Wer profitiert von der Einhaltung von Abschnitt 508?<\/h2>\r\n\r\n<h3>Die Abhilfema\u00dfnahmen gem\u00e4\u00df 508 kommen einer breiten Palette von Branchen und Organisationen zugute:<\/h3>\r\n<ul>\r\n    <li><strong>Regierungsbeh\u00f6rden:<\/strong> Stellen Sie die Rechtskonformit\u00e4t f\u00fcr alle digitalen Dokumente sicher.<\/li>\r\n    <li><strong>Bildungseinrichtungen:<\/strong> Schaffen Sie integrative Lernumgebungen f\u00fcr Sch\u00fcler aller Leistungsstufen. <\/li>\r\n    <li><strong>Gesundheitsdienstleister:<\/strong> Verbessern Sie die Barrierefreiheit f\u00fcr Patienten mit Behinderungen beim Zugriff auf Krankenakten und Online-Ressourcen. <\/li>\r\n    <li><strong>Unternehmenssektor:<\/strong> St\u00e4rken Sie den Ruf Ihrer Marke und verbessern Sie das Benutzererlebnis, indem Sie auf Inklusivit\u00e4t setzen. <\/li>\r\n<\/ul>\r\n\r\n<h2 style=\"margin-top: -10px;\">Warum ist die Einhaltung von Abschnitt 508 so wichtig?<\/h2>\r\n\r\nDie Nichteinhaltung von Abschnitt 508 kann zu Strafen, rechtlichen Risiken und Rufssch\u00e4digung f\u00fchren. Und was noch wichtiger ist: Durch die Abhilfema\u00dfnahmen wird sichergestellt, dass Menschen mit Behinderungen uneingeschr\u00e4nkt an der heutigen digitalen Landschaft teilnehmen k\u00f6nnen, und Inklusivit\u00e4t und gleichberechtigter Zugang zu Informationen werden gef\u00f6rdert.\r\n\r\n<h3>Wichtige Vorteile der 508-Konformit\u00e4t:<\/h3>\r\n<ul>\r\n    <li><strong>Sorgt f\u00fcr Inklusivit\u00e4t:<\/strong> Macht Inhalte f\u00fcr alle zug\u00e4nglich, unabh\u00e4ngig von ihren F\u00e4higkeiten. <\/li>\r\n    <li><strong>Vermeidet rechtliche Risiken:<\/strong> Reduziert das Risiko von Klagen und Strafen wegen Nichteinhaltung. <\/li>\r\n    <li><strong>Verbessert die Benutzererfahrung:<\/strong> Verbessert die Benutzerfreundlichkeit f\u00fcr alle Zielgruppen, einschlie\u00dflich derjenigen, die auf unterst\u00fctzende Technologien angewiesen sind. <\/li>\r\n<\/ul>"},"shortcode-map":{"type":"textfield","raw":""},"dyk-shortcode":{"type":"textfield","raw":"[elementor-template id=\"146647\"]"},"text-2":{"type":"textarea","raw":"<h2>Unser umfassender 508-Abhilfeprozess<\/h2>Bei Trusted Translations liefern wir ma\u00dfgeschneiderte L\u00f6sungen, die Ihren Compliance-Anforderungen gerecht werden. Unser Prozess umfasst:\r\n<ul>\r\n    <li><strong>Bewertung:<\/strong> Wir bewerten Ihre vorhandenen Dokumente und digitalen Assets, um L\u00fccken in der Barrierefreiheit zu identifizieren.<\/li>\r\n    <li><strong>Sanierung:<\/strong> Mithilfe einer Kombination aus manuellen und automatisierten Techniken passen wir Dokumente so an, dass sie den Standards von Abschnitt 508 und den WCAG 2.1-Richtlinien vollst\u00e4ndig entsprechen. <\/li>\r\n    <li><strong>Qualit\u00e4tssicherung:<\/strong> Unsere Experten f\u00fchren gr\u00fcndliche Tests durch, um die Kompatibilit\u00e4t mit unterst\u00fctzenden Technologien wie Bildschirmleseger\u00e4ten sicherzustellen.<\/li>\r\n    <li><strong>Zertifizierung und Auslieferung:<\/strong> Nach Abschluss stellen wir Ihnen zug\u00e4ngliche Dateien zur Verf\u00fcgung und zertifizieren die Konformit\u00e4t, sodass Sie beruhigt sein k\u00f6nnen.<\/li>\r\n<\/ul>\r\nDieser strukturierte Arbeitsablauf garantiert genaue und effiziente Ergebnisse, unabh\u00e4ngig von der Komplexit\u00e4t Ihrer Inhalte.\r\n\r\n<h2>Warum sollten Sie sich bei 508-Abhilfedienstleistungen f\u00fcr Trusted Translations entscheiden?<\/h2>\r\n\r\nTrusted Translations ist optimal darauf ausgerichtet, Ihre Anforderungen an die Barrierefreiheit zu erf\u00fcllen. Unsere Zertifizierungen und umfassende Branchenerfahrung heben uns von der Konkurrenz ab:\r\n<ul>\r\n    <li><strong>Zertifizierte Expertise:<\/strong> Durch ISO-Zertifizierungen sind wir in der Lage, die h\u00f6chsten Qualit\u00e4tsstandards einzuhalten.<\/li>\r\n    <li><strong>Flexible L\u00f6sungen:<\/strong> Bietet manuelle, automatisierte oder hybride Abhilfeoptionen, die Ihren Anforderungen und Ihrem Budget entsprechen.<\/li>\r\n    <li><strong>Mehrsprachigkeit:<\/strong> Wir sorgen f\u00fcr die Barrierefreiheit in mehreren Sprachen und machen Ihre Inhalte weltweit verf\u00fcgbar. <\/li>\r\n    <li><strong>Bew\u00e4hrte Erfolgsbilanz:<\/strong> F\u00fchrende Organisationen vertrauen uns und unsere Referenzen belegen unsere F\u00e4higkeit, au\u00dfergew\u00f6hnliche Ergebnisse zu liefern.<\/li>\r\n<\/ul>\r\n\r\n<h2>Fordern Sie noch heute Ihr kostenloses Angebot an <\/h2>\r\nDie Einhaltung der Barrierefreiheitsvorschriften erfordert Pr\u00e4zision und Fachwissen. Trusted Translations bietet umfassende Korrekturdienste an, die Ihnen dabei helfen, alle Anforderungen von Abschnitt 508 zu erf\u00fcllen. \r\n\r\n<strong>Holen Sie sich noch heute Ihr <a href=\"\/de\/angebot\">kostenloses Angebot<\/a><\/strong> und stellen Sie sicher, dass Ihre Inhalte zug\u00e4nglich und konform sind!"},"state":{"type":"textfield","raw":""},"city":{"type":"textarea","raw":[""]}}},"_links":{"self":[{"href":"https:\/\/www.trustedtranslations.com\/de\/wp-json\/wp\/v2\/pages\/286137","targetHints":{"allow":["GET"]}}],"collection":[{"href":"https:\/\/www.trustedtranslations.com\/de\/wp-json\/wp\/v2\/pages"}],"about":[{"href":"https:\/\/www.trustedtranslations.com\/de\/wp-json\/wp\/v2\/types\/page"}],"author":[{"embeddable":true,"href":"https:\/\/www.trustedtranslations.com\/de\/wp-json\/wp\/v2\/users\/1"}],"replies":[{"embeddable":true,"href":"https:\/\/www.trustedtranslations.com\/de\/wp-json\/wp\/v2\/comments?post=286137"}],"version-history":[{"count":0,"href":"https:\/\/www.trustedtranslations.com\/de\/wp-json\/wp\/v2\/pages\/286137\/revisions"}],"up":[{"embeddable":true,"href":"https:\/\/www.trustedtranslations.com\/de\/wp-json\/wp\/v2\/pages\/201518"}],"wp:attachment":[{"href":"https:\/\/www.trustedtranslations.com\/de\/wp-json\/wp\/v2\/media?parent=286137"}],"curies":[{"name":"wp","href":"https:\/\/api.w.org\/{rel}","templated":true}]}}