{"id":294097,"date":"2026-03-12T11:17:53","date_gmt":"2026-03-12T14:17:53","guid":{"rendered":"https:\/\/www.trustedtranslations.com\/?page_id=294097"},"modified":"2026-03-27T14:50:24","modified_gmt":"2026-03-27T17:50:24","slug":"medien-postproduktionsdienstleistungen","status":"publish","type":"page","link":"https:\/\/www.trustedtranslations.com\/de\/dienstleistungen\/medien-postproduktionsdienstleistungen","title":{"rendered":"Medienpostproduktionsdienstleistungen"},"content":{"rendered":"","protected":false},"excerpt":{"rendered":"","protected":false},"author":1,"featured_media":0,"parent":129503,"menu_order":0,"comment_status":"closed","ping_status":"closed","template":"","meta":{"site-sidebar-layout":"default","site-content-layout":"","ast-site-content-layout":"default","site-content-style":"default","site-sidebar-style":"default","ast-global-header-display":"","ast-banner-title-visibility":"","ast-main-header-display":"","ast-hfb-above-header-display":"","ast-hfb-below-header-display":"","ast-hfb-mobile-header-display":"","site-post-title":"","ast-breadcrumbs-content":"","ast-featured-img":"","footer-sml-layout":"","ast-disable-related-posts":"","theme-transparent-header-meta":"default","adv-header-id-meta":"","stick-header-meta":"","header-above-stick-meta":"","header-main-stick-meta":"","header-below-stick-meta":"","astra-migrate-meta-layouts":"set","ast-page-background-enabled":"default","ast-page-background-meta":{"desktop":{"background-color":"var(--ast-global-color-4)","background-image":"","background-repeat":"repeat","background-position":"center center","background-size":"auto","background-attachment":"scroll","background-type":"","background-media":"","overlay-type":"","overlay-color":"","overlay-opacity":"","overlay-gradient":""},"tablet":{"background-color":"","background-image":"","background-repeat":"repeat","background-position":"center center","background-size":"auto","background-attachment":"scroll","background-type":"","background-media":"","overlay-type":"","overlay-color":"","overlay-opacity":"","overlay-gradient":""},"mobile":{"background-color":"","background-image":"","background-repeat":"repeat","background-position":"center center","background-size":"auto","background-attachment":"scroll","background-type":"","background-media":"","overlay-type":"","overlay-color":"","overlay-opacity":"","overlay-gradient":""}},"ast-content-background-meta":{"desktop":{"background-color":"var(--ast-global-color-5)","background-image":"","background-repeat":"repeat","background-position":"center center","background-size":"auto","background-attachment":"scroll","background-type":"","background-media":"","overlay-type":"","overlay-color":"","overlay-opacity":"","overlay-gradient":""},"tablet":{"background-color":"var(--ast-global-color-5)","background-image":"","background-repeat":"repeat","background-position":"center center","background-size":"auto","background-attachment":"scroll","background-type":"","background-media":"","overlay-type":"","overlay-color":"","overlay-opacity":"","overlay-gradient":""},"mobile":{"background-color":"var(--ast-global-color-5)","background-image":"","background-repeat":"repeat","background-position":"center center","background-size":"auto","background-attachment":"scroll","background-type":"","background-media":"","overlay-type":"","overlay-color":"","overlay-opacity":"","overlay-gradient":""}},"footnotes":""},"class_list":["post-294097","page","type-page","status-publish","hentry"],"yoast_head":"<!-- This site is optimized with the Yoast SEO plugin v27.3 - https:\/\/yoast.com\/product\/yoast-seo-wordpress\/ -->\n<title>Medienpostproduktionsdienstleistungen - Trusted Translations, Inc.<\/title>\n<meta name=\"robots\" content=\"index, follow, max-snippet:-1, max-image-preview:large, max-video-preview:-1\" \/>\n<link rel=\"canonical\" href=\"https:\/\/www.trustedtranslations.com\/de\/dienstleistungen\/medien-postproduktionsdienstleistungen\" \/>\n<meta property=\"og:locale\" content=\"de_DE\" \/>\n<meta property=\"og:type\" content=\"article\" \/>\n<meta property=\"og:title\" content=\"Medienpostproduktionsdienstleistungen - Trusted Translations, Inc.\" \/>\n<meta property=\"og:url\" content=\"https:\/\/www.trustedtranslations.com\/de\/dienstleistungen\/medien-postproduktionsdienstleistungen\" \/>\n<meta property=\"og:site_name\" content=\"Trusted Translations, Inc.\" \/>\n<meta property=\"article:publisher\" content=\"https:\/\/www.facebook.com\/Trusted.Translations\" \/>\n<meta property=\"article:modified_time\" content=\"2026-03-27T17:50:24+00:00\" \/>\n<meta property=\"og:image\" content=\"https:\/\/www.trustedtranslations.com\/wp-content\/uploads\/2022\/06\/tt-logo-2-1.webp\" \/>\n\t<meta property=\"og:image:width\" content=\"216\" \/>\n\t<meta property=\"og:image:height\" content=\"94\" \/>\n\t<meta property=\"og:image:type\" content=\"image\/webp\" \/>\n<meta name=\"twitter:card\" content=\"summary_large_image\" \/>\n<meta name=\"twitter:site\" content=\"@TrustedT9ns\" \/>\n<script type=\"application\/ld+json\" class=\"yoast-schema-graph\">{\"@context\":\"https:\\\/\\\/schema.org\",\"@graph\":[{\"@type\":\"WebPage\",\"@id\":\"https:\\\/\\\/www.trustedtranslations.com\\\/de\\\/dienstleistungen\\\/medien-postproduktionsdienstleistungen\",\"url\":\"https:\\\/\\\/www.trustedtranslations.com\\\/de\\\/dienstleistungen\\\/medien-postproduktionsdienstleistungen\",\"name\":\"Medienpostproduktionsdienstleistungen - Trusted Translations, Inc.\",\"isPartOf\":{\"@id\":\"https:\\\/\\\/www.trustedtranslations.com\\\/de\\\/#website\"},\"breadcrumb\":{\"@id\":\"https:\\\/\\\/www.trustedtranslations.com\\\/de\\\/dienstleistungen\\\/medien-postproduktionsdienstleistungen#breadcrumb\"},\"inLanguage\":\"de\",\"potentialAction\":[{\"@type\":\"ReadAction\",\"target\":[\"https:\\\/\\\/www.trustedtranslations.com\\\/de\\\/dienstleistungen\\\/medien-postproduktionsdienstleistungen\"]}]},{\"@type\":\"BreadcrumbList\",\"@id\":\"https:\\\/\\\/www.trustedtranslations.com\\\/de\\\/dienstleistungen\\\/medien-postproduktionsdienstleistungen#breadcrumb\",\"itemListElement\":[{\"@type\":\"ListItem\",\"position\":1,\"name\":\"Home\",\"item\":\"https:\\\/\\\/www.trustedtranslations.com\\\/de\"},{\"@type\":\"ListItem\",\"position\":2,\"name\":\"Dienstleistungen\",\"item\":\"https:\\\/\\\/www.trustedtranslations.com\\\/de\\\/dienstleistungen\"},{\"@type\":\"ListItem\",\"position\":3,\"name\":\"Medienpostproduktionsdienstleistungen\"}]},{\"@type\":\"WebSite\",\"@id\":\"https:\\\/\\\/www.trustedtranslations.com\\\/de\\\/#website\",\"url\":\"https:\\\/\\\/www.trustedtranslations.com\\\/de\\\/\",\"name\":\"Trusted Translations, Inc.\",\"description\":\"Leader in translation and interpretation services.\",\"publisher\":{\"@id\":\"https:\\\/\\\/www.trustedtranslations.com\\\/de\\\/#organization\"},\"alternateName\":\"Trusted Translations\",\"potentialAction\":[{\"@type\":\"SearchAction\",\"target\":{\"@type\":\"EntryPoint\",\"urlTemplate\":\"https:\\\/\\\/www.trustedtranslations.com\\\/de\\\/?s={search_term_string}\"},\"query-input\":{\"@type\":\"PropertyValueSpecification\",\"valueRequired\":true,\"valueName\":\"search_term_string\"}}],\"inLanguage\":\"de\"},{\"@type\":\"Organization\",\"@id\":\"https:\\\/\\\/www.trustedtranslations.com\\\/de\\\/#organization\",\"name\":\"Trusted Translations\",\"alternateName\":\"Trusted Translations, Inc.\",\"url\":\"https:\\\/\\\/www.trustedtranslations.com\\\/de\\\/\",\"logo\":{\"@type\":\"ImageObject\",\"inLanguage\":\"de\",\"@id\":\"https:\\\/\\\/www.trustedtranslations.com\\\/de\\\/#\\\/schema\\\/logo\\\/image\\\/\",\"url\":\"https:\\\/\\\/static.trustedtranslations.com\\\/wp-content\\\/uploads\\\/2022\\\/01\\\/TT_logo_WSIColors-2.png\",\"contentUrl\":\"https:\\\/\\\/static.trustedtranslations.com\\\/wp-content\\\/uploads\\\/2022\\\/01\\\/TT_logo_WSIColors-2.png\",\"width\":500,\"height\":196,\"caption\":\"Trusted Translations\"},\"image\":{\"@id\":\"https:\\\/\\\/www.trustedtranslations.com\\\/de\\\/#\\\/schema\\\/logo\\\/image\\\/\"},\"sameAs\":[\"https:\\\/\\\/www.facebook.com\\\/Trusted.Translations\",\"https:\\\/\\\/x.com\\\/TrustedT9ns\",\"https:\\\/\\\/www.linkedin.com\\\/company\\\/trusted-translations\"]}]}<\/script>\n<!-- \/ Yoast SEO plugin. -->","yoast_head_json":{"title":"Medienpostproduktionsdienstleistungen - Trusted Translations, Inc.","robots":{"index":"index","follow":"follow","max-snippet":"max-snippet:-1","max-image-preview":"max-image-preview:large","max-video-preview":"max-video-preview:-1"},"canonical":"https:\/\/www.trustedtranslations.com\/de\/dienstleistungen\/medien-postproduktionsdienstleistungen","og_locale":"de_DE","og_type":"article","og_title":"Medienpostproduktionsdienstleistungen - Trusted Translations, Inc.","og_url":"https:\/\/www.trustedtranslations.com\/de\/dienstleistungen\/medien-postproduktionsdienstleistungen","og_site_name":"Trusted Translations, Inc.","article_publisher":"https:\/\/www.facebook.com\/Trusted.Translations","article_modified_time":"2026-03-27T17:50:24+00:00","og_image":[{"width":216,"height":94,"url":"https:\/\/www.trustedtranslations.com\/wp-content\/uploads\/2022\/06\/tt-logo-2-1.webp","type":"image\/webp"}],"twitter_card":"summary_large_image","twitter_site":"@TrustedT9ns","schema":{"@context":"https:\/\/schema.org","@graph":[{"@type":"WebPage","@id":"https:\/\/www.trustedtranslations.com\/de\/dienstleistungen\/medien-postproduktionsdienstleistungen","url":"https:\/\/www.trustedtranslations.com\/de\/dienstleistungen\/medien-postproduktionsdienstleistungen","name":"Medienpostproduktionsdienstleistungen - Trusted Translations, Inc.","isPartOf":{"@id":"https:\/\/www.trustedtranslations.com\/de\/#website"},"breadcrumb":{"@id":"https:\/\/www.trustedtranslations.com\/de\/dienstleistungen\/medien-postproduktionsdienstleistungen#breadcrumb"},"inLanguage":"de","potentialAction":[{"@type":"ReadAction","target":["https:\/\/www.trustedtranslations.com\/de\/dienstleistungen\/medien-postproduktionsdienstleistungen"]}]},{"@type":"BreadcrumbList","@id":"https:\/\/www.trustedtranslations.com\/de\/dienstleistungen\/medien-postproduktionsdienstleistungen#breadcrumb","itemListElement":[{"@type":"ListItem","position":1,"name":"Home","item":"https:\/\/www.trustedtranslations.com\/de"},{"@type":"ListItem","position":2,"name":"Dienstleistungen","item":"https:\/\/www.trustedtranslations.com\/de\/dienstleistungen"},{"@type":"ListItem","position":3,"name":"Medienpostproduktionsdienstleistungen"}]},{"@type":"WebSite","@id":"https:\/\/www.trustedtranslations.com\/de\/#website","url":"https:\/\/www.trustedtranslations.com\/de\/","name":"Trusted Translations, Inc.","description":"Leader in translation and interpretation services.","publisher":{"@id":"https:\/\/www.trustedtranslations.com\/de\/#organization"},"alternateName":"Trusted Translations","potentialAction":[{"@type":"SearchAction","target":{"@type":"EntryPoint","urlTemplate":"https:\/\/www.trustedtranslations.com\/de\/?s={search_term_string}"},"query-input":{"@type":"PropertyValueSpecification","valueRequired":true,"valueName":"search_term_string"}}],"inLanguage":"de"},{"@type":"Organization","@id":"https:\/\/www.trustedtranslations.com\/de\/#organization","name":"Trusted Translations","alternateName":"Trusted Translations, Inc.","url":"https:\/\/www.trustedtranslations.com\/de\/","logo":{"@type":"ImageObject","inLanguage":"de","@id":"https:\/\/www.trustedtranslations.com\/de\/#\/schema\/logo\/image\/","url":"https:\/\/static.trustedtranslations.com\/wp-content\/uploads\/2022\/01\/TT_logo_WSIColors-2.png","contentUrl":"https:\/\/static.trustedtranslations.com\/wp-content\/uploads\/2022\/01\/TT_logo_WSIColors-2.png","width":500,"height":196,"caption":"Trusted Translations"},"image":{"@id":"https:\/\/www.trustedtranslations.com\/de\/#\/schema\/logo\/image\/"},"sameAs":["https:\/\/www.facebook.com\/Trusted.Translations","https:\/\/x.com\/TrustedT9ns","https:\/\/www.linkedin.com\/company\/trusted-translations"]}]}},"toolset-meta":{"dyk":{"mensaje-1":{"type":"textfield","raw":"Ein sauberes Transkript ist oft die Grundlage f\u00fcr Untertitel, Synchronisation und Voice-over \u2013 was bei mehrsprachigen Projekten Zeit spart und die Produktionskosten senkt."},"mensaje-2":{"type":"textfield","raw":"Gut abgestimmte Untertitel k\u00f6nnen Interaktion und Verst\u00e4ndnis bei Videos erh\u00f6hen, insbesondere f\u00fcr Schulungs-, E-Learning- und Mobile-First-Zielgruppen."},"mensaje-3":{"type":"textfield","raw":"Bei der Medienpostproduktion geht es nicht nur um Sprache \u2013 sie umfasst auch Formatierung, Timing und Dateibereitstellung, die den Plattform- und LMS-Anforderungen entsprechen."},"mensaje-4":{"type":"textfield","raw":"Eine pr\u00e4zise Medienpostproduktion ist f\u00fcr juristische, Compliance- und Unternehmensaufzeichnungen unerl\u00e4sslich, da selbst kleine Fehler die Bedeutung oder den Kontext ver\u00e4ndern k\u00f6nnen."},"mensaje-5":{"type":"textfield","raw":""},"mensaje-6":{"type":"textfield","raw":""}},"single-page-template-fields":{"imgs-temp":{"type":"image","raw":["https:\/\/www.trustedtranslations.com\/wp-content\/uploads\/2026\/02\/post-prod-1.webp"],"repeatable":[{"raw":"https:\/\/www.trustedtranslations.com\/wp-content\/uploads\/2026\/02\/post-prod-1.webp","attachment_id":293601}]},"imgs-temp-cel":{"type":"image","raw":[""],"repeatable":[{"raw":""}]},"img-temp-one-cel":{"type":"image","raw":"","attachment_id":null},"quotes":{"type":"textarea","raw":"<h1 style=\"margin-bottom: 12px;\">Medienpostproduktionsdienstleistungen<\/h1>Das Media-Postproduktionsteam von Trusted Translations unterst\u00fctzt weltweit einsetzbare Audio- und Videoinhalte mit professionellen Workflows f\u00fcr Synchronisation, Untertitelung, Text-to-Speech und Transkription. Wir liefern pr\u00e4zise und konsistente Ergebnisse in den von Ihnen ben\u00f6tigten Formaten, unter Einhaltung strenger Vertraulichkeits- und Qualit\u00e4tsstandards. <div style=\"margin-top: 2.5vw;\"><a class=\"tt-btn-main-cta\" href=\"\/de\/angebot\">Unverbindliches Angebot anfordern<\/a><\/div>"},"text-1":{"type":"textarea","raw":"<h3>Global einsatzbereite Dateien<\/h3>\r\n\r\n<p>Wir liefern produktionsfertige Dateien f\u00fcr Plattformen, Lernmanagementsysteme (LMS) und interne Teams, darunter:<\/p>\r\n\r\n<ul>\r\n  <li>Skripte und Transkripte<\/li>\r\n  <li>Untertiteldateien entsprechend Ihren Anforderungen<\/li>\r\n  <li>Lokalisierte Audiodateien<\/li>\r\n  <li>Organisierte Dateien, bereit zur Ver\u00f6ffentlichung oder \u00dcberpr\u00fcfung<\/li>\r\n<\/ul>\r\n\r\n<h3>Qualit\u00e4t und Vertraulichkeit<\/h3>\r\n\r\n<p>Trusted Translations wahrt bei jedem Projekt strengste Vertraulichkeit und h\u00f6chste Qualit\u00e4tsstandards. Unser Team legt Wert auf Genauigkeit, Konsistenz und professionelle Formatierung, damit Ihre Inhalte f\u00fcr den Einsatz in der Praxis bereit sind.<\/p>\r\n\r\n<p>Unsere Prozesse orientieren sich an den ISO 9001-Standards und gew\u00e4hrleisten so Qualit\u00e4tsmanagement, \u00dcbersetzungsgenauigkeit und Best Practices im Post-Editing in allen Medienpostproduktionsdienstleistungen.<\/p>\r\n\r\n<h2>Was Sie w\u00e4hlen sollten: Transkription, Untertitel, Synchronisation oder Text-to-Speech?<\/h2>\r\n\r\n<p>Sie sind sich nicht sicher, welche Option die richtige f\u00fcr Ihre Zielgruppe ist? Hier ist eine Kurzanleitung:<\/p>\r\n\r\n<p><strong>Die Transkription<\/strong> erzeugt eine schriftliche Aufzeichnung des gesprochenen Inhalts, die \u00fcberpr\u00fcft, archiviert, \u00fcbersetzt oder als Grundlage f\u00fcr Untertitelungs- und Synchronisationsprozesse verwendet werden kann.<\/p>\r\n\r\n<p><strong>Untertitelung<\/strong> ist kosteng\u00fcnstig und erh\u00e4lt die Originalstimmen. Untertitel k\u00f6nnen als .srt- oder .vtt-Dateien geliefert oder bei Bedarf direkt in das Video eingebrannt werden.<\/p>\r\n\r\n<p><strong>Die Synchronisation<\/strong> ersetzt gesprochene Audioaufnahmen und sorgt so f\u00fcr ein intensiveres und fesselnderes H\u00f6rerlebnis.<\/p>\r\n\r\n<p><strong>Text-to-Speech<\/strong> erm\u00f6glicht eine schnelle Sprachausgabe f\u00fcr geskriptete Inhalte und skalierbare Produktionsanforderungen.<\/p>"},"shortcode-map":{"type":"textfield","raw":""},"dyk-shortcode":{"type":"textfield","raw":"[elementor-template id=\"146647\"]"},"text-2":{"type":"textarea","raw":"<h2>Wie die Medienpostproduktion Ihre Inhalte unterst\u00fctzt<\/h2>\r\n\r\n<p>Medienpostproduktionsdienstleistungen k\u00f6nnen f\u00fcr eine breite Palette von Inhaltstypen und Produktionsszenarien eingesetzt werden. Je nach Ihrem Arbeitsablauf k\u00f6nnen wir mit Originalmediendateien, Drehb\u00fcchern, vorhandenen Transkripten oder Untertiteldateien arbeiten.<\/p>\r\n\r\n<p>Diese Dienstleistungen werden \u00fcblicherweise f\u00fcr Folgendes genutzt:<\/p>\r\n\r\n<ul>\r\n  <li>Schulungs- und E-Learning-Inhalte f\u00fcr interne Teams und LMS-Plattformen<\/li>\r\n  <li>Marketing- und Produktvideos f\u00fcr mehrsprachige Kampagnen<\/li>\r\n  <li>Unternehmenskommunikation f\u00fcr globale Niederlassungen und Stakeholder<\/li>\r\n  <li>Interviews und Aufnahmen mit mehreren Sprechern, die saubere Transkripte oder Untertitel erfordern<\/li>\r\n  <li>Aufzeichnungen im Zusammenhang mit rechtlichen und Compliance-Angelegenheiten, bei denen Genauigkeit und Vertraulichkeit von entscheidender Bedeutung sind<\/li>\r\n<\/ul>\r\n\r\n<p>Unser Team kann Ihnen dabei helfen, die beste Vorgehensweise unter Ber\u00fccksichtigung von Zielgruppe, Bearbeitungszeit, Budget und Inhaltsart auszuw\u00e4hlen, wobei strengste Vertraulichkeit und Qualit\u00e4tsstandards eingehalten werden.<\/p>"},"state":{"type":"textfield","raw":""},"city":{"type":"textarea","raw":[""]}}},"_links":{"self":[{"href":"https:\/\/www.trustedtranslations.com\/de\/wp-json\/wp\/v2\/pages\/294097","targetHints":{"allow":["GET"]}}],"collection":[{"href":"https:\/\/www.trustedtranslations.com\/de\/wp-json\/wp\/v2\/pages"}],"about":[{"href":"https:\/\/www.trustedtranslations.com\/de\/wp-json\/wp\/v2\/types\/page"}],"author":[{"embeddable":true,"href":"https:\/\/www.trustedtranslations.com\/de\/wp-json\/wp\/v2\/users\/1"}],"replies":[{"embeddable":true,"href":"https:\/\/www.trustedtranslations.com\/de\/wp-json\/wp\/v2\/comments?post=294097"}],"version-history":[{"count":2,"href":"https:\/\/www.trustedtranslations.com\/de\/wp-json\/wp\/v2\/pages\/294097\/revisions"}],"predecessor-version":[{"id":294627,"href":"https:\/\/www.trustedtranslations.com\/de\/wp-json\/wp\/v2\/pages\/294097\/revisions\/294627"}],"up":[{"embeddable":true,"href":"https:\/\/www.trustedtranslations.com\/de\/wp-json\/wp\/v2\/pages\/129503"}],"wp:attachment":[{"href":"https:\/\/www.trustedtranslations.com\/de\/wp-json\/wp\/v2\/media?parent=294097"}],"curies":[{"name":"wp","href":"https:\/\/api.w.org\/{rel}","templated":true}]}}