{"id":294127,"date":"2026-03-12T12:02:01","date_gmt":"2026-03-12T15:02:01","guid":{"rendered":"https:\/\/www.trustedtranslations.com\/?page_id=294127"},"modified":"2026-03-27T14:50:32","modified_gmt":"2026-03-27T17:50:32","slug":"untertitelungsdienstleistungen","status":"publish","type":"page","link":"https:\/\/www.trustedtranslations.com\/de\/dienstleistungen\/medien-postproduktionsdienstleistungen\/untertitelungsdienstleistungen","title":{"rendered":"Untertitelungsdienstleistungen"},"content":{"rendered":"","protected":false},"excerpt":{"rendered":"","protected":false},"author":1,"featured_media":261640,"parent":294097,"menu_order":0,"comment_status":"closed","ping_status":"closed","template":"","meta":{"site-sidebar-layout":"default","site-content-layout":"","ast-site-content-layout":"default","site-content-style":"default","site-sidebar-style":"default","ast-global-header-display":"","ast-banner-title-visibility":"","ast-main-header-display":"","ast-hfb-above-header-display":"","ast-hfb-below-header-display":"","ast-hfb-mobile-header-display":"","site-post-title":"","ast-breadcrumbs-content":"","ast-featured-img":"","footer-sml-layout":"","ast-disable-related-posts":"","theme-transparent-header-meta":"default","adv-header-id-meta":"","stick-header-meta":"","header-above-stick-meta":"","header-main-stick-meta":"","header-below-stick-meta":"","astra-migrate-meta-layouts":"set","ast-page-background-enabled":"default","ast-page-background-meta":{"desktop":{"background-color":"var(--ast-global-color-4)","background-image":"","background-repeat":"repeat","background-position":"center center","background-size":"auto","background-attachment":"scroll","background-type":"","background-media":"","overlay-type":"","overlay-color":"","overlay-opacity":"","overlay-gradient":""},"tablet":{"background-color":"","background-image":"","background-repeat":"repeat","background-position":"center center","background-size":"auto","background-attachment":"scroll","background-type":"","background-media":"","overlay-type":"","overlay-color":"","overlay-opacity":"","overlay-gradient":""},"mobile":{"background-color":"","background-image":"","background-repeat":"repeat","background-position":"center center","background-size":"auto","background-attachment":"scroll","background-type":"","background-media":"","overlay-type":"","overlay-color":"","overlay-opacity":"","overlay-gradient":""}},"ast-content-background-meta":{"desktop":{"background-color":"var(--ast-global-color-5)","background-image":"","background-repeat":"repeat","background-position":"center center","background-size":"auto","background-attachment":"scroll","background-type":"","background-media":"","overlay-type":"","overlay-color":"","overlay-opacity":"","overlay-gradient":""},"tablet":{"background-color":"var(--ast-global-color-5)","background-image":"","background-repeat":"repeat","background-position":"center center","background-size":"auto","background-attachment":"scroll","background-type":"","background-media":"","overlay-type":"","overlay-color":"","overlay-opacity":"","overlay-gradient":""},"mobile":{"background-color":"var(--ast-global-color-5)","background-image":"","background-repeat":"repeat","background-position":"center center","background-size":"auto","background-attachment":"scroll","background-type":"","background-media":"","overlay-type":"","overlay-color":"","overlay-opacity":"","overlay-gradient":""}},"footnotes":""},"class_list":["post-294127","page","type-page","status-publish","has-post-thumbnail","hentry"],"yoast_head":"<!-- This site is optimized with the Yoast SEO plugin v27.5 - https:\/\/yoast.com\/product\/yoast-seo-wordpress\/ -->\n<title>Untertitelungsdienstleistungen - Trusted Translations, Inc.<\/title>\n<meta name=\"robots\" content=\"index, follow, max-snippet:-1, max-image-preview:large, max-video-preview:-1\" \/>\n<link rel=\"canonical\" href=\"https:\/\/www.trustedtranslations.com\/de\/dienstleistungen\/medien-postproduktionsdienstleistungen\/untertitelungsdienstleistungen\" \/>\n<meta property=\"og:locale\" content=\"de_DE\" \/>\n<meta property=\"og:type\" content=\"article\" \/>\n<meta property=\"og:title\" content=\"Untertitelungsdienstleistungen - Trusted Translations, Inc.\" \/>\n<meta property=\"og:url\" content=\"https:\/\/www.trustedtranslations.com\/de\/dienstleistungen\/medien-postproduktionsdienstleistungen\/untertitelungsdienstleistungen\" \/>\n<meta property=\"og:site_name\" content=\"Trusted Translations, Inc.\" \/>\n<meta property=\"article:publisher\" content=\"https:\/\/www.facebook.com\/Trusted.Translations\" \/>\n<meta property=\"article:modified_time\" content=\"2026-03-27T17:50:32+00:00\" \/>\n<meta property=\"og:image\" content=\"https:\/\/www.trustedtranslations.com\/wp-content\/uploads\/2024\/06\/TT-ICON_Native-Spanish-Translati-1.webp\" \/>\n\t<meta property=\"og:image:width\" content=\"151\" \/>\n\t<meta property=\"og:image:height\" content=\"151\" \/>\n\t<meta property=\"og:image:type\" content=\"image\/webp\" \/>\n<meta name=\"twitter:card\" content=\"summary_large_image\" \/>\n<meta name=\"twitter:site\" content=\"@TrustedT9ns\" \/>\n<script type=\"application\/ld+json\" class=\"yoast-schema-graph\">{\"@context\":\"https:\\\/\\\/schema.org\",\"@graph\":[{\"@type\":\"WebPage\",\"@id\":\"https:\\\/\\\/www.trustedtranslations.com\\\/de\\\/dienstleistungen\\\/medien-postproduktionsdienstleistungen\\\/untertitelungsdienstleistungen\",\"url\":\"https:\\\/\\\/www.trustedtranslations.com\\\/de\\\/dienstleistungen\\\/medien-postproduktionsdienstleistungen\\\/untertitelungsdienstleistungen\",\"name\":\"Untertitelungsdienstleistungen - Trusted Translations, Inc.\",\"isPartOf\":{\"@id\":\"https:\\\/\\\/www.trustedtranslations.com\\\/de\\\/#website\"},\"primaryImageOfPage\":{\"@id\":\"https:\\\/\\\/www.trustedtranslations.com\\\/de\\\/dienstleistungen\\\/medien-postproduktionsdienstleistungen\\\/untertitelungsdienstleistungen#primaryimage\"},\"image\":{\"@id\":\"https:\\\/\\\/www.trustedtranslations.com\\\/de\\\/dienstleistungen\\\/medien-postproduktionsdienstleistungen\\\/untertitelungsdienstleistungen#primaryimage\"},\"thumbnailUrl\":\"https:\\\/\\\/www.trustedtranslations.com\\\/wp-content\\\/uploads\\\/2024\\\/06\\\/TT-ICON_Native-Spanish-Translati-1.webp\",\"breadcrumb\":{\"@id\":\"https:\\\/\\\/www.trustedtranslations.com\\\/de\\\/dienstleistungen\\\/medien-postproduktionsdienstleistungen\\\/untertitelungsdienstleistungen#breadcrumb\"},\"inLanguage\":\"de\",\"potentialAction\":[{\"@type\":\"ReadAction\",\"target\":[\"https:\\\/\\\/www.trustedtranslations.com\\\/de\\\/dienstleistungen\\\/medien-postproduktionsdienstleistungen\\\/untertitelungsdienstleistungen\"]}]},{\"@type\":\"ImageObject\",\"inLanguage\":\"de\",\"@id\":\"https:\\\/\\\/www.trustedtranslations.com\\\/de\\\/dienstleistungen\\\/medien-postproduktionsdienstleistungen\\\/untertitelungsdienstleistungen#primaryimage\",\"url\":\"https:\\\/\\\/www.trustedtranslations.com\\\/wp-content\\\/uploads\\\/2024\\\/06\\\/TT-ICON_Native-Spanish-Translati-1.webp\",\"contentUrl\":\"https:\\\/\\\/www.trustedtranslations.com\\\/wp-content\\\/uploads\\\/2024\\\/06\\\/TT-ICON_Native-Spanish-Translati-1.webp\",\"width\":151,\"height\":151,\"caption\":\"TT ICON Native Spanish Translati 1\"},{\"@type\":\"BreadcrumbList\",\"@id\":\"https:\\\/\\\/www.trustedtranslations.com\\\/de\\\/dienstleistungen\\\/medien-postproduktionsdienstleistungen\\\/untertitelungsdienstleistungen#breadcrumb\",\"itemListElement\":[{\"@type\":\"ListItem\",\"position\":1,\"name\":\"Home\",\"item\":\"https:\\\/\\\/www.trustedtranslations.com\\\/de\"},{\"@type\":\"ListItem\",\"position\":2,\"name\":\"Dienstleistungen\",\"item\":\"https:\\\/\\\/www.trustedtranslations.com\\\/de\\\/dienstleistungen\"},{\"@type\":\"ListItem\",\"position\":3,\"name\":\"Medienpostproduktionsdienstleistungen\",\"item\":\"https:\\\/\\\/www.trustedtranslations.com\\\/de\\\/dienstleistungen\\\/medien-postproduktionsdienstleistungen\"},{\"@type\":\"ListItem\",\"position\":4,\"name\":\"Untertitelungsdienstleistungen\"}]},{\"@type\":\"WebSite\",\"@id\":\"https:\\\/\\\/www.trustedtranslations.com\\\/de\\\/#website\",\"url\":\"https:\\\/\\\/www.trustedtranslations.com\\\/de\\\/\",\"name\":\"Trusted Translations, Inc.\",\"description\":\"Leader in translation and interpretation services.\",\"publisher\":{\"@id\":\"https:\\\/\\\/www.trustedtranslations.com\\\/de\\\/#organization\"},\"alternateName\":\"Trusted Translations\",\"potentialAction\":[{\"@type\":\"SearchAction\",\"target\":{\"@type\":\"EntryPoint\",\"urlTemplate\":\"https:\\\/\\\/www.trustedtranslations.com\\\/de\\\/?s={search_term_string}\"},\"query-input\":{\"@type\":\"PropertyValueSpecification\",\"valueRequired\":true,\"valueName\":\"search_term_string\"}}],\"inLanguage\":\"de\"},{\"@type\":\"Organization\",\"@id\":\"https:\\\/\\\/www.trustedtranslations.com\\\/de\\\/#organization\",\"name\":\"Trusted Translations\",\"alternateName\":\"Trusted Translations, Inc.\",\"url\":\"https:\\\/\\\/www.trustedtranslations.com\\\/de\\\/\",\"logo\":{\"@type\":\"ImageObject\",\"inLanguage\":\"de\",\"@id\":\"https:\\\/\\\/www.trustedtranslations.com\\\/de\\\/#\\\/schema\\\/logo\\\/image\\\/\",\"url\":\"https:\\\/\\\/static.trustedtranslations.com\\\/wp-content\\\/uploads\\\/2022\\\/01\\\/TT_logo_WSIColors-2.png\",\"contentUrl\":\"https:\\\/\\\/static.trustedtranslations.com\\\/wp-content\\\/uploads\\\/2022\\\/01\\\/TT_logo_WSIColors-2.png\",\"width\":500,\"height\":196,\"caption\":\"Trusted Translations\"},\"image\":{\"@id\":\"https:\\\/\\\/www.trustedtranslations.com\\\/de\\\/#\\\/schema\\\/logo\\\/image\\\/\"},\"sameAs\":[\"https:\\\/\\\/www.facebook.com\\\/Trusted.Translations\",\"https:\\\/\\\/x.com\\\/TrustedT9ns\",\"https:\\\/\\\/www.linkedin.com\\\/company\\\/trusted-translations\"]}]}<\/script>\n<!-- \/ Yoast SEO plugin. -->","yoast_head_json":{"title":"Untertitelungsdienstleistungen - Trusted Translations, Inc.","robots":{"index":"index","follow":"follow","max-snippet":"max-snippet:-1","max-image-preview":"max-image-preview:large","max-video-preview":"max-video-preview:-1"},"canonical":"https:\/\/www.trustedtranslations.com\/de\/dienstleistungen\/medien-postproduktionsdienstleistungen\/untertitelungsdienstleistungen","og_locale":"de_DE","og_type":"article","og_title":"Untertitelungsdienstleistungen - Trusted Translations, Inc.","og_url":"https:\/\/www.trustedtranslations.com\/de\/dienstleistungen\/medien-postproduktionsdienstleistungen\/untertitelungsdienstleistungen","og_site_name":"Trusted Translations, Inc.","article_publisher":"https:\/\/www.facebook.com\/Trusted.Translations","article_modified_time":"2026-03-27T17:50:32+00:00","og_image":[{"width":151,"height":151,"url":"https:\/\/www.trustedtranslations.com\/wp-content\/uploads\/2024\/06\/TT-ICON_Native-Spanish-Translati-1.webp","type":"image\/webp"}],"twitter_card":"summary_large_image","twitter_site":"@TrustedT9ns","schema":{"@context":"https:\/\/schema.org","@graph":[{"@type":"WebPage","@id":"https:\/\/www.trustedtranslations.com\/de\/dienstleistungen\/medien-postproduktionsdienstleistungen\/untertitelungsdienstleistungen","url":"https:\/\/www.trustedtranslations.com\/de\/dienstleistungen\/medien-postproduktionsdienstleistungen\/untertitelungsdienstleistungen","name":"Untertitelungsdienstleistungen - Trusted Translations, Inc.","isPartOf":{"@id":"https:\/\/www.trustedtranslations.com\/de\/#website"},"primaryImageOfPage":{"@id":"https:\/\/www.trustedtranslations.com\/de\/dienstleistungen\/medien-postproduktionsdienstleistungen\/untertitelungsdienstleistungen#primaryimage"},"image":{"@id":"https:\/\/www.trustedtranslations.com\/de\/dienstleistungen\/medien-postproduktionsdienstleistungen\/untertitelungsdienstleistungen#primaryimage"},"thumbnailUrl":"https:\/\/www.trustedtranslations.com\/wp-content\/uploads\/2024\/06\/TT-ICON_Native-Spanish-Translati-1.webp","breadcrumb":{"@id":"https:\/\/www.trustedtranslations.com\/de\/dienstleistungen\/medien-postproduktionsdienstleistungen\/untertitelungsdienstleistungen#breadcrumb"},"inLanguage":"de","potentialAction":[{"@type":"ReadAction","target":["https:\/\/www.trustedtranslations.com\/de\/dienstleistungen\/medien-postproduktionsdienstleistungen\/untertitelungsdienstleistungen"]}]},{"@type":"ImageObject","inLanguage":"de","@id":"https:\/\/www.trustedtranslations.com\/de\/dienstleistungen\/medien-postproduktionsdienstleistungen\/untertitelungsdienstleistungen#primaryimage","url":"https:\/\/www.trustedtranslations.com\/wp-content\/uploads\/2024\/06\/TT-ICON_Native-Spanish-Translati-1.webp","contentUrl":"https:\/\/www.trustedtranslations.com\/wp-content\/uploads\/2024\/06\/TT-ICON_Native-Spanish-Translati-1.webp","width":151,"height":151,"caption":"TT ICON Native Spanish Translati 1"},{"@type":"BreadcrumbList","@id":"https:\/\/www.trustedtranslations.com\/de\/dienstleistungen\/medien-postproduktionsdienstleistungen\/untertitelungsdienstleistungen#breadcrumb","itemListElement":[{"@type":"ListItem","position":1,"name":"Home","item":"https:\/\/www.trustedtranslations.com\/de"},{"@type":"ListItem","position":2,"name":"Dienstleistungen","item":"https:\/\/www.trustedtranslations.com\/de\/dienstleistungen"},{"@type":"ListItem","position":3,"name":"Medienpostproduktionsdienstleistungen","item":"https:\/\/www.trustedtranslations.com\/de\/dienstleistungen\/medien-postproduktionsdienstleistungen"},{"@type":"ListItem","position":4,"name":"Untertitelungsdienstleistungen"}]},{"@type":"WebSite","@id":"https:\/\/www.trustedtranslations.com\/de\/#website","url":"https:\/\/www.trustedtranslations.com\/de\/","name":"Trusted Translations, Inc.","description":"Leader in translation and interpretation services.","publisher":{"@id":"https:\/\/www.trustedtranslations.com\/de\/#organization"},"alternateName":"Trusted Translations","potentialAction":[{"@type":"SearchAction","target":{"@type":"EntryPoint","urlTemplate":"https:\/\/www.trustedtranslations.com\/de\/?s={search_term_string}"},"query-input":{"@type":"PropertyValueSpecification","valueRequired":true,"valueName":"search_term_string"}}],"inLanguage":"de"},{"@type":"Organization","@id":"https:\/\/www.trustedtranslations.com\/de\/#organization","name":"Trusted Translations","alternateName":"Trusted Translations, Inc.","url":"https:\/\/www.trustedtranslations.com\/de\/","logo":{"@type":"ImageObject","inLanguage":"de","@id":"https:\/\/www.trustedtranslations.com\/de\/#\/schema\/logo\/image\/","url":"https:\/\/static.trustedtranslations.com\/wp-content\/uploads\/2022\/01\/TT_logo_WSIColors-2.png","contentUrl":"https:\/\/static.trustedtranslations.com\/wp-content\/uploads\/2022\/01\/TT_logo_WSIColors-2.png","width":500,"height":196,"caption":"Trusted Translations"},"image":{"@id":"https:\/\/www.trustedtranslations.com\/de\/#\/schema\/logo\/image\/"},"sameAs":["https:\/\/www.facebook.com\/Trusted.Translations","https:\/\/x.com\/TrustedT9ns","https:\/\/www.linkedin.com\/company\/trusted-translations"]}]}},"toolset-meta":{"dyk":{"mensaje-1":{"type":"textfield","raw":"Untertitel k\u00f6nnen die Zug\u00e4nglichkeit verbessern und den Zuschauern helfen, Inhalte auch dann zu verstehen, wenn sie Inhalte auf Mobilger\u00e4ten ohne Ton ansehen."},"mensaje-2":{"type":"textfield","raw":"Professionell abgestimmte Untertitel sind nicht einfach nur \u00dcbersetzungen \u2013 sie unterliegen strengen Zeichenbegrenzungen, Lesegeschwindigkeiten und Synchronisationsregeln."},"mensaje-3":{"type":"textfield","raw":"Untertiteldateien wie .srt und .vtt erm\u00f6glichen es Ihnen, dasselbe Video in mehreren Sprachen wiederzuverwenden, ohne das Originalmedium zu ver\u00e4ndern."},"mensaje-4":{"type":"textfield","raw":"Gut lokalisierte Untertitel passen Tonfall, kulturelle Bez\u00fcge und den Kontext auf dem Bildschirm an, um sicherzustellen, dass Ihre Botschaft f\u00fcr ein globales Publikum nat\u00fcrlich wirkt."},"mensaje-5":{"type":"textfield","raw":""},"mensaje-6":{"type":"textfield","raw":""}},"single-page-template-fields":{"imgs-temp":{"type":"image","raw":["https:\/\/www.trustedtranslations.com\/wp-content\/uploads\/2026\/02\/Subtitling.webp"],"repeatable":[{"raw":"https:\/\/www.trustedtranslations.com\/wp-content\/uploads\/2026\/02\/Subtitling.webp","attachment_id":293613}]},"imgs-temp-cel":{"type":"image","raw":[""],"repeatable":[{"raw":""}]},"img-temp-one-cel":{"type":"image","raw":"","attachment_id":null},"quotes":{"type":"textarea","raw":"<h1 style=\"margin-bottom: 12px;\">Untertitelungsdienstleistungen<\/h1>Trusted Translations bietet professionelle Untertitelungsdienstleistungen an, die Ihnen dabei helfen, Videoinhalte f\u00fcr ein mehrsprachiges Publikum zu lokalisieren. Wir liefern pr\u00e4zise, marktspezifische und leicht lesbare Untertitel, die Ihre Botschaft bewahren, die Zug\u00e4nglichkeit verbessern und die weltweite Verbreitung \u00fcber verschiedene Plattformen hinweg unterst\u00fctzen.<div style=\"margin-top: 2.5vw;\"><a class=\"tt-btn-main-cta\" href=\"\/de\/angebot\">Unverbindliches Angebot anfordern<\/a><\/div>"},"text-1":{"type":"textarea","raw":"<h3>Professionelle Untertitel f\u00fcr globale Inhalte<\/h3>\r\n\r\n<p>Untertitel erm\u00f6glichen es den Zuschauern, gesprochene Dialoge und Bildschirmmeldungen in einer anderen Sprache zu verfolgen, w\u00e4hrend der Originalton erhalten bleibt. Es handelt sich um eine kosteng\u00fcnstige L\u00f6sung f\u00fcr die globale Kommunikation, insbesondere f\u00fcr Inhalte, die schnell lokalisiert werden m\u00fcssen, ohne dass die Sprachaufnahmen ver\u00e4ndert werden m\u00fcssen.<\/p>\r\n\r\n<p>Trusted Translations bietet Untertitelung f\u00fcr Unterhaltungsinhalte, Marketingvideos, Schulungsmodule, interne Kommunikation, Interviews und Lehrinhalte an.<\/p>\r\n\r\n<h3>Was Sie erhalten<\/h3>\r\n\r\n<p>Trusted Translations liefert untertitelf\u00e4hige Dateien, die auf Ihren Workflow und Ihre Ver\u00f6ffentlichungsanforderungen abgestimmt sind, darunter:<\/p>\r\n\r\n<ul>\r\n  <li>Untertitel in die Zielsprache \u00fcbersetzt<\/li>\r\n  <li>Einheitliche Terminologie in allen Inhalten<\/li>\r\n  <li>Klare Formatierung f\u00fcr bessere Lesbarkeit und Timing<\/li>\r\n  <li>Dateien entsprechend Ihrem bevorzugten Untertitelformat<\/li>\r\n  <li>Optionale Einbrennung von Untertiteln f\u00fcr die endg\u00fcltige Videoauslieferung<\/li>\r\n<\/ul>\r\n\r\n<h3>Qualit\u00e4t und Vertraulichkeit<\/h3>\r\n\r\n<p>Trusted Translations wahrt bei jedem Untertitelungsprojekt strengste Vertraulichkeit und Qualit\u00e4tsstandards. Unser Team sorgt daf\u00fcr, dass Ihre Untertitel pr\u00e4zise, konsistent und professionell f\u00fcr den praktischen Einsatz formatiert bleiben.<\/p>\r\n\r\n<p>Unsere Prozesse orientieren sich an den ISO 9001-Standards und gew\u00e4hrleisten so Qualit\u00e4tsmanagement, \u00dcbersetzungsgenauigkeit und die Einhaltung bew\u00e4hrter Verfahren f\u00fcr die Postproduktion in allen Untertitelungsworkflows.<\/p>"},"shortcode-map":{"type":"textfield","raw":""},"dyk-shortcode":{"type":"textfield","raw":"[elementor-template id=\"146647\"]"},"text-2":{"type":"textarea","raw":"<h2>\u00dcber Untertitelungsdienstleistungen<\/h2>\r\n\r\n<p>Untertitelung ist ideal, wenn man die Originalstimmen erhalten und gleichzeitig Inhalte f\u00fcr ein Publikum zug\u00e4nglich machen m\u00f6chte, das verschiedene Sprachen spricht. Je nach Ihrem Arbeitsablauf k\u00f6nnen wir mit Ihrer Originalvideodatei, einem Skript, einem bestehenden Transkript oder Untertiteldateien arbeiten. Falls Sie bereits technische Vorgaben bez\u00fcglich Timing oder Formatierung haben, k\u00f6nnen wir uns an Ihre Spezifikationen halten. Wenn Sie sich zwischen Untertitelung und Synchronisation entscheiden m\u00fcssen, kann Ihnen unser Team dabei helfen, die beste Option basierend auf Inhaltsart, Budget und Bearbeitungszeit auszuw\u00e4hlen.<\/p>\r\n\r\n<p>Untertitel werden h\u00e4ufig verwendet f\u00fcr:<\/p>\r\n\r\n<ul>\r\n  <li>Schulungs- und E-Learning-Videos f\u00fcr globale Teams<\/li>\r\n  <li>Marketing- und Produktinhalte f\u00fcr ein internationales Publikum<\/li>\r\n  <li>Unternehmenskommunikation f\u00fcr mehrsprachige Organisationen<\/li>\r\n  <li>Interviews und Aufnahmen mit mehreren Sprechern, die Klarheit und Struktur erfordern<\/li>\r\n  <li>Unterhaltungsinhalte, die mehrsprachige Zug\u00e4nglichkeit erfordern, wie Filme oder Videospiele<\/li>\r\n  <li>Unterst\u00fctzung der Barrierefreiheit f\u00fcr eine inklusive Inhaltsbereitstellung<\/li>\r\n<\/ul>\r\n\r\n<p>Wenn Sie Videoinhalte f\u00fcr ein internationales oder mehrsprachiges Publikum anpassen m\u00fcssen, kann Trusted Translations Sie bei Ihren Untertitelungsanforderungen mit pr\u00e4ziser \u00dcbersetzung, einheitlicher Formatierung und zuverl\u00e4ssiger Lieferung unterst\u00fctzen.<\/p>\r\n\r\n<p>Teilen Sie uns Ihre Videodateien, die Anforderungen an die Zielsprache und die Untertitelspezifikationen mit, und unser Team hilft Ihnen dabei, den besten Ansatz f\u00fcr Ihr Projekt zu finden.<\/p>"},"state":{"type":"textfield","raw":""},"city":{"type":"textarea","raw":[""]}}},"_links":{"self":[{"href":"https:\/\/www.trustedtranslations.com\/de\/wp-json\/wp\/v2\/pages\/294127","targetHints":{"allow":["GET"]}}],"collection":[{"href":"https:\/\/www.trustedtranslations.com\/de\/wp-json\/wp\/v2\/pages"}],"about":[{"href":"https:\/\/www.trustedtranslations.com\/de\/wp-json\/wp\/v2\/types\/page"}],"author":[{"embeddable":true,"href":"https:\/\/www.trustedtranslations.com\/de\/wp-json\/wp\/v2\/users\/1"}],"replies":[{"embeddable":true,"href":"https:\/\/www.trustedtranslations.com\/de\/wp-json\/wp\/v2\/comments?post=294127"}],"version-history":[{"count":1,"href":"https:\/\/www.trustedtranslations.com\/de\/wp-json\/wp\/v2\/pages\/294127\/revisions"}],"predecessor-version":[{"id":294222,"href":"https:\/\/www.trustedtranslations.com\/de\/wp-json\/wp\/v2\/pages\/294127\/revisions\/294222"}],"up":[{"embeddable":true,"href":"https:\/\/www.trustedtranslations.com\/de\/wp-json\/wp\/v2\/pages\/294097"}],"wp:featuredmedia":[{"embeddable":true,"href":"https:\/\/www.trustedtranslations.com\/de\/wp-json\/wp\/v2\/media\/261640"}],"wp:attachment":[{"href":"https:\/\/www.trustedtranslations.com\/de\/wp-json\/wp\/v2\/media?parent=294127"}],"curies":[{"name":"wp","href":"https:\/\/api.w.org\/{rel}","templated":true}]}}