{"id":294157,"date":"2026-03-12T12:14:29","date_gmt":"2026-03-12T15:14:29","guid":{"rendered":"https:\/\/www.trustedtranslations.com\/?page_id=294157"},"modified":"2026-03-27T14:50:57","modified_gmt":"2026-03-27T17:50:57","slug":"ki-synchronisation-mit-menschlicher-ueberpruefung","status":"publish","type":"page","link":"https:\/\/www.trustedtranslations.com\/de\/dienstleistungen\/medien-postproduktionsdienstleistungen\/synchronisationsdienstleistungen\/ki-synchronisation-mit-menschlicher-ueberpruefung","title":{"rendered":"KI-Synchronisation mit menschlicher \u00dcberpr\u00fcfung"},"content":{"rendered":"","protected":false},"excerpt":{"rendered":"","protected":false},"author":1,"featured_media":248069,"parent":294111,"menu_order":0,"comment_status":"closed","ping_status":"closed","template":"","meta":{"site-sidebar-layout":"default","site-content-layout":"","ast-site-content-layout":"default","site-content-style":"default","site-sidebar-style":"default","ast-global-header-display":"","ast-banner-title-visibility":"","ast-main-header-display":"","ast-hfb-above-header-display":"","ast-hfb-below-header-display":"","ast-hfb-mobile-header-display":"","site-post-title":"","ast-breadcrumbs-content":"","ast-featured-img":"","footer-sml-layout":"","ast-disable-related-posts":"","theme-transparent-header-meta":"default","adv-header-id-meta":"","stick-header-meta":"","header-above-stick-meta":"","header-main-stick-meta":"","header-below-stick-meta":"","astra-migrate-meta-layouts":"set","ast-page-background-enabled":"default","ast-page-background-meta":{"desktop":{"background-color":"var(--ast-global-color-4)","background-image":"","background-repeat":"repeat","background-position":"center center","background-size":"auto","background-attachment":"scroll","background-type":"","background-media":"","overlay-type":"","overlay-color":"","overlay-opacity":"","overlay-gradient":""},"tablet":{"background-color":"","background-image":"","background-repeat":"repeat","background-position":"center center","background-size":"auto","background-attachment":"scroll","background-type":"","background-media":"","overlay-type":"","overlay-color":"","overlay-opacity":"","overlay-gradient":""},"mobile":{"background-color":"","background-image":"","background-repeat":"repeat","background-position":"center center","background-size":"auto","background-attachment":"scroll","background-type":"","background-media":"","overlay-type":"","overlay-color":"","overlay-opacity":"","overlay-gradient":""}},"ast-content-background-meta":{"desktop":{"background-color":"var(--ast-global-color-5)","background-image":"","background-repeat":"repeat","background-position":"center center","background-size":"auto","background-attachment":"scroll","background-type":"","background-media":"","overlay-type":"","overlay-color":"","overlay-opacity":"","overlay-gradient":""},"tablet":{"background-color":"var(--ast-global-color-5)","background-image":"","background-repeat":"repeat","background-position":"center center","background-size":"auto","background-attachment":"scroll","background-type":"","background-media":"","overlay-type":"","overlay-color":"","overlay-opacity":"","overlay-gradient":""},"mobile":{"background-color":"var(--ast-global-color-5)","background-image":"","background-repeat":"repeat","background-position":"center center","background-size":"auto","background-attachment":"scroll","background-type":"","background-media":"","overlay-type":"","overlay-color":"","overlay-opacity":"","overlay-gradient":""}},"footnotes":""},"class_list":["post-294157","page","type-page","status-publish","has-post-thumbnail","hentry"],"yoast_head":"<!-- This site is optimized with the Yoast SEO plugin v27.5 - https:\/\/yoast.com\/product\/yoast-seo-wordpress\/ -->\n<title>KI-Synchronisation mit menschlicher \u00dcberpr\u00fcfung - Trusted Translations, Inc.<\/title>\n<meta name=\"robots\" content=\"index, follow, max-snippet:-1, max-image-preview:large, max-video-preview:-1\" \/>\n<link rel=\"canonical\" href=\"https:\/\/www.trustedtranslations.com\/de\/dienstleistungen\/medien-postproduktionsdienstleistungen\/synchronisationsdienstleistungen\/ki-synchronisation-mit-menschlicher-ueberpruefung\" \/>\n<meta property=\"og:locale\" content=\"de_DE\" \/>\n<meta property=\"og:type\" content=\"article\" \/>\n<meta property=\"og:title\" content=\"KI-Synchronisation mit menschlicher \u00dcberpr\u00fcfung - Trusted Translations, Inc.\" \/>\n<meta property=\"og:url\" content=\"https:\/\/www.trustedtranslations.com\/de\/dienstleistungen\/medien-postproduktionsdienstleistungen\/synchronisationsdienstleistungen\/ki-synchronisation-mit-menschlicher-ueberpruefung\" \/>\n<meta property=\"og:site_name\" content=\"Trusted Translations, Inc.\" \/>\n<meta property=\"article:publisher\" content=\"https:\/\/www.facebook.com\/Trusted.Translations\" \/>\n<meta property=\"article:modified_time\" content=\"2026-03-27T17:50:57+00:00\" \/>\n<meta property=\"og:image\" content=\"https:\/\/www.trustedtranslations.com\/wp-content\/uploads\/2024\/02\/Recurso-9-1.png\" \/>\n\t<meta property=\"og:image:width\" content=\"150\" \/>\n\t<meta property=\"og:image:height\" content=\"150\" \/>\n\t<meta property=\"og:image:type\" content=\"image\/png\" \/>\n<meta name=\"twitter:card\" content=\"summary_large_image\" \/>\n<meta name=\"twitter:site\" content=\"@TrustedT9ns\" \/>\n<script type=\"application\/ld+json\" class=\"yoast-schema-graph\">{\"@context\":\"https:\\\/\\\/schema.org\",\"@graph\":[{\"@type\":\"WebPage\",\"@id\":\"https:\\\/\\\/www.trustedtranslations.com\\\/de\\\/dienstleistungen\\\/medien-postproduktionsdienstleistungen\\\/synchronisationsdienstleistungen\\\/ki-synchronisation-mit-menschlicher-ueberpruefung\",\"url\":\"https:\\\/\\\/www.trustedtranslations.com\\\/de\\\/dienstleistungen\\\/medien-postproduktionsdienstleistungen\\\/synchronisationsdienstleistungen\\\/ki-synchronisation-mit-menschlicher-ueberpruefung\",\"name\":\"KI-Synchronisation mit menschlicher \u00dcberpr\u00fcfung - Trusted Translations, Inc.\",\"isPartOf\":{\"@id\":\"https:\\\/\\\/www.trustedtranslations.com\\\/de\\\/#website\"},\"primaryImageOfPage\":{\"@id\":\"https:\\\/\\\/www.trustedtranslations.com\\\/de\\\/dienstleistungen\\\/medien-postproduktionsdienstleistungen\\\/synchronisationsdienstleistungen\\\/ki-synchronisation-mit-menschlicher-ueberpruefung#primaryimage\"},\"image\":{\"@id\":\"https:\\\/\\\/www.trustedtranslations.com\\\/de\\\/dienstleistungen\\\/medien-postproduktionsdienstleistungen\\\/synchronisationsdienstleistungen\\\/ki-synchronisation-mit-menschlicher-ueberpruefung#primaryimage\"},\"thumbnailUrl\":\"https:\\\/\\\/www.trustedtranslations.com\\\/wp-content\\\/uploads\\\/2024\\\/02\\\/Recurso-9-1.png\",\"breadcrumb\":{\"@id\":\"https:\\\/\\\/www.trustedtranslations.com\\\/de\\\/dienstleistungen\\\/medien-postproduktionsdienstleistungen\\\/synchronisationsdienstleistungen\\\/ki-synchronisation-mit-menschlicher-ueberpruefung#breadcrumb\"},\"inLanguage\":\"de\",\"potentialAction\":[{\"@type\":\"ReadAction\",\"target\":[\"https:\\\/\\\/www.trustedtranslations.com\\\/de\\\/dienstleistungen\\\/medien-postproduktionsdienstleistungen\\\/synchronisationsdienstleistungen\\\/ki-synchronisation-mit-menschlicher-ueberpruefung\"]}]},{\"@type\":\"ImageObject\",\"inLanguage\":\"de\",\"@id\":\"https:\\\/\\\/www.trustedtranslations.com\\\/de\\\/dienstleistungen\\\/medien-postproduktionsdienstleistungen\\\/synchronisationsdienstleistungen\\\/ki-synchronisation-mit-menschlicher-ueberpruefung#primaryimage\",\"url\":\"https:\\\/\\\/www.trustedtranslations.com\\\/wp-content\\\/uploads\\\/2024\\\/02\\\/Recurso-9-1.png\",\"contentUrl\":\"https:\\\/\\\/www.trustedtranslations.com\\\/wp-content\\\/uploads\\\/2024\\\/02\\\/Recurso-9-1.png\",\"width\":150,\"height\":150,\"caption\":\"Recurso 9 1\"},{\"@type\":\"BreadcrumbList\",\"@id\":\"https:\\\/\\\/www.trustedtranslations.com\\\/de\\\/dienstleistungen\\\/medien-postproduktionsdienstleistungen\\\/synchronisationsdienstleistungen\\\/ki-synchronisation-mit-menschlicher-ueberpruefung#breadcrumb\",\"itemListElement\":[{\"@type\":\"ListItem\",\"position\":1,\"name\":\"Home\",\"item\":\"https:\\\/\\\/www.trustedtranslations.com\\\/de\"},{\"@type\":\"ListItem\",\"position\":2,\"name\":\"Dienstleistungen\",\"item\":\"https:\\\/\\\/www.trustedtranslations.com\\\/de\\\/dienstleistungen\"},{\"@type\":\"ListItem\",\"position\":3,\"name\":\"Medienpostproduktionsdienstleistungen\",\"item\":\"https:\\\/\\\/www.trustedtranslations.com\\\/de\\\/dienstleistungen\\\/medien-postproduktionsdienstleistungen\"},{\"@type\":\"ListItem\",\"position\":4,\"name\":\"Synchronisationsdienstleistungen\",\"item\":\"https:\\\/\\\/www.trustedtranslations.com\\\/de\\\/dienstleistungen\\\/medien-postproduktionsdienstleistungen\\\/synchronisationsdienstleistungen\"},{\"@type\":\"ListItem\",\"position\":5,\"name\":\"KI-Synchronisation mit menschlicher \u00dcberpr\u00fcfung\"}]},{\"@type\":\"WebSite\",\"@id\":\"https:\\\/\\\/www.trustedtranslations.com\\\/de\\\/#website\",\"url\":\"https:\\\/\\\/www.trustedtranslations.com\\\/de\\\/\",\"name\":\"Trusted Translations, Inc.\",\"description\":\"Leader in translation and interpretation services.\",\"publisher\":{\"@id\":\"https:\\\/\\\/www.trustedtranslations.com\\\/de\\\/#organization\"},\"alternateName\":\"Trusted Translations\",\"potentialAction\":[{\"@type\":\"SearchAction\",\"target\":{\"@type\":\"EntryPoint\",\"urlTemplate\":\"https:\\\/\\\/www.trustedtranslations.com\\\/de\\\/?s={search_term_string}\"},\"query-input\":{\"@type\":\"PropertyValueSpecification\",\"valueRequired\":true,\"valueName\":\"search_term_string\"}}],\"inLanguage\":\"de\"},{\"@type\":\"Organization\",\"@id\":\"https:\\\/\\\/www.trustedtranslations.com\\\/de\\\/#organization\",\"name\":\"Trusted Translations\",\"alternateName\":\"Trusted Translations, Inc.\",\"url\":\"https:\\\/\\\/www.trustedtranslations.com\\\/de\\\/\",\"logo\":{\"@type\":\"ImageObject\",\"inLanguage\":\"de\",\"@id\":\"https:\\\/\\\/www.trustedtranslations.com\\\/de\\\/#\\\/schema\\\/logo\\\/image\\\/\",\"url\":\"https:\\\/\\\/static.trustedtranslations.com\\\/wp-content\\\/uploads\\\/2022\\\/01\\\/TT_logo_WSIColors-2.png\",\"contentUrl\":\"https:\\\/\\\/static.trustedtranslations.com\\\/wp-content\\\/uploads\\\/2022\\\/01\\\/TT_logo_WSIColors-2.png\",\"width\":500,\"height\":196,\"caption\":\"Trusted Translations\"},\"image\":{\"@id\":\"https:\\\/\\\/www.trustedtranslations.com\\\/de\\\/#\\\/schema\\\/logo\\\/image\\\/\"},\"sameAs\":[\"https:\\\/\\\/www.facebook.com\\\/Trusted.Translations\",\"https:\\\/\\\/x.com\\\/TrustedT9ns\",\"https:\\\/\\\/www.linkedin.com\\\/company\\\/trusted-translations\"]}]}<\/script>\n<!-- \/ Yoast SEO plugin. -->","yoast_head_json":{"title":"KI-Synchronisation mit menschlicher \u00dcberpr\u00fcfung - Trusted Translations, Inc.","robots":{"index":"index","follow":"follow","max-snippet":"max-snippet:-1","max-image-preview":"max-image-preview:large","max-video-preview":"max-video-preview:-1"},"canonical":"https:\/\/www.trustedtranslations.com\/de\/dienstleistungen\/medien-postproduktionsdienstleistungen\/synchronisationsdienstleistungen\/ki-synchronisation-mit-menschlicher-ueberpruefung","og_locale":"de_DE","og_type":"article","og_title":"KI-Synchronisation mit menschlicher \u00dcberpr\u00fcfung - Trusted Translations, Inc.","og_url":"https:\/\/www.trustedtranslations.com\/de\/dienstleistungen\/medien-postproduktionsdienstleistungen\/synchronisationsdienstleistungen\/ki-synchronisation-mit-menschlicher-ueberpruefung","og_site_name":"Trusted Translations, Inc.","article_publisher":"https:\/\/www.facebook.com\/Trusted.Translations","article_modified_time":"2026-03-27T17:50:57+00:00","og_image":[{"width":150,"height":150,"url":"https:\/\/www.trustedtranslations.com\/wp-content\/uploads\/2024\/02\/Recurso-9-1.png","type":"image\/png"}],"twitter_card":"summary_large_image","twitter_site":"@TrustedT9ns","schema":{"@context":"https:\/\/schema.org","@graph":[{"@type":"WebPage","@id":"https:\/\/www.trustedtranslations.com\/de\/dienstleistungen\/medien-postproduktionsdienstleistungen\/synchronisationsdienstleistungen\/ki-synchronisation-mit-menschlicher-ueberpruefung","url":"https:\/\/www.trustedtranslations.com\/de\/dienstleistungen\/medien-postproduktionsdienstleistungen\/synchronisationsdienstleistungen\/ki-synchronisation-mit-menschlicher-ueberpruefung","name":"KI-Synchronisation mit menschlicher \u00dcberpr\u00fcfung - Trusted Translations, Inc.","isPartOf":{"@id":"https:\/\/www.trustedtranslations.com\/de\/#website"},"primaryImageOfPage":{"@id":"https:\/\/www.trustedtranslations.com\/de\/dienstleistungen\/medien-postproduktionsdienstleistungen\/synchronisationsdienstleistungen\/ki-synchronisation-mit-menschlicher-ueberpruefung#primaryimage"},"image":{"@id":"https:\/\/www.trustedtranslations.com\/de\/dienstleistungen\/medien-postproduktionsdienstleistungen\/synchronisationsdienstleistungen\/ki-synchronisation-mit-menschlicher-ueberpruefung#primaryimage"},"thumbnailUrl":"https:\/\/www.trustedtranslations.com\/wp-content\/uploads\/2024\/02\/Recurso-9-1.png","breadcrumb":{"@id":"https:\/\/www.trustedtranslations.com\/de\/dienstleistungen\/medien-postproduktionsdienstleistungen\/synchronisationsdienstleistungen\/ki-synchronisation-mit-menschlicher-ueberpruefung#breadcrumb"},"inLanguage":"de","potentialAction":[{"@type":"ReadAction","target":["https:\/\/www.trustedtranslations.com\/de\/dienstleistungen\/medien-postproduktionsdienstleistungen\/synchronisationsdienstleistungen\/ki-synchronisation-mit-menschlicher-ueberpruefung"]}]},{"@type":"ImageObject","inLanguage":"de","@id":"https:\/\/www.trustedtranslations.com\/de\/dienstleistungen\/medien-postproduktionsdienstleistungen\/synchronisationsdienstleistungen\/ki-synchronisation-mit-menschlicher-ueberpruefung#primaryimage","url":"https:\/\/www.trustedtranslations.com\/wp-content\/uploads\/2024\/02\/Recurso-9-1.png","contentUrl":"https:\/\/www.trustedtranslations.com\/wp-content\/uploads\/2024\/02\/Recurso-9-1.png","width":150,"height":150,"caption":"Recurso 9 1"},{"@type":"BreadcrumbList","@id":"https:\/\/www.trustedtranslations.com\/de\/dienstleistungen\/medien-postproduktionsdienstleistungen\/synchronisationsdienstleistungen\/ki-synchronisation-mit-menschlicher-ueberpruefung#breadcrumb","itemListElement":[{"@type":"ListItem","position":1,"name":"Home","item":"https:\/\/www.trustedtranslations.com\/de"},{"@type":"ListItem","position":2,"name":"Dienstleistungen","item":"https:\/\/www.trustedtranslations.com\/de\/dienstleistungen"},{"@type":"ListItem","position":3,"name":"Medienpostproduktionsdienstleistungen","item":"https:\/\/www.trustedtranslations.com\/de\/dienstleistungen\/medien-postproduktionsdienstleistungen"},{"@type":"ListItem","position":4,"name":"Synchronisationsdienstleistungen","item":"https:\/\/www.trustedtranslations.com\/de\/dienstleistungen\/medien-postproduktionsdienstleistungen\/synchronisationsdienstleistungen"},{"@type":"ListItem","position":5,"name":"KI-Synchronisation mit menschlicher \u00dcberpr\u00fcfung"}]},{"@type":"WebSite","@id":"https:\/\/www.trustedtranslations.com\/de\/#website","url":"https:\/\/www.trustedtranslations.com\/de\/","name":"Trusted Translations, Inc.","description":"Leader in translation and interpretation services.","publisher":{"@id":"https:\/\/www.trustedtranslations.com\/de\/#organization"},"alternateName":"Trusted Translations","potentialAction":[{"@type":"SearchAction","target":{"@type":"EntryPoint","urlTemplate":"https:\/\/www.trustedtranslations.com\/de\/?s={search_term_string}"},"query-input":{"@type":"PropertyValueSpecification","valueRequired":true,"valueName":"search_term_string"}}],"inLanguage":"de"},{"@type":"Organization","@id":"https:\/\/www.trustedtranslations.com\/de\/#organization","name":"Trusted Translations","alternateName":"Trusted Translations, Inc.","url":"https:\/\/www.trustedtranslations.com\/de\/","logo":{"@type":"ImageObject","inLanguage":"de","@id":"https:\/\/www.trustedtranslations.com\/de\/#\/schema\/logo\/image\/","url":"https:\/\/static.trustedtranslations.com\/wp-content\/uploads\/2022\/01\/TT_logo_WSIColors-2.png","contentUrl":"https:\/\/static.trustedtranslations.com\/wp-content\/uploads\/2022\/01\/TT_logo_WSIColors-2.png","width":500,"height":196,"caption":"Trusted Translations"},"image":{"@id":"https:\/\/www.trustedtranslations.com\/de\/#\/schema\/logo\/image\/"},"sameAs":["https:\/\/www.facebook.com\/Trusted.Translations","https:\/\/x.com\/TrustedT9ns","https:\/\/www.linkedin.com\/company\/trusted-translations"]}]}},"toolset-meta":{"dyk":{"mensaje-1":{"type":"textfield","raw":"KI-Synchronisation kombiniert automatisierte Spracherzeugung mit menschlicher linguistischer Pr\u00fcfung, um Aussprache, Tonfall und Genauigkeit der Botschaft zu verbessern."},"mensaje-2":{"type":"textfield","raw":"Die von Menschen gepr\u00fcfte KI-Synchronisation tr\u00e4gt dazu bei, die Markenstimme \u00fcber mehrere Sprachen und wiederkehrende Videoinhalte hinweg konsistent zu halten."},"mensaje-3":{"type":"textfield","raw":"KI-Synchronisation kann die Produktionszeiten deutlich verk\u00fcrzen und gleichzeitig die Qualit\u00e4tskontrolle durch Postproduktion und linguistische Kontrolle erm\u00f6glichen."},"mensaje-4":{"type":"textfield","raw":"KI-Synchronisation mit menschlicher \u00dcberpr\u00fcfung eignet sich ideal f\u00fcr Schulungsinhalte, Unternehmenskommunikation und skalierbare mehrsprachige Video-Workflows."},"mensaje-5":{"type":"textfield","raw":""},"mensaje-6":{"type":"textfield","raw":""}},"single-page-template-fields":{"imgs-temp":{"type":"image","raw":["https:\/\/www.trustedtranslations.com\/wp-content\/uploads\/2026\/02\/ai-review.webp"],"repeatable":[{"raw":"https:\/\/www.trustedtranslations.com\/wp-content\/uploads\/2026\/02\/ai-review.webp","attachment_id":293649}]},"imgs-temp-cel":{"type":"image","raw":[""],"repeatable":[{"raw":""}]},"img-temp-one-cel":{"type":"image","raw":"","attachment_id":null},"quotes":{"type":"textarea","raw":"<h1 style=\"margin-bottom: 12px;\">KI-Synchronisation mit menschlicher \u00dcberpr\u00fcfung<\/h1>Trusted Translations bietet KI-generierte Synchronisation mit menschlicher \u00dcberpr\u00fcfung als kosteng\u00fcnstige Alternative f\u00fcr die mehrsprachige Audioproduktion. Dieser Service ist f\u00fcr Projekte konzipiert, bei denen Geschwindigkeit und Skalierbarkeit Priorit\u00e4t haben, gleichzeitig aber die sprachliche Aufsicht und Qualit\u00e4tskontrolle aufrechterhalten werden sollen.\r\nDie KI-gest\u00fctzte Synchronisation mit anschlie\u00dfender menschlicher \u00dcberpr\u00fcfung wird als Alternative zur herk\u00f6mmlichen Synchronisation angeboten, sofern Ausgangsinhalt und sprachliche Anforderungen dies zulassen. <div style=\"margin-top: 2.5vw;\"><a class=\"tt-btn-main-cta\" href=\"\/de\/angebot\">Unverbindliches Angebot anfordern<\/a><\/div>"},"text-1":{"type":"textarea","raw":"<h2>Skalierbare KI-Synchronisation mit menschlicher Aufsicht<\/h2>\r\n\r\n<p>KI-Synchronisation verwendet synthetische Sprache, die aus der urspr\u00fcnglichen Audio- oder Videoquelle generiert wird. Dieser Ansatz erm\u00f6glicht eine schnellere Bearbeitung und geringere Kosten im Vergleich zu im Studio aufgenommenen Sprachaufnahmen.<\/p>\r\n\r\n<p>Trusted Translations arbeitet ausschlie\u00dflich mit der Original-Mediendatei. KI-Synchronisation wird nicht empfohlen, wenn die Qualit\u00e4t des Quellaudios eine genaue Transkription oder Synchronisation verhindert. Die Machbarkeit wird von Spezialisten der Postproduktion von Fall zu Fall gepr\u00fcft.<\/p>\r\n\r\n<p>Es ist wichtig zu beachten, dass KI-generierte Stimmen, selbst nach menschlicher \u00dcberpr\u00fcfung, nicht die gleiche Audioqualit\u00e4t oder das gleiche Leistungsniveau wie im Studio aufgenommene menschliche Stimmen erreichen.<\/p>\r\n\r\n<h3>Was Sie erhalten<\/h3>\r\n\r\n<p>Trusted Translations liefert KI-gest\u00fctzte Synchronisation mit menschlicher \u00dcberpr\u00fcfung, darunter:<\/p>\r\n\r\n<ul>\r\n  <li>KI-generierte Sprachausgabe in der Zielsprache<\/li>\r\n  <li>Menschliche \u00dcberpr\u00fcfung der Transkriptionsgenauigkeit<\/li>\r\n  <li>Menschliche \u00dcberpr\u00fcfung der \u00dcbersetzungsgenauigkeit<\/li>\r\n  <li>\u00dcberpr\u00fcfung von Aussprache, Sprechtempo und Verst\u00e4ndlichkeit<\/li>\r\n  <li>Selektive Korrektur oder Regeneration problematischer Segmente<\/li>\r\n  <li>Bereitstellung als reine Audiodatei oder als synchronisiertes Video<\/li>\r\n<\/ul>\r\n\r\n<p>Optional k\u00f6nnen auf Anfrage auch Untertiteldateien in der Zielsprache bereitgestellt werden.<\/p>\r\n\r\n<h3>Qualit\u00e4t und Vertraulichkeit<\/h3>\r\n\r\n<p>Trusted Translations wendet bei allen KI-Synchronisationsprojekten strenge Vertraulichkeits- und Qualit\u00e4tsstandards an. Um sprachliche Genauigkeit und inhaltliche Konsistenz zu gew\u00e4hrleisten, ist eine menschliche \u00dcberpr\u00fcfung in den Arbeitsablauf integriert.<\/p>\r\n\r\n<p>Unsere Prozesse entsprechen den Normen ISO 9001, ISO 17100 und ISO 18587 und unterst\u00fctzen Qualit\u00e4tsmanagement, \u00dcbersetzungsgenauigkeit und Best Practices f\u00fcr die Postproduktion in KI-gest\u00fctzten Synchronisationsprozessen.<\/p>"},"shortcode-map":{"type":"textfield","raw":""},"dyk-shortcode":{"type":"textfield","raw":"[elementor-template id=\"146647\"]"},"text-2":{"type":"textarea","raw":"<h2>Wie KI-Synchronisation den Produktionsanforderungen gerecht wird<\/h2>\r\n\r\n<p>KI-Synchronisation mit menschlicher \u00dcberpr\u00fcfung eignet sich, wenn Projekte eine schnellere Abwicklung, kontrollierte Budgets und eine skalierbare mehrsprachige Bereitstellung erfordern. Es wird typischerweise als Alternative zur Synchronisation mit menschlichen Stimmen angeboten, sodass Unternehmen die Methode w\u00e4hlen k\u00f6nnen, die am besten zu ihren Produktionszielen passt.<\/p>\r\n\r\n<p>Dieser Dienst wird \u00fcblicherweise f\u00fcr Folgendes genutzt:<\/p>\r\n\r\n<ul>\r\n  <li>Interne Schulungs- und Informationsinhalte<\/li>\r\n  <li>Gro\u00dfe Inhaltsbibliotheken mit h\u00e4ufigen Aktualisierungen<\/li>\r\n  <li>Projekte, die eine schnelle mehrsprachige Einf\u00fchrung erfordern<\/li>\r\n  <li>Inhalte, bei denen Geschwindigkeit und Skalierbarkeit Vorrang vor Nuancen der Sprechleistung haben<\/li>\r\n<\/ul>\r\n\r\n<p>KI-Synchronisationprojekte erfordern eine sorgf\u00e4ltige Bewertung der Qualit\u00e4t des Quellaudios, der Sprachunterst\u00fctzung und der Liefererwartungen. Trusted Translations steuert diesen Prozess durch definierte Arbeitsabl\u00e4ufe und menschliche \u00dcberpr\u00fcfung, um sicherzustellen, dass die KI-generierten Ergebnisse professionellen Standards entsprechen und sich nahtlos in bestehende Produktionsumgebungen integrieren lassen.<\/p>"},"state":{"type":"textfield","raw":""},"city":{"type":"textarea","raw":[""]}}},"_links":{"self":[{"href":"https:\/\/www.trustedtranslations.com\/de\/wp-json\/wp\/v2\/pages\/294157","targetHints":{"allow":["GET"]}}],"collection":[{"href":"https:\/\/www.trustedtranslations.com\/de\/wp-json\/wp\/v2\/pages"}],"about":[{"href":"https:\/\/www.trustedtranslations.com\/de\/wp-json\/wp\/v2\/types\/page"}],"author":[{"embeddable":true,"href":"https:\/\/www.trustedtranslations.com\/de\/wp-json\/wp\/v2\/users\/1"}],"replies":[{"embeddable":true,"href":"https:\/\/www.trustedtranslations.com\/de\/wp-json\/wp\/v2\/comments?post=294157"}],"version-history":[{"count":1,"href":"https:\/\/www.trustedtranslations.com\/de\/wp-json\/wp\/v2\/pages\/294157\/revisions"}],"predecessor-version":[{"id":294243,"href":"https:\/\/www.trustedtranslations.com\/de\/wp-json\/wp\/v2\/pages\/294157\/revisions\/294243"}],"up":[{"embeddable":true,"href":"https:\/\/www.trustedtranslations.com\/de\/wp-json\/wp\/v2\/pages\/294111"}],"wp:featuredmedia":[{"embeddable":true,"href":"https:\/\/www.trustedtranslations.com\/de\/wp-json\/wp\/v2\/media\/248069"}],"wp:attachment":[{"href":"https:\/\/www.trustedtranslations.com\/de\/wp-json\/wp\/v2\/media?parent=294157"}],"curies":[{"name":"wp","href":"https:\/\/api.w.org\/{rel}","templated":true}]}}