{"id":294429,"date":"2026-03-18T16:42:18","date_gmt":"2026-03-18T19:42:18","guid":{"rendered":"https:\/\/www.trustedtranslations.com\/?page_id=294429"},"modified":"2026-03-30T11:48:53","modified_gmt":"2026-03-30T14:48:53","slug":"sichtuebersetzungsdienstleistungen","status":"publish","type":"page","link":"https:\/\/www.trustedtranslations.com\/de\/dienstleistungen\/dolmetschen-vor-ort\/simultan\/sichtuebersetzungsdienstleistungen","title":{"rendered":"Sicht\u00fcbersetzungsdienstleistungen"},"content":{"rendered":"","protected":false},"excerpt":{"rendered":"","protected":false},"author":1,"featured_media":0,"parent":153891,"menu_order":0,"comment_status":"closed","ping_status":"closed","template":"","meta":{"site-sidebar-layout":"default","site-content-layout":"","ast-site-content-layout":"default","site-content-style":"default","site-sidebar-style":"default","ast-global-header-display":"","ast-banner-title-visibility":"","ast-main-header-display":"","ast-hfb-above-header-display":"","ast-hfb-below-header-display":"","ast-hfb-mobile-header-display":"","site-post-title":"","ast-breadcrumbs-content":"","ast-featured-img":"","footer-sml-layout":"","ast-disable-related-posts":"","theme-transparent-header-meta":"default","adv-header-id-meta":"","stick-header-meta":"","header-above-stick-meta":"","header-main-stick-meta":"","header-below-stick-meta":"","astra-migrate-meta-layouts":"set","ast-page-background-enabled":"default","ast-page-background-meta":{"desktop":{"background-color":"var(--ast-global-color-4)","background-image":"","background-repeat":"repeat","background-position":"center center","background-size":"auto","background-attachment":"scroll","background-type":"","background-media":"","overlay-type":"","overlay-color":"","overlay-opacity":"","overlay-gradient":""},"tablet":{"background-color":"","background-image":"","background-repeat":"repeat","background-position":"center center","background-size":"auto","background-attachment":"scroll","background-type":"","background-media":"","overlay-type":"","overlay-color":"","overlay-opacity":"","overlay-gradient":""},"mobile":{"background-color":"","background-image":"","background-repeat":"repeat","background-position":"center center","background-size":"auto","background-attachment":"scroll","background-type":"","background-media":"","overlay-type":"","overlay-color":"","overlay-opacity":"","overlay-gradient":""}},"ast-content-background-meta":{"desktop":{"background-color":"var(--ast-global-color-5)","background-image":"","background-repeat":"repeat","background-position":"center center","background-size":"auto","background-attachment":"scroll","background-type":"","background-media":"","overlay-type":"","overlay-color":"","overlay-opacity":"","overlay-gradient":""},"tablet":{"background-color":"var(--ast-global-color-5)","background-image":"","background-repeat":"repeat","background-position":"center center","background-size":"auto","background-attachment":"scroll","background-type":"","background-media":"","overlay-type":"","overlay-color":"","overlay-opacity":"","overlay-gradient":""},"mobile":{"background-color":"var(--ast-global-color-5)","background-image":"","background-repeat":"repeat","background-position":"center center","background-size":"auto","background-attachment":"scroll","background-type":"","background-media":"","overlay-type":"","overlay-color":"","overlay-opacity":"","overlay-gradient":""}},"footnotes":""},"class_list":["post-294429","page","type-page","status-publish","hentry"],"yoast_head":"<!-- This site is optimized with the Yoast SEO plugin v27.5 - https:\/\/yoast.com\/product\/yoast-seo-wordpress\/ -->\n<title>Sicht\u00fcbersetzungsdienstleistungen - Trusted Translations, Inc.<\/title>\n<meta name=\"description\" content=\"Professionelle Sicht\u00fcbersetzung durch erfahrene Dolmetscher, die darin geschult sind, schriftliche Dokumente m\u00fcndlich und pr\u00e4zise in Echtzeit wiederzugeben.\" \/>\n<meta name=\"robots\" content=\"noindex, nofollow\" \/>\n<meta property=\"og:locale\" content=\"de_DE\" \/>\n<meta property=\"og:type\" content=\"article\" \/>\n<meta property=\"og:title\" content=\"Sicht\u00fcbersetzungsdienstleistungen - Trusted Translations, Inc.\" \/>\n<meta property=\"og:description\" content=\"Professionelle Sicht\u00fcbersetzung durch erfahrene Dolmetscher, die darin geschult sind, schriftliche Dokumente m\u00fcndlich und pr\u00e4zise in Echtzeit wiederzugeben.\" \/>\n<meta property=\"og:url\" content=\"https:\/\/www.trustedtranslations.com\/de\/dienstleistungen\/dolmetschen-vor-ort\/simultan\/sichtuebersetzungsdienstleistungen\" \/>\n<meta property=\"og:site_name\" content=\"Trusted Translations, Inc.\" \/>\n<meta property=\"article:publisher\" content=\"https:\/\/www.facebook.com\/Trusted.Translations\" \/>\n<meta property=\"article:modified_time\" content=\"2026-03-30T14:48:53+00:00\" \/>\n<meta property=\"og:image\" content=\"https:\/\/www.trustedtranslations.com\/wp-content\/uploads\/2022\/06\/tt-logo-2-1.webp\" \/>\n\t<meta property=\"og:image:width\" content=\"216\" \/>\n\t<meta property=\"og:image:height\" content=\"94\" \/>\n\t<meta property=\"og:image:type\" content=\"image\/webp\" \/>\n<meta name=\"twitter:card\" content=\"summary_large_image\" \/>\n<meta name=\"twitter:site\" content=\"@TrustedT9ns\" \/>\n<script type=\"application\/ld+json\" class=\"yoast-schema-graph\">{\"@context\":\"https:\\\/\\\/schema.org\",\"@graph\":[{\"@type\":\"WebPage\",\"@id\":\"https:\\\/\\\/www.trustedtranslations.com\\\/de\\\/dienstleistungen\\\/dolmetschen-vor-ort\\\/simultan\\\/sichtuebersetzungsdienstleistungen\",\"url\":\"https:\\\/\\\/www.trustedtranslations.com\\\/de\\\/dienstleistungen\\\/dolmetschen-vor-ort\\\/simultan\\\/sichtuebersetzungsdienstleistungen\",\"name\":\"Sicht\u00fcbersetzungsdienstleistungen - Trusted Translations, Inc.\",\"isPartOf\":{\"@id\":\"https:\\\/\\\/www.trustedtranslations.com\\\/de\\\/#website\"},\"description\":\"Professionelle Sicht\u00fcbersetzung durch erfahrene Dolmetscher, die darin geschult sind, schriftliche Dokumente m\u00fcndlich und pr\u00e4zise in Echtzeit wiederzugeben.\",\"breadcrumb\":{\"@id\":\"https:\\\/\\\/www.trustedtranslations.com\\\/de\\\/dienstleistungen\\\/dolmetschen-vor-ort\\\/simultan\\\/sichtuebersetzungsdienstleistungen#breadcrumb\"},\"inLanguage\":\"de\",\"potentialAction\":[{\"@type\":\"ReadAction\",\"target\":[\"https:\\\/\\\/www.trustedtranslations.com\\\/de\\\/dienstleistungen\\\/dolmetschen-vor-ort\\\/simultan\\\/sichtuebersetzungsdienstleistungen\"]}]},{\"@type\":\"BreadcrumbList\",\"@id\":\"https:\\\/\\\/www.trustedtranslations.com\\\/de\\\/dienstleistungen\\\/dolmetschen-vor-ort\\\/simultan\\\/sichtuebersetzungsdienstleistungen#breadcrumb\",\"itemListElement\":[{\"@type\":\"ListItem\",\"position\":1,\"name\":\"Home\",\"item\":\"https:\\\/\\\/www.trustedtranslations.com\\\/de\"},{\"@type\":\"ListItem\",\"position\":2,\"name\":\"Dienstleistungen\",\"item\":\"https:\\\/\\\/www.trustedtranslations.com\\\/de\\\/dienstleistungen\"},{\"@type\":\"ListItem\",\"position\":3,\"name\":\"Dolmetschen vor Ort\",\"item\":\"https:\\\/\\\/www.trustedtranslations.com\\\/de\\\/dienstleistungen\\\/dolmetschen-vor-ort\"},{\"@type\":\"ListItem\",\"position\":4,\"name\":\"Simultan\",\"item\":\"https:\\\/\\\/www.trustedtranslations.com\\\/de\\\/dienstleistungen\\\/dolmetschen-vor-ort\\\/simultan\"},{\"@type\":\"ListItem\",\"position\":5,\"name\":\"Sicht\u00fcbersetzungsdienstleistungen\"}]},{\"@type\":\"WebSite\",\"@id\":\"https:\\\/\\\/www.trustedtranslations.com\\\/de\\\/#website\",\"url\":\"https:\\\/\\\/www.trustedtranslations.com\\\/de\\\/\",\"name\":\"Trusted Translations, Inc.\",\"description\":\"Leader in translation and interpretation services.\",\"publisher\":{\"@id\":\"https:\\\/\\\/www.trustedtranslations.com\\\/de\\\/#organization\"},\"alternateName\":\"Trusted Translations\",\"potentialAction\":[{\"@type\":\"SearchAction\",\"target\":{\"@type\":\"EntryPoint\",\"urlTemplate\":\"https:\\\/\\\/www.trustedtranslations.com\\\/de\\\/?s={search_term_string}\"},\"query-input\":{\"@type\":\"PropertyValueSpecification\",\"valueRequired\":true,\"valueName\":\"search_term_string\"}}],\"inLanguage\":\"de\"},{\"@type\":\"Organization\",\"@id\":\"https:\\\/\\\/www.trustedtranslations.com\\\/de\\\/#organization\",\"name\":\"Trusted Translations\",\"alternateName\":\"Trusted Translations, Inc.\",\"url\":\"https:\\\/\\\/www.trustedtranslations.com\\\/de\\\/\",\"logo\":{\"@type\":\"ImageObject\",\"inLanguage\":\"de\",\"@id\":\"https:\\\/\\\/www.trustedtranslations.com\\\/de\\\/#\\\/schema\\\/logo\\\/image\\\/\",\"url\":\"https:\\\/\\\/static.trustedtranslations.com\\\/wp-content\\\/uploads\\\/2022\\\/01\\\/TT_logo_WSIColors-2.png\",\"contentUrl\":\"https:\\\/\\\/static.trustedtranslations.com\\\/wp-content\\\/uploads\\\/2022\\\/01\\\/TT_logo_WSIColors-2.png\",\"width\":500,\"height\":196,\"caption\":\"Trusted Translations\"},\"image\":{\"@id\":\"https:\\\/\\\/www.trustedtranslations.com\\\/de\\\/#\\\/schema\\\/logo\\\/image\\\/\"},\"sameAs\":[\"https:\\\/\\\/www.facebook.com\\\/Trusted.Translations\",\"https:\\\/\\\/x.com\\\/TrustedT9ns\",\"https:\\\/\\\/www.linkedin.com\\\/company\\\/trusted-translations\"]}]}<\/script>\n<!-- \/ Yoast SEO plugin. -->","yoast_head_json":{"title":"Sicht\u00fcbersetzungsdienstleistungen - Trusted Translations, Inc.","description":"Professionelle Sicht\u00fcbersetzung durch erfahrene Dolmetscher, die darin geschult sind, schriftliche Dokumente m\u00fcndlich und pr\u00e4zise in Echtzeit wiederzugeben.","robots":{"index":"noindex","follow":"nofollow"},"og_locale":"de_DE","og_type":"article","og_title":"Sicht\u00fcbersetzungsdienstleistungen - Trusted Translations, Inc.","og_description":"Professionelle Sicht\u00fcbersetzung durch erfahrene Dolmetscher, die darin geschult sind, schriftliche Dokumente m\u00fcndlich und pr\u00e4zise in Echtzeit wiederzugeben.","og_url":"https:\/\/www.trustedtranslations.com\/de\/dienstleistungen\/dolmetschen-vor-ort\/simultan\/sichtuebersetzungsdienstleistungen","og_site_name":"Trusted Translations, Inc.","article_publisher":"https:\/\/www.facebook.com\/Trusted.Translations","article_modified_time":"2026-03-30T14:48:53+00:00","og_image":[{"width":216,"height":94,"url":"https:\/\/www.trustedtranslations.com\/wp-content\/uploads\/2022\/06\/tt-logo-2-1.webp","type":"image\/webp"}],"twitter_card":"summary_large_image","twitter_site":"@TrustedT9ns","schema":{"@context":"https:\/\/schema.org","@graph":[{"@type":"WebPage","@id":"https:\/\/www.trustedtranslations.com\/de\/dienstleistungen\/dolmetschen-vor-ort\/simultan\/sichtuebersetzungsdienstleistungen","url":"https:\/\/www.trustedtranslations.com\/de\/dienstleistungen\/dolmetschen-vor-ort\/simultan\/sichtuebersetzungsdienstleistungen","name":"Sicht\u00fcbersetzungsdienstleistungen - Trusted Translations, Inc.","isPartOf":{"@id":"https:\/\/www.trustedtranslations.com\/de\/#website"},"description":"Professionelle Sicht\u00fcbersetzung durch erfahrene Dolmetscher, die darin geschult sind, schriftliche Dokumente m\u00fcndlich und pr\u00e4zise in Echtzeit wiederzugeben.","breadcrumb":{"@id":"https:\/\/www.trustedtranslations.com\/de\/dienstleistungen\/dolmetschen-vor-ort\/simultan\/sichtuebersetzungsdienstleistungen#breadcrumb"},"inLanguage":"de","potentialAction":[{"@type":"ReadAction","target":["https:\/\/www.trustedtranslations.com\/de\/dienstleistungen\/dolmetschen-vor-ort\/simultan\/sichtuebersetzungsdienstleistungen"]}]},{"@type":"BreadcrumbList","@id":"https:\/\/www.trustedtranslations.com\/de\/dienstleistungen\/dolmetschen-vor-ort\/simultan\/sichtuebersetzungsdienstleistungen#breadcrumb","itemListElement":[{"@type":"ListItem","position":1,"name":"Home","item":"https:\/\/www.trustedtranslations.com\/de"},{"@type":"ListItem","position":2,"name":"Dienstleistungen","item":"https:\/\/www.trustedtranslations.com\/de\/dienstleistungen"},{"@type":"ListItem","position":3,"name":"Dolmetschen vor Ort","item":"https:\/\/www.trustedtranslations.com\/de\/dienstleistungen\/dolmetschen-vor-ort"},{"@type":"ListItem","position":4,"name":"Simultan","item":"https:\/\/www.trustedtranslations.com\/de\/dienstleistungen\/dolmetschen-vor-ort\/simultan"},{"@type":"ListItem","position":5,"name":"Sicht\u00fcbersetzungsdienstleistungen"}]},{"@type":"WebSite","@id":"https:\/\/www.trustedtranslations.com\/de\/#website","url":"https:\/\/www.trustedtranslations.com\/de\/","name":"Trusted Translations, Inc.","description":"Leader in translation and interpretation services.","publisher":{"@id":"https:\/\/www.trustedtranslations.com\/de\/#organization"},"alternateName":"Trusted Translations","potentialAction":[{"@type":"SearchAction","target":{"@type":"EntryPoint","urlTemplate":"https:\/\/www.trustedtranslations.com\/de\/?s={search_term_string}"},"query-input":{"@type":"PropertyValueSpecification","valueRequired":true,"valueName":"search_term_string"}}],"inLanguage":"de"},{"@type":"Organization","@id":"https:\/\/www.trustedtranslations.com\/de\/#organization","name":"Trusted Translations","alternateName":"Trusted Translations, Inc.","url":"https:\/\/www.trustedtranslations.com\/de\/","logo":{"@type":"ImageObject","inLanguage":"de","@id":"https:\/\/www.trustedtranslations.com\/de\/#\/schema\/logo\/image\/","url":"https:\/\/static.trustedtranslations.com\/wp-content\/uploads\/2022\/01\/TT_logo_WSIColors-2.png","contentUrl":"https:\/\/static.trustedtranslations.com\/wp-content\/uploads\/2022\/01\/TT_logo_WSIColors-2.png","width":500,"height":196,"caption":"Trusted Translations"},"image":{"@id":"https:\/\/www.trustedtranslations.com\/de\/#\/schema\/logo\/image\/"},"sameAs":["https:\/\/www.facebook.com\/Trusted.Translations","https:\/\/x.com\/TrustedT9ns","https:\/\/www.linkedin.com\/company\/trusted-translations"]}]}},"toolset-meta":{"dyk":{"mensaje-1":{"type":"textfield","raw":"Die Sicht\u00fcbersetzung wird h\u00e4ufig in Gerichtss\u00e4len eingesetzt, wenn Anw\u00e4lte oder Richter ein sofortiges Verst\u00e4ndnis schriftlicher Beweismittel in einer anderen Sprache ben\u00f6tigen."},"mensaje-2":{"type":"textfield","raw":"Im medizinischen Bereich hilft die Sicht\u00fcbersetzung den Behandlern, Einverst\u00e4ndniserkl\u00e4rungen oder Patientendokumente w\u00e4hrend der Konsultation schnell zu \u00fcberpr\u00fcfen."},"mensaje-3":{"type":"textfield","raw":"Im Gegensatz zur schriftlichen \u00dcbersetzung erfolgt die Sicht\u00fcbersetzung m\u00fcndlich und erfordert ein au\u00dfergew\u00f6hnliches Leseverst\u00e4ndnis und sprachliche Flexibilit\u00e4t."},"mensaje-4":{"type":"textfield","raw":"Sicht\u00fcbersetzungen werden h\u00e4ufig in Dolmetschauftr\u00e4ge vor Ort oder per Fernzugriff integriert, um eine reibungslose mehrsprachige Kommunikation zu gew\u00e4hrleisten."},"mensaje-5":{"type":"textfield","raw":""},"mensaje-6":{"type":"textfield","raw":""}},"single-page-template-fields":{"imgs-temp":{"type":"image","raw":["https:\/\/www.trustedtranslations.com\/wp-content\/uploads\/2026\/03\/sight.webp"],"repeatable":[{"raw":"https:\/\/www.trustedtranslations.com\/wp-content\/uploads\/2026\/03\/sight.webp","attachment_id":293935}]},"imgs-temp-cel":{"type":"image","raw":[""],"repeatable":[{"raw":""}]},"img-temp-one-cel":{"type":"image","raw":"","attachment_id":null},"quotes":{"type":"textarea","raw":"<h1 style=\"margin-bottom: 12px;\">Sicht\u00fcbersetzungsdienstleistungen<\/h1>Trusted Translations bietet professionelle Sicht\u00fcbersetzungsdienstleistungen an, die von erfahrenen Dolmetschern erbracht werden, die darin geschult sind, schriftliche Dokumente m\u00fcndlich und pr\u00e4zise in Echtzeit wiederzugeben. Die Sicht\u00fcbersetzung ist ideal, wenn ein geschriebener Text von einer oder mehreren Parteien in einer anderen Sprache sofort verstanden werden muss \u2013 ohne die Verz\u00f6gerung einer vollst\u00e4ndigen schriftlichen \u00dcbersetzung.<div style=\"margin-top: 2.5vw;\"><a class=\"tt-btn-main-cta\" href=\"\/de\/angebot\">Unverbindliches Angebot anfordern<\/a><\/div>"},"text-1":{"type":"textarea","raw":"<h2 style=\"margin-top: -10px\">Professionelle Dolmetscher f\u00fcr Sicht\u00fcbersetzung <\/h2>\r\nDie Sicht\u00fcbersetzung vom Blatt erfordert mehr als nur Sprachbeherrschung. Sie erfordert die F\u00e4higkeit, schriftliche Texte sofort zu erfassen und sie klar und pr\u00e4zise in einer anderen Sprache wiederzugeben \u2013 oft in kritischen Situationen. \r\n\r\nTrusted Translations arbeitet mit Linguisten in mehr als 200 Sprachen und Dialekten zusammen, die sorgf\u00e4ltig aufgrund ihrer Ausbildung, Erfahrung und Beherrschung der Fachterminologie ausgew\u00e4hlt wurden. Unsere Experten f\u00fchren regelm\u00e4\u00dfig Sicht\u00fcbersetzungen in juristischen, medizinischen, wirtschaftlichen und beh\u00f6rdlichen Kontexten durch, in denen Pr\u00e4zision von entscheidender Bedeutung ist. \r\n\r\nWie bei all unseren Dienstleistungen halten wir uns an strenge Standards in Bezug auf Vertraulichkeit, Professionalit\u00e4t und Qualit\u00e4tssicherung. \r\n\r\nTrusted Translations betreut weltweit \u00fcber 5.000 Kunden, darunter f\u00fchrende Unternehmen, Anwaltskanzleien, Gesundheitseinrichtungen und Regierungsbeh\u00f6rden. Unsere Sicht\u00fcbersetzungsdienstleistungen sind darauf ausgelegt, die Echtzeitkommunikation zu unterst\u00fctzen, wenn Klarheit nicht aufgeschoben werden kann."},"shortcode-map":{"type":"textfield","raw":""},"dyk-shortcode":{"type":"textfield","raw":"[elementor-template id=\"139229\"]"},"text-2":{"type":"textarea","raw":"<h2>Was ist Sicht\u00fcbersetzung?<\/h2>\r\nSicht\u00fcbersetzung ist der Prozess, bei dem ein schriftliches Dokument in einer Sprache gelesen und dessen Inhalt in Echtzeit m\u00fcndlich in eine andere Sprache \u00fcbertragen wird. Es schl\u00e4gt die Br\u00fccke zwischen schriftlicher und m\u00fcndlicher Kommunikation und erm\u00f6glicht so ein unmittelbares Verst\u00e4ndnis, ohne dass ein schriftliches \u00dcbersetzungsdokument erstellt werden muss.\r\n\r\nDieser Service wird h\u00e4ufig in Gerichtsverfahren, Einwanderungsgespr\u00e4chen, Arztterminen, Audits, Compliance-Pr\u00fcfungen und Gesch\u00e4ftsverhandlungen genutzt. Wenn Dokumente wie Vertr\u00e4ge, eidesstattliche Erkl\u00e4rungen, medizinische Berichte, Ausweispapiere oder Versicherungsdokumente sofort gepr\u00fcft werden m\u00fcssen, bietet die Sicht\u00fcbersetzung eine praktische und effiziente L\u00f6sung.\r\n\r\nAuch wenn es auf den ersten Blick einfach erscheinen mag, erfordert die Sicht\u00fcbersetzung fortgeschrittene kognitive F\u00e4higkeiten. Der Linguist muss:\r\n  <ul>\r\n    <li>Schnell schriftliche Inhalte analysieren<\/li>\r\n    <li>Bedeutung korrekt interpretieren<\/li>\r\n    <li>Eine klare m\u00fcndliche Wiedergabe liefern<\/li>\r\n    <li>Tonfall, Intention und technische Genauigkeit beibehalten<\/li>\r\n  <\/ul>\r\n\r\nAufgrund dieser Anforderungen setzt Trusted Translations ausschlie\u00dflich hochqualifizierte Dolmetscher mit nachgewiesener Erfahrung in stressigen Situationen ein.\r\n\r\n<h2>Wann Sicht\u00fcbersetzung eingesetzt wird<\/h2>\r\n\r\nDie Sicht\u00fcbersetzung ist besonders effektiv in folgenden F\u00e4llen:\r\n\r\n  <ul>\r\n    <li>Ein schriftliches Dokument muss sofort verstanden werden<\/li>\r\n    <li>Die Anfertigung einer vollst\u00e4ndigen schriftlichen \u00dcbersetzung ist nicht praktikabel<\/li>\r\n    <li>Das Dokument ist von kurzer bis mittlerer L\u00e4nge<\/li>\r\n    <li>Der Kontext umfasst rechtliche, medizinische oder administrative \u00dcberpr\u00fcfungen<\/li>\r\n    <li>Eine mehrsprachige Besprechung erfordert die Kl\u00e4rung schriftlicher Unterlagen<\/li>\r\n  <\/ul>\r\n\r\nSie kann als eigenst\u00e4ndige Dienstleistung oder in Kombination mit Dolmetschleistungen vor Ort f\u00fcr eine umfassende Sprachunterst\u00fctzung angeboten werden.\r\n\r\nVon Gerichtss\u00e4len und Krankenh\u00e4usern bis hin zu Vorstandsetagen und Regierungsbeh\u00f6rden \u2013 Trusted Translations bietet professionelle Sicht\u00fcbersetzungsdienstleistungen, die eine pr\u00e4zise Kommunikation gew\u00e4hrleisten, wenn es auf Zeit und Genauigkeit ankommt."},"state":{"type":"textfield","raw":""},"city":{"type":"textarea","raw":[""]}}},"_links":{"self":[{"href":"https:\/\/www.trustedtranslations.com\/de\/wp-json\/wp\/v2\/pages\/294429","targetHints":{"allow":["GET"]}}],"collection":[{"href":"https:\/\/www.trustedtranslations.com\/de\/wp-json\/wp\/v2\/pages"}],"about":[{"href":"https:\/\/www.trustedtranslations.com\/de\/wp-json\/wp\/v2\/types\/page"}],"author":[{"embeddable":true,"href":"https:\/\/www.trustedtranslations.com\/de\/wp-json\/wp\/v2\/users\/1"}],"replies":[{"embeddable":true,"href":"https:\/\/www.trustedtranslations.com\/de\/wp-json\/wp\/v2\/comments?post=294429"}],"version-history":[{"count":3,"href":"https:\/\/www.trustedtranslations.com\/de\/wp-json\/wp\/v2\/pages\/294429\/revisions"}],"predecessor-version":[{"id":294793,"href":"https:\/\/www.trustedtranslations.com\/de\/wp-json\/wp\/v2\/pages\/294429\/revisions\/294793"}],"up":[{"embeddable":true,"href":"https:\/\/www.trustedtranslations.com\/de\/wp-json\/wp\/v2\/pages\/153891"}],"wp:attachment":[{"href":"https:\/\/www.trustedtranslations.com\/de\/wp-json\/wp\/v2\/media?parent=294429"}],"curies":[{"name":"wp","href":"https:\/\/api.w.org\/{rel}","templated":true}]}}