{"id":126904,"date":"2019-03-29T11:28:31","date_gmt":"2019-03-29T11:28:31","guid":{"rendered":"https:\/\/www.trustedtranslations.com\/?page_id=126904"},"modified":"2024-09-03T11:32:19","modified_gmt":"2024-09-03T14:32:19","slug":"quarkxpress","status":"publish","type":"page","link":"https:\/\/www.trustedtranslations.com\/es\/servicios\/formatos-de-archivos\/quarkxpress","title":{"rendered":"QuarkXpress"},"content":{"rendered":"","protected":false},"excerpt":{"rendered":"","protected":false},"author":1,"featured_media":238294,"parent":127688,"menu_order":17,"comment_status":"closed","ping_status":"closed","template":"","meta":{"site-sidebar-layout":"default","site-content-layout":"default","ast-site-content-layout":"default","site-content-style":"default","site-sidebar-style":"default","ast-global-header-display":"","ast-banner-title-visibility":"","ast-main-header-display":"","ast-hfb-above-header-display":"","ast-hfb-below-header-display":"","ast-hfb-mobile-header-display":"","site-post-title":"disabled","ast-breadcrumbs-content":"","ast-featured-img":"","footer-sml-layout":"","ast-disable-related-posts":"","theme-transparent-header-meta":"default","adv-header-id-meta":"","stick-header-meta":"","header-above-stick-meta":"","header-main-stick-meta":"","header-below-stick-meta":"","astra-migrate-meta-layouts":"set","ast-page-background-enabled":"default","ast-page-background-meta":{"desktop":{"background-color":"var(--ast-global-color-4)","background-image":"","background-repeat":"repeat","background-position":"center center","background-size":"auto","background-attachment":"scroll","background-type":"","background-media":"","overlay-type":"","overlay-color":"","overlay-opacity":"","overlay-gradient":""},"tablet":{"background-color":"","background-image":"","background-repeat":"repeat","background-position":"center center","background-size":"auto","background-attachment":"scroll","background-type":"","background-media":"","overlay-type":"","overlay-color":"","overlay-opacity":"","overlay-gradient":""},"mobile":{"background-color":"","background-image":"","background-repeat":"repeat","background-position":"center center","background-size":"auto","background-attachment":"scroll","background-type":"","background-media":"","overlay-type":"","overlay-color":"","overlay-opacity":"","overlay-gradient":""}},"ast-content-background-meta":{"desktop":{"background-color":"var(--ast-global-color-5)","background-image":"","background-repeat":"repeat","background-position":"center center","background-size":"auto","background-attachment":"scroll","background-type":"","background-media":"","overlay-type":"","overlay-color":"","overlay-opacity":"","overlay-gradient":""},"tablet":{"background-color":"var(--ast-global-color-5)","background-image":"","background-repeat":"repeat","background-position":"center center","background-size":"auto","background-attachment":"scroll","background-type":"","background-media":"","overlay-type":"","overlay-color":"","overlay-opacity":"","overlay-gradient":""},"mobile":{"background-color":"var(--ast-global-color-5)","background-image":"","background-repeat":"repeat","background-position":"center center","background-size":"auto","background-attachment":"scroll","background-type":"","background-media":"","overlay-type":"","overlay-color":"","overlay-opacity":"","overlay-gradient":""}},"footnotes":""},"class_list":["post-126904","page","type-page","status-publish","has-post-thumbnail","hentry"],"yoast_head":"<!-- This site is optimized with the Yoast SEO plugin v27.3 - https:\/\/yoast.com\/product\/yoast-seo-wordpress\/ -->\n<title>Servicios de Traducci\u00f3n de QuarkXPress: Trusted Translations, Inc.<\/title>\n<meta name=\"description\" content=\"Trusted Translations es la soluci\u00f3n para todos sus proyectos de traducci\u00f3n de QuarkXPress; desde folletos de una sola p\u00e1gina, hasta peri\u00f3dicos, revistas y cat\u00e1logos, entre otros.\" \/>\n<meta name=\"robots\" content=\"index, follow, max-snippet:-1, max-image-preview:large, max-video-preview:-1\" \/>\n<link rel=\"canonical\" href=\"https:\/\/www.trustedtranslations.com\/es\/servicios\/formatos-de-archivos\/quarkxpress\" \/>\n<meta property=\"og:locale\" content=\"es_ES\" \/>\n<meta property=\"og:type\" content=\"article\" \/>\n<meta property=\"og:title\" content=\"Servicios de Traducci\u00f3n de QuarkXPress: Trusted Translations, Inc.\" \/>\n<meta property=\"og:description\" content=\"Trusted Translations es la soluci\u00f3n para todos sus proyectos de traducci\u00f3n de QuarkXPress; desde folletos de una sola p\u00e1gina, hasta peri\u00f3dicos, revistas y cat\u00e1logos, entre otros.\" \/>\n<meta property=\"og:url\" content=\"https:\/\/www.trustedtranslations.com\/es\/servicios\/formatos-de-archivos\/quarkxpress\" \/>\n<meta property=\"og:site_name\" content=\"Trusted Translations\" \/>\n<meta property=\"article:publisher\" content=\"https:\/\/www.facebook.com\/Trusted.Translations\" \/>\n<meta property=\"article:modified_time\" content=\"2024-09-03T14:32:19+00:00\" \/>\n<meta property=\"og:image\" content=\"https:\/\/static.trustedtranslations.com\/wp-content\/uploads\/2024\/02\/tt-icon_QuarkXPress-Translation-.webp\" \/>\n\t<meta property=\"og:image:width\" content=\"151\" \/>\n\t<meta property=\"og:image:height\" content=\"151\" \/>\n\t<meta property=\"og:image:type\" content=\"image\/webp\" \/>\n<meta name=\"twitter:card\" content=\"summary_large_image\" \/>\n<meta name=\"twitter:site\" content=\"@TrustedT9ns\" \/>\n<script type=\"application\/ld+json\" class=\"yoast-schema-graph\">{\"@context\":\"https:\\\/\\\/schema.org\",\"@graph\":[{\"@type\":\"WebPage\",\"@id\":\"https:\\\/\\\/www.trustedtranslations.com\\\/es\\\/servicios\\\/formatos-de-archivos\\\/quarkxpress\",\"url\":\"https:\\\/\\\/www.trustedtranslations.com\\\/es\\\/servicios\\\/formatos-de-archivos\\\/quarkxpress\",\"name\":\"Servicios de Traducci\u00f3n de QuarkXPress: Trusted Translations, Inc.\",\"isPartOf\":{\"@id\":\"https:\\\/\\\/www.trustedtranslations.com\\\/es\\\/#website\"},\"primaryImageOfPage\":{\"@id\":\"https:\\\/\\\/www.trustedtranslations.com\\\/es\\\/servicios\\\/formatos-de-archivos\\\/quarkxpress#primaryimage\"},\"image\":{\"@id\":\"https:\\\/\\\/www.trustedtranslations.com\\\/es\\\/servicios\\\/formatos-de-archivos\\\/quarkxpress#primaryimage\"},\"thumbnailUrl\":\"https:\\\/\\\/www.trustedtranslations.com\\\/wp-content\\\/uploads\\\/2024\\\/02\\\/tt-icon_QuarkXPress-Translation-.webp\",\"description\":\"Trusted Translations es la soluci\u00f3n para todos sus proyectos de traducci\u00f3n de QuarkXPress; desde folletos de una sola p\u00e1gina, hasta peri\u00f3dicos, revistas y cat\u00e1logos, entre otros.\",\"breadcrumb\":{\"@id\":\"https:\\\/\\\/www.trustedtranslations.com\\\/es\\\/servicios\\\/formatos-de-archivos\\\/quarkxpress#breadcrumb\"},\"inLanguage\":\"es\",\"potentialAction\":[{\"@type\":\"ReadAction\",\"target\":[\"https:\\\/\\\/www.trustedtranslations.com\\\/es\\\/servicios\\\/formatos-de-archivos\\\/quarkxpress\"]}]},{\"@type\":\"ImageObject\",\"inLanguage\":\"es\",\"@id\":\"https:\\\/\\\/www.trustedtranslations.com\\\/es\\\/servicios\\\/formatos-de-archivos\\\/quarkxpress#primaryimage\",\"url\":\"https:\\\/\\\/www.trustedtranslations.com\\\/wp-content\\\/uploads\\\/2024\\\/02\\\/tt-icon_QuarkXPress-Translation-.webp\",\"contentUrl\":\"https:\\\/\\\/www.trustedtranslations.com\\\/wp-content\\\/uploads\\\/2024\\\/02\\\/tt-icon_QuarkXPress-Translation-.webp\",\"width\":151,\"height\":151,\"caption\":\"tt icon QuarkXPress Translation\"},{\"@type\":\"BreadcrumbList\",\"@id\":\"https:\\\/\\\/www.trustedtranslations.com\\\/es\\\/servicios\\\/formatos-de-archivos\\\/quarkxpress#breadcrumb\",\"itemListElement\":[{\"@type\":\"ListItem\",\"position\":1,\"name\":\"Home\",\"item\":\"https:\\\/\\\/www.trustedtranslations.com\\\/es\"},{\"@type\":\"ListItem\",\"position\":2,\"name\":\"Servicios\",\"item\":\"https:\\\/\\\/www.trustedtranslations.com\\\/es\\\/servicios\"},{\"@type\":\"ListItem\",\"position\":3,\"name\":\"Formatos de Archivo\",\"item\":\"https:\\\/\\\/www.trustedtranslations.com\\\/es\\\/servicios\\\/formatos-de-archivos\"},{\"@type\":\"ListItem\",\"position\":4,\"name\":\"QuarkXpress\"}]},{\"@type\":\"WebSite\",\"@id\":\"https:\\\/\\\/www.trustedtranslations.com\\\/es\\\/#website\",\"url\":\"https:\\\/\\\/www.trustedtranslations.com\\\/es\\\/\",\"name\":\"Trusted Translations, Inc.\",\"description\":\"Leader in translation and interpretation services.\",\"publisher\":{\"@id\":\"https:\\\/\\\/www.trustedtranslations.com\\\/es\\\/#organization\"},\"alternateName\":\"Trusted Translations\",\"potentialAction\":[{\"@type\":\"SearchAction\",\"target\":{\"@type\":\"EntryPoint\",\"urlTemplate\":\"https:\\\/\\\/www.trustedtranslations.com\\\/es\\\/?s={search_term_string}\"},\"query-input\":{\"@type\":\"PropertyValueSpecification\",\"valueRequired\":true,\"valueName\":\"search_term_string\"}}],\"inLanguage\":\"es\"},{\"@type\":\"Organization\",\"@id\":\"https:\\\/\\\/www.trustedtranslations.com\\\/es\\\/#organization\",\"name\":\"Trusted Translations\",\"alternateName\":\"Trusted Translations, Inc.\",\"url\":\"https:\\\/\\\/www.trustedtranslations.com\\\/es\\\/\",\"logo\":{\"@type\":\"ImageObject\",\"inLanguage\":\"es\",\"@id\":\"https:\\\/\\\/www.trustedtranslations.com\\\/es\\\/#\\\/schema\\\/logo\\\/image\\\/\",\"url\":\"https:\\\/\\\/static.trustedtranslations.com\\\/wp-content\\\/uploads\\\/2022\\\/01\\\/TT_logo_WSIColors-2.png\",\"contentUrl\":\"https:\\\/\\\/static.trustedtranslations.com\\\/wp-content\\\/uploads\\\/2022\\\/01\\\/TT_logo_WSIColors-2.png\",\"width\":500,\"height\":196,\"caption\":\"Trusted Translations\"},\"image\":{\"@id\":\"https:\\\/\\\/www.trustedtranslations.com\\\/es\\\/#\\\/schema\\\/logo\\\/image\\\/\"},\"sameAs\":[\"https:\\\/\\\/www.facebook.com\\\/Trusted.Translations\",\"https:\\\/\\\/x.com\\\/TrustedT9ns\",\"https:\\\/\\\/www.linkedin.com\\\/company\\\/trusted-translations\"]}]}<\/script>\n<!-- \/ Yoast SEO plugin. -->","yoast_head_json":{"title":"Servicios de Traducci\u00f3n de QuarkXPress: Trusted Translations, Inc.","description":"Trusted Translations es la soluci\u00f3n para todos sus proyectos de traducci\u00f3n de QuarkXPress; desde folletos de una sola p\u00e1gina, hasta peri\u00f3dicos, revistas y cat\u00e1logos, entre otros.","robots":{"index":"index","follow":"follow","max-snippet":"max-snippet:-1","max-image-preview":"max-image-preview:large","max-video-preview":"max-video-preview:-1"},"canonical":"https:\/\/www.trustedtranslations.com\/es\/servicios\/formatos-de-archivos\/quarkxpress","og_locale":"es_ES","og_type":"article","og_title":"Servicios de Traducci\u00f3n de QuarkXPress: Trusted Translations, Inc.","og_description":"Trusted Translations es la soluci\u00f3n para todos sus proyectos de traducci\u00f3n de QuarkXPress; desde folletos de una sola p\u00e1gina, hasta peri\u00f3dicos, revistas y cat\u00e1logos, entre otros.","og_url":"https:\/\/www.trustedtranslations.com\/es\/servicios\/formatos-de-archivos\/quarkxpress","og_site_name":"Trusted Translations","article_publisher":"https:\/\/www.facebook.com\/Trusted.Translations","article_modified_time":"2024-09-03T14:32:19+00:00","og_image":[{"width":151,"height":151,"url":"https:\/\/static.trustedtranslations.com\/wp-content\/uploads\/2024\/02\/tt-icon_QuarkXPress-Translation-.webp","type":"image\/webp"}],"twitter_card":"summary_large_image","twitter_site":"@TrustedT9ns","schema":{"@context":"https:\/\/schema.org","@graph":[{"@type":"WebPage","@id":"https:\/\/www.trustedtranslations.com\/es\/servicios\/formatos-de-archivos\/quarkxpress","url":"https:\/\/www.trustedtranslations.com\/es\/servicios\/formatos-de-archivos\/quarkxpress","name":"Servicios de Traducci\u00f3n de QuarkXPress: Trusted Translations, Inc.","isPartOf":{"@id":"https:\/\/www.trustedtranslations.com\/es\/#website"},"primaryImageOfPage":{"@id":"https:\/\/www.trustedtranslations.com\/es\/servicios\/formatos-de-archivos\/quarkxpress#primaryimage"},"image":{"@id":"https:\/\/www.trustedtranslations.com\/es\/servicios\/formatos-de-archivos\/quarkxpress#primaryimage"},"thumbnailUrl":"https:\/\/www.trustedtranslations.com\/wp-content\/uploads\/2024\/02\/tt-icon_QuarkXPress-Translation-.webp","description":"Trusted Translations es la soluci\u00f3n para todos sus proyectos de traducci\u00f3n de QuarkXPress; desde folletos de una sola p\u00e1gina, hasta peri\u00f3dicos, revistas y cat\u00e1logos, entre otros.","breadcrumb":{"@id":"https:\/\/www.trustedtranslations.com\/es\/servicios\/formatos-de-archivos\/quarkxpress#breadcrumb"},"inLanguage":"es","potentialAction":[{"@type":"ReadAction","target":["https:\/\/www.trustedtranslations.com\/es\/servicios\/formatos-de-archivos\/quarkxpress"]}]},{"@type":"ImageObject","inLanguage":"es","@id":"https:\/\/www.trustedtranslations.com\/es\/servicios\/formatos-de-archivos\/quarkxpress#primaryimage","url":"https:\/\/www.trustedtranslations.com\/wp-content\/uploads\/2024\/02\/tt-icon_QuarkXPress-Translation-.webp","contentUrl":"https:\/\/www.trustedtranslations.com\/wp-content\/uploads\/2024\/02\/tt-icon_QuarkXPress-Translation-.webp","width":151,"height":151,"caption":"tt icon QuarkXPress Translation"},{"@type":"BreadcrumbList","@id":"https:\/\/www.trustedtranslations.com\/es\/servicios\/formatos-de-archivos\/quarkxpress#breadcrumb","itemListElement":[{"@type":"ListItem","position":1,"name":"Home","item":"https:\/\/www.trustedtranslations.com\/es"},{"@type":"ListItem","position":2,"name":"Servicios","item":"https:\/\/www.trustedtranslations.com\/es\/servicios"},{"@type":"ListItem","position":3,"name":"Formatos de Archivo","item":"https:\/\/www.trustedtranslations.com\/es\/servicios\/formatos-de-archivos"},{"@type":"ListItem","position":4,"name":"QuarkXpress"}]},{"@type":"WebSite","@id":"https:\/\/www.trustedtranslations.com\/es\/#website","url":"https:\/\/www.trustedtranslations.com\/es\/","name":"Trusted Translations, Inc.","description":"Leader in translation and interpretation services.","publisher":{"@id":"https:\/\/www.trustedtranslations.com\/es\/#organization"},"alternateName":"Trusted Translations","potentialAction":[{"@type":"SearchAction","target":{"@type":"EntryPoint","urlTemplate":"https:\/\/www.trustedtranslations.com\/es\/?s={search_term_string}"},"query-input":{"@type":"PropertyValueSpecification","valueRequired":true,"valueName":"search_term_string"}}],"inLanguage":"es"},{"@type":"Organization","@id":"https:\/\/www.trustedtranslations.com\/es\/#organization","name":"Trusted Translations","alternateName":"Trusted Translations, Inc.","url":"https:\/\/www.trustedtranslations.com\/es\/","logo":{"@type":"ImageObject","inLanguage":"es","@id":"https:\/\/www.trustedtranslations.com\/es\/#\/schema\/logo\/image\/","url":"https:\/\/static.trustedtranslations.com\/wp-content\/uploads\/2022\/01\/TT_logo_WSIColors-2.png","contentUrl":"https:\/\/static.trustedtranslations.com\/wp-content\/uploads\/2022\/01\/TT_logo_WSIColors-2.png","width":500,"height":196,"caption":"Trusted Translations"},"image":{"@id":"https:\/\/www.trustedtranslations.com\/es\/#\/schema\/logo\/image\/"},"sameAs":["https:\/\/www.facebook.com\/Trusted.Translations","https:\/\/x.com\/TrustedT9ns","https:\/\/www.linkedin.com\/company\/trusted-translations"]}]}},"toolset-meta":{"dyk":{"mensaje-1":{"type":"textfield","raw":""},"mensaje-2":{"type":"textfield","raw":"Nuestros traductores especializados en cada industria ofrecen las traducciones de QuarkXPress m\u00e1s precisas."},"mensaje-3":{"type":"textfield","raw":""},"mensaje-4":{"type":"textfield","raw":"Traduciremos sus creaciones en QuarkXPress de y a m\u00e1s de 200 idiomas."},"mensaje-5":{"type":"textfield","raw":""},"mensaje-6":{"type":"textfield","raw":""}},"single-page-template-fields":{"imgs-temp":{"type":"image","raw":["https:\/\/static.trustedtranslations.com\/wp-content\/uploads\/2024\/06\/Group-63-1.webp"],"repeatable":[{"raw":"https:\/\/static.trustedtranslations.com\/wp-content\/uploads\/2024\/06\/Group-63-1.webp"}]},"imgs-temp-cel":{"type":"image","raw":[""],"repeatable":[{"raw":""}]},"img-temp-one-cel":{"type":"image","raw":"https:\/\/static.trustedtranslations.com\/wp-content\/uploads\/2024\/03\/AdobeStock_385542563-2-1.webp","attachment_id":null},"quotes":{"type":"textarea","raw":"<h1 style=\"margin-bottom: 12px;\">Servicios de traducci\u00f3n de QuarkXPress<\/h1>\r\n<em>Trusted Translations<\/em> es la soluci\u00f3n integral para todas sus necesidades de traducci\u00f3n de QuarkXPress. Para todo lo que desee traducir, desde folletos de una sola p\u00e1gina hasta peri\u00f3dicos, revistas y cat\u00e1logos, el equipo de expertos de <em>Trusted Translations<\/em> le proporcionar\u00e1 las traducciones m\u00e1s precisas de QuarkXPress, h\u00e1bilmente dise\u00f1adas.\r\n<div style=\"margin-top: 2.5vw;\"><a class=\"tt-btn-main-cta\" href=\"\/es\/presupuesto-sin-cargo\/\">SOLICITE UN PRESUPUESTO SIN CARGO<\/a><\/div>"},"text-1":{"type":"textarea","raw":"<h2>Traducci\u00f3n de Expertos y Formateado de Documentos de QuarkXPress<\/h2>\r\nEn <em><em>Trusted Translations<\/em><\/em> no solo proporcionamos las traducciones m\u00e1s profesionales y precisas de la industria, sino que tambi\u00e9n entregamos la traducci\u00f3n final en el mismo formato que el documento original. Esto elimina la molestia de encontrar y contratar una empresa de dise\u00f1o independiente para reformatear sus im\u00e1genes. Adem\u00e1s, le permite utilizar de inmediato el documento traducido.\r\n<h2>Proceso de traducci\u00f3n de QuarkXPress<\/h2>\r\nSeguimos varios pasos al traducir un documento de QuarkXPress para asegurarnos de que el resultado sea de la m\u00e1s alta calidad. Al recibir el documento, nuestro equipo experto en dise\u00f1o gr\u00e1fico extrae todo el texto traducible. Esto permite a nuestros traductores trabajar con nuestras herramientas de traducci\u00f3n asistida por computadora (CAT Tools), que a su vez producir\u00e1n una traducci\u00f3n m\u00e1s precisa. Nuestros traductores espec\u00edficos de la industria se asegurar\u00e1n de que reciba una traducci\u00f3n especializada para todas sus creaciones de QuarkXPress, para que pueda llegar a su p\u00fablico objetivo. Posteriormente, el documento se somete a una etapa final de dise\u00f1o gr\u00e1fico para reajustar el formato y el dise\u00f1o con el texto reci\u00e9n traducido. Nuestro equipo de expertos traducir\u00e1 todo lo necesario, tanto folletos como peri\u00f3dicos, revistas o cat\u00e1logos, solo por nombrar algunos. Esto le permitir\u00e1 llegar a un p\u00fablico m\u00e1s amplio. Incluso los documentos con gr\u00e1ficos pesados y un dise\u00f1o complejo se le entregar\u00e1n dise\u00f1ados y listos para su uso inmediato."},"shortcode-map":{"type":"textfield","raw":""},"dyk-shortcode":{"type":"textfield","raw":"[elementor-template id=\"139368\"]"},"text-2":{"type":"textarea","raw":"<h2>Trabajar con diferentes versiones de QuarkXpress<\/h2>\r\nEl historial de versiones de QuarkXPress es tan extenso como el de cualquier otro programa de software establecido. Esto significa que hay bastantes versiones que podemos encontrar para las necesidades de traducci\u00f3n de nuestros clientes. Muchas versiones anteriores no son compatibles con las herramientas de traducci\u00f3n asistida por computadora (CAT Tools) y requieren algunos pasos adicionales de pretraducci\u00f3n. Las versiones m\u00e1s modernas son compatibles con nuestras CAT Tools y est\u00e1n inmediatamente listas para la traducci\u00f3n. En <em><em>Trusted Translations<\/em><\/em> contamos con las herramientas y la experiencia necesarias para trabajar con cualquier versi\u00f3n de QuarkXPress que nos env\u00eden nuestros clientes. Nuestro equipo de dise\u00f1o gr\u00e1fico asumir\u00e1 los desaf\u00edos de sus creaciones de QuarkXPress y lograr\u00e1 que sean lo m\u00e1s parecidas posible al original, entregando, a la vez, la misma versi\u00f3n de QuarkXPress que el documento de origen.\r\n<h2>Conversi\u00f3n de QuarkXpress a InDesign para idiomas no compatibles<\/h2>\r\nEn su versi\u00f3n m\u00e1s reciente, QuarkXPress es compatible con unos 36 idiomas, sin incluir el ingl\u00e9s. Aunque 36 puede parecer un n\u00famero considerable, <em><em>Trusted Translations<\/em><\/em> trabaja con m\u00e1s de 200 idiomas. Entonces, \u00bfqu\u00e9 sucede cuando recibimos un documento que debe traducirse a un idioma que no es compatible con QuarkXPress, como el suajili, el uzbeko o el am\u00e1rico? Ah\u00ed es donde entra en juego nuestro equipo de expertos en dise\u00f1o gr\u00e1fico. Nuestro equipo de dise\u00f1o gr\u00e1fico (DTP) recrear\u00e1 su documento QuarkXPress en un formato InDesign que nos permite trabajar con una gama m\u00e1s amplia de opciones de idioma, ayud\u00e1ndolo as\u00ed a llegar a su p\u00fablico objetivo. En caso de que el idioma que desea traducir no sea compatible con QuarkXPress y deba convertirse a InDesign, recibir\u00e1 un documento de InDesign que tendr\u00e1 el mayor parecido posible al original. Nuestro equipo experto de DTP formatear\u00e1 el documento de manera que no pierda ninguna de sus caracter\u00edsticas originales."},"state":{"type":"textfield","raw":""},"city":{"type":"textarea","raw":[]}}},"_links":{"self":[{"href":"https:\/\/www.trustedtranslations.com\/es\/wp-json\/wp\/v2\/pages\/126904","targetHints":{"allow":["GET"]}}],"collection":[{"href":"https:\/\/www.trustedtranslations.com\/es\/wp-json\/wp\/v2\/pages"}],"about":[{"href":"https:\/\/www.trustedtranslations.com\/es\/wp-json\/wp\/v2\/types\/page"}],"author":[{"embeddable":true,"href":"https:\/\/www.trustedtranslations.com\/es\/wp-json\/wp\/v2\/users\/1"}],"replies":[{"embeddable":true,"href":"https:\/\/www.trustedtranslations.com\/es\/wp-json\/wp\/v2\/comments?post=126904"}],"version-history":[{"count":0,"href":"https:\/\/www.trustedtranslations.com\/es\/wp-json\/wp\/v2\/pages\/126904\/revisions"}],"up":[{"embeddable":true,"href":"https:\/\/www.trustedtranslations.com\/es\/wp-json\/wp\/v2\/pages\/127688"}],"wp:featuredmedia":[{"embeddable":true,"href":"https:\/\/www.trustedtranslations.com\/es\/wp-json\/wp\/v2\/media\/238294"}],"wp:attachment":[{"href":"https:\/\/www.trustedtranslations.com\/es\/wp-json\/wp\/v2\/media?parent=126904"}],"curies":[{"name":"wp","href":"https:\/\/api.w.org\/{rel}","templated":true}]}}