{"id":126906,"date":"2019-03-29T11:13:10","date_gmt":"2019-03-29T11:13:10","guid":{"rendered":"https:\/\/www.trustedtranslations.com\/?page_id=126906"},"modified":"2024-09-06T12:46:14","modified_gmt":"2024-09-06T15:46:14","slug":"powerpoint","status":"publish","type":"page","link":"https:\/\/www.trustedtranslations.com\/es\/servicios\/formatos-de-archivos\/powerpoint","title":{"rendered":"Microsoft PowerPoint"},"content":{"rendered":"","protected":false},"excerpt":{"rendered":"","protected":false},"author":1,"featured_media":238101,"parent":127688,"menu_order":5,"comment_status":"closed","ping_status":"closed","template":"","meta":{"site-sidebar-layout":"default","site-content-layout":"default","ast-site-content-layout":"default","site-content-style":"default","site-sidebar-style":"default","ast-global-header-display":"","ast-banner-title-visibility":"","ast-main-header-display":"","ast-hfb-above-header-display":"","ast-hfb-below-header-display":"","ast-hfb-mobile-header-display":"","site-post-title":"disabled","ast-breadcrumbs-content":"","ast-featured-img":"","footer-sml-layout":"","ast-disable-related-posts":"","theme-transparent-header-meta":"default","adv-header-id-meta":"","stick-header-meta":"","header-above-stick-meta":"","header-main-stick-meta":"","header-below-stick-meta":"","astra-migrate-meta-layouts":"set","ast-page-background-enabled":"default","ast-page-background-meta":{"desktop":{"background-color":"var(--ast-global-color-4)","background-image":"","background-repeat":"repeat","background-position":"center center","background-size":"auto","background-attachment":"scroll","background-type":"","background-media":"","overlay-type":"","overlay-color":"","overlay-opacity":"","overlay-gradient":""},"tablet":{"background-color":"","background-image":"","background-repeat":"repeat","background-position":"center center","background-size":"auto","background-attachment":"scroll","background-type":"","background-media":"","overlay-type":"","overlay-color":"","overlay-opacity":"","overlay-gradient":""},"mobile":{"background-color":"","background-image":"","background-repeat":"repeat","background-position":"center center","background-size":"auto","background-attachment":"scroll","background-type":"","background-media":"","overlay-type":"","overlay-color":"","overlay-opacity":"","overlay-gradient":""}},"ast-content-background-meta":{"desktop":{"background-color":"var(--ast-global-color-5)","background-image":"","background-repeat":"repeat","background-position":"center center","background-size":"auto","background-attachment":"scroll","background-type":"","background-media":"","overlay-type":"","overlay-color":"","overlay-opacity":"","overlay-gradient":""},"tablet":{"background-color":"var(--ast-global-color-5)","background-image":"","background-repeat":"repeat","background-position":"center center","background-size":"auto","background-attachment":"scroll","background-type":"","background-media":"","overlay-type":"","overlay-color":"","overlay-opacity":"","overlay-gradient":""},"mobile":{"background-color":"var(--ast-global-color-5)","background-image":"","background-repeat":"repeat","background-position":"center center","background-size":"auto","background-attachment":"scroll","background-type":"","background-media":"","overlay-type":"","overlay-color":"","overlay-opacity":"","overlay-gradient":""}},"footnotes":""},"class_list":["post-126906","page","type-page","status-publish","has-post-thumbnail","hentry"],"yoast_head":"<!-- This site is optimized with the Yoast SEO plugin v27.3 - https:\/\/yoast.com\/product\/yoast-seo-wordpress\/ -->\n<title>Servicios de Traducciones de PowerPoint: Trusted Translations, Inc.<\/title>\n<meta name=\"description\" content=\"Elija Trusted Translations para obtener traducciones de PowerPoint precisas y oportunas realizadas por expertos nativos. Solicite un presupuesto sin cargo hoy mismo.\" \/>\n<meta name=\"robots\" content=\"index, follow, max-snippet:-1, max-image-preview:large, max-video-preview:-1\" \/>\n<link rel=\"canonical\" href=\"https:\/\/www.trustedtranslations.com\/es\/servicios\/formatos-de-archivos\/powerpoint\" \/>\n<meta property=\"og:locale\" content=\"es_ES\" \/>\n<meta property=\"og:type\" content=\"article\" \/>\n<meta property=\"og:title\" content=\"Servicios de Traducciones de PowerPoint: Trusted Translations, Inc.\" \/>\n<meta property=\"og:description\" content=\"Elija Trusted Translations para obtener traducciones de PowerPoint precisas y oportunas realizadas por expertos nativos. Solicite un presupuesto sin cargo hoy mismo.\" \/>\n<meta property=\"og:url\" content=\"https:\/\/www.trustedtranslations.com\/es\/servicios\/formatos-de-archivos\/powerpoint\" \/>\n<meta property=\"og:site_name\" content=\"Trusted Translations\" \/>\n<meta property=\"article:publisher\" content=\"https:\/\/www.facebook.com\/Trusted.Translations\" \/>\n<meta property=\"article:modified_time\" content=\"2024-09-06T15:46:14+00:00\" \/>\n<meta property=\"og:image\" content=\"https:\/\/static.trustedtranslations.com\/wp-content\/uploads\/2024\/02\/tt-icon_Microsoft-PowerPoint.webp\" \/>\n\t<meta property=\"og:image:width\" content=\"151\" \/>\n\t<meta property=\"og:image:height\" content=\"151\" \/>\n\t<meta property=\"og:image:type\" content=\"image\/webp\" \/>\n<meta name=\"twitter:card\" content=\"summary_large_image\" \/>\n<meta name=\"twitter:site\" content=\"@TrustedT9ns\" \/>\n<script type=\"application\/ld+json\" class=\"yoast-schema-graph\">{\"@context\":\"https:\\\/\\\/schema.org\",\"@graph\":[{\"@type\":\"WebPage\",\"@id\":\"https:\\\/\\\/www.trustedtranslations.com\\\/es\\\/servicios\\\/formatos-de-archivos\\\/powerpoint\",\"url\":\"https:\\\/\\\/www.trustedtranslations.com\\\/es\\\/servicios\\\/formatos-de-archivos\\\/powerpoint\",\"name\":\"Servicios de Traducciones de PowerPoint: Trusted Translations, Inc.\",\"isPartOf\":{\"@id\":\"https:\\\/\\\/www.trustedtranslations.com\\\/es\\\/#website\"},\"primaryImageOfPage\":{\"@id\":\"https:\\\/\\\/www.trustedtranslations.com\\\/es\\\/servicios\\\/formatos-de-archivos\\\/powerpoint#primaryimage\"},\"image\":{\"@id\":\"https:\\\/\\\/www.trustedtranslations.com\\\/es\\\/servicios\\\/formatos-de-archivos\\\/powerpoint#primaryimage\"},\"thumbnailUrl\":\"https:\\\/\\\/www.trustedtranslations.com\\\/wp-content\\\/uploads\\\/2024\\\/02\\\/tt-icon_Microsoft-PowerPoint.webp\",\"description\":\"Elija Trusted Translations para obtener traducciones de PowerPoint precisas y oportunas realizadas por expertos nativos. Solicite un presupuesto sin cargo hoy mismo.\",\"breadcrumb\":{\"@id\":\"https:\\\/\\\/www.trustedtranslations.com\\\/es\\\/servicios\\\/formatos-de-archivos\\\/powerpoint#breadcrumb\"},\"inLanguage\":\"es\",\"potentialAction\":[{\"@type\":\"ReadAction\",\"target\":[\"https:\\\/\\\/www.trustedtranslations.com\\\/es\\\/servicios\\\/formatos-de-archivos\\\/powerpoint\"]}]},{\"@type\":\"ImageObject\",\"inLanguage\":\"es\",\"@id\":\"https:\\\/\\\/www.trustedtranslations.com\\\/es\\\/servicios\\\/formatos-de-archivos\\\/powerpoint#primaryimage\",\"url\":\"https:\\\/\\\/www.trustedtranslations.com\\\/wp-content\\\/uploads\\\/2024\\\/02\\\/tt-icon_Microsoft-PowerPoint.webp\",\"contentUrl\":\"https:\\\/\\\/www.trustedtranslations.com\\\/wp-content\\\/uploads\\\/2024\\\/02\\\/tt-icon_Microsoft-PowerPoint.webp\",\"width\":151,\"height\":151,\"caption\":\"tt icon Microsoft PowerPoint\"},{\"@type\":\"BreadcrumbList\",\"@id\":\"https:\\\/\\\/www.trustedtranslations.com\\\/es\\\/servicios\\\/formatos-de-archivos\\\/powerpoint#breadcrumb\",\"itemListElement\":[{\"@type\":\"ListItem\",\"position\":1,\"name\":\"Home\",\"item\":\"https:\\\/\\\/www.trustedtranslations.com\\\/es\"},{\"@type\":\"ListItem\",\"position\":2,\"name\":\"Servicios\",\"item\":\"https:\\\/\\\/www.trustedtranslations.com\\\/es\\\/servicios\"},{\"@type\":\"ListItem\",\"position\":3,\"name\":\"Formatos de Archivo\",\"item\":\"https:\\\/\\\/www.trustedtranslations.com\\\/es\\\/servicios\\\/formatos-de-archivos\"},{\"@type\":\"ListItem\",\"position\":4,\"name\":\"Microsoft PowerPoint\"}]},{\"@type\":\"WebSite\",\"@id\":\"https:\\\/\\\/www.trustedtranslations.com\\\/es\\\/#website\",\"url\":\"https:\\\/\\\/www.trustedtranslations.com\\\/es\\\/\",\"name\":\"Trusted Translations, Inc.\",\"description\":\"Leader in translation and interpretation services.\",\"publisher\":{\"@id\":\"https:\\\/\\\/www.trustedtranslations.com\\\/es\\\/#organization\"},\"alternateName\":\"Trusted Translations\",\"potentialAction\":[{\"@type\":\"SearchAction\",\"target\":{\"@type\":\"EntryPoint\",\"urlTemplate\":\"https:\\\/\\\/www.trustedtranslations.com\\\/es\\\/?s={search_term_string}\"},\"query-input\":{\"@type\":\"PropertyValueSpecification\",\"valueRequired\":true,\"valueName\":\"search_term_string\"}}],\"inLanguage\":\"es\"},{\"@type\":\"Organization\",\"@id\":\"https:\\\/\\\/www.trustedtranslations.com\\\/es\\\/#organization\",\"name\":\"Trusted Translations\",\"alternateName\":\"Trusted Translations, Inc.\",\"url\":\"https:\\\/\\\/www.trustedtranslations.com\\\/es\\\/\",\"logo\":{\"@type\":\"ImageObject\",\"inLanguage\":\"es\",\"@id\":\"https:\\\/\\\/www.trustedtranslations.com\\\/es\\\/#\\\/schema\\\/logo\\\/image\\\/\",\"url\":\"https:\\\/\\\/static.trustedtranslations.com\\\/wp-content\\\/uploads\\\/2022\\\/01\\\/TT_logo_WSIColors-2.png\",\"contentUrl\":\"https:\\\/\\\/static.trustedtranslations.com\\\/wp-content\\\/uploads\\\/2022\\\/01\\\/TT_logo_WSIColors-2.png\",\"width\":500,\"height\":196,\"caption\":\"Trusted Translations\"},\"image\":{\"@id\":\"https:\\\/\\\/www.trustedtranslations.com\\\/es\\\/#\\\/schema\\\/logo\\\/image\\\/\"},\"sameAs\":[\"https:\\\/\\\/www.facebook.com\\\/Trusted.Translations\",\"https:\\\/\\\/x.com\\\/TrustedT9ns\",\"https:\\\/\\\/www.linkedin.com\\\/company\\\/trusted-translations\"]}]}<\/script>\n<!-- \/ Yoast SEO plugin. -->","yoast_head_json":{"title":"Servicios de Traducciones de PowerPoint: Trusted Translations, Inc.","description":"Elija Trusted Translations para obtener traducciones de PowerPoint precisas y oportunas realizadas por expertos nativos. Solicite un presupuesto sin cargo hoy mismo.","robots":{"index":"index","follow":"follow","max-snippet":"max-snippet:-1","max-image-preview":"max-image-preview:large","max-video-preview":"max-video-preview:-1"},"canonical":"https:\/\/www.trustedtranslations.com\/es\/servicios\/formatos-de-archivos\/powerpoint","og_locale":"es_ES","og_type":"article","og_title":"Servicios de Traducciones de PowerPoint: Trusted Translations, Inc.","og_description":"Elija Trusted Translations para obtener traducciones de PowerPoint precisas y oportunas realizadas por expertos nativos. Solicite un presupuesto sin cargo hoy mismo.","og_url":"https:\/\/www.trustedtranslations.com\/es\/servicios\/formatos-de-archivos\/powerpoint","og_site_name":"Trusted Translations","article_publisher":"https:\/\/www.facebook.com\/Trusted.Translations","article_modified_time":"2024-09-06T15:46:14+00:00","og_image":[{"width":151,"height":151,"url":"https:\/\/static.trustedtranslations.com\/wp-content\/uploads\/2024\/02\/tt-icon_Microsoft-PowerPoint.webp","type":"image\/webp"}],"twitter_card":"summary_large_image","twitter_site":"@TrustedT9ns","schema":{"@context":"https:\/\/schema.org","@graph":[{"@type":"WebPage","@id":"https:\/\/www.trustedtranslations.com\/es\/servicios\/formatos-de-archivos\/powerpoint","url":"https:\/\/www.trustedtranslations.com\/es\/servicios\/formatos-de-archivos\/powerpoint","name":"Servicios de Traducciones de PowerPoint: Trusted Translations, Inc.","isPartOf":{"@id":"https:\/\/www.trustedtranslations.com\/es\/#website"},"primaryImageOfPage":{"@id":"https:\/\/www.trustedtranslations.com\/es\/servicios\/formatos-de-archivos\/powerpoint#primaryimage"},"image":{"@id":"https:\/\/www.trustedtranslations.com\/es\/servicios\/formatos-de-archivos\/powerpoint#primaryimage"},"thumbnailUrl":"https:\/\/www.trustedtranslations.com\/wp-content\/uploads\/2024\/02\/tt-icon_Microsoft-PowerPoint.webp","description":"Elija Trusted Translations para obtener traducciones de PowerPoint precisas y oportunas realizadas por expertos nativos. Solicite un presupuesto sin cargo hoy mismo.","breadcrumb":{"@id":"https:\/\/www.trustedtranslations.com\/es\/servicios\/formatos-de-archivos\/powerpoint#breadcrumb"},"inLanguage":"es","potentialAction":[{"@type":"ReadAction","target":["https:\/\/www.trustedtranslations.com\/es\/servicios\/formatos-de-archivos\/powerpoint"]}]},{"@type":"ImageObject","inLanguage":"es","@id":"https:\/\/www.trustedtranslations.com\/es\/servicios\/formatos-de-archivos\/powerpoint#primaryimage","url":"https:\/\/www.trustedtranslations.com\/wp-content\/uploads\/2024\/02\/tt-icon_Microsoft-PowerPoint.webp","contentUrl":"https:\/\/www.trustedtranslations.com\/wp-content\/uploads\/2024\/02\/tt-icon_Microsoft-PowerPoint.webp","width":151,"height":151,"caption":"tt icon Microsoft PowerPoint"},{"@type":"BreadcrumbList","@id":"https:\/\/www.trustedtranslations.com\/es\/servicios\/formatos-de-archivos\/powerpoint#breadcrumb","itemListElement":[{"@type":"ListItem","position":1,"name":"Home","item":"https:\/\/www.trustedtranslations.com\/es"},{"@type":"ListItem","position":2,"name":"Servicios","item":"https:\/\/www.trustedtranslations.com\/es\/servicios"},{"@type":"ListItem","position":3,"name":"Formatos de Archivo","item":"https:\/\/www.trustedtranslations.com\/es\/servicios\/formatos-de-archivos"},{"@type":"ListItem","position":4,"name":"Microsoft PowerPoint"}]},{"@type":"WebSite","@id":"https:\/\/www.trustedtranslations.com\/es\/#website","url":"https:\/\/www.trustedtranslations.com\/es\/","name":"Trusted Translations, Inc.","description":"Leader in translation and interpretation services.","publisher":{"@id":"https:\/\/www.trustedtranslations.com\/es\/#organization"},"alternateName":"Trusted Translations","potentialAction":[{"@type":"SearchAction","target":{"@type":"EntryPoint","urlTemplate":"https:\/\/www.trustedtranslations.com\/es\/?s={search_term_string}"},"query-input":{"@type":"PropertyValueSpecification","valueRequired":true,"valueName":"search_term_string"}}],"inLanguage":"es"},{"@type":"Organization","@id":"https:\/\/www.trustedtranslations.com\/es\/#organization","name":"Trusted Translations","alternateName":"Trusted Translations, Inc.","url":"https:\/\/www.trustedtranslations.com\/es\/","logo":{"@type":"ImageObject","inLanguage":"es","@id":"https:\/\/www.trustedtranslations.com\/es\/#\/schema\/logo\/image\/","url":"https:\/\/static.trustedtranslations.com\/wp-content\/uploads\/2022\/01\/TT_logo_WSIColors-2.png","contentUrl":"https:\/\/static.trustedtranslations.com\/wp-content\/uploads\/2022\/01\/TT_logo_WSIColors-2.png","width":500,"height":196,"caption":"Trusted Translations"},"image":{"@id":"https:\/\/www.trustedtranslations.com\/es\/#\/schema\/logo\/image\/"},"sameAs":["https:\/\/www.facebook.com\/Trusted.Translations","https:\/\/x.com\/TrustedT9ns","https:\/\/www.linkedin.com\/company\/trusted-translations"]}]}},"toolset-meta":{"dyk":{"mensaje-1":{"type":"textfield","raw":""},"mensaje-2":{"type":"textfield","raw":"Proporcionamos presentaciones de PowerPoint multiling\u00fces en m\u00e1s de 200 idiomas."},"mensaje-3":{"type":"textfield","raw":""},"mensaje-4":{"type":"textfield","raw":""},"mensaje-5":{"type":"textfield","raw":""},"mensaje-6":{"type":"textfield","raw":""}},"single-page-template-fields":{"imgs-temp":{"type":"image","raw":["https:\/\/static.trustedtranslations.com\/wp-content\/uploads\/2024\/06\/powerpoint-1.webp"],"repeatable":[{"raw":"https:\/\/static.trustedtranslations.com\/wp-content\/uploads\/2024\/06\/powerpoint-1.webp"}]},"imgs-temp-cel":{"type":"image","raw":[""],"repeatable":[{"raw":""}]},"img-temp-one-cel":{"type":"image","raw":"https:\/\/static.trustedtranslations.com\/wp-content\/uploads\/2024\/06\/ppt-1.webp","attachment_id":null},"quotes":{"type":"textarea","raw":"<h1 style=\"margin-bottom: 12px;\">\u00a0Servicios de Traducci\u00f3n de Archivos de Microsoft PowerPoint<\/h1>\r\nCuando se trata de presentaciones profesionales, PowerPoint ha sido durante mucho tiempo uno de los programas m\u00e1s utilizados y con mayor impacto que existen. La creciente incorporaci\u00f3n de m\u00e1s medios y elementos integrados en las presentaciones puede tornar bastante compleja su traducci\u00f3n.<em><em>Trusted Translations<\/em><\/em> tiene una vasta experiencia en este popular formato y le proporcionar\u00e1 un archivo de PowerPoint traducido que coincida con el formato y la funcionalidad del documento original.\r\n<div style=\"margin-top: 2.5vw;\"><a class=\"tt-btn-main-cta\" href=\"\/es\/presupuesto-sin-cargo\">SOLICITE UN PRESUPUESTO SIN CARGO<\/a><\/div>"},"text-1":{"type":"textarea","raw":"<h2>Especificaciones sobre la Traducci\u00f3n de Archivos de PowerPoint<\/h2>\r\nLos archivos en formato PowerPoint han incorporado con el tiempo dise\u00f1os y elementos multimedia m\u00e1s elaborados. Por lo tanto, hay que tener en cuenta muchos otros factores \u2014adem\u00e1s del texto del documento\u2014, como im\u00e1genes incrustadas, cuadros de texto con tama\u00f1os espec\u00edficos, tablas de Excel y notas personales al pie de cada diapositiva que no aparecen en la presentaci\u00f3n final.\r\nEn Trusted Translations, tenemos en cuenta todos esos detalles al traducir documentos de PowerPoint, y nos aseguraremos de que el producto final que reciba est\u00e9 ordenado, claro y coherente con el dise\u00f1o del documento de origen.\r\n<h2>Dise\u00f1o Gr\u00e1fico (DTP) para Presentaciones de PowerPoint<\/h2>\r\n<img class=\"wp-image-134419 alignleft\" src=\"https:\/\/static.trustedtranslations.com\/wp-content\/uploads\/2022\/03\/ppt-1-300x200.jpg\" alt=\"\" width=\"500\" height=\"333\" \/>\r\n\r\nUna presentaci\u00f3n de PowerPoint es un documento que se crea con la intenci\u00f3n de que tenga mucho contenido visual, y que puede variar considerablemente en funci\u00f3n de su dise\u00f1o y de la posici\u00f3n y el tama\u00f1o del texto. Los archivos de PowerPoint traducidos casi siempre requieren dise\u00f1o gr\u00e1fico, que es un proceso en el que se modifica el dise\u00f1o para adaptarlo al texto traducido. Por ejemplo, un texto traducido del ingl\u00e9s al espa\u00f1ol contiene normalmente un 20 % m\u00e1s de palabras para transmitir el mismo mensaje. Es posible que este texto \u201campliado\u201d no se ajuste tan bien como el original al cuadro de texto. El equipo interno de expertos en dise\u00f1o gr\u00e1fico de <em><em><em>Trusted Translations<\/em><\/em><\/em> se asegurar\u00e1 de que el texto de destino se ajuste al cuadro de texto de una manera natural y organizada.\r\n\r\nNuestro equipo de dise\u00f1o gr\u00e1fico tambi\u00e9n se asegurar\u00e1 de que todas las im\u00e1genes incrustadas permanezcan intactas y encajen dentro del marco de las diapositivas de PowerPoint, junto con cualquier otro contenido. Incluso ir\u00e1 m\u00e1s all\u00e1 y traducir\u00e1 todo el texto contenido en las im\u00e1genes incrustadas y acomodar\u00e1 el dise\u00f1o para que parezcan las im\u00e1genes originales. Este trabajo extra le ahorrar\u00e1 tiempo, ya que nuestro resultado ser\u00e1 un producto final listo para presentar."},"shortcode-map":{"type":"textfield","raw":""},"dyk-shortcode":{"type":"textfield","raw":"[elementor-template id=\"139368\"]"},"text-2":{"type":"textarea","raw":"<h2>Traducci\u00f3n de un Archivo de PowerPoint para un P\u00fablico Espec\u00edfico<\/h2>\r\n<img class=\"wp-image-134431 alignright\" src=\"https:\/\/static.trustedtranslations.com\/wp-content\/uploads\/2022\/03\/ppt-300x200.jpg\" alt=\"\" width=\"500\" height=\"334\" \/>\r\n\r\nEn <em><em><em><em>Trusted Translations<\/em><\/em><\/em><\/em>, entendemos la importancia de conocer a su p\u00fablico y de adaptar sus servicios para dar cuenta de las diferencias en mercados particulares. Por eso ofrecemos las presentaciones de PowerPoint traducidas con mayor precisi\u00f3n y, adem\u00e1s, adaptadas a p\u00fablicos espec\u00edficos. Trabajamos con traductores que no solo son expertos en industrias espec\u00edficas, sino que tambi\u00e9n son especialistas en traducciones localizadas.\r\n\r\nCuando solicite una traducci\u00f3n espec\u00edfica para un determinado p\u00fablico, <em><em><em><em>Trusted Translations<\/em><\/em><\/em><\/em> le proporcionar\u00e1 la traducci\u00f3n de presentaciones de PowerPoint de m\u00e1xima calidad de la industria. Cuando contrate a <em><em><em><em>Trusted Translations<\/em><\/em><\/em><\/em> para traducir una presentaci\u00f3n de PowerPoint, no solo recibir\u00e1 una traducci\u00f3n profesional de la m\u00e1s alta calidad, sino tambi\u00e9n un producto final que tendr\u00e1 un dise\u00f1o coherente con el original y estar\u00e1 listo para usar de inmediato."},"state":{"type":"textfield","raw":""},"city":{"type":"textarea","raw":[]}}},"_links":{"self":[{"href":"https:\/\/www.trustedtranslations.com\/es\/wp-json\/wp\/v2\/pages\/126906","targetHints":{"allow":["GET"]}}],"collection":[{"href":"https:\/\/www.trustedtranslations.com\/es\/wp-json\/wp\/v2\/pages"}],"about":[{"href":"https:\/\/www.trustedtranslations.com\/es\/wp-json\/wp\/v2\/types\/page"}],"author":[{"embeddable":true,"href":"https:\/\/www.trustedtranslations.com\/es\/wp-json\/wp\/v2\/users\/1"}],"replies":[{"embeddable":true,"href":"https:\/\/www.trustedtranslations.com\/es\/wp-json\/wp\/v2\/comments?post=126906"}],"version-history":[{"count":0,"href":"https:\/\/www.trustedtranslations.com\/es\/wp-json\/wp\/v2\/pages\/126906\/revisions"}],"up":[{"embeddable":true,"href":"https:\/\/www.trustedtranslations.com\/es\/wp-json\/wp\/v2\/pages\/127688"}],"wp:featuredmedia":[{"embeddable":true,"href":"https:\/\/www.trustedtranslations.com\/es\/wp-json\/wp\/v2\/media\/238101"}],"wp:attachment":[{"href":"https:\/\/www.trustedtranslations.com\/es\/wp-json\/wp\/v2\/media?parent=126906"}],"curies":[{"name":"wp","href":"https:\/\/api.w.org\/{rel}","templated":true}]}}