{"id":126970,"date":"2018-07-10T18:08:26","date_gmt":"2018-07-10T18:08:26","guid":{"rendered":"https:\/\/www.trustedtranslations.com\/?page_id=126970"},"modified":"2025-11-21T11:31:36","modified_gmt":"2025-11-21T14:31:36","slug":"washington-dc","status":"publish","type":"page","link":"https:\/\/www.trustedtranslations.com\/es\/acerca-de-nosotros\/contacto\/washington-dc","title":{"rendered":"Washington D.\u00a0C."},"content":{"rendered":"","protected":false},"excerpt":{"rendered":"","protected":false},"author":1,"featured_media":256794,"parent":126994,"menu_order":0,"comment_status":"closed","ping_status":"closed","template":"","meta":{"site-sidebar-layout":"default","site-content-layout":"default","ast-site-content-layout":"default","site-content-style":"default","site-sidebar-style":"default","ast-global-header-display":"","ast-banner-title-visibility":"","ast-main-header-display":"","ast-hfb-above-header-display":"","ast-hfb-below-header-display":"","ast-hfb-mobile-header-display":"","site-post-title":"disabled","ast-breadcrumbs-content":"","ast-featured-img":"","footer-sml-layout":"","ast-disable-related-posts":"","theme-transparent-header-meta":"default","adv-header-id-meta":"","stick-header-meta":"","header-above-stick-meta":"","header-main-stick-meta":"","header-below-stick-meta":"","astra-migrate-meta-layouts":"set","ast-page-background-enabled":"default","ast-page-background-meta":{"desktop":{"background-color":"var(--ast-global-color-4)","background-image":"","background-repeat":"repeat","background-position":"center center","background-size":"auto","background-attachment":"scroll","background-type":"","background-media":"","overlay-type":"","overlay-color":"","overlay-opacity":"","overlay-gradient":""},"tablet":{"background-color":"","background-image":"","background-repeat":"repeat","background-position":"center center","background-size":"auto","background-attachment":"scroll","background-type":"","background-media":"","overlay-type":"","overlay-color":"","overlay-opacity":"","overlay-gradient":""},"mobile":{"background-color":"","background-image":"","background-repeat":"repeat","background-position":"center center","background-size":"auto","background-attachment":"scroll","background-type":"","background-media":"","overlay-type":"","overlay-color":"","overlay-opacity":"","overlay-gradient":""}},"ast-content-background-meta":{"desktop":{"background-color":"var(--ast-global-color-5)","background-image":"","background-repeat":"repeat","background-position":"center center","background-size":"auto","background-attachment":"scroll","background-type":"","background-media":"","overlay-type":"","overlay-color":"","overlay-opacity":"","overlay-gradient":""},"tablet":{"background-color":"var(--ast-global-color-5)","background-image":"","background-repeat":"repeat","background-position":"center center","background-size":"auto","background-attachment":"scroll","background-type":"","background-media":"","overlay-type":"","overlay-color":"","overlay-opacity":"","overlay-gradient":""},"mobile":{"background-color":"var(--ast-global-color-5)","background-image":"","background-repeat":"repeat","background-position":"center center","background-size":"auto","background-attachment":"scroll","background-type":"","background-media":"","overlay-type":"","overlay-color":"","overlay-opacity":"","overlay-gradient":""}},"footnotes":""},"class_list":["post-126970","page","type-page","status-publish","has-post-thumbnail","hentry"],"yoast_head":"<!-- This site is optimized with the Yoast SEO plugin v27.3 - https:\/\/yoast.com\/product\/yoast-seo-wordpress\/ -->\n<title>Washington D.\u00a0C. Servicios de Traducci\u00f3n, Empresa de Traducci\u00f3n L\u00edder en el Distrito de Columbia<\/title>\n<meta name=\"description\" content=\"Trusted Translations, Inc. Washington D.\u00a0C. (Distrito de Columbia) Servicios de traducci\u00f3n de calidad comprobada a los mejores precios. Haga una consulta o solicite un presupuesto sin cargo. Comun\u00edquese con nosotros hoy.\" \/>\n<meta name=\"robots\" content=\"index, follow, max-snippet:-1, max-image-preview:large, max-video-preview:-1\" \/>\n<link rel=\"canonical\" href=\"https:\/\/www.trustedtranslations.com\/es\/acerca-de-nosotros\/contacto\/washington-dc\" \/>\n<meta property=\"og:locale\" content=\"es_ES\" \/>\n<meta property=\"og:type\" content=\"article\" \/>\n<meta property=\"og:title\" content=\"Washington D.\u00a0C. Servicios de Traducci\u00f3n, Empresa de Traducci\u00f3n L\u00edder en el Distrito de Columbia\" \/>\n<meta property=\"og:description\" content=\"Trusted Translations, Inc. Washington D.\u00a0C. (Distrito de Columbia) Servicios de traducci\u00f3n de calidad comprobada a los mejores precios. Haga una consulta o solicite un presupuesto sin cargo. Comun\u00edquese con nosotros hoy.\" \/>\n<meta property=\"og:url\" content=\"https:\/\/www.trustedtranslations.com\/es\/acerca-de-nosotros\/contacto\/washington-dc\" \/>\n<meta property=\"og:site_name\" content=\"Trusted Translations\" \/>\n<meta property=\"article:publisher\" content=\"https:\/\/www.facebook.com\/Trusted.Translations\" \/>\n<meta property=\"article:modified_time\" content=\"2025-11-21T14:31:36+00:00\" \/>\n<meta property=\"og:image\" content=\"https:\/\/www.trustedtranslations.com\/wp-content\/uploads\/2024\/05\/dc-final-1-1.webp\" \/>\n\t<meta property=\"og:image:width\" content=\"600\" \/>\n\t<meta property=\"og:image:height\" content=\"401\" \/>\n\t<meta property=\"og:image:type\" content=\"image\/webp\" \/>\n<meta name=\"twitter:card\" content=\"summary_large_image\" \/>\n<meta name=\"twitter:site\" content=\"@TrustedT9ns\" \/>\n<script type=\"application\/ld+json\" class=\"yoast-schema-graph\">{\"@context\":\"https:\\\/\\\/schema.org\",\"@graph\":[{\"@type\":\"WebPage\",\"@id\":\"https:\\\/\\\/www.trustedtranslations.com\\\/es\\\/acerca-de-nosotros\\\/contacto\\\/washington-dc\",\"url\":\"https:\\\/\\\/www.trustedtranslations.com\\\/es\\\/acerca-de-nosotros\\\/contacto\\\/washington-dc\",\"name\":\"Washington D.\u00a0C. Servicios de Traducci\u00f3n, Empresa de Traducci\u00f3n L\u00edder en el Distrito de Columbia\",\"isPartOf\":{\"@id\":\"https:\\\/\\\/www.trustedtranslations.com\\\/es\\\/#website\"},\"primaryImageOfPage\":{\"@id\":\"https:\\\/\\\/www.trustedtranslations.com\\\/es\\\/acerca-de-nosotros\\\/contacto\\\/washington-dc#primaryimage\"},\"image\":{\"@id\":\"https:\\\/\\\/www.trustedtranslations.com\\\/es\\\/acerca-de-nosotros\\\/contacto\\\/washington-dc#primaryimage\"},\"thumbnailUrl\":\"https:\\\/\\\/www.trustedtranslations.com\\\/wp-content\\\/uploads\\\/2024\\\/05\\\/dc-final-1-1.webp\",\"description\":\"Trusted Translations, Inc. Washington D.\u00a0C. (Distrito de Columbia) Servicios de traducci\u00f3n de calidad comprobada a los mejores precios. Haga una consulta o solicite un presupuesto sin cargo. Comun\u00edquese con nosotros hoy.\",\"breadcrumb\":{\"@id\":\"https:\\\/\\\/www.trustedtranslations.com\\\/es\\\/acerca-de-nosotros\\\/contacto\\\/washington-dc#breadcrumb\"},\"inLanguage\":\"es\",\"potentialAction\":[{\"@type\":\"ReadAction\",\"target\":[\"https:\\\/\\\/www.trustedtranslations.com\\\/es\\\/acerca-de-nosotros\\\/contacto\\\/washington-dc\"]}]},{\"@type\":\"ImageObject\",\"inLanguage\":\"es\",\"@id\":\"https:\\\/\\\/www.trustedtranslations.com\\\/es\\\/acerca-de-nosotros\\\/contacto\\\/washington-dc#primaryimage\",\"url\":\"https:\\\/\\\/www.trustedtranslations.com\\\/wp-content\\\/uploads\\\/2024\\\/05\\\/dc-final-1-1.webp\",\"contentUrl\":\"https:\\\/\\\/www.trustedtranslations.com\\\/wp-content\\\/uploads\\\/2024\\\/05\\\/dc-final-1-1.webp\",\"width\":600,\"height\":401,\"caption\":\"dc final 1 1\"},{\"@type\":\"BreadcrumbList\",\"@id\":\"https:\\\/\\\/www.trustedtranslations.com\\\/es\\\/acerca-de-nosotros\\\/contacto\\\/washington-dc#breadcrumb\",\"itemListElement\":[{\"@type\":\"ListItem\",\"position\":1,\"name\":\"Home\",\"item\":\"https:\\\/\\\/www.trustedtranslations.com\\\/es\"},{\"@type\":\"ListItem\",\"position\":2,\"name\":\"Acerca de Nosotros\",\"item\":\"https:\\\/\\\/www.trustedtranslations.com\\\/es\\\/acerca-de-nosotros\"},{\"@type\":\"ListItem\",\"position\":3,\"name\":\"Contacto\",\"item\":\"https:\\\/\\\/www.trustedtranslations.com\\\/es\\\/acerca-de-nosotros\\\/contacto\"},{\"@type\":\"ListItem\",\"position\":4,\"name\":\"Washington D.\u00a0C.\"}]},{\"@type\":\"WebSite\",\"@id\":\"https:\\\/\\\/www.trustedtranslations.com\\\/es\\\/#website\",\"url\":\"https:\\\/\\\/www.trustedtranslations.com\\\/es\\\/\",\"name\":\"Trusted Translations, Inc.\",\"description\":\"Leader in translation and interpretation services.\",\"publisher\":{\"@id\":\"https:\\\/\\\/www.trustedtranslations.com\\\/es\\\/#organization\"},\"alternateName\":\"Trusted Translations\",\"potentialAction\":[{\"@type\":\"SearchAction\",\"target\":{\"@type\":\"EntryPoint\",\"urlTemplate\":\"https:\\\/\\\/www.trustedtranslations.com\\\/es\\\/?s={search_term_string}\"},\"query-input\":{\"@type\":\"PropertyValueSpecification\",\"valueRequired\":true,\"valueName\":\"search_term_string\"}}],\"inLanguage\":\"es\"},{\"@type\":\"Organization\",\"@id\":\"https:\\\/\\\/www.trustedtranslations.com\\\/es\\\/#organization\",\"name\":\"Trusted Translations\",\"alternateName\":\"Trusted Translations, Inc.\",\"url\":\"https:\\\/\\\/www.trustedtranslations.com\\\/es\\\/\",\"logo\":{\"@type\":\"ImageObject\",\"inLanguage\":\"es\",\"@id\":\"https:\\\/\\\/www.trustedtranslations.com\\\/es\\\/#\\\/schema\\\/logo\\\/image\\\/\",\"url\":\"https:\\\/\\\/static.trustedtranslations.com\\\/wp-content\\\/uploads\\\/2022\\\/01\\\/TT_logo_WSIColors-2.png\",\"contentUrl\":\"https:\\\/\\\/static.trustedtranslations.com\\\/wp-content\\\/uploads\\\/2022\\\/01\\\/TT_logo_WSIColors-2.png\",\"width\":500,\"height\":196,\"caption\":\"Trusted Translations\"},\"image\":{\"@id\":\"https:\\\/\\\/www.trustedtranslations.com\\\/es\\\/#\\\/schema\\\/logo\\\/image\\\/\"},\"sameAs\":[\"https:\\\/\\\/www.facebook.com\\\/Trusted.Translations\",\"https:\\\/\\\/x.com\\\/TrustedT9ns\",\"https:\\\/\\\/www.linkedin.com\\\/company\\\/trusted-translations\"]}]}<\/script>\n<!-- \/ Yoast SEO plugin. -->","yoast_head_json":{"title":"Washington D.\u00a0C. Servicios de Traducci\u00f3n, Empresa de Traducci\u00f3n L\u00edder en el Distrito de Columbia","description":"Trusted Translations, Inc. Washington D.\u00a0C. (Distrito de Columbia) Servicios de traducci\u00f3n de calidad comprobada a los mejores precios. Haga una consulta o solicite un presupuesto sin cargo. Comun\u00edquese con nosotros hoy.","robots":{"index":"index","follow":"follow","max-snippet":"max-snippet:-1","max-image-preview":"max-image-preview:large","max-video-preview":"max-video-preview:-1"},"canonical":"https:\/\/www.trustedtranslations.com\/es\/acerca-de-nosotros\/contacto\/washington-dc","og_locale":"es_ES","og_type":"article","og_title":"Washington D.\u00a0C. Servicios de Traducci\u00f3n, Empresa de Traducci\u00f3n L\u00edder en el Distrito de Columbia","og_description":"Trusted Translations, Inc. Washington D.\u00a0C. (Distrito de Columbia) Servicios de traducci\u00f3n de calidad comprobada a los mejores precios. Haga una consulta o solicite un presupuesto sin cargo. Comun\u00edquese con nosotros hoy.","og_url":"https:\/\/www.trustedtranslations.com\/es\/acerca-de-nosotros\/contacto\/washington-dc","og_site_name":"Trusted Translations","article_publisher":"https:\/\/www.facebook.com\/Trusted.Translations","article_modified_time":"2025-11-21T14:31:36+00:00","og_image":[{"width":600,"height":401,"url":"https:\/\/www.trustedtranslations.com\/wp-content\/uploads\/2024\/05\/dc-final-1-1.webp","type":"image\/webp"}],"twitter_card":"summary_large_image","twitter_site":"@TrustedT9ns","schema":{"@context":"https:\/\/schema.org","@graph":[{"@type":"WebPage","@id":"https:\/\/www.trustedtranslations.com\/es\/acerca-de-nosotros\/contacto\/washington-dc","url":"https:\/\/www.trustedtranslations.com\/es\/acerca-de-nosotros\/contacto\/washington-dc","name":"Washington D.\u00a0C. Servicios de Traducci\u00f3n, Empresa de Traducci\u00f3n L\u00edder en el Distrito de Columbia","isPartOf":{"@id":"https:\/\/www.trustedtranslations.com\/es\/#website"},"primaryImageOfPage":{"@id":"https:\/\/www.trustedtranslations.com\/es\/acerca-de-nosotros\/contacto\/washington-dc#primaryimage"},"image":{"@id":"https:\/\/www.trustedtranslations.com\/es\/acerca-de-nosotros\/contacto\/washington-dc#primaryimage"},"thumbnailUrl":"https:\/\/www.trustedtranslations.com\/wp-content\/uploads\/2024\/05\/dc-final-1-1.webp","description":"Trusted Translations, Inc. Washington D.\u00a0C. (Distrito de Columbia) Servicios de traducci\u00f3n de calidad comprobada a los mejores precios. Haga una consulta o solicite un presupuesto sin cargo. Comun\u00edquese con nosotros hoy.","breadcrumb":{"@id":"https:\/\/www.trustedtranslations.com\/es\/acerca-de-nosotros\/contacto\/washington-dc#breadcrumb"},"inLanguage":"es","potentialAction":[{"@type":"ReadAction","target":["https:\/\/www.trustedtranslations.com\/es\/acerca-de-nosotros\/contacto\/washington-dc"]}]},{"@type":"ImageObject","inLanguage":"es","@id":"https:\/\/www.trustedtranslations.com\/es\/acerca-de-nosotros\/contacto\/washington-dc#primaryimage","url":"https:\/\/www.trustedtranslations.com\/wp-content\/uploads\/2024\/05\/dc-final-1-1.webp","contentUrl":"https:\/\/www.trustedtranslations.com\/wp-content\/uploads\/2024\/05\/dc-final-1-1.webp","width":600,"height":401,"caption":"dc final 1 1"},{"@type":"BreadcrumbList","@id":"https:\/\/www.trustedtranslations.com\/es\/acerca-de-nosotros\/contacto\/washington-dc#breadcrumb","itemListElement":[{"@type":"ListItem","position":1,"name":"Home","item":"https:\/\/www.trustedtranslations.com\/es"},{"@type":"ListItem","position":2,"name":"Acerca de Nosotros","item":"https:\/\/www.trustedtranslations.com\/es\/acerca-de-nosotros"},{"@type":"ListItem","position":3,"name":"Contacto","item":"https:\/\/www.trustedtranslations.com\/es\/acerca-de-nosotros\/contacto"},{"@type":"ListItem","position":4,"name":"Washington D.\u00a0C."}]},{"@type":"WebSite","@id":"https:\/\/www.trustedtranslations.com\/es\/#website","url":"https:\/\/www.trustedtranslations.com\/es\/","name":"Trusted Translations, Inc.","description":"Leader in translation and interpretation services.","publisher":{"@id":"https:\/\/www.trustedtranslations.com\/es\/#organization"},"alternateName":"Trusted Translations","potentialAction":[{"@type":"SearchAction","target":{"@type":"EntryPoint","urlTemplate":"https:\/\/www.trustedtranslations.com\/es\/?s={search_term_string}"},"query-input":{"@type":"PropertyValueSpecification","valueRequired":true,"valueName":"search_term_string"}}],"inLanguage":"es"},{"@type":"Organization","@id":"https:\/\/www.trustedtranslations.com\/es\/#organization","name":"Trusted Translations","alternateName":"Trusted Translations, Inc.","url":"https:\/\/www.trustedtranslations.com\/es\/","logo":{"@type":"ImageObject","inLanguage":"es","@id":"https:\/\/www.trustedtranslations.com\/es\/#\/schema\/logo\/image\/","url":"https:\/\/static.trustedtranslations.com\/wp-content\/uploads\/2022\/01\/TT_logo_WSIColors-2.png","contentUrl":"https:\/\/static.trustedtranslations.com\/wp-content\/uploads\/2022\/01\/TT_logo_WSIColors-2.png","width":500,"height":196,"caption":"Trusted Translations"},"image":{"@id":"https:\/\/www.trustedtranslations.com\/es\/#\/schema\/logo\/image\/"},"sameAs":["https:\/\/www.facebook.com\/Trusted.Translations","https:\/\/x.com\/TrustedT9ns","https:\/\/www.linkedin.com\/company\/trusted-translations"]}]}},"toolset-meta":{"dyk":{"mensaje-1":{"type":"textfield","raw":"Somos un proveedor de calidad comprobada para los principales organismos federales, estatales y locales en el \u00e1rea del D.\u00a0C."},"mensaje-2":{"type":"textfield","raw":"Trusted Translations se enorgullece de ser socio del Instituto Nacional Democr\u00e1tico."},"mensaje-3":{"type":"textfield","raw":"En el \u00c1rea Metropolitana del D.\u00a0C., se encuentra la sede mundial de Trusted Translations."},"mensaje-4":{"type":"textfield","raw":"Somos socios de las principales organizaciones sin fines de lucro con sede en el D. C., como Animal Welfare Institute."},"mensaje-5":{"type":"textfield","raw":""},"mensaje-6":{"type":"textfield","raw":""}},"single-page-template-fields":{"imgs-temp":{"type":"image","raw":["https:\/\/static.trustedtranslations.com\/wp-content\/uploads\/2024\/05\/dc-final-2.webp"],"repeatable":[{"raw":"https:\/\/static.trustedtranslations.com\/wp-content\/uploads\/2024\/05\/dc-final-2.webp"}]},"imgs-temp-cel":{"type":"image","raw":[""],"repeatable":[{"raw":""}]},"img-temp-one-cel":{"type":"image","raw":"https:\/\/static.trustedtranslations.com\/wp-content\/uploads\/2024\/05\/dc-final-1-1.webp","attachment_id":null},"quotes":{"type":"textarea","raw":"<h1 style=\"margin-bottom:12px\">Servicios de traducci\u00f3n en Washington D. C.<\/h1>\r\n<p>\r\n    <span><i class=\"fa fa-map-pin\"><\/i> 1015 15th Street\r\n        Washington DC, 20005,\r\n        Estados Unidos<\/span>\r\n    <a style=\"color: #2a2a2a; text-decoration: none;\" href=\"tel:+19174709130\"><i class=\"fa fa-phone\"><\/i> +1 (202) 558-6598<\/a>\r\n    <a style=\"color: #2a2a2a; text-decoration: none;\" href=\"mailto:dc@trustedtranslations.com\"><i class=\"fa fa-envelope\"><\/i>dc@trustedtranslations.com<\/a>\r\n<\/p>\r\n<div style=\"margin-top: 2.5vw;\"><a class=\"tt-btn-main-cta\" href=\"#tree-form\">Solicite un presupuesto sin cargo<\/a><\/div>"},"text-1":{"type":"textarea","raw":"<h2>Mapa de la Sucursal de Washington D. C.<\/h2>"},"shortcode-map":{"type":"textfield","raw":"[mostrar_mapa url=\"https:\/\/www.google.com\/maps\/embed?pb=!1m18!1m12!1m3!1d3104.9127428553334!2d-77.03642154881463!3d38.903110654111764!2m3!1f0!2f0!3f0!3m2!1i1024!2i768!4f13.1!3m3!1m2!1s0x89b7b7be32746825%3A0xe08031137a5f48d1!2s1015%2015th%20St%20NW%2C%20Washington%2C%20DC%2020005%2C%20USA!5e0!3m2!1sen!2spy!4v1673906310235!5m2!1sen!2spy\" width=\"600px\" height=\"450px\"]"},"dyk-shortcode":{"type":"textfield","raw":"[elementor-template id=\"139368\"]"},"text-2":{"type":"textarea","raw":"<h2>Servicios de Traducci\u00f3n Profesional en Washington, D. C.<\/h2>\r\n<img class=\"alignright wp-image-140039 size-full\" src=\"https:\/\/www.trustedtranslations.com\/wp-content\/uploads\/2022\/03\/trusted-translations-washington.webp\" alt=\"\" width=\"454\" height=\"340\" \/>\r\n\r\nD. C. es un reconocido centro mundial de <a href=\"https:\/\/www.trustedtranslations.com\/es\/industrias\/gobierno\">gobernanza<\/a> y <a href=\"https:\/\/www.trustedtranslations.com\/es\/industrias\/traduccion-tecnica\">tecnolog\u00eda<\/a>, adem\u00e1s de ser la sede de instituciones <a href=\"https:\/\/www.trustedtranslations.com\/es\/industrias\/finanzas\">financieras<\/a> internacionales, como el Banco Mundial y el FMI. Apoyado en la naturaleza altamente internacional de esta ciudad, <strong><em>Trusted Translations<\/em><\/strong> se fund\u00f3 all\u00ed hace m\u00e1s de veinte a\u00f1os para brindar servicios al gobierno y al sector privado. Nos hemos asociado con clientes como la <a href=\"https:\/\/www.trustedtranslations.com\/es\/industrias\/legal\">American Bar Association<\/a>, el Instituto Nacional Democr\u00e1tico, el Instituto de Bienestar Animal, Sustainalytics, Ironworkers International y el Servicio de Investigaci\u00f3n Agr\u00edcola del USDA, entre otros.\r\n\r\nDado que D. C. se encuentra en el centro del escenario pol\u00edtico mundial y es un destino para millones de turistas internacionales, tener material en <a href=\"https:\/\/www.trustedtranslations.com\/es\/idiomas\/multilingue\">m\u00faltiples idiomas<\/a> es absolutamente esencial para la regi\u00f3n. Nuestra oficina de <strong><em>Trusted Translations<\/em><\/strong> en la ciudad de Washington tiene soporte local disponible para <a href=\"https:\/\/www.trustedtranslations.com\/es\/industrias\/gsa\">clientes del gobierno<\/a> y del sector privado que buscan servicios de traducci\u00f3n multiling\u00fce de alta calidad.\r\n<h2 style=\"margin-bottom:20px\">Acerca de la Ciudad de Washington, D. C.<\/h2>\r\nWashington D.\u00a0C., o solo D.\u00a0C., es la capital de Estados Unidos y el centro federal de la pol\u00edtica interior y exterior. Componen el \u00e1rea metropolitana de Washington el Distrito de Columbia y partes de Maryland, Virginia y Virginia Occidental, con una poblaci\u00f3n total de m\u00e1s de 6 millones de personas, lo que la convierte en una de las 10 ciudades m\u00e1s grandes del pa\u00eds. D. C. es el hogar de muchos organismos del gobierno y organizaciones importantes, tanto nacionales como internacionales, adem\u00e1s de ser un punto focal para la pol\u00edtica mundial y las relaciones internacionales."},"state":{"type":"textfield","raw":""},"city":{"type":"textarea","raw":[""]}}},"_links":{"self":[{"href":"https:\/\/www.trustedtranslations.com\/es\/wp-json\/wp\/v2\/pages\/126970","targetHints":{"allow":["GET"]}}],"collection":[{"href":"https:\/\/www.trustedtranslations.com\/es\/wp-json\/wp\/v2\/pages"}],"about":[{"href":"https:\/\/www.trustedtranslations.com\/es\/wp-json\/wp\/v2\/types\/page"}],"author":[{"embeddable":true,"href":"https:\/\/www.trustedtranslations.com\/es\/wp-json\/wp\/v2\/users\/1"}],"replies":[{"embeddable":true,"href":"https:\/\/www.trustedtranslations.com\/es\/wp-json\/wp\/v2\/comments?post=126970"}],"version-history":[{"count":0,"href":"https:\/\/www.trustedtranslations.com\/es\/wp-json\/wp\/v2\/pages\/126970\/revisions"}],"up":[{"embeddable":true,"href":"https:\/\/www.trustedtranslations.com\/es\/wp-json\/wp\/v2\/pages\/126994"}],"wp:featuredmedia":[{"embeddable":true,"href":"https:\/\/www.trustedtranslations.com\/es\/wp-json\/wp\/v2\/media\/256794"}],"wp:attachment":[{"href":"https:\/\/www.trustedtranslations.com\/es\/wp-json\/wp\/v2\/media?parent=126970"}],"curies":[{"name":"wp","href":"https:\/\/api.w.org\/{rel}","templated":true}]}}