{"id":126976,"date":"2018-07-10T18:08:22","date_gmt":"2018-07-10T18:08:22","guid":{"rendered":"https:\/\/www.trustedtranslations.com\/?page_id=126976"},"modified":"2025-11-21T11:10:46","modified_gmt":"2025-11-21T14:10:46","slug":"miami","status":"publish","type":"page","link":"https:\/\/www.trustedtranslations.com\/es\/acerca-de-nosotros\/contacto\/miami","title":{"rendered":"Miami"},"content":{"rendered":"","protected":false},"excerpt":{"rendered":"","protected":false},"author":1,"featured_media":256701,"parent":126994,"menu_order":0,"comment_status":"closed","ping_status":"closed","template":"","meta":{"site-sidebar-layout":"default","site-content-layout":"default","ast-site-content-layout":"default","site-content-style":"default","site-sidebar-style":"default","ast-global-header-display":"","ast-banner-title-visibility":"","ast-main-header-display":"","ast-hfb-above-header-display":"","ast-hfb-below-header-display":"","ast-hfb-mobile-header-display":"","site-post-title":"disabled","ast-breadcrumbs-content":"","ast-featured-img":"","footer-sml-layout":"","ast-disable-related-posts":"","theme-transparent-header-meta":"default","adv-header-id-meta":"","stick-header-meta":"","header-above-stick-meta":"","header-main-stick-meta":"","header-below-stick-meta":"","astra-migrate-meta-layouts":"set","ast-page-background-enabled":"default","ast-page-background-meta":{"desktop":{"background-color":"var(--ast-global-color-4)","background-image":"","background-repeat":"repeat","background-position":"center center","background-size":"auto","background-attachment":"scroll","background-type":"","background-media":"","overlay-type":"","overlay-color":"","overlay-opacity":"","overlay-gradient":""},"tablet":{"background-color":"","background-image":"","background-repeat":"repeat","background-position":"center center","background-size":"auto","background-attachment":"scroll","background-type":"","background-media":"","overlay-type":"","overlay-color":"","overlay-opacity":"","overlay-gradient":""},"mobile":{"background-color":"","background-image":"","background-repeat":"repeat","background-position":"center center","background-size":"auto","background-attachment":"scroll","background-type":"","background-media":"","overlay-type":"","overlay-color":"","overlay-opacity":"","overlay-gradient":""}},"ast-content-background-meta":{"desktop":{"background-color":"var(--ast-global-color-5)","background-image":"","background-repeat":"repeat","background-position":"center center","background-size":"auto","background-attachment":"scroll","background-type":"","background-media":"","overlay-type":"","overlay-color":"","overlay-opacity":"","overlay-gradient":""},"tablet":{"background-color":"var(--ast-global-color-5)","background-image":"","background-repeat":"repeat","background-position":"center center","background-size":"auto","background-attachment":"scroll","background-type":"","background-media":"","overlay-type":"","overlay-color":"","overlay-opacity":"","overlay-gradient":""},"mobile":{"background-color":"var(--ast-global-color-5)","background-image":"","background-repeat":"repeat","background-position":"center center","background-size":"auto","background-attachment":"scroll","background-type":"","background-media":"","overlay-type":"","overlay-color":"","overlay-opacity":"","overlay-gradient":""}},"footnotes":""},"class_list":["post-126976","page","type-page","status-publish","has-post-thumbnail","hentry"],"yoast_head":"<!-- This site is optimized with the Yoast SEO plugin v27.3 - https:\/\/yoast.com\/product\/yoast-seo-wordpress\/ -->\n<title>Servicios de Traducci\u00f3n en Miami - Empresa de Traducci\u00f3n L\u00edder en Florida<\/title>\n<meta name=\"description\" content=\"Trusted Translations, Inc. Miami, Florida. Servicios de traducci\u00f3n de calidad comprobada a los mejores precios. Haga una consulta o solicite un presupuesto sin cargo. Comun\u00edquese con nosotros hoy.\" \/>\n<meta name=\"robots\" content=\"index, follow, max-snippet:-1, max-image-preview:large, max-video-preview:-1\" \/>\n<link rel=\"canonical\" href=\"https:\/\/www.trustedtranslations.com\/es\/acerca-de-nosotros\/contacto\/miami\" \/>\n<meta property=\"og:locale\" content=\"es_ES\" \/>\n<meta property=\"og:type\" content=\"article\" \/>\n<meta property=\"og:title\" content=\"Servicios de Traducci\u00f3n en Miami - Empresa de Traducci\u00f3n L\u00edder en Florida\" \/>\n<meta property=\"og:description\" content=\"Trusted Translations, Inc. Miami, Florida. Servicios de traducci\u00f3n de calidad comprobada a los mejores precios. Haga una consulta o solicite un presupuesto sin cargo. Comun\u00edquese con nosotros hoy.\" \/>\n<meta property=\"og:url\" content=\"https:\/\/www.trustedtranslations.com\/es\/acerca-de-nosotros\/contacto\/miami\" \/>\n<meta property=\"og:site_name\" content=\"Trusted Translations\" \/>\n<meta property=\"article:publisher\" content=\"https:\/\/www.facebook.com\/Trusted.Translations\" \/>\n<meta property=\"article:modified_time\" content=\"2025-11-21T14:10:46+00:00\" \/>\n<meta property=\"og:image\" content=\"https:\/\/www.trustedtranslations.com\/wp-content\/uploads\/2024\/05\/miami-final-1-1.webp\" \/>\n\t<meta property=\"og:image:width\" content=\"600\" \/>\n\t<meta property=\"og:image:height\" content=\"400\" \/>\n\t<meta property=\"og:image:type\" content=\"image\/webp\" \/>\n<meta name=\"twitter:card\" content=\"summary_large_image\" \/>\n<meta name=\"twitter:site\" content=\"@TrustedT9ns\" \/>\n<script type=\"application\/ld+json\" class=\"yoast-schema-graph\">{\"@context\":\"https:\\\/\\\/schema.org\",\"@graph\":[{\"@type\":\"WebPage\",\"@id\":\"https:\\\/\\\/www.trustedtranslations.com\\\/es\\\/acerca-de-nosotros\\\/contacto\\\/miami\",\"url\":\"https:\\\/\\\/www.trustedtranslations.com\\\/es\\\/acerca-de-nosotros\\\/contacto\\\/miami\",\"name\":\"Servicios de Traducci\u00f3n en Miami - Empresa de Traducci\u00f3n L\u00edder en Florida\",\"isPartOf\":{\"@id\":\"https:\\\/\\\/www.trustedtranslations.com\\\/es\\\/#website\"},\"primaryImageOfPage\":{\"@id\":\"https:\\\/\\\/www.trustedtranslations.com\\\/es\\\/acerca-de-nosotros\\\/contacto\\\/miami#primaryimage\"},\"image\":{\"@id\":\"https:\\\/\\\/www.trustedtranslations.com\\\/es\\\/acerca-de-nosotros\\\/contacto\\\/miami#primaryimage\"},\"thumbnailUrl\":\"https:\\\/\\\/www.trustedtranslations.com\\\/wp-content\\\/uploads\\\/2024\\\/05\\\/miami-final-1-1.webp\",\"description\":\"Trusted Translations, Inc. Miami, Florida. Servicios de traducci\u00f3n de calidad comprobada a los mejores precios. Haga una consulta o solicite un presupuesto sin cargo. Comun\u00edquese con nosotros hoy.\",\"breadcrumb\":{\"@id\":\"https:\\\/\\\/www.trustedtranslations.com\\\/es\\\/acerca-de-nosotros\\\/contacto\\\/miami#breadcrumb\"},\"inLanguage\":\"es\",\"potentialAction\":[{\"@type\":\"ReadAction\",\"target\":[\"https:\\\/\\\/www.trustedtranslations.com\\\/es\\\/acerca-de-nosotros\\\/contacto\\\/miami\"]}]},{\"@type\":\"ImageObject\",\"inLanguage\":\"es\",\"@id\":\"https:\\\/\\\/www.trustedtranslations.com\\\/es\\\/acerca-de-nosotros\\\/contacto\\\/miami#primaryimage\",\"url\":\"https:\\\/\\\/www.trustedtranslations.com\\\/wp-content\\\/uploads\\\/2024\\\/05\\\/miami-final-1-1.webp\",\"contentUrl\":\"https:\\\/\\\/www.trustedtranslations.com\\\/wp-content\\\/uploads\\\/2024\\\/05\\\/miami-final-1-1.webp\",\"width\":600,\"height\":400,\"caption\":\"miami final 1 1\"},{\"@type\":\"BreadcrumbList\",\"@id\":\"https:\\\/\\\/www.trustedtranslations.com\\\/es\\\/acerca-de-nosotros\\\/contacto\\\/miami#breadcrumb\",\"itemListElement\":[{\"@type\":\"ListItem\",\"position\":1,\"name\":\"Home\",\"item\":\"https:\\\/\\\/www.trustedtranslations.com\\\/es\"},{\"@type\":\"ListItem\",\"position\":2,\"name\":\"Acerca de Nosotros\",\"item\":\"https:\\\/\\\/www.trustedtranslations.com\\\/es\\\/acerca-de-nosotros\"},{\"@type\":\"ListItem\",\"position\":3,\"name\":\"Contacto\",\"item\":\"https:\\\/\\\/www.trustedtranslations.com\\\/es\\\/acerca-de-nosotros\\\/contacto\"},{\"@type\":\"ListItem\",\"position\":4,\"name\":\"Miami\"}]},{\"@type\":\"WebSite\",\"@id\":\"https:\\\/\\\/www.trustedtranslations.com\\\/es\\\/#website\",\"url\":\"https:\\\/\\\/www.trustedtranslations.com\\\/es\\\/\",\"name\":\"Trusted Translations, Inc.\",\"description\":\"Leader in translation and interpretation services.\",\"publisher\":{\"@id\":\"https:\\\/\\\/www.trustedtranslations.com\\\/es\\\/#organization\"},\"alternateName\":\"Trusted Translations\",\"potentialAction\":[{\"@type\":\"SearchAction\",\"target\":{\"@type\":\"EntryPoint\",\"urlTemplate\":\"https:\\\/\\\/www.trustedtranslations.com\\\/es\\\/?s={search_term_string}\"},\"query-input\":{\"@type\":\"PropertyValueSpecification\",\"valueRequired\":true,\"valueName\":\"search_term_string\"}}],\"inLanguage\":\"es\"},{\"@type\":\"Organization\",\"@id\":\"https:\\\/\\\/www.trustedtranslations.com\\\/es\\\/#organization\",\"name\":\"Trusted Translations\",\"alternateName\":\"Trusted Translations, Inc.\",\"url\":\"https:\\\/\\\/www.trustedtranslations.com\\\/es\\\/\",\"logo\":{\"@type\":\"ImageObject\",\"inLanguage\":\"es\",\"@id\":\"https:\\\/\\\/www.trustedtranslations.com\\\/es\\\/#\\\/schema\\\/logo\\\/image\\\/\",\"url\":\"https:\\\/\\\/static.trustedtranslations.com\\\/wp-content\\\/uploads\\\/2022\\\/01\\\/TT_logo_WSIColors-2.png\",\"contentUrl\":\"https:\\\/\\\/static.trustedtranslations.com\\\/wp-content\\\/uploads\\\/2022\\\/01\\\/TT_logo_WSIColors-2.png\",\"width\":500,\"height\":196,\"caption\":\"Trusted Translations\"},\"image\":{\"@id\":\"https:\\\/\\\/www.trustedtranslations.com\\\/es\\\/#\\\/schema\\\/logo\\\/image\\\/\"},\"sameAs\":[\"https:\\\/\\\/www.facebook.com\\\/Trusted.Translations\",\"https:\\\/\\\/x.com\\\/TrustedT9ns\",\"https:\\\/\\\/www.linkedin.com\\\/company\\\/trusted-translations\"]}]}<\/script>\n<!-- \/ Yoast SEO plugin. -->","yoast_head_json":{"title":"Servicios de Traducci\u00f3n en Miami - Empresa de Traducci\u00f3n L\u00edder en Florida","description":"Trusted Translations, Inc. Miami, Florida. Servicios de traducci\u00f3n de calidad comprobada a los mejores precios. Haga una consulta o solicite un presupuesto sin cargo. Comun\u00edquese con nosotros hoy.","robots":{"index":"index","follow":"follow","max-snippet":"max-snippet:-1","max-image-preview":"max-image-preview:large","max-video-preview":"max-video-preview:-1"},"canonical":"https:\/\/www.trustedtranslations.com\/es\/acerca-de-nosotros\/contacto\/miami","og_locale":"es_ES","og_type":"article","og_title":"Servicios de Traducci\u00f3n en Miami - Empresa de Traducci\u00f3n L\u00edder en Florida","og_description":"Trusted Translations, Inc. Miami, Florida. Servicios de traducci\u00f3n de calidad comprobada a los mejores precios. Haga una consulta o solicite un presupuesto sin cargo. Comun\u00edquese con nosotros hoy.","og_url":"https:\/\/www.trustedtranslations.com\/es\/acerca-de-nosotros\/contacto\/miami","og_site_name":"Trusted Translations","article_publisher":"https:\/\/www.facebook.com\/Trusted.Translations","article_modified_time":"2025-11-21T14:10:46+00:00","og_image":[{"width":600,"height":400,"url":"https:\/\/www.trustedtranslations.com\/wp-content\/uploads\/2024\/05\/miami-final-1-1.webp","type":"image\/webp"}],"twitter_card":"summary_large_image","twitter_site":"@TrustedT9ns","schema":{"@context":"https:\/\/schema.org","@graph":[{"@type":"WebPage","@id":"https:\/\/www.trustedtranslations.com\/es\/acerca-de-nosotros\/contacto\/miami","url":"https:\/\/www.trustedtranslations.com\/es\/acerca-de-nosotros\/contacto\/miami","name":"Servicios de Traducci\u00f3n en Miami - Empresa de Traducci\u00f3n L\u00edder en Florida","isPartOf":{"@id":"https:\/\/www.trustedtranslations.com\/es\/#website"},"primaryImageOfPage":{"@id":"https:\/\/www.trustedtranslations.com\/es\/acerca-de-nosotros\/contacto\/miami#primaryimage"},"image":{"@id":"https:\/\/www.trustedtranslations.com\/es\/acerca-de-nosotros\/contacto\/miami#primaryimage"},"thumbnailUrl":"https:\/\/www.trustedtranslations.com\/wp-content\/uploads\/2024\/05\/miami-final-1-1.webp","description":"Trusted Translations, Inc. Miami, Florida. Servicios de traducci\u00f3n de calidad comprobada a los mejores precios. Haga una consulta o solicite un presupuesto sin cargo. Comun\u00edquese con nosotros hoy.","breadcrumb":{"@id":"https:\/\/www.trustedtranslations.com\/es\/acerca-de-nosotros\/contacto\/miami#breadcrumb"},"inLanguage":"es","potentialAction":[{"@type":"ReadAction","target":["https:\/\/www.trustedtranslations.com\/es\/acerca-de-nosotros\/contacto\/miami"]}]},{"@type":"ImageObject","inLanguage":"es","@id":"https:\/\/www.trustedtranslations.com\/es\/acerca-de-nosotros\/contacto\/miami#primaryimage","url":"https:\/\/www.trustedtranslations.com\/wp-content\/uploads\/2024\/05\/miami-final-1-1.webp","contentUrl":"https:\/\/www.trustedtranslations.com\/wp-content\/uploads\/2024\/05\/miami-final-1-1.webp","width":600,"height":400,"caption":"miami final 1 1"},{"@type":"BreadcrumbList","@id":"https:\/\/www.trustedtranslations.com\/es\/acerca-de-nosotros\/contacto\/miami#breadcrumb","itemListElement":[{"@type":"ListItem","position":1,"name":"Home","item":"https:\/\/www.trustedtranslations.com\/es"},{"@type":"ListItem","position":2,"name":"Acerca de Nosotros","item":"https:\/\/www.trustedtranslations.com\/es\/acerca-de-nosotros"},{"@type":"ListItem","position":3,"name":"Contacto","item":"https:\/\/www.trustedtranslations.com\/es\/acerca-de-nosotros\/contacto"},{"@type":"ListItem","position":4,"name":"Miami"}]},{"@type":"WebSite","@id":"https:\/\/www.trustedtranslations.com\/es\/#website","url":"https:\/\/www.trustedtranslations.com\/es\/","name":"Trusted Translations, Inc.","description":"Leader in translation and interpretation services.","publisher":{"@id":"https:\/\/www.trustedtranslations.com\/es\/#organization"},"alternateName":"Trusted Translations","potentialAction":[{"@type":"SearchAction","target":{"@type":"EntryPoint","urlTemplate":"https:\/\/www.trustedtranslations.com\/es\/?s={search_term_string}"},"query-input":{"@type":"PropertyValueSpecification","valueRequired":true,"valueName":"search_term_string"}}],"inLanguage":"es"},{"@type":"Organization","@id":"https:\/\/www.trustedtranslations.com\/es\/#organization","name":"Trusted Translations","alternateName":"Trusted Translations, Inc.","url":"https:\/\/www.trustedtranslations.com\/es\/","logo":{"@type":"ImageObject","inLanguage":"es","@id":"https:\/\/www.trustedtranslations.com\/es\/#\/schema\/logo\/image\/","url":"https:\/\/static.trustedtranslations.com\/wp-content\/uploads\/2022\/01\/TT_logo_WSIColors-2.png","contentUrl":"https:\/\/static.trustedtranslations.com\/wp-content\/uploads\/2022\/01\/TT_logo_WSIColors-2.png","width":500,"height":196,"caption":"Trusted Translations"},"image":{"@id":"https:\/\/www.trustedtranslations.com\/es\/#\/schema\/logo\/image\/"},"sameAs":["https:\/\/www.facebook.com\/Trusted.Translations","https:\/\/x.com\/TrustedT9ns","https:\/\/www.linkedin.com\/company\/trusted-translations"]}]}},"toolset-meta":{"dyk":{"mensaje-1":{"type":"textfield","raw":"Trusted Translations es el proveedor preferido de la ciudad de Miami y el condado de Miami-Dade."},"mensaje-2":{"type":"textfield","raw":""},"mensaje-3":{"type":"textfield","raw":"Hemos sido un miembro regular de la comunidad empresarial del sur de la Florida desde 2006."},"mensaje-4":{"type":"textfield","raw":"Somos un orgulloso proveedor de instituciones educativas locales, incluida la Universidad de Miami."},"mensaje-5":{"type":"textfield","raw":""},"mensaje-6":{"type":"textfield","raw":""}},"single-page-template-fields":{"imgs-temp":{"type":"image","raw":["https:\/\/static.trustedtranslations.com\/wp-content\/uploads\/2024\/05\/miami-final-2.webp"],"repeatable":[{"raw":"https:\/\/static.trustedtranslations.com\/wp-content\/uploads\/2024\/05\/miami-final-2.webp"}]},"imgs-temp-cel":{"type":"image","raw":[""],"repeatable":[{"raw":""}]},"img-temp-one-cel":{"type":"image","raw":"https:\/\/static.trustedtranslations.com\/wp-content\/uploads\/2024\/05\/miami-final-1-1.webp","attachment_id":null},"quotes":{"type":"textarea","raw":"<h1 style=\"margin-bottom:12px\">Servicios de Traducci\u00f3n en Miami<\/h1>\r\n<p>\r\n    <span><i class=\"fa fa-map-pin\"><\/i> 66 West Flagler,\r\n        Suite 1200\r\n        Miami, Florida, 33130\r\n        Estados Unidos<\/span>\r\n    <a style=\"color: #2a2a2a; text-decoration: none;\" href=\"tel:+13054338222\"><i class=\"fa fa-phone\"><\/i> +1 (305) 433-8222<\/a>\r\n    <a style=\"color: #2a2a2a; text-decoration: none;\" href=\"mailto:miami@trustedtranslations.com\"><i class=\"fa fa-envelope\"><\/i>miami@trustedtranslations.com<\/a>\r\n<\/p>\r\n<div style=\"margin-top: 2.5vw;\"><a class=\"tt-btn-main-cta\" href=\"#tree-form\">Solicite un presupuesto sin cargo<\/a><\/div>"},"text-1":{"type":"textarea","raw":"<h2>Mapa de la Sucursal de Miami<\/h2>"},"shortcode-map":{"type":"textfield","raw":"[mostrar_mapa url=\"https:\/\/www.google.com\/maps\/embed?pb=!1m18!1m12!1m3!1d3592.9005810769268!2d-80.19715094928159!3d25.773847183550988!2m3!1f0!2f0!3f0!3m2!1i1024!2i768!4f13.1!3m3!1m2!1s0x88d9b69bc4ede3f9%3A0x5552c41439facecf!2s66+W+Flagler+St+%231200%2C+Miami%2C+FL+33130%2C+EE.+UU.!5e0!3m2!1ses-419!2sar!4v1532979003518\" width=\"600px\" height=\"450px\"]"},"dyk-shortcode":{"type":"textfield","raw":"[elementor-template id=\"139368\"]"},"text-2":{"type":"textarea","raw":"<h2>Servicios de Traducci\u00f3n Profesional en Miami<\/h2>\r\n<img class=\"alignright wp-image-139992\" src=\"https:\/\/www.trustedtranslations.com\/wp-content\/uploads\/2022\/03\/trusted-translations-miami.jpg.jpg\" alt=\"\" width=\"298\" height=\"450\" \/>\r\n\r\nFundada en 2006, la oficina de <strong><em>Trusted Translations<\/em><\/strong> del sur de Florida es nuestra sede central regional para el sur de Estados Unidos y Am\u00e9rica Latina. Somos uno de los principales proveedores de idiomas del condado de Miami-Dade, adem\u00e1s de numerosas <a href=\"https:\/\/www.trustedtranslations.com\/es\/industrias\/negocios\">entidades privadas<\/a> (como Greenberg Traurig, Cartier, Havas Group \u2013 Republica, Ritz Carlton Hotel Company), <a href=\"https:\/\/www.trustedtranslations.com\/es\/industrias\/gobierno\">oficinas de gobierno<\/a> locales de Estados Unidos (como el Departamento de Servicios Internos de Miami-Dade, Asuntos de Veteranos, la Fiscal\u00eda Federal) e instituciones p\u00fablicas (como la Junta Escolar del condado de Miami-Dade, la Universidad de Miami, la Red de Servicios para Personas sin Hogar de Florida Central). Como empresa importante en la comunidad comercial de Miami durante m\u00e1s de veinte a\u00f1os, entendemos el mercado local de idiomas y traducci\u00f3n mejor que cualquier otra empresa.\r\n\r\nNos aseguramos de que las traducciones se adapten a la composici\u00f3n \u00fanica de Miami como centro internacional del continente americano, con una <a href=\"https:\/\/www.trustedtranslations.com\/es\/idiomas\/espanol\/caracteristicas\/espanol-de-estados-unidos\">poblaci\u00f3n hispana<\/a> del 65%, en la que las <a href=\"https:\/\/www.trustedtranslations.com\/es\/idiomas\/espanol\/ingles-al-espanol\">traducciones al espa\u00f1ol de calidad<\/a> son imprescindibles. Con una poblaci\u00f3n cubana de m\u00e1s de 690,000 habitantes, se oye espa\u00f1ol cubano por todas partes. En forma reciente, Miami tambi\u00e9n ha acumulado la segunda poblaci\u00f3n <a href=\"https:\/\/www.trustedtranslations.com\/es\/idiomas\/espanol\/caracteristicas\/espanol-latinoamericano\">colombiana<\/a> m\u00e1s grande del pa\u00eds. Una gran comunidad haitiana hace del criollo haitiano el tercer idioma m\u00e1s hablado de la ciudad. Por otra parte, mientras europeos y asi\u00e1ticos emigran al sur de Florida debido a los precios favorables de los bienes ra\u00edces y las oportunidades de inversi\u00f3n, aumenta con rapidez la necesidad de traducciones precisas en <a href=\"https:\/\/www.trustedtranslations.com\/es\/idiomas\/multilingue\">otros idiomas<\/a>.\r\n<h2 style=\"margin-bottom:20px\">Acerca de la Ciudad de Miami<\/h2>\r\nMiami, muchas veces llamada la \u201ccapital de Am\u00e9rica Latina\u201d, es una de las \u00e1reas metropolitanas m\u00e1s extensas de Estados Unidos, con una poblaci\u00f3n que supera los 6 millones. Miami es la ciudad m\u00e1s grande de Florida, y se ha convertido en foco de muchas industrias, entre ellas, la banca internacional, <a href=\"https:\/\/www.trustedtranslations.com\/es\/industrias\/finanzas\">empresas de finanzas<\/a>, <a href=\"https:\/\/www.trustedtranslations.com\/es\/industrias\/medios-de-comunicacion\">medios<\/a>, entretenimiento, <a href=\"https:\/\/www.trustedtranslations.com\/es\/industrias\/elearning-y-localizacion\">educaci\u00f3n<\/a>, moda y artes esc\u00e9nicas. Adem\u00e1s, la ciudad es un importante destino tur\u00edstico para viajeros de todo el mundo."},"state":{"type":"textfield","raw":""},"city":{"type":"textarea","raw":[""]}}},"_links":{"self":[{"href":"https:\/\/www.trustedtranslations.com\/es\/wp-json\/wp\/v2\/pages\/126976","targetHints":{"allow":["GET"]}}],"collection":[{"href":"https:\/\/www.trustedtranslations.com\/es\/wp-json\/wp\/v2\/pages"}],"about":[{"href":"https:\/\/www.trustedtranslations.com\/es\/wp-json\/wp\/v2\/types\/page"}],"author":[{"embeddable":true,"href":"https:\/\/www.trustedtranslations.com\/es\/wp-json\/wp\/v2\/users\/1"}],"replies":[{"embeddable":true,"href":"https:\/\/www.trustedtranslations.com\/es\/wp-json\/wp\/v2\/comments?post=126976"}],"version-history":[{"count":0,"href":"https:\/\/www.trustedtranslations.com\/es\/wp-json\/wp\/v2\/pages\/126976\/revisions"}],"up":[{"embeddable":true,"href":"https:\/\/www.trustedtranslations.com\/es\/wp-json\/wp\/v2\/pages\/126994"}],"wp:featuredmedia":[{"embeddable":true,"href":"https:\/\/www.trustedtranslations.com\/es\/wp-json\/wp\/v2\/media\/256701"}],"wp:attachment":[{"href":"https:\/\/www.trustedtranslations.com\/es\/wp-json\/wp\/v2\/media?parent=126976"}],"curies":[{"name":"wp","href":"https:\/\/api.w.org\/{rel}","templated":true}]}}