{"id":126978,"date":"2018-07-10T18:08:18","date_gmt":"2018-07-10T18:08:18","guid":{"rendered":"https:\/\/www.trustedtranslations.com\/?page_id=126978"},"modified":"2025-11-21T12:34:56","modified_gmt":"2025-11-21T15:34:56","slug":"dallas","status":"publish","type":"page","link":"https:\/\/www.trustedtranslations.com\/es\/acerca-de-nosotros\/contacto\/dallas","title":{"rendered":"Dallas"},"content":{"rendered":"","protected":false},"excerpt":{"rendered":"","protected":false},"author":1,"featured_media":256582,"parent":126994,"menu_order":0,"comment_status":"closed","ping_status":"closed","template":"","meta":{"site-sidebar-layout":"default","site-content-layout":"default","ast-site-content-layout":"default","site-content-style":"default","site-sidebar-style":"default","ast-global-header-display":"","ast-banner-title-visibility":"","ast-main-header-display":"","ast-hfb-above-header-display":"","ast-hfb-below-header-display":"","ast-hfb-mobile-header-display":"","site-post-title":"disabled","ast-breadcrumbs-content":"","ast-featured-img":"","footer-sml-layout":"","ast-disable-related-posts":"","theme-transparent-header-meta":"default","adv-header-id-meta":"","stick-header-meta":"","header-above-stick-meta":"","header-main-stick-meta":"","header-below-stick-meta":"","astra-migrate-meta-layouts":"set","ast-page-background-enabled":"default","ast-page-background-meta":{"desktop":{"background-color":"var(--ast-global-color-4)","background-image":"","background-repeat":"repeat","background-position":"center center","background-size":"auto","background-attachment":"scroll","background-type":"","background-media":"","overlay-type":"","overlay-color":"","overlay-opacity":"","overlay-gradient":""},"tablet":{"background-color":"","background-image":"","background-repeat":"repeat","background-position":"center center","background-size":"auto","background-attachment":"scroll","background-type":"","background-media":"","overlay-type":"","overlay-color":"","overlay-opacity":"","overlay-gradient":""},"mobile":{"background-color":"","background-image":"","background-repeat":"repeat","background-position":"center center","background-size":"auto","background-attachment":"scroll","background-type":"","background-media":"","overlay-type":"","overlay-color":"","overlay-opacity":"","overlay-gradient":""}},"ast-content-background-meta":{"desktop":{"background-color":"var(--ast-global-color-5)","background-image":"","background-repeat":"repeat","background-position":"center center","background-size":"auto","background-attachment":"scroll","background-type":"","background-media":"","overlay-type":"","overlay-color":"","overlay-opacity":"","overlay-gradient":""},"tablet":{"background-color":"var(--ast-global-color-5)","background-image":"","background-repeat":"repeat","background-position":"center center","background-size":"auto","background-attachment":"scroll","background-type":"","background-media":"","overlay-type":"","overlay-color":"","overlay-opacity":"","overlay-gradient":""},"mobile":{"background-color":"var(--ast-global-color-5)","background-image":"","background-repeat":"repeat","background-position":"center center","background-size":"auto","background-attachment":"scroll","background-type":"","background-media":"","overlay-type":"","overlay-color":"","overlay-opacity":"","overlay-gradient":""}},"footnotes":""},"class_list":["post-126978","page","type-page","status-publish","has-post-thumbnail","hentry"],"yoast_head":"<!-- This site is optimized with the Yoast SEO plugin v27.6 - https:\/\/yoast.com\/product\/yoast-seo-wordpress\/ -->\n<title>Servicios de Traducci\u00f3n en Dallas. Empresa de Traducci\u00f3n L\u00edder en Texas: Trusted Translations, Inc.<\/title>\n<meta name=\"description\" content=\"Trusted Translations, Inc. Dallas, Texas. Servicios de traducci\u00f3n de calidad comprobada a los mejores precios. Haga una consulta o solicite un presupuesto sin cargo. Comun\u00edquese con nosotros hoy.\" \/>\n<meta name=\"robots\" content=\"index, follow, max-snippet:-1, max-image-preview:large, max-video-preview:-1\" \/>\n<link rel=\"canonical\" href=\"https:\/\/www.trustedtranslations.com\/es\/acerca-de-nosotros\/contacto\/dallas\" \/>\n<meta property=\"og:locale\" content=\"es_ES\" \/>\n<meta property=\"og:type\" content=\"article\" \/>\n<meta property=\"og:title\" content=\"Servicios de Traducci\u00f3n en Dallas. Empresa de Traducci\u00f3n L\u00edder en Texas: Trusted Translations, Inc.\" \/>\n<meta property=\"og:description\" content=\"Trusted Translations, Inc. Dallas, Texas. Servicios de traducci\u00f3n de calidad comprobada a los mejores precios. Haga una consulta o solicite un presupuesto sin cargo. Comun\u00edquese con nosotros hoy.\" \/>\n<meta property=\"og:url\" content=\"https:\/\/www.trustedtranslations.com\/es\/acerca-de-nosotros\/contacto\/dallas\" \/>\n<meta property=\"og:site_name\" content=\"Trusted Translations\" \/>\n<meta property=\"article:publisher\" content=\"https:\/\/www.facebook.com\/Trusted.Translations\" \/>\n<meta property=\"article:modified_time\" content=\"2025-11-21T15:34:56+00:00\" \/>\n<meta property=\"og:image\" content=\"https:\/\/www.trustedtranslations.com\/wp-content\/uploads\/2024\/05\/dallas-final-1-1.webp\" \/>\n\t<meta property=\"og:image:width\" content=\"600\" \/>\n\t<meta property=\"og:image:height\" content=\"400\" \/>\n\t<meta property=\"og:image:type\" content=\"image\/webp\" \/>\n<meta name=\"twitter:card\" content=\"summary_large_image\" \/>\n<meta name=\"twitter:site\" content=\"@TrustedT9ns\" \/>\n<script type=\"application\/ld+json\" class=\"yoast-schema-graph\">{\"@context\":\"https:\\\/\\\/schema.org\",\"@graph\":[{\"@type\":\"WebPage\",\"@id\":\"https:\\\/\\\/www.trustedtranslations.com\\\/es\\\/acerca-de-nosotros\\\/contacto\\\/dallas\",\"url\":\"https:\\\/\\\/www.trustedtranslations.com\\\/es\\\/acerca-de-nosotros\\\/contacto\\\/dallas\",\"name\":\"Servicios de Traducci\u00f3n en Dallas. Empresa de Traducci\u00f3n L\u00edder en Texas: Trusted Translations, Inc.\",\"isPartOf\":{\"@id\":\"https:\\\/\\\/www.trustedtranslations.com\\\/es\\\/#website\"},\"primaryImageOfPage\":{\"@id\":\"https:\\\/\\\/www.trustedtranslations.com\\\/es\\\/acerca-de-nosotros\\\/contacto\\\/dallas#primaryimage\"},\"image\":{\"@id\":\"https:\\\/\\\/www.trustedtranslations.com\\\/es\\\/acerca-de-nosotros\\\/contacto\\\/dallas#primaryimage\"},\"thumbnailUrl\":\"https:\\\/\\\/www.trustedtranslations.com\\\/wp-content\\\/uploads\\\/2024\\\/05\\\/dallas-final-1-1.webp\",\"description\":\"Trusted Translations, Inc. Dallas, Texas. Servicios de traducci\u00f3n de calidad comprobada a los mejores precios. Haga una consulta o solicite un presupuesto sin cargo. Comun\u00edquese con nosotros hoy.\",\"breadcrumb\":{\"@id\":\"https:\\\/\\\/www.trustedtranslations.com\\\/es\\\/acerca-de-nosotros\\\/contacto\\\/dallas#breadcrumb\"},\"inLanguage\":\"es\",\"potentialAction\":[{\"@type\":\"ReadAction\",\"target\":[\"https:\\\/\\\/www.trustedtranslations.com\\\/es\\\/acerca-de-nosotros\\\/contacto\\\/dallas\"]}]},{\"@type\":\"ImageObject\",\"inLanguage\":\"es\",\"@id\":\"https:\\\/\\\/www.trustedtranslations.com\\\/es\\\/acerca-de-nosotros\\\/contacto\\\/dallas#primaryimage\",\"url\":\"https:\\\/\\\/www.trustedtranslations.com\\\/wp-content\\\/uploads\\\/2024\\\/05\\\/dallas-final-1-1.webp\",\"contentUrl\":\"https:\\\/\\\/www.trustedtranslations.com\\\/wp-content\\\/uploads\\\/2024\\\/05\\\/dallas-final-1-1.webp\",\"width\":600,\"height\":400,\"caption\":\"dallas final 1 1\"},{\"@type\":\"BreadcrumbList\",\"@id\":\"https:\\\/\\\/www.trustedtranslations.com\\\/es\\\/acerca-de-nosotros\\\/contacto\\\/dallas#breadcrumb\",\"itemListElement\":[{\"@type\":\"ListItem\",\"position\":1,\"name\":\"Home\",\"item\":\"https:\\\/\\\/www.trustedtranslations.com\\\/es\"},{\"@type\":\"ListItem\",\"position\":2,\"name\":\"Acerca de Nosotros\",\"item\":\"https:\\\/\\\/www.trustedtranslations.com\\\/es\\\/acerca-de-nosotros\"},{\"@type\":\"ListItem\",\"position\":3,\"name\":\"Contacto\",\"item\":\"https:\\\/\\\/www.trustedtranslations.com\\\/es\\\/about-us\\\/contact\"},{\"@type\":\"ListItem\",\"position\":4,\"name\":\"Dallas\"}]},{\"@type\":\"WebSite\",\"@id\":\"https:\\\/\\\/www.trustedtranslations.com\\\/es\\\/#website\",\"url\":\"https:\\\/\\\/www.trustedtranslations.com\\\/es\\\/\",\"name\":\"Trusted Translations, Inc.\",\"description\":\"Leader in translation and interpretation services.\",\"publisher\":{\"@id\":\"https:\\\/\\\/www.trustedtranslations.com\\\/es\\\/#organization\"},\"alternateName\":\"Trusted Translations\",\"potentialAction\":[{\"@type\":\"SearchAction\",\"target\":{\"@type\":\"EntryPoint\",\"urlTemplate\":\"https:\\\/\\\/www.trustedtranslations.com\\\/es\\\/?s={search_term_string}\"},\"query-input\":{\"@type\":\"PropertyValueSpecification\",\"valueRequired\":true,\"valueName\":\"search_term_string\"}}],\"inLanguage\":\"es\"},{\"@type\":\"Organization\",\"@id\":\"https:\\\/\\\/www.trustedtranslations.com\\\/es\\\/#organization\",\"name\":\"Trusted Translations\",\"alternateName\":\"Trusted Translations, Inc.\",\"url\":\"https:\\\/\\\/www.trustedtranslations.com\\\/es\\\/\",\"logo\":{\"@type\":\"ImageObject\",\"inLanguage\":\"es\",\"@id\":\"https:\\\/\\\/www.trustedtranslations.com\\\/es\\\/#\\\/schema\\\/logo\\\/image\\\/\",\"url\":\"https:\\\/\\\/static.trustedtranslations.com\\\/wp-content\\\/uploads\\\/2022\\\/01\\\/TT_logo_WSIColors-2.png\",\"contentUrl\":\"https:\\\/\\\/static.trustedtranslations.com\\\/wp-content\\\/uploads\\\/2022\\\/01\\\/TT_logo_WSIColors-2.png\",\"width\":500,\"height\":196,\"caption\":\"Trusted Translations\"},\"image\":{\"@id\":\"https:\\\/\\\/www.trustedtranslations.com\\\/es\\\/#\\\/schema\\\/logo\\\/image\\\/\"},\"sameAs\":[\"https:\\\/\\\/www.facebook.com\\\/Trusted.Translations\",\"https:\\\/\\\/x.com\\\/TrustedT9ns\",\"https:\\\/\\\/www.linkedin.com\\\/company\\\/trusted-translations\"]}]}<\/script>\n<!-- \/ Yoast SEO plugin. -->","yoast_head_json":{"title":"Servicios de Traducci\u00f3n en Dallas. Empresa de Traducci\u00f3n L\u00edder en Texas: Trusted Translations, Inc.","description":"Trusted Translations, Inc. Dallas, Texas. Servicios de traducci\u00f3n de calidad comprobada a los mejores precios. Haga una consulta o solicite un presupuesto sin cargo. Comun\u00edquese con nosotros hoy.","robots":{"index":"index","follow":"follow","max-snippet":"max-snippet:-1","max-image-preview":"max-image-preview:large","max-video-preview":"max-video-preview:-1"},"canonical":"https:\/\/www.trustedtranslations.com\/es\/acerca-de-nosotros\/contacto\/dallas","og_locale":"es_ES","og_type":"article","og_title":"Servicios de Traducci\u00f3n en Dallas. Empresa de Traducci\u00f3n L\u00edder en Texas: Trusted Translations, Inc.","og_description":"Trusted Translations, Inc. Dallas, Texas. Servicios de traducci\u00f3n de calidad comprobada a los mejores precios. Haga una consulta o solicite un presupuesto sin cargo. Comun\u00edquese con nosotros hoy.","og_url":"https:\/\/www.trustedtranslations.com\/es\/acerca-de-nosotros\/contacto\/dallas","og_site_name":"Trusted Translations","article_publisher":"https:\/\/www.facebook.com\/Trusted.Translations","article_modified_time":"2025-11-21T15:34:56+00:00","og_image":[{"width":600,"height":400,"url":"https:\/\/www.trustedtranslations.com\/wp-content\/uploads\/2024\/05\/dallas-final-1-1.webp","type":"image\/webp"}],"twitter_card":"summary_large_image","twitter_site":"@TrustedT9ns","schema":{"@context":"https:\/\/schema.org","@graph":[{"@type":"WebPage","@id":"https:\/\/www.trustedtranslations.com\/es\/acerca-de-nosotros\/contacto\/dallas","url":"https:\/\/www.trustedtranslations.com\/es\/acerca-de-nosotros\/contacto\/dallas","name":"Servicios de Traducci\u00f3n en Dallas. Empresa de Traducci\u00f3n L\u00edder en Texas: Trusted Translations, Inc.","isPartOf":{"@id":"https:\/\/www.trustedtranslations.com\/es\/#website"},"primaryImageOfPage":{"@id":"https:\/\/www.trustedtranslations.com\/es\/acerca-de-nosotros\/contacto\/dallas#primaryimage"},"image":{"@id":"https:\/\/www.trustedtranslations.com\/es\/acerca-de-nosotros\/contacto\/dallas#primaryimage"},"thumbnailUrl":"https:\/\/www.trustedtranslations.com\/wp-content\/uploads\/2024\/05\/dallas-final-1-1.webp","description":"Trusted Translations, Inc. Dallas, Texas. Servicios de traducci\u00f3n de calidad comprobada a los mejores precios. Haga una consulta o solicite un presupuesto sin cargo. Comun\u00edquese con nosotros hoy.","breadcrumb":{"@id":"https:\/\/www.trustedtranslations.com\/es\/acerca-de-nosotros\/contacto\/dallas#breadcrumb"},"inLanguage":"es","potentialAction":[{"@type":"ReadAction","target":["https:\/\/www.trustedtranslations.com\/es\/acerca-de-nosotros\/contacto\/dallas"]}]},{"@type":"ImageObject","inLanguage":"es","@id":"https:\/\/www.trustedtranslations.com\/es\/acerca-de-nosotros\/contacto\/dallas#primaryimage","url":"https:\/\/www.trustedtranslations.com\/wp-content\/uploads\/2024\/05\/dallas-final-1-1.webp","contentUrl":"https:\/\/www.trustedtranslations.com\/wp-content\/uploads\/2024\/05\/dallas-final-1-1.webp","width":600,"height":400,"caption":"dallas final 1 1"},{"@type":"BreadcrumbList","@id":"https:\/\/www.trustedtranslations.com\/es\/acerca-de-nosotros\/contacto\/dallas#breadcrumb","itemListElement":[{"@type":"ListItem","position":1,"name":"Home","item":"https:\/\/www.trustedtranslations.com\/es"},{"@type":"ListItem","position":2,"name":"Acerca de Nosotros","item":"https:\/\/www.trustedtranslations.com\/es\/acerca-de-nosotros"},{"@type":"ListItem","position":3,"name":"Contacto","item":"https:\/\/www.trustedtranslations.com\/es\/about-us\/contact"},{"@type":"ListItem","position":4,"name":"Dallas"}]},{"@type":"WebSite","@id":"https:\/\/www.trustedtranslations.com\/es\/#website","url":"https:\/\/www.trustedtranslations.com\/es\/","name":"Trusted Translations, Inc.","description":"Leader in translation and interpretation services.","publisher":{"@id":"https:\/\/www.trustedtranslations.com\/es\/#organization"},"alternateName":"Trusted Translations","potentialAction":[{"@type":"SearchAction","target":{"@type":"EntryPoint","urlTemplate":"https:\/\/www.trustedtranslations.com\/es\/?s={search_term_string}"},"query-input":{"@type":"PropertyValueSpecification","valueRequired":true,"valueName":"search_term_string"}}],"inLanguage":"es"},{"@type":"Organization","@id":"https:\/\/www.trustedtranslations.com\/es\/#organization","name":"Trusted Translations","alternateName":"Trusted Translations, Inc.","url":"https:\/\/www.trustedtranslations.com\/es\/","logo":{"@type":"ImageObject","inLanguage":"es","@id":"https:\/\/www.trustedtranslations.com\/es\/#\/schema\/logo\/image\/","url":"https:\/\/static.trustedtranslations.com\/wp-content\/uploads\/2022\/01\/TT_logo_WSIColors-2.png","contentUrl":"https:\/\/static.trustedtranslations.com\/wp-content\/uploads\/2022\/01\/TT_logo_WSIColors-2.png","width":500,"height":196,"caption":"Trusted Translations"},"image":{"@id":"https:\/\/www.trustedtranslations.com\/es\/#\/schema\/logo\/image\/"},"sameAs":["https:\/\/www.facebook.com\/Trusted.Translations","https:\/\/x.com\/TrustedT9ns","https:\/\/www.linkedin.com\/company\/trusted-translations"]}]}},"toolset-meta":{"dyk":{"mensaje-1":{"type":"textfield","raw":""},"mensaje-2":{"type":"textfield","raw":"Somos un socio orgulloso de Baylor College of Medicine."},"mensaje-3":{"type":"textfield","raw":"Nuestros representantes locales de Dallas est\u00e1n de guardia para atenderlo 18 horas al d\u00eda, los 7 d\u00edas de la semana."},"mensaje-4":{"type":"textfield","raw":""},"mensaje-5":{"type":"textfield","raw":""},"mensaje-6":{"type":"textfield","raw":""}},"single-page-template-fields":{"imgs-temp":{"type":"image","raw":["https:\/\/static.trustedtranslations.com\/wp-content\/uploads\/2024\/05\/dallas-final-2.webp"],"repeatable":[{"raw":"https:\/\/static.trustedtranslations.com\/wp-content\/uploads\/2024\/05\/dallas-final-2.webp"}]},"imgs-temp-cel":{"type":"image","raw":[""],"repeatable":[{"raw":""}]},"img-temp-one-cel":{"type":"image","raw":"https:\/\/static.trustedtranslations.com\/wp-content\/uploads\/2024\/05\/dallas-final-1-1.webp","attachment_id":null},"quotes":{"type":"textarea","raw":"<h1 style=\"margin-bottom:12px\">Servicios de Traducci\u00f3n en Dallas<\/h1>\r\n<p>\r\n    <span><i class=\"fa fa-map-pin\"><\/i> 17304 Preston Road #800\r\n        Dallas, TX, 75252\r\n        Estados Unidos<\/span>\r\n    <a style=\"color: #2a2a2a; text-decoration: none;\" href=\"tel:+12144325927\"><i class=\"fa fa-phone\"><\/i>  +1 (214) 432-5927<\/a>\r\n    <a style=\"color: #2a2a2a; text-decoration: none;\" href=\"mailto:dallas@trustedtranslations.com\"><i class=\"fa fa-envelope\"><\/i> dallas@trustedtranslations.com<\/a>\r\n<\/p>\r\n<div style=\"margin-top: 2.5vw;\"><a class=\"tt-btn-main-cta\" href=\"#tree-form\">Solicite un presupuesto sin cargo<\/a><\/div>"},"text-1":{"type":"textarea","raw":"<h2>Mapa de la Sucursal de Dallas<\/h2>"},"shortcode-map":{"type":"textfield","raw":"[mostrar_mapa url=\"https:\/\/www.google.com\/maps\/embed?pb=!1m18!1m12!1m3!1d3346.647927535265!2d-96.80438964912328!3d32.98668938081559!2m3!1f0!2f0!3f0!3m2!1i1024!2i768!4f13.1!3m3!1m2!1s0x864c23d7778f108d%3A0x69f03468019a74a3!2s17304+Preston+Rd+%23800%2C+Dallas%2C+TX+75252%2C+EE.+UU.!5e0!3m2!1ses-419!2sar!4v1532979382001\" width=\"600px\" height=\"450px\"]"},"dyk-shortcode":{"type":"textfield","raw":"[elementor-template id=\"139368\"]"},"text-2":{"type":"textarea","raw":"<h2>Servicios de Traducci\u00f3n Profesional en Dallas<\/h2>\r\n<img class=\"wp-image-139949 alignright\" src=\"https:\/\/www.trustedtranslations.com\/wp-content\/uploads\/2022\/03\/dallas-300x186.jpg\" alt=\"\" width=\"450\" height=\"279\" \/>\r\nEl \u00e1rea de Dallas-Fort Worth alberga la tercera mayor cantidad de sedes centrales de las compa\u00f1\u00edas Fortune 500 de la naci\u00f3n, en especial, industrias de energ\u00eda, el <a href=\"https:\/\/www.trustedtranslations.com\/es\/industrias\/finanzas\">sector bancario<\/a>, <a href=\"https:\/\/www.trustedtranslations.com\/es\/industrias\/traduccion-tecnica\">tecnolog\u00eda<\/a>, <a href=\"https:\/\/www.trustedtranslations.com\/es\/servicios\/interpretacion-telefonica\">telecomunicaciones<\/a> y transporte. <em><strong>Trusted Translations<\/strong><\/em> se ha asociado con algunas de las <a href=\"https:\/\/www.trustedtranslations.com\/es\/industrias\/negocios\">empresas multinacionales<\/a> m\u00e1s consolidadas de la ciudad en estas industrias, incluidas Aetna, Goodman Global, Baylor College of Medicine, Precision Document Solutions y Resourcing Edge.\r\n\r\nEn <em><strong>Trusted Translations<\/strong><\/em>, aprovechamos que conocemos el \u00e1rea desde hace tiempo para adaptar las traducciones a la poblaci\u00f3n local. M\u00e1s del 34% de la poblaci\u00f3n de Dallas se compone de <a href=\"https:\/\/www.trustedtranslations.com\/es\/idiomas\/espanol\/caracteristicas\/espanol-de-estados-unidos\">residentes hispanos<\/a>, y <a href=\"https:\/\/www.trustedtranslations.com\/es\/idiomas\/espanol\/ingles-al-espanol\">el espa\u00f1ol<\/a> es el segundo idioma m\u00e1s hablado en el \u00e1rea. De hecho, en el Banco de la Reserva Federal de Dallas descubrieron que el 95% de los gerentes y propietarios de negocios de la ciudad usan algo de espa\u00f1ol en el trabajo. Dada la proximidad con M\u00e9xico, la variante que se habla en Dallas es predominantemente el <a href=\"https:\/\/www.trustedtranslations.com\/es\/idiomas\/espanol\/caracteristicas\/espanol-latinoamericano\">espa\u00f1ol mexicano<\/a>. Dallas tambi\u00e9n tiene una gran cantidad de residentes de marcado <a href=\"https:\/\/www.trustedtranslations.com\/es\/idiomas\/chino\">origen asi\u00e1tico<\/a>.\r\n<h2>Acerca de la Ciudad de Dallas<\/h2>\r\nDallas es la octava ciudad m\u00e1s grande de los Estados Unidos y la tercera m\u00e1s grande de Texas. El \u00e1rea metropolitana, compuesta por Dallas, Fort Worth y Arlington, es la cuarta m\u00e1s grande de Estados Unidos, con una poblaci\u00f3n total de m\u00e1s de 7 millones de personas."},"state":{"type":"textfield","raw":""},"city":{"type":"textarea","raw":[""]}}},"_links":{"self":[{"href":"https:\/\/www.trustedtranslations.com\/es\/wp-json\/wp\/v2\/pages\/126978","targetHints":{"allow":["GET"]}}],"collection":[{"href":"https:\/\/www.trustedtranslations.com\/es\/wp-json\/wp\/v2\/pages"}],"about":[{"href":"https:\/\/www.trustedtranslations.com\/es\/wp-json\/wp\/v2\/types\/page"}],"author":[{"embeddable":true,"href":"https:\/\/www.trustedtranslations.com\/es\/wp-json\/wp\/v2\/users\/1"}],"replies":[{"embeddable":true,"href":"https:\/\/www.trustedtranslations.com\/es\/wp-json\/wp\/v2\/comments?post=126978"}],"version-history":[{"count":0,"href":"https:\/\/www.trustedtranslations.com\/es\/wp-json\/wp\/v2\/pages\/126978\/revisions"}],"up":[{"embeddable":true,"href":"https:\/\/www.trustedtranslations.com\/es\/wp-json\/wp\/v2\/pages\/126994"}],"wp:featuredmedia":[{"embeddable":true,"href":"https:\/\/www.trustedtranslations.com\/es\/wp-json\/wp\/v2\/media\/256582"}],"wp:attachment":[{"href":"https:\/\/www.trustedtranslations.com\/es\/wp-json\/wp\/v2\/media?parent=126978"}],"curies":[{"name":"wp","href":"https:\/\/api.w.org\/{rel}","templated":true}]}}