{"id":126986,"date":"2018-07-10T15:51:20","date_gmt":"2018-07-10T15:51:20","guid":{"rendered":"https:\/\/www.trustedtranslations.com\/?page_id=126986"},"modified":"2024-09-06T12:26:32","modified_gmt":"2024-09-06T15:26:32","slug":"traductores-confiables","status":"publish","type":"page","link":"https:\/\/www.trustedtranslations.com\/es\/acerca-de-nosotros\/traductores-confiables","title":{"rendered":"Traductores Confiables"},"content":{"rendered":"","protected":false},"excerpt":{"rendered":"","protected":false},"author":1,"featured_media":139634,"parent":127176,"menu_order":0,"comment_status":"closed","ping_status":"closed","template":"","meta":{"site-sidebar-layout":"no-sidebar","site-content-layout":"page-builder","ast-site-content-layout":"full-width-container","site-content-style":"unboxed","site-sidebar-style":"unboxed","ast-global-header-display":"","ast-banner-title-visibility":"","ast-main-header-display":"","ast-hfb-above-header-display":"","ast-hfb-below-header-display":"","ast-hfb-mobile-header-display":"","site-post-title":"disabled","ast-breadcrumbs-content":"","ast-featured-img":"disabled","footer-sml-layout":"","ast-disable-related-posts":"","theme-transparent-header-meta":"default","adv-header-id-meta":"","stick-header-meta":"","header-above-stick-meta":"","header-main-stick-meta":"","header-below-stick-meta":"","astra-migrate-meta-layouts":"set","ast-page-background-enabled":"default","ast-page-background-meta":{"desktop":{"background-color":"var(--ast-global-color-4)","background-image":"","background-repeat":"repeat","background-position":"center center","background-size":"auto","background-attachment":"scroll","background-type":"","background-media":"","overlay-type":"","overlay-color":"","overlay-opacity":"","overlay-gradient":""},"tablet":{"background-color":"","background-image":"","background-repeat":"repeat","background-position":"center center","background-size":"auto","background-attachment":"scroll","background-type":"","background-media":"","overlay-type":"","overlay-color":"","overlay-opacity":"","overlay-gradient":""},"mobile":{"background-color":"","background-image":"","background-repeat":"repeat","background-position":"center center","background-size":"auto","background-attachment":"scroll","background-type":"","background-media":"","overlay-type":"","overlay-color":"","overlay-opacity":"","overlay-gradient":""}},"ast-content-background-meta":{"desktop":{"background-color":"var(--ast-global-color-5)","background-image":"","background-repeat":"repeat","background-position":"center center","background-size":"auto","background-attachment":"scroll","background-type":"","background-media":"","overlay-type":"","overlay-color":"","overlay-opacity":"","overlay-gradient":""},"tablet":{"background-color":"var(--ast-global-color-5)","background-image":"","background-repeat":"repeat","background-position":"center center","background-size":"auto","background-attachment":"scroll","background-type":"","background-media":"","overlay-type":"","overlay-color":"","overlay-opacity":"","overlay-gradient":""},"mobile":{"background-color":"var(--ast-global-color-5)","background-image":"","background-repeat":"repeat","background-position":"center center","background-size":"auto","background-attachment":"scroll","background-type":"","background-media":"","overlay-type":"","overlay-color":"","overlay-opacity":"","overlay-gradient":""}},"footnotes":""},"class_list":["post-126986","page","type-page","status-publish","has-post-thumbnail","hentry"],"yoast_head":"<!-- This site is optimized with the Yoast SEO plugin v27.3 - https:\/\/yoast.com\/product\/yoast-seo-wordpress\/ -->\n<title>Traductores de Confianza: Trusted Translations, Inc.<\/title>\n<meta name=\"description\" content=\"Trusted Translations ha establecido rigurosos procesos de garant\u00eda de calidad para la selecci\u00f3n exhaustiva y el monitoreo continuo de todos sus traductores.\" \/>\n<meta name=\"robots\" content=\"index, follow, max-snippet:-1, max-image-preview:large, max-video-preview:-1\" \/>\n<link rel=\"canonical\" href=\"https:\/\/www.trustedtranslations.com\/es\/acerca-de-nosotros\/traductores-confiables\" \/>\n<meta property=\"og:locale\" content=\"es_ES\" \/>\n<meta property=\"og:type\" content=\"article\" \/>\n<meta property=\"og:title\" content=\"Traductores de Confianza: Trusted Translations, Inc.\" \/>\n<meta property=\"og:description\" content=\"Trusted Translations ha establecido rigurosos procesos de garant\u00eda de calidad para la selecci\u00f3n exhaustiva y el monitoreo continuo de todos sus traductores.\" \/>\n<meta property=\"og:url\" content=\"https:\/\/www.trustedtranslations.com\/es\/acerca-de-nosotros\/traductores-confiables\" \/>\n<meta property=\"og:site_name\" content=\"Trusted Translations\" \/>\n<meta property=\"article:publisher\" content=\"https:\/\/www.facebook.com\/Trusted.Translations\" \/>\n<meta property=\"article:modified_time\" content=\"2024-09-06T15:26:32+00:00\" \/>\n<meta property=\"og:image\" content=\"https:\/\/static.trustedtranslations.com\/wp-content\/uploads\/2022\/03\/TT_NEW_FB-1.png\" \/>\n\t<meta property=\"og:image:width\" content=\"1038\" \/>\n\t<meta property=\"og:image:height\" content=\"1038\" \/>\n\t<meta property=\"og:image:type\" content=\"image\/png\" \/>\n<meta name=\"twitter:card\" content=\"summary_large_image\" \/>\n<meta name=\"twitter:site\" content=\"@TrustedT9ns\" \/>\n<script type=\"application\/ld+json\" class=\"yoast-schema-graph\">{\"@context\":\"https:\\\/\\\/schema.org\",\"@graph\":[{\"@type\":\"WebPage\",\"@id\":\"https:\\\/\\\/www.trustedtranslations.com\\\/es\\\/acerca-de-nosotros\\\/traductores-confiables\",\"url\":\"https:\\\/\\\/www.trustedtranslations.com\\\/es\\\/acerca-de-nosotros\\\/traductores-confiables\",\"name\":\"Traductores de Confianza: Trusted Translations, Inc.\",\"isPartOf\":{\"@id\":\"https:\\\/\\\/www.trustedtranslations.com\\\/es\\\/#website\"},\"primaryImageOfPage\":{\"@id\":\"https:\\\/\\\/www.trustedtranslations.com\\\/es\\\/acerca-de-nosotros\\\/traductores-confiables#primaryimage\"},\"image\":{\"@id\":\"https:\\\/\\\/www.trustedtranslations.com\\\/es\\\/acerca-de-nosotros\\\/traductores-confiables#primaryimage\"},\"thumbnailUrl\":\"https:\\\/\\\/www.trustedtranslations.com\\\/wp-content\\\/uploads\\\/2022\\\/03\\\/TT_NEW_FB-1.png\",\"description\":\"Trusted Translations ha establecido rigurosos procesos de garant\u00eda de calidad para la selecci\u00f3n exhaustiva y el monitoreo continuo de todos sus traductores.\",\"breadcrumb\":{\"@id\":\"https:\\\/\\\/www.trustedtranslations.com\\\/es\\\/acerca-de-nosotros\\\/traductores-confiables#breadcrumb\"},\"inLanguage\":\"es\",\"potentialAction\":[{\"@type\":\"ReadAction\",\"target\":[\"https:\\\/\\\/www.trustedtranslations.com\\\/es\\\/acerca-de-nosotros\\\/traductores-confiables\"]}]},{\"@type\":\"ImageObject\",\"inLanguage\":\"es\",\"@id\":\"https:\\\/\\\/www.trustedtranslations.com\\\/es\\\/acerca-de-nosotros\\\/traductores-confiables#primaryimage\",\"url\":\"https:\\\/\\\/www.trustedtranslations.com\\\/wp-content\\\/uploads\\\/2022\\\/03\\\/TT_NEW_FB-1.png\",\"contentUrl\":\"https:\\\/\\\/www.trustedtranslations.com\\\/wp-content\\\/uploads\\\/2022\\\/03\\\/TT_NEW_FB-1.png\",\"width\":1038,\"height\":1038,\"caption\":\"TT NEW FB 1\"},{\"@type\":\"BreadcrumbList\",\"@id\":\"https:\\\/\\\/www.trustedtranslations.com\\\/es\\\/acerca-de-nosotros\\\/traductores-confiables#breadcrumb\",\"itemListElement\":[{\"@type\":\"ListItem\",\"position\":1,\"name\":\"Home\",\"item\":\"https:\\\/\\\/www.trustedtranslations.com\\\/es\"},{\"@type\":\"ListItem\",\"position\":2,\"name\":\"Acerca de Nosotros\",\"item\":\"https:\\\/\\\/www.trustedtranslations.com\\\/es\\\/acerca-de-nosotros\"},{\"@type\":\"ListItem\",\"position\":3,\"name\":\"Traductores Confiables\"}]},{\"@type\":\"WebSite\",\"@id\":\"https:\\\/\\\/www.trustedtranslations.com\\\/es\\\/#website\",\"url\":\"https:\\\/\\\/www.trustedtranslations.com\\\/es\\\/\",\"name\":\"Trusted Translations, Inc.\",\"description\":\"Leader in translation and interpretation services.\",\"publisher\":{\"@id\":\"https:\\\/\\\/www.trustedtranslations.com\\\/es\\\/#organization\"},\"alternateName\":\"Trusted Translations\",\"potentialAction\":[{\"@type\":\"SearchAction\",\"target\":{\"@type\":\"EntryPoint\",\"urlTemplate\":\"https:\\\/\\\/www.trustedtranslations.com\\\/es\\\/?s={search_term_string}\"},\"query-input\":{\"@type\":\"PropertyValueSpecification\",\"valueRequired\":true,\"valueName\":\"search_term_string\"}}],\"inLanguage\":\"es\"},{\"@type\":\"Organization\",\"@id\":\"https:\\\/\\\/www.trustedtranslations.com\\\/es\\\/#organization\",\"name\":\"Trusted Translations\",\"alternateName\":\"Trusted Translations, Inc.\",\"url\":\"https:\\\/\\\/www.trustedtranslations.com\\\/es\\\/\",\"logo\":{\"@type\":\"ImageObject\",\"inLanguage\":\"es\",\"@id\":\"https:\\\/\\\/www.trustedtranslations.com\\\/es\\\/#\\\/schema\\\/logo\\\/image\\\/\",\"url\":\"https:\\\/\\\/static.trustedtranslations.com\\\/wp-content\\\/uploads\\\/2022\\\/01\\\/TT_logo_WSIColors-2.png\",\"contentUrl\":\"https:\\\/\\\/static.trustedtranslations.com\\\/wp-content\\\/uploads\\\/2022\\\/01\\\/TT_logo_WSIColors-2.png\",\"width\":500,\"height\":196,\"caption\":\"Trusted Translations\"},\"image\":{\"@id\":\"https:\\\/\\\/www.trustedtranslations.com\\\/es\\\/#\\\/schema\\\/logo\\\/image\\\/\"},\"sameAs\":[\"https:\\\/\\\/www.facebook.com\\\/Trusted.Translations\",\"https:\\\/\\\/x.com\\\/TrustedT9ns\",\"https:\\\/\\\/www.linkedin.com\\\/company\\\/trusted-translations\"]}]}<\/script>\n<!-- \/ Yoast SEO plugin. -->","yoast_head_json":{"title":"Traductores de Confianza: Trusted Translations, Inc.","description":"Trusted Translations ha establecido rigurosos procesos de garant\u00eda de calidad para la selecci\u00f3n exhaustiva y el monitoreo continuo de todos sus traductores.","robots":{"index":"index","follow":"follow","max-snippet":"max-snippet:-1","max-image-preview":"max-image-preview:large","max-video-preview":"max-video-preview:-1"},"canonical":"https:\/\/www.trustedtranslations.com\/es\/acerca-de-nosotros\/traductores-confiables","og_locale":"es_ES","og_type":"article","og_title":"Traductores de Confianza: Trusted Translations, Inc.","og_description":"Trusted Translations ha establecido rigurosos procesos de garant\u00eda de calidad para la selecci\u00f3n exhaustiva y el monitoreo continuo de todos sus traductores.","og_url":"https:\/\/www.trustedtranslations.com\/es\/acerca-de-nosotros\/traductores-confiables","og_site_name":"Trusted Translations","article_publisher":"https:\/\/www.facebook.com\/Trusted.Translations","article_modified_time":"2024-09-06T15:26:32+00:00","og_image":[{"width":1038,"height":1038,"url":"https:\/\/static.trustedtranslations.com\/wp-content\/uploads\/2022\/03\/TT_NEW_FB-1.png","type":"image\/png"}],"twitter_card":"summary_large_image","twitter_site":"@TrustedT9ns","schema":{"@context":"https:\/\/schema.org","@graph":[{"@type":"WebPage","@id":"https:\/\/www.trustedtranslations.com\/es\/acerca-de-nosotros\/traductores-confiables","url":"https:\/\/www.trustedtranslations.com\/es\/acerca-de-nosotros\/traductores-confiables","name":"Traductores de Confianza: Trusted Translations, Inc.","isPartOf":{"@id":"https:\/\/www.trustedtranslations.com\/es\/#website"},"primaryImageOfPage":{"@id":"https:\/\/www.trustedtranslations.com\/es\/acerca-de-nosotros\/traductores-confiables#primaryimage"},"image":{"@id":"https:\/\/www.trustedtranslations.com\/es\/acerca-de-nosotros\/traductores-confiables#primaryimage"},"thumbnailUrl":"https:\/\/www.trustedtranslations.com\/wp-content\/uploads\/2022\/03\/TT_NEW_FB-1.png","description":"Trusted Translations ha establecido rigurosos procesos de garant\u00eda de calidad para la selecci\u00f3n exhaustiva y el monitoreo continuo de todos sus traductores.","breadcrumb":{"@id":"https:\/\/www.trustedtranslations.com\/es\/acerca-de-nosotros\/traductores-confiables#breadcrumb"},"inLanguage":"es","potentialAction":[{"@type":"ReadAction","target":["https:\/\/www.trustedtranslations.com\/es\/acerca-de-nosotros\/traductores-confiables"]}]},{"@type":"ImageObject","inLanguage":"es","@id":"https:\/\/www.trustedtranslations.com\/es\/acerca-de-nosotros\/traductores-confiables#primaryimage","url":"https:\/\/www.trustedtranslations.com\/wp-content\/uploads\/2022\/03\/TT_NEW_FB-1.png","contentUrl":"https:\/\/www.trustedtranslations.com\/wp-content\/uploads\/2022\/03\/TT_NEW_FB-1.png","width":1038,"height":1038,"caption":"TT NEW FB 1"},{"@type":"BreadcrumbList","@id":"https:\/\/www.trustedtranslations.com\/es\/acerca-de-nosotros\/traductores-confiables#breadcrumb","itemListElement":[{"@type":"ListItem","position":1,"name":"Home","item":"https:\/\/www.trustedtranslations.com\/es"},{"@type":"ListItem","position":2,"name":"Acerca de Nosotros","item":"https:\/\/www.trustedtranslations.com\/es\/acerca-de-nosotros"},{"@type":"ListItem","position":3,"name":"Traductores Confiables"}]},{"@type":"WebSite","@id":"https:\/\/www.trustedtranslations.com\/es\/#website","url":"https:\/\/www.trustedtranslations.com\/es\/","name":"Trusted Translations, Inc.","description":"Leader in translation and interpretation services.","publisher":{"@id":"https:\/\/www.trustedtranslations.com\/es\/#organization"},"alternateName":"Trusted Translations","potentialAction":[{"@type":"SearchAction","target":{"@type":"EntryPoint","urlTemplate":"https:\/\/www.trustedtranslations.com\/es\/?s={search_term_string}"},"query-input":{"@type":"PropertyValueSpecification","valueRequired":true,"valueName":"search_term_string"}}],"inLanguage":"es"},{"@type":"Organization","@id":"https:\/\/www.trustedtranslations.com\/es\/#organization","name":"Trusted Translations","alternateName":"Trusted Translations, Inc.","url":"https:\/\/www.trustedtranslations.com\/es\/","logo":{"@type":"ImageObject","inLanguage":"es","@id":"https:\/\/www.trustedtranslations.com\/es\/#\/schema\/logo\/image\/","url":"https:\/\/static.trustedtranslations.com\/wp-content\/uploads\/2022\/01\/TT_logo_WSIColors-2.png","contentUrl":"https:\/\/static.trustedtranslations.com\/wp-content\/uploads\/2022\/01\/TT_logo_WSIColors-2.png","width":500,"height":196,"caption":"Trusted Translations"},"image":{"@id":"https:\/\/www.trustedtranslations.com\/es\/#\/schema\/logo\/image\/"},"sameAs":["https:\/\/www.facebook.com\/Trusted.Translations","https:\/\/x.com\/TrustedT9ns","https:\/\/www.linkedin.com\/company\/trusted-translations"]}]}},"toolset-meta":{"dyk":{"mensaje-1":{"type":"textfield","raw":""},"mensaje-2":{"type":"textfield","raw":""},"mensaje-3":{"type":"textfield","raw":""},"mensaje-4":{"type":"textfield","raw":""},"mensaje-5":{"type":"textfield","raw":""},"mensaje-6":{"type":"textfield","raw":""}},"single-page-template-fields":{"imgs-temp":{"type":"image","raw":["https:\/\/static.trustedtranslations.com\/wp-content\/uploads\/2022\/08\/translators.jpg"],"repeatable":[{"raw":"https:\/\/static.trustedtranslations.com\/wp-content\/uploads\/2022\/08\/translators.jpg"}]},"imgs-temp-cel":{"type":"image","raw":[""],"repeatable":[{"raw":""}]},"img-temp-one-cel":{"type":"image","raw":"https:\/\/static.trustedtranslations.com\/wp-content\/uploads\/2022\/08\/translator-1.jpg","attachment_id":null},"quotes":{"type":"textarea","raw":"<h1>Traductores Confiables<\/h1>\r\nEn <em>Trusted Translations<\/em>, realizamos un minucioso y exigente proceso de selecci\u00f3n y contrataci\u00f3n de ling\u00fcistas, seguido de un monitoreo del desempe\u00f1o con comentarios constantes y una etapa de continuo desarrollo y capacitaci\u00f3n para cada traductor.\r\n<div style=\"margin-top: 2.5vw;\"><a class=\"tt-btn-main-cta\" href=\"https:\/\/www.trustedtranslations.com\/es\/presupuesto-sin-cargo\">Solicite un presupuesto sin cargo<\/a><\/div>"},"text-1":{"type":"textarea","raw":"Durante la etapa de precontrataci\u00f3n de recursos, cada potencial traductor especializado deber\u00e1 aprobar una exigente prueba de traducci\u00f3n en su par de idiomas y en una o m\u00e1s de las siguientes \u00e1reas: contabilidad, agricultura, negocios (general), econom\u00eda, educaci\u00f3n, energ\u00eda, medio ambiente, finanzas, atenci\u00f3n m\u00e9dica, recursos humanos, tecnolog\u00eda inform\u00e1tica, leyes, industria manufacturera, marketing, medicina, farmacia, ciencias pol\u00edticas o deportes.\r\n\r\nUn ling\u00fcista especializado califica cada prueba para aprobarla o desaprobarla. A quienes aprueban y se los contrata, se los clasifica dentro de nuestro sistema interno de manejo de recursos por su par de idiomas y \u00e1rea de especializaci\u00f3n. Eso permite que se lo identifique con facilidad para realizar un proyecto en particular. Tambi\u00e9n nos permite monitorear su desempe\u00f1o en cada tarea y \u00e1rea tem\u00e1tica.\r\n\r\nDe nuestra amplia red de recursos disponibles, seleccionamos aquellos con las puntuaciones m\u00e1s altas y un desempe\u00f1o de calidad comprobado en determinados temas para llevar a cabo la traducci\u00f3n de su proyecto.\r\n\r\nA fin de asegurarnos de que la producci\u00f3n colectiva de nuestro equipo nunca se desv\u00ede de los est\u00e1ndares de nivel ISO que prometemos a los clientes, se selecciona al azar el diez por ciento de nuestros productos a entregar para un an\u00e1lisis y evaluaci\u00f3n exhaustivos, en los que se utiliza una metodolog\u00eda de <a href=\"https:\/\/www.trustedtranslations.com\/es\/servicios\/humano\/calidad\">evaluaci\u00f3n de garant\u00eda de calidad<\/a> aprobada a nivel mundial, que se describe m\u00e1s adelante.\r\n<h2>Nuestra Selecci\u00f3n de Ling\u00fcistas<\/h2>\r\nLos recursos de <em>Trusted Translations<\/em> se seleccionan con cuidado y se monitorean de cerca en todos los proyectos. Esto se realiza desde el comienzo y contin\u00faa mientras son miembros activos de nuestro personal. Este monitoreo no solo analiza el conocimiento de un idioma e industria en particular, sino tambi\u00e9n el dominio de todas las herramientas tecnol\u00f3gicas esenciales para la mayor\u00eda de los proyectos.\r\n\r\nTodos los solicitantes deben aprobar ex\u00e1menes espec\u00edficos de traducci\u00f3n del campo de especializaci\u00f3n. Luego, nuestros ling\u00fcistas principales, o jefes del departamento de idioma, revisan las pruebas en ese par de idiomas en particular."},"shortcode-map":{"type":"textfield","raw":""},"dyk-shortcode":{"type":"textfield","raw":"[elementor-template id=\"139368\"]"},"text-2":{"type":"textarea","raw":"<h2>Evaluaci\u00f3n Continua del Ling\u00fcista<\/h2>\r\nSi los candidatos aprueban, formar\u00e1n parte de nuestro selecto equipo de ling\u00fcistas. Sin embargo, el monitoreo no termina aqu\u00ed. Nuestro proceso de traducci\u00f3n de tres pasos apunta a asegurar la calidad a lo largo de todo el proyecto. Los editores revisan el trabajo de los traductores, los correctores revisan la tarea de los editores y los gerentes de proyecto (PM) revisan el proyecto en general. La revisi\u00f3n implica calificar el desempe\u00f1o de cada ling\u00fcista en el paso anterior del 1 al 5: la puntuaci\u00f3n m\u00e1s alta indica un trabajo excelente.\r\n\r\nSe espera que la calificaci\u00f3n sea imparcial, ya que nunca se revela la identidad del evaluado. Los puntajes se promedian con los obtenidos en proyectos anteriores y ese promedio sirve de herramienta al PM para asignar una nueva tarea. Adem\u00e1s, cada traductor recibe un archivo en donde visualiza todos los cambios realizados a su trabajo para permitirle mejorar su desempe\u00f1o observando comentarios objetivos.\r\n\r\nAdem\u00e1s del sistema de calificaci\u00f3n, realizamos al azar revisiones de aseguramiento de calidad (QA) al diez por ciento de nuestros proyectos. Los controles de QA se realizan mediante una prueba est\u00e1ndar de la industria llamada MQM (M\u00e9trica de Calidad Multidimensional). Este m\u00e9todo permite la revisi\u00f3n objetiva de un proyecto, y entrega un resultado tanto cualitativo como cuantitativo. Esta prueba de QA tambi\u00e9n sirve como medio para abordar comentarios negativos de los clientes.\r\n\r\nCon atenci\u00f3n rigurosa y est\u00e1ndares aplicados desde la selecci\u00f3n de recursos hasta la contrataci\u00f3n, y desde la asignaci\u00f3n de un proyecto hasta la evaluaci\u00f3n de control de calidad, el cliente sabe que puede confiar en nuestros <em>traductores confiables<\/em>."},"state":{"type":"textfield","raw":""},"city":{"type":"textarea","raw":[]}}},"_links":{"self":[{"href":"https:\/\/www.trustedtranslations.com\/es\/wp-json\/wp\/v2\/pages\/126986","targetHints":{"allow":["GET"]}}],"collection":[{"href":"https:\/\/www.trustedtranslations.com\/es\/wp-json\/wp\/v2\/pages"}],"about":[{"href":"https:\/\/www.trustedtranslations.com\/es\/wp-json\/wp\/v2\/types\/page"}],"author":[{"embeddable":true,"href":"https:\/\/www.trustedtranslations.com\/es\/wp-json\/wp\/v2\/users\/1"}],"replies":[{"embeddable":true,"href":"https:\/\/www.trustedtranslations.com\/es\/wp-json\/wp\/v2\/comments?post=126986"}],"version-history":[{"count":0,"href":"https:\/\/www.trustedtranslations.com\/es\/wp-json\/wp\/v2\/pages\/126986\/revisions"}],"up":[{"embeddable":true,"href":"https:\/\/www.trustedtranslations.com\/es\/wp-json\/wp\/v2\/pages\/127176"}],"wp:featuredmedia":[{"embeddable":true,"href":"https:\/\/www.trustedtranslations.com\/es\/wp-json\/wp\/v2\/media\/139634"}],"wp:attachment":[{"href":"https:\/\/www.trustedtranslations.com\/es\/wp-json\/wp\/v2\/media?parent=126986"}],"curies":[{"name":"wp","href":"https:\/\/api.w.org\/{rel}","templated":true}]}}