{"id":126987,"date":"2018-07-10T15:51:18","date_gmt":"2018-07-10T15:51:18","guid":{"rendered":"https:\/\/www.trustedtranslations.com\/?page_id=126987"},"modified":"2024-09-06T12:13:53","modified_gmt":"2024-09-06T15:13:53","slug":"proceso","status":"publish","type":"page","link":"https:\/\/www.trustedtranslations.com\/es\/acerca-de-nosotros\/proceso","title":{"rendered":"Proceso"},"content":{"rendered":"","protected":false},"excerpt":{"rendered":"","protected":false},"author":1,"featured_media":139634,"parent":127176,"menu_order":0,"comment_status":"closed","ping_status":"closed","template":"","meta":{"site-sidebar-layout":"default","site-content-layout":"default","ast-site-content-layout":"default","site-content-style":"default","site-sidebar-style":"default","ast-global-header-display":"","ast-banner-title-visibility":"","ast-main-header-display":"","ast-hfb-above-header-display":"","ast-hfb-below-header-display":"","ast-hfb-mobile-header-display":"","site-post-title":"disabled","ast-breadcrumbs-content":"","ast-featured-img":"","footer-sml-layout":"","ast-disable-related-posts":"","theme-transparent-header-meta":"default","adv-header-id-meta":"","stick-header-meta":"","header-above-stick-meta":"","header-main-stick-meta":"","header-below-stick-meta":"","astra-migrate-meta-layouts":"set","ast-page-background-enabled":"default","ast-page-background-meta":{"desktop":{"background-color":"var(--ast-global-color-4)","background-image":"","background-repeat":"repeat","background-position":"center center","background-size":"auto","background-attachment":"scroll","background-type":"","background-media":"","overlay-type":"","overlay-color":"","overlay-opacity":"","overlay-gradient":""},"tablet":{"background-color":"","background-image":"","background-repeat":"repeat","background-position":"center center","background-size":"auto","background-attachment":"scroll","background-type":"","background-media":"","overlay-type":"","overlay-color":"","overlay-opacity":"","overlay-gradient":""},"mobile":{"background-color":"","background-image":"","background-repeat":"repeat","background-position":"center center","background-size":"auto","background-attachment":"scroll","background-type":"","background-media":"","overlay-type":"","overlay-color":"","overlay-opacity":"","overlay-gradient":""}},"ast-content-background-meta":{"desktop":{"background-color":"var(--ast-global-color-5)","background-image":"","background-repeat":"repeat","background-position":"center center","background-size":"auto","background-attachment":"scroll","background-type":"","background-media":"","overlay-type":"","overlay-color":"","overlay-opacity":"","overlay-gradient":""},"tablet":{"background-color":"var(--ast-global-color-5)","background-image":"","background-repeat":"repeat","background-position":"center center","background-size":"auto","background-attachment":"scroll","background-type":"","background-media":"","overlay-type":"","overlay-color":"","overlay-opacity":"","overlay-gradient":""},"mobile":{"background-color":"var(--ast-global-color-5)","background-image":"","background-repeat":"repeat","background-position":"center center","background-size":"auto","background-attachment":"scroll","background-type":"","background-media":"","overlay-type":"","overlay-color":"","overlay-opacity":"","overlay-gradient":""}},"footnotes":""},"class_list":["post-126987","page","type-page","status-publish","has-post-thumbnail","hentry"],"yoast_head":"<!-- This site is optimized with the Yoast SEO plugin v27.3 - https:\/\/yoast.com\/product\/yoast-seo-wordpress\/ -->\n<title>Proceso de Traducci\u00f3n: Administraci\u00f3n de Tareas en Trusted Translations<\/title>\n<meta name=\"description\" content=\"El proceso de traducci\u00f3n de Trusted Translations consiste en traducci\u00f3n, edici\u00f3n y revisi\u00f3n (TEP), que realizan tres equipos ling\u00fc\u00edsticos certificados diferentes. Haga una consulta o solicite un presupuesto sin cargo.\" \/>\n<meta name=\"robots\" content=\"index, follow, max-snippet:-1, max-image-preview:large, max-video-preview:-1\" \/>\n<link rel=\"canonical\" href=\"https:\/\/www.trustedtranslations.com\/es\/acerca-de-nosotros\/proceso\" \/>\n<meta property=\"og:locale\" content=\"es_ES\" \/>\n<meta property=\"og:type\" content=\"article\" \/>\n<meta property=\"og:title\" content=\"Proceso de Traducci\u00f3n: Administraci\u00f3n de Tareas en Trusted Translations\" \/>\n<meta property=\"og:description\" content=\"El proceso de traducci\u00f3n de Trusted Translations consiste en traducci\u00f3n, edici\u00f3n y revisi\u00f3n (TEP), que realizan tres equipos ling\u00fc\u00edsticos certificados diferentes. Haga una consulta o solicite un presupuesto sin cargo.\" \/>\n<meta property=\"og:url\" content=\"https:\/\/www.trustedtranslations.com\/es\/acerca-de-nosotros\/proceso\" \/>\n<meta property=\"og:site_name\" content=\"Trusted Translations\" \/>\n<meta property=\"article:publisher\" content=\"https:\/\/www.facebook.com\/Trusted.Translations\" \/>\n<meta property=\"article:modified_time\" content=\"2024-09-06T15:13:53+00:00\" \/>\n<meta property=\"og:image\" content=\"https:\/\/static.trustedtranslations.com\/wp-content\/uploads\/2022\/03\/TT_NEW_FB-1.png\" \/>\n\t<meta property=\"og:image:width\" content=\"1038\" \/>\n\t<meta property=\"og:image:height\" content=\"1038\" \/>\n\t<meta property=\"og:image:type\" content=\"image\/png\" \/>\n<meta name=\"twitter:card\" content=\"summary_large_image\" \/>\n<meta name=\"twitter:site\" content=\"@TrustedT9ns\" \/>\n<script type=\"application\/ld+json\" class=\"yoast-schema-graph\">{\"@context\":\"https:\\\/\\\/schema.org\",\"@graph\":[{\"@type\":\"WebPage\",\"@id\":\"https:\\\/\\\/www.trustedtranslations.com\\\/es\\\/acerca-de-nosotros\\\/proceso\",\"url\":\"https:\\\/\\\/www.trustedtranslations.com\\\/es\\\/acerca-de-nosotros\\\/proceso\",\"name\":\"Proceso de Traducci\u00f3n: Administraci\u00f3n de Tareas en Trusted Translations\",\"isPartOf\":{\"@id\":\"https:\\\/\\\/www.trustedtranslations.com\\\/es\\\/#website\"},\"primaryImageOfPage\":{\"@id\":\"https:\\\/\\\/www.trustedtranslations.com\\\/es\\\/acerca-de-nosotros\\\/proceso#primaryimage\"},\"image\":{\"@id\":\"https:\\\/\\\/www.trustedtranslations.com\\\/es\\\/acerca-de-nosotros\\\/proceso#primaryimage\"},\"thumbnailUrl\":\"https:\\\/\\\/www.trustedtranslations.com\\\/wp-content\\\/uploads\\\/2022\\\/03\\\/TT_NEW_FB-1.png\",\"description\":\"El proceso de traducci\u00f3n de Trusted Translations consiste en traducci\u00f3n, edici\u00f3n y revisi\u00f3n (TEP), que realizan tres equipos ling\u00fc\u00edsticos certificados diferentes. Haga una consulta o solicite un presupuesto sin cargo.\",\"breadcrumb\":{\"@id\":\"https:\\\/\\\/www.trustedtranslations.com\\\/es\\\/acerca-de-nosotros\\\/proceso#breadcrumb\"},\"inLanguage\":\"es\",\"potentialAction\":[{\"@type\":\"ReadAction\",\"target\":[\"https:\\\/\\\/www.trustedtranslations.com\\\/es\\\/acerca-de-nosotros\\\/proceso\"]}]},{\"@type\":\"ImageObject\",\"inLanguage\":\"es\",\"@id\":\"https:\\\/\\\/www.trustedtranslations.com\\\/es\\\/acerca-de-nosotros\\\/proceso#primaryimage\",\"url\":\"https:\\\/\\\/www.trustedtranslations.com\\\/wp-content\\\/uploads\\\/2022\\\/03\\\/TT_NEW_FB-1.png\",\"contentUrl\":\"https:\\\/\\\/www.trustedtranslations.com\\\/wp-content\\\/uploads\\\/2022\\\/03\\\/TT_NEW_FB-1.png\",\"width\":1038,\"height\":1038,\"caption\":\"TT NEW FB 1\"},{\"@type\":\"BreadcrumbList\",\"@id\":\"https:\\\/\\\/www.trustedtranslations.com\\\/es\\\/acerca-de-nosotros\\\/proceso#breadcrumb\",\"itemListElement\":[{\"@type\":\"ListItem\",\"position\":1,\"name\":\"Home\",\"item\":\"https:\\\/\\\/www.trustedtranslations.com\\\/es\"},{\"@type\":\"ListItem\",\"position\":2,\"name\":\"Acerca de Nosotros\",\"item\":\"https:\\\/\\\/www.trustedtranslations.com\\\/es\\\/acerca-de-nosotros\"},{\"@type\":\"ListItem\",\"position\":3,\"name\":\"Proceso\"}]},{\"@type\":\"WebSite\",\"@id\":\"https:\\\/\\\/www.trustedtranslations.com\\\/es\\\/#website\",\"url\":\"https:\\\/\\\/www.trustedtranslations.com\\\/es\\\/\",\"name\":\"Trusted Translations, Inc.\",\"description\":\"Leader in translation and interpretation services.\",\"publisher\":{\"@id\":\"https:\\\/\\\/www.trustedtranslations.com\\\/es\\\/#organization\"},\"alternateName\":\"Trusted Translations\",\"potentialAction\":[{\"@type\":\"SearchAction\",\"target\":{\"@type\":\"EntryPoint\",\"urlTemplate\":\"https:\\\/\\\/www.trustedtranslations.com\\\/es\\\/?s={search_term_string}\"},\"query-input\":{\"@type\":\"PropertyValueSpecification\",\"valueRequired\":true,\"valueName\":\"search_term_string\"}}],\"inLanguage\":\"es\"},{\"@type\":\"Organization\",\"@id\":\"https:\\\/\\\/www.trustedtranslations.com\\\/es\\\/#organization\",\"name\":\"Trusted Translations\",\"alternateName\":\"Trusted Translations, Inc.\",\"url\":\"https:\\\/\\\/www.trustedtranslations.com\\\/es\\\/\",\"logo\":{\"@type\":\"ImageObject\",\"inLanguage\":\"es\",\"@id\":\"https:\\\/\\\/www.trustedtranslations.com\\\/es\\\/#\\\/schema\\\/logo\\\/image\\\/\",\"url\":\"https:\\\/\\\/static.trustedtranslations.com\\\/wp-content\\\/uploads\\\/2022\\\/01\\\/TT_logo_WSIColors-2.png\",\"contentUrl\":\"https:\\\/\\\/static.trustedtranslations.com\\\/wp-content\\\/uploads\\\/2022\\\/01\\\/TT_logo_WSIColors-2.png\",\"width\":500,\"height\":196,\"caption\":\"Trusted Translations\"},\"image\":{\"@id\":\"https:\\\/\\\/www.trustedtranslations.com\\\/es\\\/#\\\/schema\\\/logo\\\/image\\\/\"},\"sameAs\":[\"https:\\\/\\\/www.facebook.com\\\/Trusted.Translations\",\"https:\\\/\\\/x.com\\\/TrustedT9ns\",\"https:\\\/\\\/www.linkedin.com\\\/company\\\/trusted-translations\"]}]}<\/script>\n<!-- \/ Yoast SEO plugin. -->","yoast_head_json":{"title":"Proceso de Traducci\u00f3n: Administraci\u00f3n de Tareas en Trusted Translations","description":"El proceso de traducci\u00f3n de Trusted Translations consiste en traducci\u00f3n, edici\u00f3n y revisi\u00f3n (TEP), que realizan tres equipos ling\u00fc\u00edsticos certificados diferentes. Haga una consulta o solicite un presupuesto sin cargo.","robots":{"index":"index","follow":"follow","max-snippet":"max-snippet:-1","max-image-preview":"max-image-preview:large","max-video-preview":"max-video-preview:-1"},"canonical":"https:\/\/www.trustedtranslations.com\/es\/acerca-de-nosotros\/proceso","og_locale":"es_ES","og_type":"article","og_title":"Proceso de Traducci\u00f3n: Administraci\u00f3n de Tareas en Trusted Translations","og_description":"El proceso de traducci\u00f3n de Trusted Translations consiste en traducci\u00f3n, edici\u00f3n y revisi\u00f3n (TEP), que realizan tres equipos ling\u00fc\u00edsticos certificados diferentes. Haga una consulta o solicite un presupuesto sin cargo.","og_url":"https:\/\/www.trustedtranslations.com\/es\/acerca-de-nosotros\/proceso","og_site_name":"Trusted Translations","article_publisher":"https:\/\/www.facebook.com\/Trusted.Translations","article_modified_time":"2024-09-06T15:13:53+00:00","og_image":[{"width":1038,"height":1038,"url":"https:\/\/static.trustedtranslations.com\/wp-content\/uploads\/2022\/03\/TT_NEW_FB-1.png","type":"image\/png"}],"twitter_card":"summary_large_image","twitter_site":"@TrustedT9ns","schema":{"@context":"https:\/\/schema.org","@graph":[{"@type":"WebPage","@id":"https:\/\/www.trustedtranslations.com\/es\/acerca-de-nosotros\/proceso","url":"https:\/\/www.trustedtranslations.com\/es\/acerca-de-nosotros\/proceso","name":"Proceso de Traducci\u00f3n: Administraci\u00f3n de Tareas en Trusted Translations","isPartOf":{"@id":"https:\/\/www.trustedtranslations.com\/es\/#website"},"primaryImageOfPage":{"@id":"https:\/\/www.trustedtranslations.com\/es\/acerca-de-nosotros\/proceso#primaryimage"},"image":{"@id":"https:\/\/www.trustedtranslations.com\/es\/acerca-de-nosotros\/proceso#primaryimage"},"thumbnailUrl":"https:\/\/www.trustedtranslations.com\/wp-content\/uploads\/2022\/03\/TT_NEW_FB-1.png","description":"El proceso de traducci\u00f3n de Trusted Translations consiste en traducci\u00f3n, edici\u00f3n y revisi\u00f3n (TEP), que realizan tres equipos ling\u00fc\u00edsticos certificados diferentes. Haga una consulta o solicite un presupuesto sin cargo.","breadcrumb":{"@id":"https:\/\/www.trustedtranslations.com\/es\/acerca-de-nosotros\/proceso#breadcrumb"},"inLanguage":"es","potentialAction":[{"@type":"ReadAction","target":["https:\/\/www.trustedtranslations.com\/es\/acerca-de-nosotros\/proceso"]}]},{"@type":"ImageObject","inLanguage":"es","@id":"https:\/\/www.trustedtranslations.com\/es\/acerca-de-nosotros\/proceso#primaryimage","url":"https:\/\/www.trustedtranslations.com\/wp-content\/uploads\/2022\/03\/TT_NEW_FB-1.png","contentUrl":"https:\/\/www.trustedtranslations.com\/wp-content\/uploads\/2022\/03\/TT_NEW_FB-1.png","width":1038,"height":1038,"caption":"TT NEW FB 1"},{"@type":"BreadcrumbList","@id":"https:\/\/www.trustedtranslations.com\/es\/acerca-de-nosotros\/proceso#breadcrumb","itemListElement":[{"@type":"ListItem","position":1,"name":"Home","item":"https:\/\/www.trustedtranslations.com\/es"},{"@type":"ListItem","position":2,"name":"Acerca de Nosotros","item":"https:\/\/www.trustedtranslations.com\/es\/acerca-de-nosotros"},{"@type":"ListItem","position":3,"name":"Proceso"}]},{"@type":"WebSite","@id":"https:\/\/www.trustedtranslations.com\/es\/#website","url":"https:\/\/www.trustedtranslations.com\/es\/","name":"Trusted Translations, Inc.","description":"Leader in translation and interpretation services.","publisher":{"@id":"https:\/\/www.trustedtranslations.com\/es\/#organization"},"alternateName":"Trusted Translations","potentialAction":[{"@type":"SearchAction","target":{"@type":"EntryPoint","urlTemplate":"https:\/\/www.trustedtranslations.com\/es\/?s={search_term_string}"},"query-input":{"@type":"PropertyValueSpecification","valueRequired":true,"valueName":"search_term_string"}}],"inLanguage":"es"},{"@type":"Organization","@id":"https:\/\/www.trustedtranslations.com\/es\/#organization","name":"Trusted Translations","alternateName":"Trusted Translations, Inc.","url":"https:\/\/www.trustedtranslations.com\/es\/","logo":{"@type":"ImageObject","inLanguage":"es","@id":"https:\/\/www.trustedtranslations.com\/es\/#\/schema\/logo\/image\/","url":"https:\/\/static.trustedtranslations.com\/wp-content\/uploads\/2022\/01\/TT_logo_WSIColors-2.png","contentUrl":"https:\/\/static.trustedtranslations.com\/wp-content\/uploads\/2022\/01\/TT_logo_WSIColors-2.png","width":500,"height":196,"caption":"Trusted Translations"},"image":{"@id":"https:\/\/www.trustedtranslations.com\/es\/#\/schema\/logo\/image\/"},"sameAs":["https:\/\/www.facebook.com\/Trusted.Translations","https:\/\/x.com\/TrustedT9ns","https:\/\/www.linkedin.com\/company\/trusted-translations"]}]}},"toolset-meta":{"dyk":{"mensaje-1":{"type":"textfield","raw":"Proporcionamos un gerente de dise\u00f1o gr\u00e1fico (DTP) para los proyectos relacionados con el arte o el dise\u00f1o gr\u00e1fico."},"mensaje-2":{"type":"textfield","raw":"Tenemos gerentes de terminolog\u00eda\/contenido dedicados solo a revisar glosarios para proyectos."},"mensaje-3":{"type":"textfield","raw":""},"mensaje-4":{"type":"textfield","raw":""},"mensaje-5":{"type":"textfield","raw":""},"mensaje-6":{"type":"textfield","raw":""}},"single-page-template-fields":{"imgs-temp":{"type":"image","raw":["https:\/\/static.trustedtranslations.com\/wp-content\/uploads\/2024\/07\/Group-124-1.webp","https:\/\/static.trustedtranslations.com\/wp-content\/uploads\/2024\/07\/Group-123-1.webp"],"repeatable":[{"raw":"https:\/\/static.trustedtranslations.com\/wp-content\/uploads\/2024\/07\/Group-124-1.webp"},{"raw":"https:\/\/static.trustedtranslations.com\/wp-content\/uploads\/2024\/07\/Group-123-1.webp"}]},"imgs-temp-cel":{"type":"image","raw":[""],"repeatable":[{"raw":""}]},"img-temp-one-cel":{"type":"image","raw":"https:\/\/static.trustedtranslations.com\/wp-content\/uploads\/2024\/07\/AdobeStock_482079081-1-1.webp","attachment_id":null},"quotes":{"type":"textarea","raw":"<h1 style=\"margin-bottom: 12px;\">Nuestro Proceso de Traducci\u00f3n<\/h1>\r\nAunque ofrecemos varias opciones seg\u00fan el presupuesto espec\u00edfico y las necesidades de entrega, nuestros clientes solicitan por lo general un proceso de traducci\u00f3n est\u00e1ndar, consistente en traducci\u00f3n, edici\u00f3n y revisi\u00f3n (abreviado como TEP), que realizan tres equipos ling\u00fc\u00edsticos certificados diferentes. Al final de este proceso de tres pasos, el gerente de proyecto realiza un control de calidad final antes de la entrega.\r\n<div style=\"margin-top: 2.5vw;\"><a class=\"tt-btn-main-cta\" href=\"https:\/\/www.trustedtranslations.com\/es\/presupuesto-sin-cargo\">Solicite un presupuesto sin cargo<\/a><\/div>"},"text-1":{"type":"textarea","raw":"<h2>Trusted Translations: Calidad Asegurada<\/h2>El proceso de traducci\u00f3n de <em>Trusted Translations<\/em> est\u00e1 dise\u00f1ado para priorizar la garant\u00eda de calidad. Tres puntos sucesivos de verificaci\u00f3n de calidad seguir\u00e1n al primer paso de cada traducci\u00f3n para asegurarse de obtener un resultado de la m\u00e1s alta calidad posible. Si hay obras art\u00edsticas o gr\u00e1ficos involucrados, y si el proyecto requiere un reflejo exacto del material original, un gerente de dise\u00f1o gr\u00e1fico (DTP) experto tambi\u00e9n supervisar\u00e1 el resultado final de todo el trabajo necesario de dise\u00f1o y formato.\r\n<h2>Administraci\u00f3n de Tareas del Proceso de Traducci\u00f3n<\/h2>\r\nLa estrategia de traducci\u00f3n de gran volumen de <em>Trusted Translations<\/em> se basa en un enfoque integral de la administraci\u00f3n de tareas. Nuestro sistema probado y comprobado facilita la comunicaci\u00f3n y colaboraci\u00f3n entre todos los equipos de traducci\u00f3n para garantizar que el cliente reciba un art\u00edculo uniforme y de alta calidad.\r\n\r\nCada proyecto se asigna a un gerente de proyecto principal, que supervisa los siguientes aspectos:\r\n<ul>\r\n \t<li>\r\n<h3>Selecci\u00f3n de Equipos de Traductores<\/h3>\r\n<\/li>\r\n<\/ul>\r\nLos equipos de ling\u00fcistas asignados se determinan en funci\u00f3n de la experiencia y la especialidad. Todos nuestros traductores son hablantes nativos del idioma de destino. Confiamos el contenido muy t\u00e9cnico a especialistas en el tema en cuesti\u00f3n, que se aseguran de usar los t\u00e9rminos correctos. Trabajamos en estrecha colaboraci\u00f3n con representantes de los clientes para garantizar que la traducci\u00f3n se complete de acuerdo con la terminolog\u00eda preferida por ellos.\r\n<ul>\r\n \t<li>\r\n<h2>Manejo de la Terminolog\u00eda<\/h2>\r\n<\/li>\r\n<\/ul>\r\nSeg\u00fan las especificidades del proyecto, se crea un glosario integral de t\u00e9rminos espec\u00edficos para ese proyecto, en colaboraci\u00f3n con el cliente y a su pedido. Ese proceso queda a cargo de un gerente de contenido y terminolog\u00eda, cuya \u00fanica funci\u00f3n es recibir, interpretar, convertir e implementar los t\u00e9rminos mediante un glosario din\u00e1mico, que distribuimos a los equipos de ling\u00fcistas. De este modo se proporciona coherencia en todo el proyecto y es un proceso vital para mantener un alto nivel de calidad en proyectos grandes."},"shortcode-map":{"type":"textfield","raw":""},"dyk-shortcode":{"type":"textfield","raw":"[elementor-template id=\"139368\"]"},"text-2":{"type":"textarea","raw":"<ul>\r\n \t<li>\r\n<h3>Verificaci\u00f3n de Calidad y Control de Procesos<\/h3>\r\n<\/li>\r\n<\/ul>\r\nNuestros procedimientos y herramientas de verificaci\u00f3n siguen la pista a la calidad en todos los documentos, lo que nos permite producir traducciones precisas con tiempos de entrega r\u00e1pidos. Un traductor editor, un revisor y un gerente de contenidos revisar\u00e1n cada documento. Adem\u00e1s, estas personas tendr\u00e1n acceso a todos nuestros recursos de consulta internos.\r\n<ul>\r\n \t<li>\r\n<h3>Manejo del Dise\u00f1o Gr\u00e1fico<\/h3>\r\n<\/li>\r\n<\/ul>\r\nCuando se requiera dise\u00f1o gr\u00e1fico (DTP), se asignar\u00e1 un gerente espec\u00edfico. Este profesional supervisar\u00e1 a un equipo de dise\u00f1o responsable de entregar todos los documentos traducidos en el formato que corresponde.\r\n<ul>\r\n \t<li>\r\n<h3>Memorias de Traducci\u00f3n<\/h3>\r\n<\/li>\r\n<\/ul>\r\nLos traductores humanos hacen todas nuestras traducciones, y tambi\u00e9n en los proyectos en los que se ha aprobado la posedici\u00f3n, seg\u00fan la calidad del resultado de la traducci\u00f3n autom\u00e1tica, con acuerdo del cliente, nuestros ling\u00fcistas siempre hacen una revisi\u00f3n exhaustiva.\r\n\r\nSeg\u00fan los plazos, utilizamos herramientas de memoria computarizadas para ahorrar tiempo en traducciones de gran volumen revisadas por ling\u00fcistas. Nuestros profesionales encargados de la revisi\u00f3n y correcci\u00f3n eval\u00faan en detalle cada traducci\u00f3n. Tomamos muy en serio los activos ling\u00fc\u00edsticos y no tercerizamos la calidad para ahorrar tiempo.\r\n\r\nSi desea saber m\u00e1s sobre el riguroso proceso de traducci\u00f3n de tres pasos de <em>Trusted Translations<\/em> o sobre otras opciones que podemos ofrecer, comun\u00edquese con nosotros hoy."},"state":{"type":"textfield","raw":""},"city":{"type":"textarea","raw":[]}}},"_links":{"self":[{"href":"https:\/\/www.trustedtranslations.com\/es\/wp-json\/wp\/v2\/pages\/126987","targetHints":{"allow":["GET"]}}],"collection":[{"href":"https:\/\/www.trustedtranslations.com\/es\/wp-json\/wp\/v2\/pages"}],"about":[{"href":"https:\/\/www.trustedtranslations.com\/es\/wp-json\/wp\/v2\/types\/page"}],"author":[{"embeddable":true,"href":"https:\/\/www.trustedtranslations.com\/es\/wp-json\/wp\/v2\/users\/1"}],"replies":[{"embeddable":true,"href":"https:\/\/www.trustedtranslations.com\/es\/wp-json\/wp\/v2\/comments?post=126987"}],"version-history":[{"count":0,"href":"https:\/\/www.trustedtranslations.com\/es\/wp-json\/wp\/v2\/pages\/126987\/revisions"}],"up":[{"embeddable":true,"href":"https:\/\/www.trustedtranslations.com\/es\/wp-json\/wp\/v2\/pages\/127176"}],"wp:featuredmedia":[{"embeddable":true,"href":"https:\/\/www.trustedtranslations.com\/es\/wp-json\/wp\/v2\/media\/139634"}],"wp:attachment":[{"href":"https:\/\/www.trustedtranslations.com\/es\/wp-json\/wp\/v2\/media?parent=126987"}],"curies":[{"name":"wp","href":"https:\/\/api.w.org\/{rel}","templated":true}]}}