{"id":126995,"date":"2018-07-10T15:51:08","date_gmt":"2018-07-10T15:51:08","guid":{"rendered":"https:\/\/www.trustedtranslations.com\/?page_id=126995"},"modified":"2024-09-06T11:44:16","modified_gmt":"2024-09-06T14:44:16","slug":"proyectos-voluminosos","status":"publish","type":"page","link":"https:\/\/www.trustedtranslations.com\/es\/acerca-de-nosotros\/precios\/proyectos-voluminosos","title":{"rendered":"Proyectos Voluminosos"},"content":{"rendered":"","protected":false},"excerpt":{"rendered":"","protected":false},"author":1,"featured_media":139634,"parent":126988,"menu_order":0,"comment_status":"closed","ping_status":"closed","template":"","meta":{"site-sidebar-layout":"default","site-content-layout":"default","ast-site-content-layout":"default","site-content-style":"default","site-sidebar-style":"default","ast-global-header-display":"","ast-banner-title-visibility":"","ast-main-header-display":"","ast-hfb-above-header-display":"","ast-hfb-below-header-display":"","ast-hfb-mobile-header-display":"","site-post-title":"disabled","ast-breadcrumbs-content":"","ast-featured-img":"","footer-sml-layout":"","theme-transparent-header-meta":"default","adv-header-id-meta":"","stick-header-meta":"","header-above-stick-meta":"","header-main-stick-meta":"","header-below-stick-meta":"","astra-migrate-meta-layouts":"set","ast-page-background-enabled":"default","ast-page-background-meta":{"desktop":{"background-color":"var(--ast-global-color-4)","background-image":"","background-repeat":"repeat","background-position":"center center","background-size":"auto","background-attachment":"scroll","background-type":"","background-media":"","overlay-type":"","overlay-color":"","overlay-opacity":"","overlay-gradient":""},"tablet":{"background-color":"","background-image":"","background-repeat":"repeat","background-position":"center center","background-size":"auto","background-attachment":"scroll","background-type":"","background-media":"","overlay-type":"","overlay-color":"","overlay-opacity":"","overlay-gradient":""},"mobile":{"background-color":"","background-image":"","background-repeat":"repeat","background-position":"center center","background-size":"auto","background-attachment":"scroll","background-type":"","background-media":"","overlay-type":"","overlay-color":"","overlay-opacity":"","overlay-gradient":""}},"ast-content-background-meta":{"desktop":{"background-color":"var(--ast-global-color-5)","background-image":"","background-repeat":"repeat","background-position":"center center","background-size":"auto","background-attachment":"scroll","background-type":"","background-media":"","overlay-type":"","overlay-color":"","overlay-opacity":"","overlay-gradient":""},"tablet":{"background-color":"var(--ast-global-color-5)","background-image":"","background-repeat":"repeat","background-position":"center center","background-size":"auto","background-attachment":"scroll","background-type":"","background-media":"","overlay-type":"","overlay-color":"","overlay-opacity":"","overlay-gradient":""},"mobile":{"background-color":"var(--ast-global-color-5)","background-image":"","background-repeat":"repeat","background-position":"center center","background-size":"auto","background-attachment":"scroll","background-type":"","background-media":"","overlay-type":"","overlay-color":"","overlay-opacity":"","overlay-gradient":""}},"footnotes":""},"class_list":["post-126995","page","type-page","status-publish","has-post-thumbnail","hentry"],"yoast_head":"<!-- This site is optimized with the Yoast SEO plugin v27.5 - https:\/\/yoast.com\/product\/yoast-seo-wordpress\/ -->\n<title>Traducci\u00f3n de Gran Volumen: Trusted Translations, Inc.<\/title>\n<meta name=\"description\" content=\"Trusted Translations es un proveedor experimentado de traducciones de gran volumen. Solicite una cotizaci\u00f3n sin cargo o haga una consulta.\" \/>\n<meta name=\"robots\" content=\"index, follow, max-snippet:-1, max-image-preview:large, max-video-preview:-1\" \/>\n<link rel=\"canonical\" href=\"https:\/\/www.trustedtranslations.com\/es\/acerca-de-nosotros\/precios\/proyectos-voluminosos\" \/>\n<meta property=\"og:locale\" content=\"es_ES\" \/>\n<meta property=\"og:type\" content=\"article\" \/>\n<meta property=\"og:title\" content=\"Traducci\u00f3n de Gran Volumen: Trusted Translations, Inc.\" \/>\n<meta property=\"og:description\" content=\"Trusted Translations es un proveedor experimentado de traducciones de gran volumen. Solicite una cotizaci\u00f3n sin cargo o haga una consulta.\" \/>\n<meta property=\"og:url\" content=\"https:\/\/www.trustedtranslations.com\/es\/acerca-de-nosotros\/precios\/proyectos-voluminosos\" \/>\n<meta property=\"og:site_name\" content=\"Trusted Translations\" \/>\n<meta property=\"article:publisher\" content=\"https:\/\/www.facebook.com\/Trusted.Translations\" \/>\n<meta property=\"article:modified_time\" content=\"2024-09-06T14:44:16+00:00\" \/>\n<meta property=\"og:image\" content=\"https:\/\/static.trustedtranslations.com\/wp-content\/uploads\/2022\/03\/TT_NEW_FB-1.png\" \/>\n\t<meta property=\"og:image:width\" content=\"1038\" \/>\n\t<meta property=\"og:image:height\" content=\"1038\" \/>\n\t<meta property=\"og:image:type\" content=\"image\/png\" \/>\n<meta name=\"twitter:card\" content=\"summary_large_image\" \/>\n<meta name=\"twitter:site\" content=\"@TrustedT9ns\" \/>\n<script type=\"application\/ld+json\" class=\"yoast-schema-graph\">{\"@context\":\"https:\\\/\\\/schema.org\",\"@graph\":[{\"@type\":\"WebPage\",\"@id\":\"https:\\\/\\\/www.trustedtranslations.com\\\/es\\\/acerca-de-nosotros\\\/precios\\\/proyectos-voluminosos\",\"url\":\"https:\\\/\\\/www.trustedtranslations.com\\\/es\\\/acerca-de-nosotros\\\/precios\\\/proyectos-voluminosos\",\"name\":\"Traducci\u00f3n de Gran Volumen: Trusted Translations, Inc.\",\"isPartOf\":{\"@id\":\"https:\\\/\\\/www.trustedtranslations.com\\\/es\\\/#website\"},\"primaryImageOfPage\":{\"@id\":\"https:\\\/\\\/www.trustedtranslations.com\\\/es\\\/acerca-de-nosotros\\\/precios\\\/proyectos-voluminosos#primaryimage\"},\"image\":{\"@id\":\"https:\\\/\\\/www.trustedtranslations.com\\\/es\\\/acerca-de-nosotros\\\/precios\\\/proyectos-voluminosos#primaryimage\"},\"thumbnailUrl\":\"https:\\\/\\\/www.trustedtranslations.com\\\/wp-content\\\/uploads\\\/2022\\\/03\\\/TT_NEW_FB-1.png\",\"description\":\"Trusted Translations es un proveedor experimentado de traducciones de gran volumen. Solicite una cotizaci\u00f3n sin cargo o haga una consulta.\",\"breadcrumb\":{\"@id\":\"https:\\\/\\\/www.trustedtranslations.com\\\/es\\\/acerca-de-nosotros\\\/precios\\\/proyectos-voluminosos#breadcrumb\"},\"inLanguage\":\"es\",\"potentialAction\":[{\"@type\":\"ReadAction\",\"target\":[\"https:\\\/\\\/www.trustedtranslations.com\\\/es\\\/acerca-de-nosotros\\\/precios\\\/proyectos-voluminosos\"]}]},{\"@type\":\"ImageObject\",\"inLanguage\":\"es\",\"@id\":\"https:\\\/\\\/www.trustedtranslations.com\\\/es\\\/acerca-de-nosotros\\\/precios\\\/proyectos-voluminosos#primaryimage\",\"url\":\"https:\\\/\\\/www.trustedtranslations.com\\\/wp-content\\\/uploads\\\/2022\\\/03\\\/TT_NEW_FB-1.png\",\"contentUrl\":\"https:\\\/\\\/www.trustedtranslations.com\\\/wp-content\\\/uploads\\\/2022\\\/03\\\/TT_NEW_FB-1.png\",\"width\":1038,\"height\":1038,\"caption\":\"TT NEW FB 1\"},{\"@type\":\"BreadcrumbList\",\"@id\":\"https:\\\/\\\/www.trustedtranslations.com\\\/es\\\/acerca-de-nosotros\\\/precios\\\/proyectos-voluminosos#breadcrumb\",\"itemListElement\":[{\"@type\":\"ListItem\",\"position\":1,\"name\":\"Home\",\"item\":\"https:\\\/\\\/www.trustedtranslations.com\\\/es\"},{\"@type\":\"ListItem\",\"position\":2,\"name\":\"Acerca de Nosotros\",\"item\":\"https:\\\/\\\/www.trustedtranslations.com\\\/es\\\/acerca-de-nosotros\"},{\"@type\":\"ListItem\",\"position\":3,\"name\":\"Precios\",\"item\":\"https:\\\/\\\/www.trustedtranslations.com\\\/es\\\/acerca-de-nosotros\\\/precios\"},{\"@type\":\"ListItem\",\"position\":4,\"name\":\"Proyectos Voluminosos\"}]},{\"@type\":\"WebSite\",\"@id\":\"https:\\\/\\\/www.trustedtranslations.com\\\/es\\\/#website\",\"url\":\"https:\\\/\\\/www.trustedtranslations.com\\\/es\\\/\",\"name\":\"Trusted Translations, Inc.\",\"description\":\"Leader in translation and interpretation services.\",\"publisher\":{\"@id\":\"https:\\\/\\\/www.trustedtranslations.com\\\/es\\\/#organization\"},\"alternateName\":\"Trusted Translations\",\"potentialAction\":[{\"@type\":\"SearchAction\",\"target\":{\"@type\":\"EntryPoint\",\"urlTemplate\":\"https:\\\/\\\/www.trustedtranslations.com\\\/es\\\/?s={search_term_string}\"},\"query-input\":{\"@type\":\"PropertyValueSpecification\",\"valueRequired\":true,\"valueName\":\"search_term_string\"}}],\"inLanguage\":\"es\"},{\"@type\":\"Organization\",\"@id\":\"https:\\\/\\\/www.trustedtranslations.com\\\/es\\\/#organization\",\"name\":\"Trusted Translations\",\"alternateName\":\"Trusted Translations, Inc.\",\"url\":\"https:\\\/\\\/www.trustedtranslations.com\\\/es\\\/\",\"logo\":{\"@type\":\"ImageObject\",\"inLanguage\":\"es\",\"@id\":\"https:\\\/\\\/www.trustedtranslations.com\\\/es\\\/#\\\/schema\\\/logo\\\/image\\\/\",\"url\":\"https:\\\/\\\/static.trustedtranslations.com\\\/wp-content\\\/uploads\\\/2022\\\/01\\\/TT_logo_WSIColors-2.png\",\"contentUrl\":\"https:\\\/\\\/static.trustedtranslations.com\\\/wp-content\\\/uploads\\\/2022\\\/01\\\/TT_logo_WSIColors-2.png\",\"width\":500,\"height\":196,\"caption\":\"Trusted Translations\"},\"image\":{\"@id\":\"https:\\\/\\\/www.trustedtranslations.com\\\/es\\\/#\\\/schema\\\/logo\\\/image\\\/\"},\"sameAs\":[\"https:\\\/\\\/www.facebook.com\\\/Trusted.Translations\",\"https:\\\/\\\/x.com\\\/TrustedT9ns\",\"https:\\\/\\\/www.linkedin.com\\\/company\\\/trusted-translations\"]}]}<\/script>\n<!-- \/ Yoast SEO plugin. -->","yoast_head_json":{"title":"Traducci\u00f3n de Gran Volumen: Trusted Translations, Inc.","description":"Trusted Translations es un proveedor experimentado de traducciones de gran volumen. Solicite una cotizaci\u00f3n sin cargo o haga una consulta.","robots":{"index":"index","follow":"follow","max-snippet":"max-snippet:-1","max-image-preview":"max-image-preview:large","max-video-preview":"max-video-preview:-1"},"canonical":"https:\/\/www.trustedtranslations.com\/es\/acerca-de-nosotros\/precios\/proyectos-voluminosos","og_locale":"es_ES","og_type":"article","og_title":"Traducci\u00f3n de Gran Volumen: Trusted Translations, Inc.","og_description":"Trusted Translations es un proveedor experimentado de traducciones de gran volumen. Solicite una cotizaci\u00f3n sin cargo o haga una consulta.","og_url":"https:\/\/www.trustedtranslations.com\/es\/acerca-de-nosotros\/precios\/proyectos-voluminosos","og_site_name":"Trusted Translations","article_publisher":"https:\/\/www.facebook.com\/Trusted.Translations","article_modified_time":"2024-09-06T14:44:16+00:00","og_image":[{"width":1038,"height":1038,"url":"https:\/\/static.trustedtranslations.com\/wp-content\/uploads\/2022\/03\/TT_NEW_FB-1.png","type":"image\/png"}],"twitter_card":"summary_large_image","twitter_site":"@TrustedT9ns","schema":{"@context":"https:\/\/schema.org","@graph":[{"@type":"WebPage","@id":"https:\/\/www.trustedtranslations.com\/es\/acerca-de-nosotros\/precios\/proyectos-voluminosos","url":"https:\/\/www.trustedtranslations.com\/es\/acerca-de-nosotros\/precios\/proyectos-voluminosos","name":"Traducci\u00f3n de Gran Volumen: Trusted Translations, Inc.","isPartOf":{"@id":"https:\/\/www.trustedtranslations.com\/es\/#website"},"primaryImageOfPage":{"@id":"https:\/\/www.trustedtranslations.com\/es\/acerca-de-nosotros\/precios\/proyectos-voluminosos#primaryimage"},"image":{"@id":"https:\/\/www.trustedtranslations.com\/es\/acerca-de-nosotros\/precios\/proyectos-voluminosos#primaryimage"},"thumbnailUrl":"https:\/\/www.trustedtranslations.com\/wp-content\/uploads\/2022\/03\/TT_NEW_FB-1.png","description":"Trusted Translations es un proveedor experimentado de traducciones de gran volumen. Solicite una cotizaci\u00f3n sin cargo o haga una consulta.","breadcrumb":{"@id":"https:\/\/www.trustedtranslations.com\/es\/acerca-de-nosotros\/precios\/proyectos-voluminosos#breadcrumb"},"inLanguage":"es","potentialAction":[{"@type":"ReadAction","target":["https:\/\/www.trustedtranslations.com\/es\/acerca-de-nosotros\/precios\/proyectos-voluminosos"]}]},{"@type":"ImageObject","inLanguage":"es","@id":"https:\/\/www.trustedtranslations.com\/es\/acerca-de-nosotros\/precios\/proyectos-voluminosos#primaryimage","url":"https:\/\/www.trustedtranslations.com\/wp-content\/uploads\/2022\/03\/TT_NEW_FB-1.png","contentUrl":"https:\/\/www.trustedtranslations.com\/wp-content\/uploads\/2022\/03\/TT_NEW_FB-1.png","width":1038,"height":1038,"caption":"TT NEW FB 1"},{"@type":"BreadcrumbList","@id":"https:\/\/www.trustedtranslations.com\/es\/acerca-de-nosotros\/precios\/proyectos-voluminosos#breadcrumb","itemListElement":[{"@type":"ListItem","position":1,"name":"Home","item":"https:\/\/www.trustedtranslations.com\/es"},{"@type":"ListItem","position":2,"name":"Acerca de Nosotros","item":"https:\/\/www.trustedtranslations.com\/es\/acerca-de-nosotros"},{"@type":"ListItem","position":3,"name":"Precios","item":"https:\/\/www.trustedtranslations.com\/es\/acerca-de-nosotros\/precios"},{"@type":"ListItem","position":4,"name":"Proyectos Voluminosos"}]},{"@type":"WebSite","@id":"https:\/\/www.trustedtranslations.com\/es\/#website","url":"https:\/\/www.trustedtranslations.com\/es\/","name":"Trusted Translations, Inc.","description":"Leader in translation and interpretation services.","publisher":{"@id":"https:\/\/www.trustedtranslations.com\/es\/#organization"},"alternateName":"Trusted Translations","potentialAction":[{"@type":"SearchAction","target":{"@type":"EntryPoint","urlTemplate":"https:\/\/www.trustedtranslations.com\/es\/?s={search_term_string}"},"query-input":{"@type":"PropertyValueSpecification","valueRequired":true,"valueName":"search_term_string"}}],"inLanguage":"es"},{"@type":"Organization","@id":"https:\/\/www.trustedtranslations.com\/es\/#organization","name":"Trusted Translations","alternateName":"Trusted Translations, Inc.","url":"https:\/\/www.trustedtranslations.com\/es\/","logo":{"@type":"ImageObject","inLanguage":"es","@id":"https:\/\/www.trustedtranslations.com\/es\/#\/schema\/logo\/image\/","url":"https:\/\/static.trustedtranslations.com\/wp-content\/uploads\/2022\/01\/TT_logo_WSIColors-2.png","contentUrl":"https:\/\/static.trustedtranslations.com\/wp-content\/uploads\/2022\/01\/TT_logo_WSIColors-2.png","width":500,"height":196,"caption":"Trusted Translations"},"image":{"@id":"https:\/\/www.trustedtranslations.com\/es\/#\/schema\/logo\/image\/"},"sameAs":["https:\/\/www.facebook.com\/Trusted.Translations","https:\/\/x.com\/TrustedT9ns","https:\/\/www.linkedin.com\/company\/trusted-translations"]}]}},"toolset-meta":{"dyk":{"mensaje-1":{"type":"textfield","raw":"Podemos proporcionar glosarios espec\u00edficos por industria para ayudar a acelerar un proyecto de traducci\u00f3n."},"mensaje-2":{"type":"textfield","raw":""},"mensaje-3":{"type":"textfield","raw":""},"mensaje-4":{"type":"textfield","raw":""},"mensaje-5":{"type":"textfield","raw":""},"mensaje-6":{"type":"textfield","raw":""}},"single-page-template-fields":{"imgs-temp":{"type":"image","raw":["https:\/\/static.trustedtranslations.com\/wp-content\/uploads\/2024\/07\/Group-111-1.webp","https:\/\/static.trustedtranslations.com\/wp-content\/uploads\/2024\/07\/Group-110-1.webp"],"repeatable":[{"raw":"https:\/\/static.trustedtranslations.com\/wp-content\/uploads\/2024\/07\/Group-111-1.webp"},{"raw":"https:\/\/static.trustedtranslations.com\/wp-content\/uploads\/2024\/07\/Group-110-1.webp"}]},"imgs-temp-cel":{"type":"image","raw":[""],"repeatable":[{"raw":""}]},"img-temp-one-cel":{"type":"image","raw":"https:\/\/static.trustedtranslations.com\/wp-content\/uploads\/2024\/07\/AdobeStock_364094736-2-1.webp","attachment_id":null},"quotes":{"type":"textarea","raw":"<h1 style=\"margin-bottom: 12px;\">Traducci\u00f3n de Proyectos Voluminosos<\/h1>\r\nEn <em>Trusted Translations<\/em>, contamos con a\u00f1os de experiencia en la prestaci\u00f3n de servicios profesionales de traducci\u00f3n de proyectos voluminosos. Nos especializamos en soluciones de grandes proyectos de traducci\u00f3n, donde implementamos un proceso minucioso, con un enfoque en el campo espec\u00edfico de experiencia y terminolog\u00eda de nuestros clientes para garantizar precisi\u00f3n, consistencia, respuesta r\u00e1pida y tarifas muy competitivas.\r\n<div style=\"margin-top: 2.5vw;\"><a class=\"tt-btn-main-cta\" href=\"https:\/\/www.trustedtranslations.com\/es\/presupuesto-sin-cargo\">Solicite un presupuesto sin cargo<\/a><\/div>"},"text-1":{"type":"textarea","raw":"<h2><span class=\"TextRun SCXW143701897 BCX9\" lang=\"EN-US\" xml:lang=\"EN-US\" data-contrast=\"auto\"><span class=\"NormalTextRun SCXW143701897 BCX9\">Flujos de Trabajo Impulsados por la Tecnolog\u00eda<\/span><\/span><span class=\"EOP SCXW143701897 BCX9\" data-ccp-props=\"{\"201341983\":0,\"335559739\":160,\"335559740\":259}\">\u00a0<\/span><\/h2>\r\nEn la \u00faltima d\u00e9cada, se han logrado grandes avances en <a href=\"https:\/\/www.trustedtranslations.com\/es\/servicios\/automatica\" target=\"_blank\" rel=\"noopener\">las tecnolog\u00edas de traducci\u00f3n autom\u00e1tica (MT)<\/a>. Aunque no siempre son aplicables, los flujos de trabajo de MT brindan una buena soluci\u00f3n al desaf\u00edo de procesar el contenido de proyectos voluminosos.\r\n\r\nOtra clave para procesar con \u00e9xito el contenido de proyectos voluminosos es tener buenos recursos de traducci\u00f3n. Se necesita tiempo para desarrollar una memoria de traducci\u00f3n (TM) espec\u00edfica del cliente y esto muestra los beneficios de aprovechar el contenido procesado anteriormente.\r\n\r\nComo primer paso y una parte crucial del alcance del trabajo, puede desarrollarse un glosario (base terminol\u00f3gica) espec\u00edfico del proyecto. Posteriormente, los glosarios pueden completarse para convertirse en bases de datos espec\u00edficas del cliente con la terminolog\u00eda preferida. Una alternativa son los glosarios espec\u00edficos por dominio, que se pueden usar desde el principio, sin tener que esperar para comenzar un proyecto cuando el tiempo tambi\u00e9n es esencial.\r\n<h2>Desarrollo de Glosarios<\/h2>\r\nEl proceso de creaci\u00f3n del glosario est\u00e1 dirigido por un gerente de contenido, que no solo es responsable de crear esta herramienta de referencia, sino tambi\u00e9n de distribuirla entre los equipos ling\u00fc\u00edsticos y mantenerla a lo largo del tiempo.\r\n\r\nCuando el cliente aprueba un glosario reci\u00e9n creado, el coordinador del proyecto env\u00eda el texto, el glosario y cualquier consideraci\u00f3n especial que deba tenerse en cuenta durante el proceso de traducci\u00f3n a su equipo de traductores expertos en ese campo espec\u00edfico.\r\n\r\nUna vez traducidos, los documentos pasan, a trav\u00e9s del coordinador del proyecto, al equipo de edici\u00f3n para una revisi\u00f3n detallada. Los editores comparar\u00e1n el texto traducido con el texto original segmento por segmento para garantizar la precisi\u00f3n, as\u00ed como el uso correcto y coherente de las reglas gramaticales, la ortograf\u00eda, la sintaxis, la terminolog\u00eda y el estilo.<img class=\"wp-image-148492 alignleft\" src=\"https:\/\/static.trustedtranslations.com\/wp-content\/uploads\/2022\/05\/AdobeStock_402004021-1-1-300x206.jpg\" alt=\"\" width=\"500\" height=\"344\" \/>\r\n\r\nTan pronto como el coordinador del proyecto haya terminado de revisar los cambios que implementaron los editores, el texto se enviar\u00e1 al gerente de contenido. El gerente de contenido (con habilidades ling\u00fc\u00edsticas en el idioma de origen y de destino de ese proyecto), experto en ese tema, se centrar\u00e1 principalmente en revisar la terminolog\u00eda para verificar la precisi\u00f3n t\u00e9cnica. Adem\u00e1s de verificar dos veces la fidelidad del contenido traducido, el gerente de contenido tambi\u00e9n confirmar\u00e1 que el documento no contenga errores gramaticales u ortogr\u00e1ficos menores.\r\n\r\nUna vez que el gerente de contenido ha completado la revisi\u00f3n final, el texto traducido se devuelve al coordinador del proyecto para una evaluaci\u00f3n de calidad final. El coordinador del proyecto revisa la traducci\u00f3n final y el glosario actualizado antes de enviar los archivos al ejecutivo de cuenta y autorizar la entrega del proyecto."},"shortcode-map":{"type":"textfield","raw":""},"dyk-shortcode":{"type":"textfield","raw":"[elementor-template id=\"139368\"]"},"text-2":{"type":"textarea","raw":"<h2>Tiempos Estimados de Producci\u00f3n y Entrega<\/h2>\r\nComo ya se mencion\u00f3 en nuestra p\u00e1gina de <a href=\"https:\/\/www.trustedtranslations.com\/es\/acerca-de-nosotros\/precios\" target=\"_blank\" rel=\"noopener\">Precios de Traducci\u00f3n<\/a>, los requisitos de tiempo de entrega (TAT) se convierten en otro componente clave para la fijaci\u00f3n de precios. A continuaci\u00f3n, se enumeran los tiempos de entrega normales sugeridos, con la debida notificaci\u00f3n para alinear recursos en funci\u00f3n del n\u00famero total de palabras. Estos tiempos de entrega r\u00e1pidos tambi\u00e9n pueden verse afectados por la brecha horaria relacionada con la ubicaci\u00f3n de nuestros recursos en ciertos pares de idiomas espec\u00edficos (por ejemplo, idiomas asi\u00e1ticos o de Medio Oriente):\r\n<h2>TAT Estimado para Soluciones de Traducci\u00f3n y Revisi\u00f3n<\/h2>\r\nEstos c\u00e1lculos son estimaciones que tienen en cuenta el uso de m\u00e1s de un ling\u00fcista; los n\u00fameros se pueden reducir significativamente cuando se incluye un paso basado en MT en el flujo de trabajo.\r\n\r\n<strong>Entre 0 y 10,000 palabras:<\/strong>\r\n\r\n1 d\u00eda\r\n\r\n<strong>Entre 10,000 y 100,000 palabras:<\/strong>\r\n\r\n5 d\u00edas\r\n\r\n<strong>Entre 100,000 y 200,000 palabras:<\/strong>\r\n\r\n7 d\u00edas\r\n\r\n<strong>Entre 200,000 y 500,000 palabras:<\/strong>\r\n\r\n10 d\u00edas\r\n\r\n<strong>Entre 500,000 y 1,000,000 de palabras:<\/strong>\r\n\r\n15 d\u00edas\r\n\r\n<strong>Entre 1,000,000 y 2,000,000 de palabras:<\/strong>\r\n\r\n30 d\u00edas\r\n\r\n<strong>Entre 2,000,000 y 5,000,000 de palabras:<\/strong>\r\n\r\nde 45 a 60 d\u00edas\r\n\r\n<strong>M\u00e1s de 5,000,000 de palabras:<\/strong>\r\n\r\nse discute con el cliente\r\n<h2>Calidad de la Traducci\u00f3n de Proyectos Grandes<\/h2>\r\nNuestro riguroso y exhaustivo proceso de revisi\u00f3n editorial y t\u00e9cnica asegura precisi\u00f3n, uniformidad e idoneidad absolutas del material traducido. Supera todas las normas internacionales, incluida la ISO 9001:2000. <em>Trusted Translations<\/em> certificar\u00e1 que cada traducci\u00f3n cumpla la norma <a href=\"https:\/\/www.trustedtranslations.com\/es\/acerca-de-nosotros\/certificaciones\" target=\"_blank\" rel=\"noopener\">ISO<\/a>, de acuerdo con las normas y reglamentos est\u00e1ndar internacionales, seg\u00fan se requiera."},"state":{"type":"textfield","raw":""},"city":{"type":"textarea","raw":[]}}},"_links":{"self":[{"href":"https:\/\/www.trustedtranslations.com\/es\/wp-json\/wp\/v2\/pages\/126995","targetHints":{"allow":["GET"]}}],"collection":[{"href":"https:\/\/www.trustedtranslations.com\/es\/wp-json\/wp\/v2\/pages"}],"about":[{"href":"https:\/\/www.trustedtranslations.com\/es\/wp-json\/wp\/v2\/types\/page"}],"author":[{"embeddable":true,"href":"https:\/\/www.trustedtranslations.com\/es\/wp-json\/wp\/v2\/users\/1"}],"replies":[{"embeddable":true,"href":"https:\/\/www.trustedtranslations.com\/es\/wp-json\/wp\/v2\/comments?post=126995"}],"version-history":[{"count":0,"href":"https:\/\/www.trustedtranslations.com\/es\/wp-json\/wp\/v2\/pages\/126995\/revisions"}],"up":[{"embeddable":true,"href":"https:\/\/www.trustedtranslations.com\/es\/wp-json\/wp\/v2\/pages\/126988"}],"wp:featuredmedia":[{"embeddable":true,"href":"https:\/\/www.trustedtranslations.com\/es\/wp-json\/wp\/v2\/media\/139634"}],"wp:attachment":[{"href":"https:\/\/www.trustedtranslations.com\/es\/wp-json\/wp\/v2\/media?parent=126995"}],"curies":[{"name":"wp","href":"https:\/\/api.w.org\/{rel}","templated":true}]}}